{"id":3,"date":"2020-11-25T10:46:22","date_gmt":"2020-11-25T07:46:22","guid":{"rendered":"https:\/\/avrupacerrahi.com.tr\/sd\/?page_id=3"},"modified":"2026-04-25T10:56:57","modified_gmt":"2026-04-25T07:56:57","slug":"privacy-policy","status":"publish","type":"page","link":"https:\/\/avrupacerrahi.net\/al\/privacy-policy\/","title":{"rendered":"Privacy Policy"},"content":{"rendered":"<p>[vc_row][vc_column][vc_column_text]<\/p>\n<ul>\n<li>P\u00ebr t\u00eb p\u00ebrmir\u00ebsuar sh\u00ebrbimet q\u00eb ju ofrohen duke rritur funksionalitetin dhe performanc\u00ebn e faqes s\u00eb internetit,<\/li>\n<\/ul>\n<p>&nbsp;<\/p>\n<ul>\n<li>P\u00ebr t\u00eb p\u00ebrmir\u00ebsuar faqen e internetit dhe p\u00ebr t\u00eb ofruar funksione t\u00eb reja p\u00ebrmes saj, si dhe p\u00ebr t\u00eb personalizuar funksionet e ofruara sipas preferencave tuaja;<\/li>\n<\/ul>\n<p>&nbsp;<\/p>\n<ul>\n<li>P\u00ebr t\u00eb siguruar sigurin\u00eb ligjore dhe tregtare t\u00eb faqes s\u00eb internetit, t\u00eb juve dhe t\u00eb Kompanis\u00eb son\u00eb.<\/li>\n<\/ul>\n<h2>&nbsp;<\/h2>\n<h1>1.8 \u00c7far\u00eb lloj cookies p\u00ebrdorim?<\/h1>\n<p><strong>&nbsp;<\/strong><\/p>\n<p>Ashtu si shumica e sh\u00ebrbimeve online, faqja jon\u00eb e internetit p\u00ebrdor cookies t\u00eb pal\u00ebs s\u00eb par\u00eb dhe t\u00eb tret\u00eb p\u00ebr nj\u00eb s\u00ebr\u00eb q\u00ebllimesh. Cookies e pal\u00ebs s\u00eb par\u00eb jan\u00eb kryesisht t\u00eb nevojshme p\u00ebr funksionimin e duhur t\u00eb faqes dhe nuk mbledhin t\u00eb dh\u00ebna personale identifikuese.<\/p>\n<p><strong>Baz\u00eb:<\/strong><\/p>\n<p>Disa cookies jan\u00eb t\u00eb detyrueshme p\u00ebr t\u00eb p\u00ebrjetuar funksionalitetin e plot\u00eb t\u00eb faqes son\u00eb t\u00eb internetit. Ato na lejojn\u00eb t\u00eb ruajm\u00eb sesionet e p\u00ebrdoruesve dhe t\u00eb parandalojm\u00eb k\u00ebrc\u00ebnimet e siguris\u00eb. Nuk mbledhin apo ruajn\u00eb informacion personal. P\u00ebr shembull, k\u00ebto cookies ju mund\u00ebsojn\u00eb t\u00eb hyni n\u00eb llogarin\u00eb tuaj dhe t\u00eb kryeni veprime n\u00eb m\u00ebnyr\u00eb t\u00eb sigurt.<\/p>\n<p>&nbsp;<\/p>\n<p><strong>Statistika:<\/strong> K\u00ebto cookies ruajn\u00eb informacion si numri i vizitor\u00ebve n\u00eb faqen e internetit, numri i vizitor\u00ebve unik\u00eb, cilat faqe jan\u00eb vizituar, burimi i vizit\u00ebs, etj. K\u00ebto t\u00eb dh\u00ebna na ndihmojn\u00eb t\u00eb analizojm\u00eb performanc\u00ebn e faqes dhe t\u00eb identifikojm\u00eb p\u00ebrmir\u00ebsimet e nevojshme.<\/p>\n<p>&nbsp;<\/p>\n<p><strong>Marketing:<\/strong> Faqja jon\u00eb shfaq reklama. K\u00ebto cookies p\u00ebrdoren p\u00ebr t\u00eb personalizuar reklamat q\u00eb ju shfaqen n\u00eb m\u00ebnyr\u00eb q\u00eb t\u00eb jen\u00eb t\u00eb dobishme p\u00ebr ju dhe p\u00ebr t\u00eb ndjekur efektivitetin e fushatave.<\/p>\n<p>&nbsp;<\/p>\n<p>Informacioni i ruajtur n\u00eb k\u00ebto cookies mund t\u00eb p\u00ebrdoret gjithashtu nga ofruesit e reklamave t\u00eb pal\u00ebve t\u00eb treta p\u00ebr t\u2019ju shfaqur reklama n\u00eb faqe t\u00eb tjera.<\/p>\n<p>&nbsp;<\/p>\n<p><strong>Funksionale:<\/strong> K\u00ebto jan\u00eb cookies q\u00eb ndihmojn\u00eb funksione jo thelb\u00ebsore t\u00eb faqes son\u00eb, si integrimi i videove ose ndarja e p\u00ebrmbajtjes n\u00eb rrjetet sociale.<\/p>\n<p>&nbsp;<\/p>\n<p><strong>Preferencat:<\/strong> K\u00ebto cookies ndihmojn\u00eb n\u00eb ruajtjen e cil\u00ebsimeve tuaja dhe preferencave t\u00eb shfletimit, si p\u00ebr shembull preferencat e gjuh\u00ebs, n\u00eb m\u00ebnyr\u00eb q\u00eb t\u00eb keni nj\u00eb p\u00ebrvoj\u00eb m\u00eb t\u00eb mir\u00eb n\u00eb vizitat e ardhshme.<\/p>\n<p>&nbsp;<\/p>\n<p>Cookies e p\u00ebrdorura dhe q\u00ebllimet e p\u00ebrdorimit t\u00eb tyre:<\/p>\n<p>&nbsp;<\/p>\n<h1>1.9 Si mund t\u00eb kontrolloj preferencat e cookies?<\/h1>\n<p><strong>&nbsp;<\/strong><\/p>\n<p>P\u00ebrve\u00e7 k\u00ebsaj, shfletues t\u00eb ndrysh\u00ebm ofrojn\u00eb metoda t\u00eb ndryshme p\u00ebr t\u00eb bllokuar dhe fshir\u00eb cookies t\u00eb p\u00ebrdorura nga faqet e internetit. Ju mund t\u00eb ndryshoni cil\u00ebsimet e shfletuesit tuaj p\u00ebr t\u00eb bllokuar ose fshir\u00eb cookies. P\u00ebr t\u00eb m\u00ebsuar m\u00eb shum\u00eb rreth menaxhimit dhe fshirjes s\u00eb cookies, vizitoni wikipedia.org dhe www.allaboutcookies.org.<\/p>\n<ul>\n<li>To improve the services offered to you by improving the functionality and performance of the website,<\/li>\n<\/ul>\n<p>&nbsp;<\/p>\n<ul>\n<li>P\u00ebr t\u00eb p\u00ebrmir\u00ebsuar faqen e internetit dhe p\u00ebr t\u00eb ofruar funksione t\u00eb reja p\u00ebrmes saj, si dhe p\u00ebr t\u00eb personalizuar funksionet e ofruara sipas preferencave tuaja;<\/li>\n<\/ul>\n<p>&nbsp;<\/p>\n<ul>\n<li>P\u00ebr t\u00eb siguruar sigurin\u00eb ligjore dhe tregtare t\u00eb faqes s\u00eb internetit, t\u00eb juve dhe t\u00eb Kompanis\u00eb son\u00eb.<\/li>\n<\/ul>\n<h2>&nbsp;<\/h2>\n<h1>1.8 \u00c7far\u00eb lloj cookies p\u00ebrdorim?<\/h1>\n<p><strong>&nbsp;<\/strong><\/p>\n<p>Ashtu si shumica e sh\u00ebrbimeve online, faqja jon\u00eb e internetit p\u00ebrdor cookies t\u00eb pal\u00ebs s\u00eb par\u00eb dhe t\u00eb tret\u00eb p\u00ebr nj\u00eb s\u00ebr\u00eb q\u00ebllimesh. Cookies e pal\u00ebs s\u00eb par\u00eb jan\u00eb kryesisht t\u00eb nevojshme p\u00ebr funksionimin e duhur t\u00eb faqes dhe nuk mbledhin t\u00eb dh\u00ebna personale q\u00eb mund t\u2019ju identifikojn\u00eb.<\/p>\n<p><strong>Baz\u00eb:<\/strong><\/p>\n<p>Disa cookies jan\u00eb t\u00eb detyrueshme q\u00eb ju t\u00eb p\u00ebrjetoni funksionalitetin e plot\u00eb t\u00eb faqes son\u00eb t\u00eb internetit. Ato na lejojn\u00eb t\u00eb ruajm\u00eb sesionet e p\u00ebrdoruesve dhe t\u00eb parandalojm\u00eb k\u00ebrc\u00ebnimet e siguris\u00eb. Nuk mbledhin ose ruajn\u00eb informacione personale. P\u00ebr shembull, k\u00ebto cookies ju mund\u00ebsojn\u00eb t\u00eb hyni n\u00eb llogarin\u00eb tuaj dhe t\u00eb kryeni veprime n\u00eb m\u00ebnyr\u00eb t\u00eb sigurt.<\/p>\n<p>&nbsp;<\/p>\n<p><strong>Statistika:<\/strong> K\u00ebto cookies ruajn\u00eb informacion si numri i vizitor\u00ebve n\u00eb faqen e internetit, numri i vizitor\u00ebve unik\u00eb, cilat faqe jan\u00eb vizituar, burimi i vizit\u00ebs, etj. K\u00ebto t\u00eb dh\u00ebna na ndihmojn\u00eb t\u00eb analizojm\u00eb sa mir\u00eb funksionon faqja dhe ku ka nevoj\u00eb p\u00ebr p\u00ebrmir\u00ebsim.<\/p>\n<p>&nbsp;<\/p>\n<p><strong>Marketing:<\/strong> Faqja jon\u00eb shfaq reklama. K\u00ebto cookies p\u00ebrdoren p\u00ebr t\u00eb personalizuar reklamat q\u00eb ju shfaqen n\u00eb m\u00ebnyr\u00eb q\u00eb t\u00eb jen\u00eb t\u00eb dobishme p\u00ebr ju. K\u00ebto cookies gjithashtu na ndihmojn\u00eb t\u00eb ndjekim efektivitetin e fushatave.<\/p>\n<p>&nbsp;<\/p>\n<p>Informacioni i ruajtur n\u00eb k\u00ebto cookies mund t\u00eb p\u00ebrdoret gjithashtu nga ofruesit e reklamave t\u00eb pal\u00ebve t\u00eb treta p\u00ebr t\u2019ju shfaqur reklama n\u00eb faqe t\u00eb tjera n\u00eb shfletuesin tuaj.<\/p>\n<p>&nbsp;<\/p>\n<p><strong>Funksionale:<\/strong> K\u00ebto jan\u00eb cookies q\u00eb ndihmojn\u00eb n\u00eb disa funksione jo thelb\u00ebsore t\u00eb faqes son\u00eb. K\u00ebto funksione p\u00ebrfshijn\u00eb integrimin e p\u00ebrmbajtjeve si video ose ndarjen e p\u00ebrmbajtjes n\u00eb rrjete sociale.<\/p>\n<p>&nbsp;<\/p>\n<p><strong>Preferencat:<\/strong> K\u00ebto cookies ndihmojn\u00eb n\u00eb ruajtjen e cil\u00ebsimeve dhe preferencave tuaja t\u00eb shfletimit, si p.sh. preferencat e gjuh\u00ebs, n\u00eb m\u00ebnyr\u00eb q\u00eb t\u00eb keni nj\u00eb p\u00ebrvoj\u00eb m\u00eb t\u00eb mir\u00eb n\u00eb vizitat e ardhshme.<\/p>\n<p>&nbsp;<\/p>\n<p>Cookies e p\u00ebrdorura dhe q\u00ebllimet e p\u00ebrdorimit t\u00eb tyre:<\/p>\n<p>&nbsp;<\/p>\n<h1>1.9 Si mund t\u00eb kontrolloj preferencat e cookies?<\/h1>\n<p><strong>&nbsp;<\/strong><\/p>\n<p>P\u00ebrve\u00e7 k\u00ebsaj, shfletues t\u00eb ndrysh\u00ebm ofrojn\u00eb metoda t\u00eb ndryshme p\u00ebr t\u00eb bllokuar dhe fshir\u00eb cookies t\u00eb p\u00ebrdorura nga faqet e internetit. Ju mund t\u00eb ndryshoni cil\u00ebsimet e shfletuesit tuaj p\u00ebr t\u00eb bllokuar\/fshir\u00eb cookies. P\u00ebr t\u00eb m\u00ebsuar m\u00eb shum\u00eb rreth menaxhimit dhe fshirjes s\u00eb cookies, vizitoni <a href=\"http:\/\/wikipedia.org\/\">wikipedia.org<\/a> dhe <a href=\"http:\/\/www.allaboutcookies.org\/\">www.allaboutcookies.org<\/a>.<\/p>\n<ul>\n<li><strong>Llojet e Cookies t\u00eb p\u00ebrdorura n\u00eb faqen ton\u00eb<\/strong><\/li>\n<\/ul>\n<p><strong>&nbsp;<\/strong><\/p>\n<table>\n<tbody>\n<tr>\n<td width=\"156\">\n<p>Cookies t\u00eb Sesionit<\/p>\n<p><em>(Session Cookies)<\/em><\/p>\n<\/td>\n<td width=\"448\">\n<p>Cookies e sesionit jan\u00eb cookies t\u00eb p\u00ebrkohshme q\u00eb p\u00ebrdoren gjat\u00eb vizit\u00ebs s\u00eb p\u00ebrdoruesve n\u00eb faqen e internetit dhe fshihen pasi mbyllet shfletuesi.<\/p>\n<p>Q\u00ebllimi kryesor i p\u00ebrdorimit t\u00eb k\u00ebtyre cookies \u00ebsht\u00eb t\u00eb sigurojn\u00eb funksionimin e duhur t\u00eb faqes gjat\u00eb vizit\u00ebs suaj.<\/p>\n<p>P\u00ebr shembull, mund\u00ebsojn\u00eb plot\u00ebsimin e formular\u00ebve online me m\u00eb shum\u00eb se nj\u00eb faqe.<\/p>\n<\/td>\n<\/tr>\n<tr>\n<td width=\"156\">\n<p>Cookies t\u00eb P\u00ebrhershme<\/p>\n<p><em>(Persistent Cookies)<\/em><\/p>\n<\/td>\n<td width=\"448\">\n<p>Cookies e p\u00ebrhershme p\u00ebrmir\u00ebsojn\u00eb funksionalitetin e faqes s\u00eb internetit dhe p\u00ebrdoren p\u00ebr t\u00eb ofruar nj\u00eb sh\u00ebrbim m\u00eb t\u00eb shpejt\u00eb dhe m\u00eb t\u00eb mir\u00eb p\u00ebr vizitor\u00ebt tan\u00eb.<\/p>\n<p>K\u00ebto cookies p\u00ebrdoren p\u00ebr t\u00eb ruajtur preferencat tuaja dhe ruhen n\u00eb pajisjen tuaj p\u00ebrmes shfletuesit.<\/p>\n<p>Disa lloje t\u00eb cookies t\u00eb p\u00ebrhershme mund t\u00eb p\u00ebrdoren p\u00ebr t\u2019ju ofruar rekomandime t\u00eb personalizuara bazuar n\u00eb m\u00ebnyr\u00ebn tuaj t\u00eb p\u00ebrdorimit t\u00eb faqes.<\/p>\n<p>Fal\u00eb k\u00ebtyre cookies, n\u00ebse vizitoni p\u00ebrs\u00ebri faqen ton\u00eb me t\u00eb nj\u00ebjt\u00ebn pajisje, do t\u00eb kontrollohet n\u00ebse ekziston nj\u00eb cookie i krijuar m\u00eb par\u00eb dhe p\u00ebrmbajtja do t\u00eb p\u00ebrshtatet p\u00ebr ju.<\/p>\n<\/td>\n<\/tr>\n<\/tbody>\n<\/table>\n<p><strong>&nbsp;<\/strong><\/p>\n<ul>\n<li><strong>Cookies t\u00eb p\u00ebrdorura n\u00eb faqen ton\u00eb<\/strong><\/li>\n<\/ul>\n<p><strong>&nbsp;<\/strong><strong>&nbsp;<\/strong><\/p>\n<table>\n<tbody>\n<tr>\n<td width=\"177\">Cookies Teknike (<em>Technical Cookies<\/em>)<\/td>\n<td width=\"418\">Cookies teknike p\u00ebrdoren p\u00ebr t\u00eb siguruar funksionimin e faqes s\u00eb internetit dhe p\u00ebr t\u00eb identifikuar faqet dhe zonat q\u00eb nuk funksionojn\u00eb si\u00e7 duhet.<\/td>\n<\/tr>\n<tr>\n<td width=\"177\">Cookies t\u00eb Autentifikimit (<em>Authentication Cookies<\/em>)<\/td>\n<td width=\"418\">\n<p>Vizitor\u00ebt mund t\u00eb hyjn\u00eb n\u00eb faqen e internetit duke p\u00ebrdorur fjal\u00ebkalimin e tyre.<\/p>\n<p>N\u00eb k\u00ebt\u00eb rast, p\u00ebrmes k\u00ebtyre cookies, vizitori njihet si p\u00ebrdorues i faqes n\u00eb \u00e7do faqe q\u00eb viziton,<\/p>\n<p>duke parandaluar nevoj\u00ebn p\u00ebr t\u00eb futur fjal\u00ebkalimin n\u00eb \u00e7do faqe.<\/p>\n<\/td>\n<\/tr>\n<\/tbody>\n<\/table>\n<p><strong>&nbsp;<\/strong><\/p>\n<table>\n<tbody>\n<tr>\n<td width=\"176\">\n<p>Flash Cookies<\/p>\n<p>(<em>Flash Cookies<\/em>)<\/p>\n<\/td>\n<td width=\"419\">K\u00ebto jan\u00eb lloje cookies q\u00eb p\u00ebrdoren p\u00ebr t\u00eb aktivizuar p\u00ebrmbajtje vizuale ose audio n\u00eb faqen e internetit.<\/td>\n<\/tr>\n<tr>\n<td width=\"176\">\n<p>Cookies t\u00eb Personalizimit<\/p>\n<p><strong>&nbsp;<\/strong><\/p>\n<p>(<em>Customization Cookies<\/em>)<\/p>\n<\/td>\n<td width=\"419\">\n<p>Preferencat e p\u00ebrdoruesve jan\u00eb t\u00eb ndryshme p\u00ebr faqe t\u00eb ndryshme interneti.<\/p>\n<p>K\u00ebto cookies p\u00ebrdoren p\u00ebr t\u00eb kujtuar zgjedhjet tuaja edhe kur vizitoni p\u00ebrs\u00ebri faqen. P\u00ebr shembull, ruajtja e preferenc\u00ebs s\u00eb gjuh\u00ebs.<\/p>\n<\/td>\n<\/tr>\n<tr>\n<td width=\"176\">\n<p>Cookies Analitike<\/p>\n<p>(<em>Analytical Cookies<\/em>)<\/p>\n<\/td>\n<td width=\"419\">\n<p>K\u00ebto cookies p\u00ebrdoren p\u00ebr t\u00eb analizuar numrin e vizitor\u00ebve, faqet e vizituara, koh\u00ebn e q\u00ebndrimit dhe l\u00ebvizjet n\u00eb faqe,<\/p>\n<p>dhe p\u00ebr t\u00eb gjeneruar t\u00eb dh\u00ebna analitike mbi performanc\u00ebn e faqes.<\/p>\n<\/td>\n<\/tr>\n<\/tbody>\n<\/table>\n<p><strong>&nbsp;<\/strong><strong>&nbsp;<\/strong><\/p>\n<ul>\n<li><strong>A mund t\u00eb bllokohet p\u00ebrdorimi i cookies nga p\u00ebrdoruesit?<\/strong><\/li>\n<\/ul>\n<p><strong>&nbsp;<\/strong><\/p>\n<p>Ju keni mund\u00ebsin\u00eb t\u00eb personalizoni preferencat tuaja n\u00eb lidhje me cookies duke ndryshuar cil\u00ebsimet e shfletuesit tuaj.<\/p>\n<p>&nbsp;<\/p>\n<table>\n<tbody>\n<tr>\n<td width=\"113\">Adobe Analytics<\/td>\n<td width=\"500\"><a href=\"http:\/\/www.adobe.com\/uk\/privacy\/opt-out.html\"><strong>http:\/\/www.adobe.com\/uk\/privacy\/opt-out.html<\/strong><\/a><\/td>\n<\/tr>\n<tr>\n<td width=\"113\">AOL<\/td>\n<td width=\"500\">\n<a href=\"https:\/\/help.aol.com\/articles\/restore-security-settings-and-enable-cookie-settings-on-browser\"><strong>https:\/\/help.aol.com\/articles\/restore-security-settings-and-enable-cookie-settings-on-browser<\/strong><\/a>\n<\/td>\n<\/tr>\n<tr>\n<td width=\"113\">Google Adwords<\/td>\n<td width=\"500\"><a href=\"https:\/\/support.google.com\/ads\/answer\/2662922?hl=en\"><strong>https:\/\/support.google.com\/ads\/answer\/2662922?hl=en<\/strong><\/a><\/td>\n<\/tr>\n<tr>\n<td width=\"113\">Google Analytics<\/td>\n<td width=\"500\"><a href=\"https:\/\/tools.google.com\/dlpage\/gaoptout\"><strong>https:\/\/tools.google.com\/dlpage\/gaoptout<\/strong><\/a><\/td>\n<\/tr>\n<tr>\n<td width=\"113\">\n<p>Google Chrome<\/p>\n<\/td>\n<td width=\"500\">\n<a href=\"http:\/\/www.google.com\/support\/chrome\/bin\/answer.py?hl=en&amp;answer=95647\"><strong>http:\/\/www.google.com\/support\/chrome\/bin\/answer.py?hl=en&amp;answer=95647<\/strong><\/a>\n<\/td>\n<\/tr>\n<tr>\n<td width=\"113\">Internet Explorer<\/td>\n<td width=\"500\">\n<a href=\"https:\/\/support.microsoft.com\/en-us\/help\/17442\/windows-internet-explorer-delete-manage-cookies\"><strong>https:\/\/support.microsoft.com\/en-us\/help\/17442\/windows-internet-explorer-delete-manage-cookies<\/strong><\/a>\n<\/td>\n<\/tr>\n<tr>\n<td width=\"113\">\n<p>Mozilla Firefox<\/p>\n<\/td>\n<td width=\"500\">\n<a href=\"http:\/\/support.mozilla.com\/en-US\/kb\/Cookies\"><strong>http:\/\/support.mozilla.com\/en-US\/kb\/Cookies<\/strong><\/a>\n<\/td>\n<\/tr>\n<tr>\n<td width=\"113\">\n<p>&nbsp;<\/p>\n<p>Opera<\/p>\n<\/td>\n<td width=\"500\"><a href=\"http:\/\/www.opera.com\/browser\/tutorials\/security\/privacy\/\"><strong>http:\/\/www.opera.com\/browser\/tutorials\/security\/privacy\/<\/strong><\/a><\/td>\n<\/tr>\n<tr>\n<td width=\"113\">Safari<\/td>\n<td width=\"500\"><a href=\"https:\/\/support.apple.com\/kb\/ph19214?locale=tr_TR\"><strong>https:\/\/support.apple.com\/kb\/ph19214?locale=tr_TR<\/strong><\/a><\/td>\n<\/tr>\n<\/tbody>\n<\/table>\n<h2>&nbsp;<\/h2>\n<h1>1.13 Zbatimi i Politik\u00ebs s\u00eb Privat\u00ebsis\u00eb s\u00eb Faqes s\u00eb Internetit<\/h1>\n<p><strong>&nbsp;<\/strong><\/p>\n<p>Politika e Privat\u00ebsis\u00eb s\u00eb Faqes s\u00eb Internetit \u00ebsht\u00eb e dat\u00ebs 13.06.2018. N\u00eb rast se t\u00eb gjitha ose disa nene t\u00eb Politik\u00ebs p\u00ebrdit\u00ebsohen, data e hyrjes n\u00eb fuqi do t\u00eb p\u00ebrdit\u00ebsohet.<\/p>\n<p>&nbsp;<\/p>\n<p>Politika publikohet n\u00eb faqen e internetit t\u00eb Kompanis\u00eb (https:\/\/avrupacerrahi.net\/al) dhe t\u00eb dh\u00ebnat personale<\/p>\n<p>vihen n\u00eb dispozicion t\u00eb personave p\u00ebrkat\u00ebs me k\u00ebrkes\u00eb.<\/p>\n<p>&nbsp;<\/p>\n<p>Informacion i detajuar mbi p\u00ebrpunimin e t\u00eb dh\u00ebnave tuaja personale mund t\u00eb gjendet n\u00eb faqen e Kompanis\u00eb son\u00eb&#8230;&#8230;&#8230;&#8230;&#8230;&#8230;&#8230;&#8230; KVKK POLICY<\/p>\n<p>.<\/p>\n\n<p>&nbsp;<\/p>\n<p>[\/vc_column_text][\/vc_column][\/vc_row]<\/p>\n<!-- \/wp:post-content -->","protected":false},"excerpt":{"rendered":"<p>[vc_row][vc_column][vc_column_text] P\u00ebr t\u00eb p\u00ebrmir\u00ebsuar sh\u00ebrbimet q\u00eb ju ofrohen duke rritur funksionalitetin dhe performanc\u00ebn e faqes s\u00eb internetit, &nbsp; P\u00ebr t\u00eb p\u00ebrmir\u00ebsuar faqen e internetit dhe p\u00ebr t\u00eb ofruar funksione t\u00eb reja p\u00ebrmes saj, si dhe p\u00ebr t\u00eb personalizuar funksionet e ofruara sipas preferencave tuaja; &nbsp; P\u00ebr t\u00eb siguruar sigurin\u00eb ligjore dhe tregtare t\u00eb faqes s\u00eb<\/p>\n","protected":false},"author":1,"featured_media":0,"parent":0,"menu_order":0,"comment_status":"closed","ping_status":"open","template":"","meta":{"footnotes":""},"class_list":["post-3","page","type-page","status-publish","hentry"],"aioseo_notices":[],"_links":{"self":[{"href":"https:\/\/avrupacerrahi.net\/al\/wp-json\/wp\/v2\/pages\/3","targetHints":{"allow":["GET"]}}],"collection":[{"href":"https:\/\/avrupacerrahi.net\/al\/wp-json\/wp\/v2\/pages"}],"about":[{"href":"https:\/\/avrupacerrahi.net\/al\/wp-json\/wp\/v2\/types\/page"}],"author":[{"embeddable":true,"href":"https:\/\/avrupacerrahi.net\/al\/wp-json\/wp\/v2\/users\/1"}],"replies":[{"embeddable":true,"href":"https:\/\/avrupacerrahi.net\/al\/wp-json\/wp\/v2\/comments?post=3"}],"version-history":[{"count":6,"href":"https:\/\/avrupacerrahi.net\/al\/wp-json\/wp\/v2\/pages\/3\/revisions"}],"predecessor-version":[{"id":7332,"href":"https:\/\/avrupacerrahi.net\/al\/wp-json\/wp\/v2\/pages\/3\/revisions\/7332"}],"wp:attachment":[{"href":"https:\/\/avrupacerrahi.net\/al\/wp-json\/wp\/v2\/media?parent=3"}],"curies":[{"name":"wp","href":"https:\/\/api.w.org\/{rel}","templated":true}]}}