{"id":4029,"date":"2020-11-27T13:16:00","date_gmt":"2020-11-27T10:16:00","guid":{"rendered":"https:\/\/avrupacerrahi.com.tr\/sd\/?page_id=4029"},"modified":"2024-07-04T14:38:12","modified_gmt":"2024-07-04T11:38:12","slug":"our-mission","status":"publish","type":"page","link":"https:\/\/avrupacerrahi.net\/al\/our-mission\/","title":{"rendered":"Our Mission"},"content":{"rendered":"<p>[vc_row][vc_column][vc_empty_space height=&#8221;25px&#8221;][vc_column_text]<\/p>\n<h2>Rreth Nesh<\/h2>\n<p>Si Qend\u00ebr Proktologjike Avrupa Cerrahi, ne kuptojm\u00eb se \u00e7far\u00eb do t\u00eb thot\u00eb r\u00ebnd\u00ebsia dhe vlera e sh\u00ebndetit. Si Qendra Proktologjike Avrupa Cerrahi, ne i p\u00ebrmbahemi parimit t\u00eb shp\u00ebrndarjes hap pas hapi t\u00eb standardeve t\u00eb larta t\u00eb kujdesit mjek\u00ebsor, duke filluar nga viti 2008. Ne i p\u00ebrmbahemi gjithmon\u00eb standardeve etike, parimeve t\u00eb transparenc\u00ebs dhe ndershm\u00ebris\u00eb dhe t\u00eb kuptuarit t\u00eb lart\u00eb. -Sh\u00ebrbim teknologjik dhe i shpejt\u00eb. Jemi krenar\u00eb q\u00eb jemi nj\u00eb qend\u00ebr proktologjike e klasit \u201cA\u201d, e cila na mund\u00ebson kryerjen e operacioneve n\u00eb m\u00ebnyr\u00eb jokirurgjikale pa p\u00ebrdorimin e narkoz\u00ebs dhe nevoj\u00ebn p\u00ebr shtrimin n\u00eb spital.<\/p>\n<p>Vendndodhja e arritshme dhe transporti i p\u00ebrshtatsh\u00ebm p\u00ebr n\u00eb qendrat tona u mund\u00ebsojn\u00eb pacient\u00ebve t\u00eb arrijn\u00eb leht\u00ebsisht n\u00eb klinikat tona n\u00eb Stamboll nga kudo n\u00eb bot\u00eb, t&#8217;i n\u00ebnshtrohen ekzaminimit dhe trajtimit t\u00eb m\u00ebvonsh\u00ebm duke p\u00ebrdorur pajisjet m\u00eb t\u00eb fundit lazer dhe duke sh\u00ebrbyer nj\u00eb ekip profesional punonj\u00ebsish mjek\u00ebsor\u00eb.<\/p>\n<p>Specialist\u00ebt e qendr\u00ebs son\u00eb ofrojn\u00eb nj\u00eb q\u00ebndrim t\u00eb v\u00ebmendsh\u00ebm dhe t\u00eb kujdessh\u00ebm, duke ofruar sh\u00ebrbime mjek\u00ebsore t\u00eb besueshme dhe t\u00eb sigurta n\u00eb pes\u00eb fusha proktologjike: Hemorroide, Sinus Pilonidal, Fisurat anale, <b><a href=\"https:\/\/avrupacerrahi.net\/al\/non-surgical-fistula-treatment\/\">Fistula<\/a><\/b> anale, Lythat gjenitale (HPV). Jemi krenar\u00eb p\u00ebr ve\u00e7orin\u00eb dalluese t\u00eb qendr\u00ebs son\u00eb mjek\u00ebsore, e cila u mund\u00ebson pacient\u00ebve nga pjes\u00ebt m\u00eb t\u00eb larg\u00ebta t\u00eb vendit dhe bot\u00ebs t\u00eb sh\u00ebrohen nga s\u00ebmundja n\u00eb dit\u00ebn e mb\u00ebrritjes s\u00eb tyre.<\/p>\n<p>P\u00ebr pacient\u00ebt tan\u00eb q\u00eb vijn\u00eb nga jasht\u00eb; Jemi t\u00eb k\u00ebnaqur q\u00eb mund t\u00eb ofrojm\u00eb kushte p\u00ebr tejkalimin e barrierave gjuh\u00ebsore p\u00ebrmes P\u00ebrkthyesve dhe Konsulent\u00ebve t\u00eb Pacient\u00ebve q\u00eb punojn\u00eb n\u00eb familjen e Qendr\u00ebs Proktologjike Avrupa Cerrahi.[\/vc_column_text][vc_separator][vc_empty_space][\/vc_column][\/vc_row][vc_row][vc_column width=&#8221;1\/2&#8243;][vc_column_text]<\/p>\n<h2>Misioni yne<\/h2>\n<ul>\n<li>Ofroni kujdes profesional cil\u00ebsor p\u00ebr pacient\u00ebt nga stafi mjek\u00ebsor: i qeshur, i p\u00ebrgjegjsh\u00ebm, i gatsh\u00ebm p\u00ebr t\u00eb ndihmuar si pacient\u00ebt ashtu edhe t\u00eb af\u00ebrmit shoq\u00ebrues.<\/li>\n<li>Ne p\u00ebrdorim metodat tona t\u00eb trajtimit duke p\u00ebrdorur teknologjit\u00eb m\u00eb t\u00eb p\u00ebrshtatshme dhe moderne p\u00ebr t\u00eb rivendosur shpejt sh\u00ebndetin e pacient\u00ebve tan\u00eb.<\/li>\n<li>Me qasjen ton\u00eb moderne, t\u00eb respektueshme dhe t\u00eb ndershme, ne u japim pacient\u00ebve tan\u00eb mund\u00ebsin\u00eb t\u00eb na kontaktojn\u00eb n\u00eb \u00e7do koh\u00eb.<\/li>\n<li>Me parimin ton\u00eb t\u00eb sh\u00ebrbimit t\u00eb pakufizuar, ne trajtojm\u00eb pacient\u00eb nga t\u00eb gjitha rajonet dhe vendet, pa ndihm\u00ebn e narkoz\u00ebs, pa kirurgji dhe metoda t\u00eb trajtimit kirurgjik, pa shtrimin n\u00eb spital dhe ofrojm\u00eb aft\u00ebsin\u00eb p\u00ebr t\u00eb rivendosur shpejt sh\u00ebndetin.<\/li>\n<\/ul>\n<p>[\/vc_column_text][\/vc_column][vc_column width=&#8221;1\/2&#8243;][vc_column_text]<\/p>\n<h2>Vizioni yne<\/h2>\n<ul>\n<li>N\u00eb t\u00eb gjith\u00eb Turqin\u00eb si i vetmi em\u00ebr n\u00eb fush\u00ebn e proktologjis\u00eb, n\u00eb rajonin m\u00eb t\u00eb gjer\u00eb n\u00eb bot\u00eb me standardet tona t\u00eb cil\u00ebsis\u00eb p\u00ebr t\u00eb ofruar kujdes sh\u00ebndet\u00ebsor p\u00ebr pacient\u00ebt tan\u00eb.<\/li>\n<li>T\u00eb gjith\u00eb pacient\u00ebt e gjejn\u00eb ekon n\u00eb Turqi si zgjedhjen e par\u00eb dhe t\u00eb vetme n\u00eb fush\u00ebn e proktologjis\u00eb kujdestar\u00ebt e tyre.<\/li>\n<li>Duke qen\u00eb proktologjia m\u00eb e mir\u00eb dhe e vetmja qend\u00ebr proktologjike n\u00eb Turqi q\u00eb plot\u00ebson standardet m\u00eb t\u00eb larta nd\u00ebrkomb\u00ebtare t\u00eb cil\u00ebsis\u00eb s\u00eb kujdesit p\u00ebr pacient\u00ebt, zgjeron gjeografin\u00eb e saj dhe ndihmon sa m\u00eb shum\u00eb pacient\u00eb<\/li>\n<li>Bazuar n\u00eb opinionet e pacient\u00ebve dhe shoq\u00ebruesit e tyre \u2013 mund\u00ebsia m\u00eb e mir\u00eb dhe e vetme n\u00eb trajtimin e s\u00ebmundjeve proktologjike n\u00eb Turqi.<\/li>\n<li>Si Qendra Mjek\u00ebsore Kirurgjike Evropiane, t\u00eb mbaj\u00eb sh\u00ebrbimin sh\u00ebndet\u00ebsor si nj\u00eb institucion shembullor n\u00eb t\u00eb gjitha aspektet p\u00ebr t\u00eb gjitha institucionet sh\u00ebndet\u00ebsore.<\/li>\n<\/ul>\n<p>[\/vc_column_text][\/vc_column][\/vc_row]<\/p>\n","protected":false},"excerpt":{"rendered":"<p>[vc_row][vc_column][vc_empty_space height=&#8221;25px&#8221;][vc_column_text] Rreth Nesh Si Qend\u00ebr Proktologjike Avrupa Cerrahi, ne kuptojm\u00eb se \u00e7far\u00eb do t\u00eb thot\u00eb r\u00ebnd\u00ebsia dhe vlera e sh\u00ebndetit. Si Qendra Proktologjike Avrupa Cerrahi, ne i p\u00ebrmbahemi parimit t\u00eb shp\u00ebrndarjes hap pas hapi t\u00eb standardeve t\u00eb larta t\u00eb kujdesit mjek\u00ebsor, duke filluar nga viti 2008. Ne i p\u00ebrmbahemi gjithmon\u00eb standardeve etike, parimeve t\u00eb<\/p>\n","protected":false},"author":1,"featured_media":0,"parent":0,"menu_order":0,"comment_status":"closed","ping_status":"closed","template":"","meta":{"footnotes":""},"class_list":["post-4029","page","type-page","status-publish","hentry"],"aioseo_notices":[],"_links":{"self":[{"href":"https:\/\/avrupacerrahi.net\/al\/wp-json\/wp\/v2\/pages\/4029","targetHints":{"allow":["GET"]}}],"collection":[{"href":"https:\/\/avrupacerrahi.net\/al\/wp-json\/wp\/v2\/pages"}],"about":[{"href":"https:\/\/avrupacerrahi.net\/al\/wp-json\/wp\/v2\/types\/page"}],"author":[{"embeddable":true,"href":"https:\/\/avrupacerrahi.net\/al\/wp-json\/wp\/v2\/users\/1"}],"replies":[{"embeddable":true,"href":"https:\/\/avrupacerrahi.net\/al\/wp-json\/wp\/v2\/comments?post=4029"}],"version-history":[{"count":1,"href":"https:\/\/avrupacerrahi.net\/al\/wp-json\/wp\/v2\/pages\/4029\/revisions"}],"predecessor-version":[{"id":6292,"href":"https:\/\/avrupacerrahi.net\/al\/wp-json\/wp\/v2\/pages\/4029\/revisions\/6292"}],"wp:attachment":[{"href":"https:\/\/avrupacerrahi.net\/al\/wp-json\/wp\/v2\/media?parent=4029"}],"curies":[{"name":"wp","href":"https:\/\/api.w.org\/{rel}","templated":true}]}}