{"id":4961,"date":"2020-12-26T16:24:54","date_gmt":"2020-12-26T13:24:54","guid":{"rendered":"https:\/\/avrupacerrahi.com.tr\/sd\/en\/?page_id=4961"},"modified":"2024-07-08T10:46:51","modified_gmt":"2024-07-08T07:46:51","slug":"ask-our-doctor","status":"publish","type":"page","link":"https:\/\/avrupacerrahi.net\/al\/ask-our-doctor\/","title":{"rendered":"Pyesni doktorin ton\u00eb"},"content":{"rendered":"<p>[vc_row][vc_column][vc_column_text]<\/p>\n<p style=\"text-align: center;\">Ju mund t\u00eb plot\u00ebsoni formularin e m\u00ebposht\u00ebm p\u00ebr t\u00eb marr\u00eb mendimin e mjekut p\u00ebr s\u00ebmundjen tuaj. Pasi t\u00eb vler\u00ebsohet situata juaj, ju do t\u00eb ktheheni sa m\u00eb shpejt q\u00eb t\u00eb jet\u00eb e mundur.<\/p>\n<p>[\/vc_column_text][vc_separator]\n<div class=\"wpcf7 no-js\" id=\"wpcf7-f4946-o1\" lang=\"tr-TR\" dir=\"ltr\" data-wpcf7-id=\"4946\">\n<div class=\"screen-reader-response\"><p role=\"status\" aria-live=\"polite\" aria-atomic=\"true\"><\/p> <ul><\/ul><\/div>\n<form action=\"\/al\/wp-json\/wp\/v2\/pages\/4961#wpcf7-f4946-o1\" method=\"post\" class=\"wpcf7-form init\" aria-label=\"\u0130leti\u015fim Formu\" enctype=\"multipart\/form-data\" novalidate=\"novalidate\" data-status=\"init\">\n<fieldset class=\"hidden-fields-container\"><input type=\"hidden\" name=\"_wpcf7\" value=\"4946\" \/><input type=\"hidden\" name=\"_wpcf7_version\" value=\"6.1.5\" \/><input type=\"hidden\" name=\"_wpcf7_locale\" value=\"tr_TR\" \/><input type=\"hidden\" name=\"_wpcf7_unit_tag\" value=\"wpcf7-f4946-o1\" \/><input type=\"hidden\" name=\"_wpcf7_container_post\" value=\"0\" \/><input type=\"hidden\" name=\"_wpcf7_posted_data_hash\" value=\"\" \/><input type=\"hidden\" name=\"_wpcf7_recaptcha_response\" value=\"\" \/>\n<\/fieldset>\n<div class=\"uacf7-form-wrapper-container uacf7-form-4946  \"><div class=\"forms\" style=\"width:100%;\"><span class=\"wpcf7-form-control-wrap\" data-name=\"text-312\"><input size=\"40\" maxlength=\"400\" class=\"wpcf7-form-control wpcf7-text wpcf7-validates-as-required\" aria-required=\"true\" aria-invalid=\"false\" placeholder=\"Emri dhe Mbiemri juaj\" value=\"\" type=\"text\" name=\"text-312\" \/><\/span><\/div>\n<div class=\"forms\" style=\"width:100%;\"><span class=\"wpcf7-form-control-wrap\" data-name=\"tel-756\"><input size=\"40\" maxlength=\"400\" class=\"wpcf7-form-control wpcf7-tel wpcf7-validates-as-required wpcf7-text wpcf7-validates-as-tel\" aria-required=\"true\" aria-invalid=\"false\" placeholder=\"Numri i telefonit me kodin e shtetit\" value=\"\" type=\"tel\" name=\"tel-756\" \/><\/span><\/div>\n<div class=\"forms\" style=\"width:100%;\"><span class=\"wpcf7-form-control-wrap\" data-name=\"textarea-324\"><textarea cols=\"40\" rows=\"10\" maxlength=\"2000\" class=\"wpcf7-form-control wpcf7-textarea wpcf7-validates-as-required\" aria-required=\"true\" aria-invalid=\"false\" placeholder=\"Pyetja juaj\" name=\"textarea-324\"><\/textarea><\/span><\/div>\n<div class=\"button-kk forms\" style=\"width:100%;\"><span class=\"wpcf7-form-control-wrap\" data-name=\"file-748\"><input size=\"40\" class=\"wpcf7-form-control wpcf7-file\" accept=\"audio\/*,video\/*,image\/*\" aria-invalid=\"false\" type=\"file\" name=\"file-748\" \/><\/span><br>\n\n\n<div class=\"button-he\" style=\"width:100%;\"><input class=\"wpcf7-form-control wpcf7-submit has-spinner\" type=\"submit\" value=\"D\u00ebrgo\" \/><\/div>\n\n\n<style>\ninput, textarea {\nwidth: 100%!important;\npadding: 16px;\nborder: none;\nborder-bottom: 2px solid #3574ac;;\n}\n.button-kk input {\nbackground-color: #3574ac;\n    color: white;\n    font-size: 16px;\n    font-weight: 900;\n}\n.button-he input {\nbackground-color: #1c4b75!important;\n\n}\n.forms {\nmargin-bottom: 15px;\n}\n<\/style><\/div><input type='hidden' class='wpcf7-pum' value='{\"closepopup\":false,\"closedelay\":0,\"openpopup\":false,\"openpopup_id\":0}' \/><div class=\"wpcf7-response-output\" aria-hidden=\"true\"><\/div>\n<\/form>\n<\/div>\n[\/vc_column][\/vc_row]<\/p>\n","protected":false},"excerpt":{"rendered":"<p>[vc_row][vc_column][vc_column_text] Ju mund t\u00eb plot\u00ebsoni formularin e m\u00ebposht\u00ebm p\u00ebr t\u00eb marr\u00eb mendimin e mjekut p\u00ebr s\u00ebmundjen tuaj. Pasi t\u00eb vler\u00ebsohet situata juaj, ju do t\u00eb ktheheni sa m\u00eb shpejt q\u00eb t\u00eb jet\u00eb e mundur. [\/vc_column_text][vc_separator][\/vc_column][\/vc_row]<\/p>\n","protected":false},"author":1,"featured_media":0,"parent":0,"menu_order":0,"comment_status":"closed","ping_status":"closed","template":"","meta":{"footnotes":""},"class_list":["post-4961","page","type-page","status-publish","hentry"],"aioseo_notices":[],"_links":{"self":[{"href":"https:\/\/avrupacerrahi.net\/al\/wp-json\/wp\/v2\/pages\/4961","targetHints":{"allow":["GET"]}}],"collection":[{"href":"https:\/\/avrupacerrahi.net\/al\/wp-json\/wp\/v2\/pages"}],"about":[{"href":"https:\/\/avrupacerrahi.net\/al\/wp-json\/wp\/v2\/types\/page"}],"author":[{"embeddable":true,"href":"https:\/\/avrupacerrahi.net\/al\/wp-json\/wp\/v2\/users\/1"}],"replies":[{"embeddable":true,"href":"https:\/\/avrupacerrahi.net\/al\/wp-json\/wp\/v2\/comments?post=4961"}],"version-history":[{"count":3,"href":"https:\/\/avrupacerrahi.net\/al\/wp-json\/wp\/v2\/pages\/4961\/revisions"}],"predecessor-version":[{"id":6304,"href":"https:\/\/avrupacerrahi.net\/al\/wp-json\/wp\/v2\/pages\/4961\/revisions\/6304"}],"wp:attachment":[{"href":"https:\/\/avrupacerrahi.net\/al\/wp-json\/wp\/v2\/media?parent=4961"}],"curies":[{"name":"wp","href":"https:\/\/api.w.org\/{rel}","templated":true}]}}