{"id":5225,"date":"2022-04-05T12:50:34","date_gmt":"2022-04-05T09:50:34","guid":{"rendered":"https:\/\/avrupacerrahi.com.tr\/en\/?page_id=5225"},"modified":"2024-12-19T12:13:15","modified_gmt":"2024-12-19T09:13:15","slug":"non-surgical-rectal-bleeding-treatment","status":"publish","type":"page","link":"https:\/\/avrupacerrahi.net\/al\/non-surgical-rectal-bleeding-treatment\/","title":{"rendered":"Trajtimi jo-kirurgjikal i gjakderdhjes anale"},"content":{"rendered":"<p>[vc_row][vc_column width=&#8221;1\/2&#8243;][vc_empty_space][vc_raw_html]JTNDYSUyMGRhdGEtZmFuY3lib3glM0QlMjJnYWxsZXJ5JTIyJTIwaHJlZiUzRCUyMmh0dHBzJTNBJTJGJTJGd3d3LnlvdXR1YmUuY29tJTJGd2F0Y2glM0Z2JTNEX2luWnR0TFdDaDQlMjZ0JTNEMnMlMjIlMjBjbGFzcyUzRCUyMnZpZGVvLWJveCUyMiUzRSUwQSUyMCUyMCUyMCUyMCUzQ2ltZyUyMHNyYyUzRCUyMmh0dHBzJTNBJTJGJTJGYXZydXBhY2VycmFoaS5uZXQlMkZlbiUyRndwLWNvbnRlbnQlMkZ1cGxvYWRzJTJGMjAyMiUyRjA0JTJGaGVtb3JvaWQtY25uLWluZ2lsaXpjZS5qcGclMjIlMjBhbHQlM0QlMjJpbWFnZSUyMiUzRSUwQSUyMCUyMCUyMCUyMCUzQ2RpdiUyMGNsYXNzJTNEJTIydmlkZW8tYm94X19pY29uJTIyJTNFJTNDZGl2JTIwY2xhc3MlM0QlMjJ2aWRlby1ib3hfX2ljb24tLXBsYXklMjIlM0UlM0NzdmclMjB2aWV3Qm94JTNEJTIyMCUyMDAlMjAyNCUyMDI0JTIyJTIwd2lkdGglM0QlMjIyNCUyMiUyMGhlaWdodCUzRCUyMjI0JTIyJTNFJTNDcGF0aCUyMGZpbGwlM0QlMjJub25lJTIyJTIwZCUzRCUyMk0wJTIwMGgyNHYyNEgweiUyMiUyRiUzRSUzQ3BhdGglMjBkJTNEJTIyTTE5LjM3NiUyMDEyLjQxNkw4Ljc3NyUyMDE5LjQ4MkEuNS41JTIwMCUyMDAlMjAxJTIwOCUyMDE5LjA2NlY0LjkzNGEuNS41JTIwMCUyMDAlMjAxJTIwLjc3Ny0uNDE2bDEwLjU5OSUyMDcuMDY2YS41LjUlMjAwJTIwMCUyMDElMjAwJTIwLjgzMnolMjIlMkYlM0UlM0MlMkZzdmclM0UlM0MlMkZkaXYlM0UlM0MlMkZkaXYlM0UlMEElM0MlMkZhJTNF[\/vc_raw_html][\/vc_column][vc_column width=&#8221;1\/2&#8243; el_class=&#8221;padding-left-30&#8243;][vc_empty_space][vc_raw_html]JTNDYSUyMGRhdGEtZmFuY3lib3glM0QlMjJnYWxsZXJ5JTIyJTIwaHJlZiUzRCUyMmh0dHBzJTNBJTJGJTJGd3d3LnlvdXR1YmUuY29tJTJGd2F0Y2glM0Z2JTNEWUJqVlNmaVJXUzglMjIlMjBjbGFzcyUzRCUyMnZpZGVvLWJveCUyMiUzRSUwQSUyMCUyMCUyMCUyMCUzQ2ltZyUyMHNyYyUzRCUyMmh0dHBzJTNBJTJGJTJGYXZydXBhY2VycmFoaS5uZXQlMkZlbiUyRndwLWNvbnRlbnQlMkZ1cGxvYWRzJTJGMjAyMiUyRjEyJTJGcmVrdGFsa2FuYW1hLWthcGFrLWVuZy5qcGclMjIlMjBhbHQlM0QlMjJpbWFnZSUyMiUzRSUwQSUyMCUyMCUyMCUyMCUzQ2RpdiUyMGNsYXNzJTNEJTIydmlkZW8tYm94X19pY29uJTIyJTNFJTNDZGl2JTIwY2xhc3MlM0QlMjJ2aWRlby1ib3hfX2ljb24tLXBsYXklMjIlM0UlM0NzdmclMjB2aWV3Qm94JTNEJTIyMCUyMDAlMjAyNCUyMDI0JTIyJTIwd2lkdGglM0QlMjIyNCUyMiUyMGhlaWdodCUzRCUyMjI0JTIyJTNFJTNDcGF0aCUyMGZpbGwlM0QlMjJub25lJTIyJTIwZCUzRCUyMk0wJTIwMGgyNHYyNEgweiUyMiUyRiUzRSUzQ3BhdGglMjBkJTNEJTIyTTE5LjM3NiUyMDEyLjQxNkw4Ljc3NyUyMDE5LjQ4MkEuNS41JTIwMCUyMDAlMjAxJTIwOCUyMDE5LjA2NlY0LjkzNGEuNS41JTIwMCUyMDAlMjAxJTIwLjc3Ny0uNDE2bDEwLjU5OSUyMDcuMDY2YS41LjUlMjAwJTIwMCUyMDElMjAwJTIwLjgzMnolMjIlMkYlM0UlM0MlMkZzdmclM0UlM0MlMkZkaXYlM0UlM0MlMkZkaXYlM0UlMEElM0MlMkZhJTNF[\/vc_raw_html][\/vc_column][\/vc_row][vc_row][vc_column css=&#8221;.vc_custom_1536849658368{background-position: center !important;background-repeat: no-repeat !important;background-size: cover !important;}&#8221; el_class=&#8221;padding-bottom-128 column-limited&#8221;][vc_empty_space height=&#8221;15&#8243;][vc_separator][vc_empty_space height=&#8221;15&#8243;]<h2 class=\"box-header\">P\u00ebrpar\u00ebsit\u00eb e trajtimit me lazer t\u00eb gjakderdhjes anale<\/h2>[vc_column_text]Koha e trajtimit \u00ebsht\u00eb 5-8 minuta.<\/p>\n<p>Trajtimi kryhet nen aneztezi lokale dhe nuk ka asnj\u00eb efekt an\u00ebsor .<\/p>\n<p>Nuk ka nevoj\u00eb p\u00ebr analiza ose te jeni esell per operacionin .<\/p>\n<p>Nuk ka prerje dhe qepje.<\/p>\n<p>\u0130ndet nuk d\u00ebmtohen, sh\u00ebrimi \u00ebsht\u00eb i shpejt\u00eb.<\/p>\n<p>Pacientet jan\u00eb n\u00eb gjendje t\u00eb kthehen n\u00eb aktivitetet e tyre t\u00eb p\u00ebrditshme n\u00eb t\u00eb nj\u00ebjt\u00ebn dit\u00eb me trajtimin.<\/p>\n<p>Nuk k\u00ebrkon q\u00ebndrim n\u00eb spital pasi nderhyrja\u00a0 \u00ebsht\u00eb aq i rehatsh\u00ebm dhe i shpejt\u00eb sa mbushja e dh\u00ebmb\u00ebve.<\/p>\n<p>M\u00eb pak dhimbje pas trajtimit jokirurgjikal me lazer.<\/p>\n<p>Nuk ka komplikime pas trajtimit si (mosmbajtjeje jasht\u00ebqitjes ose gazrave, dhimbje t\u00eb forta&#8230;)<\/p>\n<p>Mund t\u00eb aplikohet edhe tek pacient\u00ebt me s\u00ebmundje kronike.[\/vc_column_text][vc_empty_space height=&#8221;15&#8243;][vc_separator][vc_empty_space height=&#8221;15&#8243;]<h2 class=\"box-header\">Pse duhet t\u00eb zgjidhni Avrupa Cerrahi?<\/h2>[vc_column_text]Ne trajtojm\u00eb pacient\u00ebt qe u eshte rekomanduar operacion me teknika jokirurgjikale t\u00eb bazuara n\u00eb lazer me njohurit\u00eb tona 17 vje\u00e7are.<\/p>\n<p>Ne ndjekim t\u00eb gjitha informacionet dhe zhvillimet p\u00ebrkat\u00ebse n\u00eb fush\u00ebn e proktologjis\u00eb nga burime vendase dhe t\u00eb huaja, si dhe aplikojm\u00eb teknologjin\u00eb ton\u00eb unike t\u00eb trajtimit special me zhvillime inovative n\u00eb k\u00ebt\u00eb fush\u00eb.[\/vc_column_text][vc_empty_space height=&#8221;15&#8243;][vc_separator][vc_empty_space height=&#8221;15&#8243;]<h2 class=\"box-header black align-center large\">Na kontaktoni<\/h2>[vc_empty_space height=&#8221;15&#8243;]\n<div class=\"wpcf7 no-js\" id=\"wpcf7-f5761-o1\" lang=\"en-US\" dir=\"ltr\" data-wpcf7-id=\"5761\">\n<div class=\"screen-reader-response\"><p role=\"status\" aria-live=\"polite\" aria-atomic=\"true\"><\/p> <ul><\/ul><\/div>\n<form action=\"\/al\/wp-json\/wp\/v2\/pages\/5225#wpcf7-f5761-o1\" method=\"post\" class=\"wpcf7-form init\" aria-label=\"Contact form\" novalidate=\"novalidate\" data-status=\"init\">\n<fieldset class=\"hidden-fields-container\"><input type=\"hidden\" name=\"_wpcf7\" value=\"5761\" \/><input type=\"hidden\" name=\"_wpcf7_version\" value=\"6.1.5\" \/><input type=\"hidden\" name=\"_wpcf7_locale\" value=\"en_US\" \/><input type=\"hidden\" name=\"_wpcf7_unit_tag\" value=\"wpcf7-f5761-o1\" \/><input type=\"hidden\" name=\"_wpcf7_container_post\" value=\"0\" \/><input type=\"hidden\" name=\"_wpcf7_posted_data_hash\" value=\"\" \/><input type=\"hidden\" name=\"_wpcf7_recaptcha_response\" value=\"\" \/>\n<\/fieldset>\n<div class=\"uacf7-form-wrapper-container uacf7-form-5761  \"><label class=\"forms\">Emri dhe mbiemri<\/label>      \n<div class=\"yeniForm\" style=\"width:100%;\"><span class=\"wpcf7-form-control-wrap\" data-name=\"text-947\"><input size=\"40\" maxlength=\"400\" class=\"wpcf7-form-control wpcf7-text wpcf7-validates-as-required\" aria-required=\"true\" aria-invalid=\"false\" placeholder=\"Emri dhe mbiemri\" value=\"\" type=\"text\" name=\"text-947\" \/><\/span><\/div>\n\n<label class=\"forms\">Numri i telefonit<\/label>\n<div class=\"yeniForm form-size\" style=\"width:100%;\"><span class=\"wpcf7-form-control-wrap\" data-name=\"phonetext-104\"><input size=\"40\" class=\"wpcf7-form-control wpcf7-phonetext wpcf7-validates-as-required wpcf7-text wpcf7-validates-as-phonetext\" aria-required=\"true\" aria-invalid=\"false\" value=\"+355\" type=\"text\" name=\"phonetext-104\" \/><input type=\"hidden\" name=\"phonetext-104-country-code\" class=\"wpcf7-phonetext-country-code\" \/><\/span><\/div>\n\n<label class=\"forms\">Mesazhi<\/label>\n<div class=\"yeniForm text-form\" style=\"width:100%;\"><span class=\"wpcf7-form-control-wrap\" data-name=\"text-751\"><input size=\"40\" maxlength=\"400\" class=\"wpcf7-form-control wpcf7-text\" aria-invalid=\"false\" placeholder=\"Mesazhi\" value=\"\" type=\"text\" name=\"text-751\" \/><\/span><\/div>\n\n<div class=\"yeniFormBtn\" style=\"width:100%;\"><input class=\"wpcf7-form-control wpcf7-submit has-spinner\" type=\"submit\" value=\"D\u00ebrgo\" \/><\/div>\n\n\n<style>\n\/* Label *\/\n.forms{\n  display: block;\n  margin-bottom: 6px;\n}\n\n\/* Form bloklar\u0131 *\/\n.yeniForm{\n  width: 100%;\n  margin-bottom: 14px;\n  box-sizing: border-box;\n}\n\n\/* T\u00fcm inputlar *\/\n.yeniForm input{\n  width: 100% !important;\n  background: #f0f0f0;\n  border: none;\n  padding: 12px;\n  box-sizing: border-box;\n}\n\n\/* Telefon alan\u0131 \u2013 \u00f6zel override *\/\n.form-size input{\n  padding-left: 18px;\n  width: 100% !important;\n  font-weight: bold;\n}\n\n\/* Mesaj alan\u0131 *\/\n.text-form input{\n  height: 120px;\n}\n\n\/* Flag alan\u0131 *\/\n.flag-container,\n.selected-flag{\n  background: #d1d1d1;\n  width: 57px;\n}\n\n\/* Submit *\/\n.yeniFormBtn{\n  width: 100%;\n}\n\n.yeniFormBtn input{\n  width: 100% !important;\n  background: #3b72ae;\n  margin-top: 15px;\n  color: #fff;\n  border: none;\n  padding: 14px;\n  cursor: pointer;\n}\n\n\/* CF7 phone input *\/\ninput.wpcf7-form-control.wpcf7-text.wpcf7-phonetext{\n  width: 100% !important;\n  font-weight: bold;\n}\n<\/style><\/div><input type='hidden' class='wpcf7-pum' value='{\"closepopup\":false,\"closedelay\":0,\"openpopup\":false,\"openpopup_id\":0}' \/><div class=\"wpcf7-response-output\" aria-hidden=\"true\"><\/div>\n<\/form>\n<\/div>\n[vc_empty_space height=&#8221;15&#8243;][vc_separator][vc_empty_space height=&#8221;15&#8243;]<h2 class=\"box-header black align-center large\">Partner\u00ebt tan\u00eb<\/h2>[vc_empty_space height=&#8221;15&#8243;][vc_images_carousel images=&#8221;5153,5157,5158,5203&#8243; img_size=&#8221;full&#8221; speed=&#8221;3000&#8243; slides_per_view=&#8221;4&#8243; hide_pagination_control=&#8221;yes&#8221; hide_prev_next_buttons=&#8221;yes&#8221; wrap=&#8221;yes&#8221;][vc_empty_space height=&#8221;15&#8243;][vc_separator][vc_empty_space height=&#8221;15&#8243;][vc_empty_space height=&#8221;15&#8243;]<h2 class=\"box-header\">Pse ndodh gjakderdhja nga zona e rektumit?<\/h2>[vc_column_text]Gjakderdhja nga anusi n\u00eb gjuh\u00ebn mjek\u00ebsore quhet gjakderdhje rektale. Gjakderdhja rektale mund t\u00eb zhvillohet p\u00ebr shkak t\u00eb s\u00ebmundjeve t\u00eb anusit dhe rrethin\u00ebs s\u00eb tij, dometh\u00ebn\u00eb s\u00ebmundjeve t\u00eb rajonit perianal ose s\u00ebmundjeve q\u00eb rrjedhin nga trakti i posht\u00ebm gastrointestinal. Gjakderdhja nga zona e zorr\u00ebs s\u00eb trash\u00eb \u00ebsht\u00eb shkaku q\u00eb shkakton ndryshim n\u00eb zakonet e t\u00eb ngr\u00ebnit dhe t\u00eb tualetit dhe ul cil\u00ebsin\u00eb e jet\u00ebs s\u00eb pacientit.<\/p>\n<p>Gjakderdhja nga rektumi mund t\u00eb jet\u00eb shenj\u00eb e shum\u00eb s\u00ebmundjeve. Gjakderdhja nga anusi mund t\u00eb jet\u00eb p\u00ebr shkak t\u00eb pranis\u00eb s\u00eb hemorroideve ose fisurave anale, dhe gjithashtu mund t\u00eb jet\u00eb nj\u00eb pararoj\u00eb e problemeve serioze sh\u00ebndet\u00ebsore si kanceri i rektumit. Intensiteti i gjakderdhjes ndryshon n\u00eb var\u00ebsi t\u00eb shkaqeve t\u00eb gjakderdhjes.<\/p>\n<p>Gjakderdhja mund t\u00eb jet\u00eb e bollshme, e dukshme n\u00eb tualet gjat\u00eb l\u00ebvizjes s\u00eb zorr\u00ebve, ose mund t\u00eb shihet si njolla n\u00eb let\u00ebr higjienike ose t\u00eb brendshme. Mund t\u00eb jet\u00eb edhe e dhimbshme edhe pa dhimbje.<\/p>\n<p>P\u00ebr t\u00eb identifikuar shkakun e gjakderdhjes rektale, pacient\u00ebt k\u00ebrkojn\u00eb nj\u00eb ekzaminim t\u00eb zon\u00ebs anale. Megjithat\u00eb, pacient\u00ebt, si rregull, nuk guxojn\u00eb t\u00eb shkojn\u00eb te mjeku, pasi u vjen turp nga ekzaminimi n\u00eb s\u00ebmundjet e k\u00ebsaj zone. N\u00ebse nuk trajtohet menj\u00ebher\u00eb, s\u00ebmundja mund t\u00eb b\u00ebhet serioze. \u00cbsht\u00eb e nevojshme t\u00eb p\u00ebrcaktohet sakt\u00eb shkaku i gjakderdhjes dhe t\u00eb konsultoheni me nj\u00eb proktolog p\u00ebr diagnoz\u00ebn e hershme. P\u00ebrndryshe, s\u00ebmundja mund t\u00eb p\u00ebrparoj\u00eb dhe t\u00eb shkaktoj\u00eb m\u00eb shum\u00eb se nj\u00eb s\u00ebmundje.[\/vc_column_text][\/vc_column][\/vc_row][vc_row][vc_column]<h2 class=\"box-header\">Pse ka gjak nga rektumi?<\/h2>[vc_column_text]Gjakderdhja rektale mund t\u00eb jet\u00eb simptoma m\u00eb e r\u00ebnd\u00ebsishme e s\u00ebmundjes s\u00eb zorr\u00ebs s\u00eb trash\u00eb. Prandaj, kur pacient\u00ebt p\u00ebrjetojn\u00eb simptoma t\u00eb gjakderdhjes rektale, ata patjet\u00ebr duhet t\u00eb zbulojn\u00eb shkakun e gjakderdhjes. Gjakderdhja rektale m\u00eb s\u00eb shpeshti mund t\u00eb shihet si simptom\u00eb e s\u00ebmundjeve t\u00eb tilla si hemorroidet, \u00e7arjet anale, sindroma e zorr\u00ebs s\u00eb irrituar, koliti ulceroz dhe s\u00ebmundjet e zorr\u00ebve si s\u00ebmundja e Crohn, polipet e zorr\u00ebs s\u00eb trash\u00eb, ose mund t\u00eb zhvillohen si rezultat i kancerit t\u00eb zorr\u00ebs s\u00eb trash\u00eb dhe rektalit.[\/vc_column_text][vc_empty_space height=&#8221;15&#8243;]<h2 class=\"box-header\">Cilat jan\u00eb simptomat e gjakderdhjes rektale?<\/h2>[vc_column_text]Gjakderdhja nga rektumi \u00ebsht\u00eb nj\u00eb nga simptomat m\u00eb t\u00eb r\u00ebnd\u00ebsishme n\u00eb s\u00ebmundjet rektale dhe t\u00eb zorr\u00ebve, t\u00eb cil\u00ebs duhet t&#8217;i kushtohet v\u00ebmendje e madhe. Gjakderdhja nga anusi p\u00ebrb\u00ebn 20% deri n\u00eb 30% t\u00eb gjakderdhjes gastrointestinale. Shkaqet kryesore t\u00eb gjakderdhjes rektale jan\u00eb:<\/p>\n<p>Gjakderdhja nga rektumi mund t\u00eb jet\u00eb n\u00eb form\u00ebn e njollave ose pikave, ose n\u00eb form\u00ebn e gjakderdhjes aktive t\u00eb bollshme. N\u00eb disa raste, \u00ebsht\u00eb vet\u00ebm nj\u00eb gjakderdhje e leht\u00eb n\u00eb let\u00ebr higjienike.<\/p>\n<p>Gjakderdhja rektale \u00ebsht\u00eb m\u00eb e zakonshme tek grat\u00eb. Sepse divertikuliti dhe angiodisplazia (anomalit\u00eb n\u00eb struktur\u00ebn vaskulare) jan\u00eb m\u00eb t\u00eb zakonshme tek grat\u00eb. K\u00ebto kushte shkaktojn\u00eb gjakderdhje rektale.<\/p>\n<p>Gjakderdhja nga anusi, q\u00eb ndodh n\u00eb an\u00ebn e majt\u00eb t\u00eb zorr\u00ebs s\u00eb trash\u00eb, ka nuanca t\u00eb kuqe t\u00eb lehta dhe t\u00eb ndezura, t\u00eb kuqe flak\u00eb.<\/p>\n<p>Gjakderdhja nga ana e djatht\u00eb e zorr\u00ebs s\u00eb trash\u00eb \u00ebsht\u00eb zakonisht me ngjyr\u00eb t\u00eb kuq\u00ebrremt\u00eb n\u00eb t\u00eb zez\u00eb dhe mund t\u00eb jet\u00eb okulte, ndonj\u00ebher\u00eb me jasht\u00ebqitje dhe ndonj\u00ebher\u00eb pa simptoma. Shpesh shfaqen simptoma t\u00eb anemis\u00eb.<\/p>\n<p>Gjakderdhja nga stomaku dhe duodenumi quhet melena. Gjakderdhja e Melen\u00ebs \u00ebsht\u00eb gjakderdhje e zez\u00eb. Meqen\u00ebse gjaku tretet gjat\u00eb gjakderdhjes s\u00eb melen\u00ebs, ngjyra e gjakderdhjes b\u00ebhet e zez\u00eb.<\/p>\n<p>Rrjedha e gjakderdhjes rektal mund t\u00eb shkaktoj\u00eb anemi te nj\u00eb pacient. Kjo mund t\u00eb shkaktoj\u00eb simptoma t\u00eb tilla si dob\u00ebsi, gul\u00e7im, lodhje, depresion.[\/vc_column_text][\/vc_column][\/vc_row][vc_row][vc_column]<h2 class=\"box-header\">Si t\u00eb trajtoni gjakderdhjen rektale?<\/h2>[vc_column_text]Gjakderdhja nga anusi (gjakderdhja rektale) \u00ebsht\u00eb nj\u00eb nga simptomat e shum\u00eb s\u00ebmundjeve t\u00eb rektumit. N\u00ebse k\u00ebto gjakderdhje jan\u00eb gjakderdhje akute, ekziston mund\u00ebsia q\u00eb ato t\u00eb ndalojn\u00eb spontanisht. Nj\u00eb pacient me gjakderdhje para s\u00eb gjithash merret n\u00eb pyetje p\u00ebr ankesat, koh\u00ebzgjatjen e gjakderdhjes, ngjyr\u00ebn, natyr\u00ebn e defekimit, pas s\u00eb cil\u00ebs b\u00ebhet nj\u00eb diagnoz\u00eb paraprake p\u00ebr shkaqet e mundshme t\u00eb gjakderdhjes, me nj\u00eb anamnez\u00eb t\u00eb plot\u00eb. N\u00eb ekzaminimin fizik, shenja t\u00eb tilla si hemorroidet me gjakderdhje, fisurat dhe polipet anale mund t\u00eb zbulohen drejtp\u00ebrdrejt, dhe ekzaminimet endoskopike mund t\u00eb jen\u00eb t\u00eb nevojshme p\u00ebr t\u00eb identifikuar shkaqet e gjakderdhjes q\u00eb nuk mund t\u00eb zbulohen n\u00eb ekzaminimin fizik.<\/p>\n<p>Me ndihm\u00ebn e rektosigmoskopis\u00eb, b\u00ebhet ekzaminimi i mukoz\u00ebs q\u00eb mbulon pjes\u00ebn e brendshme t\u00eb rektumit (30-40 cm e gjat\u00eb, q\u00eb lidh zorr\u00ebn e trash\u00eb me anusin). N\u00eb disa raste, mund t\u00eb kryhet edhe nj\u00eb kolonoskopi, dometh\u00ebn\u00eb nj\u00eb ekzaminim i t\u00eb gjith\u00eb zorr\u00ebs s\u00eb trash\u00eb. Pacienti ekzaminohet nga nj\u00eb proktolog dhe vendos se cila metod\u00eb endoskopie do t\u00eb p\u00ebrdoret. Endoskopia ndihmon jo vet\u00ebm p\u00ebr t\u00eb diagnostikuar s\u00ebmundjen, por edhe p\u00ebr t\u00eb gjetur burimin e gjakderdhjes dhe p\u00ebr ta ndaluar at\u00eb. Pas p\u00ebrcaktimit t\u00eb shkakut t\u00eb gjakderdhjes, p\u00ebr pacientin zgjidhet metoda m\u00eb e p\u00ebrshtatshme e trajtimit.<\/p>\n<p>Ekzistojn\u00eb trajtime jo-kirurgjikale dhe kirurgjikale p\u00ebr gjakderdhjet e shkaktuara nga hemorroidet, fisurat anale dhe polipet. N\u00eb qendr\u00ebn Avrupa Cerrahi<\/p>\n<p>pacient\u00ebt me gjakderdhje rektale pas nj\u00eb ekzaminimi t\u00eb plot\u00eb fizik dhe pas vendosjes s\u00eb diagnoz\u00ebs dhe etiologjis\u00eb s\u00eb gjakderdhjes, n\u00ebse shkaku i gjakderdhjes jan\u00eb s\u00ebmundjet beninje t\u00eb rajonit anal, hemorroidet, fisurat anale, polipet etj., n\u00ebse zbulohen, ekzaminimi dhe trajtimi mund t\u00eb kryhet n\u00eb t\u00eb nj\u00ebjt\u00ebn dit\u00eb. Trajtimi me metoda laserike jokirurgjikale k\u00ebrkon nj\u00eb koh\u00eb shum\u00eb t\u00eb shkurt\u00ebr. Me anestezi lokale, ju mund t\u00eb trajtoheni brenda nj\u00eb dite dhe t&#8217;i ktheheni jet\u00ebs suaj sociale dhe t\u00eb biznesit.[\/vc_column_text][\/vc_column][\/vc_row][vc_row][vc_column][vc_separator][vc_empty_space height=&#8221;15&#8243;]<h2 class=\"box-header align-left\">Videot e rekomanduara p\u00ebr gjakderdhjen nga zorr\u00ebt<\/h2>[vc_empty_space height=&#8221;15&#8243;][vc_row_inner top_margin=&#8221;page-margin-top-section&#8221; el_class=&#8221;flex-box&#8221;][vc_column_inner width=&#8221;1\/3&#8243;][vc_video link=&#8221;https:\/\/www.youtube.com\/watch?v=fGoovOV5Xcg&#8221;][\/vc_column_inner][vc_column_inner width=&#8221;1\/3&#8243;][vc_video link=&#8221;https:\/\/www.youtube.com\/watch?v=caqvTcnlVGQ&#8221;][\/vc_column_inner][vc_column_inner width=&#8221;1\/3&#8243;][vc_video link=&#8221;https:\/\/www.youtube.com\/watch?v=t-w3pnfEEXo&#8221;][\/vc_column_inner][\/vc_row_inner][vc_empty_space height=&#8221;15&#8243;][vc_separator][vc_empty_space height=&#8221;15&#8243;][\/vc_column][\/vc_row][vc_row type=&#8221;full-width mc-parallax mc-overlay&#8221; top_margin=&#8221;page-margin-top-section&#8221; css=&#8221;.vc_custom_1649163838993{background-color: #173c6d !important;background-position: center !important;background-repeat: no-repeat !important;background-size: cover !important;}&#8221; el_class=&#8221;padding-top-89 padding-bottom-100&#8243;][vc_column]<h2 class=\"box-header white align-center large\">Si b\u00ebhet procesi i trajtimit n\u00eb AVRUPA CERRAH\u0130 ?<\/h2>[vc_row_inner top_margin=&#8221;page-margin-top-section&#8221; el_class=&#8221;flex-box&#8221;][vc_column_inner width=&#8221;1\/3&#8243;]<div class=\"info-box features-phone animated-element animation-fadeIn duration-500\"><h3>Marrja e nj\u00eb takimi<\/h3><p>N\u00ebse d\u00ebshironi t\u00eb filloni nj\u00eb proces t\u00eb shpejt\u00eb trajtimi, mund t\u00eb caktoni nj\u00eb takim duke telefonuar ose p\u00ebrmes WhatsApp n\u00eb numrin<br \/>\n<a href=\"https:\/\/wa.me\/905368592181\">+90 536 859 21 81<\/a><\/p>\n<p><span style=\"color: #ffffff;\">&lt;<\/span><\/p><\/div><div class=\"arrow-container animated-element animation-slideRight duration-800 delay-150\"><span class=\"arrow template-arrow-horizontal-4-after arrow-light\"><\/span><\/div>[\/vc_column_inner][vc_column_inner width=&#8221;1\/3&#8243;]<div class=\"info-box features-hospital animated-element animation-slideRight duration-800 delay-600\"><h3>Procesi i ekzaminimit<\/h3><p>Kur t\u00eb vij\u00eb dita e ekzaminimit, pas diagnoz\u00ebs s\u00eb b\u00ebr\u00eb nga mjeku juaj, p\u00ebr ju p\u00ebrcaktohet forma m\u00eb e p\u00ebrshtatshme e trajtimit.<\/p><\/div><div class=\"arrow-container animated-element animation-slideRight duration-800 delay-1050\"><span class=\"arrow template-arrow-horizontal-4-after arrow-dark\"><\/span><\/div>[\/vc_column_inner][vc_column_inner width=&#8221;1\/3&#8243;]<div class=\"info-box features-heart animated-element animation-slideRight duration-800 delay-1500\"><h3>Procesi i trajtimit<\/h3><p>Sapo t\u00eb vendosni p\u00ebr trajtimin (mund t\u00eb jet\u00eb n\u00eb t\u00eb nj\u00ebjt\u00ebn dit\u00eb),<br \/>\nne mund t\u00eb kryejm\u00eb trajtimin me lazer t\u00eb gjakderdhjes rektal.<\/p><\/div>[\/vc_column_inner][\/vc_row_inner][\/vc_column][\/vc_row]<\/p>\n","protected":false},"excerpt":{"rendered":"<p>[vc_row][vc_column width=&#8221;1\/2&#8243;][vc_empty_space][vc_raw_html]JTNDYSUyMGRhdGEtZmFuY3lib3glM0QlMjJnYWxsZXJ5JTIyJTIwaHJlZiUzRCUyMmh0dHBzJTNBJTJGJTJGd3d3LnlvdXR1YmUuY29tJTJGd2F0Y2glM0Z2JTNEX2luWnR0TFdDaDQlMjZ0JTNEMnMlMjIlMjBjbGFzcyUzRCUyMnZpZGVvLWJveCUyMiUzRSUwQSUyMCUyMCUyMCUyMCUzQ2ltZyUyMHNyYyUzRCUyMmh0dHBzJTNBJTJGJTJGYXZydXBhY2VycmFoaS5uZXQlMkZlbiUyRndwLWNvbnRlbnQlMkZ1cGxvYWRzJTJGMjAyMiUyRjA0JTJGaGVtb3JvaWQtY25uLWluZ2lsaXpjZS5qcGclMjIlMjBhbHQlM0QlMjJpbWFnZSUyMiUzRSUwQSUyMCUyMCUyMCUyMCUzQ2RpdiUyMGNsYXNzJTNEJTIydmlkZW8tYm94X19pY29uJTIyJTNFJTNDZGl2JTIwY2xhc3MlM0QlMjJ2aWRlby1ib3hfX2ljb24tLXBsYXklMjIlM0UlM0NzdmclMjB2aWV3Qm94JTNEJTIyMCUyMDAlMjAyNCUyMDI0JTIyJTIwd2lkdGglM0QlMjIyNCUyMiUyMGhlaWdodCUzRCUyMjI0JTIyJTNFJTNDcGF0aCUyMGZpbGwlM0QlMjJub25lJTIyJTIwZCUzRCUyMk0wJTIwMGgyNHYyNEgweiUyMiUyRiUzRSUzQ3BhdGglMjBkJTNEJTIyTTE5LjM3NiUyMDEyLjQxNkw4Ljc3NyUyMDE5LjQ4MkEuNS41JTIwMCUyMDAlMjAxJTIwOCUyMDE5LjA2NlY0LjkzNGEuNS41JTIwMCUyMDAlMjAxJTIwLjc3Ny0uNDE2bDEwLjU5OSUyMDcuMDY2YS41LjUlMjAwJTIwMCUyMDElMjAwJTIwLjgzMnolMjIlMkYlM0UlM0MlMkZzdmclM0UlM0MlMkZkaXYlM0UlM0MlMkZkaXYlM0UlMEElM0MlMkZhJTNF[\/vc_raw_html][\/vc_column][vc_column width=&#8221;1\/2&#8243; el_class=&#8221;padding-left-30&#8243;][vc_empty_space][vc_raw_html]JTNDYSUyMGRhdGEtZmFuY3lib3glM0QlMjJnYWxsZXJ5JTIyJTIwaHJlZiUzRCUyMmh0dHBzJTNBJTJGJTJGd3d3LnlvdXR1YmUuY29tJTJGd2F0Y2glM0Z2JTNEWUJqVlNmaVJXUzglMjIlMjBjbGFzcyUzRCUyMnZpZGVvLWJveCUyMiUzRSUwQSUyMCUyMCUyMCUyMCUzQ2ltZyUyMHNyYyUzRCUyMmh0dHBzJTNBJTJGJTJGYXZydXBhY2VycmFoaS5uZXQlMkZlbiUyRndwLWNvbnRlbnQlMkZ1cGxvYWRzJTJGMjAyMiUyRjEyJTJGcmVrdGFsa2FuYW1hLWthcGFrLWVuZy5qcGclMjIlMjBhbHQlM0QlMjJpbWFnZSUyMiUzRSUwQSUyMCUyMCUyMCUyMCUzQ2RpdiUyMGNsYXNzJTNEJTIydmlkZW8tYm94X19pY29uJTIyJTNFJTNDZGl2JTIwY2xhc3MlM0QlMjJ2aWRlby1ib3hfX2ljb24tLXBsYXklMjIlM0UlM0NzdmclMjB2aWV3Qm94JTNEJTIyMCUyMDAlMjAyNCUyMDI0JTIyJTIwd2lkdGglM0QlMjIyNCUyMiUyMGhlaWdodCUzRCUyMjI0JTIyJTNFJTNDcGF0aCUyMGZpbGwlM0QlMjJub25lJTIyJTIwZCUzRCUyMk0wJTIwMGgyNHYyNEgweiUyMiUyRiUzRSUzQ3BhdGglMjBkJTNEJTIyTTE5LjM3NiUyMDEyLjQxNkw4Ljc3NyUyMDE5LjQ4MkEuNS41JTIwMCUyMDAlMjAxJTIwOCUyMDE5LjA2NlY0LjkzNGEuNS41JTIwMCUyMDAlMjAxJTIwLjc3Ny0uNDE2bDEwLjU5OSUyMDcuMDY2YS41LjUlMjAwJTIwMCUyMDElMjAwJTIwLjgzMnolMjIlMkYlM0UlM0MlMkZzdmclM0UlM0MlMkZkaXYlM0UlM0MlMkZkaXYlM0UlMEElM0MlMkZhJTNF[\/vc_raw_html][\/vc_column][\/vc_row][vc_row][vc_column css=&#8221;.vc_custom_1536849658368{background-position: center !important;background-repeat: no-repeat !important;background-size: cover !important;}&#8221; el_class=&#8221;padding-bottom-128 column-limited&#8221;][vc_empty_space height=&#8221;15&#8243;][vc_separator][vc_empty_space height=&#8221;15&#8243;][vc_column_text]Koha e trajtimit \u00ebsht\u00eb 5-8 minuta. Trajtimi kryhet nen aneztezi lokale dhe nuk ka asnj\u00eb efekt an\u00ebsor . Nuk ka nevoj\u00eb p\u00ebr analiza ose te jeni esell per operacionin . Nuk ka prerje dhe qepje. \u0130ndet nuk d\u00ebmtohen, sh\u00ebrimi \u00ebsht\u00eb i<\/p>\n","protected":false},"author":1,"featured_media":0,"parent":0,"menu_order":0,"comment_status":"closed","ping_status":"closed","template":"","meta":{"footnotes":""},"class_list":["post-5225","page","type-page","status-publish","hentry"],"aioseo_notices":[],"_links":{"self":[{"href":"https:\/\/avrupacerrahi.net\/al\/wp-json\/wp\/v2\/pages\/5225","targetHints":{"allow":["GET"]}}],"collection":[{"href":"https:\/\/avrupacerrahi.net\/al\/wp-json\/wp\/v2\/pages"}],"about":[{"href":"https:\/\/avrupacerrahi.net\/al\/wp-json\/wp\/v2\/types\/page"}],"author":[{"embeddable":true,"href":"https:\/\/avrupacerrahi.net\/al\/wp-json\/wp\/v2\/users\/1"}],"replies":[{"embeddable":true,"href":"https:\/\/avrupacerrahi.net\/al\/wp-json\/wp\/v2\/comments?post=5225"}],"version-history":[{"count":7,"href":"https:\/\/avrupacerrahi.net\/al\/wp-json\/wp\/v2\/pages\/5225\/revisions"}],"predecessor-version":[{"id":6901,"href":"https:\/\/avrupacerrahi.net\/al\/wp-json\/wp\/v2\/pages\/5225\/revisions\/6901"}],"wp:attachment":[{"href":"https:\/\/avrupacerrahi.net\/al\/wp-json\/wp\/v2\/media?parent=5225"}],"curies":[{"name":"wp","href":"https:\/\/api.w.org\/{rel}","templated":true}]}}