{"id":5261,"date":"2022-05-06T17:09:43","date_gmt":"2022-05-06T14:09:43","guid":{"rendered":"https:\/\/avrupacerrahi.com.tr\/en\/?page_id=5261"},"modified":"2024-12-19T12:13:46","modified_gmt":"2024-12-19T09:13:46","slug":"non-surgical-perianal-abscess-treatment","status":"publish","type":"page","link":"https:\/\/avrupacerrahi.net\/al\/non-surgical-perianal-abscess-treatment\/","title":{"rendered":"Trajtimi jokirurgjikal i abscesit perianal?"},"content":{"rendered":"<p>[vc_row][vc_column width=&#8221;1\/2&#8243;][vc_empty_space][vc_video link=&#8221;https:\/\/www.youtube.com\/watch?v=F-85xRzDu44&#8243;][\/vc_column][vc_column width=&#8221;1\/2&#8243; el_class=&#8221;padding-left-30&#8243;][vc_empty_space][vc_raw_html]JTNDYSUyMGRhdGEtZmFuY3lib3glM0QlMjJnYWxsZXJ5JTIyJTIwaHJlZiUzRCUyMmh0dHBzJTNBJTJGJTJGd3d3LnlvdXR1YmUuY29tJTJGd2F0Y2glM0Z2JTNEUlBHS2duNW82blElMjIlMjBjbGFzcyUzRCUyMnZpZGVvLWJveCUyMiUzRSUwQSUyMCUyMCUyMCUyMCUzQ2ltZyUyMHNyYyUzRCUyMmh0dHBzJTNBJTJGJTJGYXZydXBhY2VycmFoaS5uZXQlMkZlbiUyRndwLWNvbnRlbnQlMkZ1cGxvYWRzJTJGMjAyMiUyRjEyJTJGbWFrYXRhcHNlc2kta2FwYWstZW5nLmpwZyUyMmltYWdlJTIyJTNFJTBBJTIwJTIwJTIwJTIwJTNDZGl2JTIwY2xhc3MlM0QlMjJ2aWRlby1ib3hfX2ljb24lMjIlM0UlM0NkaXYlMjBjbGFzcyUzRCUyMnZpZGVvLWJveF9faWNvbi0tcGxheSUyMiUzRSUzQ3N2ZyUyMHZpZXdCb3glM0QlMjIwJTIwMCUyMDI0JTIwMjQlMjIlMjB3aWR0aCUzRCUyMjI0JTIyJTIwaGVpZ2h0JTNEJTIyMjQlMjIlM0UlM0NwYXRoJTIwZmlsbCUzRCUyMm5vbmUlMjIlMjBkJTNEJTIyTTAlMjAwaDI0djI0SDB6JTIyJTJGJTNFJTNDcGF0aCUyMGQlM0QlMjJNMTkuMzc2JTIwMTIuNDE2TDguNzc3JTIwMTkuNDgyQS41LjUlMjAwJTIwMCUyMDElMjA4JTIwMTkuMDY2VjQuOTM0YS41LjUlMjAwJTIwMCUyMDElMjAuNzc3LS40MTZsMTAuNTk5JTIwNy4wNjZhLjUuNSUyMDAlMjAwJTIwMSUyMDAlMjAuODMyeiUyMiUyRiUzRSUzQyUyRnN2ZyUzRSUzQyUyRmRpdiUzRSUzQyUyRmRpdiUzRSUwQSUzQyUyRmElM0U=[\/vc_raw_html][\/vc_column][\/vc_row][vc_row][vc_column css=&#8221;.vc_custom_1536849658368{background-position: center !important;background-repeat: no-repeat !important;background-size: cover !important;}&#8221; el_class=&#8221;padding-bottom-128 column-limited&#8221;][vc_empty_space height=&#8221;15&#8243;][vc_separator][vc_empty_space height=&#8221;15&#8243;]<h2 class=\"box-header\">P\u00ebrpar\u00ebsit\u00eb e me lazer<\/h2>[vc_column_text]Koha e trajtimit \u00ebsht\u00eb 5-8 minuta.<\/p>\n<p>Trajtimi kryhet nen aneztezi lokale dhe nuk ka asnj\u00eb efekt an\u00ebsor .<\/p>\n<p>Nuk ka nevoj\u00eb p\u00ebr analiza ose te jeni esell per operacionin .<\/p>\n<p>Nuk ka prerje dhe qepje.<\/p>\n<p>\u0130ndet nuk d\u00ebmtohen, sh\u00ebrimi \u00ebsht\u00eb i shpejt\u00eb.<\/p>\n<p>Pacientet jan\u00eb n\u00eb gjendje t\u00eb kthehen n\u00eb aktivitetet e tyre t\u00eb p\u00ebrditshme n\u00eb t\u00eb nj\u00ebjt\u00ebn dit\u00eb me trajtimin.<\/p>\n<p>Nuk k\u00ebrkon q\u00ebndrim n\u00eb spital pasi nderhyrja\u00a0 \u00ebsht\u00eb aq i rehatsh\u00ebm dhe i shpejt\u00eb sa mbushja e dh\u00ebmb\u00ebve.<\/p>\n<p>M\u00eb pak dhimbje pas trajtimit jokirurgjikal me lazer.<\/p>\n<p>Nuk ka komplikime pas trajtimit si (mosmbajtjeje jasht\u00ebqitjes ose gazrave, dhimbje t\u00eb forta&#8230;)<\/p>\n<p>Mund t\u00eb aplikohet edhe tek pacient\u00ebt me s\u00ebmundje kronike.[\/vc_column_text][vc_empty_space height=&#8221;15&#8243;][vc_separator][vc_empty_space height=&#8221;15&#8243;]<h2 class=\"box-header\">Pse duhet t\u00eb zgjidhni Avrupa Cerrahi?<\/h2>[vc_column_text]Ne trajtojm\u00eb pacient\u00ebt qe u eshte rekomanduar operacion me teknika jokirurgjikale t\u00eb bazuara n\u00eb lazer me njohurit\u00eb tona 17 vje\u00e7are.<\/p>\n<p>Ne ndjekim t\u00eb gjitha informacionet dhe zhvillimet p\u00ebrkat\u00ebse n\u00eb fush\u00ebn e proktologjis\u00eb nga burime vendase dhe t\u00eb huaja, si dhe aplikojm\u00eb teknologjin\u00eb ton\u00eb unike t\u00eb trajtimit special me zhvillime inovative n\u00eb k\u00ebt\u00eb fush\u00eb.[\/vc_column_text][vc_empty_space height=&#8221;15&#8243;][vc_separator][vc_empty_space height=&#8221;15&#8243;]<h2 class=\"box-header black align-center large\">Na kontaktoni<\/h2>[vc_empty_space height=&#8221;15&#8243;]\n<div class=\"wpcf7 no-js\" id=\"wpcf7-f5761-o1\" lang=\"en-US\" dir=\"ltr\" data-wpcf7-id=\"5761\">\n<div class=\"screen-reader-response\"><p role=\"status\" aria-live=\"polite\" aria-atomic=\"true\"><\/p> <ul><\/ul><\/div>\n<form action=\"\/al\/wp-json\/wp\/v2\/pages\/5261#wpcf7-f5761-o1\" method=\"post\" class=\"wpcf7-form init\" aria-label=\"Contact form\" novalidate=\"novalidate\" data-status=\"init\">\n<fieldset class=\"hidden-fields-container\"><input type=\"hidden\" name=\"_wpcf7\" value=\"5761\" \/><input type=\"hidden\" name=\"_wpcf7_version\" value=\"6.1.5\" \/><input type=\"hidden\" name=\"_wpcf7_locale\" value=\"en_US\" \/><input type=\"hidden\" name=\"_wpcf7_unit_tag\" value=\"wpcf7-f5761-o1\" \/><input type=\"hidden\" name=\"_wpcf7_container_post\" value=\"0\" \/><input type=\"hidden\" name=\"_wpcf7_posted_data_hash\" value=\"\" \/><input type=\"hidden\" name=\"_wpcf7_recaptcha_response\" value=\"\" \/>\n<\/fieldset>\n<div class=\"uacf7-form-wrapper-container uacf7-form-5761  \"><label class=\"forms\">Emri dhe mbiemri<\/label>      \n<div class=\"yeniForm\" style=\"width:100%;\"><span class=\"wpcf7-form-control-wrap\" data-name=\"text-947\"><input size=\"40\" maxlength=\"400\" class=\"wpcf7-form-control wpcf7-text wpcf7-validates-as-required\" aria-required=\"true\" aria-invalid=\"false\" placeholder=\"Emri dhe mbiemri\" value=\"\" type=\"text\" name=\"text-947\" \/><\/span><\/div>\n\n<label class=\"forms\">Numri i telefonit<\/label>\n<div class=\"yeniForm form-size\" style=\"width:100%;\"><span class=\"wpcf7-form-control-wrap\" data-name=\"phonetext-104\"><input size=\"40\" class=\"wpcf7-form-control wpcf7-phonetext wpcf7-validates-as-required wpcf7-text wpcf7-validates-as-phonetext\" aria-required=\"true\" aria-invalid=\"false\" value=\"+355\" type=\"text\" name=\"phonetext-104\" \/><input type=\"hidden\" name=\"phonetext-104-country-code\" class=\"wpcf7-phonetext-country-code\" \/><\/span><\/div>\n\n<label class=\"forms\">Mesazhi<\/label>\n<div class=\"yeniForm text-form\" style=\"width:100%;\"><span class=\"wpcf7-form-control-wrap\" data-name=\"text-751\"><input size=\"40\" maxlength=\"400\" class=\"wpcf7-form-control wpcf7-text\" aria-invalid=\"false\" placeholder=\"Mesazhi\" value=\"\" type=\"text\" name=\"text-751\" \/><\/span><\/div>\n\n<div class=\"yeniFormBtn\" style=\"width:100%;\"><input class=\"wpcf7-form-control wpcf7-submit has-spinner\" type=\"submit\" value=\"D\u00ebrgo\" \/><\/div>\n\n\n<style>\n\/* Label *\/\n.forms{\n  display: block;\n  margin-bottom: 6px;\n}\n\n\/* Form bloklar\u0131 *\/\n.yeniForm{\n  width: 100%;\n  margin-bottom: 14px;\n  box-sizing: border-box;\n}\n\n\/* T\u00fcm inputlar *\/\n.yeniForm input{\n  width: 100% !important;\n  background: #f0f0f0;\n  border: none;\n  padding: 12px;\n  box-sizing: border-box;\n}\n\n\/* Telefon alan\u0131 \u2013 \u00f6zel override *\/\n.form-size input{\n  padding-left: 18px;\n  width: 100% !important;\n  font-weight: bold;\n}\n\n\/* Mesaj alan\u0131 *\/\n.text-form input{\n  height: 120px;\n}\n\n\/* Flag alan\u0131 *\/\n.flag-container,\n.selected-flag{\n  background: #d1d1d1;\n  width: 57px;\n}\n\n\/* Submit *\/\n.yeniFormBtn{\n  width: 100%;\n}\n\n.yeniFormBtn input{\n  width: 100% !important;\n  background: #3b72ae;\n  margin-top: 15px;\n  color: #fff;\n  border: none;\n  padding: 14px;\n  cursor: pointer;\n}\n\n\/* CF7 phone input *\/\ninput.wpcf7-form-control.wpcf7-text.wpcf7-phonetext{\n  width: 100% !important;\n  font-weight: bold;\n}\n<\/style><\/div><input type='hidden' class='wpcf7-pum' value='{\"closepopup\":false,\"closedelay\":0,\"openpopup\":false,\"openpopup_id\":0}' \/><div class=\"wpcf7-response-output\" aria-hidden=\"true\"><\/div>\n<\/form>\n<\/div>\n[vc_empty_space height=&#8221;15&#8243;][vc_separator][vc_empty_space height=&#8221;15&#8243;]<h2 class=\"box-header black align-center large\">Partner\u00ebt tan\u00eb<\/h2>[vc_empty_space height=&#8221;15&#8243;][vc_images_carousel images=&#8221;5153,5157,5158,5203&#8243; img_size=&#8221;full&#8221; speed=&#8221;3000&#8243; slides_per_view=&#8221;4&#8243; hide_pagination_control=&#8221;yes&#8221; hide_prev_next_buttons=&#8221;yes&#8221; wrap=&#8221;yes&#8221;][vc_empty_space height=&#8221;15&#8243;][vc_separator][vc_empty_space height=&#8221;15&#8243;][vc_empty_space height=&#8221;15&#8243;]<h2 class=\"box-header\">\u00c7far\u00eb \u00ebsht\u00eb abscesi perianal (abscesi anal)?<\/h2>[vc_column_text]M\u00eb s\u00eb shumti shfaqet p\u00ebr shkak t\u00eb inflamacionit n\u00eb zon\u00ebn e anusit .<br \/>\nAbscesi perianal, i cili \u00ebsht\u00eb nj\u00eb nga \u00e7rregullimet klinike m\u00eb t\u00eb shpeshta n\u00eb fush\u00ebn e proktologjis\u00eb, mund t\u00eb shfaq\u00eb karakteristika t\u00eb ndryshme n\u00eb var\u00ebsi t\u00eb vendndodhjes.<br \/>\nAbscesi perianal formohet nga grumbullimi i qelbit si pasoj\u00eb e inflamacionit rreth anusit dhe kanalit anal. Fillon t\u00eb shfaqet kryesisht p\u00ebr shkak t\u00eb inflamacionit t\u00eb gj\u00ebndrave anale dhe p\u00ebrhapet me kalimin e koh\u00ebs. Detyra kryesore e gj\u00ebndrave \u00ebsht\u00eb t\u00eb leht\u00ebsojn\u00eb daljen e jasht\u00ebqitjes duke sekretuar mukus.<br \/>\nP\u00ebrve\u00e7se shihet n\u00eb t\u00eb gjitha grupmoshat, \u00ebsht\u00eb m\u00eb e zakonshme n\u00eb t\u00eb 30-at dhe 40-at. \u00cbsht\u00eb m\u00eb e zakonshme tek meshkujt sesa tek femrat.<\/p>\n<p>Abscesi anal quhet \u00ebnjtja q\u00eb shfaqet si pasoj\u00eb e inflamacionit n\u00eb zon\u00ebn anale ose rreth anusit. Ndodh midis muskujve dhe indeve t\u00eb buta q\u00eb rrethojn\u00eb zon\u00ebn e anusit . Ekzistojn\u00eb fibra muskulore n\u00eb rajonin anal q\u00eb parandalojn\u00eb daljen e pad\u00ebshiruar t\u00eb gazit dhe jasht\u00ebqitjes. Midis k\u00ebtyre fibrave jan\u00eb gj\u00ebndrat q\u00eb njomin l\u00ebkur\u00ebn, duke i b\u00ebr\u00eb jasht\u00ebqitjet m\u00eb t\u00eb rr\u00ebshqitshme. Gj\u00ebndrat jan\u00eb struktura q\u00eb ndihmojn\u00eb jasht\u00ebqitjen t\u00eb kaloj\u00eb normalisht. Ka shum\u00eb baktere n\u00eb zon\u00ebn e shpin\u00ebs. Bakteret e d\u00ebmshme hyjn\u00eb n\u00eb gj\u00ebndra dhe shkaktojn\u00eb abscesin anal.<\/p>\n<p>Inflamacioni fillon t\u00eb grumbullohet n\u00eb abscesin anal dhe me kalimin e koh\u00ebs shfaqet \u00ebnjtje n\u00eb zon\u00ebn e anusit. N\u00eb p\u00ebrgjith\u00ebsi, pacient\u00ebt e mendojn\u00eb k\u00ebt\u00eb \u00ebnjtje si hemorroide dhe p\u00ebrpiqen t\u00eb vet\u00eb-mjekohen. Mjetet juridike sht\u00ebpiake mund ta p\u00ebrkeq\u00ebsojn\u00eb s\u00ebmundjen. Prandaj, sapo t\u00eb fillojn\u00eb ankesat, duhet t\u00eb shkoni te mjeku pa humbur koh\u00eb.<\/p>\n<p>T\u00eb kesh informacion p\u00ebr formimin e abscesit anal parandalon metodat e gabuara q\u00eb mund t\u00eb aplikohen.[\/vc_column_text][vc_empty_space height=&#8221;15&#8243;]<h2 class=\"box-header\">Si ndodh abscesi perianal (abscesi anal)?<\/h2>[vc_column_text]N\u00ebse nj\u00eb trup i huaj ose jasht\u00ebqitje e fort\u00eb d\u00ebmton gj\u00ebndrat dhe leht\u00ebson kalimin e baktereve, shkakton formimin e abscesit n\u00eb zon\u00ebn anale. Nj\u00eb arsye tjet\u00ebr \u00ebsht\u00eb; Mund t\u00eb ket\u00eb shkaqe t\u00eb ndryshme themelore. Mund t\u00eb ndodh\u00eb p\u00ebr shkak t\u00eb faktor\u00ebve t\u00eb till\u00eb si S\u00ebmundja e Crohn-it, Koliti Ulceroz, Limfoma, Radioterapia. P\u00ebrve\u00e7 faktor\u00ebve q\u00eb p\u00ebrmend\u00ebm, duhet t&#8217;i kushtohet v\u00ebmendje pastrimit t\u00eb zon\u00ebs s\u00eb brekut dhe anusit.<\/p>\n<p>Faktori i higjien\u00ebs \u00ebsht\u00eb shum\u00eb i r\u00ebnd\u00ebsish\u00ebm. Krahasuar me pjes\u00ebt e tjera t\u00eb trupit ton\u00eb, zona anale \u00ebsht\u00eb shum\u00eb m\u00eb e p\u00ebrshtatshme p\u00ebr formimin e baktereve. P\u00ebr t\u00eb minimizuar formimin e baktereve, \u00ebsht\u00eb e nevojshme t&#8217;i kushtohet m\u00eb shum\u00eb r\u00ebnd\u00ebsi past\u00ebrtis\u00eb s\u00eb zon\u00ebs s\u00eb k\u00ebll\u00ebf\u00ebs.<\/p>\n<p>Gjetjet e abscesit anal mund t&#8217;i ndajm\u00eb n\u00eb dy grupe. N\u00eb konstatimin e infeksionit; temperatur\u00eb t\u00eb lart\u00eb, lodhje dhe dob\u00ebsi. Gjetja e dyt\u00eb \u00ebsht\u00eb se ne mund t\u00eb shohim n\u00eb l\u00ebkur\u00eb; Ka nj\u00eb ndjenj\u00eb ngopjeje dhe shkarkimi gjat\u00eb tualetit, si \u00ebnjtje, dhimbje t\u00eb forta, skuqje dhe temperatur\u00eb t\u00eb lart\u00eb. Inflamacioni i abscesit anal, i cili ndodh n\u00eb rajonin anal, rritet me shpejt\u00ebsi me kalimin e koh\u00ebs. N\u00eb k\u00ebt\u00eb situat\u00eb, pacient\u00ebt kan\u00eb v\u00ebshtir\u00ebsi n\u00eb kryerjen e l\u00ebvizjeve fizike si ulja dhe ecja. Infeksioni i r\u00ebnd\u00eb shkakton temperatur\u00eb t\u00eb lart\u00eb, ethe t\u00eb forta, t\u00eb dridhura dhe ndjesi t\u00eb fik\u00ebti. Kur infeksioni shtrihet n\u00eb indin n\u00ebnl\u00ebkuror, skuqja ose \u00ebnjtja n\u00eb rajonin anal b\u00ebhet e dukshme.[\/vc_column_text][vc_empty_space height=&#8221;15&#8243;]<h2 class=\"box-header\">Klasifikimi i Abscesit Perianal<\/h2>[vc_column_text]Absceset perianale mund t\u00eb shfaqin karakteristika t\u00eb ndryshme sipas vendndodhjes s\u00eb tyre. Ata jan\u00eb em\u00ebruar sipas vendeve t\u00eb tyre t\u00eb formimit si m\u00eb posht\u00eb:<\/p>\n<ul>\n<li>Nd\u00ebrsfinkterike<\/li>\n<li>Ischiorektale<\/li>\n<li>Supralevator (pararektal)<\/li>\n<\/ul>\n<p>[\/vc_column_text][vc_empty_space height=&#8221;15&#8243;]<h2 class=\"box-header\">Si diagnostikohet abscesi perianal (abscesi anal)?<\/h2>[vc_column_text]Nj\u00eb ekzaminim fizik nga nj\u00eb proktolog ekspert \u00ebsht\u00eb i mjaftuesh\u00ebm p\u00ebr diagnoz\u00ebn e abscesit perianal. N\u00ebse ka dyshime p\u00ebr arsye t\u00eb ndryshme, at\u00ebher\u00eb mund t\u00eb k\u00ebrkohet ultratinguj ose MRI. Kjo varet plot\u00ebsisht nga faza e s\u00ebmundjes. N\u00eb rast t\u00eb abscesit perianal t\u00eb avancuar, rreziku i infeksionit \u00ebsht\u00eb mjaft i lart\u00eb.<\/p>\n<p>Nuk mund t\u00eb trajtohet n\u00eb sht\u00ebpi n\u00eb asnj\u00eb m\u00ebnyr\u00eb. \u00cbsht\u00eb absolutisht e nevojshme t\u00eb ekzaminohet nga mjeku proktolog dhe t\u00eb zgjidhet metoda m\u00eb e p\u00ebrshtatshme e trajtimit sipas gjendjes s\u00eb abscesit. N\u00ebse abscesi perianal ka avancuar, ai drenohet nga mjeku n\u00eb m\u00ebnyr\u00eb t\u00eb kontrolluar dhe abscesi drenohet plot\u00ebsisht. Trajtimi me antibiotik\u00eb mund t\u00eb fillohet pas vler\u00ebsimit t\u00eb gjendjes s\u00eb pacientit.[\/vc_column_text][vc_empty_space height=&#8221;15&#8243;]<h2 class=\"box-header\">Cilat jan\u00eb problemet e shkaktuara nga abscesi perianal (abscesi anal)?<\/h2>[vc_column_text]N\u00ebse abscesi i gjetur te pacient\u00ebt \u00ebsht\u00eb n\u00eb gjendje t\u00eb avancuar, ky absces duhet t\u00eb drenohet n\u00eb m\u00ebnyr\u00eb t\u00eb kontrolluar nga nj\u00eb specialist. Duhet pasur kujdes p\u00ebr t\u00eb kulluar t\u00eb gjith\u00eb abscesin. P\u00ebrndryshe, mund t\u00eb krijoj\u00eb komplikime t\u00eb reja.<\/p>\n<p>Pas drenimit t\u00eb abscesit, mund t\u00eb rekomandohet terapi e dyfisht\u00eb ose e vetme me antibiotik\u00eb n\u00eb var\u00ebsi t\u00eb statusit t\u00eb abscesit t\u00eb pacientit. N\u00eb pacient\u00ebt me absces t\u00eb avancuar perianal, kanalet ose tunelet e p\u00ebrhershme t\u00eb fistul\u00ebs mund t\u00eb shfaqen midis kanalit anal dhe l\u00ebkur\u00ebs perianale. Pacient\u00ebt me formimin e fistul\u00ebs p\u00ebrshkruajn\u00eb shqet\u00ebsimin e tyre me ankesa t\u00eb tilla si rrjedhje infeksioni, \u00ebnjtje rektale dhe dhimbje.[\/vc_column_text][vc_empty_space height=&#8221;15&#8243;]<h2 class=\"box-header\">Cilat jan\u00eb avantazhet e trajtimit t\u00eb abscesit perianal?<\/h2>[vc_column_text]<\/p>\n<ul>\n<li>Avantazhi m\u00eb i madh i pacient\u00ebve \u00ebsht\u00eb se ata mund t\u00eb kthehen n\u00eb sht\u00ebpit\u00eb e tyre ose t\u00eb punojn\u00eb pa humbur koh\u00eb.<\/li>\n<li>Nuk ka rrezik p\u00ebr narkoz\u00eb pasi nuk aplikohet narkoz\u00eb n\u00eb operacion.<\/li>\n<li>Abscesi \u00ebsht\u00eb drenazhuar plot\u00ebsisht.<\/li>\n<li>Ka nj\u00eb reduktim t\u00eb qart\u00eb t\u00eb dhimbjes s\u00eb ndjer\u00eb.<\/li>\n<li>Pacienti nuk ka kufizime n\u00eb l\u00ebvizje pas operacionit.<\/li>\n<li>Meqen\u00ebse abscesi \u00ebsht\u00eb drenazhuar plot\u00ebsisht, rreziku i p\u00ebrs\u00ebritjes ose formimit t\u00eb fistul\u00ebs \u00ebsht\u00eb shum\u00eb i ul\u00ebt.<\/li>\n<\/ul>\n<p>[\/vc_column_text][\/vc_column][\/vc_row][vc_row][vc_column][vc_separator][vc_empty_space height=&#8221;15&#8243;]<h2 class=\"box-header align-left\">Video t\u00eb rekomanduara rreth abscesit perianal<\/h2>[vc_row_inner top_margin=&#8221;page-margin-top-section&#8221; el_class=&#8221;flex-box&#8221;][vc_column_inner width=&#8221;1\/3&#8243;][vc_raw_html]JTNDYSUyMGRhdGEtZmFuY3lib3glM0QlMjJnYWxsZXJ5JTIyJTIwaHJlZiUzRCUyMmh0dHBzJTNBJTJGJTJGd3d3LnlvdXR1YmUuY29tJTJGd2F0Y2glM0Z2JTNEZkdvb3ZPVjVYY2clMjIlMjBjbGFzcyUzRCUyMnZpZGVvLWJveCUyMiUzRSUwQSUyMCUyMCUyMCUyMCUzQ2ltZyUyMHNyYyUzRCUyMmh0dHBzJTNBJTJGJTJGYXZydXBhY2VycmFoaS5uZXQlMkZlbiUyRndwLWNvbnRlbnQlMkZ1cGxvYWRzJTJGMjAyNCUyRjAzJTJGUGVyaWFuYWwtQWJzY2Vzcy10cmF0ZW1lbnQud2VicCUyMiUyMGFsdCUzRCUyMmltYWdlJTIyJTNFJTBBJTIwJTIwJTIwJTIwJTNDZGl2JTIwY2xhc3MlM0QlMjJ2aWRlby1ib3hfX2ljb24lMjIlM0UlM0NkaXYlMjBjbGFzcyUzRCUyMnZpZGVvLWJveF9faWNvbi0tcGxheSUyMiUzRSUzQ3N2ZyUyMHZpZXdCb3glM0QlMjIwJTIwMCUyMDI0JTIwMjQlMjIlMjB3aWR0aCUzRCUyMjI0JTIyJTIwaGVpZ2h0JTNEJTIyMjQlMjIlM0UlM0NwYXRoJTIwZmlsbCUzRCUyMm5vbmUlMjIlMjBkJTNEJTIyTTAlMjAwaDI0djI0SDB6JTIyJTJGJTNFJTNDcGF0aCUyMGQlM0QlMjJNMTkuMzc2JTIwMTIuNDE2TDguNzc3JTIwMTkuNDgyQS41LjUlMjAwJTIwMCUyMDElMjA4JTIwMTkuMDY2VjQuOTM0YS41LjUlMjAwJTIwMCUyMDElMjAuNzc3LS40MTZsMTAuNTk5JTIwNy4wNjZhLjUuNSUyMDAlMjAwJTIwMSUyMDAlMjAuODMyeiUyMiUyRiUzRSUzQyUyRnN2ZyUzRSUzQyUyRmRpdiUzRSUzQyUyRmRpdiUzRSUwQSUzQyUyRmElM0U=[\/vc_raw_html][\/vc_column_inner][vc_column_inner width=&#8221;1\/3&#8243;][vc_raw_html]JTNDYSUyMGRhdGEtZmFuY3lib3glM0QlMjJnYWxsZXJ5JTIyJTIwaHJlZiUzRCUyMmh0dHBzJTNBJTJGJTJGd3d3LnlvdXR1YmUuY29tJTJGd2F0Y2glM0Z2JTNEY2FxdlRjbmxWR1ElMjIlMjBjbGFzcyUzRCUyMnZpZGVvLWJveCUyMiUzRSUwQSUyMCUyMCUyMCUyMCUzQ2ltZyUyMHNyYyUzRCUyMmh0dHBzJTNBJTJGJTJGYXZydXBhY2VycmFoaS5jb20udHIlMkZ3cC1jb250ZW50JTJGdXBsb2FkcyUyRjIwMjElMkYwMiUyRmFuYWwtZmlzdHVsLWlsZS1hbmFsLWZpc3N1ci5qcGclMjIlMjBhbHQlM0QlMjJpbWFnZSUyMiUzRSUwQSUyMCUyMCUyMCUyMCUzQ2RpdiUyMGNsYXNzJTNEJTIydmlkZW8tYm94X19pY29uJTIyJTNFJTNDZGl2JTIwY2xhc3MlM0QlMjJ2aWRlby1ib3hfX2ljb24tLXBsYXklMjIlM0UlM0NzdmclMjB2aWV3Qm94JTNEJTIyMCUyMDAlMjAyNCUyMDI0JTIyJTIwd2lkdGglM0QlMjIyNCUyMiUyMGhlaWdodCUzRCUyMjI0JTIyJTNFJTNDcGF0aCUyMGZpbGwlM0QlMjJub25lJTIyJTIwZCUzRCUyMk0wJTIwMGgyNHYyNEgweiUyMiUyRiUzRSUzQ3BhdGglMjBkJTNEJTIyTTE5LjM3NiUyMDEyLjQxNkw4Ljc3NyUyMDE5LjQ4MkEuNS41JTIwMCUyMDAlMjAxJTIwOCUyMDE5LjA2NlY0LjkzNGEuNS41JTIwMCUyMDAlMjAxJTIwLjc3Ny0uNDE2bDEwLjU5OSUyMDcuMDY2YS41LjUlMjAwJTIwMCUyMDElMjAwJTIwLjgzMnolMjIlMkYlM0UlM0MlMkZzdmclM0UlM0MlMkZkaXYlM0UlM0MlMkZkaXYlM0UlMEElM0MlMkZhJTNF[\/vc_raw_html][\/vc_column_inner][vc_column_inner width=&#8221;1\/3&#8243;][vc_raw_html]JTNDYSUyMGRhdGEtZmFuY3lib3glM0QlMjJnYWxsZXJ5JTIyJTIwaHJlZiUzRCUyMmh0dHBzJTNBJTJGJTJGd3d3LnlvdXR1YmUuY29tJTJGd2F0Y2glM0Z2JTNEdC13M3BuZkVFWG8lMjIlMjBjbGFzcyUzRCUyMnZpZGVvLWJveCUyMiUzRSUwQSUyMCUyMCUyMCUyMCUzQ2ltZyUyMHNyYyUzRCUyMmh0dHBzJTNBJTJGJTJGYXZydXBhY2VycmFoaS5uZXQlMkZlbiUyRndwLWNvbnRlbnQlMkZ1cGxvYWRzJTJGMjAyNCUyRjAzJTJGUGVyaWFuYWwtQWJzY2Vzcy53ZWJwJTIyJTIwYWx0JTNEJTIyaW1hZ2UlMjIlM0UlMEElMjAlMjAlMjAlMjAlM0NkaXYlMjBjbGFzcyUzRCUyMnZpZGVvLWJveF9faWNvbiUyMiUzRSUzQ2RpdiUyMGNsYXNzJTNEJTIydmlkZW8tYm94X19pY29uLS1wbGF5JTIyJTNFJTNDc3ZnJTIwdmlld0JveCUzRCUyMjAlMjAwJTIwMjQlMjAyNCUyMiUyMHdpZHRoJTNEJTIyMjQlMjIlMjBoZWlnaHQlM0QlMjIyNCUyMiUzRSUzQ3BhdGglMjBmaWxsJTNEJTIybm9uZSUyMiUyMGQlM0QlMjJNMCUyMDBoMjR2MjRIMHolMjIlMkYlM0UlM0NwYXRoJTIwZCUzRCUyMk0xOS4zNzYlMjAxMi40MTZMOC43NzclMjAxOS40ODJBLjUuNSUyMDAlMjAwJTIwMSUyMDglMjAxOS4wNjZWNC45MzRhLjUuNSUyMDAlMjAwJTIwMSUyMC43NzctLjQxNmwxMC41OTklMjA3LjA2NmEuNS41JTIwMCUyMDAlMjAxJTIwMCUyMC44MzJ6JTIyJTJGJTNFJTNDJTJGc3ZnJTNFJTNDJTJGZGl2JTNFJTNDJTJGZGl2JTNFJTBBJTNDJTJGYSUzRQ==[\/vc_raw_html][\/vc_column_inner][\/vc_row_inner][vc_empty_space height=&#8221;15&#8243;][vc_separator][vc_empty_space height=&#8221;15&#8243;][\/vc_column][\/vc_row][vc_row type=&#8221;full-width mc-parallax mc-overlay&#8221; top_margin=&#8221;page-margin-top-section&#8221; css=&#8221;.vc_custom_1649163838993{background-color: #173c6d !important;background-position: center !important;background-repeat: no-repeat !important;background-size: cover !important;}&#8221; el_class=&#8221;padding-top-89 padding-bottom-100&#8243;][vc_column]<h2 class=\"box-header white align-center large\">Si b\u00ebhet procesi i trajtimit n\u00eb AVRUPA CERRAH\u0130 ?<\/h2>[vc_row_inner top_margin=&#8221;page-margin-top-section&#8221; el_class=&#8221;flex-box&#8221;][vc_column_inner width=&#8221;1\/3&#8243;]<div class=\"info-box features-phone animated-element animation-fadeIn duration-500\"><h3>Marrja e nj\u00eb takimi<\/h3><p>N\u00ebse d\u00ebshironi t\u00eb filloni nj\u00eb proces t\u00eb shpejt\u00eb trajtimi, mund t\u00eb caktoni nj\u00eb takim duke telefonuar ose p\u00ebrmes WhatsApp n\u00eb numrin<br \/>\n<a href=\"https:\/\/wa.me\/905368592181\">+90 536 859 21 81<\/a><\/p>\n<p><span style=\"color: #ffffff;\">&lt;<\/span><\/p><\/div><div class=\"arrow-container animated-element animation-slideRight duration-800 delay-150\"><span class=\"arrow template-arrow-horizontal-4-after arrow-light\"><\/span><\/div>[\/vc_column_inner][vc_column_inner width=&#8221;1\/3&#8243;]<div class=\"info-box features-hospital animated-element animation-slideRight duration-800 delay-600\"><h3>Procesi i ekzaminimit<\/h3><p>Kur t\u00eb vij\u00eb dita e ekzaminimit, pas diagnoz\u00ebs s\u00eb b\u00ebr\u00eb nga mjeku juaj, p\u00ebr ju p\u00ebrcaktohet forma m\u00eb e p\u00ebrshtatshme e trajtimit.<\/p><\/div><div class=\"arrow-container animated-element animation-slideRight duration-800 delay-1050\"><span class=\"arrow template-arrow-horizontal-4-after arrow-dark\"><\/span><\/div>[\/vc_column_inner][vc_column_inner width=&#8221;1\/3&#8243;]<div class=\"info-box features-heart animated-element animation-slideRight duration-800 delay-1500\"><h3>Procesi i trajtimit<\/h3><p>Sapo t\u00eb vendosni p\u00ebr trajtimin (mund t\u00eb jet\u00eb n\u00eb t\u00eb nj\u00ebjt\u00ebn dit\u00eb),<br \/>\nne mund t\u00eb kryejm\u00eb trajtimin me lazer t\u00eb gjakderdhjes rektal.<\/p><\/div>[\/vc_column_inner][\/vc_row_inner][\/vc_column][\/vc_row]<\/p>\n","protected":false},"excerpt":{"rendered":"<p>[vc_row][vc_column width=&#8221;1\/2&#8243;][vc_empty_space][vc_video link=&#8221;https:\/\/www.youtube.com\/watch?v=F-85xRzDu44&#8243;][\/vc_column][vc_column width=&#8221;1\/2&#8243; el_class=&#8221;padding-left-30&#8243;][vc_empty_space][vc_raw_html]JTNDYSUyMGRhdGEtZmFuY3lib3glM0QlMjJnYWxsZXJ5JTIyJTIwaHJlZiUzRCUyMmh0dHBzJTNBJTJGJTJGd3d3LnlvdXR1YmUuY29tJTJGd2F0Y2glM0Z2JTNEUlBHS2duNW82blElMjIlMjBjbGFzcyUzRCUyMnZpZGVvLWJveCUyMiUzRSUwQSUyMCUyMCUyMCUyMCUzQ2ltZyUyMHNyYyUzRCUyMmh0dHBzJTNBJTJGJTJGYXZydXBhY2VycmFoaS5uZXQlMkZlbiUyRndwLWNvbnRlbnQlMkZ1cGxvYWRzJTJGMjAyMiUyRjEyJTJGbWFrYXRhcHNlc2kta2FwYWstZW5nLmpwZyUyMmltYWdlJTIyJTNFJTBBJTIwJTIwJTIwJTIwJTNDZGl2JTIwY2xhc3MlM0QlMjJ2aWRlby1ib3hfX2ljb24lMjIlM0UlM0NkaXYlMjBjbGFzcyUzRCUyMnZpZGVvLWJveF9faWNvbi0tcGxheSUyMiUzRSUzQ3N2ZyUyMHZpZXdCb3glM0QlMjIwJTIwMCUyMDI0JTIwMjQlMjIlMjB3aWR0aCUzRCUyMjI0JTIyJTIwaGVpZ2h0JTNEJTIyMjQlMjIlM0UlM0NwYXRoJTIwZmlsbCUzRCUyMm5vbmUlMjIlMjBkJTNEJTIyTTAlMjAwaDI0djI0SDB6JTIyJTJGJTNFJTNDcGF0aCUyMGQlM0QlMjJNMTkuMzc2JTIwMTIuNDE2TDguNzc3JTIwMTkuNDgyQS41LjUlMjAwJTIwMCUyMDElMjA4JTIwMTkuMDY2VjQuOTM0YS41LjUlMjAwJTIwMCUyMDElMjAuNzc3LS40MTZsMTAuNTk5JTIwNy4wNjZhLjUuNSUyMDAlMjAwJTIwMSUyMDAlMjAuODMyeiUyMiUyRiUzRSUzQyUyRnN2ZyUzRSUzQyUyRmRpdiUzRSUzQyUyRmRpdiUzRSUwQSUzQyUyRmElM0U=[\/vc_raw_html][\/vc_column][\/vc_row][vc_row][vc_column css=&#8221;.vc_custom_1536849658368{background-position: center !important;background-repeat: no-repeat !important;background-size: cover !important;}&#8221; el_class=&#8221;padding-bottom-128 column-limited&#8221;][vc_empty_space height=&#8221;15&#8243;][vc_separator][vc_empty_space height=&#8221;15&#8243;][vc_column_text]Koha e trajtimit \u00ebsht\u00eb 5-8 minuta. Trajtimi kryhet nen aneztezi lokale dhe nuk ka asnj\u00eb efekt an\u00ebsor . Nuk ka nevoj\u00eb p\u00ebr analiza ose te jeni esell per operacionin . Nuk ka prerje dhe qepje. \u0130ndet nuk d\u00ebmtohen, sh\u00ebrimi \u00ebsht\u00eb<\/p>\n","protected":false},"author":1,"featured_media":0,"parent":0,"menu_order":0,"comment_status":"closed","ping_status":"closed","template":"","meta":{"footnotes":""},"class_list":["post-5261","page","type-page","status-publish","hentry"],"aioseo_notices":[],"_links":{"self":[{"href":"https:\/\/avrupacerrahi.net\/al\/wp-json\/wp\/v2\/pages\/5261","targetHints":{"allow":["GET"]}}],"collection":[{"href":"https:\/\/avrupacerrahi.net\/al\/wp-json\/wp\/v2\/pages"}],"about":[{"href":"https:\/\/avrupacerrahi.net\/al\/wp-json\/wp\/v2\/types\/page"}],"author":[{"embeddable":true,"href":"https:\/\/avrupacerrahi.net\/al\/wp-json\/wp\/v2\/users\/1"}],"replies":[{"embeddable":true,"href":"https:\/\/avrupacerrahi.net\/al\/wp-json\/wp\/v2\/comments?post=5261"}],"version-history":[{"count":11,"href":"https:\/\/avrupacerrahi.net\/al\/wp-json\/wp\/v2\/pages\/5261\/revisions"}],"predecessor-version":[{"id":6902,"href":"https:\/\/avrupacerrahi.net\/al\/wp-json\/wp\/v2\/pages\/5261\/revisions\/6902"}],"wp:attachment":[{"href":"https:\/\/avrupacerrahi.net\/al\/wp-json\/wp\/v2\/media?parent=5261"}],"curies":[{"name":"wp","href":"https:\/\/api.w.org\/{rel}","templated":true}]}}