{"id":5277,"date":"2022-05-11T12:01:38","date_gmt":"2022-05-11T09:01:38","guid":{"rendered":"https:\/\/avrupacerrahi.com.tr\/en\/?page_id=5277"},"modified":"2024-12-19T12:14:28","modified_gmt":"2024-12-19T09:14:28","slug":"non-surgical-anal-prolapse-rectal-prolapse-treatment","status":"publish","type":"page","link":"https:\/\/avrupacerrahi.net\/al\/non-surgical-anal-prolapse-rectal-prolapse-treatment\/","title":{"rendered":"Trajtimi i prolapsit anal jo-kirurgjikal (prolapsi rektal)"},"content":{"rendered":"<p>[vc_row][vc_column width=&#8221;1\/2&#8243;][vc_empty_space][vc_raw_html]JTNDYSUyMGRhdGEtZmFuY3lib3glM0QlMjJnYWxsZXJ5JTIyJTIwaHJlZiUzRCUyMmh0dHBzJTNBJTJGJTJGd3d3LnlvdXR1YmUuY29tJTJGd2F0Y2glM0Z2JTNEMTQwN3VhTlN6V28lMjZ0JTNEMTJzJTIyJTIwY2xhc3MlM0QlMjJ2aWRlby1ib3glMjIlM0UlMEElMjAlMjAlMjAlMjAlM0NpbWclMjBzcmMlM0QlMjJodHRwcyUzQSUyRiUyRmF2cnVwYWNlcnJhaGkubmV0JTJGZW4lMkZ3cC1jb250ZW50JTJGdXBsb2FkcyUyRjIwMjIlMkYwNCUyRmhlbW9yb2lkLWNubi1pbmdpbGl6Y2UuanBnJTIyJTIwYWx0JTNEJTIyaW1hZ2UlMjIlM0UlMEElMjAlMjAlMjAlMjAlM0NkaXYlMjBjbGFzcyUzRCUyMnZpZGVvLWJveF9faWNvbiUyMiUzRSUzQ2RpdiUyMGNsYXNzJTNEJTIydmlkZW8tYm94X19pY29uLS1wbGF5JTIyJTNFJTNDc3ZnJTIwdmlld0JveCUzRCUyMjAlMjAwJTIwMjQlMjAyNCUyMiUyMHdpZHRoJTNEJTIyMjQlMjIlMjBoZWlnaHQlM0QlMjIyNCUyMiUzRSUzQ3BhdGglMjBmaWxsJTNEJTIybm9uZSUyMiUyMGQlM0QlMjJNMCUyMDBoMjR2MjRIMHolMjIlMkYlM0UlM0NwYXRoJTIwZCUzRCUyMk0xOS4zNzYlMjAxMi40MTZMOC43NzclMjAxOS40ODJBLjUuNSUyMDAlMjAwJTIwMSUyMDglMjAxOS4wNjZWNC45MzRhLjUuNSUyMDAlMjAwJTIwMSUyMC43NzctLjQxNmwxMC41OTklMjA3LjA2NmEuNS41JTIwMCUyMDAlMjAxJTIwMCUyMC44MzJ6JTIyJTJGJTNFJTNDJTJGc3ZnJTNFJTNDJTJGZGl2JTNFJTNDJTJGZGl2JTNFJTBBJTNDJTJGYSUzRQ==[\/vc_raw_html][\/vc_column][vc_column width=&#8221;1\/2&#8243; el_class=&#8221;padding-left-30&#8243;][vc_empty_space][vc_raw_html]JTNDYSUyMGRhdGEtZmFuY3lib3glM0QlMjJnYWxsZXJ5JTIyJTIwaHJlZiUzRCUyMmh0dHBzJTNBJTJGJTJGd3d3LnlvdXR1YmUuY29tJTJGd2F0Y2glM0Z2JTNEWUJqVlNmaVJXUzglMjIlMjBjbGFzcyUzRCUyMnZpZGVvLWJveCUyMiUzRSUwQSUyMCUyMCUyMCUyMCUzQ2ltZyUyMHNyYyUzRCUyMmh0dHBzJTNBJTJGJTJGYXZydXBhY2VycmFoaS5uZXQlMkZlbiUyRndwLWNvbnRlbnQlMkZ1cGxvYWRzJTJGMjAyMiUyRjEyJTJGcmVrdGFsa2FuYW1hLWthcGFrLWVuZy5qcGclMjIlMjBhbHQlM0QlMjJpbWFnZSUyMiUzRSUwQSUyMCUyMCUyMCUyMCUzQ2RpdiUyMGNsYXNzJTNEJTIydmlkZW8tYm94X19pY29uJTIyJTNFJTNDZGl2JTIwY2xhc3MlM0QlMjJ2aWRlby1ib3hfX2ljb24tLXBsYXklMjIlM0UlM0NzdmclMjB2aWV3Qm94JTNEJTIyMCUyMDAlMjAyNCUyMDI0JTIyJTIwd2lkdGglM0QlMjIyNCUyMiUyMGhlaWdodCUzRCUyMjI0JTIyJTNFJTNDcGF0aCUyMGZpbGwlM0QlMjJub25lJTIyJTIwZCUzRCUyMk0wJTIwMGgyNHYyNEgweiUyMiUyRiUzRSUzQ3BhdGglMjBkJTNEJTIyTTE5LjM3NiUyMDEyLjQxNkw4Ljc3NyUyMDE5LjQ4MkEuNS41JTIwMCUyMDAlMjAxJTIwOCUyMDE5LjA2NlY0LjkzNGEuNS41JTIwMCUyMDAlMjAxJTIwLjc3Ny0uNDE2bDEwLjU5OSUyMDcuMDY2YS41LjUlMjAwJTIwMCUyMDElMjAwJTIwLjgzMnolMjIlMkYlM0UlM0MlMkZzdmclM0UlM0MlMkZkaXYlM0UlM0MlMkZkaXYlM0UlMEElM0MlMkZhJTNF[\/vc_raw_html][\/vc_column][\/vc_row][vc_row][vc_column css=&#8221;.vc_custom_1536849658368{background-position: center !important;background-repeat: no-repeat !important;background-size: cover !important;}&#8221; el_class=&#8221;padding-bottom-128 column-limited&#8221;][vc_empty_space height=&#8221;15&#8243;][vc_separator][vc_empty_space height=&#8221;15&#8243;]<h2 class=\"box-header\">P\u00ebrpar\u00ebsit\u00eb e trajtimit me lazer<\/h2>[vc_column_text]Koha e trajtimit \u00ebsht\u00eb 5-8 minuta.<\/p>\n<p>Trajtimi kryhet nen aneztezi lokale dhe nuk ka asnj\u00eb efekt an\u00ebsor .<\/p>\n<p>Nuk ka nevoj\u00eb p\u00ebr analiza ose te jeni esell per operacionin .<\/p>\n<p>Nuk ka prerje dhe qepje.<\/p>\n<p>\u0130ndet nuk d\u00ebmtohen, sh\u00ebrimi \u00ebsht\u00eb i shpejt\u00eb.<\/p>\n<p>Pacientet jan\u00eb n\u00eb gjendje t\u00eb kthehen n\u00eb aktivitetet e tyre t\u00eb p\u00ebrditshme n\u00eb t\u00eb nj\u00ebjt\u00ebn dit\u00eb me trajtimin.<\/p>\n<p>Nuk k\u00ebrkon q\u00ebndrim n\u00eb spital pasi nderhyrja\u00a0 \u00ebsht\u00eb aq i rehatsh\u00ebm dhe i shpejt\u00eb sa mbushja e dh\u00ebmb\u00ebve.<\/p>\n<p>M\u00eb pak dhimbje pas trajtimit jokirurgjikal me lazer.<\/p>\n<p>Nuk ka komplikime pas trajtimit si (mosmbajtjeje jasht\u00ebqitjes ose gazrave, dhimbje t\u00eb forta&#8230;)<\/p>\n<p>Mund t\u00eb aplikohet edhe tek pacient\u00ebt me s\u00ebmundje kronike.[\/vc_column_text][vc_empty_space height=&#8221;15&#8243;][vc_separator][vc_empty_space height=&#8221;15&#8243;]<h2 class=\"box-header\">Pse duhet t\u00eb zgjidhni Avrupa Cerrahi?<\/h2>[vc_column_text]Ne trajtojm\u00eb pacient\u00ebt qe u eshte rekomanduar operacion me teknika jokirurgjikale t\u00eb bazuara n\u00eb lazer me njohurit\u00eb tona 17 vje\u00e7are.<\/p>\n<p>Ne ndjekim t\u00eb gjitha informacionet dhe zhvillimet p\u00ebrkat\u00ebse n\u00eb fush\u00ebn e proktologjis\u00eb nga burime vendase dhe t\u00eb huaja, si dhe aplikojm\u00eb teknologjin\u00eb ton\u00eb unike t\u00eb trajtimit special me zhvillime inovative n\u00eb k\u00ebt\u00eb fush\u00eb.[\/vc_column_text][vc_empty_space height=&#8221;15&#8243;][vc_separator][vc_empty_space height=&#8221;15&#8243;]<h2 class=\"box-header black align-center large\">Na kontaktoni<\/h2>[vc_empty_space height=&#8221;15&#8243;]\n<div class=\"wpcf7 no-js\" id=\"wpcf7-f5761-o1\" lang=\"en-US\" dir=\"ltr\" data-wpcf7-id=\"5761\">\n<div class=\"screen-reader-response\"><p role=\"status\" aria-live=\"polite\" aria-atomic=\"true\"><\/p> <ul><\/ul><\/div>\n<form action=\"\/al\/wp-json\/wp\/v2\/pages\/5277#wpcf7-f5761-o1\" method=\"post\" class=\"wpcf7-form init\" aria-label=\"Contact form\" novalidate=\"novalidate\" data-status=\"init\">\n<fieldset class=\"hidden-fields-container\"><input type=\"hidden\" name=\"_wpcf7\" value=\"5761\" \/><input type=\"hidden\" name=\"_wpcf7_version\" value=\"6.1.5\" \/><input type=\"hidden\" name=\"_wpcf7_locale\" value=\"en_US\" \/><input type=\"hidden\" name=\"_wpcf7_unit_tag\" value=\"wpcf7-f5761-o1\" \/><input type=\"hidden\" name=\"_wpcf7_container_post\" value=\"0\" \/><input type=\"hidden\" name=\"_wpcf7_posted_data_hash\" value=\"\" \/><input type=\"hidden\" name=\"_wpcf7_recaptcha_response\" value=\"\" \/>\n<\/fieldset>\n<div class=\"uacf7-form-wrapper-container uacf7-form-5761  \"><label class=\"forms\">Emri dhe mbiemri<\/label>      \n<div class=\"yeniForm\" style=\"width:100%;\"><span class=\"wpcf7-form-control-wrap\" data-name=\"text-947\"><input size=\"40\" maxlength=\"400\" class=\"wpcf7-form-control wpcf7-text wpcf7-validates-as-required\" aria-required=\"true\" aria-invalid=\"false\" placeholder=\"Emri dhe mbiemri\" value=\"\" type=\"text\" name=\"text-947\" \/><\/span><\/div>\n\n<label class=\"forms\">Numri i telefonit<\/label>\n<div class=\"yeniForm form-size\" style=\"width:100%;\"><span class=\"wpcf7-form-control-wrap\" data-name=\"phonetext-104\"><input size=\"40\" class=\"wpcf7-form-control wpcf7-phonetext wpcf7-validates-as-required wpcf7-text wpcf7-validates-as-phonetext\" aria-required=\"true\" aria-invalid=\"false\" value=\"+355\" type=\"text\" name=\"phonetext-104\" \/><input type=\"hidden\" name=\"phonetext-104-country-code\" class=\"wpcf7-phonetext-country-code\" \/><\/span><\/div>\n\n<label class=\"forms\">Mesazhi<\/label>\n<div class=\"yeniForm text-form\" style=\"width:100%;\"><span class=\"wpcf7-form-control-wrap\" data-name=\"text-751\"><input size=\"40\" maxlength=\"400\" class=\"wpcf7-form-control wpcf7-text\" aria-invalid=\"false\" placeholder=\"Mesazhi\" value=\"\" type=\"text\" name=\"text-751\" \/><\/span><\/div>\n\n<div class=\"yeniFormBtn\" style=\"width:100%;\"><input class=\"wpcf7-form-control wpcf7-submit has-spinner\" type=\"submit\" value=\"D\u00ebrgo\" \/><\/div>\n\n\n<style>\n\/* Label *\/\n.forms{\n  display: block;\n  margin-bottom: 6px;\n}\n\n\/* Form bloklar\u0131 *\/\n.yeniForm{\n  width: 100%;\n  margin-bottom: 14px;\n  box-sizing: border-box;\n}\n\n\/* T\u00fcm inputlar *\/\n.yeniForm input{\n  width: 100% !important;\n  background: #f0f0f0;\n  border: none;\n  padding: 12px;\n  box-sizing: border-box;\n}\n\n\/* Telefon alan\u0131 \u2013 \u00f6zel override *\/\n.form-size input{\n  padding-left: 18px;\n  width: 100% !important;\n  font-weight: bold;\n}\n\n\/* Mesaj alan\u0131 *\/\n.text-form input{\n  height: 120px;\n}\n\n\/* Flag alan\u0131 *\/\n.flag-container,\n.selected-flag{\n  background: #d1d1d1;\n  width: 57px;\n}\n\n\/* Submit *\/\n.yeniFormBtn{\n  width: 100%;\n}\n\n.yeniFormBtn input{\n  width: 100% !important;\n  background: #3b72ae;\n  margin-top: 15px;\n  color: #fff;\n  border: none;\n  padding: 14px;\n  cursor: pointer;\n}\n\n\/* CF7 phone input *\/\ninput.wpcf7-form-control.wpcf7-text.wpcf7-phonetext{\n  width: 100% !important;\n  font-weight: bold;\n}\n<\/style><\/div><input type='hidden' class='wpcf7-pum' value='{\"closepopup\":false,\"closedelay\":0,\"openpopup\":false,\"openpopup_id\":0}' \/><div class=\"wpcf7-response-output\" aria-hidden=\"true\"><\/div>\n<\/form>\n<\/div>\n[vc_empty_space height=&#8221;15&#8243;][vc_separator][vc_empty_space height=&#8221;15&#8243;]<h2 class=\"box-header black align-center large\">Partner\u00ebt tan\u00eb<\/h2>[vc_empty_space height=&#8221;15&#8243;][vc_images_carousel images=&#8221;5153,5157,5158,5203&#8243; img_size=&#8221;full&#8221; speed=&#8221;3000&#8243; slides_per_view=&#8221;4&#8243; hide_pagination_control=&#8221;yes&#8221; hide_prev_next_buttons=&#8221;yes&#8221; wrap=&#8221;yes&#8221;][vc_empty_space height=&#8221;15&#8243;][vc_separator][\/vc_column][\/vc_row][vc_row][vc_column]<h2 class=\"box-header\">\u00c7far\u00eb \u00ebsht\u00eb prolapsi anal (prolapsi rektal)?<\/h2>[vc_column_text]Rektumi, i cili p\u00ebrshkruhet si pjesa m\u00eb e af\u00ebrt dhe pjesa e fundit e zorr\u00ebs s\u00eb trash\u00eb me regjionin anal, Prolapsi dhe hernia nga regjioni anal quhet prolapsi anal (prolapsi rektal).<br \/>\nSi rezultat i prolapsit t\u00eb rektumit, mukoza ose jasht\u00ebqitja mund t\u00eb vijn\u00eb pas dob\u00ebsimit t\u00eb muskujve q\u00eb mbajn\u00eb jasht\u00ebqitjen dhe t\u00eb quajtur sfinkter. Ky \u00e7rregullim \u00ebsht\u00eb m\u00eb i shpesht\u00eb tek femrat, shihet edhe tek femrat q\u00eb lindin shum\u00eb shpesh.<br \/>\nProlapsi rektal, i cili m\u00eb s\u00eb shumti v\u00ebrehet n\u00eb mosh\u00ebn 1-4 vje\u00e7 tek f\u00ebmij\u00ebt dhe pas mosh\u00ebs 45 vje\u00e7 tek t\u00eb rriturit, duhet t\u00eb trajtohet nga mjeku specialist pas ekzaminimit.[\/vc_column_text]<h2 class=\"box-header\">\u00c7far\u00eb e shkakton prolapsin anal (prolapsi rektal)?<\/h2>[vc_column_text]Shkaku themelor i prolapsit rektal \u00ebsht\u00eb kryesisht kapsll\u00ebku kronik. Ankesa e kapsll\u00ebkut afatgjat\u00eb dhe t\u00eb p\u00ebrs\u00ebritur vazhdimisht e b\u00ebn anusin pak m\u00eb t\u00eb v\u00ebshtir\u00eb \u00e7do her\u00eb p\u00ebr shkak t\u00eb tendosjes s\u00eb tep\u00ebrt q\u00eb sjell.<br \/>\nKy proces krijon s\u00ebmundje t\u00eb prolapsit rektal me kalimin e koh\u00ebs. \u00cbsht\u00eb efektiv n\u00eb formimin e prolapsit rektal si dhe n\u00eb diarre kronike. P\u00ebr shkak t\u00eb nevoj\u00ebs s\u00eb vazhdueshme p\u00ebr defekim, pacienti shkon vazhdimisht n\u00eb tualet dhe kryen sforcime t\u00eb panevojshme.<br \/>\nSi rezultat, mund t\u00eb ndodh\u00eb r\u00ebnie e k\u00ebll\u00ebf\u00ebs. P\u00ebrve\u00e7 k\u00ebsaj, shum\u00eb lindje normale tek grat\u00eb shkaktojn\u00eb gjithashtu prolaps t\u00eb rektumit. P\u00ebrve\u00e7 k\u00ebtyre, arsyet q\u00eb shkaktojn\u00eb prolapsin rektal jan\u00eb si m\u00eb posht\u00eb;<\/p>\n<ul>\n<li>Nevoja p\u00ebr sforcim t\u00eb panevojsh\u00ebm p\u00ebr jasht\u00ebqitje q\u00eb \u00ebsht\u00eb b\u00ebr\u00eb zakon<\/li>\n<li>Kollitja e vazhdueshme p\u00ebr shkak t\u00eb s\u00ebmundjes pulmonare obstruktive kronike<\/li>\n<li>P\u00ebrdorimi i vazhduesh\u00ebm i barnave laksative nga pacient\u00ebt q\u00eb vuajn\u00eb nga kapsll\u00ebku kronik<\/li>\n<li>Relaksimi i muskujve q\u00eb mbajn\u00eb jasht\u00ebqitjen p\u00ebr shkak t\u00eb mosh\u00ebs<\/li>\n<li>Mosfunksionimi i urin\u00ebs p\u00ebr shkak t\u00eb mosfunksionimit t\u00eb dyshemes\u00eb s\u00eb legenit<\/li>\n<li>Rrall\u00eb, shkaqe trash\u00ebgimore<\/li>\n<li>S\u00ebmundja e fibroz\u00ebs cistike<\/li>\n<li>Pas l\u00ebndimeve t\u00eb shtyll\u00ebs kurrizore<\/li>\n<li>Bakteret e dizenteris\u00eb s\u00eb parazitit dhe bacilit<\/li>\n<li>R\u00ebnia e anusit mund t\u00eb shihet si pasoj\u00eb e disa s\u00ebmundjeve neurologjike.<\/li>\n<\/ul>\n<p>[\/vc_column_text][vc_empty_space height=&#8221;15&#8243;]<h2 class=\"box-header\">Cilat jan\u00eb simptomat e prolapsit rektal?<\/h2>[vc_column_text]N\u00eb prolapsin rektal, muskujt e p\u00ebrdorur p\u00ebr defekim nuk mund t\u00eb funksionojn\u00eb plot\u00ebsisht. P\u00ebr m\u00eb tep\u00ebr, simptomat vazhdojn\u00eb t\u00eb rriten p\u00ebr shkak t\u00eb deformimit q\u00eb \u00ebsht\u00eb n\u00eb kund\u00ebrshtim me anatomin\u00eb n\u00eb regjionin e krahut. Si rezultat i gjith\u00eb k\u00ebsaj, mund t\u00eb v\u00ebrehen simptomat e m\u00ebposhtme; \u2022 Ankesa p\u00ebr kapsll\u00ebk q\u00eb v\u00ebrehet n\u00eb prolapsin rektal \u00ebsht\u00eb m\u00eb e zakonshme tek pacient\u00ebt e mosh\u00ebs s\u00eb mesme.<\/p>\n<ul>\n<li>P\u00ebr shkak t\u00eb ndjenj\u00ebs s\u00eb zbrazjes jo t\u00eb plot\u00eb t\u00eb jasht\u00ebqitjes, pacienti ka nevoj\u00eb p\u00ebr tualetin vazhdimisht. Pacienti q\u00eb shkon shpesh n\u00eb tualet b\u00ebn q\u00eb s\u00ebmundja t\u00eb p\u00ebrparoj\u00eb duke shtyr\u00eb vazhdimisht.<\/li>\n<li>Pacienti, i cili vazhdimisht ndjen nevoj\u00ebn p\u00ebr t\u00eb defekuar dhe sforcuar, p\u00ebr shkak t\u00eb k\u00ebsaj situate nuk mund t\u00eb kaloj\u00eb shum\u00eb koh\u00eb jasht\u00eb. Jeta sociale ndikohet negativisht.<\/li>\n<li>Inkontinenca e gazit dhe problemet e mosmbajtjes fekale t\u00eb quajtura mosmbajtje fekale jan\u00eb nd\u00ebr ankesat e zakonshme n\u00eb prolapsin rektal. \u00cbsht\u00eb m\u00eb e zakonshme sidomos te pacient\u00ebt e mosh\u00ebs s\u00eb mesme. Ankesa p\u00ebr mosmbajtje gazi dhe fekale zhvillohet p\u00ebr shkak t\u00eb shtrirjes s\u00eb zorr\u00ebve q\u00eb del jasht\u00eb anusit.<\/li>\n<\/ul>\n<p>V\u00ebshtir\u00ebsia n\u00eb defekim p\u00ebr shkak t\u00eb zorr\u00ebs s\u00eb deformuar \u00ebsht\u00eb nj\u00eb tjet\u00ebr ankes\u00eb q\u00eb shihet te pacient\u00ebt me prolaps rektal.[\/vc_column_text][\/vc_column][\/vc_row][vc_row][vc_column]<h2 class=\"box-header\">Si trajtohet prolapsi rektal?<\/h2>[vc_column_text]N\u00eb rastin e prolapsit rektal, i cili zakonisht diagnostikohet gjat\u00eb ekzaminimit t\u00eb kryer nga mjeku specialist proktolog, gjat\u00eb ekzaminimit mund t\u00eb zbulohet edhe prolapsi intestinal. N\u00eb nj\u00eb rast t\u00eb till\u00eb, mjeku specialist e shtyn zorr\u00ebn brenda dhe e fikson me gips q\u00eb n\u00eb zon\u00ebn n\u00eb fjal\u00eb t\u00eb mos zhvillohet edema. N\u00eb rastet kur zorra \u00ebsht\u00eb tep\u00ebr e prolapsuar, mund t\u00eb bllokoj\u00eb en\u00ebt limfatike dhe t\u00eb zhvilloj\u00eb nj\u00eb edem\u00eb k\u00ebtu dhe n\u00ebse nuk trajtohet, mund t\u00eb shkaktoj\u00eb nekroz\u00eb (kalbje) n\u00eb zorr\u00eb.<\/p>\n<p>Defekografia: \u00cbsht\u00eb nj\u00eb teknik\u00eb e ekzaminimit radiologjik q\u00eb p\u00ebrdoret n\u00eb raste t\u00eb tilla si prolapsi okult ose i brendsh\u00ebm i rektumit te pacient\u00ebt. Pamjet merren me tomografi dhe defekografi MRI gjat\u00eb l\u00ebvizjeve t\u00eb zorr\u00ebve. Me k\u00ebto imazhe, mund t\u00eb shfaqet prolapsi rektal.<\/p>\n<p>ERUS (Ultrasonografia Endoskopike Rektale): \u00cbsht\u00eb nj\u00eb metod\u00eb ve\u00e7an\u00ebrisht e dobishme n\u00eb pacient\u00ebt q\u00eb i n\u00ebnshtrohen rikonstruksionit kirurgjik. B\u00ebhet nga nj\u00eb radiolog.<\/p>\n<p>MRI e legenit: B\u00ebhet me q\u00ebllim t\u00eb marrjes s\u00eb informacionit n\u00eb lidhje me gjendjen aktuale t\u00eb muskujve t\u00eb dyshemes\u00eb s\u00eb legenit dhe muskujt e shpin\u00ebs. N\u00ebse ka d\u00ebmtim t\u00eb k\u00ebtyre muskujve, mund t\u00eb shihet leht\u00ebsisht n\u00eb MRI.[\/vc_column_text][\/vc_column][\/vc_row][vc_row][vc_column][vc_separator][vc_empty_space height=&#8221;15&#8243;]<h2 class=\"box-header align-left\">Video t\u00eb rekomanduara p\u00ebr prolapsin rektal<\/h2>[vc_empty_space height=&#8221;15&#8243;][vc_row_inner top_margin=&#8221;page-margin-top-section&#8221; el_class=&#8221;flex-box&#8221;][vc_column_inner width=&#8221;1\/3&#8243;][vc_raw_html]JTNDYSUyMGRhdGEtZmFuY3lib3glM0QlMjJnYWxsZXJ5JTIyJTIwaHJlZiUzRCUyMmh0dHBzJTNBJTJGJTJGd3d3LnlvdXR1YmUuY29tJTJGd2F0Y2glM0Z2JTNEZkdvb3ZPVjVYY2clMjIlMjBjbGFzcyUzRCUyMnZpZGVvLWJveCUyMiUzRSUwQSUyMCUyMCUyMCUyMCUzQ2ltZyUyMHNyYyUzRCUyMmh0dHBzJTNBJTJGJTJGYXZydXBhY2VycmFoaS5jb20udHIlMkZ3cC1jb250ZW50JTJGdXBsb2FkcyUyRjIwMjElMkYwMiUyRmFuYWwtZmlzc3VyLWF5YWt0YW4tdGVkYXZpLmpwZyUyMiUyMGFsdCUzRCUyMmltYWdlJTIyJTNFJTBBJTIwJTIwJTIwJTIwJTNDZGl2JTIwY2xhc3MlM0QlMjJ2aWRlby1ib3hfX2ljb24lMjIlM0UlM0NkaXYlMjBjbGFzcyUzRCUyMnZpZGVvLWJveF9faWNvbi0tcGxheSUyMiUzRSUzQ3N2ZyUyMHZpZXdCb3glM0QlMjIwJTIwMCUyMDI0JTIwMjQlMjIlMjB3aWR0aCUzRCUyMjI0JTIyJTIwaGVpZ2h0JTNEJTIyMjQlMjIlM0UlM0NwYXRoJTIwZmlsbCUzRCUyMm5vbmUlMjIlMjBkJTNEJTIyTTAlMjAwaDI0djI0SDB6JTIyJTJGJTNFJTNDcGF0aCUyMGQlM0QlMjJNMTkuMzc2JTIwMTIuNDE2TDguNzc3JTIwMTkuNDgyQS41LjUlMjAwJTIwMCUyMDElMjA4JTIwMTkuMDY2VjQuOTM0YS41LjUlMjAwJTIwMCUyMDElMjAuNzc3LS40MTZsMTAuNTk5JTIwNy4wNjZhLjUuNSUyMDAlMjAwJTIwMSUyMDAlMjAuODMyeiUyMiUyRiUzRSUzQyUyRnN2ZyUzRSUzQyUyRmRpdiUzRSUzQyUyRmRpdiUzRSUwQSUzQyUyRmElM0U=[\/vc_raw_html][\/vc_column_inner][vc_column_inner width=&#8221;1\/3&#8243;][vc_raw_html]JTNDYSUyMGRhdGEtZmFuY3lib3glM0QlMjJnYWxsZXJ5JTIyJTIwaHJlZiUzRCUyMmh0dHBzJTNBJTJGJTJGd3d3LnlvdXR1YmUuY29tJTJGd2F0Y2glM0Z2JTNEY2FxdlRjbmxWR1ElMjIlMjBjbGFzcyUzRCUyMnZpZGVvLWJveCUyMiUzRSUwQSUyMCUyMCUyMCUyMCUzQ2ltZyUyMHNyYyUzRCUyMmh0dHBzJTNBJTJGJTJGYXZydXBhY2VycmFoaS5jb20udHIlMkZ3cC1jb250ZW50JTJGdXBsb2FkcyUyRjIwMjElMkYwMiUyRmFuYWwtZmlzdHVsLWlsZS1hbmFsLWZpc3N1ci5qcGclMjIlMjBhbHQlM0QlMjJpbWFnZSUyMiUzRSUwQSUyMCUyMCUyMCUyMCUzQ2RpdiUyMGNsYXNzJTNEJTIydmlkZW8tYm94X19pY29uJTIyJTNFJTNDZGl2JTIwY2xhc3MlM0QlMjJ2aWRlby1ib3hfX2ljb24tLXBsYXklMjIlM0UlM0NzdmclMjB2aWV3Qm94JTNEJTIyMCUyMDAlMjAyNCUyMDI0JTIyJTIwd2lkdGglM0QlMjIyNCUyMiUyMGhlaWdodCUzRCUyMjI0JTIyJTNFJTNDcGF0aCUyMGZpbGwlM0QlMjJub25lJTIyJTIwZCUzRCUyMk0wJTIwMGgyNHYyNEgweiUyMiUyRiUzRSUzQ3BhdGglMjBkJTNEJTIyTTE5LjM3NiUyMDEyLjQxNkw4Ljc3NyUyMDE5LjQ4MkEuNS41JTIwMCUyMDAlMjAxJTIwOCUyMDE5LjA2NlY0LjkzNGEuNS41JTIwMCUyMDAlMjAxJTIwLjc3Ny0uNDE2bDEwLjU5OSUyMDcuMDY2YS41LjUlMjAwJTIwMCUyMDElMjAwJTIwLjgzMnolMjIlMkYlM0UlM0MlMkZzdmclM0UlM0MlMkZkaXYlM0UlM0MlMkZkaXYlM0UlMEElM0MlMkZhJTNF[\/vc_raw_html][\/vc_column_inner][vc_column_inner width=&#8221;1\/3&#8243;][vc_raw_html]JTNDYSUyMGRhdGEtZmFuY3lib3glM0QlMjJnYWxsZXJ5JTIyJTIwaHJlZiUzRCUyMmh0dHBzJTNBJTJGJTJGd3d3LnlvdXR1YmUuY29tJTJGd2F0Y2glM0Z2JTNEdC13M3BuZkVFWG8lMjIlMjBjbGFzcyUzRCUyMnZpZGVvLWJveCUyMiUzRSUwQSUyMCUyMCUyMCUyMCUzQ2ltZyUyMHNyYyUzRCUyMmh0dHBzJTNBJTJGJTJGYXZydXBhY2VycmFoaS5jb20udHIlMkZ3cC1jb250ZW50JTJGdXBsb2FkcyUyRjIwMjElMkYwMiUyRmZpc3N1ci1tYWtldC1jYXRsYWdpLmpwZyUyMiUyMGFsdCUzRCUyMmltYWdlJTIyJTNFJTBBJTIwJTIwJTIwJTIwJTNDZGl2JTIwY2xhc3MlM0QlMjJ2aWRlby1ib3hfX2ljb24lMjIlM0UlM0NkaXYlMjBjbGFzcyUzRCUyMnZpZGVvLWJveF9faWNvbi0tcGxheSUyMiUzRSUzQ3N2ZyUyMHZpZXdCb3glM0QlMjIwJTIwMCUyMDI0JTIwMjQlMjIlMjB3aWR0aCUzRCUyMjI0JTIyJTIwaGVpZ2h0JTNEJTIyMjQlMjIlM0UlM0NwYXRoJTIwZmlsbCUzRCUyMm5vbmUlMjIlMjBkJTNEJTIyTTAlMjAwaDI0djI0SDB6JTIyJTJGJTNFJTNDcGF0aCUyMGQlM0QlMjJNMTkuMzc2JTIwMTIuNDE2TDguNzc3JTIwMTkuNDgyQS41LjUlMjAwJTIwMCUyMDElMjA4JTIwMTkuMDY2VjQuOTM0YS41LjUlMjAwJTIwMCUyMDElMjAuNzc3LS40MTZsMTAuNTk5JTIwNy4wNjZhLjUuNSUyMDAlMjAwJTIwMSUyMDAlMjAuODMyeiUyMiUyRiUzRSUzQyUyRnN2ZyUzRSUzQyUyRmRpdiUzRSUzQyUyRmRpdiUzRSUwQSUzQyUyRmElM0U=[\/vc_raw_html][\/vc_column_inner][\/vc_row_inner][vc_empty_space height=&#8221;15&#8243;][vc_separator][vc_empty_space height=&#8221;15&#8243;][\/vc_column][\/vc_row][vc_row type=&#8221;full-width mc-parallax mc-overlay&#8221; top_margin=&#8221;page-margin-top-section&#8221; css=&#8221;.vc_custom_1649163838993{background-color: #173c6d !important;background-position: center !important;background-repeat: no-repeat !important;background-size: cover !important;}&#8221; el_class=&#8221;padding-top-89 padding-bottom-100&#8243;][vc_column]<h2 class=\"box-header white align-center large\">Si b\u00ebhet procesi i trajtimit n\u00eb AVRUPA CERRAH\u0130 ?<\/h2>[vc_row_inner top_margin=&#8221;page-margin-top-section&#8221; el_class=&#8221;flex-box&#8221;][vc_column_inner width=&#8221;1\/3&#8243;]<div class=\"info-box features-phone animated-element animation-fadeIn duration-500\"><h3>Marrja e nj\u00eb takimi<\/h3><p>N\u00ebse d\u00ebshironi t\u00eb filloni nj\u00eb proces t\u00eb shpejt\u00eb trajtimi, mund t\u00eb caktoni nj\u00eb takim duke telefonuar ose p\u00ebrmes WhatsApp n\u00eb numrin<br \/>\n<a href=\"https:\/\/wa.me\/905368592181\">+90 536 859 21 81<\/a><\/p>\n<p><span style=\"color: #ffffff;\">&lt;<\/span><\/p><\/div><div class=\"arrow-container animated-element animation-slideRight duration-800 delay-150\"><span class=\"arrow template-arrow-horizontal-4-after arrow-light\"><\/span><\/div>[\/vc_column_inner][vc_column_inner width=&#8221;1\/3&#8243;]<div class=\"info-box features-hospital animated-element animation-slideRight duration-800 delay-600\"><h3>Procesi i ekzaminimit<\/h3><p>Kur t\u00eb vij\u00eb dita e ekzaminimit, pas diagnoz\u00ebs s\u00eb b\u00ebr\u00eb nga mjeku juaj, p\u00ebr ju p\u00ebrcaktohet forma m\u00eb e p\u00ebrshtatshme e trajtimit.<\/p><\/div><div class=\"arrow-container animated-element animation-slideRight duration-800 delay-1050\"><span class=\"arrow template-arrow-horizontal-4-after arrow-dark\"><\/span><\/div>[\/vc_column_inner][vc_column_inner width=&#8221;1\/3&#8243;]<div class=\"info-box features-heart animated-element animation-slideRight duration-800 delay-1500\"><h3>Procesi i trajtimit<\/h3><p>Sapo t\u00eb vendosni p\u00ebr trajtimin (mund t\u00eb jet\u00eb n\u00eb t\u00eb nj\u00ebjt\u00ebn dit\u00eb),<br \/>\nne mund t\u00eb kryejm\u00eb trajtimin me lazer t\u00eb gjakderdhjes rektal.<\/p><\/div>[\/vc_column_inner][\/vc_row_inner][\/vc_column][\/vc_row]<\/p>\n","protected":false},"excerpt":{"rendered":"<p>[vc_row][vc_column width=&#8221;1\/2&#8243;][vc_empty_space][vc_raw_html]JTNDYSUyMGRhdGEtZmFuY3lib3glM0QlMjJnYWxsZXJ5JTIyJTIwaHJlZiUzRCUyMmh0dHBzJTNBJTJGJTJGd3d3LnlvdXR1YmUuY29tJTJGd2F0Y2glM0Z2JTNEMTQwN3VhTlN6V28lMjZ0JTNEMTJzJTIyJTIwY2xhc3MlM0QlMjJ2aWRlby1ib3glMjIlM0UlMEElMjAlMjAlMjAlMjAlM0NpbWclMjBzcmMlM0QlMjJodHRwcyUzQSUyRiUyRmF2cnVwYWNlcnJhaGkubmV0JTJGZW4lMkZ3cC1jb250ZW50JTJGdXBsb2FkcyUyRjIwMjIlMkYwNCUyRmhlbW9yb2lkLWNubi1pbmdpbGl6Y2UuanBnJTIyJTIwYWx0JTNEJTIyaW1hZ2UlMjIlM0UlMEElMjAlMjAlMjAlMjAlM0NkaXYlMjBjbGFzcyUzRCUyMnZpZGVvLWJveF9faWNvbiUyMiUzRSUzQ2RpdiUyMGNsYXNzJTNEJTIydmlkZW8tYm94X19pY29uLS1wbGF5JTIyJTNFJTNDc3ZnJTIwdmlld0JveCUzRCUyMjAlMjAwJTIwMjQlMjAyNCUyMiUyMHdpZHRoJTNEJTIyMjQlMjIlMjBoZWlnaHQlM0QlMjIyNCUyMiUzRSUzQ3BhdGglMjBmaWxsJTNEJTIybm9uZSUyMiUyMGQlM0QlMjJNMCUyMDBoMjR2MjRIMHolMjIlMkYlM0UlM0NwYXRoJTIwZCUzRCUyMk0xOS4zNzYlMjAxMi40MTZMOC43NzclMjAxOS40ODJBLjUuNSUyMDAlMjAwJTIwMSUyMDglMjAxOS4wNjZWNC45MzRhLjUuNSUyMDAlMjAwJTIwMSUyMC43NzctLjQxNmwxMC41OTklMjA3LjA2NmEuNS41JTIwMCUyMDAlMjAxJTIwMCUyMC44MzJ6JTIyJTJGJTNFJTNDJTJGc3ZnJTNFJTNDJTJGZGl2JTNFJTNDJTJGZGl2JTNFJTBBJTNDJTJGYSUzRQ==[\/vc_raw_html][\/vc_column][vc_column width=&#8221;1\/2&#8243; el_class=&#8221;padding-left-30&#8243;][vc_empty_space][vc_raw_html]JTNDYSUyMGRhdGEtZmFuY3lib3glM0QlMjJnYWxsZXJ5JTIyJTIwaHJlZiUzRCUyMmh0dHBzJTNBJTJGJTJGd3d3LnlvdXR1YmUuY29tJTJGd2F0Y2glM0Z2JTNEWUJqVlNmaVJXUzglMjIlMjBjbGFzcyUzRCUyMnZpZGVvLWJveCUyMiUzRSUwQSUyMCUyMCUyMCUyMCUzQ2ltZyUyMHNyYyUzRCUyMmh0dHBzJTNBJTJGJTJGYXZydXBhY2VycmFoaS5uZXQlMkZlbiUyRndwLWNvbnRlbnQlMkZ1cGxvYWRzJTJGMjAyMiUyRjEyJTJGcmVrdGFsa2FuYW1hLWthcGFrLWVuZy5qcGclMjIlMjBhbHQlM0QlMjJpbWFnZSUyMiUzRSUwQSUyMCUyMCUyMCUyMCUzQ2RpdiUyMGNsYXNzJTNEJTIydmlkZW8tYm94X19pY29uJTIyJTNFJTNDZGl2JTIwY2xhc3MlM0QlMjJ2aWRlby1ib3hfX2ljb24tLXBsYXklMjIlM0UlM0NzdmclMjB2aWV3Qm94JTNEJTIyMCUyMDAlMjAyNCUyMDI0JTIyJTIwd2lkdGglM0QlMjIyNCUyMiUyMGhlaWdodCUzRCUyMjI0JTIyJTNFJTNDcGF0aCUyMGZpbGwlM0QlMjJub25lJTIyJTIwZCUzRCUyMk0wJTIwMGgyNHYyNEgweiUyMiUyRiUzRSUzQ3BhdGglMjBkJTNEJTIyTTE5LjM3NiUyMDEyLjQxNkw4Ljc3NyUyMDE5LjQ4MkEuNS41JTIwMCUyMDAlMjAxJTIwOCUyMDE5LjA2NlY0LjkzNGEuNS41JTIwMCUyMDAlMjAxJTIwLjc3Ny0uNDE2bDEwLjU5OSUyMDcuMDY2YS41LjUlMjAwJTIwMCUyMDElMjAwJTIwLjgzMnolMjIlMkYlM0UlM0MlMkZzdmclM0UlM0MlMkZkaXYlM0UlM0MlMkZkaXYlM0UlMEElM0MlMkZhJTNF[\/vc_raw_html][\/vc_column][\/vc_row][vc_row][vc_column css=&#8221;.vc_custom_1536849658368{background-position: center !important;background-repeat: no-repeat !important;background-size: cover !important;}&#8221; el_class=&#8221;padding-bottom-128 column-limited&#8221;][vc_empty_space height=&#8221;15&#8243;][vc_separator][vc_empty_space height=&#8221;15&#8243;][vc_column_text]Koha e trajtimit \u00ebsht\u00eb 5-8 minuta. Trajtimi kryhet nen aneztezi lokale dhe nuk ka asnj\u00eb efekt an\u00ebsor . Nuk ka nevoj\u00eb p\u00ebr analiza ose te jeni esell per operacionin . Nuk ka prerje dhe qepje. \u0130ndet nuk d\u00ebmtohen, sh\u00ebrimi \u00ebsht\u00eb i<\/p>\n","protected":false},"author":1,"featured_media":0,"parent":0,"menu_order":0,"comment_status":"closed","ping_status":"closed","template":"","meta":{"footnotes":""},"class_list":["post-5277","page","type-page","status-publish","hentry"],"aioseo_notices":[],"_links":{"self":[{"href":"https:\/\/avrupacerrahi.net\/al\/wp-json\/wp\/v2\/pages\/5277","targetHints":{"allow":["GET"]}}],"collection":[{"href":"https:\/\/avrupacerrahi.net\/al\/wp-json\/wp\/v2\/pages"}],"about":[{"href":"https:\/\/avrupacerrahi.net\/al\/wp-json\/wp\/v2\/types\/page"}],"author":[{"embeddable":true,"href":"https:\/\/avrupacerrahi.net\/al\/wp-json\/wp\/v2\/users\/1"}],"replies":[{"embeddable":true,"href":"https:\/\/avrupacerrahi.net\/al\/wp-json\/wp\/v2\/comments?post=5277"}],"version-history":[{"count":8,"href":"https:\/\/avrupacerrahi.net\/al\/wp-json\/wp\/v2\/pages\/5277\/revisions"}],"predecessor-version":[{"id":6903,"href":"https:\/\/avrupacerrahi.net\/al\/wp-json\/wp\/v2\/pages\/5277\/revisions\/6903"}],"wp:attachment":[{"href":"https:\/\/avrupacerrahi.net\/al\/wp-json\/wp\/v2\/media?parent=5277"}],"curies":[{"name":"wp","href":"https:\/\/api.w.org\/{rel}","templated":true}]}}