{"id":5815,"date":"2023-06-06T10:49:49","date_gmt":"2023-06-06T07:49:49","guid":{"rendered":"https:\/\/avrupacerrahi.com.tr\/en\/?page_id=5815"},"modified":"2025-01-13T16:42:26","modified_gmt":"2025-01-13T13:42:26","slug":"hidradenitis-suppurativa","status":"publish","type":"page","link":"https:\/\/avrupacerrahi.net\/al\/hidradenitis-suppurativa\/","title":{"rendered":"S\u00ebmundja Hidradenitis Suppurativa: Metodat efektive t\u00eb trajtimit me lazer"},"content":{"rendered":"<p>[vc_row][vc_column width=&#8221;1\/2&#8243;][vc_empty_space height=&#8221;25px&#8221;][vc_raw_html]JTNDaWZyYW1lJTIwY2xhc3MlM0QlMjJib3JkZXItc2hhZG93cyUyMiUyMHdpZHRoJTNEJTIyMTAwJTI1JTIyJTIwaGVpZ2h0JTNEJTIyMzE1JTIyJTIwc3JjJTNEJTIyaHR0cHMlM0ElMkYlMkZ3d3cueW91dHViZS5jb20lMkZlbWJlZCUyRjVPU0diRnJNblpFJTNGc2klM0RpdDFhZEpxRlBLRWJPM09jJTIyJTIwdGl0bGUlM0QlMjJZb3VUdWJlJTIwdmlkZW8lMjBwbGF5ZXIlMjIlMjBmcmFtZWJvcmRlciUzRCUyMjAlMjIlMjBhbGxvdyUzRCUyMmFjY2VsZXJvbWV0ZXIlM0IlMjBhdXRvcGxheSUzQiUyMGNsaXBib2FyZC13cml0ZSUzQiUyMGVuY3J5cHRlZC1tZWRpYSUzQiUyMGd5cm9zY29wZSUzQiUyMHBpY3R1cmUtaW4tcGljdHVyZSUzQiUyMHdlYi1zaGFyZSUyMiUyMGFsbG93ZnVsbHNjcmVlbiUzRSUzQyUyRmlmcmFtZSUzRQ==[\/vc_raw_html][\/vc_column][vc_column width=&#8221;1\/2&#8243;][vc_empty_space height=&#8221;25px&#8221;][vc_raw_html]JTNDaWZyYW1lJTIwY2xhc3MlM0QlMjJib3JkZXItc2hhZG93cyUyMiUyMHdpZHRoJTNEJTIyMTAwJTI1JTIyJTIwaGVpZ2h0JTNEJTIyMzE1JTIyJTIwc3JjJTNEJTIyaHR0cHMlM0ElMkYlMkZ3d3cueW91dHViZS5jb20lMkZlbWJlZCUyRkYtODV4UnpEdTQ0JTNGc2klM0R5RS1MSnc5SktaMXVUTnU3JTIyJTIwdGl0bGUlM0QlMjJZb3VUdWJlJTIwdmlkZW8lMjBwbGF5ZXIlMjIlMjBmcmFtZWJvcmRlciUzRCUyMjAlMjIlMjBhbGxvdyUzRCUyMmFjY2VsZXJvbWV0ZXIlM0IlMjBhdXRvcGxheSUzQiUyMGNsaXBib2FyZC13cml0ZSUzQiUyMGVuY3J5cHRlZC1tZWRpYSUzQiUyMGd5cm9zY29wZSUzQiUyMHBpY3R1cmUtaW4tcGljdHVyZSUzQiUyMHdlYi1zaGFyZSUyMiUyMGFsbG93ZnVsbHNjcmVlbiUzRSUzQyUyRmlmcmFtZSUzRQ==[\/vc_raw_html][\/vc_column][\/vc_row][vc_row][vc_column][vc_row_inner][vc_column_inner]<h2 class=\"box-header\">\u00c7far\u00eb \u00ebsht\u00eb Hidradenitis Suppurativa?<\/h2>[vc_column_text]Hidradenitis suppurativa njihet zakonisht si s\u00ebmundja qe shkaktohet\u00a0 nga gjendrat e djerses qe kthehen ne infeksion . Kjo \u00ebsht\u00eb nj\u00eb s\u00ebmundje kronike e l\u00ebkur\u00ebs dhe mund t\u00eb zgjas\u00eb gjith\u00eb jet\u00ebn n\u00ebse nuk trajtohet.<\/p>\n<p>S\u00ebmundja Hidradenit suppurativa v\u00ebrehet n\u00eb sqetull, ij\u00eb, n\u00ebn gji, rreth anusit, ijeve dhe organeve gjenitale, ve\u00e7an\u00ebrisht n\u00eb zonat ku djersa dhe gj\u00ebndrat dhjamore jan\u00eb t\u00eb bollshme dhe n\u00eb palosjet e l\u00ebkur\u00ebs.[\/vc_column_text][vc_empty_space][vc_empty_space][\/vc_column_inner][\/vc_row_inner][vc_row_inner][vc_column_inner width=&#8221;1\/2&#8243;][vc_single_image image=&#8221;6661&#8243; img_size=&#8221;full&#8221; style=&#8221;vc_box_border_circle&#8221;][\/vc_column_inner][vc_column_inner width=&#8221;1\/2&#8243;]<h2 class=\"box-header\">Trajtimi me lazer Hidradenitis Suppurativa<\/h2>[vc_column_text]Trajtimi me lazer Hidradenitis suppurativa ofron nj\u00eb zgjidhje efektive pa pasur nevoj\u00eb p\u00ebr nd\u00ebrhyrje kirurgjikale duke synuar sakt\u00ebsisht indet e hidradenitit. Gjat\u00eb trajtimit sh\u00ebnohen me kujdes zonat me er\u00eb t\u00eb keqe dhe t\u00eb p\u00ebrflakur dhe aplikohet\u00a0 anestezi lokale. Trajtimi me laser eliminon p\u00ebrgjithmon\u00eb vatrat e hidradenitit dhe p\u00ebrshpejton procesin e sh\u00ebrimit sepse nuk d\u00ebmton indet e sh\u00ebndetshme p\u00ebrreth. N\u00eb t\u00eb nj\u00ebjt\u00ebn koh\u00eb, kjo metod\u00eb ul ndjesh\u00ebm rrezikun e p\u00ebrs\u00ebritjes s\u00eb s\u00ebmundjes. N\u00eb k\u00ebt\u00eb m\u00ebnyr\u00eb, pacient\u00ebt mund t\u00eb vazhdojn\u00eb jet\u00ebn e tyre t\u00eb p\u00ebrditshme m\u00eb rehat duke hequr qafe inflamacionin, er\u00ebn e keqe dhe dhimbjen e shkaktuar nga hidradeniti suppurativa.[\/vc_column_text][\/vc_column_inner][\/vc_row_inner][vc_empty_space][vc_row_inner][vc_column_inner]<h2 class=\"box-header\">P\u00ebrpar\u00ebsit\u00eb e trajtimit me lazer Hidradenitis Suppurativa<\/h2>[vc_column_text]Koha e trajtimit \u00ebsht\u00eb 30-40 minuta.<br \/>\nTajtimi kryhet nen anestezi lokale dhe nuk ka asnje efekt anesor ,<br \/>\nNuk ka nevoje per analiza ose te jeni esell per operacionin .<br \/>\nNuk ka prerje dhe\u00a0 qepje.<br \/>\n\u0130ndet nuk d\u00ebmtohen, sh\u00ebrimi \u00ebsht\u00eb i shpejt\u00eb.<br \/>\nPacientet jane ne gjendje\u00a0 t\u00eb kthehen n\u00eb aktivitetet e tyre t\u00eb p\u00ebrditshme n\u00eb t\u00eb nj\u00ebjt\u00ebn dit\u00eb pas trajtimit.<br \/>\nNuk k\u00ebrkon shtrimin n\u00eb spital pasi \u00ebsht\u00eb aq i rehatsh\u00ebm dhe i shpejt\u00eb sa nj\u00eb mbushje dentare.<br \/>\nKa m\u00eb pak dhimbje pas trajtimit jokirurgjikal me lazer.<br \/>\nTrajtimi me lazer Hidradenitis suppurativa shkat\u00ebrron indet e infektuara pa nd\u00ebrhyrje kirurgjikale.[\/vc_column_text][vc_empty_space]<h2 class=\"box-header\">Trajtimi me lazer Hidradenitis Suppurativa: Para dhe Pas<\/h2>[vc_column_text]Fotot para dhe pas t\u00eb pacient\u00ebve tan\u00eb t\u00eb trajtuar me lazer p\u00ebr hidradenitis suppurativa tregojn\u00eb qart\u00eb efektivitetin e trajtimit ton\u00eb me lazer dhe p\u00ebrmir\u00ebsimin e ndjesh\u00ebm t\u00eb s\u00ebmundjes.[\/vc_column_text][\/vc_column_inner][\/vc_row_inner][vc_row_inner][vc_column_inner width=&#8221;1\/2&#8243;][vc_empty_space]<h3 class=\"box-header\">Para trajtimit t\u00eb Hidradenitit Suppurativa<\/h3>[vc_single_image image=&#8221;5933&#8243; img_size=&#8221;full&#8221; style=&#8221;vc_box_border_circle&#8221;][vc_empty_space][vc_empty_space height=&#8221;15px&#8221;][vc_empty_space height=&#8221;0px&#8221;][\/vc_column_inner][vc_column_inner width=&#8221;1\/2&#8243;][vc_empty_space][vc_empty_space height=&#8221;15px&#8221;]<h3 class=\"box-header\">Pas trajtimit me Hidradenitis Suppurativa<\/h3>[vc_single_image image=&#8221;5932&#8243; img_size=&#8221;full&#8221; style=&#8221;vc_box_border_circle&#8221;][vc_empty_space][vc_empty_space height=&#8221;15px&#8221;][vc_empty_space height=&#8221;0px&#8221;][\/vc_column_inner][\/vc_row_inner][vc_row_inner][vc_column_inner][vc_empty_space]<h2 class=\"box-header\">Cilat jan\u00eb simptomat e Hidradenitis Suppurativa?<\/h2>[vc_column_text]Simptomat m\u00eb t\u00eb zakonshme t\u00eb hidradenitit suppurativa p\u00ebrfshijn\u00eb gunga t\u00eb dhimbshme n\u00eb l\u00ebkur\u00eb, rrjedhje, plag\u00eb me er\u00eb t\u00eb keqe dhe formim abscesi. K\u00ebto simptoma zakonisht fillojn\u00eb me inflamacion n\u00ebn l\u00ebkur\u00eb dhe mund t\u00eb p\u00ebrkeq\u00ebsohen me kalimin e koh\u00ebs. Ndjeshm\u00ebria e l\u00ebkur\u00ebs dhe er\u00ebrat e k\u00ebqija jan\u00eb t\u00eb zakonshme, ve\u00e7an\u00ebrisht n\u00eb zonat e infektuara.[\/vc_column_text][\/vc_column_inner][\/vc_row_inner][vc_row_inner][vc_column_inner]<h2 class=\"box-header\">Si diagnostikohet Hidradenitis Suppurativa?<\/h2>[vc_column_text]Hidradenitis Suppurativa zakonisht mund t\u00eb diagnostikohet bazuar n\u00eb gjetjet klinike dhe ekzaminimin fizik. Nd\u00ebrsa mjeku konfirmon diagnoz\u00ebn bazuar n\u00eb simptomat dhe historin\u00eb e pacientit, ndonj\u00ebher\u00eb mund t\u00eb kryhen teste shtes\u00eb si biopsia e l\u00ebkur\u00ebs, shtup\u00eb l\u00ebkure, teste kulture ose analiza gjaku p\u00ebr nj\u00eb diagnoz\u00eb p\u00ebrfundimtare. Megjithat\u00eb, pacient\u00ebt shpesh i ngat\u00ebrrojn\u00eb k\u00ebto lezione me inflamacionin e gj\u00ebndr\u00ebs s\u00eb flok\u00ebve (folikulit). Ky keqkuptim shkakton nj\u00eb vones\u00eb mesatare prej 7 vitesh n\u00eb diagnoz\u00eb, e cila mund t\u00eb \u00e7oj\u00eb n\u00eb fillimin e vonuar t\u00eb trajtimit dhe p\u00ebrparimin e s\u00ebmundjes. Diagnoza e hershme \u00ebsht\u00eb kritike p\u00ebr t\u00eb parandaluar p\u00ebrparimin e s\u00ebmundjes.[\/vc_column_text][\/vc_column_inner][\/vc_row_inner][vc_row_inner][vc_column_inner]<h2 class=\"box-header\">Si trajtohet Hidradenitis Suppurativa?<\/h2>[vc_column_text]Hidradenitis suppurativa zakonisht tentohet t\u00eb kontrollohet me trajtime intensive me antibiotik\u00eb, por kjo nuk jep gjithmon\u00eb nj\u00eb zgjidhje t\u00eb p\u00ebrhershme dhe p\u00ebrdorimi afatgjat\u00eb i antibiotik\u00ebve ka rrezik t\u00eb shkaktoj\u00eb komplikime t\u00eb ndryshme. Sot, terapia me lazer \u00ebsht\u00eb shfaqur si nj\u00eb metod\u00eb efektive dhe e p\u00ebrhershme trajtimi p\u00ebr hidradenitis suppurativa. Metoda me laser eliminon vatrat e inflamacionit dhe parandalon rikthimin e s\u00ebmundjes. Kjo gjithashtu eliminon efektet an\u00ebsore dhe komplikimet q\u00eb lidhen me p\u00ebrdorimin e tep\u00ebrt t\u00eb antibiotik\u00ebve. Trajtimi me laser siguron rikuperim t\u00eb shpejt\u00eb sepse synon vet\u00ebm indin e s\u00ebmur\u00eb dhe nuk d\u00ebmton indin e sh\u00ebndetsh\u00ebm p\u00ebrreth.[\/vc_column_text][\/vc_column_inner][\/vc_row_inner][vc_row_inner][vc_column_inner]<h2 class=\"box-header\">Imazhe diagnostike t\u00eb hidradenitit suppurativa<\/h2>[vc_column_text]Imazhet diagnostike Hidradenitis Suppurativa mund t\u00eb jen\u00eb vendimtare q\u00eb pacient\u00ebt t\u00eb kuptojn\u00eb m\u00eb mir\u00eb natyr\u00ebn dhe ashp\u00ebrsin\u00eb e s\u00ebmundjes. K\u00ebto imazhe jan\u00eb t\u00eb r\u00ebnd\u00ebsishme p\u00ebr t\u00eb vler\u00ebsuar ashp\u00ebrsin\u00eb e s\u00ebmundjes dhe p\u00ebr ta dalluar at\u00eb nga s\u00ebmundje t\u00eb tjera t\u00eb ngjashme t\u00eb l\u00ebkur\u00ebs.[\/vc_column_text][\/vc_column_inner][\/vc_row_inner][\/vc_column][\/vc_row][vc_row][vc_column width=&#8221;1\/2&#8243;][vc_empty_space][vc_gallery type=&#8221;nivo&#8221; interval=&#8221;0&#8243; images=&#8221;6508,6501&#8243; img_size=&#8221;full&#8221;][vc_column_text]<strong>Hidradenitis Suppurativa n\u00eb sqetull<\/strong>[\/vc_column_text][vc_empty_space][vc_gallery type=&#8221;nivo&#8221; interval=&#8221;0&#8243; images=&#8221;6508,6499&#8243; img_size=&#8221;full&#8221;][vc_column_text]<strong>Hidradenitis Suppurativa n\u00eb ij\u00eb<\/strong>[\/vc_column_text][vc_empty_space][\/vc_column][vc_column width=&#8221;1\/2&#8243;][vc_empty_space][vc_gallery type=&#8221;nivo&#8221; interval=&#8221;0&#8243; images=&#8221;6508,6500&#8243; img_size=&#8221;full&#8221;][vc_column_text]<strong>Hidradenitis Suppurativa n\u00eb ij\u00eb<\/strong>[\/vc_column_text][vc_empty_space][vc_gallery type=&#8221;nivo&#8221; interval=&#8221;0&#8243; images=&#8221;6508,6498&#8243; img_size=&#8221;full&#8221;][vc_column_text]<strong>Hidradenitis Suppurativa n\u00eb sqetull<\/strong>[\/vc_column_text][vc_empty_space][\/vc_column][\/vc_row][vc_row][vc_column][vc_empty_space][\/vc_column][\/vc_row][vc_row][vc_column width=&#8221;1\/2&#8243;][vc_empty_space][vc_single_image image=&#8221;5816&#8243; img_size=&#8221;full&#8221;][\/vc_column][vc_column width=&#8221;1\/2&#8243;][vc_empty_space]<h2 class=\"box-header align-left\">Shkaqet e s\u00ebmundjes Hidradenitis Suppurativa<\/h2>[vc_column_text]Shkaku i sakt\u00eb i s\u00ebmundjes nuk dihet. \u00cbsht\u00eb v\u00ebn\u00eb re se \u00ebnjtjet n\u00ebn l\u00ebkur\u00eb shkaktohen nga bllokimi dhe inflamacioni i gj\u00ebndrave t\u00eb qimeve. Mendohet se n\u00eb shfaqjen e s\u00ebmundjes luajn\u00eb nj\u00eb rol predispozicioni gjenetik, hormonet, obeziteti, dieta me baz\u00eb karbohidratet dhe duhani.<\/p>\n<p>Megjith\u00ebse s\u00ebmundja zakonisht shfaqet pas pubertetit, ajo mund t\u00eb shfaqet edhe m\u00eb von\u00eb. Probabiliteti i shfaqjes pas menopauz\u00ebs ose para pubertetit \u00ebsht\u00eb mjaft i ul\u00ebt. P\u00ebr k\u00ebt\u00eb arsye mendohet se n\u00eb zhvillimin e s\u00ebmundjes ndikojn\u00eb edhe hormonet.[\/vc_column_text][\/vc_column][\/vc_row][vc_row][vc_column][vc_empty_space height=&#8221;25px&#8221;][vc_empty_space height=&#8221;25px&#8221;][\/vc_column][\/vc_row][vc_row][vc_column width=&#8221;1\/2&#8243;][vc_column_text]<\/p>\n<h1><strong>Komenti i Pacientit me Hidradenitis Suppurativa<\/strong><\/h1>\n<p>[\/vc_column_text][vc_empty_space height=&#8221;25px&#8221;][vc_column_text]Pacienti yn\u00eb, i cili ka vuajtur prej koh\u00ebsh nga Hidradenitis Suppurativa, e rikuperoi sh\u00ebndetin fal\u00eb trajtimit me lazer. Ai thekson se ka kaluar nj\u00eb proces pa operacion, pa anestezi dhe n\u00eb m\u00ebnyr\u00eb shum\u00eb komode. Pacienti shprehet se periudha e sh\u00ebrimit ishte shum\u00eb m\u00eb e shpejt\u00eb nga sa priste. Ai n\u00ebnvizon se mund\u00ebsia p\u00ebr t\u00eb marr\u00eb trajtim pa nd\u00ebrprer\u00eb jet\u00ebn e tij t\u00eb p\u00ebrditshme ishte nj\u00eb avantazh i madh. Fal\u00eb ekipit t\u00eb specializuar dhe teknologjis\u00eb moderne n\u00eb Qendr\u00ebn Evropiane t\u00eb Kirurgjis\u00eb, tani ai jeton nj\u00eb jet\u00eb pa dhimbje. N\u00ebse edhe ju po k\u00ebrkoni nj\u00eb zgjidhje jo kirurgjikale dhe t\u00eb rehatshme p\u00ebr trajtimin e Hidradenitis Suppurativa, mos hezitoni t\u00eb na kontaktoni![\/vc_column_text][\/vc_column][vc_column width=&#8221;1\/2&#8243;][vc_empty_space height=&#8221;25px&#8221;][vc_raw_html]JTNDaWZyYW1lJTIwY2xhc3MlM0QlMjJib3JkZXItc2hhZG93cyUyMiUyMHdpZHRoJTNEJTIyMTAwJTI1JTIyJTIwaGVpZ2h0JTNEJTIyMzE1JTIyJTIwc3JjJTNEJTIyaHR0cHMlM0ElMkYlMkZ3d3cueW91dHViZS5jb20lMkZlbWJlZCUyRjVWOGdsMERxREFJJTNGc2klM0RuLUZiWU9EMzAxbmxVd0sxJTIyJTIwdGl0bGUlM0QlMjJZb3VUdWJlJTIwdmlkZW8lMjBwbGF5ZXIlMjIlMjBmcmFtZWJvcmRlciUzRCUyMjAlMjIlMjBhbGxvdyUzRCUyMmFjY2VsZXJvbWV0ZXIlM0IlMjBhdXRvcGxheSUzQiUyMGNsaXBib2FyZC13cml0ZSUzQiUyMGVuY3J5cHRlZC1tZWRpYSUzQiUyMGd5cm9zY29wZSUzQiUyMHBpY3R1cmUtaW4tcGljdHVyZSUzQiUyMHdlYi1zaGFyZSUyMiUyMGFsbG93ZnVsbHNjcmVlbiUzRSUzQyUyRmlmcmFtZSUzRQ==[\/vc_raw_html][\/vc_column][\/vc_row][vc_row][vc_column]<h2 class=\"box-header\">Para dhe pas trajtimit t\u00eb hidradenitit suppurativa<\/h2>[vc_column_text]Nj\u00eb nga arsyet pse pacient\u00ebt na zgjedhin p\u00ebr trajtimin e Hidradenitis Suppurativa \u00ebsht\u00eb procesi yn\u00eb i rrept\u00eb i ndjekjes dhe kontrollit pas trajtimit. Me trajtimin me lazer eliminojm\u00eb p\u00ebrgjithmon\u00eb indet e Hidradenitit, duke i dh\u00ebn\u00eb fund p\u00ebrdorimit t\u00eb panevojsh\u00ebm t\u00eb antibiotik\u00ebve. N\u00eb k\u00ebt\u00eb m\u00ebnyr\u00eb, pacient\u00ebt tan\u00eb mund t\u00eb b\u00ebjn\u00eb nj\u00eb jet\u00eb t\u00eb sh\u00ebndetshme duke p\u00ebrdorur m\u00eb pak ila\u00e7e dhe t&#8217;i thon\u00eb lamtumir\u00eb absceseve t\u00eb p\u00ebrs\u00ebritura.[\/vc_column_text][vc_separator][\/vc_column][\/vc_row][vc_row][vc_column][vc_empty_space][vc_separator][vc_empty_space]<h2 class=\"box-header align-center\">Video t\u00eb rekomanduara p\u00ebr Hidradenitis Suppurativa<\/h2>[vc_empty_space height=&#8221;23px&#8221;][vc_row_inner][vc_column_inner width=&#8221;1\/3&#8243;][vc_video link=&#8221;https:\/\/www.youtube.com\/watch?v=YKgCPOXAlMU&#038;t=8s&#8221;][\/vc_column_inner][vc_column_inner width=&#8221;1\/3&#8243;][vc_video link=&#8221;https:\/\/youtu.be\/HFfssbTyfy8&#8243;][\/vc_column_inner][vc_column_inner width=&#8221;1\/3&#8243;][vc_video link=&#8221;https:\/\/www.youtube.com\/watch?v=U3x4CoRCWmc&#8221;][\/vc_column_inner][\/vc_row_inner][vc_empty_space][vc_separator][vc_empty_space][\/vc_column][\/vc_row][vc_row css=&#8221;.vc_custom_1608749961067{margin-top: 50px !important;}&#8221;][vc_column]<h3 class=\"box-header\">Pse duhet t\u00eb zgjidhni Avrupa Cerrahi?<\/h3>[vc_column_text]Ne trajtojm\u00eb pacient\u00ebt qe u eshte rekomanduar operacion me teknika jokirurgjikale t\u00eb bazuara n\u00eb lazer me njohurit\u00eb tona 17 vje\u00e7are.<\/p>\n<p>Ne ndjekim t\u00eb gjitha informacionet dhe zhvillimet p\u00ebrkat\u00ebse n\u00eb fush\u00ebn e proktologjis\u00eb nga burime vendase dhe t\u00eb huaja, si dhe aplikojm\u00eb teknologjin\u00eb ton\u00eb unike t\u00eb trajtimit special me zhvillime inovative n\u00eb k\u00ebt\u00eb fush\u00eb.[\/vc_column_text][\/vc_column][\/vc_row][vc_row][vc_column][vc_empty_space]<h2 class=\"box-header black align-center large\">Na kontaktoni<\/h2>[vc_empty_space]\n<div class=\"wpcf7 no-js\" id=\"wpcf7-f5761-o1\" lang=\"en-US\" dir=\"ltr\" data-wpcf7-id=\"5761\">\n<div class=\"screen-reader-response\"><p role=\"status\" aria-live=\"polite\" aria-atomic=\"true\"><\/p> <ul><\/ul><\/div>\n<form action=\"\/al\/wp-json\/wp\/v2\/pages\/5815#wpcf7-f5761-o1\" method=\"post\" class=\"wpcf7-form init\" aria-label=\"Contact form\" novalidate=\"novalidate\" data-status=\"init\">\n<fieldset class=\"hidden-fields-container\"><input type=\"hidden\" name=\"_wpcf7\" value=\"5761\" \/><input type=\"hidden\" name=\"_wpcf7_version\" value=\"6.1.5\" \/><input type=\"hidden\" name=\"_wpcf7_locale\" value=\"en_US\" \/><input type=\"hidden\" name=\"_wpcf7_unit_tag\" value=\"wpcf7-f5761-o1\" \/><input type=\"hidden\" name=\"_wpcf7_container_post\" value=\"0\" \/><input type=\"hidden\" name=\"_wpcf7_posted_data_hash\" value=\"\" \/><input type=\"hidden\" name=\"_wpcf7_recaptcha_response\" value=\"\" \/>\n<\/fieldset>\n<div class=\"uacf7-form-wrapper-container uacf7-form-5761  \"><label class=\"forms\">Emri dhe mbiemri<\/label>      \n<div class=\"yeniForm\" style=\"width:100%;\"><span class=\"wpcf7-form-control-wrap\" data-name=\"text-947\"><input size=\"40\" maxlength=\"400\" class=\"wpcf7-form-control wpcf7-text wpcf7-validates-as-required\" aria-required=\"true\" aria-invalid=\"false\" placeholder=\"Emri dhe mbiemri\" value=\"\" type=\"text\" name=\"text-947\" \/><\/span><\/div>\n\n<label class=\"forms\">Numri i telefonit<\/label>\n<div class=\"yeniForm form-size\" style=\"width:100%;\"><span class=\"wpcf7-form-control-wrap\" data-name=\"phonetext-104\"><input size=\"40\" class=\"wpcf7-form-control wpcf7-phonetext wpcf7-validates-as-required wpcf7-text wpcf7-validates-as-phonetext\" aria-required=\"true\" aria-invalid=\"false\" value=\"+355\" type=\"text\" name=\"phonetext-104\" \/><input type=\"hidden\" name=\"phonetext-104-country-code\" class=\"wpcf7-phonetext-country-code\" \/><\/span><\/div>\n\n<label class=\"forms\">Mesazhi<\/label>\n<div class=\"yeniForm text-form\" style=\"width:100%;\"><span class=\"wpcf7-form-control-wrap\" data-name=\"text-751\"><input size=\"40\" maxlength=\"400\" class=\"wpcf7-form-control wpcf7-text\" aria-invalid=\"false\" placeholder=\"Mesazhi\" value=\"\" type=\"text\" name=\"text-751\" \/><\/span><\/div>\n\n<div class=\"yeniFormBtn\" style=\"width:100%;\"><input class=\"wpcf7-form-control wpcf7-submit has-spinner\" type=\"submit\" value=\"D\u00ebrgo\" \/><\/div>\n\n\n<style>\n\/* Label *\/\n.forms{\n  display: block;\n  margin-bottom: 6px;\n}\n\n\/* Form bloklar\u0131 *\/\n.yeniForm{\n  width: 100%;\n  margin-bottom: 14px;\n  box-sizing: border-box;\n}\n\n\/* T\u00fcm inputlar *\/\n.yeniForm input{\n  width: 100% !important;\n  background: #f0f0f0;\n  border: none;\n  padding: 12px;\n  box-sizing: border-box;\n}\n\n\/* Telefon alan\u0131 \u2013 \u00f6zel override *\/\n.form-size input{\n  padding-left: 18px;\n  width: 100% !important;\n  font-weight: bold;\n}\n\n\/* Mesaj alan\u0131 *\/\n.text-form input{\n  height: 120px;\n}\n\n\/* Flag alan\u0131 *\/\n.flag-container,\n.selected-flag{\n  background: #d1d1d1;\n  width: 57px;\n}\n\n\/* Submit *\/\n.yeniFormBtn{\n  width: 100%;\n}\n\n.yeniFormBtn input{\n  width: 100% !important;\n  background: #3b72ae;\n  margin-top: 15px;\n  color: #fff;\n  border: none;\n  padding: 14px;\n  cursor: pointer;\n}\n\n\/* CF7 phone input *\/\ninput.wpcf7-form-control.wpcf7-text.wpcf7-phonetext{\n  width: 100% !important;\n  font-weight: bold;\n}\n<\/style><\/div><input type='hidden' class='wpcf7-pum' value='{\"closepopup\":false,\"closedelay\":0,\"openpopup\":false,\"openpopup_id\":0}' \/><div class=\"wpcf7-response-output\" aria-hidden=\"true\"><\/div>\n<\/form>\n<\/div>\n[vc_empty_space height=&#8221;23px&#8221;][vc_separator][vc_empty_space height=&#8221;23px&#8221;][\/vc_column][\/vc_row][vc_row][vc_column offset=&#8221;vc_hidden-sm vc_hidden-xs&#8221;]<h2 class=\"box-header black align-center large\">PARTNERET TONA<\/h2>[vc_empty_space height=&#8221;25px&#8221;][vc_images_carousel images=&#8221;5153,5157,5158,5203&#8243; img_size=&#8221;full&#8221; speed=&#8221;3000&#8243; slides_per_view=&#8221;4&#8243; hide_pagination_control=&#8221;yes&#8221; hide_prev_next_buttons=&#8221;yes&#8221; wrap=&#8221;yes&#8221;][vc_empty_space][vc_separator][\/vc_column][\/vc_row][vc_row][vc_column offset=&#8221;vc_hidden-lg vc_hidden-md&#8221;]<h2 class=\"box-header black align-center large\">OUR PARTNERS<\/h2>[vc_empty_space height=&#8221;25px&#8221;][vc_images_carousel images=&#8221;5153,5157,5158,5203&#8243; img_size=&#8221;full&#8221; speed=&#8221;3000&#8243; slides_per_view=&#8221;2&#8243; autoplay=&#8221;yes&#8221; hide_pagination_control=&#8221;yes&#8221; hide_prev_next_buttons=&#8221;yes&#8221; wrap=&#8221;yes&#8221;][\/vc_column][\/vc_row]<\/p>\n","protected":false},"excerpt":{"rendered":"<p>[vc_row][vc_column width=&#8221;1\/2&#8243;][vc_empty_space height=&#8221;25px&#8221;][vc_raw_html]JTNDaWZyYW1lJTIwY2xhc3MlM0QlMjJib3JkZXItc2hhZG93cyUyMiUyMHdpZHRoJTNEJTIyMTAwJTI1JTIyJTIwaGVpZ2h0JTNEJTIyMzE1JTIyJTIwc3JjJTNEJTIyaHR0cHMlM0ElMkYlMkZ3d3cueW91dHViZS5jb20lMkZlbWJlZCUyRjVPU0diRnJNblpFJTNGc2klM0RpdDFhZEpxRlBLRWJPM09jJTIyJTIwdGl0bGUlM0QlMjJZb3VUdWJlJTIwdmlkZW8lMjBwbGF5ZXIlMjIlMjBmcmFtZWJvcmRlciUzRCUyMjAlMjIlMjBhbGxvdyUzRCUyMmFjY2VsZXJvbWV0ZXIlM0IlMjBhdXRvcGxheSUzQiUyMGNsaXBib2FyZC13cml0ZSUzQiUyMGVuY3J5cHRlZC1tZWRpYSUzQiUyMGd5cm9zY29wZSUzQiUyMHBpY3R1cmUtaW4tcGljdHVyZSUzQiUyMHdlYi1zaGFyZSUyMiUyMGFsbG93ZnVsbHNjcmVlbiUzRSUzQyUyRmlmcmFtZSUzRQ==[\/vc_raw_html][\/vc_column][vc_column width=&#8221;1\/2&#8243;][vc_empty_space height=&#8221;25px&#8221;][vc_raw_html]JTNDaWZyYW1lJTIwY2xhc3MlM0QlMjJib3JkZXItc2hhZG93cyUyMiUyMHdpZHRoJTNEJTIyMTAwJTI1JTIyJTIwaGVpZ2h0JTNEJTIyMzE1JTIyJTIwc3JjJTNEJTIyaHR0cHMlM0ElMkYlMkZ3d3cueW91dHViZS5jb20lMkZlbWJlZCUyRkYtODV4UnpEdTQ0JTNGc2klM0R5RS1MSnc5SktaMXVUTnU3JTIyJTIwdGl0bGUlM0QlMjJZb3VUdWJlJTIwdmlkZW8lMjBwbGF5ZXIlMjIlMjBmcmFtZWJvcmRlciUzRCUyMjAlMjIlMjBhbGxvdyUzRCUyMmFjY2VsZXJvbWV0ZXIlM0IlMjBhdXRvcGxheSUzQiUyMGNsaXBib2FyZC13cml0ZSUzQiUyMGVuY3J5cHRlZC1tZWRpYSUzQiUyMGd5cm9zY29wZSUzQiUyMHBpY3R1cmUtaW4tcGljdHVyZSUzQiUyMHdlYi1zaGFyZSUyMiUyMGFsbG93ZnVsbHNjcmVlbiUzRSUzQyUyRmlmcmFtZSUzRQ==[\/vc_raw_html][\/vc_column][\/vc_row][vc_row][vc_column][vc_row_inner][vc_column_inner][vc_column_text]Hidradenitis suppurativa njihet zakonisht si s\u00ebmundja qe shkaktohet\u00a0 nga gjendrat e djerses qe kthehen ne infeksion . Kjo \u00ebsht\u00eb nj\u00eb s\u00ebmundje kronike e l\u00ebkur\u00ebs dhe mund t\u00eb zgjas\u00eb gjith\u00eb jet\u00ebn n\u00ebse nuk trajtohet. S\u00ebmundja Hidradenit suppurativa v\u00ebrehet n\u00eb sqetull, ij\u00eb, n\u00ebn gji, rreth anusit, ijeve dhe organeve gjenitale, ve\u00e7an\u00ebrisht n\u00eb zonat<\/p>\n","protected":false},"author":2,"featured_media":0,"parent":0,"menu_order":0,"comment_status":"closed","ping_status":"closed","template":"","meta":{"footnotes":""},"class_list":["post-5815","page","type-page","status-publish","hentry"],"aioseo_notices":[],"_links":{"self":[{"href":"https:\/\/avrupacerrahi.net\/al\/wp-json\/wp\/v2\/pages\/5815","targetHints":{"allow":["GET"]}}],"collection":[{"href":"https:\/\/avrupacerrahi.net\/al\/wp-json\/wp\/v2\/pages"}],"about":[{"href":"https:\/\/avrupacerrahi.net\/al\/wp-json\/wp\/v2\/types\/page"}],"author":[{"embeddable":true,"href":"https:\/\/avrupacerrahi.net\/al\/wp-json\/wp\/v2\/users\/2"}],"replies":[{"embeddable":true,"href":"https:\/\/avrupacerrahi.net\/al\/wp-json\/wp\/v2\/comments?post=5815"}],"version-history":[{"count":38,"href":"https:\/\/avrupacerrahi.net\/al\/wp-json\/wp\/v2\/pages\/5815\/revisions"}],"predecessor-version":[{"id":6954,"href":"https:\/\/avrupacerrahi.net\/al\/wp-json\/wp\/v2\/pages\/5815\/revisions\/6954"}],"wp:attachment":[{"href":"https:\/\/avrupacerrahi.net\/al\/wp-json\/wp\/v2\/media?parent=5815"}],"curies":[{"name":"wp","href":"https:\/\/api.w.org\/{rel}","templated":true}]}}