{"id":5906,"date":"2024-01-27T11:53:41","date_gmt":"2024-01-27T08:53:41","guid":{"rendered":"https:\/\/avrupacerrahi.net\/en\/?page_id=5906"},"modified":"2024-02-23T12:57:06","modified_gmt":"2024-02-23T09:57:06","slug":"blog","status":"publish","type":"page","link":"https:\/\/avrupacerrahi.net\/al\/blog\/","title":{"rendered":"BLOG"},"content":{"rendered":"<p>[vc_row][vc_column width=&#8221;2\/3&#8243;]<ul class=\"blog clearfix\"><li class=\" post post-6536 type-post status-publish format-standard hentry category-hidradenit-suppurativa\"><ul class=\"comment-box clearfix\"><li class=\"date clearfix\">\n\t\t\t\t\t\t\t\t<div class=\"value\">13 OCTOBER 2024<\/div>\n\t\t\t\t\t\t\t\t<div class=\"arrow-date\"><\/div>\n\t\t\t\t\t\t\t<\/li><li class=\"comments-number\">\t\t\t<a href=\"https:\/\/avrupacerrahi.net\/al\/__trashed-11\/#respond\" title=\"0 COMMENTS\">0<\/a>\n\t\t\t\t\t\t\t<\/li><\/ul><div class=\"post-content\"><h2 class=\"post-title\"><a href=\"https:\/\/avrupacerrahi.net\/al\/__trashed-11\/\" title=\"Veshja m\u00eb e p\u00ebrshtatshme p\u00ebr pacient\u00ebt me Hidradenitis Suppurativa\">Veshja m\u00eb e p\u00ebrshtatshme p\u00ebr pacient\u00ebt me Hidradenitis Suppurativa<\/a><\/h2><p>Hidradeniti suppurativa (HS) \u00ebsht\u00eb nj\u00eb gjendje kronike e l\u00ebkur\u00ebs q\u00eb manifestohet me nyje t\u00eb p\u00ebrflakur dhe abscese n\u00ebn l\u00ebkur\u00eb. Zgjedhja e veshjeve t\u00eb duhura p\u00ebr njer\u00ebzit me k\u00ebt\u00eb s\u00ebmundje mund t\u00eb ndihmoj\u00eb n\u00eb leht\u00ebsimin e simptomave. Cilat jan\u00eb rrobat m\u00eb t\u00eb p\u00ebrshtatshme p\u00ebr pacient\u00ebt me hidradenit suppurativa dhe cilat p\u00eblhura duhet t\u00eb preferohen? N\u00eb k\u00ebt\u00eb<\/p><div id=\"ez-toc-container\" class=\"ez-toc-v2_0_73 ez-toc-wrap-left counter-hierarchy ez-toc-counter ez-toc-grey ez-toc-container-direction\">\n<div class=\"ez-toc-title-container\">\n<p class=\"ez-toc-title\" style=\"cursor:inherit\">Contents<\/p>\n<span class=\"ez-toc-title-toggle\"><a href=\"#\" class=\"ez-toc-pull-right ez-toc-btn ez-toc-btn-xs ez-toc-btn-default ez-toc-toggle\" aria-label=\"Toggle Table of Content\"><span class=\"ez-toc-js-icon-con\"><span class=\"\"><span class=\"eztoc-hide\" style=\"display:none;\">Toggle<\/span><span class=\"ez-toc-icon-toggle-span\"><svg style=\"fill: #999;color:#999\" xmlns=\"http:\/\/www.w3.org\/2000\/svg\" class=\"list-377408\" width=\"20px\" height=\"20px\" viewBox=\"0 0 24 24\" fill=\"none\"><path d=\"M6 6H4v2h2V6zm14 0H8v2h12V6zM4 11h2v2H4v-2zm16 0H8v2h12v-2zM4 16h2v2H4v-2zm16 0H8v2h12v-2z\" fill=\"currentColor\"><\/path><\/svg><svg style=\"fill: #999;color:#999\" class=\"arrow-unsorted-368013\" xmlns=\"http:\/\/www.w3.org\/2000\/svg\" width=\"10px\" height=\"10px\" viewBox=\"0 0 24 24\" version=\"1.2\" baseProfile=\"tiny\"><path d=\"M18.2 9.3l-6.2-6.3-6.2 6.3c-.2.2-.3.4-.3.7s.1.5.3.7c.2.2.4.3.7.3h11c.3 0 .5-.1.7-.3.2-.2.3-.5.3-.7s-.1-.5-.3-.7zM5.8 14.7l6.2 6.3 6.2-6.3c.2-.2.3-.5.3-.7s-.1-.5-.3-.7c-.2-.2-.4-.3-.7-.3h-11c-.3 0-.5.1-.7.3-.2.2-.3.5-.3.7s.1.5.3.7z\"\/><\/svg><\/span><\/span><\/span><\/a><\/span><\/div>\n<nav><ul class='ez-toc-list ez-toc-list-level-1 ' ><li class='ez-toc-page-1 ez-toc-heading-level-3'><a class=\"ez-toc-link ez-toc-heading-1\" href=\"https:\/\/avrupacerrahi.net\/al\/trajtimi-mjekesor-i-carjeve-anale-me-medikamente-dhe-pomada\/#Medikamentet_qe_perdoren_per_trajtimin_e_carjeve_anale\" title=\"Medikamentet q\u00eb p\u00ebrdoren p\u00ebr trajtimin e \u00e7arjeve anale\">Medikamentet q\u00eb p\u00ebrdoren p\u00ebr trajtimin e \u00e7arjeve anale<\/a><\/li><li class='ez-toc-page-1 ez-toc-heading-level-3'><a class=\"ez-toc-link ez-toc-heading-2\" href=\"https:\/\/avrupacerrahi.net\/al\/trajtimi-mjekesor-i-carjeve-anale-me-medikamente-dhe-pomada\/#Pomada_Anuflex\" title=\"Pomada Anuflex\">Pomada Anuflex<\/a><\/li><li class='ez-toc-page-1 ez-toc-heading-level-3'><a class=\"ez-toc-link ez-toc-heading-3\" href=\"https:\/\/avrupacerrahi.net\/al\/trajtimi-mjekesor-i-carjeve-anale-me-medikamente-dhe-pomada\/#Pomada_Anestol\" title=\"Pomada Anestol\">Pomada Anestol<\/a><\/li><li class='ez-toc-page-1 ez-toc-heading-level-3'><a class=\"ez-toc-link ez-toc-heading-4\" href=\"https:\/\/avrupacerrahi.net\/al\/trajtimi-mjekesor-i-carjeve-anale-me-medikamente-dhe-pomada\/#Pomada_Rectoderm\" title=\"Pomada Rectoderm\">Pomada Rectoderm<\/a><\/li><\/ul><\/nav><\/div>\n\n\t\t<div class=\"post-footer clearfix\">\n\t\t\t\t\t\t\t\t<ul class=\"post-footer-details\"><li class=\"post-footer-author\">\n\t\t\t\t\t\t\t\t\t\tavrupa Cerrahi\n\t\t\t\t\t\t\t\t\t<\/li><li class=\"post-footer-category\">\n\t\t\t\t\t\t\t\t\t\t\t<a href=\"https:\/\/avrupacerrahi.net\/al\/category\/hidradenit-suppurativa\/\" title=\"View all posts filed under Hidradenit Suppurativa\">Hidradenit Suppurativa<\/a>\n\t\t\t\t\t\t\t\t\t\t<\/li><\/ul><\/div><\/div><\/li><li class=\" post post-6534 type-post status-publish format-standard hentry category-hidradenit-suppurativa\"><ul class=\"comment-box clearfix\"><li class=\"date clearfix\">\n\t\t\t\t\t\t\t\t<div class=\"value\">13 OCTOBER 2024<\/div>\n\t\t\t\t\t\t\t\t<div class=\"arrow-date\"><\/div>\n\t\t\t\t\t\t\t<\/li><li class=\"comments-number\">\t\t\t<a href=\"https:\/\/avrupacerrahi.net\/al\/__trashed-12\/#respond\" title=\"0 COMMENTS\">0<\/a>\n\t\t\t\t\t\t\t<\/li><\/ul><div class=\"post-content\"><h2 class=\"post-title\"><a href=\"https:\/\/avrupacerrahi.net\/al\/__trashed-12\/\" title=\"Ushqimet q\u00eb duhet t\u00eb shmangin pacient\u00ebt me Hidradenitis Suppurativa\">Ushqimet q\u00eb duhet t\u00eb shmangin pacient\u00ebt me Hidradenitis Suppurativa<\/a><\/h2><p>Hidradeniti suppurativa (HS) \u00ebsht\u00eb nj\u00eb s\u00ebmundje kronike e l\u00ebkur\u00ebs q\u00eb formon nyje t\u00eb dhimbshme dhe abscese n\u00ebn l\u00ebkur\u00eb. Dieta luan nj\u00eb rol t\u00eb madh n\u00eb menaxhimin e simptomave t\u00eb hidradenitit suppurativa. Pra, cilat ushqime duhet t\u00eb shmangin pacient\u00ebt me hidradenit suppurativa? N\u00eb k\u00ebt\u00eb artikull do t\u00eb gjeni informacione p\u00ebr ushqimet q\u00eb duhet t\u00eb keni kujdes<\/p>\n\t\t<div class=\"post-footer clearfix\">\n\t\t\t\t\t\t\t\t<ul class=\"post-footer-details\"><li class=\"post-footer-author\">\n\t\t\t\t\t\t\t\t\t\tavrupa Cerrahi\n\t\t\t\t\t\t\t\t\t<\/li><li class=\"post-footer-category\">\n\t\t\t\t\t\t\t\t\t\t\t<a href=\"https:\/\/avrupacerrahi.net\/al\/category\/hidradenit-suppurativa\/\" title=\"View all posts filed under Hidradenit Suppurativa\">Hidradenit Suppurativa<\/a>\n\t\t\t\t\t\t\t\t\t\t<\/li><\/ul><\/div><\/div><\/li><li class=\" post post-6570 type-post status-publish format-standard has-post-thumbnail hentry category-hemorroide\"><ul class=\"comment-box clearfix\"><li class=\"date clearfix\">\n\t\t\t\t\t\t\t\t<div class=\"value\">13 OCTOBER 2024<\/div>\n\t\t\t\t\t\t\t\t<div class=\"arrow-date\"><\/div>\n\t\t\t\t\t\t\t<\/li><li class=\"comments-number\">\t\t\t<a href=\"https:\/\/avrupacerrahi.net\/al\/trajtimi-mjekesor-i-fisures-anale-me-ilace-dhe-pomada\/#respond\" title=\"0 COMMENTS\">0<\/a>\n\t\t\t\t\t\t\t<\/li><\/ul><div class=\"post-content\"><a class=\"post-image\" href=\"https:\/\/avrupacerrahi.net\/al\/trajtimi-mjekesor-i-fisures-anale-me-ilace-dhe-pomada\/\" title=\"Trajtimi Mjek\u00ebsor i Fisur\u00ebs Anale me Ila\u00e7e dhe Pomada\"><span class=\"mc-preloader\"><\/span><img loading=\"lazy\" decoding=\"async\" width=\"670\" height=\"446\" src=\"https:\/\/avrupacerrahi.net\/al\/wp-content\/uploads\/2024\/10\/Anal-Fissurun-Ilac-ve-Merhemle-Medikal-Tedavisi-670x446.png\" class=\"attachment-blog-post-thumb size-blog-post-thumb wp-post-image\" alt=\"Trajtimi Mjek\u00ebsor i Fisur\u00ebs Anale me Ila\u00e7e dhe Pomada\" title=\"\" srcset=\"https:\/\/avrupacerrahi.net\/al\/wp-content\/uploads\/2024\/10\/Anal-Fissurun-Ilac-ve-Merhemle-Medikal-Tedavisi-670x446.png 670w, https:\/\/avrupacerrahi.net\/al\/wp-content\/uploads\/2024\/10\/Anal-Fissurun-Ilac-ve-Merhemle-Medikal-Tedavisi-600x400.png 600w, https:\/\/avrupacerrahi.net\/al\/wp-content\/uploads\/2024\/10\/Anal-Fissurun-Ilac-ve-Merhemle-Medikal-Tedavisi-480x320.png 480w, https:\/\/avrupacerrahi.net\/al\/wp-content\/uploads\/2024\/10\/Anal-Fissurun-Ilac-ve-Merhemle-Medikal-Tedavisi-390x260.png 390w, https:\/\/avrupacerrahi.net\/al\/wp-content\/uploads\/2024\/10\/Anal-Fissurun-Ilac-ve-Merhemle-Medikal-Tedavisi-285x190.png 285w\" sizes=\"auto, (max-width: 670px) 100vw, 670px\" \/><\/a><h2 class=\"post-title\"><a href=\"https:\/\/avrupacerrahi.net\/al\/trajtimi-mjekesor-i-fisures-anale-me-ilace-dhe-pomada\/\" title=\"Trajtimi Mjek\u00ebsor i Fisur\u00ebs Anale me Ila\u00e7e dhe Pomada\">Trajtimi Mjek\u00ebsor i Fisur\u00ebs Anale me Ila\u00e7e dhe Pomada<\/a><\/h2><p>Fisura anale \u00ebsht\u00eb nj\u00eb gjendje e dhimbshme q\u00eb ndodh si pasoj\u00eb e \u00e7arjeve n\u00eb shtres\u00ebn e holl\u00eb t\u00eb l\u00ebkur\u00ebs rreth anusit. Kjo problematik\u00eb, shpesh e shkaktuar nga kapsll\u00ebku, jasht\u00ebqitja e fort\u00eb ose lindja, mund t\u00eb ndikoj\u00eb seriozisht n\u00eb cil\u00ebsin\u00eb e jet\u00ebs. Q\u00ebllimi kryesor i trajtimit \u00ebsht\u00eb p\u00ebrshpejtimi i procesit t\u00eb sh\u00ebrimit dhe ulja e dhimbjes<\/p>\n\t\t<div class=\"post-footer clearfix\">\n\t\t\t\t\t\t\t\t<ul class=\"post-footer-details\"><li class=\"post-footer-author\">\n\t\t\t\t\t\t\t\t\t\tavrupa Cerrahi\n\t\t\t\t\t\t\t\t\t<\/li><li class=\"post-footer-category\">\n\t\t\t\t\t\t\t\t\t\t\t<a href=\"https:\/\/avrupacerrahi.net\/al\/category\/hemorroide\/\" title=\"Explore our Hemorrhoid category for in-depth information on symptoms, causes, and non-surgical treatment options. Find relief today!\">Hemorroide<\/a>\n\t\t\t\t\t\t\t\t\t\t<\/li><\/ul><\/div><\/div><\/li><li class=\" post post-6926 type-post status-publish format-standard has-post-thumbnail hentry category-fisure-anale\"><ul class=\"comment-box clearfix\"><li class=\"date clearfix\">\n\t\t\t\t\t\t\t\t<div class=\"value\">6 JANUARY 2025<\/div>\n\t\t\t\t\t\t\t\t<div class=\"arrow-date\"><\/div>\n\t\t\t\t\t\t\t<\/li><li class=\"comments-number\">\t\t\t<a href=\"https:\/\/avrupacerrahi.net\/al\/trajtimi-mjekesor-i-carjeve-anale-me-medikamente-dhe-pomada\/#respond\" title=\"0 COMMENTS\">0<\/a>\n\t\t\t\t\t\t\t<\/li><\/ul><div class=\"post-content\"><a class=\"post-image\" href=\"https:\/\/avrupacerrahi.net\/al\/trajtimi-mjekesor-i-carjeve-anale-me-medikamente-dhe-pomada\/\" title=\"Trajtimi Mjek\u00ebsor i \u00c7arjeve Anale me Medikamente dhe Pomada\"><span class=\"mc-preloader\"><\/span><img loading=\"lazy\" decoding=\"async\" width=\"670\" height=\"446\" src=\"https:\/\/avrupacerrahi.net\/al\/wp-content\/uploads\/2025\/01\/anal-fissur-ilac-medikal-670x446.png\" class=\"attachment-blog-post-thumb size-blog-post-thumb wp-post-image\" alt=\"Trajtimi Mjek\u00ebsor i \u00c7arjeve Anale me Medikamente dhe Pomada\" title=\"\" srcset=\"https:\/\/avrupacerrahi.net\/al\/wp-content\/uploads\/2025\/01\/anal-fissur-ilac-medikal-670x446.png 670w, https:\/\/avrupacerrahi.net\/al\/wp-content\/uploads\/2025\/01\/anal-fissur-ilac-medikal-600x400.png 600w, https:\/\/avrupacerrahi.net\/al\/wp-content\/uploads\/2025\/01\/anal-fissur-ilac-medikal-480x320.png 480w, https:\/\/avrupacerrahi.net\/al\/wp-content\/uploads\/2025\/01\/anal-fissur-ilac-medikal-390x260.png 390w, https:\/\/avrupacerrahi.net\/al\/wp-content\/uploads\/2025\/01\/anal-fissur-ilac-medikal-285x190.png 285w\" sizes=\"auto, (max-width: 670px) 100vw, 670px\" \/><\/a><h2 class=\"post-title\"><a href=\"https:\/\/avrupacerrahi.net\/al\/trajtimi-mjekesor-i-carjeve-anale-me-medikamente-dhe-pomada\/\" title=\"Trajtimi Mjek\u00ebsor i \u00c7arjeve Anale me Medikamente dhe Pomada\">Trajtimi Mjek\u00ebsor i \u00c7arjeve Anale me Medikamente dhe Pomada<\/a><\/h2><p>\u00c7arja anale p\u00ebrcaktohet si nj\u00eb grisje ose plasaritje e vog\u00ebl n\u00eb l\u00ebkur\u00ebn delikate rreth anusit. Ky problem zakonisht shkakton dhimbje t\u00eb forta, gjakderdhje dhe shqet\u00ebsim gjat\u00eb jasht\u00ebqitjes. P\u00ebrpara se t\u00eb p\u00ebrdorin metodat kirurgjikale, mjek\u00ebt specialist\u00eb zakonisht preferojn\u00eb trajtimet mjek\u00ebsore p\u00ebr trajtimin e \u00e7arjeve anale. K\u00ebto trajtime p\u00ebrfshijn\u00eb anestetik\u00eb lokal\u00eb, pomada anti-inflamatore dhe kremra q\u00eb zgjerohen<\/p>\n\t\t<div class=\"post-footer clearfix\">\n\t\t\t\t\t\t\t\t<ul class=\"post-footer-details\"><li class=\"post-footer-author\">\n\t\t\t\t\t\t\t\t\t\tavrupa Cerrahi\n\t\t\t\t\t\t\t\t\t<\/li><li class=\"post-footer-category\">\n\t\t\t\t\t\t\t\t\t\t\t<a href=\"https:\/\/avrupacerrahi.net\/al\/category\/fisure-anale\/\" title=\"Fissures are linear cracks or tears that occur in the skin or mucous membranes of various parts of the body, commonly found in areas such as the anus...\">Fisur\u00eb anale<\/a>\n\t\t\t\t\t\t\t\t\t\t<\/li><\/ul><\/div><\/div><\/li><\/ul><ul class='pagination page-margin-top'><li class='selected'><span>1<\/span><\/li><li><a href='https:\/\/avrupacerrahi.net\/al\/wp-json\/wp\/v2\/pages\/5906\/page\/2\/'>2<\/a><\/li><li><a href='https:\/\/avrupacerrahi.net\/al\/wp-json\/wp\/v2\/pages\/5906\/page\/3\/'>3<\/a><\/li><li><a href='https:\/\/avrupacerrahi.net\/al\/wp-json\/wp\/v2\/pages\/5906\/page\/2\/'>&rsaquo;<\/a><\/li><li><a href='https:\/\/avrupacerrahi.net\/al\/wp-json\/wp\/v2\/pages\/5906\/page\/38\/'>&raquo;<\/a><\/li><\/ul>[\/vc_column][vc_column width=&#8221;1\/3&#8243;][vc_widget_sidebar top_margin=&#8221;page-margin-top&#8221; sidebar_id=&#8221;sidebar-blog&#8221;][vc_widget_sidebar top_margin=&#8221;page-margin-top&#8221; sidebar_id=&#8221;sidebar-blog-2&#8243;][\/vc_column][\/vc_row]<\/p>\n","protected":false},"excerpt":{"rendered":"<p>[vc_row][vc_column width=&#8221;2\/3&#8243;][\/vc_column][vc_column width=&#8221;1\/3&#8243;][vc_widget_sidebar top_margin=&#8221;page-margin-top&#8221; sidebar_id=&#8221;sidebar-blog&#8221;][vc_widget_sidebar top_margin=&#8221;page-margin-top&#8221; sidebar_id=&#8221;sidebar-blog-2&#8243;][\/vc_column][\/vc_row]<\/p>\n","protected":false},"author":2,"featured_media":0,"parent":0,"menu_order":0,"comment_status":"closed","ping_status":"closed","template":"template-blog.php","meta":{"footnotes":""},"class_list":["post-5906","page","type-page","status-publish","hentry"],"aioseo_notices":[],"_links":{"self":[{"href":"https:\/\/avrupacerrahi.net\/al\/wp-json\/wp\/v2\/pages\/5906","targetHints":{"allow":["GET"]}}],"collection":[{"href":"https:\/\/avrupacerrahi.net\/al\/wp-json\/wp\/v2\/pages"}],"about":[{"href":"https:\/\/avrupacerrahi.net\/al\/wp-json\/wp\/v2\/types\/page"}],"author":[{"embeddable":true,"href":"https:\/\/avrupacerrahi.net\/al\/wp-json\/wp\/v2\/users\/2"}],"replies":[{"embeddable":true,"href":"https:\/\/avrupacerrahi.net\/al\/wp-json\/wp\/v2\/comments?post=5906"}],"version-history":[{"count":2,"href":"https:\/\/avrupacerrahi.net\/al\/wp-json\/wp\/v2\/pages\/5906\/revisions"}],"predecessor-version":[{"id":5943,"href":"https:\/\/avrupacerrahi.net\/al\/wp-json\/wp\/v2\/pages\/5906\/revisions\/5943"}],"wp:attachment":[{"href":"https:\/\/avrupacerrahi.net\/al\/wp-json\/wp\/v2\/media?parent=5906"}],"curies":[{"name":"wp","href":"https:\/\/api.w.org\/{rel}","templated":true}]}}