{"id":4016,"date":"2020-11-27T10:47:08","date_gmt":"2020-11-27T07:47:08","guid":{"rendered":"https:\/\/avrupacerrahi.com.tr\/sd\/?page_id=4016"},"modified":"2024-12-16T15:23:57","modified_gmt":"2024-12-16T12:23:57","slug":"%d8%aa%d8%ad%d8%af%d9%8a%d8%af-%d9%85%d9%88%d8%b9%d8%af","status":"publish","type":"page","link":"https:\/\/avrupacerrahi.net\/ar\/%d8%aa%d8%ad%d8%af%d9%8a%d8%af-%d9%85%d9%88%d8%b9%d8%af\/","title":{"rendered":"\u062a\u062d\u062f\u064a\u062f \u0645\u0648\u0639\u062f"},"content":{"rendered":"<p>[vc_row][vc_column][vc_custom_heading text=&#8221;\u0642\u0645 \u0628\u062a\u062d\u062f\u064a\u062f \u0645\u0648\u0639\u062f \u0628\u0633\u0647\u0648\u0644\u0629&#8221; google_fonts=&#8221;font_family:Source%20Sans%20Pro%3A200%2C200italic%2C300%2C300italic%2Cregular%2Citalic%2C600%2C600italic%2C700%2C700italic%2C900%2C900italic|font_style:400%20regular%3A400%3Anormal&#8221;][\/vc_column][\/vc_row][vc_row][vc_column width=&#8221;1\/4&#8243;][vc_empty_space height=&#8221;38px&#8221;]<ul class=\"clearfix mc-features mc-features-large mc-features-style-light\"><li class=\"item-content clearfix\">\r\n\t\t\t\t<a class=\"hexagon animated-element animation-0\" href=\"https:\/\/avrupacerrahi.net\/ar\/features\/cagri-merkezi\/\" title=\"\u0645\u0631\u0643\u0632 \u0627\u0644\u0627\u062a\u0635\u0627\u0644\"><span class=\"features-phone\"><\/span><\/a><div class=\"text\"><h3><a href=\"https:\/\/avrupacerrahi.net\/ar\/features\/cagri-merkezi\/\"  title=\"\u0645\u0631\u0643\u0632 \u0627\u0644\u0627\u062a\u0635\u0627\u0644\">\u0645\u0631\u0643\u0632 \u0627\u0644\u0627\u062a\u0635\u0627\u0644<\/a><\/h3><p>905526083921+<\/p>\n<\/div>\r\n\t\t\t<\/li><\/ul>[vc_separator css=&#8221;.vc_custom_1606464288786{margin-top: 10px !important;}&#8221;]<ul class=\"clearfix mc-features mc-features-large mc-features-style-light\"><li class=\"item-content clearfix\">\r\n\t\t\t\t<a class=\"hexagon animated-element animation-0\" href=\"https:\/\/avrupacerrahi.net\/ar\/features\/bakirkoy-adres\/\" title=\"\u0639\u0646\u0648\u0627\u0646 \u0628\u0627\u0643\u064a\u0631\u0643\u0648\u064a\"><span class=\"features-map\"><\/span><\/a><div class=\"text\"><h3><a href=\"https:\/\/avrupacerrahi.net\/ar\/features\/bakirkoy-adres\/\"  title=\"\u0639\u0646\u0648\u0627\u0646 \u0628\u0627\u0643\u064a\u0631\u0643\u0648\u064a\">\u0639\u0646\u0648\u0627\u0646 \u0628\u0627\u0643\u064a\u0631\u0643\u0648\u064a<\/a><\/h3><p>Kartaltepe Mah. \u0130ncirli Cad. No:26 Bak\u0131rk\u00f6y \/ \u0130STANBUL<\/p>\n<\/div>\r\n\t\t\t<\/li><\/ul>[vc_separator css=&#8221;.vc_custom_1606464300261{margin-top: 10px !important;}&#8221;]<ul class=\"clearfix mc-features mc-features-large mc-features-style-light\"><li class=\"item-content clearfix\">\r\n\t\t\t\t<a class=\"hexagon animated-element animation-0\" href=\"https:\/\/avrupacerrahi.net\/ar\/features\/kadikoy-adres\/\" title=\"\u0639\u0646\u0648\u0627\u0646 \u0643\u0627\u062f\u064a\u0643\u0648\u064a\"><span class=\"features-map\"><\/span><\/a><div class=\"text\"><h3><a href=\"https:\/\/avrupacerrahi.net\/ar\/features\/kadikoy-adres\/\"  title=\"\u0639\u0646\u0648\u0627\u0646 \u0643\u0627\u062f\u064a\u0643\u0648\u064a\">\u0639\u0646\u0648\u0627\u0646 \u0643\u0627\u062f\u064a\u0643\u0648\u064a<\/a><\/h3><p>Ba\u011fdat Cad. \u015eim\u015fek Sok. No:2 Kat:4 Caddebostan Kad\u0131k\u00f6y \/ \u0130STANBUL<\/p>\n<\/div>\r\n\t\t\t<\/li><\/ul>[\/vc_column][vc_column width=&#8221;3\/4&#8243;]\n<div class=\"wpcf7 no-js\" id=\"wpcf7-f6445-o1\" lang=\"en-US\" dir=\"ltr\" data-wpcf7-id=\"6445\">\n<div class=\"screen-reader-response\"><p role=\"status\" aria-live=\"polite\" aria-atomic=\"true\"><\/p> <ul><\/ul><\/div>\n<form action=\"\/ar\/wp-json\/wp\/v2\/pages\/4016#wpcf7-f6445-o1\" method=\"post\" class=\"wpcf7-form init\" aria-label=\"Contact form\" novalidate=\"novalidate\" data-status=\"init\">\n<fieldset class=\"hidden-fields-container\"><input type=\"hidden\" name=\"_wpcf7\" value=\"6445\" \/><input type=\"hidden\" name=\"_wpcf7_version\" value=\"6.1.5\" \/><input type=\"hidden\" name=\"_wpcf7_locale\" value=\"en_US\" \/><input type=\"hidden\" name=\"_wpcf7_unit_tag\" value=\"wpcf7-f6445-o1\" \/><input type=\"hidden\" name=\"_wpcf7_container_post\" value=\"0\" \/><input type=\"hidden\" name=\"_wpcf7_posted_data_hash\" value=\"\" \/><input type=\"hidden\" name=\"_wpcf7_recaptcha_response\" value=\"\" \/>\n<\/fieldset>\n<div class=\"ey-forms\" style=\"width:100%;\">\n\t<p><span class=\"wpcf7-form-control-wrap\" data-name=\"text-312\"><input size=\"40\" maxlength=\"400\" class=\"wpcf7-form-control wpcf7-text wpcf7-validates-as-required\" aria-required=\"true\" aria-invalid=\"false\" placeholder=\"\u0627\u0633\u0645\u0643 \u0648\u0644\u0642\u0628\u0643\" value=\"\" type=\"text\" name=\"text-312\" \/><\/span>\n\t<\/p>\n<\/div>\n<div class=\"ey-forms\" style=\"width:100%;\">\n\t<p><span class=\"wpcf7-form-control-wrap\" data-name=\"tel-756\"><input size=\"40\" maxlength=\"400\" class=\"wpcf7-form-control wpcf7-tel wpcf7-validates-as-required wpcf7-text wpcf7-validates-as-tel\" aria-required=\"true\" aria-invalid=\"false\" placeholder=\"\u0631\u0642\u0645 \u0647\u0627\u062a\u0641\u0643\" value=\"\" type=\"tel\" name=\"tel-756\" \/><\/span>\n\t<\/p>\n<\/div>\n<div class=\"ey-forms\" style=\"width:100%;\">\n\t<p><span class=\"wpcf7-form-control-wrap\" data-name=\"datetime\"><input size=\"40\" maxlength=\"400\" class=\"wpcf7-form-control wpcf7-text walcf7-datetimepicker\" aria-invalid=\"false\" value=\"\u0648\u0642\u062a \u0627\u0644\u062a\u0639\u064a\u064a\u0646\" type=\"text\" name=\"datetime\" \/><\/span>\n\t<\/p>\n<\/div>\n<div class=\"ey-forms-he\" style=\"width:100%;\">\n\t<p><span class=\"wpcf7-form-control-wrap\" data-name=\"text-751\"><input size=\"40\" maxlength=\"400\" class=\"wpcf7-form-control wpcf7-text\" aria-invalid=\"false\" placeholder=\"\u0631\u0633\u0627\u0644\u062a\u0643\" value=\"\" type=\"text\" name=\"text-751\" \/><\/span>\n\t<\/p>\n<\/div>\n<div class=\"button-ey\" style=\"width:100%;\">\n\t<p><input class=\"wpcf7-form-control wpcf7-submit has-spinner\" type=\"submit\" value=\"\u0625\u0631\u0633\u0627\u0644\" \/>\n\t<\/p>\n<\/div>\n<style>\ninput, textarea{\nwidth: 100%!important;\nborder: none;\npadding: 16px;\nborder-bottom: 2px solid #3574ac;\n}\n.button-ey input {\nbackground-color: #3574ac;\n color: white;\n font-size: 16px;\n font-weight: 900;\n margin-top: 20px;\n}\n.button-ey input {\nbackground-color: #1c4b75!important;\n\n}\n.ey-forms {\nmargin-bottom: 15px;\n}\n.ey-forms-he input{\nheight: 80px!important;\n}\n<\/style><input type='hidden' class='wpcf7-pum' value='{\"closepopup\":false,\"closedelay\":0,\"openpopup\":false,\"openpopup_id\":0}' \/><div class=\"wpcf7-response-output\" aria-hidden=\"true\"><\/div>\n<\/form>\n<\/div>\n[\/vc_column][\/vc_row]<\/p>\n","protected":false},"excerpt":{"rendered":"<p>[vc_row][vc_column][vc_custom_heading text=&#8221;\u0642\u0645 \u0628\u062a\u062d\u062f\u064a\u062f \u0645\u0648\u0639\u062f \u0628\u0633\u0647\u0648\u0644\u0629&#8221; google_fonts=&#8221;font_family:Source%20Sans%20Pro%3A200%2C200italic%2C300%2C300italic%2Cregular%2Citalic%2C600%2C600italic%2C700%2C700italic%2C900%2C900italic|font_style:400%20regular%3A400%3Anormal&#8221;][\/vc_column][\/vc_row][vc_row][vc_column width=&#8221;1\/4&#8243;][vc_empty_space height=&#8221;38px&#8221;][vc_separator css=&#8221;.vc_custom_1606464288786{margin-top: 10px !important;}&#8221;][vc_separator css=&#8221;.vc_custom_1606464300261{margin-top: 10px !important;}&#8221;][\/vc_column][vc_column width=&#8221;3\/4&#8243;][\/vc_column][\/vc_row]<\/p>\n","protected":false},"author":1,"featured_media":0,"parent":0,"menu_order":0,"comment_status":"closed","ping_status":"closed","template":"","meta":{"_metasync_otto_title":"","_metasync_otto_description":"","_metasync_otto_keywords":"","_metasync_otto_og_title":"","_metasync_otto_og_description":"","_metasync_otto_twitter_title":"","_metasync_otto_twitter_description":"","rank_math_title":"","rank_math_description":"","_yoast_wpseo_title":"","_yoast_wpseo_metadesc":"","_aioseo_title":"\u062a\u062d\u062f\u064a\u062f \u0645\u0648\u0639\u062f - Avrupa Cerrahi T\u0131p Merkezi","_aioseo_description":"\u062d\u062f\u062f \u0645\u0648\u0639\u062f\u064b \u0641\u064a \u0645\u0631\u0643\u0632 \u0637\u0628 \u0627\u0644\u0634\u0631\u062c \u0648\u0627\u0644\u0645\u0633\u062a\u0642\u064a\u0645 \u0645\u0646 \u0627\u0644\u062f\u0631\u062c\u0629 \u0627\u0644\u0623\u0648\u0644\u0649 \u0648\u0642\u0645 \u0628\u0625\u0646\u0647\u0627\u0621 \u0645\u0634\u0627\u0643\u0644\u0643 \u0628\u0623\u0633\u0627\u0644\u064a\u0628 \u0633\u0631\u064a\u0639\u0629 \u0648\u063a\u064a\u0631 \u0645\u0624\u0644\u0645\u0629 \u0648\u063a\u064a\u0631 \u062c\u0631\u0627\u062d\u064a\u0629 \u0645\u0639 \u0641\u0631\u064a\u0642\u0646\u0627 \u0627\u0644\u0645\u062d\u062a\u0631\u0641 \u0641\u064a \u0627\u0644\u062c\u0631\u0627\u062d\u064a \u0627\u0644\u0623\u0648\u0631\u0648\u0628\u064a!","_metasync_seo_title":"","_metasync_seo_desc":"","_metasync_otto_disabled":"","footnotes":""},"class_list":["post-4016","page","type-page","status-publish","hentry"],"aioseo_notices":[],"_links":{"self":[{"href":"https:\/\/avrupacerrahi.net\/ar\/wp-json\/wp\/v2\/pages\/4016","targetHints":{"allow":["GET"]}}],"collection":[{"href":"https:\/\/avrupacerrahi.net\/ar\/wp-json\/wp\/v2\/pages"}],"about":[{"href":"https:\/\/avrupacerrahi.net\/ar\/wp-json\/wp\/v2\/types\/page"}],"author":[{"embeddable":true,"href":"https:\/\/avrupacerrahi.net\/ar\/wp-json\/wp\/v2\/users\/1"}],"replies":[{"embeddable":true,"href":"https:\/\/avrupacerrahi.net\/ar\/wp-json\/wp\/v2\/comments?post=4016"}],"version-history":[{"count":9,"href":"https:\/\/avrupacerrahi.net\/ar\/wp-json\/wp\/v2\/pages\/4016\/revisions"}],"predecessor-version":[{"id":6446,"href":"https:\/\/avrupacerrahi.net\/ar\/wp-json\/wp\/v2\/pages\/4016\/revisions\/6446"}],"wp:attachment":[{"href":"https:\/\/avrupacerrahi.net\/ar\/wp-json\/wp\/v2\/media?parent=4016"}],"curies":[{"name":"wp","href":"https:\/\/api.w.org\/{rel}","templated":true}]}}