{"id":4029,"date":"2020-11-27T13:16:00","date_gmt":"2020-11-27T10:16:00","guid":{"rendered":"https:\/\/avrupacerrahi.com.tr\/sd\/?page_id=4029"},"modified":"2024-01-03T14:43:52","modified_gmt":"2024-01-03T11:43:52","slug":"our-mission","status":"publish","type":"page","link":"https:\/\/avrupacerrahi.net\/az\/our-mission\/","title":{"rendered":"Our Mission"},"content":{"rendered":"<p>[vc_row][vc_column][vc_empty_space height=&#8221;25px&#8221;][vc_column_text]<\/p>\n<h2><strong>Bizim Haqq\u0131m\u0131zda<\/strong><\/h2>\n<p>Biz Avropa C\u0259rrahiyy\u0259 Tibb M\u0259rk\u0259zi olaraq sa\u011flaml\u0131\u011f\u0131n \u0259h\u0259miyy\u0259tini v\u0259 d\u0259y\u0259rini bilirik. \u0130lk olaraq 2005-ci ild\u0259 G\u00fcn\u0259\u015flid\u0259ki m\u0259rk\u0259zimizd\u0259 Avropa C\u0259rrahiyy\u0259 Tibb M\u0259rk\u0259zi ad\u0131 alt\u0131nda sa\u011flaml\u0131\u011f\u0131n paylanmas\u0131 v\u0259 paylanmas\u0131na davam etm\u0259k prinsipi il\u0259 yola \u00e7\u0131xd\u0131q. Biz h\u0259mi\u015f\u0259 etik, d\u00fcr\u00fcst, t\u0259chiz olunmu\u015f v\u0259 s\u00fcr\u0259tli bir yana\u015fma t\u0259tbiq edirik. &#8220;A Sinif Proktoloji M\u0259rk\u0259z&#8221; olma\u011f\u0131n haql\u0131 q\u00fcruru il\u0259 x\u0259st\u0259l\u0259rimizi anesteziyas\u0131z v\u0259 x\u0259st\u0259xanaya yerl\u0259\u015fdirm\u0259d\u0259n \u0259m\u0259liyyats\u0131z \u00fcsullarla m\u00fcalic\u0259 edirik<\/p>\n<p>Bak\u0131rk\u00f6y (2018), Kad\u0131k\u00f6y (2017) v\u0259 \u015ei\u015fli (2015) kimi \u0130stanbulun m\u0259rk\u0259zi lokasyonlar\u0131nda yerl\u0259\u015f\u0259n filiallar\u0131m\u0131zla x\u0259st\u0259l\u0259rimizin h\u0259r zaman m\u00fcalic\u0259 oluna bildiyi m\u0259kanlarda \u0259n son texnologiya lazer \u00fcsulu il\u0259 asan n\u0259qliyyat t\u0259min ed\u0259r\u0259k xidm\u0259tl\u0259rimizi t\u0259qdim edirik. g\u00fcl\u0259r\u00fcz v\u0259 t\u0259cr\u00fcb\u0259li s\u0259hiyy\u0259 ile x\u0131dm\u0259tizd\u0259y\u0131z.<\/p>\n<p><a href=\"https:\/\/avrupacerrahi.net\/az\/hemoroidd%c9%99n-qorunma-yollari-n%c9%99l%c9%99rdir\/\">Hemoroid<\/a> (Hemoroid), t\u00fck d\u00f6nm\u0259si (Pilonidal Sinus), Anal Fissura, <a href=\"https:\/\/avrupacerrahi.net\/az\/anal-fistuladan-qorunma-yollari-n%c9%99l%c9%99rdir\/\">Anal Fistula<\/a>, Genital <a href=\"https:\/\/avrupacerrahi.net\/az\/ziyil-n%c9%99dir\/\">Ziyil<\/a> (HPV) x\u0259st\u0259likl\u0259ri \u00fczr\u0259 5 m\u00fct\u0259x\u0259ssis h\u0259kimimiz t\u0259r\u0259find\u0259n diqq\u0259tli, vasvas\u0131, etibarl\u0131 v\u0259 y\u00fcks\u0259k standartlara uy\u011fun tibbi xidm\u0259t g\u00f6st\u0259ririk. X\u0259st\u0259l\u0259rimizi d\u00fcnyan\u0131n v\u0259 ya \u00f6lk\u0259nin haras\u0131nda olmas\u0131ndan ba\u011fl\u0131 olmayaraq, m\u00fc\u0259ssis\u0259miz\u0259 m\u00fcraci\u0259tl\u0259ri il\u0259 eyni g\u00fcnd\u0259 m\u00fcalic\u0259 ed\u0259 bilm\u0259nin haql\u0131 q\u00fcruru il\u0259 xidm\u0259tl\u0259rimizi q\u00fcrurla davam etdiririk.<\/p>\n<p>Xaricd\u0259n g\u0259l\u0259n x\u0259st\u0259l\u0259rimiz\u0259; Biz Avropa C\u0259rrahiyy\u0259 Tibb M\u0259rk\u0259zi ail\u0259si olaraq bilirik ki, \u201cX\u0259st\u0259 M\u0259sl\u0259h\u0259t\u00e7il\u0259ri\u201d t\u0259rc\u00fcm\u0259\u00e7il\u0259rimizl\u0259 h\u0259r k\u0259sin sa\u011flaml\u0131\u011f\u0131 \u00fc\u00e7\u00fcn h\u0259ll yollar\u0131 t\u0259qdim etm\u0259k bizim m\u0259suliyy\u0259timizdir v\u0259 bunu yerin\u0259 yetirm\u0259kd\u0259n \u00e7ox xo\u015fb\u0259xtik.[\/vc_column_text][vc_separator][vc_empty_space][\/vc_column][\/vc_row][vc_row][vc_column width=&#8221;1\/2&#8243;][vc_column_text]<\/p>\n<h2><strong>Bizim Missiyam\u0131z<\/strong><\/h2>\n<p>Biz h\u0259r zaman x\u0259st\u0259l\u0259rin v\u0259 yax\u0131nlar\u0131n\u0131n yan\u0131nda olan g\u00fcl\u0259r\u00fcz, anlay\u0131\u015fl\u0131 v\u0259 ixtisasl\u0131 pe\u015f\u0259kar hey\u0259timizl\u0259 sa\u011flaml\u0131q sah\u0259sind\u0259 f\u0259rqli v\u0259 etibarl\u0131 xidm\u0259t yana\u015fmas\u0131n\u0131 m\u0259nims\u0259yirik.<\/p>\n<p>M\u00fcalic\u0259 \u00fcsullar\u0131m\u0131z\u0131 \u0259n rahat v\u0259 \u0259n m\u00fcasir texnologiya il\u0259 t\u0259tbiq edirik ki, x\u0259st\u0259l\u0259rimiz tez bir zamanda sa\u011flaml\u0131qlar\u0131na qovu\u015fsunlar.<\/p>\n<p>M\u00fcasir, h\u00f6rm\u0259tli v\u0259 d\u00fcr\u00fcst yana\u015fmam\u0131zla x\u0259st\u0259l\u0259rimiz\u0259 ist\u0259dikl\u0259ri zaman biz\u0259 m\u00fcraci\u0259t etm\u0259k imkan\u0131 veririk.<\/p>\n<p>Limitsiz xidm\u0259t prinsipimizl\u0259 b\u00fct\u00fcn b\u00f6lg\u0259l\u0259rd\u0259n olan x\u0259st\u0259l\u0259ri narkoz, c\u0259rrahiyy\u0259 v\u0259 x\u0259st\u0259xanaya yerl\u0259\u015fdirm\u0259 kimi qeyri-c\u0259rrahi \u00fcsullarla m\u00fcalic\u0259 edir, onlar\u0131n tezlikl\u0259 sa\u011flaml\u0131qlar\u0131na qovu\u015fmas\u0131n\u0131 t\u0259min edirik.[\/vc_column_text][\/vc_column][vc_column width=&#8221;1\/2&#8243;][vc_column_text]<\/p>\n<h2><strong>Bizim Bax\u0131\u015f\u0131m\u0131z<\/strong><\/h2>\n<p>T\u00fcrkiy\u0259d\u0259 proktologiya sah\u0259sind\u0259 yegan\u0259 ad olaraq, d\u00fcnya standartlar\u0131nda keyfiyy\u0259timizl\u0259 daha geni\u015f co\u011frafiyalarda x\u0259st\u0259l\u0259rimiz\u0259 sa\u011flaml\u0131q paylamaq.<\/p>\n<p>Proktologiya sah\u0259sind\u0259 x\u0259st\u0259l\u0259rin v\u0259 yax\u0131nlar\u0131n\u0131n ilk v\u0259 yegan\u0259 se\u00e7imi olaraq T\u00fcrkiy\u0259nin h\u0259r yerind\u0259 rezonans do\u011furur.<\/p>\n<p>Avropa C\u0259rrahiyy\u0259 Tibb M\u0259rk\u0259zi olaraq s\u0259hiyy\u0259 xidm\u0259tini h\u0259r m\u0259nada b\u00fct\u00fcn s\u0259hiyy\u0259 m\u00fc\u0259ssis\u0259l\u0259ri \u00fc\u00e7\u00fcn n\u00fcmun\u0259vi bir qurum olaraq davam etdirm\u0259k.[\/vc_column_text][\/vc_column][\/vc_row]<\/p>\n","protected":false},"excerpt":{"rendered":"<p>[vc_row][vc_column][vc_empty_space height=&#8221;25px&#8221;][vc_column_text] Bizim Haqq\u0131m\u0131zda Biz Avropa C\u0259rrahiyy\u0259 Tibb M\u0259rk\u0259zi olaraq sa\u011flaml\u0131\u011f\u0131n \u0259h\u0259miyy\u0259tini v\u0259 d\u0259y\u0259rini bilirik. \u0130lk olaraq 2005-ci ild\u0259 G\u00fcn\u0259\u015flid\u0259ki m\u0259rk\u0259zimizd\u0259 Avropa C\u0259rrahiyy\u0259 Tibb M\u0259rk\u0259zi ad\u0131 alt\u0131nda sa\u011flaml\u0131\u011f\u0131n paylanmas\u0131 v\u0259 paylanmas\u0131na davam etm\u0259k prinsipi il\u0259 yola \u00e7\u0131xd\u0131q. Biz h\u0259mi\u015f\u0259 etik, d\u00fcr\u00fcst, t\u0259chiz olunmu\u015f v\u0259 s\u00fcr\u0259tli bir yana\u015fma t\u0259tbiq edirik. &#8220;A Sinif Proktoloji M\u0259rk\u0259z&#8221; olma\u011f\u0131n haql\u0131<\/p>\n","protected":false},"author":1,"featured_media":0,"parent":0,"menu_order":0,"comment_status":"closed","ping_status":"closed","template":"","meta":{"footnotes":""},"class_list":["post-4029","page","type-page","status-publish","hentry"],"aioseo_notices":[],"_links":{"self":[{"href":"https:\/\/avrupacerrahi.net\/az\/wp-json\/wp\/v2\/pages\/4029","targetHints":{"allow":["GET"]}}],"collection":[{"href":"https:\/\/avrupacerrahi.net\/az\/wp-json\/wp\/v2\/pages"}],"about":[{"href":"https:\/\/avrupacerrahi.net\/az\/wp-json\/wp\/v2\/types\/page"}],"author":[{"embeddable":true,"href":"https:\/\/avrupacerrahi.net\/az\/wp-json\/wp\/v2\/users\/1"}],"replies":[{"embeddable":true,"href":"https:\/\/avrupacerrahi.net\/az\/wp-json\/wp\/v2\/comments?post=4029"}],"version-history":[{"count":10,"href":"https:\/\/avrupacerrahi.net\/az\/wp-json\/wp\/v2\/pages\/4029\/revisions"}],"predecessor-version":[{"id":5942,"href":"https:\/\/avrupacerrahi.net\/az\/wp-json\/wp\/v2\/pages\/4029\/revisions\/5942"}],"wp:attachment":[{"href":"https:\/\/avrupacerrahi.net\/az\/wp-json\/wp\/v2\/media?parent=4029"}],"curies":[{"name":"wp","href":"https:\/\/api.w.org\/{rel}","templated":true}]}}