{"id":5225,"date":"2022-04-05T12:50:34","date_gmt":"2022-04-05T09:50:34","guid":{"rendered":"https:\/\/avrupacerrahi.com.tr\/en\/?page_id=5225"},"modified":"2024-04-22T16:20:52","modified_gmt":"2024-04-22T13:20:52","slug":"anusdan-qanaxma-rektal-qanaxma","status":"publish","type":"page","link":"https:\/\/avrupacerrahi.net\/az\/anusdan-qanaxma-rektal-qanaxma\/","title":{"rendered":"Anusdan qanaxma (rektal qanaxma)"},"content":{"rendered":"<p>[vc_row][vc_column width=&#8221;1\/2&#8243;][vc_empty_space][vc_raw_html]JTNDYSUyMGRhdGEtZmFuY3lib3glM0QlMjJnYWxsZXJ5JTIyJTIwaHJlZiUzRCUyMmh0dHBzJTNBJTJGJTJGd3d3LnlvdXR1YmUuY29tJTJGd2F0Y2glM0Z2JTNEX2luWnR0TFdDaDQlMjZ0JTNEMnMlMjIlMjBjbGFzcyUzRCUyMnZpZGVvLWJveCUyMiUzRSUwQSUyMCUyMCUyMCUyMCUzQ2ltZyUyMHNyYyUzRCUyMmh0dHBzJTNBJTJGJTJGYXZydXBhY2VycmFoaS5uZXQlMkZlbiUyRndwLWNvbnRlbnQlMkZ1cGxvYWRzJTJGMjAyMiUyRjA0JTJGaGVtb3JvaWQtY25uLWluZ2lsaXpjZS5qcGclMjIlMjBhbHQlM0QlMjJpbWFnZSUyMiUzRSUwQSUyMCUyMCUyMCUyMCUzQ2RpdiUyMGNsYXNzJTNEJTIydmlkZW8tYm94X19pY29uJTIyJTNFJTNDZGl2JTIwY2xhc3MlM0QlMjJ2aWRlby1ib3hfX2ljb24tLXBsYXklMjIlM0UlM0NzdmclMjB2aWV3Qm94JTNEJTIyMCUyMDAlMjAyNCUyMDI0JTIyJTIwd2lkdGglM0QlMjIyNCUyMiUyMGhlaWdodCUzRCUyMjI0JTIyJTNFJTNDcGF0aCUyMGZpbGwlM0QlMjJub25lJTIyJTIwZCUzRCUyMk0wJTIwMGgyNHYyNEgweiUyMiUyRiUzRSUzQ3BhdGglMjBkJTNEJTIyTTE5LjM3NiUyMDEyLjQxNkw4Ljc3NyUyMDE5LjQ4MkEuNS41JTIwMCUyMDAlMjAxJTIwOCUyMDE5LjA2NlY0LjkzNGEuNS41JTIwMCUyMDAlMjAxJTIwLjc3Ny0uNDE2bDEwLjU5OSUyMDcuMDY2YS41LjUlMjAwJTIwMCUyMDElMjAwJTIwLjgzMnolMjIlMkYlM0UlM0MlMkZzdmclM0UlM0MlMkZkaXYlM0UlM0MlMkZkaXYlM0UlMEElM0MlMkZhJTNF[\/vc_raw_html][\/vc_column][vc_column width=&#8221;1\/2&#8243; el_class=&#8221;padding-left-30&#8243;][vc_empty_space][vc_raw_html]JTNDYSUyMGRhdGEtZmFuY3lib3glM0QlMjJnYWxsZXJ5JTIyJTIwaHJlZiUzRCUyMmh0dHBzJTNBJTJGJTJGd3d3LnlvdXR1YmUuY29tJTJGd2F0Y2glM0Z2JTNEWUJqVlNmaVJXUzglMjIlMjBjbGFzcyUzRCUyMnZpZGVvLWJveCUyMiUzRSUwQSUyMCUyMCUyMCUyMCUzQ2ltZyUyMHNyYyUzRCUyMmh0dHBzJTNBJTJGJTJGYXZydXBhY2VycmFoaS5uZXQlMkZlbiUyRndwLWNvbnRlbnQlMkZ1cGxvYWRzJTJGMjAyMiUyRjEyJTJGcmVrdGFsa2FuYW1hLWthcGFrLWVuZy5qcGclMjIlMjBhbHQlM0QlMjJpbWFnZSUyMiUzRSUwQSUyMCUyMCUyMCUyMCUzQ2RpdiUyMGNsYXNzJTNEJTIydmlkZW8tYm94X19pY29uJTIyJTNFJTNDZGl2JTIwY2xhc3MlM0QlMjJ2aWRlby1ib3hfX2ljb24tLXBsYXklMjIlM0UlM0NzdmclMjB2aWV3Qm94JTNEJTIyMCUyMDAlMjAyNCUyMDI0JTIyJTIwd2lkdGglM0QlMjIyNCUyMiUyMGhlaWdodCUzRCUyMjI0JTIyJTNFJTNDcGF0aCUyMGZpbGwlM0QlMjJub25lJTIyJTIwZCUzRCUyMk0wJTIwMGgyNHYyNEgweiUyMiUyRiUzRSUzQ3BhdGglMjBkJTNEJTIyTTE5LjM3NiUyMDEyLjQxNkw4Ljc3NyUyMDE5LjQ4MkEuNS41JTIwMCUyMDAlMjAxJTIwOCUyMDE5LjA2NlY0LjkzNGEuNS41JTIwMCUyMDAlMjAxJTIwLjc3Ny0uNDE2bDEwLjU5OSUyMDcuMDY2YS41LjUlMjAwJTIwMCUyMDElMjAwJTIwLjgzMnolMjIlMkYlM0UlM0MlMkZzdmclM0UlM0MlMkZkaXYlM0UlM0MlMkZkaXYlM0UlMEElM0MlMkZhJTNF[\/vc_raw_html][\/vc_column][\/vc_row][vc_row][vc_column][vc_empty_space height=&#8221;15&#8243;][vc_empty_space height=&#8221;15&#8243;][vc_separator][vc_empty_space height=&#8221;15&#8243;]<h2 class=\"box-header\">Rektal qanaxma n\u0259dir?<\/h2>[vc_column_text]&#8221;Anus qanaxmalara tibbi dild\u0259 rektal qanaxma deyilir. Anus qanamas\u0131 (rektal qanaxma) anus v\u0259 onun \u0259traf\u0131n\u0131n x\u0259st\u0259likl\u0259ri, y\u0259ni perianal b\u00f6lg\u0259 x\u0259st\u0259likl\u0259ri v\u0259 ya a\u015fa\u011f\u0131 m\u0259d\u0259-ba\u011f\u0131rsaq trakt\u0131ndan qaynaqlanan x\u0259st\u0259likl\u0259r s\u0259b\u0259bind\u0259n inki\u015faf ed\u0259 bil\u0259r. Anusdan qanaxma qidalanma v\u0259 tualet v\u0259rdi\u015fl\u0259rind\u0259 d\u0259yi\u015fiklikl\u0259r\u0259 s\u0259b\u0259b olan v\u0259 x\u0259st\u0259nin h\u0259yat keyfiyy\u0259tini a\u015fa\u011f\u0131 salan bir x\u0259st\u0259likdir. &#8221;<\/p>\n<p>D\u00fcz ba\u011f\u0131rsaqdan qanaxma bir \u00e7ox x\u0259st\u0259likl\u0259rin \u0259lam\u0259ti ola bil\u0259r. <a href=\"https:\/\/avrupacerrahi.net\/az\/hemoroidd%c9%99n-qorunma-yollari-n%c9%99l%c9%99rdir\/\">Hemoroid<\/a> v\u0259 ya \u00e7atlardan qanaxma rektum x\u0259r\u00e7\u0259ngi kimi ciddi sa\u011flaml\u0131q probleml\u0259rinin x\u0259b\u0259r\u00e7isi kimi g\u00f6r\u00fcl\u0259 bil\u0259r. Qanaman\u0131n \u015fidd\u0259ti qanaxmaya s\u0259b\u0259b olan \u015f\u0259rtl\u0259r\u0259 g\u00f6r\u0259 d\u0259yi\u015fir.<\/p>\n<p>Qanama ad\u0259t\u0259n defekasiya zaman\u0131 tualet qab\u0131n\u0131 dolduran \u00e7ox miqdarda ola bil\u0259r v\u0259 ya salfetd\u0259 v\u0259 ya alt paltar\u0131nda l\u0259k\u0259l\u0259r \u015f\u0259klind\u0259 m\u00fc\u015fahid\u0259 edil\u0259 bil\u0259r. Qanama a\u011fr\u0131l\u0131 oldu\u011fu kimi a\u011fr\u0131s\u0131z da ola bil\u0259r.<\/p>\n<p>D\u00fcz ba\u011f\u0131rsaq qanaxmas\u0131 olan x\u0259st\u0259l\u0259rd\u0259 s\u0259b\u0259bi a\u015fkar etm\u0259k \u00fc\u00e7\u00fcn anal b\u00f6lg\u0259nin m\u00fcayin\u0259si t\u0259l\u0259b olunur. Lakin x\u0259st\u0259l\u0259r bu b\u00f6lg\u0259nin x\u0259st\u0259likl\u0259rind\u0259 m\u00fcayin\u0259d\u0259n utand\u0131qlar\u0131 \u00fc\u00e7\u00fcn \u00fcmumiyy\u0259tl\u0259 h\u0259kim\u0259 m\u00fcraci\u0259t etm\u0259kd\u0259n \u00e7\u0259kinirl\u0259r. M\u00fcalic\u0259nin gecikm\u0259si il\u0259 x\u0259st\u0259lik ciddil\u0259\u015f\u0259 bil\u0259r. Qanaman\u0131n s\u0259b\u0259bi d\u00fczg\u00fcn m\u00fc\u0259yy\u0259n edilm\u0259li v\u0259 erk\u0259n diaqnoz \u00fc\u00e7\u00fcn m\u00fct\u0259x\u0259ssis proktoloq h\u0259kiml\u0259r\u0259 m\u00fcraci\u0259t edilm\u0259lidir. \u018fks halda x\u0259st\u0259lik ir\u0259lil\u0259y\u0259r\u0259k bird\u0259n \u00e7ox x\u0259st\u0259liy\u0259 s\u0259b\u0259b ola bil\u0259r.<br \/>\n[\/vc_column_text]<h2 class=\"box-header\">Niy\u0259 qan d\u00fcz ba\u011f\u0131rsaqdan g\u0259lir?<\/h2>[vc_column_text]Camaatda tez-tez rast g\u0259lin\u0259n rektal qanaxma rektal x\u0259st\u0259likl\u0259rin \u0259n \u0259h\u0259miyy\u0259tli \u0259lam\u0259ti ola bil\u0259r. Buna g\u00f6r\u0259 d\u0259 x\u0259st\u0259l\u0259r rektal qanaxma \u0259lam\u0259tl\u0259ri il\u0259 qar\u015f\u0131la\u015fd\u0131qda m\u00fctl\u0259q qanaxman\u0131n s\u0259b\u0259bini ara\u015fd\u0131rmal\u0131d\u0131rlar. Rektal qanaxma daha \u00e7ox hemoroid (hemoroid), anal \u00e7atlar (anal \u00e7atlar), irritabl ba\u011f\u0131rsaq sindromu (q\u0131c\u0131qlanan ba\u011f\u0131rsaq sindromu), xoral\u0131 kolit v\u0259 Crohn, yo\u011fun ba\u011f\u0131rsaq polipl\u0259ri kimi ba\u011f\u0131rsaq x\u0259st\u0259likl\u0259rinin simptomlar\u0131 kimi g\u00f6r\u00fcn\u0259 bil\u0259r v\u0259 ya kolon v\u0259 d\u00fcz ba\u011f\u0131rsaq x\u0259r\u00e7\u0259ngid\u0259 qanaxmaya s\u0259b\u0259b ola bil\u0259r.<br \/>\n[\/vc_column_text][vc_empty_space height=&#8221;15&#8243;]<h2 class=\"box-header\">Anusdan qanaxman\u0131n simptomlar\u0131 hans\u0131lard\u0131r?<\/h2>[vc_column_text]D\u00fcz ba\u011f\u0131rsaqda qanaxma rektum v\u0259 ba\u011f\u0131rsaq x\u0259st\u0259likl\u0259rind\u0259 \u0259n \u0259h\u0259miyy\u0259tli \u0259lam\u0259tl\u0259rd\u0259n biridir v\u0259 m\u00fctl\u0259q n\u0259z\u0259r\u0259 al\u0131nmal\u0131d\u0131r. Anus qanamas\u0131 h\u0259zm sistemi qanaxmalar\u0131n\u0131n 20%-30%-ni t\u0259\u015fkil edir. Rektal qanaxman\u0131n \u0259sas s\u0259b\u0259bl\u0259ri bunlard\u0131r:<\/p>\n<p>&#8220;D\u00fcz ba\u011f\u0131rsaqdan qanaxma s\u0131zma v\u0259 ya damc\u0131 \u015f\u0259klind\u0259 v\u0259 ya aktiv a\u011f\u0131r qanaxma \u015f\u0259klind\u0259 ola bil\u0259r. B\u0259zi hallarda, tualet ka\u011f\u0131z\u0131 \u00fcz\u0259rind\u0259 yaln\u0131z xafif qanaxma olur. &#8221;<\/p>\n<p>Anusda qanaxma qad\u0131nlarda daha \u00e7ox olur. \u00c7\u00fcnki qad\u0131nlarda divertikulit v\u0259 angiodisplaziya (damar strukturunun anormall\u0131\u011f\u0131) poz\u011funluqlar\u0131na daha \u00e7ox rast g\u0259linir. Bu \u015f\u0259rtl\u0259r rektal qanaxmaya s\u0259b\u0259b olur.<\/p>\n<p>Yo\u011fun ba\u011f\u0131rsa\u011f\u0131n sol t\u0259r\u0259find\u0259n, anusa yax\u0131n olan qanaxmalar parlaq q\u0131rm\u0131z\u0131 v\u0259 a\u00e7\u0131q r\u0259ngd\u0259 g\u00f6r\u00fcn\u00fcr.<\/p>\n<p>Yo\u011fun ba\u011f\u0131rsa\u011f\u0131n sa\u011f t\u0259r\u0259find\u0259n \u0259m\u0259l\u0259 g\u0259l\u0259n qanaxma ad\u0259t\u0259n q\u0131rm\u0131z\u0131-qara r\u0259ngd\u0259dir v\u0259 n\u0259cisl\u0259 qar\u0131\u015fm\u0131\u015f, b\u0259z\u0259n he\u00e7 bir \u0259lam\u0259t olmadan gizli qanaxma \u015f\u0259klind\u0259 ola bil\u0259r. Tez-tez anemiya il\u0259 simptomlar g\u00f6st\u0259r\u0259 bil\u0259r.<\/p>\n<p>M\u0259d\u0259 v\u0259 onikibarmaq ba\u011f\u0131rsaqdan qanaxmaya melena deyilir. Melena qanaxmas\u0131 qara qanaxmad\u0131r. Melena qanaxmas\u0131nda qan h\u0259zm olundu\u011fu \u00fc\u00e7\u00fcn qanaxman\u0131n r\u0259ngi qara g\u00f6r\u00fcn\u00fcr.<\/p>\n<p>Rektal qanaxma x\u0259st\u0259d\u0259 anemiyaya s\u0259b\u0259b ola bil\u0259r. Z\u0259iflik, n\u0259f\u0259s darl\u0131\u011f\u0131, yor\u011funluq, depressiya kimi simptomlara s\u0259b\u0259b ola bil\u0259r.<br \/>\n[\/vc_column_text][\/vc_column][\/vc_row][vc_row][vc_column]<h2 class=\"box-header\">Rektal qanaxma nec\u0259 m\u00fcalic\u0259 olunur?<\/h2>[vc_column_text]Anus qanamas\u0131 (rektal qanaxma) bir \u00e7ox rektal x\u0259st\u0259likl\u0259rin \u0259lam\u0259tl\u0259ri aras\u0131ndad\u0131r. Bu qanaxmalar k\u0259skin qanaxmad\u0131rsa, onlar\u0131n \u00f6zba\u015f\u0131na dayanma ehtimal\u0131 var. Qanayan x\u0259st\u0259d\u0259 ilk n\u00f6vb\u0259d\u0259 x\u0259st\u0259nin \u015fikay\u0259tl\u0259ri, qanaxman\u0131n m\u00fcdd\u0259ti, r\u0259ngi, defekasiya v\u0259rdi\u015fl\u0259ri, qanaxma il\u0259 m\u00fc\u015fayi\u0259t olunan tap\u0131nt\u0131lar sor\u011fulan\u0131r v\u0259 diqq\u0259tl\u0259 anamnez al\u0131nmaqla qanaxman\u0131n m\u00fcmk\u00fcn s\u0259b\u0259bl\u0259ri haqq\u0131nda ilkin diaqnoz qoyulur. Fiziki m\u00fcayin\u0259d\u0259 qanaxma hemoroid, \u00e7at v\u0259 anal polip kimi tap\u0131nt\u0131lar birba\u015fa t\u0259sbit edil\u0259 bil\u0259r v\u0259 fiziki m\u00fcayin\u0259d\u0259 g\u00f6r\u00fcnm\u0259y\u0259n qanaxma s\u0259b\u0259bl\u0259ri \u00fc\u00e7\u00fcn endoskopik m\u00fcayin\u0259l\u0259r laz\u0131m ola bil\u0259r.<\/p>\n<p>Rektosiqmoidoskopiyan\u0131n k\u00f6m\u0259yi il\u0259 d\u00fcz ba\u011f\u0131rsa\u011f\u0131n daxili hiss\u0259sini \u0259hat\u0259 ed\u0259n selikli qi\u015fa (uzun ba\u011f\u0131rsa\u011f\u0131 anusla birl\u0259\u015fdir\u0259n 30-40 sm uzunlu\u011funda) m\u00fcayin\u0259 edilir. B\u0259zi hallarda kolonoskopiya, y\u0259ni b\u00fct\u00fcn yo\u011fun ba\u011f\u0131rsa\u011f\u0131n m\u00fcayin\u0259si d\u0259 apar\u0131la bil\u0259r. X\u0259st\u0259 proktoloq t\u0259r\u0259find\u0259n m\u00fcayin\u0259 olunur v\u0259 hans\u0131 endoskopiya \u00fcsulundan istifad\u0259 edil\u0259c\u0259yin\u0259 q\u0259rar verilir. Endoskopiya yaln\u0131z x\u0259st\u0259liyin diaqnozunu qoyma\u011fa deyil, h\u0259m d\u0259 qanaxman\u0131n m\u0259nb\u0259yini tapma\u011fa v\u0259 onu dayand\u0131rma\u011fa k\u00f6m\u0259k edir. Qanaman\u0131n s\u0259b\u0259bi m\u00fc\u0259yy\u0259n edildikd\u0259n sonra x\u0259st\u0259y\u0259 \u0259n uy\u011fun m\u00fcalic\u0259 \u00fcsulu se\u00e7ilir.<\/p>\n<p>&#8220;Hemoroid (hemoroid), anal \u00e7atlar v\u0259 polipl\u0259rd\u0259n qaynaqlanan qanaxmalar\u0131n m\u00fcalic\u0259si \u00fc\u00e7\u00fcn h\u0259m qeyri-c\u0259rrahi, h\u0259m d\u0259 c\u0259rrahi \u00fcsullar m\u00f6vcuddur. &#8221;<\/p>\n<p>Avrupa cerrahiyy\u0259sind\u0259 d\u00fcz ba\u011f\u0131rsa\u011f\u0131n qanaxmas\u0131 olan x\u0259st\u0259l\u0259r diqq\u0259tl\u0259 fiziki m\u00fcayin\u0259d\u0259n sonra v\u0259 qanaxman\u0131n etiologiyas\u0131 \u00fc\u00e7\u00fcn diaqnoz qoyulduqdan sonra, \u0259g\u0259r qanaxman\u0131n s\u0259b\u0259bi anal nahiy\u0259nin xo\u015fxass\u0259li x\u0259st\u0259likl\u0259ri, hemoroid, anal fissurlar, polipl\u0259r v\u0259 s. A\u015fkar edil\u0259rs\u0259, eyni g\u00fcnd\u0259 m\u00fcayin\u0259 v\u0259 m\u00fcalic\u0259 oluna bil\u0259r. Qeyri-c\u0259rrahi lazer \u00fcsullar\u0131 il\u0259 m\u00fcalic\u0259 \u00e7ox q\u0131sa vaxt apar\u0131r. Regional anesteziya il\u0259 g\u00fcn \u0259rzind\u0259 m\u00fcalic\u0259 olunaraq ictimai v\u0259 i\u015f h\u0259yat\u0131n\u0131za qay\u0131da bil\u0259rsiniz.<br \/>\n[\/vc_column_text][\/vc_column][\/vc_row][vc_row][vc_column][vc_separator][vc_empty_space height=&#8221;15&#8243;]<h2 class=\"box-header align-left\">Rektal qanaxma \u00fc\u00e7\u00fcn t\u00f6vsiy\u0259 olunan videolar<\/h2>[vc_empty_space height=&#8221;15&#8243;][vc_row_inner top_margin=&#8221;page-margin-top-section&#8221; el_class=&#8221;flex-box&#8221;][vc_column_inner width=&#8221;1\/3&#8243;][vc_raw_html]JTNDYSUyMGRhdGEtZmFuY3lib3glM0QlMjJnYWxsZXJ5JTIyJTIwaHJlZiUzRCUyMmh0dHBzJTNBJTJGJTJGd3d3LnlvdXR1YmUuY29tJTJGd2F0Y2glM0Z2JTNEZkdvb3ZPVjVYY2clMjIlMjBjbGFzcyUzRCUyMnZpZGVvLWJveCUyMiUzRSUwQSUyMCUyMCUyMCUyMCUzQ2ltZyUyMHNyYyUzRCUyMmh0dHBzJTNBJTJGJTJGYXZydXBhY2VycmFoaS5jb20udHIlMkZ3cC1jb250ZW50JTJGdXBsb2FkcyUyRjIwMjElMkYwMiUyRmFuYWwtZmlzc3VyLWF5YWt0YW4tdGVkYXZpLmpwZyUyMiUyMGFsdCUzRCUyMmltYWdlJTIyJTNFJTBBJTIwJTIwJTIwJTIwJTNDZGl2JTIwY2xhc3MlM0QlMjJ2aWRlby1ib3hfX2ljb24lMjIlM0UlM0NkaXYlMjBjbGFzcyUzRCUyMnZpZGVvLWJveF9faWNvbi0tcGxheSUyMiUzRSUzQ3N2ZyUyMHZpZXdCb3glM0QlMjIwJTIwMCUyMDI0JTIwMjQlMjIlMjB3aWR0aCUzRCUyMjI0JTIyJTIwaGVpZ2h0JTNEJTIyMjQlMjIlM0UlM0NwYXRoJTIwZmlsbCUzRCUyMm5vbmUlMjIlMjBkJTNEJTIyTTAlMjAwaDI0djI0SDB6JTIyJTJGJTNFJTNDcGF0aCUyMGQlM0QlMjJNMTkuMzc2JTIwMTIuNDE2TDguNzc3JTIwMTkuNDgyQS41LjUlMjAwJTIwMCUyMDElMjA4JTIwMTkuMDY2VjQuOTM0YS41LjUlMjAwJTIwMCUyMDElMjAuNzc3LS40MTZsMTAuNTk5JTIwNy4wNjZhLjUuNSUyMDAlMjAwJTIwMSUyMDAlMjAuODMyeiUyMiUyRiUzRSUzQyUyRnN2ZyUzRSUzQyUyRmRpdiUzRSUzQyUyRmRpdiUzRSUwQSUzQyUyRmElM0U=[\/vc_raw_html][\/vc_column_inner][vc_column_inner width=&#8221;1\/3&#8243;][vc_raw_html]JTNDYSUyMGRhdGEtZmFuY3lib3glM0QlMjJnYWxsZXJ5JTIyJTIwaHJlZiUzRCUyMmh0dHBzJTNBJTJGJTJGd3d3LnlvdXR1YmUuY29tJTJGd2F0Y2glM0Z2JTNEY2FxdlRjbmxWR1ElMjIlMjBjbGFzcyUzRCUyMnZpZGVvLWJveCUyMiUzRSUwQSUyMCUyMCUyMCUyMCUzQ2ltZyUyMHNyYyUzRCUyMmh0dHBzJTNBJTJGJTJGYXZydXBhY2VycmFoaS5jb20udHIlMkZ3cC1jb250ZW50JTJGdXBsb2FkcyUyRjIwMjElMkYwMiUyRmFuYWwtZmlzdHVsLWlsZS1hbmFsLWZpc3N1ci5qcGclMjIlMjBhbHQlM0QlMjJpbWFnZSUyMiUzRSUwQSUyMCUyMCUyMCUyMCUzQ2RpdiUyMGNsYXNzJTNEJTIydmlkZW8tYm94X19pY29uJTIyJTNFJTNDZGl2JTIwY2xhc3MlM0QlMjJ2aWRlby1ib3hfX2ljb24tLXBsYXklMjIlM0UlM0NzdmclMjB2aWV3Qm94JTNEJTIyMCUyMDAlMjAyNCUyMDI0JTIyJTIwd2lkdGglM0QlMjIyNCUyMiUyMGhlaWdodCUzRCUyMjI0JTIyJTNFJTNDcGF0aCUyMGZpbGwlM0QlMjJub25lJTIyJTIwZCUzRCUyMk0wJTIwMGgyNHYyNEgweiUyMiUyRiUzRSUzQ3BhdGglMjBkJTNEJTIyTTE5LjM3NiUyMDEyLjQxNkw4Ljc3NyUyMDE5LjQ4MkEuNS41JTIwMCUyMDAlMjAxJTIwOCUyMDE5LjA2NlY0LjkzNGEuNS41JTIwMCUyMDAlMjAxJTIwLjc3Ny0uNDE2bDEwLjU5OSUyMDcuMDY2YS41LjUlMjAwJTIwMCUyMDElMjAwJTIwLjgzMnolMjIlMkYlM0UlM0MlMkZzdmclM0UlM0MlMkZkaXYlM0UlM0MlMkZkaXYlM0UlMEElM0MlMkZhJTNF[\/vc_raw_html][\/vc_column_inner][vc_column_inner width=&#8221;1\/3&#8243;][vc_raw_html]JTNDYSUyMGRhdGEtZmFuY3lib3glM0QlMjJnYWxsZXJ5JTIyJTIwaHJlZiUzRCUyMmh0dHBzJTNBJTJGJTJGd3d3LnlvdXR1YmUuY29tJTJGd2F0Y2glM0Z2JTNEdC13M3BuZkVFWG8lMjIlMjBjbGFzcyUzRCUyMnZpZGVvLWJveCUyMiUzRSUwQSUyMCUyMCUyMCUyMCUzQ2ltZyUyMHNyYyUzRCUyMmh0dHBzJTNBJTJGJTJGYXZydXBhY2VycmFoaS5jb20udHIlMkZ3cC1jb250ZW50JTJGdXBsb2FkcyUyRjIwMjElMkYwMiUyRmZpc3N1ci1tYWtldC1jYXRsYWdpLmpwZyUyMiUyMGFsdCUzRCUyMmltYWdlJTIyJTNFJTBBJTIwJTIwJTIwJTIwJTNDZGl2JTIwY2xhc3MlM0QlMjJ2aWRlby1ib3hfX2ljb24lMjIlM0UlM0NkaXYlMjBjbGFzcyUzRCUyMnZpZGVvLWJveF9faWNvbi0tcGxheSUyMiUzRSUzQ3N2ZyUyMHZpZXdCb3glM0QlMjIwJTIwMCUyMDI0JTIwMjQlMjIlMjB3aWR0aCUzRCUyMjI0JTIyJTIwaGVpZ2h0JTNEJTIyMjQlMjIlM0UlM0NwYXRoJTIwZmlsbCUzRCUyMm5vbmUlMjIlMjBkJTNEJTIyTTAlMjAwaDI0djI0SDB6JTIyJTJGJTNFJTNDcGF0aCUyMGQlM0QlMjJNMTkuMzc2JTIwMTIuNDE2TDguNzc3JTIwMTkuNDgyQS41LjUlMjAwJTIwMCUyMDElMjA4JTIwMTkuMDY2VjQuOTM0YS41LjUlMjAwJTIwMCUyMDElMjAuNzc3LS40MTZsMTAuNTk5JTIwNy4wNjZhLjUuNSUyMDAlMjAwJTIwMSUyMDAlMjAuODMyeiUyMiUyRiUzRSUzQyUyRnN2ZyUzRSUzQyUyRmRpdiUzRSUzQyUyRmRpdiUzRSUwQSUzQyUyRmElM0U=[\/vc_raw_html][\/vc_column_inner][\/vc_row_inner][vc_empty_space height=&#8221;15&#8243;][vc_separator][vc_empty_space height=&#8221;15&#8243;][\/vc_column][\/vc_row][vc_row][vc_column css=&#8221;.vc_custom_1536849658368{background-position: center !important;background-repeat: no-repeat !important;background-size: cover !important;}&#8221; el_class=&#8221;padding-bottom-128 column-limited&#8221;][vc_empty_space height=&#8221;15&#8243;][vc_separator][vc_empty_space height=&#8221;15&#8243;]<h2 class=\"box-header\">Qeyri-c\u0259rrahi anesteziya m\u00fcalic\u0259sinin \u00fcst\u00fcnl\u00fckl\u0259ri<\/h2>[vc_column_text] Qeyri-c\u0259rrahi rektal qanaxma (anus qanaxma) m\u00fcalic\u0259si 5-8 d\u0259qiq\u0259 \u00e7\u0259kir<br \/>\nDi\u015f plombunun olmas\u0131 kimi tez v\u0259 x\u0259st\u0259xanaya yerl\u0259\u015fdirm\u0259y\u0259 ehtiyac olmadan h\u0259yata ke\u00e7irilir.<\/p>\n<p>Narkoz t\u0259tbiqi yoxdur. Regional anesteziya lokal anesteziya il\u0259 apar\u0131l\u0131r.<\/p>\n<p>\u0130nsan\u0131n he\u00e7 bir ilkin haz\u0131rl\u0131q g\u00f6rm\u0259sin\u0259 ehtiyac yoxdur.<\/p>\n<p>\u018flav\u0259 m\u00fcayin\u0259 v\u0259 ya analiz t\u0259l\u0259b olunmur. Prosedur zaman\u0131 x\u0259st\u0259 \u015f\u00fcurlu v\u0259ziyy\u0259td\u0259dir.<\/p>\n<p>Prosedur zaman\u0131 v\u0259 sonras\u0131nda hiss olunan a\u011fr\u0131n\u0131n miqdar\u0131 \u00e7ox azd\u0131r<\/p>\n<p>K\u0259sikl\u0259r v\u0259 ya tiki\u015fl\u0259r kimi c\u0259rrahi t\u0259tbiql\u0259r i\u015ftirak etm\u0259diyi \u00fc\u00e7\u00fcn anal b\u00f6lg\u0259d\u0259 toxuma z\u0259d\u0259l\u0259nm\u0259si ya\u015fanm\u0131r.<\/p>\n<p>Klassik c\u0259rrahi \u0259m\u0259liyyatlarda anusa tampon qoyuldu\u011fu halda, qeyri-c\u0259rrahi m\u00fcalic\u0259d\u0259 bu t\u0259tbiq\u0259 rast g\u0259linmir.<\/p>\n<p>M\u00fcalic\u0259d\u0259n d\u0259rhal sonra insan g\u00fcnd\u0259lik h\u0259yat\u0131na qay\u0131da bil\u0259r<\/p>\n<p>Sistemli v\u0259 xroniki x\u0259st\u0259likl\u0259ri olan insanlar da \u0259m\u0259liyyat olmadan rahatl\u0131qla lazerl\u0259 m\u00fcalic\u0259 ed\u0259 bil\u0259rl\u0259r. Qan t\u0259zyiqi, \u015f\u0259k\u0259rli diabet v\u0259 \u00fcr\u0259k x\u0259st\u0259liyi olan x\u0259st\u0259l\u0259r adi d\u0259rmanlar\u0131ndan istifad\u0259 etm\u0259y\u0259 davam ed\u0259 bil\u0259rl\u0259r<\/p>\n<p>T\u0259tbiq etdiyimiz qeyri-c\u0259rrahi m\u00fcalic\u0259 \u00fcsullar\u0131nda \u0259m\u0259liyyatdan sonra m\u00fc\u015fahid\u0259 edil\u0259n qaz tutmama, n\u0259cis tutmama kimi a\u011f\u0131rla\u015fmalar ya\u015fanm\u0131r.<\/p>\n<p>X\u0259st\u0259l\u0259r eyni g\u00fcnd\u0259 m\u00fcayin\u0259 v\u0259 m\u00fcalic\u0259 oluna bil\u0259r. Qeyri-c\u0259rrahi anal qanaxma m\u00fcalic\u0259sind\u0259n sonra insan sosial v\u0259 i\u015f h\u0259yat\u0131na qay\u0131da bil\u0259r.<br \/>\n[\/vc_column_text][vc_empty_space height=&#8221;15&#8243;][vc_separator][vc_empty_space height=&#8221;15&#8243;]<h2 class=\"box-header\">Niy\u0259 Avrupa Cerrahiyy\u0259sini Se\u00e7m\u0259liy\u0259m?<\/h2>[vc_column_text]Biz 17 illik biliyimizl\u0259 anal qanaxma \u0259m\u0259liyyat\u0131 \u00fc\u00e7\u00fcn t\u00f6vsiy\u0259 olunan x\u0259st\u0259l\u0259ri c\u0259rrahi olmayan lazer \u0259sasl\u0131 \u00fcsullarla m\u00fcalic\u0259 edirik.<\/p>\n<p>Biz yerli v\u0259 xarici m\u0259nb\u0259l\u0259rd\u0259n proktologiya (Anal X\u0259st\u0259likl\u0259ri) il\u0259 ba\u011fl\u0131 b\u00fct\u00fcn m\u00fcasir m\u0259lumat v\u0259 inki\u015faflar\u0131 izl\u0259yir, yenilikl\u0259r\u0259 a\u00e7\u0131q \u015f\u0259kild\u0259 x\u00fcsusi m\u00fcalic\u0259 texnikam\u0131z\u0131 t\u0259tbiq edirik.<br \/>\n[\/vc_column_text][vc_empty_space height=&#8221;15&#8243;][vc_separator][vc_empty_space height=&#8221;15&#8243;]<h2 class=\"box-header black align-center large\">Biziml\u0259 \u0259laq\u0259 saxlay\u0131n<\/h2>[vc_empty_space height=&#8221;15&#8243;]\n<div class=\"wpcf7 no-js\" id=\"wpcf7-f5761-o1\" lang=\"en-US\" dir=\"ltr\" data-wpcf7-id=\"5761\">\n<div class=\"screen-reader-response\"><p role=\"status\" aria-live=\"polite\" aria-atomic=\"true\"><\/p> <ul><\/ul><\/div>\n<form action=\"\/az\/wp-json\/wp\/v2\/pages\/5225#wpcf7-f5761-o1\" method=\"post\" class=\"wpcf7-form init\" aria-label=\"Contact form\" novalidate=\"novalidate\" data-status=\"init\">\n<div style=\"display: none;\">\n<input type=\"hidden\" name=\"_wpcf7\" value=\"5761\" \/>\n<input type=\"hidden\" name=\"_wpcf7_version\" value=\"6.0.6\" \/>\n<input type=\"hidden\" name=\"_wpcf7_locale\" value=\"en_US\" \/>\n<input type=\"hidden\" name=\"_wpcf7_unit_tag\" value=\"wpcf7-f5761-o1\" \/>\n<input type=\"hidden\" name=\"_wpcf7_container_post\" value=\"0\" \/>\n<input type=\"hidden\" name=\"_wpcf7_posted_data_hash\" value=\"\" \/>\n<input type=\"hidden\" name=\"_wpcf7_recaptcha_response\" value=\"\" \/>\n<\/div>\n<div class=\"uacf7-form-5761  \"><label class=\"forms\">Ad\u0131n\u0131z v\u0259 Soyad\u0131n\u0131z<\/label>      \n<div class=\"yeniForm\" style=\"width:100%;\"><span class=\"wpcf7-form-control-wrap\" data-name=\"text-947\"><input size=\"40\" maxlength=\"400\" class=\"wpcf7-form-control wpcf7-text wpcf7-validates-as-required\" aria-required=\"true\" aria-invalid=\"false\" placeholder=\"Ad\u0131n\u0131z v\u0259 Soyad\u0131n\u0131z\" value=\"\" type=\"text\" name=\"text-947\" \/><\/span><\/div>\n<label class=\"forms\">Sizin telefon n\u00f6mr\u0259niz<\/label>\n<div class=\"yeniForm form-size\" style=\"width:100%;\"><span class=\"wpcf7-form-control-wrap\" data-name=\"phonetext-104\"><input size=\"40\" class=\"wpcf7-form-control wpcf7-phonetext wpcf7-validates-as-required wpcf7-text wpcf7-validates-as-phonetext\" aria-required=\"true\" aria-invalid=\"false\" value=\"+994\" type=\"text\" name=\"phonetext-104\" \/><input type=\"hidden\" name=\"phonetext-104-country-code\" class=\"wpcf7-phonetext-country-code\" \/><\/span><\/div>\n\n<label class=\"forms\">Mesaj<\/label>\n<div class=\"yeniForm text-form\" style=\"width:100%; \"><span class=\"wpcf7-form-control-wrap\" data-name=\"text-751\"><input size=\"40\" maxlength=\"400\" class=\"wpcf7-form-control wpcf7-text\" aria-invalid=\"false\" placeholder=\"Mesaj\" value=\"\" type=\"text\" name=\"text-751\" \/><\/span><\/div>\n\n\n<div class=\"yeniFormBtn\" style=\"width:100%;\"><input class=\"wpcf7-form-control wpcf7-submit has-spinner\" type=\"submit\" value=\"G\u00f6nd\u0259r\" \/><\/div>\n\n<style>\n .yeniForm input{\n    background: #f0f0f0;\n    border: none;\n}\n .yeniFormBtn input{\n    background: #3b72ae;\n    margin-top: 15px;\n    color: white;}\n  .text-form input{\n     height:120px;\n   }\n   .flag-container{\n    background: #d1d1d1;\n    width: 57px;\n}\n   .selected-flag{\n    background: #d1d1d1;\n\n}\n\n .form-size input{\n   left: 18px;\n    width: 98% !important;\n    font-weight: bold;\n}\ninput.wpcf7-form-control.wpcf7-text.wpcf7-phonetext.wpcf7-validates-as-required.wpcf7-validates-as-phonetext {\n    font-weight: bold;\n}\n<\/style><\/div><input type='hidden' class='wpcf7-pum' value='{\"closepopup\":false,\"closedelay\":0,\"openpopup\":false,\"openpopup_id\":0}' \/><div class=\"wpcf7-response-output\" aria-hidden=\"true\"><\/div>\n<\/form>\n<\/div>\n[vc_empty_space height=&#8221;15&#8243;][vc_separator][vc_empty_space height=&#8221;15&#8243;]<h2 class=\"box-header black align-center large\">t\u0259r\u0259fda\u015flar\u0131m\u0131z<\/h2>[vc_empty_space height=&#8221;15&#8243;][vc_images_carousel images=&#8221;5153,5157,5158,5203&#8243; img_size=&#8221;full&#8221; speed=&#8221;3000&#8243; slides_per_view=&#8221;4&#8243; hide_pagination_control=&#8221;yes&#8221; hide_prev_next_buttons=&#8221;yes&#8221; wrap=&#8221;yes&#8221;][\/vc_column][\/vc_row]<\/p>\n","protected":false},"excerpt":{"rendered":"<p>[vc_row][vc_column width=&#8221;1\/2&#8243;][vc_empty_space][vc_raw_html]JTNDYSUyMGRhdGEtZmFuY3lib3glM0QlMjJnYWxsZXJ5JTIyJTIwaHJlZiUzRCUyMmh0dHBzJTNBJTJGJTJGd3d3LnlvdXR1YmUuY29tJTJGd2F0Y2glM0Z2JTNEX2luWnR0TFdDaDQlMjZ0JTNEMnMlMjIlMjBjbGFzcyUzRCUyMnZpZGVvLWJveCUyMiUzRSUwQSUyMCUyMCUyMCUyMCUzQ2ltZyUyMHNyYyUzRCUyMmh0dHBzJTNBJTJGJTJGYXZydXBhY2VycmFoaS5uZXQlMkZlbiUyRndwLWNvbnRlbnQlMkZ1cGxvYWRzJTJGMjAyMiUyRjA0JTJGaGVtb3JvaWQtY25uLWluZ2lsaXpjZS5qcGclMjIlMjBhbHQlM0QlMjJpbWFnZSUyMiUzRSUwQSUyMCUyMCUyMCUyMCUzQ2RpdiUyMGNsYXNzJTNEJTIydmlkZW8tYm94X19pY29uJTIyJTNFJTNDZGl2JTIwY2xhc3MlM0QlMjJ2aWRlby1ib3hfX2ljb24tLXBsYXklMjIlM0UlM0NzdmclMjB2aWV3Qm94JTNEJTIyMCUyMDAlMjAyNCUyMDI0JTIyJTIwd2lkdGglM0QlMjIyNCUyMiUyMGhlaWdodCUzRCUyMjI0JTIyJTNFJTNDcGF0aCUyMGZpbGwlM0QlMjJub25lJTIyJTIwZCUzRCUyMk0wJTIwMGgyNHYyNEgweiUyMiUyRiUzRSUzQ3BhdGglMjBkJTNEJTIyTTE5LjM3NiUyMDEyLjQxNkw4Ljc3NyUyMDE5LjQ4MkEuNS41JTIwMCUyMDAlMjAxJTIwOCUyMDE5LjA2NlY0LjkzNGEuNS41JTIwMCUyMDAlMjAxJTIwLjc3Ny0uNDE2bDEwLjU5OSUyMDcuMDY2YS41LjUlMjAwJTIwMCUyMDElMjAwJTIwLjgzMnolMjIlMkYlM0UlM0MlMkZzdmclM0UlM0MlMkZkaXYlM0UlM0MlMkZkaXYlM0UlMEElM0MlMkZhJTNF[\/vc_raw_html][\/vc_column][vc_column width=&#8221;1\/2&#8243; el_class=&#8221;padding-left-30&#8243;][vc_empty_space][vc_raw_html]JTNDYSUyMGRhdGEtZmFuY3lib3glM0QlMjJnYWxsZXJ5JTIyJTIwaHJlZiUzRCUyMmh0dHBzJTNBJTJGJTJGd3d3LnlvdXR1YmUuY29tJTJGd2F0Y2glM0Z2JTNEWUJqVlNmaVJXUzglMjIlMjBjbGFzcyUzRCUyMnZpZGVvLWJveCUyMiUzRSUwQSUyMCUyMCUyMCUyMCUzQ2ltZyUyMHNyYyUzRCUyMmh0dHBzJTNBJTJGJTJGYXZydXBhY2VycmFoaS5uZXQlMkZlbiUyRndwLWNvbnRlbnQlMkZ1cGxvYWRzJTJGMjAyMiUyRjEyJTJGcmVrdGFsa2FuYW1hLWthcGFrLWVuZy5qcGclMjIlMjBhbHQlM0QlMjJpbWFnZSUyMiUzRSUwQSUyMCUyMCUyMCUyMCUzQ2RpdiUyMGNsYXNzJTNEJTIydmlkZW8tYm94X19pY29uJTIyJTNFJTNDZGl2JTIwY2xhc3MlM0QlMjJ2aWRlby1ib3hfX2ljb24tLXBsYXklMjIlM0UlM0NzdmclMjB2aWV3Qm94JTNEJTIyMCUyMDAlMjAyNCUyMDI0JTIyJTIwd2lkdGglM0QlMjIyNCUyMiUyMGhlaWdodCUzRCUyMjI0JTIyJTNFJTNDcGF0aCUyMGZpbGwlM0QlMjJub25lJTIyJTIwZCUzRCUyMk0wJTIwMGgyNHYyNEgweiUyMiUyRiUzRSUzQ3BhdGglMjBkJTNEJTIyTTE5LjM3NiUyMDEyLjQxNkw4Ljc3NyUyMDE5LjQ4MkEuNS41JTIwMCUyMDAlMjAxJTIwOCUyMDE5LjA2NlY0LjkzNGEuNS41JTIwMCUyMDAlMjAxJTIwLjc3Ny0uNDE2bDEwLjU5OSUyMDcuMDY2YS41LjUlMjAwJTIwMCUyMDElMjAwJTIwLjgzMnolMjIlMkYlM0UlM0MlMkZzdmclM0UlM0MlMkZkaXYlM0UlM0MlMkZkaXYlM0UlMEElM0MlMkZhJTNF[\/vc_raw_html][\/vc_column][\/vc_row][vc_row][vc_column][vc_empty_space height=&#8221;15&#8243;][vc_empty_space height=&#8221;15&#8243;][vc_separator][vc_empty_space height=&#8221;15&#8243;][vc_column_text]&#8221;Anus qanaxmalara tibbi dild\u0259 rektal qanaxma deyilir. Anus qanamas\u0131 (rektal qanaxma) anus v\u0259 onun \u0259traf\u0131n\u0131n x\u0259st\u0259likl\u0259ri, y\u0259ni perianal b\u00f6lg\u0259 x\u0259st\u0259likl\u0259ri v\u0259 ya a\u015fa\u011f\u0131 m\u0259d\u0259-ba\u011f\u0131rsaq trakt\u0131ndan qaynaqlanan x\u0259st\u0259likl\u0259r s\u0259b\u0259bind\u0259n inki\u015faf ed\u0259 bil\u0259r. Anusdan qanaxma qidalanma v\u0259 tualet v\u0259rdi\u015fl\u0259rind\u0259 d\u0259yi\u015fiklikl\u0259r\u0259 s\u0259b\u0259b olan v\u0259 x\u0259st\u0259nin h\u0259yat keyfiyy\u0259tini a\u015fa\u011f\u0131 salan bir x\u0259st\u0259likdir. &#8221;<\/p>\n","protected":false},"author":1,"featured_media":0,"parent":0,"menu_order":0,"comment_status":"closed","ping_status":"closed","template":"","meta":{"footnotes":""},"class_list":["post-5225","page","type-page","status-publish","hentry"],"aioseo_notices":[],"_links":{"self":[{"href":"https:\/\/avrupacerrahi.net\/az\/wp-json\/wp\/v2\/pages\/5225","targetHints":{"allow":["GET"]}}],"collection":[{"href":"https:\/\/avrupacerrahi.net\/az\/wp-json\/wp\/v2\/pages"}],"about":[{"href":"https:\/\/avrupacerrahi.net\/az\/wp-json\/wp\/v2\/types\/page"}],"author":[{"embeddable":true,"href":"https:\/\/avrupacerrahi.net\/az\/wp-json\/wp\/v2\/users\/1"}],"replies":[{"embeddable":true,"href":"https:\/\/avrupacerrahi.net\/az\/wp-json\/wp\/v2\/comments?post=5225"}],"version-history":[{"count":29,"href":"https:\/\/avrupacerrahi.net\/az\/wp-json\/wp\/v2\/pages\/5225\/revisions"}],"predecessor-version":[{"id":6052,"href":"https:\/\/avrupacerrahi.net\/az\/wp-json\/wp\/v2\/pages\/5225\/revisions\/6052"}],"wp:attachment":[{"href":"https:\/\/avrupacerrahi.net\/az\/wp-json\/wp\/v2\/media?parent=5225"}],"curies":[{"name":"wp","href":"https:\/\/api.w.org\/{rel}","templated":true}]}}