{"id":5277,"date":"2022-05-11T12:01:38","date_gmt":"2022-05-11T09:01:38","guid":{"rendered":"https:\/\/avrupacerrahi.com.tr\/en\/?page_id=5277"},"modified":"2024-04-24T14:14:13","modified_gmt":"2024-04-24T11:14:13","slug":"anal-prolaps-rektal-prolaps-mualic%c9%99si","status":"publish","type":"page","link":"https:\/\/avrupacerrahi.net\/az\/anal-prolaps-rektal-prolaps-mualic%c9%99si\/","title":{"rendered":"Anal Prolaps (Rektal Prolaps) M\u00fcalic\u0259si"},"content":{"rendered":"<p>[vc_row][vc_column width=&#8221;1\/2&#8243;][vc_empty_space][vc_raw_html]JTNDYSUyMGRhdGEtZmFuY3lib3glM0QlMjJnYWxsZXJ5JTIyJTIwaHJlZiUzRCUyMmh0dHBzJTNBJTJGJTJGd3d3LnlvdXR1YmUuY29tJTJGd2F0Y2glM0Z2JTNEX2luWnR0TFdDaDQlMjZ0JTNEMnMlMjIlMjBjbGFzcyUzRCUyMnZpZGVvLWJveCUyMiUzRSUwQSUyMCUyMCUyMCUyMCUzQ2ltZyUyMHNyYyUzRCUyMmh0dHBzJTNBJTJGJTJGYXZydXBhY2VycmFoaS5uZXQlMkZlbiUyRndwLWNvbnRlbnQlMkZ1cGxvYWRzJTJGMjAyMiUyRjA0JTJGaGVtb3JvaWQtY25uLWluZ2lsaXpjZS5qcGclMjIlMjBhbHQlM0QlMjJpbWFnZSUyMiUzRSUwQSUyMCUyMCUyMCUyMCUzQ2RpdiUyMGNsYXNzJTNEJTIydmlkZW8tYm94X19pY29uJTIyJTNFJTNDZGl2JTIwY2xhc3MlM0QlMjJ2aWRlby1ib3hfX2ljb24tLXBsYXklMjIlM0UlM0NzdmclMjB2aWV3Qm94JTNEJTIyMCUyMDAlMjAyNCUyMDI0JTIyJTIwd2lkdGglM0QlMjIyNCUyMiUyMGhlaWdodCUzRCUyMjI0JTIyJTNFJTNDcGF0aCUyMGZpbGwlM0QlMjJub25lJTIyJTIwZCUzRCUyMk0wJTIwMGgyNHYyNEgweiUyMiUyRiUzRSUzQ3BhdGglMjBkJTNEJTIyTTE5LjM3NiUyMDEyLjQxNkw4Ljc3NyUyMDE5LjQ4MkEuNS41JTIwMCUyMDAlMjAxJTIwOCUyMDE5LjA2NlY0LjkzNGEuNS41JTIwMCUyMDAlMjAxJTIwLjc3Ny0uNDE2bDEwLjU5OSUyMDcuMDY2YS41LjUlMjAwJTIwMCUyMDElMjAwJTIwLjgzMnolMjIlMkYlM0UlM0MlMkZzdmclM0UlM0MlMkZkaXYlM0UlM0MlMkZkaXYlM0UlMEElM0MlMkZhJTNF[\/vc_raw_html][\/vc_column][vc_column width=&#8221;1\/2&#8243; el_class=&#8221;padding-left-30&#8243;][vc_empty_space][vc_raw_html]JTNDYSUyMGRhdGEtZmFuY3lib3glM0QlMjJnYWxsZXJ5JTIyJTIwaHJlZiUzRCUyMmh0dHBzJTNBJTJGJTJGd3d3LnlvdXR1YmUuY29tJTJGd2F0Y2glM0Z2JTNEWUJqVlNmaVJXUzglMjIlMjBjbGFzcyUzRCUyMnZpZGVvLWJveCUyMiUzRSUwQSUyMCUyMCUyMCUyMCUzQ2ltZyUyMHNyYyUzRCUyMmh0dHBzJTNBJTJGJTJGYXZydXBhY2VycmFoaS5uZXQlMkZlbiUyRndwLWNvbnRlbnQlMkZ1cGxvYWRzJTJGMjAyMiUyRjEyJTJGcmVrdGFsa2FuYW1hLWthcGFrLWVuZy5qcGclMjIlMjBhbHQlM0QlMjJpbWFnZSUyMiUzRSUwQSUyMCUyMCUyMCUyMCUzQ2RpdiUyMGNsYXNzJTNEJTIydmlkZW8tYm94X19pY29uJTIyJTNFJTNDZGl2JTIwY2xhc3MlM0QlMjJ2aWRlby1ib3hfX2ljb24tLXBsYXklMjIlM0UlM0NzdmclMjB2aWV3Qm94JTNEJTIyMCUyMDAlMjAyNCUyMDI0JTIyJTIwd2lkdGglM0QlMjIyNCUyMiUyMGhlaWdodCUzRCUyMjI0JTIyJTNFJTNDcGF0aCUyMGZpbGwlM0QlMjJub25lJTIyJTIwZCUzRCUyMk0wJTIwMGgyNHYyNEgweiUyMiUyRiUzRSUzQ3BhdGglMjBkJTNEJTIyTTE5LjM3NiUyMDEyLjQxNkw4Ljc3NyUyMDE5LjQ4MkEuNS41JTIwMCUyMDAlMjAxJTIwOCUyMDE5LjA2NlY0LjkzNGEuNS41JTIwMCUyMDAlMjAxJTIwLjc3Ny0uNDE2bDEwLjU5OSUyMDcuMDY2YS41LjUlMjAwJTIwMCUyMDElMjAwJTIwLjgzMnolMjIlMkYlM0UlM0MlMkZzdmclM0UlM0MlMkZkaXYlM0UlM0MlMkZkaXYlM0UlMEElM0MlMkZhJTNF[\/vc_raw_html][\/vc_column][\/vc_row][vc_row][vc_column]<h2 class=\"box-header\">Anus \u00e7\u0131xt\u0131s\u0131(Rektal prolaps) n\u0259dir?<\/h2>[vc_column_text]&#8221;Yo\u011fun ba\u011f\u0131rsa\u011f\u0131n anal b\u00f6lg\u0259y\u0259 \u0259n yax\u0131n hiss\u0259si v\u0259 d\u00fcz ba\u011f\u0131rsa\u011f\u0131n son hiss\u0259si kimi t\u0259svir edil\u0259n d\u00fcz ba\u011f\u0131rsa\u011f\u0131n anal nahiy\u0259d\u0259n \u00e7\u0131xmas\u0131 v\u0259 y\u0131rt\u0131\u011f\u0131 rektal prolaps adlan\u0131r. &#8221;<\/p>\n<p>Anusun \u00e7\u0131xmas\u0131 ( rektal prolapsus) n\u0259tic\u0259sind\u0259, sfinkter adlanan n\u0259cis tutan \u0259z\u0259l\u0259l\u0259rin z\u0259ifl\u0259m\u0259sind\u0259n sonra selik v\u0259 ya n\u0259cis g\u0259l\u0259 bil\u0259r. Qad\u0131nlarda daha \u00e7ox rast g\u0259lin\u0259n bu poz\u011funluq \u00e7ox tez-tez do\u011fum ed\u0259n qad\u0131nlarda da m\u00fc\u015fahid\u0259 edilir. 1-4 ya\u015f aras\u0131 u\u015faqlarda, b\u00f6y\u00fckl\u0259rd\u0259 is\u0259 45 ya\u015fdan sonra daha \u00e7ox rast g\u0259lin\u0259n rektal prolapsus m\u00fcayin\u0259d\u0259n sonra m\u00fct\u0259x\u0259ssis h\u0259kim t\u0259r\u0259find\u0259n m\u00fcalic\u0259 edilm\u0259lidir.<br \/>\n[\/vc_column_text]<h2 class=\"box-header\">Anus \u00e7\u0131xt\u0131s\u0131(rektal prolapsus) n\u0259 s\u0259b\u0259b olur?<\/h2>[vc_column_text]Anus \u00e7\u0131xt\u0131s\u0131n\u0131n( rektal prolapsus) \u0259sas s\u0259b\u0259bi xroniki q\u0259bizlikdir. Uzun m\u00fcdd\u0259t davam ed\u0259n v\u0259 davaml\u0131 olaraq t\u0259krarlanan q\u0259bizlik \u015fikay\u0259ti g\u0259tirdiyi h\u0259ddind\u0259n art\u0131q g\u0259rginlik s\u0259b\u0259biyl\u0259 anusu h\u0259r d\u0259f\u0259 bir az daha m\u0259cbur edir. Bu proses zamanla anus \u00e7\u0131xt\u0131s\u0131 yarad\u0131r. Xroniki ishalda q\u0259bizliq qadar anus prolaps\u0131n\u0131n \u0259m\u0259l\u0259 g\u0259lm\u0259sind\u0259 t\u0259sirlidir. Daimi defekasiya ehtiyac\u0131 s\u0259b\u0259bind\u0259n x\u0259st\u0259 daim tualet\u0259 gedir v\u0259 laz\u0131ms\u0131z g\u0259rginlikl\u0259r h\u0259yata ke\u00e7irir. N\u0259tic\u0259d\u0259, \u00e7\u0259n\u0259 sallanmas\u0131 ba\u015f ver\u0259 bil\u0259r.<\/p>\n<p>&#8220;Bundan \u0259lav\u0259, qad\u0131nlarda bir \u00e7ox normal do\u011fu\u015flar da anus \u00e7\u0131xmas\u0131na s\u0259b\u0259b olur. Bunlardan ba\u015fqa anus \u00e7\u0131xt\u0131s\u0131 \u0259m\u0259l\u0259 g\u0259lm\u0259sin\u0259 s\u0259bab olanlar bunlard\u0131r; &#8221;<\/p>\n<p>H\u0259mi\u015f\u0259 defekasiya ehtiyac\u0131 hiss etm\u0259k<\/p>\n<p>Xroniki obstruktiv a\u011fciy\u0259r x\u0259st\u0259liyi s\u0259b\u0259bind\u0259n davaml\u0131 \u00f6sk\u00fcr\u0259k<\/p>\n<p>&#8220;Xroniki q\u0259bizlikd\u0259n \u0259ziyy\u0259t \u00e7\u0259k\u0259n x\u0259st\u0259l\u0259r t\u0259r\u0259find\u0259n laksatif d\u0259rmanlar\u0131n davaml\u0131 istifad\u0259si&#8221;<\/p>\n<p>Ya\u015fla \u0259laq\u0259dar olaraq n\u0259cis saxlayan \u0259z\u0259l\u0259l\u0259rin rahatlamas\u0131<\/p>\n<p>\u00c7anaq bo\u015flu\u011funun disfunksiyas\u0131 s\u0259b\u0259bind\u0259n sidik qa\u00e7\u0131rma<\/p>\n<p>Nadir hallarda irsi s\u0259b\u0259bl\u0259r<\/p>\n<p>&#8220;kistik fibroz x\u0259st\u0259liyi&#8221;<\/p>\n<p>Onur\u011fa beyni z\u0259d\u0259l\u0259rind\u0259n sonra<\/p>\n<p>Parazit v\u0259 dizenteriya bakteriyas\u0131<\/p>\n<p>&#8220;Anus \u00e7\u0131xt\u0131s\u0131 b\u0259zi nevroloji x\u0259st\u0259likl\u0259r n\u0259tic\u0259sind\u0259 d\u0259 g\u00f6r\u00fcn\u0259 bil\u0259r &#8221;<br \/>\n[\/vc_column_text][vc_empty_space height=&#8221;15&#8243;]<h2 class=\"box-header\">Anus \u00e7\u0131xt\u0131s\u0131n\u0131n simptomlar\u0131 hans\u0131lard\u0131r?<\/h2>[vc_column_text]Anus prolapsusda( \u00e7\u0131xt\u0131s\u0131) defekasiya \u00fc\u00e7\u00fcn istifad\u0259 olunan \u0259z\u0259l\u0259l\u0259r tam f\u0259aliyy\u0259t g\u00f6st\u0259r\u0259 bilmir. Bundan \u0259lav\u0259,anus nahiy\u0259sind\u0259 anatomiyaya zidd olan deformasiya s\u0259b\u0259bind\u0259n simptomlar artma\u011fa davam edir. B\u00fct\u00fcn bunlar\u0131n n\u0259tic\u0259sind\u0259 a\u015fa\u011f\u0131dak\u0131 simptomlar m\u00fc\u015fahid\u0259 olunur;<\/p>\n<p>Anus \u00e7\u0131\u0131xt\u0131s\u0131( prolapsunda )q\u0259bizlik daha \u00e7ox orta ya\u015fl\u0131 x\u0259st\u0259l\u0259rd\u0259 olur.<br \/>\nN\u0259cisin natamam bo\u015fald\u0131lmas\u0131 hissi il\u0259 x\u0259st\u0259nin daim tualet\u0259 ehtiyac\u0131 olur. Tez-tez tualet\u0259 ged\u0259n x\u0259st\u0259 davaml\u0131 it\u0259l\u0259y\u0259r\u0259k x\u0259st\u0259liyin ir\u0259lil\u0259m\u0259sin\u0259 s\u0259b\u0259b olur.<\/p>\n<p>Daim defekasiya v\u0259 g\u0259rginlik ehtiyac\u0131 hiss ed\u0259n x\u0259st\u0259 bu v\u0259ziyy\u0259t\u0259 g\u00f6r\u0259 \u00e7\u00f6ld\u0259 \u00e7ox vaxt ke\u00e7ir\u0259 bilmir. Sosial h\u0259yata m\u0259nfi t\u0259sir edir.<\/p>\n<p>N\u0259cis tutmama adlanan qaz tutmama v\u0259 n\u0259cis tutmama probleml\u0259ri anus \u00e7\u0131xt\u0131s\u0131( prolaps\u0131ndak\u0131 )\u00fcmumi \u015fikay\u0259tl\u0259r aras\u0131ndad\u0131r. X\u00fcsusil\u0259 orta ya\u015fl\u0131 x\u0259st\u0259l\u0259rd\u0259 daha \u00e7ox rast g\u0259linir. Qaz v\u0259 n\u0259cis tutmama \u015fikay\u0259ti anusdan \u00e7\u0131xan ba\u011f\u0131rsa\u011f\u0131n uzanmas\u0131 s\u0259b\u0259bind\u0259n inki\u015faf edir.<\/p>\n<p>Deformasiyaya u\u011fram\u0131\u015f ba\u011f\u0131rsaq s\u0259b\u0259biyl\u0259 defekasiya \u00e7\u0259tinliyi, rektal prolaps olan x\u0259st\u0259l\u0259rd\u0259 g\u00f6r\u00fcl\u0259n ba\u015fqa bir \u015fikay\u0259tdir.<br \/>\n[\/vc_column_text][\/vc_column][\/vc_row][vc_row][vc_column]<h2 class=\"box-header\">Anal \u00e7\u0131xt\u0131s\u0131 (prolapsiyas\u0131) nec\u0259 m\u00fcalic\u0259 olunur?<\/h2>[vc_column_text]M\u00fct\u0259x\u0259ssis proktoloq t\u0259r\u0259find\u0259n apar\u0131lan m\u00fcayin\u0259 zaman\u0131 ad\u0259t\u0259n diaqnoz qoyulan arxa prolaps v\u0259ziyy\u0259tind\u0259 m\u00fcayin\u0259 zaman\u0131 ba\u011f\u0131rsaq prolaps\u0131 da a\u015fkar edil\u0259 bil\u0259r. Bel\u0259 olan halda m\u00fct\u0259x\u0259ssis h\u0259kim ba\u011f\u0131rsa\u011f\u0131 i\u00e7\u0259ri it\u0259l\u0259yir v\u0259 gipsl\u0259 b\u0259rkidir ki, s\u00f6z\u00fcged\u0259n nahiy\u0259d\u0259 \u00f6dem \u0259m\u0259l\u0259 g\u0259lm\u0259sin. Ba\u011f\u0131rsa\u011f\u0131n h\u0259ddind\u0259n art\u0131q prolaps\u0131 v\u0259ziyy\u0259tind\u0259 limfa damarlar\u0131n\u0131 ba\u011flaya v\u0259 burada \u00f6dem \u0259m\u0259l\u0259 g\u0259tir\u0259 bil\u0259r v\u0259 m\u00fcalic\u0259 edilm\u0259dikd\u0259 ba\u011f\u0131rsaqda nekroz (\u00e7\u00fcr\u00fcm\u0259) yarada bil\u0259r.<\/p>\n<p><strong>Defekoqrafiya:<\/strong> Gizli v\u0259 ya daxili arxa prolaps\u0131 kimi hallarda istifad\u0259 edil\u0259n radioloji m\u00fcayin\u0259 \u00fcsuludur. \u015e\u0259kill\u0259r ba\u011f\u0131rsaq h\u0259r\u0259k\u0259tl\u0259ri zaman\u0131 tomoqrafiya v\u0259 MR\u0130 defekoqrafiya il\u0259 \u00e7\u0259kilir. Bu \u015f\u0259kill\u0259rl\u0259 rektumun prolapsiyas\u0131 (arxa prolaps) g\u00f6st\u0259ril\u0259 bil\u0259r<\/p>\n<p><strong>ERUS (Endoskopik Rektal Ultrasonoqrafiya):<\/strong> C\u0259rrahi t\u0259mird\u0259n ke\u00e7\u0259c\u0259k x\u0259st\u0259l\u0259rd\u0259 x\u00fcsusil\u0259 faydal\u0131 bir \u00fcsuldur. Bir rentgenoloq t\u0259r\u0259find\u0259n h\u0259yata ke\u00e7irilir.<\/p>\n<p><strong>Pelvik MRG:<\/strong>\u00a0 \u00c7anaq d\u00f6\u015f\u0259m\u0259si \u0259z\u0259l\u0259l\u0259rinin v\u0259 anus \u0259z\u0259l\u0259l\u0259rinin cari v\u0259ziyy\u0259ti haqq\u0131nda m\u0259lumat \u0259ld\u0259 etm\u0259k \u00fc\u00e7\u00fcn h\u0259yata ke\u00e7irilir. Bu \u0259z\u0259l\u0259l\u0259rd\u0259 h\u0259r hans\u0131 bir z\u0259d\u0259 varsa, MRG-d\u0259 rahatl\u0131qla g\u00f6r\u00fcl\u0259 bil\u0259r.<br \/>\n[\/vc_column_text][\/vc_column][\/vc_row][vc_row][vc_column][vc_separator][vc_empty_space height=&#8221;15&#8243;]<h2 class=\"box-header align-left\">Anus \u00e7\u0131\u0131xt\u0131s\u0131( rektal prolapsus )\u00fc\u00e7\u00fcn t\u00f6vsiy\u0259 olunan videolar<\/h2>[vc_empty_space height=&#8221;15&#8243;][vc_row_inner top_margin=&#8221;page-margin-top-section&#8221; el_class=&#8221;flex-box&#8221;][vc_column_inner width=&#8221;1\/3&#8243;][vc_raw_html]JTNDYSUyMGRhdGEtZmFuY3lib3glM0QlMjJnYWxsZXJ5JTIyJTIwaHJlZiUzRCUyMmh0dHBzJTNBJTJGJTJGd3d3LnlvdXR1YmUuY29tJTJGd2F0Y2glM0Z2JTNEZkdvb3ZPVjVYY2clMjIlMjBjbGFzcyUzRCUyMnZpZGVvLWJveCUyMiUzRSUwQSUyMCUyMCUyMCUyMCUzQ2ltZyUyMHNyYyUzRCUyMmh0dHBzJTNBJTJGJTJGYXZydXBhY2VycmFoaS5jb20udHIlMkZ3cC1jb250ZW50JTJGdXBsb2FkcyUyRjIwMjElMkYwMiUyRmFuYWwtZmlzc3VyLWF5YWt0YW4tdGVkYXZpLmpwZyUyMiUyMGFsdCUzRCUyMmltYWdlJTIyJTNFJTBBJTIwJTIwJTIwJTIwJTNDZGl2JTIwY2xhc3MlM0QlMjJ2aWRlby1ib3hfX2ljb24lMjIlM0UlM0NkaXYlMjBjbGFzcyUzRCUyMnZpZGVvLWJveF9faWNvbi0tcGxheSUyMiUzRSUzQ3N2ZyUyMHZpZXdCb3glM0QlMjIwJTIwMCUyMDI0JTIwMjQlMjIlMjB3aWR0aCUzRCUyMjI0JTIyJTIwaGVpZ2h0JTNEJTIyMjQlMjIlM0UlM0NwYXRoJTIwZmlsbCUzRCUyMm5vbmUlMjIlMjBkJTNEJTIyTTAlMjAwaDI0djI0SDB6JTIyJTJGJTNFJTNDcGF0aCUyMGQlM0QlMjJNMTkuMzc2JTIwMTIuNDE2TDguNzc3JTIwMTkuNDgyQS41LjUlMjAwJTIwMCUyMDElMjA4JTIwMTkuMDY2VjQuOTM0YS41LjUlMjAwJTIwMCUyMDElMjAuNzc3LS40MTZsMTAuNTk5JTIwNy4wNjZhLjUuNSUyMDAlMjAwJTIwMSUyMDAlMjAuODMyeiUyMiUyRiUzRSUzQyUyRnN2ZyUzRSUzQyUyRmRpdiUzRSUzQyUyRmRpdiUzRSUwQSUzQyUyRmElM0U=[\/vc_raw_html][\/vc_column_inner][vc_column_inner width=&#8221;1\/3&#8243;][vc_raw_html]JTNDYSUyMGRhdGEtZmFuY3lib3glM0QlMjJnYWxsZXJ5JTIyJTIwaHJlZiUzRCUyMmh0dHBzJTNBJTJGJTJGd3d3LnlvdXR1YmUuY29tJTJGd2F0Y2glM0Z2JTNEY2FxdlRjbmxWR1ElMjIlMjBjbGFzcyUzRCUyMnZpZGVvLWJveCUyMiUzRSUwQSUyMCUyMCUyMCUyMCUzQ2ltZyUyMHNyYyUzRCUyMmh0dHBzJTNBJTJGJTJGYXZydXBhY2VycmFoaS5jb20udHIlMkZ3cC1jb250ZW50JTJGdXBsb2FkcyUyRjIwMjElMkYwMiUyRmFuYWwtZmlzdHVsLWlsZS1hbmFsLWZpc3N1ci5qcGclMjIlMjBhbHQlM0QlMjJpbWFnZSUyMiUzRSUwQSUyMCUyMCUyMCUyMCUzQ2RpdiUyMGNsYXNzJTNEJTIydmlkZW8tYm94X19pY29uJTIyJTNFJTNDZGl2JTIwY2xhc3MlM0QlMjJ2aWRlby1ib3hfX2ljb24tLXBsYXklMjIlM0UlM0NzdmclMjB2aWV3Qm94JTNEJTIyMCUyMDAlMjAyNCUyMDI0JTIyJTIwd2lkdGglM0QlMjIyNCUyMiUyMGhlaWdodCUzRCUyMjI0JTIyJTNFJTNDcGF0aCUyMGZpbGwlM0QlMjJub25lJTIyJTIwZCUzRCUyMk0wJTIwMGgyNHYyNEgweiUyMiUyRiUzRSUzQ3BhdGglMjBkJTNEJTIyTTE5LjM3NiUyMDEyLjQxNkw4Ljc3NyUyMDE5LjQ4MkEuNS41JTIwMCUyMDAlMjAxJTIwOCUyMDE5LjA2NlY0LjkzNGEuNS41JTIwMCUyMDAlMjAxJTIwLjc3Ny0uNDE2bDEwLjU5OSUyMDcuMDY2YS41LjUlMjAwJTIwMCUyMDElMjAwJTIwLjgzMnolMjIlMkYlM0UlM0MlMkZzdmclM0UlM0MlMkZkaXYlM0UlM0MlMkZkaXYlM0UlMEElM0MlMkZhJTNF[\/vc_raw_html][\/vc_column_inner][vc_column_inner width=&#8221;1\/3&#8243;][vc_raw_html]JTNDYSUyMGRhdGEtZmFuY3lib3glM0QlMjJnYWxsZXJ5JTIyJTIwaHJlZiUzRCUyMmh0dHBzJTNBJTJGJTJGd3d3LnlvdXR1YmUuY29tJTJGd2F0Y2glM0Z2JTNEdC13M3BuZkVFWG8lMjIlMjBjbGFzcyUzRCUyMnZpZGVvLWJveCUyMiUzRSUwQSUyMCUyMCUyMCUyMCUzQ2ltZyUyMHNyYyUzRCUyMmh0dHBzJTNBJTJGJTJGYXZydXBhY2VycmFoaS5jb20udHIlMkZ3cC1jb250ZW50JTJGdXBsb2FkcyUyRjIwMjElMkYwMiUyRmZpc3N1ci1tYWtldC1jYXRsYWdpLmpwZyUyMiUyMGFsdCUzRCUyMmltYWdlJTIyJTNFJTBBJTIwJTIwJTIwJTIwJTNDZGl2JTIwY2xhc3MlM0QlMjJ2aWRlby1ib3hfX2ljb24lMjIlM0UlM0NkaXYlMjBjbGFzcyUzRCUyMnZpZGVvLWJveF9faWNvbi0tcGxheSUyMiUzRSUzQ3N2ZyUyMHZpZXdCb3glM0QlMjIwJTIwMCUyMDI0JTIwMjQlMjIlMjB3aWR0aCUzRCUyMjI0JTIyJTIwaGVpZ2h0JTNEJTIyMjQlMjIlM0UlM0NwYXRoJTIwZmlsbCUzRCUyMm5vbmUlMjIlMjBkJTNEJTIyTTAlMjAwaDI0djI0SDB6JTIyJTJGJTNFJTNDcGF0aCUyMGQlM0QlMjJNMTkuMzc2JTIwMTIuNDE2TDguNzc3JTIwMTkuNDgyQS41LjUlMjAwJTIwMCUyMDElMjA4JTIwMTkuMDY2VjQuOTM0YS41LjUlMjAwJTIwMCUyMDElMjAuNzc3LS40MTZsMTAuNTk5JTIwNy4wNjZhLjUuNSUyMDAlMjAwJTIwMSUyMDAlMjAuODMyeiUyMiUyRiUzRSUzQyUyRnN2ZyUzRSUzQyUyRmRpdiUzRSUzQyUyRmRpdiUzRSUwQSUzQyUyRmElM0U=[\/vc_raw_html][\/vc_column_inner][\/vc_row_inner][vc_empty_space height=&#8221;15&#8243;][vc_separator][vc_empty_space height=&#8221;15&#8243;][\/vc_column][\/vc_row][vc_row][vc_column css=&#8221;.vc_custom_1536849658368{background-position: center !important;background-repeat: no-repeat !important;background-size: cover !important;}&#8221; el_class=&#8221;padding-bottom-128 column-limited&#8221;][vc_empty_space height=&#8221;15&#8243;][vc_separator][vc_empty_space height=&#8221;15&#8243;]<h2 class=\"box-header\">Anus \u00e7\u0131\u0131xt\u0131s\u0131 (rektal prolapsus) m\u00fcalic\u0259sinin \u00fcst\u00fcnl\u00fckl\u0259ri<\/h2>[vc_column_text]Qeyri-c\u0259rrahi anus \u00e7\u0131\u0131xt\u0131s\u0131 (rektal prolapsus) m\u00fcalic\u0259si 5-8 d\u0259qiq\u0259 \u00e7\u0259kir.<\/p>\n<p>Di\u015f plombunun olmas\u0131 kimi tez v\u0259 x\u0259st\u0259xanaya yerl\u0259\u015fdirm\u0259y\u0259 ehtiyac olmadan h\u0259yata ke\u00e7irilir.<\/p>\n<p>Narkoz t\u0259tbiqi yoxdur. Regional anesteziya lokal anesteziya il\u0259 apar\u0131l\u0131r.<\/p>\n<p>\u0130nsan\u0131n he\u00e7 bir ilkin haz\u0131rl\u0131q g\u00f6rm\u0259sin\u0259 ehtiyac yoxdur.<\/p>\n<p>\u018flav\u0259 m\u00fcayin\u0259 v\u0259 ya analiz t\u0259l\u0259b olunmur. Prosedur zaman\u0131 x\u0259st\u0259 \u015f\u00fcurlu v\u0259ziyy\u0259td\u0259dir.<\/p>\n<p>Prosedur zaman\u0131 v\u0259 sonras\u0131nda hiss olunan a\u011fr\u0131n\u0131n miqdar\u0131 \u00e7ox azd\u0131r<\/p>\n<p>K\u0259sikl\u0259r v\u0259 ya tiki\u015fl\u0259r kimi c\u0259rrahi t\u0259tbiql\u0259r i\u015ftirak etm\u0259diyi \u00fc\u00e7\u00fcn anal b\u00f6lg\u0259d\u0259 toxuma z\u0259d\u0259l\u0259nm\u0259si ya\u015fanm\u0131r.<\/p>\n<p>Klassik c\u0259rrahi \u0259m\u0259liyyatlarda anusa tampon qoyuldu\u011fu halda, qeyri-c\u0259rrahi m\u00fcalic\u0259d\u0259 bu t\u0259tbiq\u0259 rast g\u0259linmir.<\/p>\n<p>M\u00fcalic\u0259d\u0259n d\u0259rhal sonra insan g\u00fcnd\u0259lik h\u0259yat\u0131na qay\u0131da bil\u0259r.<\/p>\n<p>Sistemli v\u0259 xroniki x\u0259st\u0259likl\u0259ri olan insanlar da \u0259m\u0259liyyat olmadan rahatl\u0131qla lazerl\u0259 m\u00fcalic\u0259 ed\u0259 bil\u0259rl\u0259r. Qan t\u0259zyiqi, \u015f\u0259k\u0259rli diabet v\u0259 \u00fcr\u0259k x\u0259st\u0259liyi olan x\u0259st\u0259l\u0259r adi d\u0259rmanlar\u0131ndan istifad\u0259 etm\u0259y\u0259 davam ed\u0259 bil\u0259rl\u0259r<\/p>\n<p>T\u0259tbiq etdiyimiz qeyri-c\u0259rrahi m\u00fcalic\u0259 \u00fcsullar\u0131nda \u0259m\u0259liyyatdan sonra m\u00fc\u015fahid\u0259 edil\u0259n qaz tutmama, n\u0259cis tutmama kimi a\u011f\u0131rla\u015fmalar ya\u015fanm\u0131r.<\/p>\n<p>X\u0259st\u0259l\u0259r eyni g\u00fcnd\u0259 m\u00fcayin\u0259 v\u0259 m\u00fcalic\u0259 oluna bil\u0259r. Qeyri-c\u0259rrahi anus \u00e7\u0131xt\u0131s\u0131 ( rektal prolapsus ) m\u00fcalic\u0259sind\u0259n sonra insan sosial v\u0259 i\u015f h\u0259yat\u0131na qay\u0131da bil\u0259r.<br \/>\n[\/vc_column_text][vc_empty_space height=&#8221;15&#8243;][vc_separator][vc_empty_space height=&#8221;15&#8243;]<h2 class=\"box-header\">Niy\u0259 Avropa C\u0259rrahiyy\u0259sini Se\u00e7m\u0259liy\u0259m?<\/h2>[vc_column_text]Biz 17 illik biliyimizl\u0259 anus \u00e7\u0131xt\u0131s\u0131 ( rektal prolapsus ) \u0259m\u0259liyyat\u0131 \u00fc\u00e7\u00fcn t\u00f6vsiy\u0259 olunan x\u0259st\u0259l\u0259ri c\u0259rrahi olmayan lazer \u0259sasl\u0131 \u00fcsullarla m\u00fcalic\u0259 edirik.<\/p>\n<p>Biz yerli v\u0259 xarici m\u0259nb\u0259l\u0259rd\u0259n proktologiya (Anal X\u0259st\u0259likl\u0259ri) il\u0259 ba\u011fl\u0131 b\u00fct\u00fcn m\u00fcasir m\u0259lumat v\u0259 inki\u015faflar\u0131 izl\u0259yir, yenilikl\u0259r\u0259 a\u00e7\u0131q \u015f\u0259kild\u0259 x\u00fcsusi m\u00fcalic\u0259 texnikam\u0131z\u0131 t\u0259tbiq edirik.<br \/>\n[\/vc_column_text][vc_empty_space height=&#8221;15&#8243;][vc_separator][vc_empty_space height=&#8221;15&#8243;]<h2 class=\"box-header black align-center large\">Biziml\u0259 \u0259laq\u0259 saxlay\u0131n<\/h2>[vc_empty_space height=&#8221;15&#8243;]\n<div class=\"wpcf7 no-js\" id=\"wpcf7-f5761-o1\" lang=\"en-US\" dir=\"ltr\" data-wpcf7-id=\"5761\">\n<div class=\"screen-reader-response\"><p role=\"status\" aria-live=\"polite\" aria-atomic=\"true\"><\/p> <ul><\/ul><\/div>\n<form action=\"\/az\/wp-json\/wp\/v2\/pages\/5277#wpcf7-f5761-o1\" method=\"post\" class=\"wpcf7-form init\" aria-label=\"Contact form\" novalidate=\"novalidate\" data-status=\"init\">\n<div style=\"display: none;\">\n<input type=\"hidden\" name=\"_wpcf7\" value=\"5761\" \/>\n<input type=\"hidden\" name=\"_wpcf7_version\" value=\"6.0.6\" \/>\n<input type=\"hidden\" name=\"_wpcf7_locale\" value=\"en_US\" \/>\n<input type=\"hidden\" name=\"_wpcf7_unit_tag\" value=\"wpcf7-f5761-o1\" \/>\n<input type=\"hidden\" name=\"_wpcf7_container_post\" value=\"0\" \/>\n<input type=\"hidden\" name=\"_wpcf7_posted_data_hash\" value=\"\" \/>\n<input type=\"hidden\" name=\"_wpcf7_recaptcha_response\" value=\"\" \/>\n<\/div>\n<div class=\"uacf7-form-5761  \"><label class=\"forms\">Ad\u0131n\u0131z v\u0259 Soyad\u0131n\u0131z<\/label>      \n<div class=\"yeniForm\" style=\"width:100%;\"><span class=\"wpcf7-form-control-wrap\" data-name=\"text-947\"><input size=\"40\" maxlength=\"400\" class=\"wpcf7-form-control wpcf7-text wpcf7-validates-as-required\" aria-required=\"true\" aria-invalid=\"false\" placeholder=\"Ad\u0131n\u0131z v\u0259 Soyad\u0131n\u0131z\" value=\"\" type=\"text\" name=\"text-947\" \/><\/span><\/div>\n<label class=\"forms\">Sizin telefon n\u00f6mr\u0259niz<\/label>\n<div class=\"yeniForm form-size\" style=\"width:100%;\"><span class=\"wpcf7-form-control-wrap\" data-name=\"phonetext-104\"><input size=\"40\" class=\"wpcf7-form-control wpcf7-phonetext wpcf7-validates-as-required wpcf7-text wpcf7-validates-as-phonetext\" aria-required=\"true\" aria-invalid=\"false\" value=\"+994\" type=\"text\" name=\"phonetext-104\" \/><input type=\"hidden\" name=\"phonetext-104-country-code\" class=\"wpcf7-phonetext-country-code\" \/><\/span><\/div>\n\n<label class=\"forms\">Mesaj<\/label>\n<div class=\"yeniForm text-form\" style=\"width:100%; \"><span class=\"wpcf7-form-control-wrap\" data-name=\"text-751\"><input size=\"40\" maxlength=\"400\" class=\"wpcf7-form-control wpcf7-text\" aria-invalid=\"false\" placeholder=\"Mesaj\" value=\"\" type=\"text\" name=\"text-751\" \/><\/span><\/div>\n\n\n<div class=\"yeniFormBtn\" style=\"width:100%;\"><input class=\"wpcf7-form-control wpcf7-submit has-spinner\" type=\"submit\" value=\"G\u00f6nd\u0259r\" \/><\/div>\n\n<style>\n .yeniForm input{\n    background: #f0f0f0;\n    border: none;\n}\n .yeniFormBtn input{\n    background: #3b72ae;\n    margin-top: 15px;\n    color: white;}\n  .text-form input{\n     height:120px;\n   }\n   .flag-container{\n    background: #d1d1d1;\n    width: 57px;\n}\n   .selected-flag{\n    background: #d1d1d1;\n\n}\n\n .form-size input{\n   left: 18px;\n    width: 98% !important;\n    font-weight: bold;\n}\ninput.wpcf7-form-control.wpcf7-text.wpcf7-phonetext.wpcf7-validates-as-required.wpcf7-validates-as-phonetext {\n    font-weight: bold;\n}\n<\/style><\/div><input type='hidden' class='wpcf7-pum' value='{\"closepopup\":false,\"closedelay\":0,\"openpopup\":false,\"openpopup_id\":0}' \/><div class=\"wpcf7-response-output\" aria-hidden=\"true\"><\/div>\n<\/form>\n<\/div>\n[vc_empty_space height=&#8221;15&#8243;][vc_separator][vc_empty_space height=&#8221;15&#8243;]<h2 class=\"box-header black align-center large\">t\u0259r\u0259fda\u015flar\u0131m\u0131z<\/h2>[vc_empty_space height=&#8221;15&#8243;][vc_images_carousel images=&#8221;5153,5157,5158,5203&#8243; img_size=&#8221;full&#8221; speed=&#8221;3000&#8243; slides_per_view=&#8221;4&#8243; hide_pagination_control=&#8221;yes&#8221; hide_prev_next_buttons=&#8221;yes&#8221; wrap=&#8221;yes&#8221;][vc_empty_space height=&#8221;15&#8243;][vc_separator][\/vc_column][\/vc_row]<\/p>\n","protected":false},"excerpt":{"rendered":"<p>[vc_row][vc_column width=&#8221;1\/2&#8243;][vc_empty_space][vc_raw_html]JTNDYSUyMGRhdGEtZmFuY3lib3glM0QlMjJnYWxsZXJ5JTIyJTIwaHJlZiUzRCUyMmh0dHBzJTNBJTJGJTJGd3d3LnlvdXR1YmUuY29tJTJGd2F0Y2glM0Z2JTNEX2luWnR0TFdDaDQlMjZ0JTNEMnMlMjIlMjBjbGFzcyUzRCUyMnZpZGVvLWJveCUyMiUzRSUwQSUyMCUyMCUyMCUyMCUzQ2ltZyUyMHNyYyUzRCUyMmh0dHBzJTNBJTJGJTJGYXZydXBhY2VycmFoaS5uZXQlMkZlbiUyRndwLWNvbnRlbnQlMkZ1cGxvYWRzJTJGMjAyMiUyRjA0JTJGaGVtb3JvaWQtY25uLWluZ2lsaXpjZS5qcGclMjIlMjBhbHQlM0QlMjJpbWFnZSUyMiUzRSUwQSUyMCUyMCUyMCUyMCUzQ2RpdiUyMGNsYXNzJTNEJTIydmlkZW8tYm94X19pY29uJTIyJTNFJTNDZGl2JTIwY2xhc3MlM0QlMjJ2aWRlby1ib3hfX2ljb24tLXBsYXklMjIlM0UlM0NzdmclMjB2aWV3Qm94JTNEJTIyMCUyMDAlMjAyNCUyMDI0JTIyJTIwd2lkdGglM0QlMjIyNCUyMiUyMGhlaWdodCUzRCUyMjI0JTIyJTNFJTNDcGF0aCUyMGZpbGwlM0QlMjJub25lJTIyJTIwZCUzRCUyMk0wJTIwMGgyNHYyNEgweiUyMiUyRiUzRSUzQ3BhdGglMjBkJTNEJTIyTTE5LjM3NiUyMDEyLjQxNkw4Ljc3NyUyMDE5LjQ4MkEuNS41JTIwMCUyMDAlMjAxJTIwOCUyMDE5LjA2NlY0LjkzNGEuNS41JTIwMCUyMDAlMjAxJTIwLjc3Ny0uNDE2bDEwLjU5OSUyMDcuMDY2YS41LjUlMjAwJTIwMCUyMDElMjAwJTIwLjgzMnolMjIlMkYlM0UlM0MlMkZzdmclM0UlM0MlMkZkaXYlM0UlM0MlMkZkaXYlM0UlMEElM0MlMkZhJTNF[\/vc_raw_html][\/vc_column][vc_column width=&#8221;1\/2&#8243; el_class=&#8221;padding-left-30&#8243;][vc_empty_space][vc_raw_html]JTNDYSUyMGRhdGEtZmFuY3lib3glM0QlMjJnYWxsZXJ5JTIyJTIwaHJlZiUzRCUyMmh0dHBzJTNBJTJGJTJGd3d3LnlvdXR1YmUuY29tJTJGd2F0Y2glM0Z2JTNEWUJqVlNmaVJXUzglMjIlMjBjbGFzcyUzRCUyMnZpZGVvLWJveCUyMiUzRSUwQSUyMCUyMCUyMCUyMCUzQ2ltZyUyMHNyYyUzRCUyMmh0dHBzJTNBJTJGJTJGYXZydXBhY2VycmFoaS5uZXQlMkZlbiUyRndwLWNvbnRlbnQlMkZ1cGxvYWRzJTJGMjAyMiUyRjEyJTJGcmVrdGFsa2FuYW1hLWthcGFrLWVuZy5qcGclMjIlMjBhbHQlM0QlMjJpbWFnZSUyMiUzRSUwQSUyMCUyMCUyMCUyMCUzQ2RpdiUyMGNsYXNzJTNEJTIydmlkZW8tYm94X19pY29uJTIyJTNFJTNDZGl2JTIwY2xhc3MlM0QlMjJ2aWRlby1ib3hfX2ljb24tLXBsYXklMjIlM0UlM0NzdmclMjB2aWV3Qm94JTNEJTIyMCUyMDAlMjAyNCUyMDI0JTIyJTIwd2lkdGglM0QlMjIyNCUyMiUyMGhlaWdodCUzRCUyMjI0JTIyJTNFJTNDcGF0aCUyMGZpbGwlM0QlMjJub25lJTIyJTIwZCUzRCUyMk0wJTIwMGgyNHYyNEgweiUyMiUyRiUzRSUzQ3BhdGglMjBkJTNEJTIyTTE5LjM3NiUyMDEyLjQxNkw4Ljc3NyUyMDE5LjQ4MkEuNS41JTIwMCUyMDAlMjAxJTIwOCUyMDE5LjA2NlY0LjkzNGEuNS41JTIwMCUyMDAlMjAxJTIwLjc3Ny0uNDE2bDEwLjU5OSUyMDcuMDY2YS41LjUlMjAwJTIwMCUyMDElMjAwJTIwLjgzMnolMjIlMkYlM0UlM0MlMkZzdmclM0UlM0MlMkZkaXYlM0UlM0MlMkZkaXYlM0UlMEElM0MlMkZhJTNF[\/vc_raw_html][\/vc_column][\/vc_row][vc_row][vc_column][vc_column_text]&#8221;Yo\u011fun ba\u011f\u0131rsa\u011f\u0131n anal b\u00f6lg\u0259y\u0259 \u0259n yax\u0131n hiss\u0259si v\u0259 d\u00fcz ba\u011f\u0131rsa\u011f\u0131n son hiss\u0259si kimi t\u0259svir edil\u0259n d\u00fcz ba\u011f\u0131rsa\u011f\u0131n anal nahiy\u0259d\u0259n \u00e7\u0131xmas\u0131 v\u0259 y\u0131rt\u0131\u011f\u0131 rektal prolaps adlan\u0131r. &#8221; Anusun \u00e7\u0131xmas\u0131 ( rektal prolapsus) n\u0259tic\u0259sind\u0259, sfinkter adlanan n\u0259cis tutan \u0259z\u0259l\u0259l\u0259rin z\u0259ifl\u0259m\u0259sind\u0259n sonra selik v\u0259 ya n\u0259cis g\u0259l\u0259 bil\u0259r. Qad\u0131nlarda daha \u00e7ox rast g\u0259lin\u0259n bu poz\u011funluq<\/p>\n","protected":false},"author":1,"featured_media":0,"parent":0,"menu_order":0,"comment_status":"closed","ping_status":"closed","template":"","meta":{"footnotes":""},"class_list":["post-5277","page","type-page","status-publish","hentry"],"aioseo_notices":[],"_links":{"self":[{"href":"https:\/\/avrupacerrahi.net\/az\/wp-json\/wp\/v2\/pages\/5277","targetHints":{"allow":["GET"]}}],"collection":[{"href":"https:\/\/avrupacerrahi.net\/az\/wp-json\/wp\/v2\/pages"}],"about":[{"href":"https:\/\/avrupacerrahi.net\/az\/wp-json\/wp\/v2\/types\/page"}],"author":[{"embeddable":true,"href":"https:\/\/avrupacerrahi.net\/az\/wp-json\/wp\/v2\/users\/1"}],"replies":[{"embeddable":true,"href":"https:\/\/avrupacerrahi.net\/az\/wp-json\/wp\/v2\/comments?post=5277"}],"version-history":[{"count":16,"href":"https:\/\/avrupacerrahi.net\/az\/wp-json\/wp\/v2\/pages\/5277\/revisions"}],"predecessor-version":[{"id":6102,"href":"https:\/\/avrupacerrahi.net\/az\/wp-json\/wp\/v2\/pages\/5277\/revisions\/6102"}],"wp:attachment":[{"href":"https:\/\/avrupacerrahi.net\/az\/wp-json\/wp\/v2\/media?parent=5277"}],"curies":[{"name":"wp","href":"https:\/\/api.w.org\/{rel}","templated":true}]}}