{"id":5418,"date":"2023-01-13T15:23:33","date_gmt":"2023-01-13T12:23:33","guid":{"rendered":"https:\/\/avrupacerrahi.com.tr\/en\/?page_id=5418"},"modified":"2024-04-22T17:59:07","modified_gmt":"2024-04-22T14:59:07","slug":"qeyri-c%c9%99rrahi-genital-ziyil-hpv-mualic%c9%99si","status":"publish","type":"page","link":"https:\/\/avrupacerrahi.net\/az\/qeyri-c%c9%99rrahi-genital-ziyil-hpv-mualic%c9%99si\/","title":{"rendered":"Qeyri-c\u0259rrahi Genital ziyil (HPV) m\u00fcalic\u0259si"},"content":{"rendered":"<p>[vc_row type=&#8221;full-width&#8221;][vc_column offset=&#8221;vc_hidden-sm vc_hidden-xs&#8221;][vc_images_carousel images=&#8221;5904&#8243; img_size=&#8221;full&#8221; onclick=&#8221;custom_link&#8221; custom_links=&#8221;#E-8_aHR0cHMlM0ElMkYlMkZhdnJ1cGFjZXJyYWhpLmNvbS50ciUyRmF6JTJGdGV6LWdvcnVzJTJG&#8221;][\/vc_column][\/vc_row][vc_row type=&#8221;full-width&#8221;][vc_column offset=&#8221;vc_hidden-lg vc_hidden-md&#8221;][vc_images_carousel images=&#8221;5905&#8243; img_size=&#8221;full&#8221; onclick=&#8221;custom_link&#8221; autoplay=&#8221;yes&#8221; wrap=&#8221;yes&#8221; custom_links=&#8221;#E-8_aHR0cHMlM0ElMkYlMkZhdnJ1cGFjZXJyYWhpLmNvbS50ciUyRmF6JTJGdGV6LWdvcnVzJTJG&#8221;][\/vc_column][\/vc_row][vc_row][vc_column][vc_empty_space][vc_row_inner][vc_column_inner width=&#8221;1\/3&#8243;][vc_single_image image=&#8221;5359&#8243; alignment=&#8221;center&#8221;][vc_column_text]<\/p>\n<h2 style=\"text-align: center; padding-right: 45px;\"><strong> \u018fm\u0259liyyat m\u00fcdd\u0259ti<br \/>\n<\/strong><\/h2>\n<p>[\/vc_column_text][vc_column_text]<\/p>\n<p style=\"text-align: center; padding-right: 45px;\">T\u0259xmin\u0259n 10 D\u0259q. davam edir<\/p>\n<p>[\/vc_column_text][\/vc_column_inner][vc_column_inner width=&#8221;1\/3&#8243;][vc_single_image image=&#8221;5360&#8243; alignment=&#8221;center&#8221;][vc_column_text]<\/p>\n<h2 style=\"text-align: center; padding-right: 45px;\"><strong> B\u0259rpa m\u00fcdd\u0259ti<br \/>\n<\/strong><\/h2>\n<p>[\/vc_column_text][vc_column_text]<\/p>\n<p style=\"text-align: center; padding-right: 45px;\">Eyni g\u00fcn sosial h\u0259yat\u0131n\u0131za qay\u0131da bil\u0259rsiniz.<\/p>\n<p>[\/vc_column_text][\/vc_column_inner][vc_column_inner width=&#8221;1\/3&#8243;][vc_single_image image=&#8221;5361&#8243; alignment=&#8221;center&#8221;][vc_column_text]<\/p>\n<h2 style=\"text-align: center; padding-right: 45px;\"><strong> M\u00fcv\u0259ff\u0259qiyy\u0259t d\u0259r\u0259c\u0259si<br \/>\n<\/strong><\/h2>\n<p>[\/vc_column_text][vc_column_text]<\/p>\n<p style=\"text-align: center; padding-right: 45px;\">Qeyri-c\u0259rrahi m\u00fcalic\u0259 \u00fcsullar\u0131 il\u0259 y\u00fcks\u0259k m\u00fcv\u0259ff\u0259qiyy\u0259t d\u0259r\u0259c\u0259si<\/p>\n<p>[\/vc_column_text][\/vc_column_inner][\/vc_row_inner][vc_empty_space][\/vc_column][\/vc_row][vc_row top_margin=&#8221;page-margin-top-section&#8221;][vc_column width=&#8221;1\/2&#8243; el_class=&#8221;padding-right-30&#8243;][vc_empty_space][vc_column_text el_class=&#8221;large margin-top-10&#8243;]<\/p>\n<h1 style=\"font-size: 22px; text-align: left;\"><strong> Genital ziyil (HPV) n\u0259dir?<\/strong><\/h1>\n<p>[\/vc_column_text][vc_column_text el_class=&#8221;large margin-top-10&#8243;]<\/p>\n<p style=\"line-height: 2; padding-right: 1rem;\">&#8220;Genital ziyill\u0259r (HPV) h\u0259m ki\u015fil\u0259rd\u0259, h\u0259m d\u0259 qad\u0131nlarda cinsi yolla v\u0259 ya t\u0259mas yolu il\u0259 \u00f6t\u00fcr\u00fcl\u0259 bil\u0259n bir virusdur. Onlar cinsiyy\u0259t orqanlar\u0131nda v\u0259 ya anal b\u00f6lg\u0259d\u0259 (anus \u0259traf\u0131nda v\u0259 i\u00e7\u0259rid\u0259) g\u00f6r\u00fcn\u0259n \u0259t l\u0259k\u0259l\u0259ri v\u0259 ya g\u00fcl k\u0259l\u0259m \u015f\u0259klind\u0259 qabard\u0131r. &#8220;<\/p>\n<p>[\/vc_column_text][vc_empty_space][vc_btn title=&#8221;G\u00f6r\u00fc\u015f t\u0259yin edin&#8221; style=&#8221;flat&#8221; color=&#8221;sky&#8221; size=&#8221;sm&#8221; link=&#8221;url:https%3A%2F%2Favrupacerrahi.com.tr%2Faz%2Ftez-gorus%2F&#8221; css=&#8221;.vc_custom_1684318174508{margin-right: 15px !important;}&#8221;][\/vc_column][vc_column width=&#8221;1\/2&#8243;][vc_raw_html]JTNDaWZyYW1lJTIwY2xhc3MlM0QlMjJib3JkZXItc2hhZG93cyUyMiUyMHdpZHRoJTNEJTIyMTAwJTI1JTIyJTIwaGVpZ2h0JTNEJTIyMzE1JTIyJTIwc3JjJTNEJTIyaHR0cHMlM0ElMkYlMkZ3d3cueW91dHViZS5jb20lMkZlbWJlZCUyRl9lM29MVWU2SXlRJTNGc2klM0QwWWxidmM2Ulh0N0ZITUVGJTIyJTIwdGl0bGUlM0QlMjJZb3VUdWJlJTIwdmlkZW8lMjBwbGF5ZXIlMjIlMjBmcmFtZWJvcmRlciUzRCUyMjAlMjIlMjBhbGxvdyUzRCUyMmFjY2VsZXJvbWV0ZXIlM0IlMjBhdXRvcGxheSUzQiUyMGNsaXBib2FyZC13cml0ZSUzQiUyMGVuY3J5cHRlZC1tZWRpYSUzQiUyMGd5cm9zY29wZSUzQiUyMHBpY3R1cmUtaW4tcGljdHVyZSUzQiUyMHdlYi1zaGFyZSUyMiUyMGFsbG93ZnVsbHNjcmVlbiUzRSUzQyUyRmlmcmFtZSUzRQ==[\/vc_raw_html][\/vc_column][\/vc_row][vc_row][vc_column][vc_empty_space][\/vc_column][\/vc_row][vc_row top_margin=&#8221;page-margin-top-section&#8221;][vc_column width=&#8221;1\/2&#8243; el_class=&#8221;padding-right-30&#8243;][vc_raw_html]JTNDaWZyYW1lJTIwY2xhc3MlM0QlMjJib3JkZXItc2hhZG93cyUyMiUyMHdpZHRoJTNEJTIyMTAwJTI1JTIyJTIwaGVpZ2h0JTNEJTIyMzE1JTIyJTIwc3JjJTNEJTIyaHR0cHMlM0ElMkYlMkZ3d3cueW91dHViZS5jb20lMkZlbWJlZCUyRjRCN1hrWHFmdDlZJTNGc2klM0RzaU1uUHR0OWsxV0NNUEg1JTIyJTIwdGl0bGUlM0QlMjJZb3VUdWJlJTIwdmlkZW8lMjBwbGF5ZXIlMjIlMjBmcmFtZWJvcmRlciUzRCUyMjAlMjIlMjBhbGxvdyUzRCUyMmFjY2VsZXJvbWV0ZXIlM0IlMjBhdXRvcGxheSUzQiUyMGNsaXBib2FyZC13cml0ZSUzQiUyMGVuY3J5cHRlZC1tZWRpYSUzQiUyMGd5cm9zY29wZSUzQiUyMHBpY3R1cmUtaW4tcGljdHVyZSUzQiUyMHdlYi1zaGFyZSUyMiUyMGFsbG93ZnVsbHNjcmVlbiUzRSUzQyUyRmlmcmFtZSUzRQ==[\/vc_raw_html][\/vc_column][vc_column width=&#8221;1\/2&#8243;][vc_empty_space][vc_column_text el_class=&#8221;large margin-top-10&#8243;]<\/p>\n<h1 style=\"font-size: 22px; text-align: left;\"><strong> Genital ziyil (HPV) nec\u0259 m\u00fcalic\u0259 olunur?<\/strong><\/h1>\n<p>[\/vc_column_text][vc_column_text el_class=&#8221;large margin-top-10&#8243;]<\/p>\n<p style=\"line-height: 2; padding-right: 1rem;\">&#8220;Genital ziyill\u0259r x\u0259st\u0259liyin \u00f6l\u00e7\u00fcs\u00fcn\u0259 v\u0259 v\u0259ziyy\u0259tin\u0259 g\u00f6r\u0259 m\u00fcxt\u0259lif \u00fcsullarla \u00e7\u0131xar\u0131la bil\u0259r. Koteriya v\u0259 ya karbon dioksid lazeri v\u0259 kriyoterapiya il\u0259 m\u0259hv edil\u0259 bil\u0259r. Ziyill\u0259r birba\u015fa koter v\u0259 ya karbon dioksid lazeri il\u0259 yand\u0131r\u0131la bil\u0259r. M\u00fcdaxil\u0259 zaman\u0131 al\u0131nan <a href=\"https:\/\/avrupacerrahi.net\/az\/ziyil-n%c9%99dir\/\">ziyil<\/a> toxumas\u0131 differensial diaqnostika \u00fc\u00e7\u00fcn tip t\u0259yini v\u0259 patoloji m\u00fcayin\u0259y\u0259 g\u00f6nd\u0259rilir. &#8220;<\/p>\n<p>[\/vc_column_text][vc_empty_space][vc_btn title=&#8221;G\u00f6r\u00fc\u015f t\u0259yin edin&#8221; style=&#8221;flat&#8221; color=&#8221;sky&#8221; size=&#8221;sm&#8221; link=&#8221;url:https%3A%2F%2Favrupacerrahi.com.tr%2Faz%2Ftez-gorus%2F&#8221; css=&#8221;.vc_custom_1684318174508{margin-right: 15px !important;}&#8221;][\/vc_column][\/vc_row][vc_row][vc_column][vc_empty_space height=&#8221;140px&#8221;][vc_column_text]<\/p>\n<h1 style=\"text-align: center;\"><strong> Qeyri-c\u0259rrahi Genital ziyil (HPV) m\u00fcalic\u0259si v\u0259 onun \u00fcst\u00fcnl\u00fckl\u0259ri<\/strong><\/h1>\n<p>[\/vc_column_text][vc_empty_space][vc_column_text]<\/p>\n<div class=\"hTwo-size\">\n<h2 style=\"text-align: center; background: #d8e3ef; border-radius: 6px; padding: 1rem;\">C\u0259rrahi \u0259m\u0259liyyat olmadan Genital ziyil m\u00fcalic\u0259si maksimum 10 d\u0259qiq\u0259 \u00e7\u0259kir.<\/h2>\n<h2 style=\"text-align: center; padding: 1rem;\">Di\u015f m\u00fcalic\u0259si q\u0259d\u0259r tez h\u0259yata ke\u00e7irilir v\u0259 x\u0259st\u0259xanaya yerl\u0259\u015fdirm\u0259 t\u0259l\u0259b etmir.<\/h2>\n<h2 style=\"text-align: center; padding: 1rem; background: #d8e3ef; border-radius: 6px;\">\u00dcmumi anesteziya t\u0259tbiq edilmir. Lokal anesteziya il\u0259 apar\u0131l\u0131r v\u0259 \u0259m\u0259liyyat zaman\u0131 x\u0259st\u0259 \u015f\u00fcurlu v\u0259ziyy\u0259td\u0259dir.<\/h2>\n<h2 style=\"text-align: center; padding: 1rem;\">Prosedurdan \u0259vv\u0259l x\u0259st\u0259nin he\u00e7 bir haz\u0131rl\u0131q g\u00f6rm\u0259sin\u0259 ehtiyac yoxdur.<\/h2>\n<h2 style=\"text-align: center; padding: 1rem; background: #d8e3ef; border-radius: 6px;\">Prosedur zaman\u0131 v\u0259 sonra hiss olunan a\u011fr\u0131lar\u0131n miqdar\u0131 minimald\u0131r.<\/h2>\n<h2 style=\"text-align: center; padding: 1rem;\">K\u0259sik v\u0259 ya tiki\u015f kimi c\u0259rrahi \u0259m\u0259liyyatlar edilm\u0259diyi \u00fc\u00e7\u00fcn nahiy\u0259d\u0259 toxuma z\u0259d\u0259si yoxdur<\/h2>\n<h2 style=\"text-align: center; padding: 1rem; background: #d8e3ef; border-radius: 6px;\">&#8221;<br \/>\nM\u00fcalic\u0259d\u0259n d\u0259rhal sonra insan \u00f6z g\u00fcnd\u0259lik h\u0259yat\u0131na &#8211; evin\u0259 qay\u0131da bil\u0259r.&#8221;<\/h2>\n<h2 style=\"text-align: center; padding: 1rem;\">Sistemli v\u0259 xroniki x\u0259st\u0259likl\u0259ri olan insanlar da \u0259m\u0259liyyat olmadan rahatl\u0131qla lazerl\u0259 m\u00fcalic\u0259 ed\u0259 bil\u0259rl\u0259r.<\/h2>\n<h2 style=\"text-align: center; padding: 1rem; background: #d8e3ef; border-radius: 6px;\">Qan t\u0259zyiqi, \u015f\u0259k\u0259rli diabet v\u0259 \u00fcr\u0259k x\u0259st\u0259liyi olan x\u0259st\u0259l\u0259r adi d\u0259rmanlardan istifad\u0259 etm\u0259y\u0259 davam ed\u0259 bil\u0259rl\u0259r. D\u0259rman\u0131 dayand\u0131rma\u011fa ehtiyac yoxdur.<\/h2>\n<h2 style=\"text-align: center; padding: 1rem;\">X\u0259st\u0259l\u0259r eyni g\u00fcnd\u0259 m\u00fcayin\u0259 v\u0259 m\u00fcalic\u0259 oluna bil\u0259r. Qeyri-c\u0259rrahi Genital ziyil (HPV) m\u00fcalic\u0259sind\u0259n sonra insan sosial v\u0259 i\u015f h\u0259yat\u0131na qay\u0131da bil\u0259r.<\/h2>\n<\/div>\n<p>[\/vc_column_text][\/vc_column][\/vc_row][vc_row][vc_column][vc_empty_space][vc_raw_html]JTNDY2VudGVyJTNFJTNDYSUyMGhyZWYlM0QlMjJodHRwcyUzQSUyRiUyRnd3dy50cnVzdHBpbG90LmNvbSUyRnJldmlldyUyRmF2cnVwYWNlcnJhaGkuY29tLnRyJTIyJTNFJTNDaW1nJTIwd2lkdGglM0QlMjIyMDAlMjIlMjBzcmMlM0QlMjJodHRwcyUzQSUyRiUyRmF2cnVwYWNlcnJhaGkuY29tLnRyJTJGZW4lMkZ3cC1jb250ZW50JTJGdXBsb2FkcyUyRjIwMjMlMkYwMiUyRlRSVVNUUElMT1QtTE9HTy0xLWUxNjQ5MTY5MTE1NzE1LnBuZyUyMiUzRSUzQ2gzJTNFUGF0aWVudCUyMENvbW1lbnRzJTNDJTJGaDMlM0UlMjAlM0MlMkZhJTNFJTNDJTJGY2VudGVyJTNFJTBB[\/vc_raw_html]<div class=\"clearfix scrolling-controls\">\n\t\t<div class=\"header-left\"><\/div>\n\t\t<div class=\"header-right\"><a href=\"#\" id=\"testimonials_prev\" class=\"scrolling-list-control-left template-arrow-horizontal-3\"\"><\/a><a href=\"#\" id=\"testimonials_next\" class=\"scrolling-list-control-right template-arrow-horizontal-3\"><\/a><\/div><\/div>\n\t\t<ul class=\"columns full-width horizontal-carousel testimonials testimonials id-testimonials autoplay-0 pause_on_hover-1 scroll-1 effect-scroll easing-swing duration-500\"><li class=\"wpb_column vc_column_container vc_col-sm-6 template-quote-2\">\n\t\t\t\t<h3 class=\"sentence\">I got rid of genital warts in 3 sessions. Very successful treatment. I will take care of myself. Thank you Avrupa Cerrahi...<\/h3>\n\t\t\t\t<div class=\"clearfix\"><span class=\"sentence-author\">Josephine<\/span><\/div>\n\t\t\t<\/li><li class=\"wpb_column vc_column_container vc_col-sm-6 template-quote-2\">\n\t\t\t\t<h3 class=\"sentence\">Today I had my last check after abscess and fistula treatment last month which was unexpectedly easy and was worried about it every thing was amazing about the clinic<\/h3>\n\t\t\t\t<div class=\"clearfix\"><span class=\"sentence-author\">Bedriye Cihangir<\/span><\/div>\n\t\t\t<\/li><li class=\"wpb_column vc_column_container vc_col-sm-6 template-quote-2\">\n\t\t\t\t<h3 class=\"sentence\">Very good center and staff the treatment was easy and comfortable just like the doctor said it's been 12days since it and I'm feeling the big deference<\/h3>\n\t\t\t\t<div class=\"clearfix\"><span class=\"sentence-author\">Zekiye Topcuo\u011flu<\/span><\/div>\n\t\t\t<\/li><li class=\"wpb_column vc_column_container vc_col-sm-6 template-quote-2\">\n\t\t\t\t<h3 class=\"sentence\">Was an amazing experiance with dr yassir i was suffering and in 5 min they did my surgery without any pain<\/h3>\n\t\t\t\t<div class=\"clearfix\"><span class=\"sentence-author\">Ezgi gizem Ayd\u0131n<\/span><\/div>\n\t\t\t<\/li><\/ul>[vc_empty_space][\/vc_column][\/vc_row][vc_row type=&#8221;full-width&#8221; css=&#8221;.vc_custom_1673608789591{padding-top: 100px !important;background-color: #002d68 !important;}&#8221;][vc_column][\/vc_column][\/vc_row][vc_row][vc_column][vc_empty_space][\/vc_column][\/vc_row][vc_row][vc_column][vc_empty_space]<h2 class=\"box-header black align-center large\">Biziml\u0259 \u0259laq\u0259 saxlay\u0131n<\/h2>\n<div class=\"wpcf7 no-js\" id=\"wpcf7-f5761-o1\" lang=\"en-US\" dir=\"ltr\" data-wpcf7-id=\"5761\">\n<div class=\"screen-reader-response\"><p role=\"status\" aria-live=\"polite\" aria-atomic=\"true\"><\/p> <ul><\/ul><\/div>\n<form action=\"\/az\/wp-json\/wp\/v2\/pages\/5418#wpcf7-f5761-o1\" method=\"post\" class=\"wpcf7-form init\" aria-label=\"Contact form\" novalidate=\"novalidate\" data-status=\"init\">\n<div style=\"display: none;\">\n<input type=\"hidden\" name=\"_wpcf7\" value=\"5761\" \/>\n<input type=\"hidden\" name=\"_wpcf7_version\" value=\"6.0.6\" \/>\n<input type=\"hidden\" name=\"_wpcf7_locale\" value=\"en_US\" \/>\n<input type=\"hidden\" name=\"_wpcf7_unit_tag\" value=\"wpcf7-f5761-o1\" \/>\n<input type=\"hidden\" name=\"_wpcf7_container_post\" value=\"0\" \/>\n<input type=\"hidden\" name=\"_wpcf7_posted_data_hash\" value=\"\" \/>\n<input type=\"hidden\" name=\"_wpcf7_recaptcha_response\" value=\"\" \/>\n<\/div>\n<div class=\"uacf7-form-5761  \"><label class=\"forms\">Ad\u0131n\u0131z v\u0259 Soyad\u0131n\u0131z<\/label>      \n<div class=\"yeniForm\" style=\"width:100%;\"><span class=\"wpcf7-form-control-wrap\" data-name=\"text-947\"><input size=\"40\" maxlength=\"400\" class=\"wpcf7-form-control wpcf7-text wpcf7-validates-as-required\" aria-required=\"true\" aria-invalid=\"false\" placeholder=\"Ad\u0131n\u0131z v\u0259 Soyad\u0131n\u0131z\" value=\"\" type=\"text\" name=\"text-947\" \/><\/span><\/div>\n<label class=\"forms\">Sizin telefon n\u00f6mr\u0259niz<\/label>\n<div class=\"yeniForm form-size\" style=\"width:100%;\"><span class=\"wpcf7-form-control-wrap\" data-name=\"phonetext-104\"><input size=\"40\" class=\"wpcf7-form-control wpcf7-phonetext wpcf7-validates-as-required wpcf7-text wpcf7-validates-as-phonetext\" aria-required=\"true\" aria-invalid=\"false\" value=\"+994\" type=\"text\" name=\"phonetext-104\" \/><input type=\"hidden\" name=\"phonetext-104-country-code\" class=\"wpcf7-phonetext-country-code\" \/><\/span><\/div>\n\n<label class=\"forms\">Mesaj<\/label>\n<div class=\"yeniForm text-form\" style=\"width:100%; \"><span class=\"wpcf7-form-control-wrap\" data-name=\"text-751\"><input size=\"40\" maxlength=\"400\" class=\"wpcf7-form-control wpcf7-text\" aria-invalid=\"false\" placeholder=\"Mesaj\" value=\"\" type=\"text\" name=\"text-751\" \/><\/span><\/div>\n\n\n<div class=\"yeniFormBtn\" style=\"width:100%;\"><input class=\"wpcf7-form-control wpcf7-submit has-spinner\" type=\"submit\" value=\"G\u00f6nd\u0259r\" \/><\/div>\n\n<style>\n .yeniForm input{\n    background: #f0f0f0;\n    border: none;\n}\n .yeniFormBtn input{\n    background: #3b72ae;\n    margin-top: 15px;\n    color: white;}\n  .text-form input{\n     height:120px;\n   }\n   .flag-container{\n    background: #d1d1d1;\n    width: 57px;\n}\n   .selected-flag{\n    background: #d1d1d1;\n\n}\n\n .form-size input{\n   left: 18px;\n    width: 98% !important;\n    font-weight: bold;\n}\ninput.wpcf7-form-control.wpcf7-text.wpcf7-phonetext.wpcf7-validates-as-required.wpcf7-validates-as-phonetext {\n    font-weight: bold;\n}\n<\/style><\/div><input type='hidden' class='wpcf7-pum' value='{\"closepopup\":false,\"closedelay\":0,\"openpopup\":false,\"openpopup_id\":0}' \/><div class=\"wpcf7-response-output\" aria-hidden=\"true\"><\/div>\n<\/form>\n<\/div>\n[\/vc_column][\/vc_row][vc_row][vc_column offset=&#8221;vc_hidden-sm vc_hidden-xs&#8221;][vc_empty_space height=&#8221;25px&#8221;]<h2 class=\"box-header black align-center large\">t\u0259r\u0259fda\u015flar\u0131m\u0131z<\/h2>[vc_empty_space height=&#8221;25px&#8221;][vc_images_carousel images=&#8221;5153,5157,5158,5203&#8243; img_size=&#8221;full&#8221; speed=&#8221;3000&#8243; slides_per_view=&#8221;4&#8243; hide_pagination_control=&#8221;yes&#8221; hide_prev_next_buttons=&#8221;yes&#8221; wrap=&#8221;yes&#8221;][vc_empty_space height=&#8221;25px&#8221;][\/vc_column][\/vc_row][vc_row][vc_column offset=&#8221;vc_hidden-lg vc_hidden-md&#8221;]<h2 class=\"box-header black align-center large\">t\u0259r\u0259fda\u015flar\u0131m\u0131z<\/h2>[vc_empty_space height=&#8221;25px&#8221;][vc_images_carousel images=&#8221;5153,5157,5158,5203&#8243; img_size=&#8221;full&#8221; speed=&#8221;3000&#8243; slides_per_view=&#8221;2&#8243; autoplay=&#8221;yes&#8221; hide_pagination_control=&#8221;yes&#8221; hide_prev_next_buttons=&#8221;yes&#8221; wrap=&#8221;yes&#8221;][\/vc_column][\/vc_row]<\/p>\n","protected":false},"excerpt":{"rendered":"<p>[vc_row type=&#8221;full-width&#8221;][vc_column offset=&#8221;vc_hidden-sm vc_hidden-xs&#8221;][vc_images_carousel images=&#8221;5904&#8243; img_size=&#8221;full&#8221; onclick=&#8221;custom_link&#8221; custom_links=&#8221;#E-8_aHR0cHMlM0ElMkYlMkZhdnJ1cGFjZXJyYWhpLmNvbS50ciUyRmF6JTJGdGV6LWdvcnVzJTJG&#8221;][\/vc_column][\/vc_row][vc_row type=&#8221;full-width&#8221;][vc_column offset=&#8221;vc_hidden-lg vc_hidden-md&#8221;][vc_images_carousel images=&#8221;5905&#8243; img_size=&#8221;full&#8221; onclick=&#8221;custom_link&#8221; autoplay=&#8221;yes&#8221; wrap=&#8221;yes&#8221; custom_links=&#8221;#E-8_aHR0cHMlM0ElMkYlMkZhdnJ1cGFjZXJyYWhpLmNvbS50ciUyRmF6JTJGdGV6LWdvcnVzJTJG&#8221;][\/vc_column][\/vc_row][vc_row][vc_column][vc_empty_space][vc_row_inner][vc_column_inner width=&#8221;1\/3&#8243;][vc_single_image image=&#8221;5359&#8243; alignment=&#8221;center&#8221;][vc_column_text] \u018fm\u0259liyyat m\u00fcdd\u0259ti [\/vc_column_text][vc_column_text] T\u0259xmin\u0259n 10 D\u0259q. davam edir [\/vc_column_text][\/vc_column_inner][vc_column_inner width=&#8221;1\/3&#8243;][vc_single_image image=&#8221;5360&#8243; alignment=&#8221;center&#8221;][vc_column_text] B\u0259rpa m\u00fcdd\u0259ti [\/vc_column_text][vc_column_text] Eyni g\u00fcn sosial h\u0259yat\u0131n\u0131za qay\u0131da bil\u0259rsiniz. [\/vc_column_text][\/vc_column_inner][vc_column_inner width=&#8221;1\/3&#8243;][vc_single_image image=&#8221;5361&#8243; alignment=&#8221;center&#8221;][vc_column_text] M\u00fcv\u0259ff\u0259qiyy\u0259t d\u0259r\u0259c\u0259si [\/vc_column_text][vc_column_text] Qeyri-c\u0259rrahi m\u00fcalic\u0259 \u00fcsullar\u0131 il\u0259 y\u00fcks\u0259k m\u00fcv\u0259ff\u0259qiyy\u0259t d\u0259r\u0259c\u0259si<\/p>\n","protected":false},"author":2,"featured_media":0,"parent":0,"menu_order":0,"comment_status":"closed","ping_status":"closed","template":"template-default-without-breadcrumbs.php","meta":{"footnotes":""},"class_list":["post-5418","page","type-page","status-publish","hentry"],"aioseo_notices":[],"_links":{"self":[{"href":"https:\/\/avrupacerrahi.net\/az\/wp-json\/wp\/v2\/pages\/5418","targetHints":{"allow":["GET"]}}],"collection":[{"href":"https:\/\/avrupacerrahi.net\/az\/wp-json\/wp\/v2\/pages"}],"about":[{"href":"https:\/\/avrupacerrahi.net\/az\/wp-json\/wp\/v2\/types\/page"}],"author":[{"embeddable":true,"href":"https:\/\/avrupacerrahi.net\/az\/wp-json\/wp\/v2\/users\/2"}],"replies":[{"embeddable":true,"href":"https:\/\/avrupacerrahi.net\/az\/wp-json\/wp\/v2\/comments?post=5418"}],"version-history":[{"count":10,"href":"https:\/\/avrupacerrahi.net\/az\/wp-json\/wp\/v2\/pages\/5418\/revisions"}],"predecessor-version":[{"id":6062,"href":"https:\/\/avrupacerrahi.net\/az\/wp-json\/wp\/v2\/pages\/5418\/revisions\/6062"}],"wp:attachment":[{"href":"https:\/\/avrupacerrahi.net\/az\/wp-json\/wp\/v2\/media?parent=5418"}],"curies":[{"name":"wp","href":"https:\/\/api.w.org\/{rel}","templated":true}]}}