{"id":5918,"date":"2023-06-06T10:37:20","date_gmt":"2023-06-06T07:37:20","guid":{"rendered":"https:\/\/avrupacerrahi.com.tr\/az\/?page_id=5918"},"modified":"2024-11-06T15:27:01","modified_gmt":"2024-11-06T12:27:01","slug":"hidradenitis-suppurativahs-n%c9%99dir","status":"publish","type":"page","link":"https:\/\/avrupacerrahi.net\/az\/hidradenitis-suppurativahs-n%c9%99dir\/","title":{"rendered":"Hidradenitis suppurativa(HS) n\u0259dir?"},"content":{"rendered":"<p>[vc_row][vc_column width=&#8221;1\/2&#8243;][vc_empty_space height=&#8221;25px&#8221;][vc_raw_html]JTNDYSUyMGRhdGEtZmFuY3lib3glM0QlMjJnYWxsZXJ5JTIyJTIwaHJlZiUzRCUyMmh0dHBzJTNBJTJGJTJGd3d3LnlvdXR1YmUuY29tJTJGZW1iZWQlMkZQNmZUa2pjYURaVSUzRnNpJTNELTZ1U0J4YXJyd0lqcmRCNCUyMiUyMGNsYXNzJTNEJTIydmlkZW8tYm94JTIyJTNFJTBBJTIwJTIwJTIwJTIwJTNDaW1nJTIwc3JjJTNEJTIyaHR0cHMlM0ElMkYlMkZhdnJ1cGFjZXJyYWhpLm5ldCUyRmF6JTJGd3AtY29udGVudCUyRnVwbG9hZHMlMkYyMDI0JTJGMDIlMkZISURSQURFTklUSVMtU1VQUFVSQVRJVkEtQVouanBnJTIyJTIwYWx0JTNEJTIyaW1hZ2UlMjIlM0UlMEElMjAlMjAlMjAlMjAlM0NkaXYlMjBjbGFzcyUzRCUyMnZpZGVvLWJveF9faWNvbiUyMiUzRSUzQ2RpdiUyMGNsYXNzJTNEJTIydmlkZW8tYm94X19pY29uLS1wbGF5JTIyJTNFJTNDc3ZnJTIwdmlld0JveCUzRCUyMjAlMjAwJTIwMjQlMjAyNCUyMiUyMHdpZHRoJTNEJTIyMjQlMjIlMjBoZWlnaHQlM0QlMjIyNCUyMiUzRSUzQ3BhdGglMjBmaWxsJTNEJTIybm9uZSUyMiUyMGQlM0QlMjJNMCUyMDBoMjR2MjRIMHolMjIlMkYlM0UlM0NwYXRoJTIwZCUzRCUyMk0xOS4zNzYlMjAxMi40MTZMOC43NzclMjAxOS40ODJBLjUuNSUyMDAlMjAwJTIwMSUyMDglMjAxOS4wNjZWNC45MzRhLjUuNSUyMDAlMjAwJTIwMSUyMC43NzctLjQxNmwxMC41OTklMjA3LjA2NmEuNS41JTIwMCUyMDAlMjAxJTIwMCUyMC44MzJ6JTIyJTJGJTNFJTNDJTJGc3ZnJTNFJTNDJTJGZGl2JTNFJTNDJTJGZGl2JTNFJTBBJTNDJTJGYSUzRQ==[\/vc_raw_html][\/vc_column][vc_column width=&#8221;1\/2&#8243;][vc_empty_space height=&#8221;25px&#8221;][vc_raw_html]JTNDYSUyMGRhdGEtZmFuY3lib3glM0QlMjJnYWxsZXJ5JTIyJTIwaHJlZiUzRCUyMmh0dHBzJTNBJTJGJTJGd3d3LnlvdXR1YmUuY29tJTJGZW1iZWQlMkZ1LUZUUUx5YWZ1TSUzRnNpJTNEUEVLQzVGWlkxSk1sS1dDSiUyMiUyMGNsYXNzJTNEJTIydmlkZW8tYm94JTIyJTNFJTBBJTIwJTIwJTIwJTIwJTNDaW1nJTIwc3JjJTNEJTIyaHR0cHMlM0ElMkYlMkZhdnJ1cGFjZXJyYWhpLm5ldCUyRmF6JTJGd3AtY29udGVudCUyRnVwbG9hZHMlMkYyMDI0JTJGMDIlMkZIaWRyYWRlbml0aXMtc3VwcHVyYXRpdmEtaGFuc2lsYXJkaXIuanBnJTIyJTIwYWx0JTNEJTIyaW1hZ2UlMjIlM0UlMEElMjAlMjAlMjAlMjAlM0NkaXYlMjBjbGFzcyUzRCUyMnZpZGVvLWJveF9faWNvbiUyMiUzRSUzQ2RpdiUyMGNsYXNzJTNEJTIydmlkZW8tYm94X19pY29uLS1wbGF5JTIyJTNFJTNDc3ZnJTIwdmlld0JveCUzRCUyMjAlMjAwJTIwMjQlMjAyNCUyMiUyMHdpZHRoJTNEJTIyMjQlMjIlMjBoZWlnaHQlM0QlMjIyNCUyMiUzRSUzQ3BhdGglMjBmaWxsJTNEJTIybm9uZSUyMiUyMGQlM0QlMjJNMCUyMDBoMjR2MjRIMHolMjIlMkYlM0UlM0NwYXRoJTIwZCUzRCUyMk0xOS4zNzYlMjAxMi40MTZMOC43NzclMjAxOS40ODJBLjUuNSUyMDAlMjAwJTIwMSUyMDglMjAxOS4wNjZWNC45MzRhLjUuNSUyMDAlMjAwJTIwMSUyMC43NzctLjQxNmwxMC41OTklMjA3LjA2NmEuNS41JTIwMCUyMDAlMjAxJTIwMCUyMC44MzJ6JTIyJTJGJTNFJTNDJTJGc3ZnJTNFJTNDJTJGZGl2JTNFJTNDJTJGZGl2JTNFJTBBJTNDJTJGYSUzRQ==[\/vc_raw_html][\/vc_column][\/vc_row][vc_row][vc_column width=&#8221;1\/2&#8243;][vc_empty_space][vc_single_image image=&#8221;5919&#8243; img_size=&#8221;full&#8221;][\/vc_column][vc_column width=&#8221;1\/2&#8243;][vc_empty_space]<h2 class=\"box-header align-left\">Hidradenitis suppurativa(HS) x\u0259st\u0259liyinin s\u0259b\u0259bl\u0259ri<\/h2>[vc_column_text]X\u0259st\u0259liyin d\u0259qiq s\u0259b\u0259bi m\u0259lum deyil. D\u0259rinin alt\u0131ndak\u0131 \u015fi\u015fkinlikl\u0259rin t\u00fck k\u00f6kl\u0259rinin t\u0131xanmas\u0131 v\u0259 iltihab\u0131 n\u0259tic\u0259sind\u0259 meydana g\u0259ldiyi m\u00fc\u015fahid\u0259 edilmi\u015fdir. X\u0259st\u0259liyin yaranmas\u0131nda genetik meyl, cinsi hormonlar, piyl\u0259nm\u0259, karbohidrat \u0259sasl\u0131 qidalanma v\u0259 siqaretin rol oynad\u0131\u011f\u0131 d\u00fc\u015f\u00fcn\u00fcl\u00fcr.<\/p>\n<p>X\u0259st\u0259lik tez-tez yetkinlik d\u00f6vr\u00fcnd\u0259n sonra g\u00f6r\u00fcn\u00fcr, lakin daha sonra da g\u00f6r\u00fcn\u0259 bil\u0259r. Menopozdan sonra v\u0259 ya yetkinlik d\u00f6vr\u00fcnd\u0259n \u0259vv\u0259l ba\u015f verm\u0259 ehtimal\u0131 \u00e7ox azd\u0131r.[\/vc_column_text][\/vc_column][\/vc_row][vc_row][vc_column][vc_column_text]Bu s\u0259b\u0259bd\u0259n x\u0259st\u0259liyin inki\u015faf\u0131na hormonlar\u0131n da t\u0259sir etdiyi d\u00fc\u015f\u00fcn\u00fcl\u00fcr. Bu x\u0259st\u0259liy\u0259 d\u00fc\u00e7ar olan insanlar\u0131n s\u0131zanaq v\u0259 h\u0259ddind\u0259n art\u0131q t\u00fckl\u0259nm\u0259 kimi probleml\u0259rinin oldu\u011fu bildirilir.<\/p>\n<p>Hidradenitis suppurativa(HS) x\u0259st\u0259liyinin \u015f\u0259xsi gigiyena il\u0259 he\u00e7 bir \u0259laq\u0259si yoxdur. Eynil\u0259, bu, infeksiya s\u0259b\u0259biyl\u0259 inki\u015faf ed\u0259n bir x\u0259st\u0259lik deyil, insan\u0131 dig\u0259r infeksiyalara qar\u015f\u0131 h\u0259ssas ed\u0259 bil\u0259r. X\u0259st\u0259lik yoluxucu deyil; \u0130nsandan insana \u00f6t\u00fcr\u00fclm\u0259 yoxdur.[\/vc_column_text][vc_empty_space height=&#8221;15px&#8221;]<h2 class=\"box-header align-left\">Hidradenitis suppurativa(HS) x\u0259st\u0259liyinin diaqnozu<\/h2>[vc_column_text]Diaqnoz ad\u0259t\u0259n kliniki tap\u0131nt\u0131lar v\u0259 fiziki m\u00fcayin\u0259 il\u0259 qoyula bil\u0259r, lakin b\u0259z\u0259n h\u0259kim laz\u0131m bildiyi zaman d\u0259ri biopsiyas\u0131, d\u0259ri tamponu g\u00f6t\u00fcr\u00fcl\u00fcr, kultura g\u00f6t\u00fcr\u00fcl\u00fcr v\u0259 ya qan testl\u0259ri t\u0259tbiq oluna bil\u0259r.<br \/>\n[\/vc_column_text][vc_empty_space height=&#8221;15px&#8221;]<h2 class=\"box-header align-left\">Hidradenitis suppurativa(HS) x\u0259st\u0259liyi nec\u0259 m\u00fcalic\u0259 olunur?<\/h2>[vc_column_text]X\u0259st\u0259lik insan\u0131n sosial h\u0259yat\u0131na v\u0259 psixi v\u0259ziyy\u0259tin\u0259 m\u0259nfi t\u0259sir g\u00f6st\u0259rdiyi \u00fc\u00e7\u00fcn m\u00fcalic\u0259y\u0259 m\u00fcmk\u00fcn q\u0259d\u0259r tez ba\u015flan\u0131lmal\u0131d\u0131r. M\u00fcalic\u0259 edilm\u0259zs\u0259, x\u0259st\u0259lik ill\u0259rl\u0259 davam ed\u0259 bil\u0259r. Yaralar, iltihabl\u0131 v\u0259ziyy\u0259tl\u0259r v\u0259 qoxu x\u0259st\u0259l\u0259rin h\u0259yat keyfiyy\u0259tinin pisl\u0259\u015fm\u0259sin\u0259, x\u0259cal\u0259t\u0259, sosial uzaqla\u015fmaya v\u0259 depressiyaya s\u0259b\u0259b ola bil\u0259r. Bundan \u0259lav\u0259, x\u0259st\u0259liyin a\u011f\u0131r ke\u00e7diyi hallarda limfa ax\u0131n\u0131n\u0131n pozulmas\u0131, daxili orqanlarda fistulalar (daxili orqanlarla d\u0259ri aras\u0131nda a\u011f\u0131z v\u0259 kanallar \u0259m\u0259l\u0259 g\u0259tir\u0259n iltihabl\u0131 absesl\u0259r), \u00e7ap\u0131qlardan yaranan s\u0259rtlik, limfa ax\u0131n\u0131n\u0131n pozulmas\u0131 n\u0259tic\u0259sind\u0259 h\u0259r\u0259k\u0259tin m\u0259hdudla\u015fd\u0131r\u0131lmas\u0131 inki\u015faf ed\u0259 bil\u0259r. v\u0259 elastikliyin itirilm\u0259si.<\/p>\n<p>Hidradenitis suppurativa(HS) m\u00fcalic\u0259sind\u0259 yerli v\u0259 sistemli antibiotikl\u0259r, immun sistemi g\u00fccl\u0259ndir\u0259n preparatlar, lazer terapiyas\u0131 v\u0259 c\u0259rrahi m\u00fcalic\u0259 \u00fcsullar\u0131ndan istifad\u0259 edilir. M\u00fcalic\u0259 zaman\u0131 d\u0259rmanlar, c\u0259rrahiyy\u0259 v\u0259 h\u0259yat t\u0259rzi d\u0259yi\u015fiklikl\u0259ri birlikd\u0259 istifad\u0259 edil\u0259 bil\u0259r. \u0130stifad\u0259 olunan m\u00fcalic\u0259 \u00fcsulu x\u0259st\u0259nin ya\u015f\u0131na, ya\u015fay\u0131\u015f \u015f\u0259raitin\u0259 v\u0259 x\u0259st\u0259liyin m\u0259rh\u0259l\u0259sin\u0259 g\u00f6r\u0259 f\u0259rqli ola bil\u0259r. Bu x\u0259st\u0259lik t\u0259krarlanan v\u0259 \u00f6m\u00fcrl\u00fck d\u0259 ola bil\u0259r.<br \/>\n[\/vc_column_text][vc_empty_space height=&#8221;15px&#8221;]<h2 class=\"box-header align-left\">Hidradenitis suppurativa(HS) x\u0259st\u0259liyind\u0259 n\u0259z\u0259r\u0259 al\u0131nmal\u0131 olanlar<\/h2>[vc_column_text]Hidradenitis suppurativa(HS) x\u0259st\u0259liyi olan insanlar balansl\u0131 v\u0259 nizaml\u0131 qidalanmal\u0131, k\u00f6k\u0259lm\u0259m\u0259y\u0259 diqq\u0259t etm\u0259li, \u015firin v\u0259 y\u00fcks\u0259k glisemik indeksli qidalardan istifad\u0259 etm\u0259m\u0259lidirl\u0259r. Siqaretin x\u0259st\u0259liyi art\u0131rd\u0131\u011f\u0131 da m\u0259lumdur.<\/p>\n<p>X\u00fcsusil\u0259 isti aylarda t\u0259r v\u0259 n\u0259md\u0259n uzaq durmaq, tez-tez du\u015f q\u0259bul etm\u0259k v\u0259 b\u00fck\u00fclm\u00fc\u015f yerl\u0259ri quru saxlamaq vacibdir. Du\u015f geli v\u0259 ya antibakterial t\u0259rkibli sabunlar h\u0259ft\u0259d\u0259 1-2 d\u0259f\u0259 istifad\u0259 oluna bil\u0259r.<\/p>\n<p>\u0130stifad\u0259 olunan dezodorantlar t\u0259r v\u0259zil\u0259rini blok etm\u0259m\u0259lidir. Bu s\u0259b\u0259bd\u0259n, t\u0259rkibind\u0259 uzun m\u00fcdd\u0259t f\u0259aliyy\u0259t g\u00f6st\u0259r\u0259n t\u0259rl\u0259m\u0259ni azaldan kimy\u0259vi madd\u0259l\u0259r olan m\u0259hsullar x\u0259st\u0259liyi \u015fidd\u0259tl\u0259ndir\u0259 bil\u0259r.<\/p>\n<p>\u0130stifad\u0259 olunan b\u0259d\u0259n n\u0259ml\u0259ndiricil\u0259ri v\u0259 kosmetik vasit\u0259l\u0259r x\u0259st\u0259liyin \u0259lam\u0259tl\u0259ri g\u00f6st\u0259r\u0259n nahiy\u0259l\u0259rl\u0259 t\u0259masda olmamal\u0131d\u0131r.<\/p>\n<p>Hidradenitis suppurativa(HS) x\u0259st\u0259liyind\u0259 geyim se\u00e7imi d\u0259 vacibdir. Sintetik par\u00e7alardan tikilmi\u015f dar, dar paltarlardan \u00e7\u0259kinin. Pamb\u0131q alt paltar\u0131na \u00fcst\u00fcnl\u00fck verilm\u0259lidir.<br \/>\n[\/vc_column_text][\/vc_column][\/vc_row][vc_row][vc_column][vc_empty_space][vc_separator][vc_empty_space]<h2 class=\"box-header align-center\">Q\u0131l batmas\u0131 (Pilonidal Sinus) \u00fc\u00e7\u00fcn t\u00f6vsiy\u0259 olunan videolar<\/h2>[vc_empty_space height=&#8221;23px&#8221;][vc_row_inner][vc_column_inner width=&#8221;1\/3&#8243;][vc_video link=&#8221;https:\/\/youtu.be\/AKbSUqTDIZ0&#8243;][\/vc_column_inner][vc_column_inner width=&#8221;1\/3&#8243;][vc_video link=&#8221;https:\/\/youtu.be\/u-FTQLyafuM&#8221;][\/vc_column_inner][vc_column_inner width=&#8221;1\/3&#8243;][vc_video link=&#8221;https:\/\/youtu.be\/-fXmBHRaZgo&#8221;][\/vc_column_inner][\/vc_row_inner][vc_empty_space][vc_separator][vc_empty_space][\/vc_column][\/vc_row][vc_row][vc_column][vc_empty_space height=&#8221;23px&#8221;][vc_separator][vc_empty_space height=&#8221;23px&#8221;][vc_separator][\/vc_column][\/vc_row][vc_row css=&#8221;.vc_custom_1608749961067{margin-top: 50px !important;}&#8221;][vc_column][vc_empty_space height=&#8221;23px&#8221;][vc_separator][vc_empty_space height=&#8221;23px&#8221;]<h2 class=\"box-header\">Niy\u0259 Avrupa Cerrahiyy\u0259sini Se\u00e7m\u0259liy\u0259m?<\/h2>[vc_column_text]Biz 17 illik biliyimizl\u0259 Hidradenitis suppurativa(HS) \u0259m\u0259liyyat\u0131 \u00fc\u00e7\u00fcn t\u00f6vsiy\u0259 olunan x\u0259st\u0259l\u0259ri c\u0259rrahi olmayan lazer \u0259sasl\u0131 \u00fcsullarla m\u00fcalic\u0259 edirik.<\/p>\n<p>Biz yerli v\u0259 xarici m\u0259nb\u0259l\u0259rd\u0259n proktologiya (anal X\u0259st\u0259likl\u0259ri) il\u0259 ba\u011fl\u0131 b\u00fct\u00fcn m\u00fcasir m\u0259lumat v\u0259 inki\u015faflar\u0131 izl\u0259yir, yenilikl\u0259r\u0259 a\u00e7\u0131q \u015f\u0259kild\u0259 x\u00fcsusi m\u00fcalic\u0259 texnikam\u0131z\u0131 t\u0259tbiq edirik.[\/vc_column_text][vc_empty_space height=&#8221;23px&#8221;][vc_separator][\/vc_column][\/vc_row][vc_row][vc_column][vc_empty_space]<h2 class=\"box-header black align-center large\">Biziml\u0259 \u0259laq\u0259 saxlay\u0131n<\/h2>[vc_empty_space]\n<div class=\"wpcf7 no-js\" id=\"wpcf7-f5761-o1\" lang=\"en-US\" dir=\"ltr\" data-wpcf7-id=\"5761\">\n<div class=\"screen-reader-response\"><p role=\"status\" aria-live=\"polite\" aria-atomic=\"true\"><\/p> <ul><\/ul><\/div>\n<form action=\"\/az\/wp-json\/wp\/v2\/pages\/5918#wpcf7-f5761-o1\" method=\"post\" class=\"wpcf7-form init\" aria-label=\"Contact form\" novalidate=\"novalidate\" data-status=\"init\">\n<div style=\"display: none;\">\n<input type=\"hidden\" name=\"_wpcf7\" value=\"5761\" \/>\n<input type=\"hidden\" name=\"_wpcf7_version\" value=\"6.0.6\" \/>\n<input type=\"hidden\" name=\"_wpcf7_locale\" value=\"en_US\" \/>\n<input type=\"hidden\" name=\"_wpcf7_unit_tag\" value=\"wpcf7-f5761-o1\" \/>\n<input type=\"hidden\" name=\"_wpcf7_container_post\" value=\"0\" \/>\n<input type=\"hidden\" name=\"_wpcf7_posted_data_hash\" value=\"\" \/>\n<input type=\"hidden\" name=\"_wpcf7_recaptcha_response\" value=\"\" \/>\n<\/div>\n<div class=\"uacf7-form-5761  \"><label class=\"forms\">Ad\u0131n\u0131z v\u0259 Soyad\u0131n\u0131z<\/label>      \n<div class=\"yeniForm\" style=\"width:100%;\"><span class=\"wpcf7-form-control-wrap\" data-name=\"text-947\"><input size=\"40\" maxlength=\"400\" class=\"wpcf7-form-control wpcf7-text wpcf7-validates-as-required\" aria-required=\"true\" aria-invalid=\"false\" placeholder=\"Ad\u0131n\u0131z v\u0259 Soyad\u0131n\u0131z\" value=\"\" type=\"text\" name=\"text-947\" \/><\/span><\/div>\n<label class=\"forms\">Sizin telefon n\u00f6mr\u0259niz<\/label>\n<div class=\"yeniForm form-size\" style=\"width:100%;\"><span class=\"wpcf7-form-control-wrap\" data-name=\"phonetext-104\"><input size=\"40\" class=\"wpcf7-form-control wpcf7-phonetext wpcf7-validates-as-required wpcf7-text wpcf7-validates-as-phonetext\" aria-required=\"true\" aria-invalid=\"false\" value=\"+994\" type=\"text\" name=\"phonetext-104\" \/><input type=\"hidden\" name=\"phonetext-104-country-code\" class=\"wpcf7-phonetext-country-code\" \/><\/span><\/div>\n\n<label class=\"forms\">Mesaj<\/label>\n<div class=\"yeniForm text-form\" style=\"width:100%; \"><span class=\"wpcf7-form-control-wrap\" data-name=\"text-751\"><input size=\"40\" maxlength=\"400\" class=\"wpcf7-form-control wpcf7-text\" aria-invalid=\"false\" placeholder=\"Mesaj\" value=\"\" type=\"text\" name=\"text-751\" \/><\/span><\/div>\n\n\n<div class=\"yeniFormBtn\" style=\"width:100%;\"><input class=\"wpcf7-form-control wpcf7-submit has-spinner\" type=\"submit\" value=\"G\u00f6nd\u0259r\" \/><\/div>\n\n<style>\n .yeniForm input{\n    background: #f0f0f0;\n    border: none;\n}\n .yeniFormBtn input{\n    background: #3b72ae;\n    margin-top: 15px;\n    color: white;}\n  .text-form input{\n     height:120px;\n   }\n   .flag-container{\n    background: #d1d1d1;\n    width: 57px;\n}\n   .selected-flag{\n    background: #d1d1d1;\n\n}\n\n .form-size input{\n   left: 18px;\n    width: 98% !important;\n    font-weight: bold;\n}\ninput.wpcf7-form-control.wpcf7-text.wpcf7-phonetext.wpcf7-validates-as-required.wpcf7-validates-as-phonetext {\n    font-weight: bold;\n}\n<\/style><\/div><input type='hidden' class='wpcf7-pum' value='{\"closepopup\":false,\"closedelay\":0,\"openpopup\":false,\"openpopup_id\":0}' \/><div class=\"wpcf7-response-output\" aria-hidden=\"true\"><\/div>\n<\/form>\n<\/div>\n[vc_empty_space height=&#8221;23px&#8221;][vc_separator][vc_empty_space height=&#8221;23px&#8221;][\/vc_column][\/vc_row][vc_row][vc_column offset=&#8221;vc_hidden-sm vc_hidden-xs&#8221;]<h2 class=\"box-header black align-center large\">t\u0259r\u0259fda\u015flar\u0131m\u0131z<\/h2>[vc_empty_space height=&#8221;25px&#8221;][vc_images_carousel images=&#8221;5153,5157,5158,5203&#8243; img_size=&#8221;full&#8221; speed=&#8221;3000&#8243; slides_per_view=&#8221;4&#8243; hide_pagination_control=&#8221;yes&#8221; hide_prev_next_buttons=&#8221;yes&#8221; wrap=&#8221;yes&#8221;][vc_empty_space][vc_separator][\/vc_column][\/vc_row][vc_row][vc_column offset=&#8221;vc_hidden-lg vc_hidden-md&#8221;]<h2 class=\"box-header black align-center large\">t\u0259r\u0259fda\u015flar\u0131m\u0131z<\/h2>[vc_empty_space height=&#8221;25px&#8221;][vc_images_carousel images=&#8221;5153,5157,5158,5203&#8243; img_size=&#8221;full&#8221; speed=&#8221;3000&#8243; slides_per_view=&#8221;2&#8243; autoplay=&#8221;yes&#8221; hide_pagination_control=&#8221;yes&#8221; hide_prev_next_buttons=&#8221;yes&#8221; wrap=&#8221;yes&#8221;][\/vc_column][\/vc_row]<\/p>\n","protected":false},"excerpt":{"rendered":"<p>[vc_row][vc_column width=&#8221;1\/2&#8243;][vc_empty_space height=&#8221;25px&#8221;][vc_raw_html]JTNDYSUyMGRhdGEtZmFuY3lib3glM0QlMjJnYWxsZXJ5JTIyJTIwaHJlZiUzRCUyMmh0dHBzJTNBJTJGJTJGd3d3LnlvdXR1YmUuY29tJTJGZW1iZWQlMkZQNmZUa2pjYURaVSUzRnNpJTNELTZ1U0J4YXJyd0lqcmRCNCUyMiUyMGNsYXNzJTNEJTIydmlkZW8tYm94JTIyJTNFJTBBJTIwJTIwJTIwJTIwJTNDaW1nJTIwc3JjJTNEJTIyaHR0cHMlM0ElMkYlMkZhdnJ1cGFjZXJyYWhpLm5ldCUyRmF6JTJGd3AtY29udGVudCUyRnVwbG9hZHMlMkYyMDI0JTJGMDIlMkZISURSQURFTklUSVMtU1VQUFVSQVRJVkEtQVouanBnJTIyJTIwYWx0JTNEJTIyaW1hZ2UlMjIlM0UlMEElMjAlMjAlMjAlMjAlM0NkaXYlMjBjbGFzcyUzRCUyMnZpZGVvLWJveF9faWNvbiUyMiUzRSUzQ2RpdiUyMGNsYXNzJTNEJTIydmlkZW8tYm94X19pY29uLS1wbGF5JTIyJTNFJTNDc3ZnJTIwdmlld0JveCUzRCUyMjAlMjAwJTIwMjQlMjAyNCUyMiUyMHdpZHRoJTNEJTIyMjQlMjIlMjBoZWlnaHQlM0QlMjIyNCUyMiUzRSUzQ3BhdGglMjBmaWxsJTNEJTIybm9uZSUyMiUyMGQlM0QlMjJNMCUyMDBoMjR2MjRIMHolMjIlMkYlM0UlM0NwYXRoJTIwZCUzRCUyMk0xOS4zNzYlMjAxMi40MTZMOC43NzclMjAxOS40ODJBLjUuNSUyMDAlMjAwJTIwMSUyMDglMjAxOS4wNjZWNC45MzRhLjUuNSUyMDAlMjAwJTIwMSUyMC43NzctLjQxNmwxMC41OTklMjA3LjA2NmEuNS41JTIwMCUyMDAlMjAxJTIwMCUyMC44MzJ6JTIyJTJGJTNFJTNDJTJGc3ZnJTNFJTNDJTJGZGl2JTNFJTNDJTJGZGl2JTNFJTBBJTNDJTJGYSUzRQ==[\/vc_raw_html][\/vc_column][vc_column width=&#8221;1\/2&#8243;][vc_empty_space height=&#8221;25px&#8221;][vc_raw_html]JTNDYSUyMGRhdGEtZmFuY3lib3glM0QlMjJnYWxsZXJ5JTIyJTIwaHJlZiUzRCUyMmh0dHBzJTNBJTJGJTJGd3d3LnlvdXR1YmUuY29tJTJGZW1iZWQlMkZ1LUZUUUx5YWZ1TSUzRnNpJTNEUEVLQzVGWlkxSk1sS1dDSiUyMiUyMGNsYXNzJTNEJTIydmlkZW8tYm94JTIyJTNFJTBBJTIwJTIwJTIwJTIwJTNDaW1nJTIwc3JjJTNEJTIyaHR0cHMlM0ElMkYlMkZhdnJ1cGFjZXJyYWhpLm5ldCUyRmF6JTJGd3AtY29udGVudCUyRnVwbG9hZHMlMkYyMDI0JTJGMDIlMkZIaWRyYWRlbml0aXMtc3VwcHVyYXRpdmEtaGFuc2lsYXJkaXIuanBnJTIyJTIwYWx0JTNEJTIyaW1hZ2UlMjIlM0UlMEElMjAlMjAlMjAlMjAlM0NkaXYlMjBjbGFzcyUzRCUyMnZpZGVvLWJveF9faWNvbiUyMiUzRSUzQ2RpdiUyMGNsYXNzJTNEJTIydmlkZW8tYm94X19pY29uLS1wbGF5JTIyJTNFJTNDc3ZnJTIwdmlld0JveCUzRCUyMjAlMjAwJTIwMjQlMjAyNCUyMiUyMHdpZHRoJTNEJTIyMjQlMjIlMjBoZWlnaHQlM0QlMjIyNCUyMiUzRSUzQ3BhdGglMjBmaWxsJTNEJTIybm9uZSUyMiUyMGQlM0QlMjJNMCUyMDBoMjR2MjRIMHolMjIlMkYlM0UlM0NwYXRoJTIwZCUzRCUyMk0xOS4zNzYlMjAxMi40MTZMOC43NzclMjAxOS40ODJBLjUuNSUyMDAlMjAwJTIwMSUyMDglMjAxOS4wNjZWNC45MzRhLjUuNSUyMDAlMjAwJTIwMSUyMC43NzctLjQxNmwxMC41OTklMjA3LjA2NmEuNS41JTIwMCUyMDAlMjAxJTIwMCUyMC44MzJ6JTIyJTJGJTNFJTNDJTJGc3ZnJTNFJTNDJTJGZGl2JTNFJTNDJTJGZGl2JTNFJTBBJTNDJTJGYSUzRQ==[\/vc_raw_html][\/vc_column][\/vc_row][vc_row][vc_column width=&#8221;1\/2&#8243;][vc_empty_space][vc_single_image image=&#8221;5919&#8243; img_size=&#8221;full&#8221;][\/vc_column][vc_column width=&#8221;1\/2&#8243;][vc_empty_space][vc_column_text]X\u0259st\u0259liyin d\u0259qiq s\u0259b\u0259bi m\u0259lum deyil. D\u0259rinin alt\u0131ndak\u0131 \u015fi\u015fkinlikl\u0259rin t\u00fck k\u00f6kl\u0259rinin t\u0131xanmas\u0131 v\u0259 iltihab\u0131 n\u0259tic\u0259sind\u0259 meydana g\u0259ldiyi m\u00fc\u015fahid\u0259 edilmi\u015fdir. X\u0259st\u0259liyin yaranmas\u0131nda genetik meyl, cinsi hormonlar, piyl\u0259nm\u0259, karbohidrat \u0259sasl\u0131 qidalanma v\u0259 siqaretin rol oynad\u0131\u011f\u0131 d\u00fc\u015f\u00fcn\u00fcl\u00fcr. X\u0259st\u0259lik tez-tez yetkinlik d\u00f6vr\u00fcnd\u0259n sonra g\u00f6r\u00fcn\u00fcr, lakin daha sonra da g\u00f6r\u00fcn\u0259 bil\u0259r. Menopozdan sonra<\/p>\n","protected":false},"author":2,"featured_media":0,"parent":0,"menu_order":0,"comment_status":"closed","ping_status":"closed","template":"","meta":{"footnotes":""},"class_list":["post-5918","page","type-page","status-publish","hentry"],"aioseo_notices":[],"_links":{"self":[{"href":"https:\/\/avrupacerrahi.net\/az\/wp-json\/wp\/v2\/pages\/5918","targetHints":{"allow":["GET"]}}],"collection":[{"href":"https:\/\/avrupacerrahi.net\/az\/wp-json\/wp\/v2\/pages"}],"about":[{"href":"https:\/\/avrupacerrahi.net\/az\/wp-json\/wp\/v2\/types\/page"}],"author":[{"embeddable":true,"href":"https:\/\/avrupacerrahi.net\/az\/wp-json\/wp\/v2\/users\/2"}],"replies":[{"embeddable":true,"href":"https:\/\/avrupacerrahi.net\/az\/wp-json\/wp\/v2\/comments?post=5918"}],"version-history":[{"count":12,"href":"https:\/\/avrupacerrahi.net\/az\/wp-json\/wp\/v2\/pages\/5918\/revisions"}],"predecessor-version":[{"id":6303,"href":"https:\/\/avrupacerrahi.net\/az\/wp-json\/wp\/v2\/pages\/5918\/revisions\/6303"}],"wp:attachment":[{"href":"https:\/\/avrupacerrahi.net\/az\/wp-json\/wp\/v2\/media?parent=5918"}],"curies":[{"name":"wp","href":"https:\/\/api.w.org\/{rel}","templated":true}]}}