{"id":5973,"date":"2024-02-20T15:22:18","date_gmt":"2024-02-20T12:22:18","guid":{"rendered":"https:\/\/avrupacerrahi.net\/az\/?page_id=5973"},"modified":"2024-02-23T12:21:40","modified_gmt":"2024-02-23T09:21:40","slug":"blog","status":"publish","type":"page","link":"https:\/\/avrupacerrahi.net\/az\/blog\/","title":{"rendered":"Blog"},"content":{"rendered":"<p>[vc_row][vc_column width=&#8221;1\/2&#8243;]<ul class=\"blog clearfix\"><li class=\" post post-6136 type-post status-publish format-standard has-post-thumbnail hentry category-genital-ziyil\"><ul class=\"comment-box clearfix\"><li class=\"date clearfix\">\n\t\t\t\t\t\t\t\t<div class=\"value\">27 MAY 2024<\/div>\n\t\t\t\t\t\t\t\t<div class=\"arrow-date\"><\/div>\n\t\t\t\t\t\t\t<\/li><li class=\"comments-number\">\t\t\t<a href=\"https:\/\/avrupacerrahi.net\/az\/ziyill%c9%99r%c9%99-n%c9%99-yaxsi-g%c9%99lir\/#respond\" title=\"0 COMMENTS\">0<\/a>\n\t\t\t\t\t\t\t<\/li><\/ul><div class=\"post-content\"><a class=\"post-image\" href=\"https:\/\/avrupacerrahi.net\/az\/ziyill%c9%99r%c9%99-n%c9%99-yaxsi-g%c9%99lir\/\" title=\"Ziyill\u0259r\u0259 N\u0259 Yax\u015f\u0131 G\u0259lir?\"><span class=\"mc-preloader\"><\/span><img loading=\"lazy\" decoding=\"async\" width=\"670\" height=\"446\" src=\"https:\/\/avrupacerrahi.net\/az\/wp-content\/uploads\/2024\/05\/What-Works-Well-for-Warts-670x446.jpg\" class=\"attachment-blog-post-thumb size-blog-post-thumb wp-post-image\" alt=\"Ziyill\u0259r\u0259 N\u0259 Yax\u015f\u0131 G\u0259lir?\" title=\"\" srcset=\"https:\/\/avrupacerrahi.net\/az\/wp-content\/uploads\/2024\/05\/What-Works-Well-for-Warts-670x446.jpg 670w, https:\/\/avrupacerrahi.net\/az\/wp-content\/uploads\/2024\/05\/What-Works-Well-for-Warts-600x400.jpg 600w, https:\/\/avrupacerrahi.net\/az\/wp-content\/uploads\/2024\/05\/What-Works-Well-for-Warts-480x320.jpg 480w, https:\/\/avrupacerrahi.net\/az\/wp-content\/uploads\/2024\/05\/What-Works-Well-for-Warts-390x260.jpg 390w, https:\/\/avrupacerrahi.net\/az\/wp-content\/uploads\/2024\/05\/What-Works-Well-for-Warts-285x190.jpg 285w\" sizes=\"auto, (max-width: 670px) 100vw, 670px\" \/><\/a><h2 class=\"post-title\"><a href=\"https:\/\/avrupacerrahi.net\/az\/ziyill%c9%99r%c9%99-n%c9%99-yaxsi-g%c9%99lir\/\" title=\"Ziyill\u0259r\u0259 N\u0259 Yax\u015f\u0131 G\u0259lir?\">Ziyill\u0259r\u0259 N\u0259 Yax\u015f\u0131 G\u0259lir?<\/a><\/h2><p>Ziyill\u0259rin m\u00fcalic\u0259sind\u0259 istifad\u0259 oluna bil\u0259c\u0259k bir ne\u00e7\u0259 evd\u0259 m\u00fcalic\u0259 \u00fcsulu var, lakin bu metodlar ad\u0259t\u0259n yaln\u0131z simptomlar\u0131 y\u00fcng\u00fcll\u0259\u015fdirm\u0259y\u0259 k\u00f6m\u0259k edir v\u0259 tibbi m\u00fcalic\u0259y\u0259 olan ehtiyac\u0131 aradan qald\u0131rm\u0131r. Ziyill\u0259r\u0259 yax\u015f\u0131 g\u0259l\u0259n t\u0259bii metodlar aras\u0131nda alma sirk\u0259si v\u0259 \u00e7ay a\u011fac\u0131 ya\u011f\u0131 yer al\u0131r. Alma sirk\u0259si, tur\u015fuluq t\u0259rkibi say\u0259sind\u0259, ziyili qurudaraq m\u00fcalic\u0259 prosesini s\u00fcr\u0259tl\u0259ndirm\u0259y\u0259 k\u00f6m\u0259k ed\u0259 bil\u0259r. \u0130stifad\u0259si<\/p>\n\t\t<div class=\"post-footer clearfix\">\n\t\t\t\t\t\t\t\t<ul class=\"post-footer-details\"><li class=\"post-footer-author\">\n\t\t\t\t\t\t\t\t\t\tavrupa Cerrahi\n\t\t\t\t\t\t\t\t\t<\/li><li class=\"post-footer-category\">\n\t\t\t\t\t\t\t\t\t\t\t<a href=\"https:\/\/avrupacerrahi.net\/az\/category\/genital-ziyil\/\" title=\"View all posts filed under Genital ziyil\">Genital ziyil<\/a>\n\t\t\t\t\t\t\t\t\t\t<\/li><\/ul><\/div><\/div><\/li><li class=\" post post-6133 type-post status-publish format-standard has-post-thumbnail hentry category-genital-ziyil\"><ul class=\"comment-box clearfix\"><li class=\"date clearfix\">\n\t\t\t\t\t\t\t\t<div class=\"value\">27 MAY 2024<\/div>\n\t\t\t\t\t\t\t\t<div class=\"arrow-date\"><\/div>\n\t\t\t\t\t\t\t<\/li><li class=\"comments-number\">\t\t\t<a href=\"https:\/\/avrupacerrahi.net\/az\/ziyillerd%c9%99n-qorunma-yollari-n%c9%99l%c9%99rdir\/#respond\" title=\"0 COMMENTS\">0<\/a>\n\t\t\t\t\t\t\t<\/li><\/ul><div class=\"post-content\"><a class=\"post-image\" href=\"https:\/\/avrupacerrahi.net\/az\/ziyillerd%c9%99n-qorunma-yollari-n%c9%99l%c9%99rdir\/\" title=\"Ziyillerd\u0259n qorunma yollar\u0131 n\u0259l\u0259rdir?\"><span class=\"mc-preloader\"><\/span><img loading=\"lazy\" decoding=\"async\" width=\"670\" height=\"446\" src=\"https:\/\/avrupacerrahi.net\/az\/wp-content\/uploads\/2024\/05\/What-are-the-Ways-to-Protect-Against-Warts-670x446.jpg\" class=\"attachment-blog-post-thumb size-blog-post-thumb wp-post-image\" alt=\"Ziyillerd\u0259n qorunma yollar\u0131 n\u0259l\u0259rdir?\" title=\"\" srcset=\"https:\/\/avrupacerrahi.net\/az\/wp-content\/uploads\/2024\/05\/What-are-the-Ways-to-Protect-Against-Warts-670x446.jpg 670w, https:\/\/avrupacerrahi.net\/az\/wp-content\/uploads\/2024\/05\/What-are-the-Ways-to-Protect-Against-Warts-300x200.jpg 300w, https:\/\/avrupacerrahi.net\/az\/wp-content\/uploads\/2024\/05\/What-are-the-Ways-to-Protect-Against-Warts-1024x683.jpg 1024w, https:\/\/avrupacerrahi.net\/az\/wp-content\/uploads\/2024\/05\/What-are-the-Ways-to-Protect-Against-Warts-768x512.jpg 768w, https:\/\/avrupacerrahi.net\/az\/wp-content\/uploads\/2024\/05\/What-are-the-Ways-to-Protect-Against-Warts-1536x1025.jpg 1536w, https:\/\/avrupacerrahi.net\/az\/wp-content\/uploads\/2024\/05\/What-are-the-Ways-to-Protect-Against-Warts-600x400.jpg 600w, https:\/\/avrupacerrahi.net\/az\/wp-content\/uploads\/2024\/05\/What-are-the-Ways-to-Protect-Against-Warts-480x320.jpg 480w, https:\/\/avrupacerrahi.net\/az\/wp-content\/uploads\/2024\/05\/What-are-the-Ways-to-Protect-Against-Warts-390x260.jpg 390w, https:\/\/avrupacerrahi.net\/az\/wp-content\/uploads\/2024\/05\/What-are-the-Ways-to-Protect-Against-Warts-285x190.jpg 285w, https:\/\/avrupacerrahi.net\/az\/wp-content\/uploads\/2024\/05\/What-are-the-Ways-to-Protect-Against-Warts.jpg 2048w\" sizes=\"auto, (max-width: 670px) 100vw, 670px\" \/><\/a><h2 class=\"post-title\"><a href=\"https:\/\/avrupacerrahi.net\/az\/ziyillerd%c9%99n-qorunma-yollari-n%c9%99l%c9%99rdir\/\" title=\"Ziyillerd\u0259n qorunma yollar\u0131 n\u0259l\u0259rdir?\">Ziyillerd\u0259n qorunma yollar\u0131 n\u0259l\u0259rdir?<\/a><\/h2><p>Ziyillerd\u0259n qorunmaq \u00fc\u00e7\u00fcn t\u0259dbirl\u0259r aras\u0131nda, ilk n\u00f6vb\u0259d\u0259 yax\u015f\u0131 \u015f\u0259xsi gigiyena praktikalar\u0131 g\u0259lir. Ziyiller, insan papillomavirusu (HPV) t\u0259r\u0259find\u0259n s\u0259b\u0259b olunan yoluxucu d\u0259ri b\u00f6y\u00fcm\u0259l\u0259ridir v\u0259 virus d\u0259ri t\u0259mas\u0131 yolu il\u0259 asanl\u0131qla yay\u0131la bil\u0259r. Tez-tez \u0259ll\u0259rinizi yumaq, x\u00fcsusil\u0259 d\u0259 ictimai yerl\u0259rd\u0259 olduktan sonra, ziyil virusunun yay\u0131lmas\u0131n\u0131 \u00f6nlem\u0259y\u0259 k\u00f6m\u0259k ed\u0259 bil\u0259r. H\u0259m\u00e7inin, ba\u015fqalar\u0131n\u0131n ayaqqab\u0131lar\u0131n\u0131, d\u0259smallar\u0131n\u0131 v\u0259 ya \u015f\u0259xsi \u0259\u015fyalar\u0131n\u0131<\/p>\n\t\t<div class=\"post-footer clearfix\">\n\t\t\t\t\t\t\t\t<ul class=\"post-footer-details\"><li class=\"post-footer-author\">\n\t\t\t\t\t\t\t\t\t\tavrupa Cerrahi\n\t\t\t\t\t\t\t\t\t<\/li><li class=\"post-footer-category\">\n\t\t\t\t\t\t\t\t\t\t\t<a href=\"https:\/\/avrupacerrahi.net\/az\/category\/genital-ziyil\/\" title=\"View all posts filed under Genital ziyil\">Genital ziyil<\/a>\n\t\t\t\t\t\t\t\t\t\t<\/li><\/ul><\/div><\/div><\/li><li class=\" post post-6050 type-post status-publish format-standard has-post-thumbnail hentry category-ziyil\"><ul class=\"comment-box clearfix\"><li class=\"date clearfix\">\n\t\t\t\t\t\t\t\t<div class=\"value\">20 APRIL 2024<\/div>\n\t\t\t\t\t\t\t\t<div class=\"arrow-date\"><\/div>\n\t\t\t\t\t\t\t<\/li><li class=\"comments-number\">\t\t\t<a href=\"https:\/\/avrupacerrahi.net\/az\/ziyil-n%c9%99dir\/#respond\" title=\"0 COMMENTS\">0<\/a>\n\t\t\t\t\t\t\t<\/li><\/ul><div class=\"post-content\"><a class=\"post-image\" href=\"https:\/\/avrupacerrahi.net\/az\/ziyil-n%c9%99dir\/\" title=\"Ziyil N\u0259dir?\"><span class=\"mc-preloader\"><\/span><img loading=\"lazy\" decoding=\"async\" width=\"500\" height=\"400\" src=\"https:\/\/avrupacerrahi.net\/az\/wp-content\/uploads\/2023\/05\/Qeyri-c\u0259rrahi-Genital-ziyil-m.png\" class=\"attachment-blog-post-thumb size-blog-post-thumb wp-post-image\" alt=\"Ziyil N\u0259dir?\" title=\"\" srcset=\"https:\/\/avrupacerrahi.net\/az\/wp-content\/uploads\/2023\/05\/Qeyri-c\u0259rrahi-Genital-ziyil-m.png 500w, https:\/\/avrupacerrahi.net\/az\/wp-content\/uploads\/2023\/05\/Qeyri-c\u0259rrahi-Genital-ziyil-m-300x240.png 300w\" sizes=\"auto, (max-width: 500px) 100vw, 500px\" \/><\/a><h2 class=\"post-title\"><a href=\"https:\/\/avrupacerrahi.net\/az\/ziyil-n%c9%99dir\/\" title=\"Ziyil N\u0259dir?\">Ziyil N\u0259dir?<\/a><\/h2><p>Ziyil N\u0259dir? Ziyil, insan papillomavirusu (HPV) infeksiyas\u0131n\u0131n s\u0259b\u0259b oldu\u011fu, ad\u0259t\u0259n z\u0259r\u0259rsiz olan lakin b\u0259z\u0259n narahat edici ola bil\u0259n, d\u0259ri v\u0259 mukozal s\u0259thl\u0259rd\u0259 yaranan ki\u00e7ik, s\u0259rt, benign b\u00f6y\u00fcm\u0259l\u0259rdir. M\u00fcxt\u0259lif tipl\u0259ri olan ziyill\u0259r, \u0259n \u00e7ox \u0259ll\u0259rd\u0259, ayaqlarda, \u00fczd\u0259 v\u0259 genital b\u00f6lg\u0259d\u0259 g\u00f6r\u00fcl\u00fcr. Yayg\u0131n ziyiill\u0259r, ad\u0259t\u0259n d\u0259rid\u0259 qabar\u0131q v\u0259 qab\u0131q bir s\u0259th\u0259 malik olark\u0259n, plantar ziyill\u0259r ayaq altlar\u0131nda<\/p>\n\t\t<div class=\"post-footer clearfix\">\n\t\t\t\t\t\t\t\t<ul class=\"post-footer-details\"><li class=\"post-footer-author\">\n\t\t\t\t\t\t\t\t\t\tavrupa Cerrahi\n\t\t\t\t\t\t\t\t\t<\/li><li class=\"post-footer-category\">\n\t\t\t\t\t\t\t\t\t\t\t<a href=\"https:\/\/avrupacerrahi.net\/az\/category\/ziyil\/\" title=\"View all posts filed under ziyil\">ziyil<\/a>\n\t\t\t\t\t\t\t\t\t\t<\/li><\/ul><\/div><\/div><\/li><li class=\" post post-6490 type-post status-publish format-standard has-post-thumbnail hentry category-hemoroid\"><ul class=\"comment-box clearfix\"><li class=\"date clearfix\">\n\t\t\t\t\t\t\t\t<div class=\"value\">1 JUNE 2025<\/div>\n\t\t\t\t\t\t\t\t<div class=\"arrow-date\"><\/div>\n\t\t\t\t\t\t\t<\/li><li class=\"comments-number\">\t\t\t<a href=\"https:\/\/avrupacerrahi.net\/az\/yaslilarda-gorul%c9%99n-makat-probleml%c9%99ri-v%c9%99-xususi-mualic%c9%99-yanasmalari\/#respond\" title=\"0 COMMENTS\">0<\/a>\n\t\t\t\t\t\t\t<\/li><\/ul><div class=\"post-content\"><a class=\"post-image\" href=\"https:\/\/avrupacerrahi.net\/az\/yaslilarda-gorul%c9%99n-makat-probleml%c9%99ri-v%c9%99-xususi-mualic%c9%99-yanasmalari\/\" title=\"Ya\u015fl\u0131larda G\u00f6r\u00fcl\u0259n Makat Probleml\u0259ri v\u0259 X\u00fcsusi M\u00fcalic\u0259 Yana\u015fmalar\u0131\"><span class=\"mc-preloader\"><\/span><img loading=\"lazy\" decoding=\"async\" width=\"670\" height=\"446\" src=\"https:\/\/avrupacerrahi.net\/az\/wp-content\/uploads\/2024\/08\/Hemoroidi-Olan-Hasta-Nasil-Beslenmeli-670x446.png\" class=\"attachment-blog-post-thumb size-blog-post-thumb wp-post-image\" alt=\"Ya\u015fl\u0131larda G\u00f6r\u00fcl\u0259n Makat Probleml\u0259ri v\u0259 X\u00fcsusi M\u00fcalic\u0259 Yana\u015fmalar\u0131\" title=\"\" srcset=\"https:\/\/avrupacerrahi.net\/az\/wp-content\/uploads\/2024\/08\/Hemoroidi-Olan-Hasta-Nasil-Beslenmeli-670x446.png 670w, https:\/\/avrupacerrahi.net\/az\/wp-content\/uploads\/2024\/08\/Hemoroidi-Olan-Hasta-Nasil-Beslenmeli-600x400.png 600w, https:\/\/avrupacerrahi.net\/az\/wp-content\/uploads\/2024\/08\/Hemoroidi-Olan-Hasta-Nasil-Beslenmeli-480x320.png 480w, https:\/\/avrupacerrahi.net\/az\/wp-content\/uploads\/2024\/08\/Hemoroidi-Olan-Hasta-Nasil-Beslenmeli-390x260.png 390w, https:\/\/avrupacerrahi.net\/az\/wp-content\/uploads\/2024\/08\/Hemoroidi-Olan-Hasta-Nasil-Beslenmeli-285x190.png 285w\" sizes=\"auto, (max-width: 670px) 100vw, 670px\" \/><\/a><h2 class=\"post-title\"><a href=\"https:\/\/avrupacerrahi.net\/az\/yaslilarda-gorul%c9%99n-makat-probleml%c9%99ri-v%c9%99-xususi-mualic%c9%99-yanasmalari\/\" title=\"Ya\u015fl\u0131larda G\u00f6r\u00fcl\u0259n Makat Probleml\u0259ri v\u0259 X\u00fcsusi M\u00fcalic\u0259 Yana\u015fmalar\u0131\">Ya\u015fl\u0131larda G\u00f6r\u00fcl\u0259n Makat Probleml\u0259ri v\u0259 X\u00fcsusi M\u00fcalic\u0259 Yana\u015fmalar\u0131<\/a><\/h2><p>Ya\u015f artd\u0131qca b\u0259d\u0259nin bir \u00e7ox hiss\u0259sind\u0259 d\u0259yi\u015fiklikl\u0259r ba\u015f verir, anal nahiy\u0259d\u0259 d\u0259 probleml\u0259rin g\u00f6r\u00fclm\u0259 ehtimal\u0131 art\u0131r. 60 ya\u015f v\u0259 \u00fcz\u0259ri \u015f\u0259xsl\u0259rd\u0259 ba\u011f\u0131rsaq f\u0259aliyy\u0259tinin z\u0259ifl\u0259m\u0259si, damar strukturlar\u0131n\u0131n z\u0259ifl\u0259m\u0259si v\u0259 birl\u0259\u015fdirici toxumalar\u0131n bo\u015falmas\u0131 kimi faktorlar anal b\u00f6lg\u0259ni x\u0259st\u0259likl\u0259r\u0259 qar\u015f\u0131 daha h\u0259ssas edir. Bu m\u0259qal\u0259d\u0259 ya\u015fl\u0131larda \u0259n \u00e7ox rast g\u0259lin\u0259n anal probleml\u0259ri, simptomlar\u0131 v\u0259 onlara uy\u011fun x\u00fcsusi m\u00fcalic\u0259<\/p>\n\t\t<div class=\"post-footer clearfix\">\n\t\t\t\t\t\t\t\t<ul class=\"post-footer-details\"><li class=\"post-footer-author\">\n\t\t\t\t\t\t\t\t\t\tavrupa Cerrahi\n\t\t\t\t\t\t\t\t\t<\/li><li class=\"post-footer-category\">\n\t\t\t\t\t\t\t\t\t\t\t<a href=\"https:\/\/avrupacerrahi.net\/az\/category\/hemoroid\/\" title=\"Hemoroid haqq\u0131nda m\u0259lumatlar. Simptomlar, s\u0259b\u0259bl\u0259r v\u0259 ameliyats\u0131z m\u00fcalic\u0259 \u00fcsullar\u0131 haqq\u0131nda \u0259trafl\u0131 m\u0259lumat \u00fc\u00e7\u00fcn kateqoriyam\u0131za bax\u0131n....\">Hemoroid<\/a>\n\t\t\t\t\t\t\t\t\t\t<\/li><\/ul><\/div><\/div><\/li><\/ul><ul class='pagination page-margin-top'><li class='selected'><span>1<\/span><\/li><li><a href='https:\/\/avrupacerrahi.net\/az\/wp-json\/wp\/v2\/pages\/5973\/page\/2\/'>2<\/a><\/li><li><a href='https:\/\/avrupacerrahi.net\/az\/wp-json\/wp\/v2\/pages\/5973\/page\/3\/'>3<\/a><\/li><li><a href='https:\/\/avrupacerrahi.net\/az\/wp-json\/wp\/v2\/pages\/5973\/page\/2\/'>&rsaquo;<\/a><\/li><li><a href='https:\/\/avrupacerrahi.net\/az\/wp-json\/wp\/v2\/pages\/5973\/page\/40\/'>&raquo;<\/a><\/li><\/ul>[\/vc_column][vc_column width=&#8221;1\/2&#8243;][vc_widget_sidebar top_margin=&#8221;page-margin-top&#8221; sidebar_id=&#8221;sidebar-blog&#8221;][vc_widget_sidebar top_margin=&#8221;page-margin-top&#8221; sidebar_id=&#8221;sidebar-blog&#8221;][\/vc_column][\/vc_row]<\/p>\n","protected":false},"excerpt":{"rendered":"<p>[vc_row][vc_column width=&#8221;1\/2&#8243;][\/vc_column][vc_column width=&#8221;1\/2&#8243;][vc_widget_sidebar top_margin=&#8221;page-margin-top&#8221; sidebar_id=&#8221;sidebar-blog&#8221;][vc_widget_sidebar top_margin=&#8221;page-margin-top&#8221; sidebar_id=&#8221;sidebar-blog&#8221;][\/vc_column][\/vc_row]<\/p>\n","protected":false},"author":2,"featured_media":0,"parent":0,"menu_order":0,"comment_status":"closed","ping_status":"closed","template":"","meta":{"footnotes":""},"class_list":["post-5973","page","type-page","status-publish","hentry"],"aioseo_notices":[],"_links":{"self":[{"href":"https:\/\/avrupacerrahi.net\/az\/wp-json\/wp\/v2\/pages\/5973","targetHints":{"allow":["GET"]}}],"collection":[{"href":"https:\/\/avrupacerrahi.net\/az\/wp-json\/wp\/v2\/pages"}],"about":[{"href":"https:\/\/avrupacerrahi.net\/az\/wp-json\/wp\/v2\/types\/page"}],"author":[{"embeddable":true,"href":"https:\/\/avrupacerrahi.net\/az\/wp-json\/wp\/v2\/users\/2"}],"replies":[{"embeddable":true,"href":"https:\/\/avrupacerrahi.net\/az\/wp-json\/wp\/v2\/comments?post=5973"}],"version-history":[{"count":1,"href":"https:\/\/avrupacerrahi.net\/az\/wp-json\/wp\/v2\/pages\/5973\/revisions"}],"predecessor-version":[{"id":5974,"href":"https:\/\/avrupacerrahi.net\/az\/wp-json\/wp\/v2\/pages\/5973\/revisions\/5974"}],"wp:attachment":[{"href":"https:\/\/avrupacerrahi.net\/az\/wp-json\/wp\/v2\/media?parent=5973"}],"curies":[{"name":"wp","href":"https:\/\/api.w.org\/{rel}","templated":true}]}}