{"id":394,"date":"2013-03-07T10:33:44","date_gmt":"2013-03-07T10:33:44","guid":{"rendered":"http:\/\/localhost\/wordpress\/medicenter\/?page_id=394"},"modified":"2023-03-31T14:03:24","modified_gmt":"2023-03-31T11:03:24","slug":"%d0%bd%d0%b0%d1%88%d0%b8%d1%82%d0%b5-%d0%bb%d0%b5%d0%ba%d0%b0%d1%80%d0%b8","status":"publish","type":"page","link":"https:\/\/avrupacerrahi.net\/bg\/%d0%bd%d0%b0%d1%88%d0%b8%d1%82%d0%b5-%d0%bb%d0%b5%d0%ba%d0%b0%d1%80%d0%b8\/","title":{"rendered":"\u041d\u0430\u0448\u0438\u0442\u0435 \u043b\u0435\u043a\u0430\u0440\u0438"},"content":{"rendered":"<p>[vc_row top_margin=&#8221;page-margin-top&#8221; el_position=&#8221;first last&#8221;][vc_column]<ul class=\"gallery-item-details-list clearfix margin-bottom\"><li id=\"gallery-details-op-dr-yasir-gozu\" class=\"gallery-item-details clearfix\">\n\t\t\t\t\t<div class=\"vc_row wpb_row vc_row-fluid\">\n\t\t\t\t\t\t<div class=\"vc_col-sm-6 wpb_column vc_column_container\"><div class=\"gallery-box hover-icons-off\"><span class=\"mc-preloader\"><\/span>\n\t\t\t\t\t\t\t\t\t<img loading=\"lazy\" decoding=\"async\" width=\"600\" height=\"400\" src=\"https:\/\/avrupacerrahi.net\/bg\/wp-content\/uploads\/2020\/11\/dr-yasir-gozu-600x400.jpg\" class=\"mc-preload wp-post-image\" alt=\"Op. Dr. Yasir G\u00d6Z\u00dc\" title=\"\" srcset=\"https:\/\/avrupacerrahi.net\/bg\/wp-content\/uploads\/2020\/11\/dr-yasir-gozu-600x400.jpg 600w, https:\/\/avrupacerrahi.net\/bg\/wp-content\/uploads\/2020\/11\/dr-yasir-gozu-670x446.jpg 670w, https:\/\/avrupacerrahi.net\/bg\/wp-content\/uploads\/2020\/11\/dr-yasir-gozu-480x320.jpg 480w, https:\/\/avrupacerrahi.net\/bg\/wp-content\/uploads\/2020\/11\/dr-yasir-gozu-390x260.jpg 390w, https:\/\/avrupacerrahi.net\/bg\/wp-content\/uploads\/2020\/11\/dr-yasir-gozu-285x190.jpg 285w\" sizes=\"auto, (max-width: 600px) 100vw, 600px\" \/>\n\t\t\t\t\t\t\t\t\t<ul class=\"controls\">\n\t\t\t\t\t\t\t\t\t\t<li>\n\t\t\t\t\t\t\t\t\t\t\t<a href=\"http:\/\/quanticalabs.com?iframe=true\" class=\"template-plus-2 fancybox-iframe open-iframe-lightbox\" rel=\"featured-gallery\"><\/a>\n\t\t\t\t\t\t\t\t\t\t<\/li>\n\t\t\t\t\t\t\t\t\t<\/ul><div class=\"description\">\n\t\t\t\t\t\t\t\t\t\t<h3>Op. Dr. Yasir G\u00d6Z\u00dc<\/h3>\n\t\t\t\t\t\t\t\t\t\t<h5>\u041e\u0431\u0449 \u0425\u0438\u0440\u0443\u0440\u0433-\u041f\u0440\u043e\u043a\u0442\u043e\u043b\u043e\u0433<\/h5>\n\t\t\t\t\t\t\t\t\t<\/div><\/div><ul class=\"social-icons clearfix\"><li><a class=\"social-facebook\" href=\"https:\/\/www.facebook.com\/avrupacerrahi\" target=\"_blank\" title=\"\">&nbsp;<\/a><\/li><li><a class=\"social-twitter\" href=\"https:\/\/twitter.com\/avrupa_cerrahi\" target=\"_blank\" title=\"\">&nbsp;<\/a><\/li><li><a class=\"social-instagram\" href=\"https:\/\/www.instagram.com\/avrupacerrahi\/\" target=\"_blank\" title=\"\">&nbsp;<\/a><\/li><li><a class=\"social-youtube\" href=\"https:\/\/www.youtube.com\/channel\/UCcW_WrRYLtOI6xDH376Wi8g\" target=\"_blank\" title=\"\">&nbsp;<\/a><\/li><\/ul><\/div>\n\t\t\t\t\t<div class=\"vc_col-sm-6 wpb_column vc_column_container\">\n\t\t\t\t\t\t<div class=\"details-box\"><ul class=\"controls\">\n\t\t\t\t\t\t\t\t\t<li>\n\t\t\t\t\t\t\t\t\t\t<a href=\"#\" class=\"prev template-arrow-horizontal-3\"><\/a>\n\t\t\t\t\t\t\t\t\t<\/li>\n\t\t\t\t\t\t\t\t\t<li>\n\t\t\t\t\t\t\t\t\t\t<a href=\"#\" class=\"next template-arrow-horizontal-3\"><\/a>\n\t\t\t\t\t\t\t\t\t<\/li>\n\t\t\t\t\t\t\t\t\t<li class=\"separator\">&nbsp;<\/li><li>\n\t\t\t\t\t\t\t\t\t\t<a href=\"#gallery-details-close\" class=\"close template-remove-1\"><\/a>\n\t\t\t\t\t\t\t\t\t<\/li>\n\t\t\t\t\t\t\t\t<\/ul><h2 class=\"box-header animation-slide\"> Op. Dr. Yasir G\u00d6Z\u00dc<\/h2><table class=\"margin-top-30\">\r\n<tbody>\r\n<tr>\r\n<td><span style=\"vertical-align: inherit;\"><span style=\"vertical-align: inherit;\">Doktorumuz<\/span><\/span><\/td>\r\n<td><span style=\"vertical-align: inherit;\"><span style=\"vertical-align: inherit;\">Yasir G\u00d6Z\u00dc<\/span><\/span><\/td>\r\n<\/tr>\r\n<tr>\r\n<td><span style=\"vertical-align: inherit;\"><span style=\"vertical-align: inherit;\">alan<\/span><\/span><\/td>\r\n<td><span style=\"vertical-align: inherit;\"><span style=\"vertical-align: inherit;\">Genel Cerrahi<\/span><\/span><\/td>\r\n<\/tr>\r\n<tr>\r\n<td><span style=\"vertical-align: inherit;\"><span style=\"vertical-align: inherit;\">T\u0131p Alanlar\u0131 Proktoloji;<\/span><\/span><\/td>\r\n<td><span style=\"vertical-align: inherit;\"><span style=\"vertical-align: inherit;\"><ul class=\"simple-list clearfix\"><\/ul><li class=\"template-check clearfix\">\n\t\t\t<span>Ameliyats\u0131z Hemoroid Tedavisi<\/span><\/li><li class=\"template-check clearfix\">\n\t\t\t<span>Ameliyats\u0131z Pilonidal Sin\u00fcs Tedavisi<\/span><\/li><li class=\"template-check clearfix\">\n\t\t\t<span>Ameliyats\u0131z Anal Fiss\u00fcr Tedavisi<\/span><\/li><li class=\"template-check clearfix\">\n\t\t\t<span>Ameliyats\u0131z Anal Fist\u00fcl Tedavisi<\/span><\/li><li class=\"template-check clearfix\">\n\t\t\t<span>Genital Si\u011fil Tedavisi<\/span><\/li><li class=\"template-check  clearfix\">\n\t\t\t<span>Rektal Sarkma Tedavisi. <\/span><\/span><span style=\"font-family: inherit; font-size: inherit;\"><span style=\"vertical-align: inherit;\"><span style=\"vertical-align: inherit;\"><\/span><\/li>[\/item_listesi]<\/span><\/span><\/span><\/td>\r\n<\/tr>\r\n<tr>\r\n<td><span style=\"vertical-align: inherit;\"><span style=\"vertical-align: inherit;\">T\u0131p Fak\u00fcltesi Mezunu<\/span><\/span><\/td>\r\n<td><span style=\"vertical-align: inherit;\"><span style=\"vertical-align: inherit;\">Eski\u015fehir Osmangazi \u00dcniversitesi T\u0131p Fak\u00fcltesi \u2013 1998<\/span><\/span><\/td>\r\n<\/tr>\r\n<tr>\r\n<td><span style=\"vertical-align: inherit;\"><span style=\"vertical-align: inherit;\">Uzmanl\u0131k Yeri<\/span><\/span><\/td>\r\n<td>\r\n<div class=\"rowItem rowInnerItem col-md-6 btTextLeft\">\r\n<div class=\"rowItemContent\">\r\n<div class=\"btText\">\r\n\r\n<span style=\"vertical-align: inherit;\"><span style=\"vertical-align: inherit;\">Haseki E\u011fitim ve Ara\u015ft\u0131rma Hastanesi Genel Cerrahi \u2013 2002<\/span><\/span>\r\n\r\n<\/div>\r\n<\/div>\r\n<\/div><\/td>\r\n<\/tr>\r\n<\/tbody>\r\n<\/table><div class=\"item-footer clearfix\"><a title=\"Op. Dr. Yasir G\u00d6Z\u00dc\" href=\"https:\/\/avrupacerrahi.net\/bg\/doctors\/op-dr-yasir-gozu\/\" class=\"mc-button more light template-arrow-horizontal-1-after\">PROFILE<\/a><\/div><\/div><\/div>\n\t\t\t\t<\/div><li id=\"gallery-details-op-dr-hatice-sahin\" class=\"gallery-item-details clearfix\">\n\t\t\t\t\t<div class=\"vc_row wpb_row vc_row-fluid\">\n\t\t\t\t\t\t<div class=\"vc_col-sm-6 wpb_column vc_column_container\"><div class=\"gallery-box hover-icons-off\"><span class=\"mc-preloader\"><\/span>\n\t\t\t\t\t\t\t\t\t<img loading=\"lazy\" decoding=\"async\" width=\"600\" height=\"400\" src=\"https:\/\/avrupacerrahi.net\/bg\/wp-content\/uploads\/2020\/11\/dr-hatice-sahin-600x400.jpg\" class=\"mc-preload wp-post-image\" alt=\"Op. Dr. Hatice \u015eAH\u0130N\" title=\"\" srcset=\"https:\/\/avrupacerrahi.net\/bg\/wp-content\/uploads\/2020\/11\/dr-hatice-sahin-600x400.jpg 600w, https:\/\/avrupacerrahi.net\/bg\/wp-content\/uploads\/2020\/11\/dr-hatice-sahin-670x446.jpg 670w, https:\/\/avrupacerrahi.net\/bg\/wp-content\/uploads\/2020\/11\/dr-hatice-sahin-480x320.jpg 480w, https:\/\/avrupacerrahi.net\/bg\/wp-content\/uploads\/2020\/11\/dr-hatice-sahin-390x260.jpg 390w, https:\/\/avrupacerrahi.net\/bg\/wp-content\/uploads\/2020\/11\/dr-hatice-sahin-285x190.jpg 285w\" sizes=\"auto, (max-width: 600px) 100vw, 600px\" \/>\n\t\t\t\t\t\t\t\t\t<ul class=\"controls\">\n\t\t\t\t\t\t\t\t\t\t<li>\n\t\t\t\t\t\t\t\t\t\t\t<a href=\"http:\/\/quanticalabs.com?iframe=true\" class=\"template-plus-2 fancybox-iframe open-iframe-lightbox\" rel=\"featured-gallery\"><\/a>\n\t\t\t\t\t\t\t\t\t\t<\/li>\n\t\t\t\t\t\t\t\t\t<\/ul><div class=\"description\">\n\t\t\t\t\t\t\t\t\t\t<h3>Op. Dr. Hatice \u015eAH\u0130N<\/h3>\n\t\t\t\t\t\t\t\t\t\t<h5>\u041e\u0431\u0449 \u0425\u0438\u0440\u0443\u0440\u0433-\u041f\u0440\u043e\u043a\u0442\u043e\u043b\u043e\u0433<\/h5>\n\t\t\t\t\t\t\t\t\t<\/div><\/div><ul class=\"social-icons clearfix\"><li><a class=\"social-facebook\" href=\"https:\/\/www.facebook.com\/avrupacerrahi\" target=\"_blank\" title=\"\">&nbsp;<\/a><\/li><li><a class=\"social-twitter\" href=\"https:\/\/twitter.com\/avrupa_cerrahi\" target=\"_blank\" title=\"\">&nbsp;<\/a><\/li><li><a class=\"social-instagram\" href=\"https:\/\/www.instagram.com\/avrupacerrahi\/\" target=\"_blank\" title=\"\">&nbsp;<\/a><\/li><li><a class=\"social-youtube\" href=\"https:\/\/www.youtube.com\/channel\/UCcW_WrRYLtOI6xDH376Wi8g\" target=\"_blank\" title=\"\">&nbsp;<\/a><\/li><\/ul><\/div>\n\t\t\t\t\t<div class=\"vc_col-sm-6 wpb_column vc_column_container\">\n\t\t\t\t\t\t<div class=\"details-box\"><ul class=\"controls\">\n\t\t\t\t\t\t\t\t\t<li>\n\t\t\t\t\t\t\t\t\t\t<a href=\"#\" class=\"prev template-arrow-horizontal-3\"><\/a>\n\t\t\t\t\t\t\t\t\t<\/li>\n\t\t\t\t\t\t\t\t\t<li>\n\t\t\t\t\t\t\t\t\t\t<a href=\"#\" class=\"next template-arrow-horizontal-3\"><\/a>\n\t\t\t\t\t\t\t\t\t<\/li>\n\t\t\t\t\t\t\t\t\t<li class=\"separator\">&nbsp;<\/li><li>\n\t\t\t\t\t\t\t\t\t\t<a href=\"#gallery-details-close\" class=\"close template-remove-1\"><\/a>\n\t\t\t\t\t\t\t\t\t<\/li>\n\t\t\t\t\t\t\t\t<\/ul><h2 class=\"box-header animation-slide\"> Op. Dr. Hatice \u015eAH\u0130N<\/h2><table class=\"margin-top-30\">\r\n<tbody>\r\n<tr>\r\n<td><span style=\"vertical-align: inherit;\"><span style=\"vertical-align: inherit;\">Doktorumuz<\/span><\/span><\/td>\r\n<td><span style=\"vertical-align: inherit;\"><span style=\"vertical-align: inherit;\">Hatice \u015eAH\u0130N<\/span><\/span><\/td>\r\n<\/tr>\r\n<tr>\r\n<td><span style=\"vertical-align: inherit;\"><span style=\"vertical-align: inherit;\">alan<\/span><\/span><\/td>\r\n<td><span style=\"vertical-align: inherit;\"><span style=\"vertical-align: inherit;\">Genel Cerrahi<\/span><\/span><\/td>\r\n<\/tr>\r\n<tr>\r\n<td><span style=\"vertical-align: inherit;\"><span style=\"vertical-align: inherit;\">T\u0131p Alanlar\u0131 Proktoloji;<\/span><\/span><\/td>\r\n<td><span style=\"vertical-align: inherit;\"><span style=\"vertical-align: inherit;\"><ul class=\"simple-list clearfix\"><li class=\"template-check clearfix\">\n\t\t\t<span>Ameliyats\u0131z Hemoroid Tedavisi<\/span><\/li><li class=\"template-check clearfix\">\n\t\t\t<span>Ameliyats\u0131z Pilonidal Sin\u00fcs Tedavisi<\/span><\/li><li class=\"template-check clearfix\">\n\t\t\t<span>Ameliyats\u0131z Anal Fiss\u00fcr Tedavisi<\/span><\/li><li class=\"template-check clearfix\">\n\t\t\t<span>Ameliyats\u0131z Anal Fist\u00fcl Tedavisi<\/span><\/li><li class=\"template-check clearfix\">\n\t\t\t<span>Genital Si\u011fil Tedavisi<\/span><\/li><li class=\"template-check  clearfix\">\n\t\t\t<span>Rektal Sarkma Tedavisi.<\/span><\/li><\/ul><\/span><\/span><\/td>\r\n<\/tr>\r\n<tr>\r\n<td><span style=\"vertical-align: inherit;\"><span style=\"vertical-align: inherit;\">T\u0131p Fak\u00fcltesi Mezunu<\/span><\/span><\/td>\r\n<td>\r\n<div class=\"wpb_text_column wpb_content_element description\">\r\n<div class=\"wpb_wrapper\">\r\n\r\n<span style=\"vertical-align: inherit;\"><span style=\"vertical-align: inherit;\">Ankara \u00dcniversitesi T\u0131p Fak\u00fcltesi<\/span><\/span>\r\n\r\n<\/div>\r\n<\/div><\/td>\r\n<\/tr>\r\n<tr>\r\n<td><span style=\"vertical-align: inherit;\"><span style=\"vertical-align: inherit;\">Uzmanl\u0131k Yeri<\/span><\/span><\/td>\r\n<td>\r\n<div class=\"wpb_text_column wpb_content_element \">\r\n<div class=\"wpb_wrapper\">\r\n\r\n<span style=\"vertical-align: inherit;\"><span style=\"vertical-align: inherit;\">Sa\u011fl\u0131k Bakanl\u0131\u011f\u0131 Ankara E\u011fitim ve Ara\u015ft\u0131rma Hastanesi<\/span><\/span>\r\n\r\n<\/div>\r\n<\/div><\/td>\r\n<\/tr>\r\n<\/tbody>\r\n<\/table><div class=\"item-footer clearfix\"><a title=\"Op. Dr. Hatice \u015eAH\u0130N\" href=\"https:\/\/avrupacerrahi.net\/bg\/doctors\/op-dr-hatice-sahin\/\" class=\"mc-button more light template-arrow-horizontal-1-after\">PROFILE<\/a><\/div><\/div><\/div>\n\t\t\t\t<\/div><li id=\"gallery-details-dr-okan-satis\" class=\"gallery-item-details clearfix\">\n\t\t\t\t\t<div class=\"vc_row wpb_row vc_row-fluid\">\n\t\t\t\t\t\t<div class=\"vc_col-sm-6 wpb_column vc_column_container\"><div class=\"gallery-box hover-icons-off\"><span class=\"mc-preloader\"><\/span>\n\t\t\t\t\t\t\t\t\t<img loading=\"lazy\" decoding=\"async\" width=\"600\" height=\"400\" src=\"https:\/\/avrupacerrahi.net\/bg\/wp-content\/uploads\/2020\/11\/dr-okan-satis-1-600x400.jpg\" class=\"mc-preload wp-post-image\" alt=\"Dr. Okan SATI\u015e\" title=\"\" srcset=\"https:\/\/avrupacerrahi.net\/bg\/wp-content\/uploads\/2020\/11\/dr-okan-satis-1-600x400.jpg 600w, https:\/\/avrupacerrahi.net\/bg\/wp-content\/uploads\/2020\/11\/dr-okan-satis-1-670x446.jpg 670w, https:\/\/avrupacerrahi.net\/bg\/wp-content\/uploads\/2020\/11\/dr-okan-satis-1-480x320.jpg 480w, https:\/\/avrupacerrahi.net\/bg\/wp-content\/uploads\/2020\/11\/dr-okan-satis-1-390x260.jpg 390w, https:\/\/avrupacerrahi.net\/bg\/wp-content\/uploads\/2020\/11\/dr-okan-satis-1-285x190.jpg 285w\" sizes=\"auto, (max-width: 600px) 100vw, 600px\" \/>\n\t\t\t\t\t\t\t\t\t<ul class=\"controls\">\n\t\t\t\t\t\t\t\t\t\t<li>\n\t\t\t\t\t\t\t\t\t\t\t<a href=\"http:\/\/quanticalabs.com?iframe=true\" class=\"template-plus-2 fancybox-iframe open-iframe-lightbox\" rel=\"featured-gallery\"><\/a>\n\t\t\t\t\t\t\t\t\t\t<\/li>\n\t\t\t\t\t\t\t\t\t<\/ul><div class=\"description\">\n\t\t\t\t\t\t\t\t\t\t<h3>Dr. Okan SATI\u015e<\/h3>\n\t\t\t\t\t\t\t\t\t\t<h5>\u041e\u0431\u0449 \u0425\u0438\u0440\u0443\u0440\u0433-\u041f\u0440\u043e\u043a\u0442\u043e\u043b\u043e\u0433<\/h5>\n\t\t\t\t\t\t\t\t\t<\/div><\/div><ul class=\"social-icons clearfix\"><li><a class=\"social-facebook\" href=\"https:\/\/www.facebook.com\/avrupacerrahi\" target=\"_blank\" title=\"\">&nbsp;<\/a><\/li><li><a class=\"social-twitter\" href=\"https:\/\/twitter.com\/avrupa_cerrahi\" target=\"_blank\" title=\"\">&nbsp;<\/a><\/li><li><a class=\"social-instagram\" href=\"https:\/\/www.instagram.com\/avrupacerrahi\/\" target=\"_blank\" title=\"\">&nbsp;<\/a><\/li><li><a class=\"social-youtube\" href=\"https:\/\/www.youtube.com\/channel\/UCcW_WrRYLtOI6xDH376Wi8g\" target=\"_blank\" title=\"\">&nbsp;<\/a><\/li><\/ul><\/div>\n\t\t\t\t\t<div class=\"vc_col-sm-6 wpb_column vc_column_container\">\n\t\t\t\t\t\t<div class=\"details-box\"><ul class=\"controls\">\n\t\t\t\t\t\t\t\t\t<li>\n\t\t\t\t\t\t\t\t\t\t<a href=\"#\" class=\"prev template-arrow-horizontal-3\"><\/a>\n\t\t\t\t\t\t\t\t\t<\/li>\n\t\t\t\t\t\t\t\t\t<li>\n\t\t\t\t\t\t\t\t\t\t<a href=\"#\" class=\"next template-arrow-horizontal-3\"><\/a>\n\t\t\t\t\t\t\t\t\t<\/li>\n\t\t\t\t\t\t\t\t\t<li class=\"separator\">&nbsp;<\/li><li>\n\t\t\t\t\t\t\t\t\t\t<a href=\"#gallery-details-close\" class=\"close template-remove-1\"><\/a>\n\t\t\t\t\t\t\t\t\t<\/li>\n\t\t\t\t\t\t\t\t<\/ul><h2 class=\"box-header animation-slide\"> Dr. Okan SATI\u015e<\/h2><table class=\"margin-top-30\">\r\n<tbody>\r\n<tr>\r\n<td><span style=\"vertical-align: inherit;\"><span style=\"vertical-align: inherit;\">\u00a0\u041d\u0430\u0448\u0438\u044f\u0442 \u0434\u043e\u043a\u0442\u043e\u0440<\/span><\/span><\/td>\r\n<td><span style=\"vertical-align: inherit;\"><span style=\"vertical-align: inherit;\">Okan SATI\u015e<\/span><\/span><\/td>\r\n<\/tr>\r\n<tr>\r\n<td><span style=\"vertical-align: inherit;\"><span style=\"vertical-align: inherit;\">\u043f\u043b\u043e\u0449<\/span><\/span><\/td>\r\n<td><span style=\"vertical-align: inherit;\"><span style=\"vertical-align: inherit;\">\u041e\u0431\u0449\u0430 \u0445\u0438\u0440\u0443\u0440\u0433\u0438\u044f<\/span><\/span><\/td>\r\n<\/tr>\r\n<tr>\r\n<td><span style=\"vertical-align: inherit;\"><span style=\"vertical-align: inherit;\">\u041c\u0435\u0434\u0438\u0446\u0438\u043d\u0441\u043a\u0438 \u043e\u0431\u043b\u0430\u0441\u0442\u0438 <\/span><\/span>\r\n<span style=\"vertical-align: inherit;\"><span style=\"vertical-align: inherit;\">\u041f\u0440\u043e\u043a\u0442\u043e\u043b\u043e\u0433\u0438\u044f<\/span><\/span><\/td>\r\n<td><span style=\"vertical-align: inherit;\"><span style=\"vertical-align: inherit;\"><ul class=\"simple-list clearfix\"><li class=\"template-check clearfix\">\n\t\t\t<span>Ameliyats\u0131z Hemoroid Tedavisi<\/span><\/li><li class=\"template-check clearfix\">\n\t\t\t<span>Ameliyats\u0131z Pilonidal Sin\u00fcs Tedavisi<\/span><\/li><li class=\"template-check clearfix\">\n\t\t\t<span>Ameliyats\u0131z Anal Fiss\u00fcr Tedavisi<\/span><\/li><li class=\"template-check clearfix\">\n\t\t\t<span>Ameliyats\u0131z Anal Fist\u00fcl Tedavisi<\/span><\/li><li class=\"template-check clearfix\">\n\t\t\t<span>Genital Si\u011fil Tedavisi<\/span><\/li><li class=\"template-check  clearfix\">\n\t\t\t<span>Rektal Sarkma<\/span><\/li> <\/span><\/span><span style=\"font-family: inherit; font-size: inherit;\"><span style=\"vertical-align: inherit;\"><span style=\"vertical-align: inherit;\"><\/ul><\/span><\/span><\/span><\/td>\r\n<\/tr>\r\n<tr>\r\n<td><\/td>\r\n<td><\/td>\r\n<\/tr>\r\n<tr>\r\n<td><\/td>\r\n<td><\/td>\r\n<\/tr>\r\n<\/tbody>\r\n<\/table><div class=\"item-footer clearfix\"><a title=\"Dr. Okan SATI\u015e\" href=\"https:\/\/avrupacerrahi.net\/bg\/doctors\/dr-okan-satis\/\" class=\"mc-button more light template-arrow-horizontal-1-after\">PROFILE<\/a><\/div><\/div><\/div>\n\t\t\t\t<\/div><\/ul><ul class=\"tabs-navigation isotope-filters clearfix\"><li>\n\t\t\t\t\t\t\t<a href=\"#filter-doktorlarimiz\" title=\"\u041d\u0430\u0448\u0438\u0442\u0435 \u041b\u0435\u043a\u0430\u0440\u0438\">\u041d\u0430\u0448\u0438\u0442\u0435 \u041b\u0435\u043a\u0430\u0440\u0438<\/a>\n\t\t\t\t\t\t<\/li><\/ul><ul class=\"mc-gallery gallery-3-columns dm_filters\"><li class=\"doktorlarimiz\" id=\"gallery-item-op-dr-yasir-gozu\">\n\t\t\t\t\t<div class=\"gallery-box gallery-box-1 hover-icons-off\"><span class=\"mc-preloader\"><\/span><img loading=\"lazy\" decoding=\"async\" width=\"390\" height=\"260\" src=\"https:\/\/avrupacerrahi.net\/bg\/wp-content\/uploads\/2020\/11\/dr-yasir-gozu-390x260.jpg\" class=\"mc-preload wp-post-image\" alt=\"Op. Dr. Yasir G\u00d6Z\u00dc\" title=\"\" srcset=\"https:\/\/avrupacerrahi.net\/bg\/wp-content\/uploads\/2020\/11\/dr-yasir-gozu-390x260.jpg 390w, https:\/\/avrupacerrahi.net\/bg\/wp-content\/uploads\/2020\/11\/dr-yasir-gozu-670x446.jpg 670w, https:\/\/avrupacerrahi.net\/bg\/wp-content\/uploads\/2020\/11\/dr-yasir-gozu-600x400.jpg 600w, https:\/\/avrupacerrahi.net\/bg\/wp-content\/uploads\/2020\/11\/dr-yasir-gozu-480x320.jpg 480w, https:\/\/avrupacerrahi.net\/bg\/wp-content\/uploads\/2020\/11\/dr-yasir-gozu-285x190.jpg 285w\" sizes=\"auto, (max-width: 390px) 100vw, 390px\" \/>\n\t\t\t\t\t\t<div class=\"description\">\n\t\t\t\t\t\t\t<h4>Op. Dr. Yasir G\u00d6Z\u00dc<\/h4>\n\t\t\t\t\t\t\t<h5>\u041e\u0431\u0449 \u0425\u0438\u0440\u0443\u0440\u0433-\u041f\u0440\u043e\u043a\u0442\u043e\u043b\u043e\u0433<\/h5>\n\t\t\t\t\t\t<\/div><ul class=\"social-icons clearfix\"><li><a class=\"social-facebook\" href=\"https:\/\/www.facebook.com\/avrupacerrahi\" target=\"_blank\" title=\"\">&nbsp;<\/a><\/li><li><a class=\"social-twitter\" href=\"https:\/\/twitter.com\/avrupa_cerrahi\" target=\"_blank\" title=\"\">&nbsp;<\/a><\/li><li><a class=\"social-instagram\" href=\"https:\/\/www.instagram.com\/avrupacerrahi\/\" target=\"_blank\" title=\"\">&nbsp;<\/a><\/li><li><a class=\"social-youtube\" href=\"https:\/\/www.youtube.com\/channel\/UCcW_WrRYLtOI6xDH376Wi8g\" target=\"_blank\" title=\"\">&nbsp;<\/a><\/li><\/ul>\n\t\t\t\t\t\t<ul class=\"controls\">\n\t\t\t\t\t\t\t<li>\n\t\t\t\t\t\t\t\t<a href=\"#gallery-details-op-dr-yasir-gozu\" class=\"template-menu-2 open-details\"><\/a>\n\t\t\t\t\t\t\t<\/li><li><a href=\"http:\/\/quanticalabs.com?iframe=true\" class=\"template-plus-2 fancybox-iframe open-iframe-lightbox\" rel=\"mcgallery[loop]\"><\/a>\n\t\t\t\t\t<\/li><\/ul><\/div><\/li><li class=\"doktorlarimiz\" id=\"gallery-item-op-dr-hatice-sahin\">\n\t\t\t\t\t<div class=\"gallery-box gallery-box-2 hover-icons-off\"><span class=\"mc-preloader\"><\/span><img loading=\"lazy\" decoding=\"async\" width=\"390\" height=\"260\" src=\"https:\/\/avrupacerrahi.net\/bg\/wp-content\/uploads\/2020\/11\/dr-hatice-sahin-390x260.jpg\" class=\"mc-preload wp-post-image\" alt=\"Op. Dr. Hatice \u015eAH\u0130N\" title=\"\" srcset=\"https:\/\/avrupacerrahi.net\/bg\/wp-content\/uploads\/2020\/11\/dr-hatice-sahin-390x260.jpg 390w, https:\/\/avrupacerrahi.net\/bg\/wp-content\/uploads\/2020\/11\/dr-hatice-sahin-670x446.jpg 670w, https:\/\/avrupacerrahi.net\/bg\/wp-content\/uploads\/2020\/11\/dr-hatice-sahin-600x400.jpg 600w, https:\/\/avrupacerrahi.net\/bg\/wp-content\/uploads\/2020\/11\/dr-hatice-sahin-480x320.jpg 480w, https:\/\/avrupacerrahi.net\/bg\/wp-content\/uploads\/2020\/11\/dr-hatice-sahin-285x190.jpg 285w\" sizes=\"auto, (max-width: 390px) 100vw, 390px\" \/>\n\t\t\t\t\t\t<div class=\"description\">\n\t\t\t\t\t\t\t<h4>Op. Dr. Hatice \u015eAH\u0130N<\/h4>\n\t\t\t\t\t\t\t<h5>\u041e\u0431\u0449 \u0425\u0438\u0440\u0443\u0440\u0433-\u041f\u0440\u043e\u043a\u0442\u043e\u043b\u043e\u0433<\/h5>\n\t\t\t\t\t\t<\/div><ul class=\"social-icons clearfix\"><li><a class=\"social-facebook\" href=\"https:\/\/www.facebook.com\/avrupacerrahi\" target=\"_blank\" title=\"\">&nbsp;<\/a><\/li><li><a class=\"social-twitter\" href=\"https:\/\/twitter.com\/avrupa_cerrahi\" target=\"_blank\" title=\"\">&nbsp;<\/a><\/li><li><a class=\"social-instagram\" href=\"https:\/\/www.instagram.com\/avrupacerrahi\/\" target=\"_blank\" title=\"\">&nbsp;<\/a><\/li><li><a class=\"social-youtube\" href=\"https:\/\/www.youtube.com\/channel\/UCcW_WrRYLtOI6xDH376Wi8g\" target=\"_blank\" title=\"\">&nbsp;<\/a><\/li><\/ul>\n\t\t\t\t\t\t<ul class=\"controls\">\n\t\t\t\t\t\t\t<li>\n\t\t\t\t\t\t\t\t<a href=\"#gallery-details-op-dr-hatice-sahin\" class=\"template-menu-2 open-details\"><\/a>\n\t\t\t\t\t\t\t<\/li><li><a href=\"http:\/\/quanticalabs.com?iframe=true\" class=\"template-plus-2 fancybox-iframe open-iframe-lightbox\" rel=\"mcgallery[loop]\"><\/a>\n\t\t\t\t\t<\/li><\/ul><\/div><\/li><li class=\"doktorlarimiz\" id=\"gallery-item-dr-okan-satis\">\n\t\t\t\t\t<div class=\"gallery-box gallery-box-3 hover-icons-off\"><span class=\"mc-preloader\"><\/span><img loading=\"lazy\" decoding=\"async\" width=\"390\" height=\"260\" src=\"https:\/\/avrupacerrahi.net\/bg\/wp-content\/uploads\/2020\/11\/dr-okan-satis-1-390x260.jpg\" class=\"mc-preload wp-post-image\" alt=\"Dr. Okan SATI\u015e\" title=\"\" srcset=\"https:\/\/avrupacerrahi.net\/bg\/wp-content\/uploads\/2020\/11\/dr-okan-satis-1-390x260.jpg 390w, https:\/\/avrupacerrahi.net\/bg\/wp-content\/uploads\/2020\/11\/dr-okan-satis-1-670x446.jpg 670w, https:\/\/avrupacerrahi.net\/bg\/wp-content\/uploads\/2020\/11\/dr-okan-satis-1-600x400.jpg 600w, https:\/\/avrupacerrahi.net\/bg\/wp-content\/uploads\/2020\/11\/dr-okan-satis-1-480x320.jpg 480w, https:\/\/avrupacerrahi.net\/bg\/wp-content\/uploads\/2020\/11\/dr-okan-satis-1-285x190.jpg 285w\" sizes=\"auto, (max-width: 390px) 100vw, 390px\" \/>\n\t\t\t\t\t\t<div class=\"description\">\n\t\t\t\t\t\t\t<h4>Dr. Okan SATI\u015e<\/h4>\n\t\t\t\t\t\t\t<h5>\u041e\u0431\u0449 \u0425\u0438\u0440\u0443\u0440\u0433-\u041f\u0440\u043e\u043a\u0442\u043e\u043b\u043e\u0433<\/h5>\n\t\t\t\t\t\t<\/div><ul class=\"social-icons clearfix\"><li><a class=\"social-facebook\" href=\"https:\/\/www.facebook.com\/avrupacerrahi\" target=\"_blank\" title=\"\">&nbsp;<\/a><\/li><li><a class=\"social-twitter\" href=\"https:\/\/twitter.com\/avrupa_cerrahi\" target=\"_blank\" title=\"\">&nbsp;<\/a><\/li><li><a class=\"social-instagram\" href=\"https:\/\/www.instagram.com\/avrupacerrahi\/\" target=\"_blank\" title=\"\">&nbsp;<\/a><\/li><li><a class=\"social-youtube\" href=\"https:\/\/www.youtube.com\/channel\/UCcW_WrRYLtOI6xDH376Wi8g\" target=\"_blank\" title=\"\">&nbsp;<\/a><\/li><\/ul>\n\t\t\t\t\t\t<ul class=\"controls\">\n\t\t\t\t\t\t\t<li>\n\t\t\t\t\t\t\t\t<a href=\"#gallery-details-dr-okan-satis\" class=\"template-menu-2 open-details\"><\/a>\n\t\t\t\t\t\t\t<\/li><li><a href=\"http:\/\/quanticalabs.com?iframe=true\" class=\"template-plus-2 fancybox-iframe open-iframe-lightbox\" rel=\"mcgallery[loop]\"><\/a>\n\t\t\t\t\t<\/li><\/ul><\/div><\/li><\/ul>[\/vc_column][\/vc_row]<\/p>\n","protected":false},"excerpt":{"rendered":"<p>[vc_row top_margin=&#8221;page-margin-top&#8221; el_position=&#8221;first last&#8221;][vc_column][\/vc_column][\/vc_row]<\/p>\n","protected":false},"author":1,"featured_media":0,"parent":0,"menu_order":0,"comment_status":"open","ping_status":"open","template":"","meta":{"footnotes":""},"class_list":["post-394","page","type-page","status-publish","hentry"],"aioseo_notices":[],"_links":{"self":[{"href":"https:\/\/avrupacerrahi.net\/bg\/wp-json\/wp\/v2\/pages\/394","targetHints":{"allow":["GET"]}}],"collection":[{"href":"https:\/\/avrupacerrahi.net\/bg\/wp-json\/wp\/v2\/pages"}],"about":[{"href":"https:\/\/avrupacerrahi.net\/bg\/wp-json\/wp\/v2\/types\/page"}],"author":[{"embeddable":true,"href":"https:\/\/avrupacerrahi.net\/bg\/wp-json\/wp\/v2\/users\/1"}],"replies":[{"embeddable":true,"href":"https:\/\/avrupacerrahi.net\/bg\/wp-json\/wp\/v2\/comments?post=394"}],"version-history":[{"count":0,"href":"https:\/\/avrupacerrahi.net\/bg\/wp-json\/wp\/v2\/pages\/394\/revisions"}],"wp:attachment":[{"href":"https:\/\/avrupacerrahi.net\/bg\/wp-json\/wp\/v2\/media?parent=394"}],"curies":[{"name":"wp","href":"https:\/\/api.w.org\/{rel}","templated":true}]}}