{"id":4016,"date":"2020-11-27T10:47:08","date_gmt":"2020-11-27T07:47:08","guid":{"rendered":"https:\/\/avrupacerrahi.com.tr\/sd\/?page_id=4016"},"modified":"2024-12-16T15:11:58","modified_gmt":"2024-12-16T12:11:58","slug":"%d0%b7%d0%b0%d0%bf%d0%b8%d1%88%d0%b5%d1%82%d0%b5-%d1%87%d0%b0%d1%81","status":"publish","type":"page","link":"https:\/\/avrupacerrahi.net\/bg\/%d0%b7%d0%b0%d0%bf%d0%b8%d1%88%d0%b5%d1%82%d0%b5-%d1%87%d0%b0%d1%81\/","title":{"rendered":"\u0417\u0410\u041f\u0418\u0428\u0415\u0422\u0415 \u0427\u0410\u0421"},"content":{"rendered":"<p>[vc_row][vc_column][vc_custom_heading text=&#8221;\u041b\u0415\u0421\u041d\u041e \u0421\u0418 \u0423\u0413\u041e\u0412\u041e\u0420\u0415\u0422\u0415 \u0427\u0410\u0421&#8221; google_fonts=&#8221;font_family:Source%20Sans%20Pro%3A200%2C200italic%2C300%2C300italic%2Cregular%2Citalic%2C600%2C600italic%2C700%2C700italic%2C900%2C900italic|font_style:400%20regular%3A400%3Anormal&#8221;][\/vc_column][\/vc_row][vc_row][vc_column width=&#8221;1\/4&#8243;][vc_empty_space height=&#8221;38px&#8221;]<ul class=\"clearfix mc-features mc-features-large mc-features-style-light\"><li class=\"item-content clearfix\">\r\n\t\t\t\t<a class=\"hexagon animated-element animation-0\" href=\"https:\/\/avrupacerrahi.net\/bg\/features\/%d0%ba%d0%be%d0%bb-%d1%86%d0%b5%d0%bd%d1%82%d1%8a%d1%80\/\" title=\"\u041a\u043e\u043b \u0446\u0435\u043d\u0442\u044a\u0440\"><span class=\"features-phone\"><\/span><\/a><div class=\"text\"><h3><a href=\"https:\/\/avrupacerrahi.net\/bg\/features\/%d0%ba%d0%be%d0%bb-%d1%86%d0%b5%d0%bd%d1%82%d1%8a%d1%80\/\"  title=\"\u041a\u043e\u043b \u0446\u0435\u043d\u0442\u044a\u0440\">\u041a\u043e\u043b \u0446\u0435\u043d\u0442\u044a\u0440<\/a><\/h3><p>+90 536 887 21 81<\/p>\n<\/div>\r\n\t\t\t<\/li><\/ul>[vc_separator css=&#8221;.vc_custom_1606464288786{margin-top: 10px !important;}&#8221;]<ul class=\"clearfix mc-features mc-features-large mc-features-style-light\"><li class=\"item-content clearfix\">\r\n\t\t\t\t<a class=\"hexagon animated-element animation-0\" href=\"https:\/\/avrupacerrahi.net\/bg\/features\/levent-%d0%b0%d0%b4%d1%80%d0%b5%d1%81\/\" title=\"Levent \u0410\u0434\u0440\u0435\u0441\"><span class=\"features-map\"><\/span><\/a><div class=\"text\"><h3><a href=\"https:\/\/avrupacerrahi.net\/bg\/features\/levent-%d0%b0%d0%b4%d1%80%d0%b5%d1%81\/\"  title=\"Levent \u0410\u0434\u0440\u0435\u0441\">Levent \u0410\u0434\u0440\u0435\u0441<\/a><\/h3><p>Levent Mahallesi, Levent Caddesi No:4, 34330 Be\u015fikta\u015f \/ \u0130stanbul<\/p>\n<\/div>\r\n\t\t\t<\/li><\/ul><ul class=\"clearfix mc-features mc-features-large mc-features-style-light\"><li class=\"item-content clearfix\">\r\n\t\t\t\t<a class=\"hexagon animated-element animation-0\" href=\"https:\/\/avrupacerrahi.net\/bg\/features\/bakirkoy-%d0%b0%d0%b4%d1%80%d0%b5%d1%81\/\" title=\"Bak\u0131rk\u00f6y \u0410\u0434\u0440\u0435\u0441\"><span class=\"features-map\"><\/span><\/a><div class=\"text\"><h3><a href=\"https:\/\/avrupacerrahi.net\/bg\/features\/bakirkoy-%d0%b0%d0%b4%d1%80%d0%b5%d1%81\/\"  title=\"Bak\u0131rk\u00f6y \u0410\u0434\u0440\u0435\u0441\">Bak\u0131rk\u00f6y \u0410\u0434\u0440\u0435\u0441<\/a><\/h3><p>Kartaltepe Mah. \u0130ncirli Cad. No:26 Bak\u0131rk\u00f6y \/ \u0130STANBUL<\/p>\n<\/div>\r\n\t\t\t<\/li><\/ul>[vc_separator css=&#8221;.vc_custom_1606464300261{margin-top: 10px !important;}&#8221;]<ul class=\"clearfix mc-features mc-features-large mc-features-style-light\"><li class=\"item-content clearfix\">\r\n\t\t\t\t<a class=\"hexagon animated-element animation-0\" href=\"https:\/\/avrupacerrahi.net\/bg\/features\/kadikoy-%d0%b0%d0%b4%d1%80%d0%b5%d1%81\/\" title=\"Kad\u0131koy \u0410\u0434\u0440\u0435\u0441\"><span class=\"features-map\"><\/span><\/a><div class=\"text\"><h3><a href=\"https:\/\/avrupacerrahi.net\/bg\/features\/kadikoy-%d0%b0%d0%b4%d1%80%d0%b5%d1%81\/\"  title=\"Kad\u0131koy \u0410\u0434\u0440\u0435\u0441\">Kad\u0131koy \u0410\u0434\u0440\u0435\u0441<\/a><\/h3><p>Ba\u011fdat Cad. \u015eim\u015fek Sok. No:2 Kat:4 Caddebostan Kad\u0131k\u00f6y \/ \u0130STANBUL<\/p>\n<\/div>\r\n\t\t\t<\/li><\/ul>[\/vc_column][vc_column width=&#8221;3\/4&#8243;]\n<div class=\"wpcf7 no-js\" id=\"wpcf7-f7007-o1\" lang=\"en-US\" dir=\"ltr\" data-wpcf7-id=\"7007\">\n<div class=\"screen-reader-response\"><p role=\"status\" aria-live=\"polite\" aria-atomic=\"true\"><\/p> <ul><\/ul><\/div>\n<form action=\"\/bg\/wp-json\/wp\/v2\/pages\/4016#wpcf7-f7007-o1\" method=\"post\" class=\"wpcf7-form init\" aria-label=\"Contact form\" novalidate=\"novalidate\" data-status=\"init\">\n<fieldset class=\"hidden-fields-container\"><input type=\"hidden\" name=\"_wpcf7\" value=\"7007\" \/><input type=\"hidden\" name=\"_wpcf7_version\" value=\"6.1.3\" \/><input type=\"hidden\" name=\"_wpcf7_locale\" value=\"en_US\" \/><input type=\"hidden\" name=\"_wpcf7_unit_tag\" value=\"wpcf7-f7007-o1\" \/><input type=\"hidden\" name=\"_wpcf7_container_post\" value=\"0\" \/><input type=\"hidden\" name=\"_wpcf7_posted_data_hash\" value=\"\" \/><input type=\"hidden\" name=\"_wpcf7_recaptcha_response\" value=\"\" \/>\n<\/fieldset>\n<div class=\"uacf7-form-wrapper-container uacf7-form-7007  \"><div class=\"ey-forms\" style=\"width:100%;\"><span class=\"wpcf7-form-control-wrap\" data-name=\"text-312\"><input size=\"40\" maxlength=\"400\" class=\"wpcf7-form-control wpcf7-text wpcf7-validates-as-required\" aria-required=\"true\" aria-invalid=\"false\" placeholder=\"\u0412\u0430\u0448\u0435\u0442\u043e \u0438\u043c\u0435 \u0438 \u0444\u0430\u043c\u0438\u043b\u0438\u044f\" value=\"\" type=\"text\" name=\"text-312\" \/><\/span><\/div>\n<div class=\"ey-forms\" style=\"width:100%;\"><span class=\"wpcf7-form-control-wrap\" data-name=\"tel-756\"><input size=\"40\" maxlength=\"400\" class=\"wpcf7-form-control wpcf7-tel wpcf7-validates-as-required wpcf7-text wpcf7-validates-as-tel\" aria-required=\"true\" aria-invalid=\"false\" placeholder=\"\u0412\u0430\u0448\u0438\u044f\u0442 \u0442\u0435\u043b\u0435\u0444\u043e\u043d\u0435\u043d \u043d\u043e\u043c\u0435\u0440\" value=\"\" type=\"tel\" name=\"tel-756\" \/><\/span><\/div>\n<div class=\"ey-forms\" style=\"width:100%;\"><span class=\"wpcf7-form-control-wrap\" data-name=\"datetime\"><input size=\"40\" maxlength=\"400\" class=\"wpcf7-form-control wpcf7-text walcf7-datetimepicker\" aria-invalid=\"false\" value=\"\u0412\u0440\u0435\u043c\u0435 \u0437\u0430 \u043d\u0430\u0437\u043d\u0430\u0447\u0430\u0432\u0430\u043d\u0435\" type=\"text\" name=\"datetime\" \/><\/span><\/div>\n<div class=\"ey-forms-he\" style=\"width:100%;\"><span class=\"wpcf7-form-control-wrap\" data-name=\"text-751\"><input size=\"40\" maxlength=\"400\" class=\"wpcf7-form-control wpcf7-text\" aria-invalid=\"false\" placeholder=\"\u0412\u0430\u0448\u0435\u0442\u043e \u0441\u044a\u043e\u0431\u0449\u0435\u043d\u0438\u0435\" value=\"\" type=\"text\" name=\"text-751\" \/><\/span><\/div>\n\n\n\n<div class=\"button-ey\" style=\"width:100%;\"><input class=\"wpcf7-form-control wpcf7-submit has-spinner\" type=\"submit\" value=\"\u0418\u0437\u043f\u0440\u0430\u0442\u0438\" \/><\/div>\n\n\n<style>\ninput, textarea{\nwidth: 100%!important;\nborder: none;\npadding: 16px;\nborder-bottom: 2px solid #3574ac;\n}\n.button-ey input {\nbackground-color: #3574ac;\n    color: white;\n    font-size: 16px;\n    font-weight: 900;\n    margin-top: 20px;\n}\n.button-ey input {\nbackground-color: #1c4b75!important;\n\n}\n.ey-forms {\nmargin-bottom: 15px;\n}\n.ey-forms-he input{\nheight: 80px!important;\n}\n\n<\/style><\/div><input type='hidden' class='wpcf7-pum' value='{\"closepopup\":false,\"closedelay\":0,\"openpopup\":false,\"openpopup_id\":0}' \/><div class=\"wpcf7-response-output\" aria-hidden=\"true\"><\/div>\n<\/form>\n<\/div>\n[\/vc_column][\/vc_row]<\/p>\n","protected":false},"excerpt":{"rendered":"<p>[vc_row][vc_column][vc_custom_heading text=&#8221;\u041b\u0415\u0421\u041d\u041e \u0421\u0418 \u0423\u0413\u041e\u0412\u041e\u0420\u0415\u0422\u0415 \u0427\u0410\u0421&#8221; google_fonts=&#8221;font_family:Source%20Sans%20Pro%3A200%2C200italic%2C300%2C300italic%2Cregular%2Citalic%2C600%2C600italic%2C700%2C700italic%2C900%2C900italic|font_style:400%20regular%3A400%3Anormal&#8221;][\/vc_column][\/vc_row][vc_row][vc_column width=&#8221;1\/4&#8243;][vc_empty_space height=&#8221;38px&#8221;][vc_separator css=&#8221;.vc_custom_1606464288786{margin-top: 10px !important;}&#8221;][vc_separator css=&#8221;.vc_custom_1606464300261{margin-top: 10px !important;}&#8221;][\/vc_column][vc_column width=&#8221;3\/4&#8243;][\/vc_column][\/vc_row]<\/p>\n","protected":false},"author":1,"featured_media":0,"parent":0,"menu_order":0,"comment_status":"closed","ping_status":"closed","template":"","meta":{"footnotes":""},"class_list":["post-4016","page","type-page","status-publish","hentry"],"aioseo_notices":[],"_links":{"self":[{"href":"https:\/\/avrupacerrahi.net\/bg\/wp-json\/wp\/v2\/pages\/4016","targetHints":{"allow":["GET"]}}],"collection":[{"href":"https:\/\/avrupacerrahi.net\/bg\/wp-json\/wp\/v2\/pages"}],"about":[{"href":"https:\/\/avrupacerrahi.net\/bg\/wp-json\/wp\/v2\/types\/page"}],"author":[{"embeddable":true,"href":"https:\/\/avrupacerrahi.net\/bg\/wp-json\/wp\/v2\/users\/1"}],"replies":[{"embeddable":true,"href":"https:\/\/avrupacerrahi.net\/bg\/wp-json\/wp\/v2\/comments?post=4016"}],"version-history":[{"count":3,"href":"https:\/\/avrupacerrahi.net\/bg\/wp-json\/wp\/v2\/pages\/4016\/revisions"}],"predecessor-version":[{"id":7008,"href":"https:\/\/avrupacerrahi.net\/bg\/wp-json\/wp\/v2\/pages\/4016\/revisions\/7008"}],"wp:attachment":[{"href":"https:\/\/avrupacerrahi.net\/bg\/wp-json\/wp\/v2\/media?parent=4016"}],"curies":[{"name":"wp","href":"https:\/\/api.w.org\/{rel}","templated":true}]}}