{"id":4016,"date":"2020-11-27T10:47:08","date_gmt":"2020-11-27T07:47:08","guid":{"rendered":"https:\/\/avrupacerrahi.com.tr\/sd\/?page_id=4016"},"modified":"2023-06-10T12:49:39","modified_gmt":"2023-06-10T09:49:39","slug":"%d8%aa%d8%ad%d8%af%d9%8a%d8%af-%d9%85%d9%88%d8%b9%d8%af","status":"publish","type":"page","link":"https:\/\/avrupacerrahi.net\/far\/%d8%aa%d8%ad%d8%af%d9%8a%d8%af-%d9%85%d9%88%d8%b9%d8%af\/","title":{"rendered":"\u062a\u0639\u06cc\u06cc\u0646 \u0648\u0642\u062a \u0642\u0628\u0644\u06cc"},"content":{"rendered":"<p>[vc_row][vc_column][vc_custom_heading text=&#8221;\u0628\u0647 \u0631\u0627\u062d\u062a\u06cc \u0648\u0642\u062a \u0642\u0628\u0644\u06cc \u062a\u0639\u06cc\u06cc\u0646 \u06a9\u0646\u06cc\u062f&#8221; google_fonts=&#8221;font_family:Source%20Sans%20Pro%3A200%2C200italic%2C300%2C300italic%2Cregular%2Citalic%2C600%2C600italic%2C700%2C700italic%2C900%2C900italic|font_style:400%20regular%3A400%3Anormal&#8221;][\/vc_column][\/vc_row][vc_row][vc_column width=&#8221;1\/4&#8243;][vc_empty_space height=&#8221;38px&#8221;]<ul class=\"clearfix mc-features mc-features-large mc-features-style-light\"><li class=\"item-content clearfix\">\r\n\t\t\t\t<a class=\"hexagon animated-element animation-0\" href=\"https:\/\/avrupacerrahi.net\/far\/features\/cagri-merkezi\/\" title=\"\u067e\u0634\u062a\u06cc\u0628\u0627\u0646\u06cc\"><span class=\"features-phone\"><\/span><\/a><div class=\"text\"><h3><a href=\"https:\/\/avrupacerrahi.net\/far\/features\/cagri-merkezi\/\"  title=\"\u067e\u0634\u062a\u06cc\u0628\u0627\u0646\u06cc\">\u067e\u0634\u062a\u06cc\u0628\u0627\u0646\u06cc<\/a><\/h3><p>905368592181+<\/p>\n<\/div>\r\n\t\t\t<\/li><\/ul>[vc_separator css=&#8221;.vc_custom_1606464288786{margin-top: 10px !important;}&#8221;]<ul class=\"clearfix mc-features mc-features-large mc-features-style-light\"><li class=\"item-content clearfix\">\r\n\t\t\t\t<a class=\"hexagon animated-element animation-0\" href=\"https:\/\/avrupacerrahi.net\/far\/features\/bakirkoy-adres\/\" title=\"Bak\u0131rk\u00f6y Adres\"><span class=\"features-map\"><\/span><\/a><div class=\"text\"><h3><a href=\"https:\/\/avrupacerrahi.net\/far\/features\/bakirkoy-adres\/\"  title=\"Bak\u0131rk\u00f6y Adres\">Bak\u0131rk\u00f6y Adres<\/a><\/h3><p>Kartaltepe Mah. \u0130ncirli Cad. No:26 Bak\u0131rk\u00f6y \/ \u0130STANBUL<\/p>\n<\/div>\r\n\t\t\t<\/li><\/ul>[vc_separator css=&#8221;.vc_custom_1606464300261{margin-top: 10px !important;}&#8221;]<ul class=\"clearfix mc-features mc-features-large mc-features-style-light\"><li class=\"item-content clearfix\">\r\n\t\t\t\t<a class=\"hexagon animated-element animation-0\" href=\"https:\/\/avrupacerrahi.net\/far\/features\/kadikoy-adres\/\" title=\"Kad\u0131k\u00f6y Adres\"><span class=\"features-map\"><\/span><\/a><div class=\"text\"><h3><a href=\"https:\/\/avrupacerrahi.net\/far\/features\/kadikoy-adres\/\"  title=\"Kad\u0131k\u00f6y Adres\">Kad\u0131k\u00f6y Adres<\/a><\/h3><p>Ba\u011fdat Cad. \u015eim\u015fek Sok. No:2 Kat:4 Caddebostan Kad\u0131k\u00f6y \/ \u0130STANBUL<\/p>\n<\/div>\r\n\t\t\t<\/li><\/ul>[\/vc_column][vc_column width=&#8221;3\/4&#8243;]\n<div class=\"wpcf7 no-js\" id=\"wpcf7-f5565-o1\" lang=\"tr-TR\" dir=\"ltr\" data-wpcf7-id=\"5565\">\n<div class=\"screen-reader-response\"><p role=\"status\" aria-live=\"polite\" aria-atomic=\"true\"><\/p> <ul><\/ul><\/div>\n<form action=\"\/far\/wp-json\/wp\/v2\/pages\/4016#wpcf7-f5565-o1\" method=\"post\" class=\"wpcf7-form init\" aria-label=\"\u0130leti\u015fim Formu\" novalidate=\"novalidate\" data-status=\"init\">\n<fieldset class=\"hidden-fields-container\"><input type=\"hidden\" name=\"_wpcf7\" value=\"5565\" \/><input type=\"hidden\" name=\"_wpcf7_version\" value=\"6.1.5\" \/><input type=\"hidden\" name=\"_wpcf7_locale\" value=\"tr_TR\" \/><input type=\"hidden\" name=\"_wpcf7_unit_tag\" value=\"wpcf7-f5565-o1\" \/><input type=\"hidden\" name=\"_wpcf7_container_post\" value=\"0\" \/><input type=\"hidden\" name=\"_wpcf7_posted_data_hash\" value=\"\" \/>\n<\/fieldset>\n<div class=\"ey-forms\" style=\"width:100%;\">\n\t<p><span class=\"wpcf7-form-control-wrap\" data-name=\"text-312\"><input size=\"40\" maxlength=\"400\" class=\"wpcf7-form-control wpcf7-text wpcf7-validates-as-required\" aria-required=\"true\" aria-invalid=\"false\" placeholder=\"\u0646\u0627\u0645 \u060c \u0646\u0627\u0645 \u062e\u0627\u0646\u0648\u0627\u062f\u06af\u06cc\" value=\"\" type=\"text\" name=\"text-312\" \/><\/span>\n\t<\/p>\n<\/div>\n<div class=\"ey-forms\" style=\"width:100%;\">\n\t<p><span class=\"wpcf7-form-control-wrap\" data-name=\"phonetext-75\"><input size=\"40\" class=\"wpcf7-form-control wpcf7-phonetext wpcf7-validates-as-required wpcf7-text wpcf7-validates-as-phonetext\" aria-required=\"true\" aria-invalid=\"false\" value=\"+98\" type=\"text\" name=\"phonetext-75\" \/><input type=\"hidden\" name=\"phonetext-75-country-code\" class=\"wpcf7-phonetext-country-code\" \/><\/span>\n\t<\/p>\n<\/div>\n<div class=\"ey-forms\" style=\"width:100%;\">\n\t<p><span class=\"wpcf7-form-control-wrap\" data-name=\"date-322\"><input class=\"wpcf7-form-control wpcf7-date wpcf7-validates-as-date\" aria-invalid=\"false\" value=\"\" type=\"date\" name=\"date-322\" \/><\/span>\n\t<\/p>\n<\/div>\n<div class=\"ey-forms-he\" style=\"width:100%;\">\n\t<p><span class=\"wpcf7-form-control-wrap\" data-name=\"text-751\"><input size=\"40\" maxlength=\"400\" class=\"wpcf7-form-control wpcf7-text\" aria-invalid=\"false\" placeholder=\"\u067e\u06cc\u0627\u0645\u06a9\" value=\"\" type=\"text\" name=\"text-751\" \/><\/span>\n\t<\/p>\n<\/div>\n<div class=\"button-ey\" style=\"width:100%;\">\n\t<p><input class=\"wpcf7-form-control wpcf7-submit has-spinner\" type=\"submit\" value=\"\u0628\u0641\u0631\u0633\u062a\u06cc\u062f\" \/>\n\t<\/p>\n<\/div>\n<style>\ninput, textarea{\nwidth: 100%!important;\nborder: none;\npadding: 16px;\nborder-bottom: 2px solid #3574ac;\n}\n.button-ey input {\nbackground-color: #3574ac;\n color: white;\n font-size: 16px;\n font-weight: 900;\n margin-top: 20px;\n}\n.button-ey input {\nbackground-color: #1c4b75!important;\n\n}\n.ey-forms {\nmargin-bottom: 15px;\n}\n.ey-forms-he input{\nheight: 80px!important;\n}\n<\/style><input type='hidden' class='wpcf7-pum' value='{\"closepopup\":false,\"closedelay\":0,\"openpopup\":false,\"openpopup_id\":0}' \/><div class=\"wpcf7-response-output\" aria-hidden=\"true\"><\/div>\n<\/form>\n<\/div>\n[\/vc_column][\/vc_row]<\/p>\n","protected":false},"excerpt":{"rendered":"<p>[vc_row][vc_column][vc_custom_heading text=&#8221;\u0628\u0647 \u0631\u0627\u062d\u062a\u06cc \u0648\u0642\u062a \u0642\u0628\u0644\u06cc \u062a\u0639\u06cc\u06cc\u0646 \u06a9\u0646\u06cc\u062f&#8221; google_fonts=&#8221;font_family:Source%20Sans%20Pro%3A200%2C200italic%2C300%2C300italic%2Cregular%2Citalic%2C600%2C600italic%2C700%2C700italic%2C900%2C900italic|font_style:400%20regular%3A400%3Anormal&#8221;][\/vc_column][\/vc_row][vc_row][vc_column width=&#8221;1\/4&#8243;][vc_empty_space height=&#8221;38px&#8221;][vc_separator css=&#8221;.vc_custom_1606464288786{margin-top: 10px !important;}&#8221;][vc_separator css=&#8221;.vc_custom_1606464300261{margin-top: 10px !important;}&#8221;][\/vc_column][vc_column width=&#8221;3\/4&#8243;][\/vc_column][\/vc_row]<\/p>\n","protected":false},"author":1,"featured_media":0,"parent":0,"menu_order":0,"comment_status":"closed","ping_status":"closed","template":"","meta":{"footnotes":""},"class_list":["post-4016","page","type-page","status-publish","hentry"],"aioseo_notices":[],"_links":{"self":[{"href":"https:\/\/avrupacerrahi.net\/far\/wp-json\/wp\/v2\/pages\/4016","targetHints":{"allow":["GET"]}}],"collection":[{"href":"https:\/\/avrupacerrahi.net\/far\/wp-json\/wp\/v2\/pages"}],"about":[{"href":"https:\/\/avrupacerrahi.net\/far\/wp-json\/wp\/v2\/types\/page"}],"author":[{"embeddable":true,"href":"https:\/\/avrupacerrahi.net\/far\/wp-json\/wp\/v2\/users\/1"}],"replies":[{"embeddable":true,"href":"https:\/\/avrupacerrahi.net\/far\/wp-json\/wp\/v2\/comments?post=4016"}],"version-history":[{"count":13,"href":"https:\/\/avrupacerrahi.net\/far\/wp-json\/wp\/v2\/pages\/4016\/revisions"}],"predecessor-version":[{"id":5564,"href":"https:\/\/avrupacerrahi.net\/far\/wp-json\/wp\/v2\/pages\/4016\/revisions\/5564"}],"wp:attachment":[{"href":"https:\/\/avrupacerrahi.net\/far\/wp-json\/wp\/v2\/media?parent=4016"}],"curies":[{"name":"wp","href":"https:\/\/api.w.org\/{rel}","templated":true}]}}