{"id":4029,"date":"2020-11-27T13:16:00","date_gmt":"2020-11-27T10:16:00","guid":{"rendered":"https:\/\/avrupacerrahi.com.tr\/sd\/?page_id=4029"},"modified":"2023-04-03T14:11:10","modified_gmt":"2023-04-03T11:11:10","slug":"%d8%af%d8%b1%d8%a8%d8%a7%d8%b1%d9%87-%d9%85%d8%a7","status":"publish","type":"page","link":"https:\/\/avrupacerrahi.net\/far\/%d8%af%d8%b1%d8%a8%d8%a7%d8%b1%d9%87-%d9%85%d8%a7\/","title":{"rendered":"\u062f\u0631\u0628\u0627\u0631\u0647 \u0645\u0627"},"content":{"rendered":"<p>[vc_row][vc_column][vc_empty_space height=&#8221;25px&#8221;][vc_column_text]<\/p>\n<h2><strong>\u062f\u0631\u0628\u0627\u0631\u0647 \u0645\u0627<\/strong><\/h2>\n<p>\u0645\u0627 \u0628\u0647 \u0639\u0646\u0648\u0627\u0646 \u0645\u0631\u06a9\u0632 \u067e\u0632\u0634\u06a9\u06cc \u062c\u0631\u0627\u062d\u06cc \u0627\u0631\u0648\u067e\u0627 \u060c\u0645\u06cc \u062f\u0627\u0646\u06cc\u0645 \u06a9\u0647 \u0627\u0647\u0645\u06cc\u062a \u0648 \u0627\u0631\u0632\u0634 \u0633\u0644\u0627\u0645\u062a\u06cc \u0628\u0647 \u0686\u0647 \u0645\u0639\u0646\u0627\u0633\u062a. \u0628\u0627 \u0646\u0627\u0645 \u0645\u0631\u06a9\u0632 \u067e\u0632\u0634\u06a9\u06cc \u062c\u0631\u0627\u062d\u06cc \u0627\u0631\u0648\u067e\u0627 \u0628\u0631\u0627\u06cc \u0627\u0648\u0644\u06cc\u0646 \u0628\u0627\u0631 \u0641\u0639\u0627\u0644\u06cc\u062a \u062e\u0648\u062f\u062f\u0631 \u0633\u0627\u0644 2005 \u062f\u0631 \u0645\u0646\u0637\u0642\u0647 G\u00fcne\u015fl \u0622\u063a\u0627\u0632 \u06a9\u0631\u062f\u06cc\u0645 \u0648 \u0642\u062f\u0645 \u0628\u0647 \u0642\u062f\u0645 \u0631\u0634\u062f \u06a9\u0631\u062f\u0647 \u0648 \u0633\u0644\u0627\u0645\u062a\u06cc \u0631\u0627 \u062a\u0648\u0636\u06cc\u0639 \u06a9\u0631\u062f\u06cc\u0645. \u0645\u0627 \u0627\u0632 \u0634\u0631\u0648\u0639 \u062a\u0627 \u06a9\u0646\u0648\u0646 \u067e\u06cc\u0631\u0648 \u0627\u0631\u0632\u0634 \u0647\u0627\u06cc \u0627\u062e\u0644\u0627\u0642\u06cc \u0628\u0648\u062f\u06cc\u0645 \u0648\u0647\u0633\u062a\u06cc\u0645. \u0627\u0645\u0631\u0648\u0632 \u0645\u0641\u062a\u062e\u0631 \u0647\u0633\u062a\u06cc\u0645 \u06a9\u0647 \u062f\u0631 &#8220;\u0645\u0631\u06a9\u0632 \u067e\u0631\u0648\u06a9\u062a\u0648\u0644\u0648\u0698\u06cc &#8221; \u0645\u0627\u0646 \u060c \u0628\u06cc\u0645\u0627\u0631\u0627\u0646 \u062e\u0648\u062f \u0631\u0627 \u0628\u062f\u0648\u0646 \u0628\u06cc\u0647\u0648\u0634\u06cc \u0648 \u0628\u0633\u062a\u0631\u06cc \u0634\u062f\u0646 \u062f\u0631 \u0628\u06cc\u0645\u0627\u0631\u0633\u062a\u0627\u0646 \u0628\u0627 \u0631\u0648\u0634 \u0647\u0627\u06cc \u063a\u06cc\u0631 \u062c\u0631\u0627\u062d\u06cc \u062f\u0631\u0645\u0627\u0646 \u0645\u06cc \u06a9\u0646\u06cc\u0645.<\/p>\n<p>\u0634\u0639\u0628\u0647 \u0647\u0627\u06cc \u0645\u0627 \u0648\u0627\u0642\u0639 \u062f\u0631 \u0646\u0642\u0627\u0637 \u0645\u0631\u06a9\u0632\u06cc \u0627\u0633\u062a\u0627\u0646\u0628\u0648\u0644 \u0645\u0627\u0646\u0646\u062f Bak\u0131rk\u00f6y (2018), Kad\u0131k\u00f6y (2017) \u0648 Levent \u0628\u0627 \u0627\u0631\u0627\u0626\u0647 \u062d\u0645\u0644 \u0648 \u0646\u0642\u0644 \u0622\u0633\u0627\u0646 \u062f\u0631 \u062a\u0645\u0627\u0645 \u0632\u0645\u0627\u0646\u0647\u0627. \u0628\u0627 \u0627\u0631\u0627\u0626\u0647 \u062e\u062f\u0645\u0627\u062a \u0622\u062e\u0631\u06cc\u0646 \u062a\u06a9\u0646\u0648\u0644\u0648\u0698\u06cc \u0644\u06cc\u0632\u0631 \u0628\u0627 \u062a\u06cc\u0645 \u067e\u0632\u0634\u06a9\u06cc \u0628\u0627 \u062a\u062c\u0631\u0628\u0647 \u0628\u0627 \u062f\u0631\u06a9 \u0628\u0627\u0644\u0627 \u0648 \u0633\u0631\u0648\u06cc\u0633 \u062f\u0647\u06cc \u0639\u0627\u0644\u06cc \u062f\u0631 \u062e\u062f\u0645\u062a \u0634\u0645\u0627 \u0647\u0633\u062a\u06cc\u0645.<\/p>\n<p>\u0645\u0627 \u0645\u0648\u0638\u0641 \u0628\u0647 \u0627\u0631\u0627\u0626\u0647 \u062e\u062f\u0645\u0627\u062a \u0628\u0627 \u0645\u0631\u0627\u0642\u0628\u062a \u0647\u0627\u06cc \u0628\u0647\u062f\u0627\u0634\u062a\u06cc \u062f\u0642\u06cc\u0642\u060c \u0642\u0627\u0628\u0644 \u0627\u0639\u062a\u0645\u0627\u062f \u0648 \u0628\u0627 \u0627\u0633\u062a\u0627\u0646\u062f\u0627\u0631\u062f \u0628\u0627\u0644\u0627 \u062a\u0648\u0633\u0637 \u067e\u0632\u0634\u06a9\u0627\u0646 \u0645\u062a\u062e\u0635\u0635 \u062e\u0648\u062f \u062f\u0631 \u0632\u0645\u06cc\u0646\u0647 \u0628\u06cc\u0645\u0627\u0631\u06cc \u0647\u0627\u06cc \u0628\u0648\u0627\u0633\u06cc\u0631 (<a href=\"https:\/\/avrupacerrahi.net\/far\/%d8%b1%d8%a7%d9%87%d9%87%d8%a7%db%8c-%d9%be%db%8c%d8%b4%da%af%db%8c%d8%b1%db%8c-%d8%a7%d8%b2-%d9%87%d9%85%d9%88%d8%b1%d9%88%d8%a6%db%8c%d8%af-%da%86%db%8c%d8%b3%d8%aa%d8%9f\/\">\u0647\u0645\u0648\u0631\u0648\u0626\u06cc\u062f<\/a>)\u060c \u06a9\u06cc\u0633\u062a \u0645\u0648\u06cc\u06cc(\u0633\u06cc\u0646\u0648\u0633 \u067e\u06cc\u0644\u0648\u0646\u06cc\u062f\u0627\u0644)\u060c \u0634\u0642\u0627\u0642 \u0645\u0642\u0639\u062f\u060c <a href=\"https:\/\/avrupacerrahi.net\/far\/%d9%81%db%8c%d8%b3%d8%aa%d9%88%d9%84-%d9%85%d9%82%d8%b9%d8%af%db%8c-%da%86%db%8c%d8%b3%d8%aa%d8%9f\/\">\u0641\u06cc\u0633\u062a\u0648\u0644<\/a> \u0645\u0642\u0639\u062f\u060c \u0632\u06af\u06cc\u0644 \u062a\u0646\u0627\u0633\u0644\u06cc (HPV) \u0647\u0633\u062a\u06cc\u0645. \u0645\u0627 \u0628\u0627 \u0627\u0641\u062a\u062e\u0627\u0631 \u0628\u0647 \u062e\u062f\u0645\u0627\u062a \u062e\u0648\u062f \u0627\u062f\u0627\u0645\u0647 \u0645\u06cc\u200c\u062f\u0647\u06cc\u0645\u060c \u0628\u0627 \u0627\u06cc\u0646 \u0627\u0641\u062a\u062e\u0627\u0631 \u06a9\u0647 \u0645\u06cc\u200c\u062a\u0648\u0627\u0646\u06cc\u0645 \u0628\u06cc\u0645\u0627\u0631\u0627\u0646 \u062e\u0648\u062f \u0631\u0627 \u062f\u0631 \u0647\u0645\u0627\u0646 \u0631\u0648\u0632 \u0628\u0627 \u062f\u0631\u062e\u0648\u0627\u0633\u062a \u0634\u062e\u0635\u06cc \u062e\u0648\u062f \u062f\u0631 \u0645\u0631\u06a9\u0632 \u0645\u0627\u0646 \u062f\u0631\u0645\u0627\u0646 \u06a9\u0646\u06cc\u0645\u060c \u0635\u0631\u0641 \u0646\u0638\u0631 \u0627\u0632 \u0627\u06cc\u0646\u06a9\u0647 \u0627\u0632 \u06a9\u062f\u0627\u0645 \u0645\u062d\u062f\u0648\u062f\u0647 \u06cc \u062c\u063a\u0631\u0627\u0641\u06cc\u0627\u06cc\u06cc \u0645\u0631\u0627\u062c\u0639\u0647 \u06a9\u0631\u062f\u0647 \u0627\u0646\u062f<\/p>\n<p>\u0628\u0647 \u0628\u06cc\u0645\u0627\u0631\u0627\u0646\u06cc \u06a9\u0647 \u0627\u0632 \u062e\u0627\u0631\u062c \u0627\u0632 \u06a9\u0634\u0648\u0631 \u0645\u06cc \u0622\u06cc\u0646\u062f\u061b \u0645\u0627 \u0628\u0647 \u0639\u0646\u0648\u0627\u0646 \u062e\u0627\u0646\u0648\u0627\u062f\u0647 \u0645\u0631\u06a9\u0632 \u067e\u0632\u0634\u06a9\u06cc \u062c\u0631\u0627\u062d\u06cc \u0627\u0631\u0648\u067e\u0627 \u0645\u06cc \u062f\u0627\u0646\u06cc\u0645 \u06a9\u0647 \u0627\u06cc\u0646 \u0648\u0638\u06cc\u0641\u0647 \u0645\u0627\u0633\u062a \u06a9\u0647 \u0628\u0627 \u0645\u062a\u0631\u062c\u0645\u0627\u0646 \u062e\u0648\u062f &#8220;\u0645\u0634\u0627\u0648\u0631\u0627\u0646 \u0628\u06cc\u0645\u0627\u0631&#8221; \u0631\u0627\u0647 \u062d\u0644 \u0647\u0627\u06cc\u06cc \u0628\u0631\u0627\u06cc \u0633\u0644\u0627\u0645\u062a \u0647\u0645\u0647 \u0627\u0631\u0627\u0626\u0647 \u062f\u0647\u06cc\u0645 \u0648 \u0627\u0632 \u062a\u062d\u0642\u0642 \u0627\u06cc\u0646 \u0627\u0645\u0631 \u0628\u0633\u06cc\u0627\u0631 \u062e\u0631\u0633\u0646\u062f\u06cc\u0645.<br \/>\n[\/vc_column_text][vc_separator][vc_empty_space][\/vc_column][\/vc_row][vc_row][vc_column width=&#8221;1\/2&#8243;][vc_column_text]<\/p>\n<h2><strong>\u0648\u0638\u0627\u06cc\u0641 \u0645\u0627<\/strong><\/h2>\n<p>&#8220;\u0645\u0627 \u0628\u0627 \u06a9\u0627\u0631\u06a9\u0646\u0627\u0646 \u062d\u0631\u0641\u0647 \u0627\u06cc \u0645\u0647\u0631\u0628\u0627\u0646\u060c \u0641\u0647\u0645\u06cc\u062f\u0647 \u0648 \u0648\u0627\u062c\u062f \u0634\u0631\u0627\u06cc\u0637 \u062e\u0648\u062f \u06a9\u0647 \u0647\u0645\u06cc\u0634\u0647 \u062f\u0631 \u06a9\u0646\u0627\u0631 \u0628\u06cc\u0645\u0627\u0631\u0627\u0646 \u0648 \u0628\u0633\u062a\u06af\u0627\u0646 \u0622\u0646\u0647\u0627 \u0627\u06cc\u0633\u062a\u0627\u062f\u0647 \u0627\u0646\u062f\u060c \u0631\u0648\u06cc\u06a9\u0631\u062f \u062e\u062f\u0645\u0627\u062a\u06cc \u0645\u062a\u0641\u0627\u0648\u062a \u0648 \u0642\u0627\u0628\u0644 \u0627\u0639\u062a\u0645\u0627\u062f \u0631\u0627 \u062f\u0631 \u062d\u0648\u0632\u0647 \u0633\u0644\u0627\u0645\u062a \u0627\u062a\u062e\u0627\u0630 \u0645\u06cc \u06a9\u0646\u06cc\u0645.<br \/>\n&#8221;<br \/>\n&#8220;\u0645\u0627 \u0631\u0648\u0634 \u0647\u0627\u06cc \u062f\u0631\u0645\u0627\u0646\u06cc \u062e\u0648\u062f \u0631\u0627 \u0628\u0627 \u0631\u0627\u062d\u062a \u062a\u0631\u06cc\u0646 \u0648 \u067e\u06cc\u0634\u0631\u0641\u062a\u0647 \u062a\u0631\u06cc\u0646 \u062a\u06a9\u0646\u0648\u0644\u0648\u0698\u06cc \u0627\u0631\u0627\u0626\u0647 \u0645\u06cc \u062f\u0647\u06cc\u0645 \u062a\u0627 \u0628\u06cc\u0645\u0627\u0631\u0627\u0646 \u0645\u0627 \u0628\u062a\u0648\u0627\u0646\u0646\u062f \u0628\u0647 \u0633\u0631\u0639\u062a \u0633\u0644\u0627\u0645\u062a \u062e\u0648\u062f \u0631\u0627 \u0628\u0647 \u062f\u0633\u062a \u0622\u0648\u0631\u0646\u062f.<br \/>\n&#8221;<br \/>\n&#8220;\u0628\u0627 \u0628\u0631\u062e\u0648\u0631\u062f \u0645\u062f\u0631\u0646\u060c \u0645\u062d\u062a\u0631\u0645\u0627\u0646\u0647 \u0648 \u0635\u0627\u062f\u0642\u0627\u0646\u0647 \u062e\u0648\u062f\u060c \u0628\u0647 \u0628\u06cc\u0645\u0627\u0631\u0627\u0646 \u062e\u0648\u062f \u0627\u06cc\u0646 \u0641\u0631\u0635\u062a \u0631\u0627 \u0645\u06cc \u062f\u0647\u06cc\u0645 \u06a9\u0647 \u0647\u0631 \u0632\u0645\u0627\u0646 \u06a9\u0647 \u0645\u06cc \u062e\u0648\u0627\u0647\u0646\u062f \u0628\u0647 \u0645\u0627 \u0645\u0631\u0627\u062c\u0639\u0647 \u06a9\u0646\u0646\u062f.<br \/>\n&#8221;<br \/>\n\u0645\u0627 \u0628\u0627 \u0627\u0635\u0644 \u062e\u062f\u0645\u0627\u062a \u0646\u0627\u0645\u062d\u062f\u0648\u062f \u062e\u0648\u062f\u060c \u0628\u06cc\u0645\u0627\u0631\u0627\u0646 \u0631\u0627 \u0627\u0632 \u062a\u0645\u0627\u0645 \u0645\u0646\u0627\u0637\u0642 \u0628\u0627 \u0631\u0648\u0634\u200c\u0647\u0627\u06cc \u0628\u062f\u0648\u0646 \u062c\u0631\u0627\u062d\u06cc \u060c \u0628\u06cc\u0647\u0648\u0634\u06cc \u0648 \u0628\u0633\u062a\u0631\u06cc \u0634\u062f\u0646 \u062f\u0631\u0645\u0627\u0646 \u0645\u06cc\u200c\u06a9\u0646\u06cc\u0645 \u0648 \u0627\u0637\u0645\u06cc\u0646\u0627\u0646 \u062d\u0627\u0635\u0644 \u0645\u06cc\u200c\u06a9\u0646\u06cc\u0645 \u06a9\u0647 \u0628\u0647 \u0633\u0631\u0639\u062a \u0633\u0644\u0627\u0645\u062a \u062e\u0648\u062f \u0631\u0627 \u0628\u0647 \u062f\u0633\u062a \u0645\u06cc\u200c\u0622\u0648\u0631\u0646\u062f<br \/>\n[\/vc_column_text][\/vc_column][vc_column width=&#8221;1\/2&#8243;][vc_column_text]<\/p>\n<h2><strong>\u062f\u06cc\u062f\u06af\u0627\u0647 \u0645\u0627<\/strong><\/h2>\n<p>\u0628\u0647 \u0639\u0646\u0648\u0627\u0646 \u062a\u0646\u0647\u0627 \u0645\u0631\u06a9\u0632 \u062f\u0631 \u062a\u0631\u06a9\u06cc\u0647 \u062f\u0631 \u0632\u0645\u06cc\u0646\u0647 \u067e\u0631\u0648\u06a9\u062a\u0648\u0644\u0648\u0698\u06cc\u060c \u0628\u0631\u0627\u06cc \u062a\u0648\u0632\u06cc\u0639 \u0633\u0644\u0627\u0645\u062a \u0628\u0647 \u0628\u06cc\u0645\u0627\u0631\u0627\u0646 \u062e\u0648\u062f \u062f\u0631 \u0645\u0646\u0627\u0637\u0642 \u062c\u063a\u0631\u0627\u0641\u06cc\u0627\u06cc\u06cc \u0648\u0633\u06cc\u0639 \u062a\u0631 \u0628\u0627 \u06a9\u06cc\u0641\u06cc\u062a \u062c\u0647\u0627\u0646\u06cc \u062e\u0648\u062f \u0647\u0633\u062a\u06cc\u0645.<\/p>\n<p>\u0634\u0646\u0627\u062e\u062a\u0647 \u0634\u062f\u0647 \u062f\u0631 \u0633\u0631\u0627\u0633\u0631 \u062a\u0631\u06a9\u06cc\u0647 \u0628\u0647 \u0639\u0646\u0648\u0627\u0646 \u0627\u0648\u0644\u06cc\u0646 \u0648 \u062a\u0646\u0647\u0627 \u0627\u0646\u062a\u062e\u0627\u0628 \u0628\u06cc\u0645\u0627\u0631\u0627\u0646 \u0648 \u0628\u0633\u062a\u06af\u0627\u0646 \u0622\u0646\u0647\u0627 \u062f\u0631 \u0632\u0645\u06cc\u0646\u0647 \u067e\u0631\u0648\u06a9\u062a\u0648\u0644\u0648\u0698\u06cc.<\/p>\n<p>&#8220;\u0628\u0647 \u0639\u0646\u0648\u0627\u0646 \u0645\u0631\u06a9\u0632 \u067e\u0632\u0634\u06a9\u06cc \u062c\u0631\u0627\u062d\u06cc \u0627\u0631\u0648\u067e\u0627\u060c \u062e\u062f\u0645\u0627\u062a \u0628\u0647\u062f\u0627\u0634\u062a\u06cc \u0631\u0627 \u0628\u0647 \u0639\u0646\u0648\u0627\u0646 \u06cc\u06a9 \u0646\u0647\u0627\u062f \u0646\u0645\u0648\u0646\u0647 \u0628\u0631\u0627\u06cc \u0647\u0645\u0647 \u0645\u0648\u0633\u0633\u0627\u062a \u0628\u0647\u062f\u0627\u0634\u062a\u06cc \u0628\u0647 \u062a\u0645\u0627\u0645 \u0645\u0639\u0646\u0627 \u0627\u062f\u0627\u0645\u0647 \u062f\u0647\u06cc\u0645.<br \/>\n&#8221;<br \/>\n[\/vc_column_text][\/vc_column][\/vc_row]<\/p>\n","protected":false},"excerpt":{"rendered":"<p>[vc_row][vc_column][vc_empty_space height=&#8221;25px&#8221;][vc_column_text] \u062f\u0631\u0628\u0627\u0631\u0647 \u0645\u0627 \u0645\u0627 \u0628\u0647 \u0639\u0646\u0648\u0627\u0646 \u0645\u0631\u06a9\u0632 \u067e\u0632\u0634\u06a9\u06cc \u062c\u0631\u0627\u062d\u06cc \u0627\u0631\u0648\u067e\u0627 \u060c\u0645\u06cc \u062f\u0627\u0646\u06cc\u0645 \u06a9\u0647 \u0627\u0647\u0645\u06cc\u062a \u0648 \u0627\u0631\u0632\u0634 \u0633\u0644\u0627\u0645\u062a\u06cc \u0628\u0647 \u0686\u0647 \u0645\u0639\u0646\u0627\u0633\u062a. \u0628\u0627 \u0646\u0627\u0645 \u0645\u0631\u06a9\u0632 \u067e\u0632\u0634\u06a9\u06cc \u062c\u0631\u0627\u062d\u06cc \u0627\u0631\u0648\u067e\u0627 \u0628\u0631\u0627\u06cc \u0627\u0648\u0644\u06cc\u0646 \u0628\u0627\u0631 \u0641\u0639\u0627\u0644\u06cc\u062a \u062e\u0648\u062f\u062f\u0631 \u0633\u0627\u0644 2005 \u062f\u0631 \u0645\u0646\u0637\u0642\u0647 G\u00fcne\u015fl \u0622\u063a\u0627\u0632 \u06a9\u0631\u062f\u06cc\u0645 \u0648 \u0642\u062f\u0645 \u0628\u0647 \u0642\u062f\u0645 \u0631\u0634\u062f \u06a9\u0631\u062f\u0647 \u0648 \u0633\u0644\u0627\u0645\u062a\u06cc \u0631\u0627 \u062a\u0648\u0636\u06cc\u0639 \u06a9\u0631\u062f\u06cc\u0645. \u0645\u0627 \u0627\u0632 \u0634\u0631\u0648\u0639 \u062a\u0627 \u06a9\u0646\u0648\u0646<\/p>\n","protected":false},"author":1,"featured_media":0,"parent":0,"menu_order":0,"comment_status":"closed","ping_status":"closed","template":"","meta":{"footnotes":""},"class_list":["post-4029","page","type-page","status-publish","hentry"],"aioseo_notices":[],"_links":{"self":[{"href":"https:\/\/avrupacerrahi.net\/far\/wp-json\/wp\/v2\/pages\/4029","targetHints":{"allow":["GET"]}}],"collection":[{"href":"https:\/\/avrupacerrahi.net\/far\/wp-json\/wp\/v2\/pages"}],"about":[{"href":"https:\/\/avrupacerrahi.net\/far\/wp-json\/wp\/v2\/types\/page"}],"author":[{"embeddable":true,"href":"https:\/\/avrupacerrahi.net\/far\/wp-json\/wp\/v2\/users\/1"}],"replies":[{"embeddable":true,"href":"https:\/\/avrupacerrahi.net\/far\/wp-json\/wp\/v2\/comments?post=4029"}],"version-history":[{"count":9,"href":"https:\/\/avrupacerrahi.net\/far\/wp-json\/wp\/v2\/pages\/4029\/revisions"}],"predecessor-version":[{"id":5543,"href":"https:\/\/avrupacerrahi.net\/far\/wp-json\/wp\/v2\/pages\/4029\/revisions\/5543"}],"wp:attachment":[{"href":"https:\/\/avrupacerrahi.net\/far\/wp-json\/wp\/v2\/media?parent=4029"}],"curies":[{"name":"wp","href":"https:\/\/api.w.org\/{rel}","templated":true}]}}