{"id":4029,"date":"2020-11-27T13:16:00","date_gmt":"2020-11-27T10:16:00","guid":{"rendered":"https:\/\/avrupacerrahi.com.tr\/sd\/?page_id=4029"},"modified":"2023-04-24T14:00:43","modified_gmt":"2023-04-24T11:00:43","slug":"notre-mission","status":"publish","type":"page","link":"https:\/\/avrupacerrahi.net\/fr\/notre-mission\/","title":{"rendered":"Notre mission"},"content":{"rendered":"<p>[vc_row][vc_column][vc_empty_space height=&#8221;25px&#8221;][vc_column_text]<\/p>\n<h2><strong>\u00e0 propos de nous<\/strong><\/h2>\n<p>En tant que centre de la m\u00e9decine chirurgicale europ\u00e9enne, nous connaissons l&#8217;importance et la valeur de la sant\u00e9. Avec le nom European Surgical Medical Center, nous avons commenc\u00e9 notre activit\u00e9 pour la premi\u00e8re fois en 2005 dans la r\u00e9gion de G\u00fcne\u015fl et nous avons grandi pas \u00e0 pas et r\u00e9pandu la sant\u00e9. Nous suivons les valeurs morales depuis le d\u00e9but. Aujourd&#8217;hui, nous sommes fiers que dans notre &#8220;Centre de proctologie&#8221;, nous traitions nos patients avec des m\u00e9thodes non chirurgicales sans anesth\u00e9sie ni hospitalisation<\/p>\n<p>Nos succursales sont situ\u00e9es dans des endroits centraux d&#8217;Istanbul tels que Bak\u0131rk\u00f6y (2018), Kad\u0131k\u00f6y (2017) et Levent, offrant un transport facile \u00e0 tout moment. Nous sommes \u00e0 votre service en fournissant les derniers services de technologie laser avec une \u00e9quipe m\u00e9dicale exp\u00e9riment\u00e9e avec une grande compr\u00e9hension et un excellent service.<\/p>\n<p>Nous nous engageons \u00e0 fournir des services de soins de sant\u00e9 pr\u00e9cis, fiables et de haut niveau par nos m\u00e9decins experts dans le domaine des <b><a href=\"https:\/\/avrupacerrahi.net\/fr\/quelles-sont-les-methodes-de-prevention-des-hemorroides\/\">h\u00e9morro\u00efdes<\/a><\/b>, des kystes capillaires, des fissures anales, des fistules anales et des <b><a href=\"https:\/\/avrupacerrahi.net\/fr\/quelles-sont-les-methodes-de-protection-contre-les-verrues\/\">verrues<\/a><\/b> g\u00e9nitales (VPH). Nous continuons \u00e0 servir avec fiert\u00e9, fiers de pouvoir traiter nos patients le jour m\u00eame de leur demande personnelle dans notre \u00e9tablissement, quelle que soit la zone g\u00e9ographique d&#8217;o\u00f9 ils viennent.<\/p>\n<p>aux patients qui viennent de l&#8217;\u00e9tranger; En tant que famille European Surgical Medical Center, nous savons qu&#8217;il est de notre devoir d&#8217;apporter des solutions pour la sant\u00e9 de chacun avec nos traducteurs &#8220;Patient Advisors&#8221; et nous sommes tr\u00e8s heureux d&#8217;y parvenir.<br \/>\n[\/vc_column_text][vc_separator][vc_empty_space][\/vc_column][\/vc_row][vc_row][vc_column width=&#8221;1\/2&#8243;][vc_column_text]<\/p>\n<h2><strong>notre mission<\/strong><\/h2>\n<p>&#8220;Nous adoptons une approche de service diff\u00e9rente et fiable dans le domaine de la sant\u00e9 avec notre personnel professionnel aimable, compr\u00e9hensif et qualifi\u00e9 qui est toujours aux c\u00f4t\u00e9s des patients et de leurs proches.<br \/>\n&#8221;<\/p>\n<p>&#8220;Nous proposons nos m\u00e9thodes de traitement avec la technologie la plus pratique et la plus avanc\u00e9e afin que nos patients puissent retrouver rapidement leur sant\u00e9.<br \/>\n&#8221;<\/p>\n<p>Avec notre approche moderne, respectueuse et honn\u00eate, nous donnons \u00e0 nos patients la possibilit\u00e9 de nous visiter quand ils le souhaitent.<\/p>\n<p>Gr\u00e2ce \u00e0 notre principe de service illimit\u00e9, nous traitons les patients de toutes les r\u00e9gions avec des proc\u00e9dures non chirurgicales, non anesth\u00e9siques et non hospitalisation et veillons \u00e0 ce qu&#8217;ils retrouvent rapidement la sant\u00e9.<br \/>\n[\/vc_column_text][\/vc_column][vc_column width=&#8221;1\/2&#8243;][vc_column_text]<\/p>\n<h2><strong>Notre vision<\/strong><\/h2>\n<p>En tant que seul centre en Turquie dans le domaine de la proctologie, nous nous engageons \u00e0 distribuer la sant\u00e9 \u00e0 nos patients dans des zones g\u00e9ographiques plus larges avec notre qualit\u00e9 mondiale.<\/p>\n<p>&#8220;Connu dans toute la Turquie comme le premier et unique choix des patients et de leurs proches dans le domaine de la proctologie.&#8221;<\/p>\n<p>&#8220;En tant que centre de la m\u00e9decine chirurgicale europ\u00e9enne, nous continuons \u00e0 fournir des services de sant\u00e9 en tant qu&#8217;institution mod\u00e8le pour toutes les institutions de sant\u00e9 dans tous les sens.&#8221;[\/vc_column_text][\/vc_column][\/vc_row]<\/p>\n","protected":false},"excerpt":{"rendered":"<p>[vc_row][vc_column][vc_empty_space height=&#8221;25px&#8221;][vc_column_text] \u00e0 propos de nous En tant que centre de la m\u00e9decine chirurgicale europ\u00e9enne, nous connaissons l&#8217;importance et la valeur de la sant\u00e9. Avec le nom European Surgical Medical Center, nous avons commenc\u00e9 notre activit\u00e9 pour la premi\u00e8re fois en 2005 dans la r\u00e9gion de G\u00fcne\u015fl et nous avons grandi pas \u00e0 pas et<\/p>\n","protected":false},"author":1,"featured_media":0,"parent":0,"menu_order":0,"comment_status":"closed","ping_status":"closed","template":"","meta":{"footnotes":""},"class_list":["post-4029","page","type-page","status-publish","hentry"],"aioseo_notices":[],"_links":{"self":[{"href":"https:\/\/avrupacerrahi.net\/fr\/wp-json\/wp\/v2\/pages\/4029","targetHints":{"allow":["GET"]}}],"collection":[{"href":"https:\/\/avrupacerrahi.net\/fr\/wp-json\/wp\/v2\/pages"}],"about":[{"href":"https:\/\/avrupacerrahi.net\/fr\/wp-json\/wp\/v2\/types\/page"}],"author":[{"embeddable":true,"href":"https:\/\/avrupacerrahi.net\/fr\/wp-json\/wp\/v2\/users\/1"}],"replies":[{"embeddable":true,"href":"https:\/\/avrupacerrahi.net\/fr\/wp-json\/wp\/v2\/comments?post=4029"}],"version-history":[{"count":9,"href":"https:\/\/avrupacerrahi.net\/fr\/wp-json\/wp\/v2\/pages\/4029\/revisions"}],"predecessor-version":[{"id":5828,"href":"https:\/\/avrupacerrahi.net\/fr\/wp-json\/wp\/v2\/pages\/4029\/revisions\/5828"}],"wp:attachment":[{"href":"https:\/\/avrupacerrahi.net\/fr\/wp-json\/wp\/v2\/media?parent=4029"}],"curies":[{"name":"wp","href":"https:\/\/api.w.org\/{rel}","templated":true}]}}