{"id":4961,"date":"2020-12-26T16:24:54","date_gmt":"2020-12-26T13:24:54","guid":{"rendered":"https:\/\/avrupacerrahi.com.tr\/sd\/en\/?page_id=4961"},"modified":"2024-02-23T12:39:05","modified_gmt":"2024-02-23T09:39:05","slug":"demandez-a-notre-medecin","status":"publish","type":"page","link":"https:\/\/avrupacerrahi.net\/fr\/demandez-a-notre-medecin\/","title":{"rendered":"Demandez \u00e0 notre m\u00e9decin"},"content":{"rendered":"<p>[vc_row][vc_column][vc_column_text]<\/p>\n<p style=\"text-align: center;\">Vous pouvez remplir le formulaire ci-dessous pour obtenir l&#8217;avis d&#8217;un m\u00e9decin sur votre maladie. Apr\u00e8s v\u00e9rification de votre situation, ils vous contacteront dans les plus brefs d\u00e9lais<\/p>\n<p>[\/vc_column_text][vc_separator]\n<div class=\"wpcf7 no-js\" id=\"wpcf7-f4946-o1\" lang=\"tr-TR\" dir=\"ltr\" data-wpcf7-id=\"4946\">\n<div class=\"screen-reader-response\"><p role=\"status\" aria-live=\"polite\" aria-atomic=\"true\"><\/p> <ul><\/ul><\/div>\n<form action=\"\/fr\/wp-json\/wp\/v2\/pages\/4961#wpcf7-f4946-o1\" method=\"post\" class=\"wpcf7-form init\" aria-label=\"\u0130leti\u015fim Formu\" enctype=\"multipart\/form-data\" novalidate=\"novalidate\" data-status=\"init\">\n<fieldset class=\"hidden-fields-container\"><input type=\"hidden\" name=\"_wpcf7\" value=\"4946\" \/><input type=\"hidden\" name=\"_wpcf7_version\" value=\"6.1.5\" \/><input type=\"hidden\" name=\"_wpcf7_locale\" value=\"tr_TR\" \/><input type=\"hidden\" name=\"_wpcf7_unit_tag\" value=\"wpcf7-f4946-o1\" \/><input type=\"hidden\" name=\"_wpcf7_container_post\" value=\"0\" \/><input type=\"hidden\" name=\"_wpcf7_posted_data_hash\" value=\"\" \/><input type=\"hidden\" name=\"_wpcf7_recaptcha_response\" value=\"\" \/>\n<\/fieldset>\n<div class=\"forms\" style=\"width:100%;\">\n\t<p><span class=\"wpcf7-form-control-wrap\" data-name=\"text-312\"><input size=\"40\" maxlength=\"400\" class=\"wpcf7-form-control wpcf7-text wpcf7-validates-as-required\" aria-required=\"true\" aria-invalid=\"false\" placeholder=\"Your Name and Your Surname\" value=\"\" type=\"text\" name=\"text-312\" \/><\/span>\n\t<\/p>\n<\/div>\n<div class=\"forms\" style=\"width:100%;\">\n\t<p><span class=\"wpcf7-form-control-wrap\" data-name=\"tel-756\"><input size=\"40\" maxlength=\"400\" class=\"wpcf7-form-control wpcf7-tel wpcf7-validates-as-required wpcf7-text wpcf7-validates-as-tel\" aria-required=\"true\" aria-invalid=\"false\" placeholder=\"Phone number with country code\" value=\"\" type=\"tel\" name=\"tel-756\" \/><\/span>\n\t<\/p>\n<\/div>\n<div class=\"forms\" style=\"width:100%;\">\n\t<p><span class=\"wpcf7-form-control-wrap\" data-name=\"textarea-324\"><textarea cols=\"40\" rows=\"10\" maxlength=\"2000\" class=\"wpcf7-form-control wpcf7-textarea wpcf7-validates-as-required\" aria-required=\"true\" aria-invalid=\"false\" placeholder=\"Your Question\" name=\"textarea-324\"><\/textarea><\/span>\n\t<\/p>\n<\/div>\n<div class=\"button-kk forms\" style=\"\"Select File\" width:100%;\">\n\t<p><span class=\"wpcf7-form-control-wrap\" data-name=\"file-748\"><input size=\"40\" class=\"wpcf7-form-control wpcf7-file\" accept=\"audio\/*,video\/*,image\/*\" aria-invalid=\"false\" type=\"file\" name=\"file-748\" \/><\/span>\n\t<\/p>\n\t<div class=\"button-he\" style=\"width:100%;\">\n\t\t<p><input class=\"wpcf7-form-control wpcf7-submit has-spinner\" type=\"submit\" value=\"Send\" \/>\n\t\t<\/p>\n\t<\/div>\n\t<style>\ninput, textarea {\nwidth: 100%!important;\npadding: 16px;\nborder: none;\nborder-bottom: 2px solid #3574ac;;\n}\n.button-kk input {\nbackground-color: #3574ac;\n color: white;\n font-size: 16px;\n font-weight: 900;\n}\n.button-he input {\nbackground-color: #1c4b75!important;\n\n}\n.forms {\nmargin-bottom: 15px;\n}\n\t<\/style>\n<\/div><input type='hidden' class='wpcf7-pum' value='{\"closepopup\":false,\"closedelay\":0,\"openpopup\":false,\"openpopup_id\":0}' \/><div class=\"wpcf7-response-output\" aria-hidden=\"true\"><\/div>\n<\/form>\n<\/div>\n[\/vc_column][\/vc_row]<\/p>\n","protected":false},"excerpt":{"rendered":"<p>[vc_row][vc_column][vc_column_text] Vous pouvez remplir le formulaire ci-dessous pour obtenir l&#8217;avis d&#8217;un m\u00e9decin sur votre maladie. Apr\u00e8s v\u00e9rification de votre situation, ils vous contacteront dans les plus brefs d\u00e9lais [\/vc_column_text][vc_separator][\/vc_column][\/vc_row]<\/p>\n","protected":false},"author":1,"featured_media":0,"parent":0,"menu_order":0,"comment_status":"closed","ping_status":"closed","template":"","meta":{"footnotes":""},"class_list":["post-4961","page","type-page","status-publish","hentry"],"aioseo_notices":[],"_links":{"self":[{"href":"https:\/\/avrupacerrahi.net\/fr\/wp-json\/wp\/v2\/pages\/4961","targetHints":{"allow":["GET"]}}],"collection":[{"href":"https:\/\/avrupacerrahi.net\/fr\/wp-json\/wp\/v2\/pages"}],"about":[{"href":"https:\/\/avrupacerrahi.net\/fr\/wp-json\/wp\/v2\/types\/page"}],"author":[{"embeddable":true,"href":"https:\/\/avrupacerrahi.net\/fr\/wp-json\/wp\/v2\/users\/1"}],"replies":[{"embeddable":true,"href":"https:\/\/avrupacerrahi.net\/fr\/wp-json\/wp\/v2\/comments?post=4961"}],"version-history":[{"count":3,"href":"https:\/\/avrupacerrahi.net\/fr\/wp-json\/wp\/v2\/pages\/4961\/revisions"}],"predecessor-version":[{"id":5829,"href":"https:\/\/avrupacerrahi.net\/fr\/wp-json\/wp\/v2\/pages\/4961\/revisions\/5829"}],"wp:attachment":[{"href":"https:\/\/avrupacerrahi.net\/fr\/wp-json\/wp\/v2\/media?parent=4961"}],"curies":[{"name":"wp","href":"https:\/\/api.w.org\/{rel}","templated":true}]}}