{"id":5225,"date":"2022-04-05T12:50:34","date_gmt":"2022-04-05T09:50:34","guid":{"rendered":"https:\/\/avrupacerrahi.com.tr\/en\/?page_id=5225"},"modified":"2024-04-24T15:58:29","modified_gmt":"2024-04-24T12:58:29","slug":"quest-ce-que-labces-perianal-abces-anal-comment-se-deroule-le-traitement","status":"publish","type":"page","link":"https:\/\/avrupacerrahi.net\/fr\/quest-ce-que-labces-perianal-abces-anal-comment-se-deroule-le-traitement\/","title":{"rendered":"Qu&#8217;est-ce que l&#8217;abc\u00e8s p\u00e9rianal (abc\u00e8s anal) ? Comment se d\u00e9roule le traitement ?"},"content":{"rendered":"<p>[vc_row][vc_column width=&#8221;1\/2&#8243;][vc_empty_space][vc_raw_html]JTNDYSUyMGRhdGEtZmFuY3lib3glM0QlMjJnYWxsZXJ5JTIyJTIwaHJlZiUzRCUyMmh0dHBzJTNBJTJGJTJGd3d3LnlvdXR1YmUuY29tJTJGd2F0Y2glM0Z2JTNERi04NXhSekR1NDQlMjIlMjBjbGFzcyUzRCUyMnZpZGVvLWJveCUyMiUzRSUwQSUyMCUyMCUyMCUyMCUzQ2ltZyUyMHNyYyUzRCUyMmh0dHBzJTNBJTJGJTJGYXZydXBhY2VycmFoaS5jb20udHIlMkZ3cC1jb250ZW50JTJGdXBsb2FkcyUyRjIwMjElMkYwMiUyRmZpc3R1bC1uZWRpci5qcGclMjIlMjBhbHQlM0QlMjJpbWFnZSUyMiUzRSUwQSUyMCUyMCUyMCUyMCUzQ2RpdiUyMGNsYXNzJTNEJTIydmlkZW8tYm94X19pY29uJTIyJTNFJTNDZGl2JTIwY2xhc3MlM0QlMjJ2aWRlby1ib3hfX2ljb24tLXBsYXklMjIlM0UlM0NzdmclMjB2aWV3Qm94JTNEJTIyMCUyMDAlMjAyNCUyMDI0JTIyJTIwd2lkdGglM0QlMjIyNCUyMiUyMGhlaWdodCUzRCUyMjI0JTIyJTNFJTNDcGF0aCUyMGZpbGwlM0QlMjJub25lJTIyJTIwZCUzRCUyMk0wJTIwMGgyNHYyNEgweiUyMiUyRiUzRSUzQ3BhdGglMjBkJTNEJTIyTTE5LjM3NiUyMDEyLjQxNkw4Ljc3NyUyMDE5LjQ4MkEuNS41JTIwMCUyMDAlMjAxJTIwOCUyMDE5LjA2NlY0LjkzNGEuNS41JTIwMCUyMDAlMjAxJTIwLjc3Ny0uNDE2bDEwLjU5OSUyMDcuMDY2YS41LjUlMjAwJTIwMCUyMDElMjAwJTIwLjgzMnolMjIlMkYlM0UlM0MlMkZzdmclM0UlM0MlMkZkaXYlM0UlM0MlMkZkaXYlM0UlMEElM0MlMkZhJTNF[\/vc_raw_html][\/vc_column][vc_column width=&#8221;1\/2&#8243; el_class=&#8221;padding-left-30&#8243;][vc_empty_space][vc_raw_html]JTNDYSUyMGRhdGEtZmFuY3lib3glM0QlMjJnYWxsZXJ5JTIyJTIwaHJlZiUzRCUyMmh0dHBzJTNBJTJGJTJGd3d3LnlvdXR1YmUuY29tJTJGd2F0Y2glM0Z2JTNEUlBHS2duNW82blElMjIlMjBjbGFzcyUzRCUyMnZpZGVvLWJveCUyMiUzRSUwQSUyMCUyMCUyMCUyMCUzQ2ltZyUyMHNyYyUzRCUyMmh0dHBzJTNBJTJGJTJGYXZydXBhY2VycmFoaS5uZXQlMkZlbiUyRndwLWNvbnRlbnQlMkZ1cGxvYWRzJTJGMjAyMiUyRjEyJTJGbWFrYXRhcHNlc2kta2FwYWstZW5nLmpwZyUyMmltYWdlJTIyJTNFJTBBJTIwJTIwJTIwJTIwJTNDZGl2JTIwY2xhc3MlM0QlMjJ2aWRlby1ib3hfX2ljb24lMjIlM0UlM0NkaXYlMjBjbGFzcyUzRCUyMnZpZGVvLWJveF9faWNvbi0tcGxheSUyMiUzRSUzQ3N2ZyUyMHZpZXdCb3glM0QlMjIwJTIwMCUyMDI0JTIwMjQlMjIlMjB3aWR0aCUzRCUyMjI0JTIyJTIwaGVpZ2h0JTNEJTIyMjQlMjIlM0UlM0NwYXRoJTIwZmlsbCUzRCUyMm5vbmUlMjIlMjBkJTNEJTIyTTAlMjAwaDI0djI0SDB6JTIyJTJGJTNFJTNDcGF0aCUyMGQlM0QlMjJNMTkuMzc2JTIwMTIuNDE2TDguNzc3JTIwMTkuNDgyQS41LjUlMjAwJTIwMCUyMDElMjA4JTIwMTkuMDY2VjQuOTM0YS41LjUlMjAwJTIwMCUyMDElMjAuNzc3LS40MTZsMTAuNTk5JTIwNy4wNjZhLjUuNSUyMDAlMjAwJTIwMSUyMDAlMjAuODMyeiUyMiUyRiUzRSUzQyUyRnN2ZyUzRSUzQyUyRmRpdiUzRSUzQyUyRmRpdiUzRSUwQSUzQyUyRmElM0U=[\/vc_raw_html][\/vc_column][\/vc_row][vc_row][vc_column]<h2 class=\"box-header\">Qu'est-ce qu'un abc\u00e8s p\u00e9rianal ?<\/h2>[vc_column_text]Il se produit principalement en raison d&#8217;une inflammation du canal anal. L&#8217;<b><a href=\"https:\/\/avrupacerrahi.net\/fr\/quels-remedes-pour-un-abces-anal\/\">abc\u00e8s anal<\/a><\/b>, qui est l&#8217;un des troubles cliniques les plus courants dans le domaine de la proctologie, peut pr\u00e9senter des caract\u00e9ristiques diff\u00e9rentes selon la localisation de l&#8217;anus.<\/p>\n<p>L&#8217;abc\u00e8s p\u00e9rianal est caus\u00e9 par l&#8217;accumulation de pus \u00e0 la suite d&#8217;une inflammation autour de l&#8217;anus. Cette maladie est principalement caus\u00e9e par une inflammation des glandes anales et se propage avec le temps. La fonction principale des glandes est de faciliter l&#8217;excr\u00e9tion des mati\u00e8res f\u00e9cales en s\u00e9cr\u00e9tant du mucus<\/p>\n<p>En plus d&#8217;\u00eatre observ\u00e9e dans tous les groupes d&#8217;\u00e2ge, cette maladie est plus fr\u00e9quente chez les 30 et 40. Elle est plus fr\u00e9quente chez les hommes que chez les femmes.<\/p>\n<p>Un abc\u00e8s anal est un gonflement qui survient \u00e0 la suite d&#8217;une inflammation de l&#8217;anus ou autour de l&#8217;anus. Il se produit entre le muscle et les tissus mous autour de la r\u00e9gion de l&#8217;anal. Il y a des fibres musculaires dans la r\u00e9gion de l&#8217;anus qui emp\u00eachent les gaz et les selles ind\u00e9sirables de s&#8217;\u00e9chapper. Ces fibres sont des glandes qui hydratent la peau et rendent les selles plus glissantes. Les glandes sont des structures qui aident \u00e0 l&#8217;excr\u00e9tion naturelle des mati\u00e8res f\u00e9cales. Il y a beaucoup de bact\u00e9ries dans la r\u00e9gion du si\u00e8ge. Des bact\u00e9ries nocives p\u00e9n\u00e8trent dans les glandes et provoquent un abc\u00e8s anal.<\/p>\n<p>L&#8217;inflammation commence \u00e0 s&#8217;accumuler dans l&#8217;abc\u00e8s anal et, avec le temps, un gonflement se produit dans la r\u00e9gion anal. En g\u00e9n\u00e9ral, les patients consid\u00e8rent ce gonflement comme des <b><a href=\"https:\/\/avrupacerrahi.net\/fr\/quelles-sont-les-methodes-de-prevention-des-hemorroides\/\">h\u00e9morro\u00efdes<\/a><\/b> et essaient de se soigner eux-m\u00eames. Les rem\u00e8des maison peuvent aggraver la maladie. Par cons\u00e9quent, d\u00e8s que les plaintes commencent, vous devriez aller chez le m\u00e9decin sans perdre de temps<\/p>\n<p>Avoir des informations sur la formation d&#8217;un abc\u00e8s anal emp\u00eache l&#8217;application de proc\u00e9dures incorrectes<br \/>\n[\/vc_column_text][vc_empty_space height=&#8221;15&#8243;]<h2 class=\"box-header\">Comment se produit un abc\u00e8s p\u00e9rianal (abc\u00e8s de l'anus) ?<\/h2>[vc_column_text]Un corps \u00e9tranger ou des selles dures endommagent les glandes et facilitent le passage des bact\u00e9ries et provoquent la formation d&#8217;un abc\u00e8s dans la r\u00e9gion anale.Il peut \u00e9galement y avoir diff\u00e9rentes raisons sous-jacentes. Ces; Facteurs tels que la maladie de Crohn, la colite ulc\u00e9reuse, le lymphome, la radioth\u00e9rapie. Outre les facteurs que nous avons mentionn\u00e9s, il convient \u00e9galement de pr\u00eater attention au nettoyage de la zone de l&#8217;anus<\/p>\n<p>Compar\u00e9e \u00e0 d&#8217;autres parties de notre corps, la r\u00e9gion anale est beaucoup plus sensible \u00e0 la formation de bact\u00e9ries. Pour minimiser la formation de bact\u00e9ries, il faut accorder plus d&#8217;importance \u00e0 l&#8217;hygi\u00e8ne de la zone anale<\/p>\n<p>Les sympt\u00f4mes de l&#8217;abc\u00e8s anal peuvent \u00eatre divis\u00e9s en deux groupes. en signe d&#8217;infection; Forte fi\u00e8vre, fatigue et faiblesse. La seconde est que nous pouvons voir sur la peau. Une sensation de sati\u00e9t\u00e9 et de d\u00e9charge pendant la toilette, un gonflement, une douleur intense, une rougeur et une chaleur accrue sont des sympt\u00f4mes de cette maladie. L&#8217;inflammation de l&#8217;abc\u00e8s anal qui se produit dans la r\u00e9gion de l&#8217;anus augmente rapidement avec le temps. Dans cette condition, les patients ont des difficult\u00e9s \u00e0 effectuer des mouvements physiques tels que s&#8217;asseoir et marcher. Une infection grave provoque une temp\u00e9rature \u00e9lev\u00e9e, une forte fi\u00e8vre, des frissons et une sensation de faiblesse. Lorsque l&#8217;infection se propage au tissu sous-cutan\u00e9, une rougeur ou un gonflement appara\u00eet dans la r\u00e9gion anale<br \/>\n[\/vc_column_text][vc_empty_space height=&#8221;15&#8243;]<h2 class=\"box-header\">Classification de l'abc\u00e8s p\u00e9rianale<\/h2>[vc_column_text]Les abc\u00e8s p\u00e9rianaux peuvent pr\u00e9senter des caract\u00e9ristiques diff\u00e9rentes selon l&#8217;emplacement. Leurs noms sont bas\u00e9s sur le lieu de formation comme suit:<\/p>\n<p>intersphinct\u00e9rien<br \/>\nischiorectal<br \/>\nSupralevator (Paraectal)<br \/>\n[\/vc_column_text][vc_empty_space height=&#8221;15&#8243;]<h2 class=\"box-header\">Comment diagnostique-t-on l'abc\u00e8s p\u00e9rianal (abc\u00e8s de l'anus) ?<\/h2>[vc_column_text]L&#8217;examen physique par un proctologue est suffisant pour diagnostiquer un abc\u00e8s p\u00e9rianal. En cas de doute pour diverses raisons, une \u00e9chographie ou une IRM peuvent \u00eatre demand\u00e9es. Cela d\u00e9pend enti\u00e8rement du stade de la maladie. Dans les cas o\u00f9 un abc\u00e8s p\u00e9rianal se d\u00e9veloppe, le risque d&#8217;infection est tr\u00e8s \u00e9lev\u00e9.<\/p>\n<p>Il ne peut en aucun cas \u00eatre trait\u00e9 \u00e0 domicile. Il doit \u00eatre examin\u00e9 par un proctologue et la m\u00e9thode de traitement la plus appropri\u00e9e doit \u00eatre choisie en fonction de l&#8217;\u00e9tat de l&#8217;abc\u00e8s. Si l&#8217;abc\u00e8s p\u00e9rianal a progress\u00e9, il sera contr\u00f4l\u00e9 par le m\u00e9decin et l&#8217;abc\u00e8s sera compl\u00e8tement drain\u00e9. Le traitement antibiotique peut \u00eatre d\u00e9marr\u00e9 en \u00e9valuant l&#8217;\u00e9tat du patient.<br \/>\n[\/vc_column_text][vc_empty_space height=&#8221;15&#8243;]<h2 class=\"box-header\">Quels sont les sympt\u00f4mes de l'abc\u00e8s p\u00e9rianal ?<\/h2>[vc_column_text]Les patients ressentent g\u00e9n\u00e9ralement de la douleur dans la zone o\u00f9 se trouve l&#8217;abc\u00e8s. Un abc\u00e8s p\u00e9rianal provoque des rougeurs dans la zone o\u00f9 il se situe. Si l&#8217;abc\u00e8s est avanc\u00e9, il peut provoquer de la fi\u00e8vre et une sensibilit\u00e9 dans la zone touch\u00e9e.<\/p>\n<p>Il y a un gonflement dans la r\u00e9gion de l&#8217;anale. Des probl\u00e8mes tels que l&#8217;incapacit\u00e9 de s&#8217;asseoir correctement ou de marcher confortablement peuvent survenir. Si l&#8217;abc\u00e8s est avanc\u00e9, il peut provoquer un \u00e9coulement dans la r\u00e9gion anale<br \/>\n[\/vc_column_text][vc_empty_space height=&#8221;15&#8243;]<h2 class=\"box-header\">Comment traite-t-on l'abc\u00e8s p\u00e9rianal?<\/h2>[vc_column_text]Si l&#8217;abc\u00e8s anal est avanc\u00e9, cet abc\u00e8s doit \u00eatre drain\u00e9 sous le contr\u00f4le d&#8217;un proctologue. L&#8217;\u00e9vacuation doit se faire compl\u00e8tement. Sinon, cela peut entra\u00eener de nouvelles complications.<\/p>\n<p>Apr\u00e8s drainage d&#8217;un abc\u00e8s rectal, selon l&#8217;\u00e9tat de l&#8217;abc\u00e8s du patient, une antibioth\u00e9rapie double ou unique peut \u00eatre recommand\u00e9e. Chez les patients pr\u00e9sentant un abc\u00e8s p\u00e9rianal avanc\u00e9, des canaux ou des tunnels de <b><a href=\"https:\/\/avrupacerrahi.net\/fr\/quest-ce-quune-fistule-anale\/\">fistule<\/a><\/b> permanents peuvent se d\u00e9velopper entre le canal rectal et la peau p\u00e9rianale. Les patients pr\u00e9sentant une formation de fistule d\u00e9crivent leur inconfort avec des plaintes telles que l&#8217;\u00e9coulement de l&#8217;infection, le gonflement du rectum et la douleur.<br \/>\n[\/vc_column_text][vc_empty_space height=&#8221;15&#8243;][vc_separator][vc_empty_space height=&#8221;15&#8243;]<h2 class=\"box-header align-left\">Suggestions de vid\u00e9os pour la maladie de l'abc\u00e8s p\u00e9rianal<\/h2>[vc_row_inner top_margin=&#8221;page-margin-top-section&#8221; el_class=&#8221;flex-box&#8221;][vc_column_inner width=&#8221;1\/3&#8243;][vc_raw_html]JTNDYSUyMGRhdGEtZmFuY3lib3glM0QlMjJnYWxsZXJ5JTIyJTIwaHJlZiUzRCUyMmh0dHBzJTNBJTJGJTJGd3d3LnlvdXR1YmUuY29tJTJGd2F0Y2glM0Z2JTNEZkdvb3ZPVjVYY2clMjIlMjBjbGFzcyUzRCUyMnZpZGVvLWJveCUyMiUzRSUwQSUyMCUyMCUyMCUyMCUzQ2ltZyUyMHNyYyUzRCUyMmh0dHBzJTNBJTJGJTJGYXZydXBhY2VycmFoaS5jb20udHIlMkZ3cC1jb250ZW50JTJGdXBsb2FkcyUyRjIwMjElMkYwMiUyRmFuYWwtZmlzc3VyLWF5YWt0YW4tdGVkYXZpLmpwZyUyMiUyMGFsdCUzRCUyMmltYWdlJTIyJTNFJTBBJTIwJTIwJTIwJTIwJTNDZGl2JTIwY2xhc3MlM0QlMjJ2aWRlby1ib3hfX2ljb24lMjIlM0UlM0NkaXYlMjBjbGFzcyUzRCUyMnZpZGVvLWJveF9faWNvbi0tcGxheSUyMiUzRSUzQ3N2ZyUyMHZpZXdCb3glM0QlMjIwJTIwMCUyMDI0JTIwMjQlMjIlMjB3aWR0aCUzRCUyMjI0JTIyJTIwaGVpZ2h0JTNEJTIyMjQlMjIlM0UlM0NwYXRoJTIwZmlsbCUzRCUyMm5vbmUlMjIlMjBkJTNEJTIyTTAlMjAwaDI0djI0SDB6JTIyJTJGJTNFJTNDcGF0aCUyMGQlM0QlMjJNMTkuMzc2JTIwMTIuNDE2TDguNzc3JTIwMTkuNDgyQS41LjUlMjAwJTIwMCUyMDElMjA4JTIwMTkuMDY2VjQuOTM0YS41LjUlMjAwJTIwMCUyMDElMjAuNzc3LS40MTZsMTAuNTk5JTIwNy4wNjZhLjUuNSUyMDAlMjAwJTIwMSUyMDAlMjAuODMyeiUyMiUyRiUzRSUzQyUyRnN2ZyUzRSUzQyUyRmRpdiUzRSUzQyUyRmRpdiUzRSUwQSUzQyUyRmElM0U=[\/vc_raw_html][\/vc_column_inner][vc_column_inner width=&#8221;1\/3&#8243;][vc_raw_html]JTNDYSUyMGRhdGEtZmFuY3lib3glM0QlMjJnYWxsZXJ5JTIyJTIwaHJlZiUzRCUyMmh0dHBzJTNBJTJGJTJGd3d3LnlvdXR1YmUuY29tJTJGd2F0Y2glM0Z2JTNEY2FxdlRjbmxWR1ElMjIlMjBjbGFzcyUzRCUyMnZpZGVvLWJveCUyMiUzRSUwQSUyMCUyMCUyMCUyMCUzQ2ltZyUyMHNyYyUzRCUyMmh0dHBzJTNBJTJGJTJGYXZydXBhY2VycmFoaS5jb20udHIlMkZ3cC1jb250ZW50JTJGdXBsb2FkcyUyRjIwMjElMkYwMiUyRmFuYWwtZmlzdHVsLWlsZS1hbmFsLWZpc3N1ci5qcGclMjIlMjBhbHQlM0QlMjJpbWFnZSUyMiUzRSUwQSUyMCUyMCUyMCUyMCUzQ2RpdiUyMGNsYXNzJTNEJTIydmlkZW8tYm94X19pY29uJTIyJTNFJTNDZGl2JTIwY2xhc3MlM0QlMjJ2aWRlby1ib3hfX2ljb24tLXBsYXklMjIlM0UlM0NzdmclMjB2aWV3Qm94JTNEJTIyMCUyMDAlMjAyNCUyMDI0JTIyJTIwd2lkdGglM0QlMjIyNCUyMiUyMGhlaWdodCUzRCUyMjI0JTIyJTNFJTNDcGF0aCUyMGZpbGwlM0QlMjJub25lJTIyJTIwZCUzRCUyMk0wJTIwMGgyNHYyNEgweiUyMiUyRiUzRSUzQ3BhdGglMjBkJTNEJTIyTTE5LjM3NiUyMDEyLjQxNkw4Ljc3NyUyMDE5LjQ4MkEuNS41JTIwMCUyMDAlMjAxJTIwOCUyMDE5LjA2NlY0LjkzNGEuNS41JTIwMCUyMDAlMjAxJTIwLjc3Ny0uNDE2bDEwLjU5OSUyMDcuMDY2YS41LjUlMjAwJTIwMCUyMDElMjAwJTIwLjgzMnolMjIlMkYlM0UlM0MlMkZzdmclM0UlM0MlMkZkaXYlM0UlM0MlMkZkaXYlM0UlMEElM0MlMkZhJTNF[\/vc_raw_html][\/vc_column_inner][vc_column_inner width=&#8221;1\/3&#8243;][vc_raw_html]JTNDYSUyMGRhdGEtZmFuY3lib3glM0QlMjJnYWxsZXJ5JTIyJTIwaHJlZiUzRCUyMmh0dHBzJTNBJTJGJTJGd3d3LnlvdXR1YmUuY29tJTJGd2F0Y2glM0Z2JTNEdC13M3BuZkVFWG8lMjIlMjBjbGFzcyUzRCUyMnZpZGVvLWJveCUyMiUzRSUwQSUyMCUyMCUyMCUyMCUzQ2ltZyUyMHNyYyUzRCUyMmh0dHBzJTNBJTJGJTJGYXZydXBhY2VycmFoaS5jb20udHIlMkZ3cC1jb250ZW50JTJGdXBsb2FkcyUyRjIwMjElMkYwMiUyRmZpc3N1ci1tYWtldC1jYXRsYWdpLmpwZyUyMiUyMGFsdCUzRCUyMmltYWdlJTIyJTNFJTBBJTIwJTIwJTIwJTIwJTNDZGl2JTIwY2xhc3MlM0QlMjJ2aWRlby1ib3hfX2ljb24lMjIlM0UlM0NkaXYlMjBjbGFzcyUzRCUyMnZpZGVvLWJveF9faWNvbi0tcGxheSUyMiUzRSUzQ3N2ZyUyMHZpZXdCb3glM0QlMjIwJTIwMCUyMDI0JTIwMjQlMjIlMjB3aWR0aCUzRCUyMjI0JTIyJTIwaGVpZ2h0JTNEJTIyMjQlMjIlM0UlM0NwYXRoJTIwZmlsbCUzRCUyMm5vbmUlMjIlMjBkJTNEJTIyTTAlMjAwaDI0djI0SDB6JTIyJTJGJTNFJTNDcGF0aCUyMGQlM0QlMjJNMTkuMzc2JTIwMTIuNDE2TDguNzc3JTIwMTkuNDgyQS41LjUlMjAwJTIwMCUyMDElMjA4JTIwMTkuMDY2VjQuOTM0YS41LjUlMjAwJTIwMCUyMDElMjAuNzc3LS40MTZsMTAuNTk5JTIwNy4wNjZhLjUuNSUyMDAlMjAwJTIwMSUyMDAlMjAuODMyeiUyMiUyRiUzRSUzQyUyRnN2ZyUzRSUzQyUyRmRpdiUzRSUzQyUyRmRpdiUzRSUwQSUzQyUyRmElM0U=[\/vc_raw_html][\/vc_column_inner][\/vc_row_inner][vc_empty_space height=&#8221;15&#8243;][vc_separator][vc_empty_space height=&#8221;15&#8243;][vc_empty_space height=&#8221;15&#8243;]<h2 class=\"box-header\">Avantages du traitement des abc\u00e8s p\u00e9rianaux.<\/h2>[vc_column_text]Le traitement d&#8217;un abc\u00e8s p\u00e9rianal (abc\u00e8s de l&#8217;anal) sans chirurgie prend 5 \u00e0 8 minutes.<\/p>\n<p>Elle se fait rapidement et sans hospitalisation<\/p>\n<p>Elle se fait sans anesth\u00e9sie g\u00e9n\u00e9rale, avec anesth\u00e9sie r\u00e9gionale ou locale.<\/p>\n<p>On n&#8217;a besoin d&#8217;aucune pr\u00e9paration pr\u00e9alable<\/p>\n<p>Aucun test ou analyse suppl\u00e9mentaire n&#8217;est requis. Le patient est \u00e9veill\u00e9 pendant l&#8217;op\u00e9ration.<\/p>\n<p>La quantit\u00e9 de douleur pendant et apr\u00e8s l&#8217;op\u00e9ration est tr\u00e8s faible.<\/p>\n<p>\u00c0 notre m\u00e9thode de traitement, il n&#8217;y a pas d&#8217;application chirurgicale telle que des coupures ou des points de suture, de sorte que les tissus sains de la r\u00e9gion anale ne soient pas endommag\u00e9s.<\/p>\n<p>En chirurgie classique, les tampons sont plac\u00e9s dans l&#8217;anus, cette application ne se retrouve pas dans les traitements non chirurgicaux<\/p>\n<p>Imm\u00e9diatement apr\u00e8s le traitement, la personne peut reprendre sa vie quotidienne.<\/p>\n<p>Les personnes atteintes de maladies syst\u00e9miques et chroniques peuvent \u00e9galement facilement effectuer une th\u00e9rapie au laser sans chirurgie. Les patients souffrant d&#8217;hypertension art\u00e9rielle, de diab\u00e8te et de maladies cardiaques peuvent continuer \u00e0 utiliser leurs m\u00e9dicaments habituels.<\/p>\n<p>Les complications telles que l&#8217;incontinence gazeuse et l&#8217;incontinence f\u00e9cale, qui sont observ\u00e9es apr\u00e8s la chirurgie, ne sont pas rencontr\u00e9es dans les m\u00e9thodes de traitement non chirurgicales que nous appliquons.<\/p>\n<p>Les patients peuvent \u00eatre examin\u00e9s et trait\u00e9s le m\u00eame jour. Apr\u00e8s un traitement sans chirurgie de l&#8217;abc\u00e8s p\u00e9rianal , une personne peut reprendre sa vie sociale et professionnelle<\/p>\n<p>[\/vc_column_text][vc_empty_space height=&#8221;15&#8243;]<h2 class=\"box-header\">Pourquoi devrais-je choisir de Avrupa Cerrahi ?<\/h2>[vc_column_text]Nous traitons les patients qui viennent pour une chirurgie de l&#8217;abc\u00e8s perianal avec des techniques au laser sans chirurgie et avec nos 17 ann\u00e9es de connaissances.<\/p>\n<p>Nous suivons toutes les derni\u00e8res informations et d\u00e9veloppements li\u00e9s \u00e0 la proctologie (maladies de l&#8217;anus), aux sources internes et externes, et appliquons notre m\u00e9thode de traitement sp\u00e9ciale de mani\u00e8re ouverte aux innovations.<br \/>\n[\/vc_column_text][\/vc_column][\/vc_row][vc_row][vc_column css=&#8221;.vc_custom_1536849658368{background-position: center !important;background-repeat: no-repeat !important;background-size: cover !important;}&#8221; el_class=&#8221;padding-bottom-128 column-limited&#8221;][vc_empty_space height=&#8221;15&#8243;]<h2 class=\"box-header black align-center large\">Contactez-nous<\/h2>[vc_empty_space height=&#8221;15&#8243;]\n<div class=\"wpcf7 no-js\" id=\"wpcf7-f5761-o1\" lang=\"en-US\" dir=\"ltr\" data-wpcf7-id=\"5761\">\n<div class=\"screen-reader-response\"><p role=\"status\" aria-live=\"polite\" aria-atomic=\"true\"><\/p> <ul><\/ul><\/div>\n<form action=\"\/fr\/wp-json\/wp\/v2\/pages\/5225#wpcf7-f5761-o1\" method=\"post\" class=\"wpcf7-form init\" aria-label=\"Contact form\" novalidate=\"novalidate\" data-status=\"init\">\n<fieldset class=\"hidden-fields-container\"><input type=\"hidden\" name=\"_wpcf7\" value=\"5761\" \/><input type=\"hidden\" name=\"_wpcf7_version\" value=\"6.1.5\" \/><input type=\"hidden\" name=\"_wpcf7_locale\" value=\"en_US\" \/><input type=\"hidden\" name=\"_wpcf7_unit_tag\" value=\"wpcf7-f5761-o1\" \/><input type=\"hidden\" name=\"_wpcf7_container_post\" value=\"0\" \/><input type=\"hidden\" name=\"_wpcf7_posted_data_hash\" value=\"\" \/><input type=\"hidden\" name=\"_wpcf7_recaptcha_response\" value=\"\" \/>\n<\/fieldset>\n<p><label class=\"forms\">Nom et Pr\u00e9nom<\/label>\n<\/p>\n<div class=\"yeniForm\" style=\"width:100%;\">\n\t<p><span class=\"wpcf7-form-control-wrap\" data-name=\"text-947\"><input size=\"40\" maxlength=\"400\" class=\"wpcf7-form-control wpcf7-text wpcf7-validates-as-required\" aria-required=\"true\" aria-invalid=\"false\" placeholder=\"Nom et Pr\u00e9nom\" value=\"\" type=\"text\" name=\"text-947\" \/><\/span>\n\t<\/p>\n<\/div>\n<p><label class=\"forms\">Votre num\u00e9ro de t\u00e9l\u00e9phone<\/label>\n<\/p>\n<div class=\"yeniForm form-size\" style=\"width:100%;\">\n\t<p><span class=\"wpcf7-form-control-wrap\" data-name=\"phonetext-104\"><input size=\"40\" class=\"wpcf7-form-control wpcf7-phonetext wpcf7-validates-as-required wpcf7-text wpcf7-validates-as-phonetext\" aria-required=\"true\" aria-invalid=\"false\" value=\"+33\" type=\"text\" name=\"phonetext-104\" \/><input type=\"hidden\" name=\"phonetext-104-country-code\" class=\"wpcf7-phonetext-country-code\" \/><\/span>\n\t<\/p>\n<\/div>\n<p><label class=\"forms\">message<\/label>\n<\/p>\n<div class=\"yeniForm text-form\" style=\"width:100%; \">\n\t<p><span class=\"wpcf7-form-control-wrap\" data-name=\"text-751\"><input size=\"40\" maxlength=\"400\" class=\"wpcf7-form-control wpcf7-text\" aria-invalid=\"false\" placeholder=\"Message\" value=\"\" type=\"text\" name=\"text-751\" \/><\/span>\n\t<\/p>\n<\/div>\n<div class=\"yeniFormBtn\" style=\"width:100%;\">\n\t<p><input class=\"wpcf7-form-control wpcf7-submit has-spinner\" type=\"submit\" value=\"Envoyer\" \/>\n\t<\/p>\n<\/div>\n<style>\n .yeniForm input{\n background: #f0f0f0;\n border: none;\n}\n .yeniFormBtn input{\n background: #3b72ae;\n margin-top: 15px;\n color: white;}\n .text-form input{\n height:120px;\n }\n .flag-container{\n background: #d1d1d1;\n width: 57px;\n}\n .selected-flag{\n background: #d1d1d1;\n\n}\n\n .form-size input{\n left: 18px;\n width: 98% !important;\n font-weight: bold;\n}\ninput.wpcf7-form-control.wpcf7-text.wpcf7-phonetext.wpcf7-validates-as-required.wpcf7-validates-as-phonetext {\n font-weight: bold;\n}\n<\/style><input type='hidden' class='wpcf7-pum' value='{\"closepopup\":false,\"closedelay\":0,\"openpopup\":false,\"openpopup_id\":0}' \/><div class=\"wpcf7-response-output\" aria-hidden=\"true\"><\/div>\n<\/form>\n<\/div>\n[vc_empty_space height=&#8221;15&#8243;][vc_separator][vc_empty_space height=&#8221;15&#8243;]<h2 class=\"box-header black align-center large\">NOS PARTENAIRES<\/h2>[vc_empty_space height=&#8221;15&#8243;][vc_images_carousel images=&#8221;5153,5157,5158,5203&#8243; img_size=&#8221;full&#8221; speed=&#8221;3000&#8243; slides_per_view=&#8221;4&#8243; hide_pagination_control=&#8221;yes&#8221; hide_prev_next_buttons=&#8221;yes&#8221; wrap=&#8221;yes&#8221;][vc_empty_space height=&#8221;15&#8243;][\/vc_column][\/vc_row]<\/p>\n","protected":false},"excerpt":{"rendered":"<p>[vc_row][vc_column width=&#8221;1\/2&#8243;][vc_empty_space][vc_raw_html]JTNDYSUyMGRhdGEtZmFuY3lib3glM0QlMjJnYWxsZXJ5JTIyJTIwaHJlZiUzRCUyMmh0dHBzJTNBJTJGJTJGd3d3LnlvdXR1YmUuY29tJTJGd2F0Y2glM0Z2JTNERi04NXhSekR1NDQlMjIlMjBjbGFzcyUzRCUyMnZpZGVvLWJveCUyMiUzRSUwQSUyMCUyMCUyMCUyMCUzQ2ltZyUyMHNyYyUzRCUyMmh0dHBzJTNBJTJGJTJGYXZydXBhY2VycmFoaS5jb20udHIlMkZ3cC1jb250ZW50JTJGdXBsb2FkcyUyRjIwMjElMkYwMiUyRmZpc3R1bC1uZWRpci5qcGclMjIlMjBhbHQlM0QlMjJpbWFnZSUyMiUzRSUwQSUyMCUyMCUyMCUyMCUzQ2RpdiUyMGNsYXNzJTNEJTIydmlkZW8tYm94X19pY29uJTIyJTNFJTNDZGl2JTIwY2xhc3MlM0QlMjJ2aWRlby1ib3hfX2ljb24tLXBsYXklMjIlM0UlM0NzdmclMjB2aWV3Qm94JTNEJTIyMCUyMDAlMjAyNCUyMDI0JTIyJTIwd2lkdGglM0QlMjIyNCUyMiUyMGhlaWdodCUzRCUyMjI0JTIyJTNFJTNDcGF0aCUyMGZpbGwlM0QlMjJub25lJTIyJTIwZCUzRCUyMk0wJTIwMGgyNHYyNEgweiUyMiUyRiUzRSUzQ3BhdGglMjBkJTNEJTIyTTE5LjM3NiUyMDEyLjQxNkw4Ljc3NyUyMDE5LjQ4MkEuNS41JTIwMCUyMDAlMjAxJTIwOCUyMDE5LjA2NlY0LjkzNGEuNS41JTIwMCUyMDAlMjAxJTIwLjc3Ny0uNDE2bDEwLjU5OSUyMDcuMDY2YS41LjUlMjAwJTIwMCUyMDElMjAwJTIwLjgzMnolMjIlMkYlM0UlM0MlMkZzdmclM0UlM0MlMkZkaXYlM0UlM0MlMkZkaXYlM0UlMEElM0MlMkZhJTNF[\/vc_raw_html][\/vc_column][vc_column width=&#8221;1\/2&#8243; el_class=&#8221;padding-left-30&#8243;][vc_empty_space][vc_raw_html]JTNDYSUyMGRhdGEtZmFuY3lib3glM0QlMjJnYWxsZXJ5JTIyJTIwaHJlZiUzRCUyMmh0dHBzJTNBJTJGJTJGd3d3LnlvdXR1YmUuY29tJTJGd2F0Y2glM0Z2JTNEUlBHS2duNW82blElMjIlMjBjbGFzcyUzRCUyMnZpZGVvLWJveCUyMiUzRSUwQSUyMCUyMCUyMCUyMCUzQ2ltZyUyMHNyYyUzRCUyMmh0dHBzJTNBJTJGJTJGYXZydXBhY2VycmFoaS5uZXQlMkZlbiUyRndwLWNvbnRlbnQlMkZ1cGxvYWRzJTJGMjAyMiUyRjEyJTJGbWFrYXRhcHNlc2kta2FwYWstZW5nLmpwZyUyMmltYWdlJTIyJTNFJTBBJTIwJTIwJTIwJTIwJTNDZGl2JTIwY2xhc3MlM0QlMjJ2aWRlby1ib3hfX2ljb24lMjIlM0UlM0NkaXYlMjBjbGFzcyUzRCUyMnZpZGVvLWJveF9faWNvbi0tcGxheSUyMiUzRSUzQ3N2ZyUyMHZpZXdCb3glM0QlMjIwJTIwMCUyMDI0JTIwMjQlMjIlMjB3aWR0aCUzRCUyMjI0JTIyJTIwaGVpZ2h0JTNEJTIyMjQlMjIlM0UlM0NwYXRoJTIwZmlsbCUzRCUyMm5vbmUlMjIlMjBkJTNEJTIyTTAlMjAwaDI0djI0SDB6JTIyJTJGJTNFJTNDcGF0aCUyMGQlM0QlMjJNMTkuMzc2JTIwMTIuNDE2TDguNzc3JTIwMTkuNDgyQS41LjUlMjAwJTIwMCUyMDElMjA4JTIwMTkuMDY2VjQuOTM0YS41LjUlMjAwJTIwMCUyMDElMjAuNzc3LS40MTZsMTAuNTk5JTIwNy4wNjZhLjUuNSUyMDAlMjAwJTIwMSUyMDAlMjAuODMyeiUyMiUyRiUzRSUzQyUyRnN2ZyUzRSUzQyUyRmRpdiUzRSUzQyUyRmRpdiUzRSUwQSUzQyUyRmElM0U=[\/vc_raw_html][\/vc_column][\/vc_row][vc_row][vc_column][vc_column_text]Il se produit principalement en raison d&#8217;une inflammation du canal anal. L&#8217;abc\u00e8s anal, qui est l&#8217;un des troubles cliniques les plus courants dans le domaine de la proctologie, peut pr\u00e9senter des caract\u00e9ristiques diff\u00e9rentes selon la localisation de l&#8217;anus. L&#8217;abc\u00e8s p\u00e9rianal est caus\u00e9 par l&#8217;accumulation de pus \u00e0 la suite d&#8217;une inflammation autour<\/p>\n","protected":false},"author":1,"featured_media":0,"parent":0,"menu_order":0,"comment_status":"closed","ping_status":"closed","template":"","meta":{"footnotes":""},"class_list":["post-5225","page","type-page","status-publish","hentry"],"aioseo_notices":[],"_links":{"self":[{"href":"https:\/\/avrupacerrahi.net\/fr\/wp-json\/wp\/v2\/pages\/5225","targetHints":{"allow":["GET"]}}],"collection":[{"href":"https:\/\/avrupacerrahi.net\/fr\/wp-json\/wp\/v2\/pages"}],"about":[{"href":"https:\/\/avrupacerrahi.net\/fr\/wp-json\/wp\/v2\/types\/page"}],"author":[{"embeddable":true,"href":"https:\/\/avrupacerrahi.net\/fr\/wp-json\/wp\/v2\/users\/1"}],"replies":[{"embeddable":true,"href":"https:\/\/avrupacerrahi.net\/fr\/wp-json\/wp\/v2\/comments?post=5225"}],"version-history":[{"count":35,"href":"https:\/\/avrupacerrahi.net\/fr\/wp-json\/wp\/v2\/pages\/5225\/revisions"}],"predecessor-version":[{"id":6144,"href":"https:\/\/avrupacerrahi.net\/fr\/wp-json\/wp\/v2\/pages\/5225\/revisions\/6144"}],"wp:attachment":[{"href":"https:\/\/avrupacerrahi.net\/fr\/wp-json\/wp\/v2\/media?parent=5225"}],"curies":[{"name":"wp","href":"https:\/\/api.w.org\/{rel}","templated":true}]}}