{"id":5261,"date":"2022-05-06T17:09:43","date_gmt":"2022-05-06T14:09:43","guid":{"rendered":"https:\/\/avrupacerrahi.com.tr\/en\/?page_id=5261"},"modified":"2024-04-24T16:12:00","modified_gmt":"2024-04-24T13:12:00","slug":"saignement-de-lanus-saignement-rectal","status":"publish","type":"page","link":"https:\/\/avrupacerrahi.net\/fr\/saignement-de-lanus-saignement-rectal\/","title":{"rendered":"Saignement de l&#8217;anus (saignement rectal)"},"content":{"rendered":"<p>[vc_row][vc_column width=&#8221;1\/2&#8243;][vc_empty_space][vc_raw_html]JTNDYSUyMGRhdGEtZmFuY3lib3glM0QlMjJnYWxsZXJ5JTIyJTIwaHJlZiUzRCUyMmh0dHBzJTNBJTJGJTJGd3d3LnlvdXR1YmUuY29tJTJGd2F0Y2glM0Z2JTNERi04NXhSekR1NDQlMjIlMjBjbGFzcyUzRCUyMnZpZGVvLWJveCUyMiUzRSUwQSUyMCUyMCUyMCUyMCUzQ2ltZyUyMHNyYyUzRCUyMmh0dHBzJTNBJTJGJTJGYXZydXBhY2VycmFoaS5uZXQlMkZlbiUyRndwLWNvbnRlbnQlMkZ1cGxvYWRzJTJGMjAyMiUyRjA0JTJGaGVtb3JvaWQtY25uLWluZ2lsaXpjZS5qcGclMjIlMjBhbHQlM0QlMjJpbWFnZSUyMiUzRSUwQSUyMCUyMCUyMCUyMCUzQ2RpdiUyMGNsYXNzJTNEJTIydmlkZW8tYm94X19pY29uJTIyJTNFJTNDZGl2JTIwY2xhc3MlM0QlMjJ2aWRlby1ib3hfX2ljb24tLXBsYXklMjIlM0UlM0NzdmclMjB2aWV3Qm94JTNEJTIyMCUyMDAlMjAyNCUyMDI0JTIyJTIwd2lkdGglM0QlMjIyNCUyMiUyMGhlaWdodCUzRCUyMjI0JTIyJTNFJTNDcGF0aCUyMGZpbGwlM0QlMjJub25lJTIyJTIwZCUzRCUyMk0wJTIwMGgyNHYyNEgweiUyMiUyRiUzRSUzQ3BhdGglMjBkJTNEJTIyTTE5LjM3NiUyMDEyLjQxNkw4Ljc3NyUyMDE5LjQ4MkEuNS41JTIwMCUyMDAlMjAxJTIwOCUyMDE5LjA2NlY0LjkzNGEuNS41JTIwMCUyMDAlMjAxJTIwLjc3Ny0uNDE2bDEwLjU5OSUyMDcuMDY2YS41LjUlMjAwJTIwMCUyMDElMjAwJTIwLjgzMnolMjIlMkYlM0UlM0MlMkZzdmclM0UlM0MlMkZkaXYlM0UlM0MlMkZkaXYlM0UlMEElM0MlMkZhJTNF[\/vc_raw_html][\/vc_column][vc_column width=&#8221;1\/2&#8243; el_class=&#8221;padding-left-30&#8243;][vc_empty_space][vc_raw_html]JTNDYSUyMGRhdGEtZmFuY3lib3glM0QlMjJnYWxsZXJ5JTIyJTIwaHJlZiUzRCUyMmh0dHBzJTNBJTJGJTJGd3d3LnlvdXR1YmUuY29tJTJGd2F0Y2glM0Z2JTNEWUJqVlNmaVJXUzglMjIlMjBjbGFzcyUzRCUyMnZpZGVvLWJveCUyMiUzRSUwQSUyMCUyMCUyMCUyMCUzQ2ltZyUyMHNyYyUzRCUyMmh0dHBzJTNBJTJGJTJGYXZydXBhY2VycmFoaS5uZXQlMkZlbiUyRndwLWNvbnRlbnQlMkZ1cGxvYWRzJTJGMjAyMiUyRjEyJTJGcmVrdGFsa2FuYW1hLWthcGFrLWVuZy5qcGclMjIlMjBhbHQlM0QlMjJpbWFnZSUyMiUzRSUwQSUyMCUyMCUyMCUyMCUzQ2RpdiUyMGNsYXNzJTNEJTIydmlkZW8tYm94X19pY29uJTIyJTNFJTNDZGl2JTIwY2xhc3MlM0QlMjJ2aWRlby1ib3hfX2ljb24tLXBsYXklMjIlM0UlM0NzdmclMjB2aWV3Qm94JTNEJTIyMCUyMDAlMjAyNCUyMDI0JTIyJTIwd2lkdGglM0QlMjIyNCUyMiUyMGhlaWdodCUzRCUyMjI0JTIyJTNFJTNDcGF0aCUyMGZpbGwlM0QlMjJub25lJTIyJTIwZCUzRCUyMk0wJTIwMGgyNHYyNEgweiUyMiUyRiUzRSUzQ3BhdGglMjBkJTNEJTIyTTE5LjM3NiUyMDEyLjQxNkw4Ljc3NyUyMDE5LjQ4MkEuNS41JTIwMCUyMDAlMjAxJTIwOCUyMDE5LjA2NlY0LjkzNGEuNS41JTIwMCUyMDAlMjAxJTIwLjc3Ny0uNDE2bDEwLjU5OSUyMDcuMDY2YS41LjUlMjAwJTIwMCUyMDElMjAwJTIwLjgzMnolMjIlMkYlM0UlM0MlMkZzdmclM0UlM0MlMkZkaXYlM0UlM0MlMkZkaXYlM0UlMEElM0MlMkZhJTNF[\/vc_raw_html][\/vc_column][\/vc_row][vc_row][vc_column][vc_empty_space height=&#8221;15&#8243;][vc_separator][vc_empty_space height=&#8221;15&#8243;][vc_empty_space height=&#8221;15&#8243;]<h2 class=\"box-header\">Qu'est-ce qu'un saignement rectal ?<\/h2>[vc_column_text]Le saignement de l&#8217;anus est m\u00e9dicalement appel\u00e9 saignement rectal. Les saignements de l&#8217;anus (saignements rectaux) peuvent \u00eatre caus\u00e9s par des maladies de l&#8217;anus et de ses environs, p\u00e9rianales ou des maladies provenant du tube digestif inf\u00e9rieur. Le saignement anal est une maladie qui entra\u00eene des changements dans les habitudes alimentaires et de toilette et r\u00e9duit la qualit\u00e9 de vie du patient.<\/p>\n<p>Les saignements rectaux peuvent \u00eatre le sympt\u00f4me de nombreuses maladies. Le saignement des <b><a href=\"https:\/\/avrupacerrahi.net\/fr\/quelles-sont-les-methodes-de-prevention-des-hemorroides\/\">h\u00e9morro\u00efdes<\/a><\/b> ou des fissures peut \u00eatre consid\u00e9r\u00e9 comme un pr\u00e9curseur de probl\u00e8mes graves tels que le cancer du rectum. La gravit\u00e9 des saignements varie en fonction de la condition qui provoque le saignement.<\/p>\n<p>Les saignements peuvent g\u00e9n\u00e9ralement se produire en grande quantit\u00e9 et remplir la cuvette des toilettes pendant une selle, ou peuvent \u00eatre vus comme des taches sur une serviette ou un sous-v\u00eatement. Les saignements peuvent \u00eatre aussi bien douloureux qu&#8217;indolores.<\/p>\n<p>Chez les patients pr\u00e9sentant des saignements rectaux, l&#8217;examen de la r\u00e9gion rectale est n\u00e9cessaire pour d\u00e9terminer la cause. Ceci malgr\u00e9 le fait que les patients h\u00e9sitent g\u00e9n\u00e9ralement \u00e0 aller chez le m\u00e9decin parce qu&#8217;ils ont honte de l&#8217;examen. Avec un retard dans le traitement, la maladie peut devenir grave. La cause du saignement doit \u00eatre d\u00e9termin\u00e9e correctement et un proctologue doit \u00eatre consult\u00e9 pour un diagnostic pr\u00e9coce. Sinon, la maladie peut progresser et causer plus d&#8217;une maladie.<br \/>\n[\/vc_column_text][vc_empty_space height=&#8221;15&#8243;]<h2 class=\"box-header\">Pourquoi le sang sort-il de l'anus ?<\/h2>[vc_column_text]Les saignements rectaux, qui sont fr\u00e9quents dans la communaut\u00e9, peuvent indiquer des maladies rectales. Par cons\u00e9quent, lorsque les patients pr\u00e9sentent des sympt\u00f4mes de saignement rectal, ils doivent rechercher la cause du saignement. Le saignement rectal peut souvent \u00eatre un sympt\u00f4me de maladies telles que les h\u00e9morro\u00efdes, les fissures anales, le syndrome du c\u00f4lon irritable, la colite ulc\u00e9reuse et les maladies intestinales telles que la maladie de Crohn, les polypes du c\u00f4lon, ou il peut \u00eatre caus\u00e9 par un cancer du c\u00f4lon et du rectum.<br \/>\n[\/vc_column_text][vc_empty_space height=&#8221;15&#8243;]<h2 class=\"box-header\">Quels sont les sympt\u00f4mes du saignement rectal ?<\/h2>[vc_column_text]Le saignement rectal est l&#8217;un des sympt\u00f4mes les plus importants des maladies rectales et intestinales et doit \u00eatre pris en consid\u00e9ration. Les saignements rectaux repr\u00e9sentent 20 \u00e0 30 % des saignements gastro-intestinaux. Les principales causes de saignement rectal sont :<\/p>\n<p>Les saignements rectaux peuvent \u00eatre des fuites ou des gouttes ou des saignements actifs abondants. Dans certains cas, de l\u00e9gers saignements peuvent \u00eatre observ\u00e9s sur le papier toilette.<\/p>\n<p>Les saignements rectaux sont plus fr\u00e9quents chez les femmes. Parce que les troubles de diverticulite et d&#8217;angiodysplasie (anomalies de la structure vasculaire) sont plus fr\u00e9quents chez les femmes. Cette condition provoque des saignements rectaux.<\/p>\n<p>Les saignements rectaux qui proviennent du c\u00f4t\u00e9 gauche du c\u00f4lon, pr\u00e8s de l&#8217;anus, apparaissent en rouge vif.<\/p>\n<p>Les saignements du rectum sont g\u00e9n\u00e9ralement de couleur rouge \u00e0 noire et peuvent \u00eatre des saignements occultes m\u00e9lang\u00e9s \u00e0 des selles. Il peut souvent montrer des signes d&#8217;an\u00e9mie<\/p>\n<p>Le saignement de l&#8217;estomac et du duod\u00e9num est appel\u00e9 m\u00e9l\u00e9na. Le saignement de Melena est un saignement noir. \u00c9tant donn\u00e9 que le sang est dig\u00e9r\u00e9 dans le saignement de m\u00e9l\u00e9na, la couleur du saignement est consid\u00e9r\u00e9e comme noire.<\/p>\n<p>Ignorer les saignements rectaux peut provoquer une an\u00e9mie chez le patient. Il peut provoquer des sympt\u00f4mes tels que faiblesse, essoufflement, fatigue, d\u00e9pression.<br \/>\n[\/vc_column_text][vc_empty_space height=&#8221;15&#8243;]<h2 class=\"box-header\">Comment traite-t-on les saignements rectaux?<\/h2>[vc_column_text]Le saignement rectal est l&#8217;un des sympt\u00f4mes des maladies rectales. Si ces saignements sont aigus, il est possible qu&#8217;ils s&#8217;arr\u00eatent spontan\u00e9ment. Chez un patient pr\u00e9sentant un saignement rectal, le patient est d&#8217;abord interrog\u00e9 sur la dur\u00e9e du saignement, la couleur, les habitudes des selles, les r\u00e9sultats associ\u00e9s au saignement, et avec un examen d\u00e9taill\u00e9, un diagnostic pr\u00e9liminaire est \u00e9tabli concernant les causes possibles du saignement. \u00c0 l&#8217;examen physique, des signes tels que des h\u00e9morro\u00efdes, des fissures et des polypes rectaux peuvent \u00eatre directement diagnostiqu\u00e9s, et des examens endoscopiques peuvent \u00eatre n\u00e9cessaires pour des causes de saignement qui ne sont pas visibles \u00e0 l&#8217;examen physique.<\/p>\n<p>\u00c0 l&#8217;aide de la rectosigmo\u00efdoscopie, la membrane muqueuse recouvrant l&#8217;int\u00e9rieur du rectum (30 \u00e0 40 cm de long qui relie le c\u00f4lon \u00e0 l&#8217;anus) est examin\u00e9e. Dans certains cas, une coloscopie, c&#8217;est-\u00e0-dire un examen de tout le gros intestin, peut \u00e9galement \u00eatre effectu\u00e9e. Le patient est examin\u00e9 par un proctologue et il est d\u00e9termin\u00e9 quelle m\u00e9thode endoscopique utiliser. L&#8217;endoscopie aide non seulement \u00e0 diagnostiquer la maladie, mais aussi \u00e0 trouver la source du saignement et \u00e0 l&#8217;arr\u00eater. Apr\u00e8s avoir d\u00e9termin\u00e9 la cause du saignement, la m\u00e9thode de traitement la plus appropri\u00e9e est choisie pour le patient<\/p>\n<p>Il existe des m\u00e9thodes non chirurgicales et chirurgicales pour traiter les saignements caus\u00e9s par les h\u00e9morro\u00efdes (h\u00e9morro\u00efdes), les fissures anales et les polypes<\/p>\n<p>Au Centre europ\u00e9en de chirurgie, les patients pr\u00e9sentant des saignements anaux apr\u00e8s un examen physique d\u00e9taill\u00e9 et apr\u00e8s avoir diagnostiqu\u00e9 la cause du saignement, si la cause du saignement est une maladie b\u00e9nigne (b\u00e9nigne) de l&#8217;anus, des h\u00e9morro\u00efdes, des fissures anales, des polypes, etc., peut \u00eatre examin\u00e9 et fait le traitement le jour m\u00eame. Le traitement avec des m\u00e9thodes laser sans chirurgie n\u00e9cessite un temps tr\u00e8s court. Avec l&#8217;anesth\u00e9sie r\u00e9gionale, vous pouvez \u00eatre trait\u00e9 et reprendre votre vie sociale et professionnelle le jour m\u00eame.<\/p>\n<p>[\/vc_column_text][\/vc_column][\/vc_row][vc_row][vc_column][vc_separator][vc_empty_space height=&#8221;15&#8243;]<h2 class=\"box-header align-left\">Vid\u00e9os recommand\u00e9es pour les saignements rectaux<\/h2>[vc_row_inner top_margin=&#8221;page-margin-top-section&#8221; el_class=&#8221;flex-box&#8221;][vc_column_inner width=&#8221;1\/3&#8243;][vc_raw_html]JTNDYSUyMGRhdGEtZmFuY3lib3glM0QlMjJnYWxsZXJ5JTIyJTIwaHJlZiUzRCUyMmh0dHBzJTNBJTJGJTJGd3d3LnlvdXR1YmUuY29tJTJGd2F0Y2glM0Z2JTNEZkdvb3ZPVjVYY2clMjIlMjBjbGFzcyUzRCUyMnZpZGVvLWJveCUyMiUzRSUwQSUyMCUyMCUyMCUyMCUzQ2ltZyUyMHNyYyUzRCUyMmh0dHBzJTNBJTJGJTJGYXZydXBhY2VycmFoaS5jb20udHIlMkZ3cC1jb250ZW50JTJGdXBsb2FkcyUyRjIwMjElMkYwMiUyRmFuYWwtZmlzc3VyLWF5YWt0YW4tdGVkYXZpLmpwZyUyMiUyMGFsdCUzRCUyMmltYWdlJTIyJTNFJTBBJTIwJTIwJTIwJTIwJTNDZGl2JTIwY2xhc3MlM0QlMjJ2aWRlby1ib3hfX2ljb24lMjIlM0UlM0NkaXYlMjBjbGFzcyUzRCUyMnZpZGVvLWJveF9faWNvbi0tcGxheSUyMiUzRSUzQ3N2ZyUyMHZpZXdCb3glM0QlMjIwJTIwMCUyMDI0JTIwMjQlMjIlMjB3aWR0aCUzRCUyMjI0JTIyJTIwaGVpZ2h0JTNEJTIyMjQlMjIlM0UlM0NwYXRoJTIwZmlsbCUzRCUyMm5vbmUlMjIlMjBkJTNEJTIyTTAlMjAwaDI0djI0SDB6JTIyJTJGJTNFJTNDcGF0aCUyMGQlM0QlMjJNMTkuMzc2JTIwMTIuNDE2TDguNzc3JTIwMTkuNDgyQS41LjUlMjAwJTIwMCUyMDElMjA4JTIwMTkuMDY2VjQuOTM0YS41LjUlMjAwJTIwMCUyMDElMjAuNzc3LS40MTZsMTAuNTk5JTIwNy4wNjZhLjUuNSUyMDAlMjAwJTIwMSUyMDAlMjAuODMyeiUyMiUyRiUzRSUzQyUyRnN2ZyUzRSUzQyUyRmRpdiUzRSUzQyUyRmRpdiUzRSUwQSUzQyUyRmElM0U=[\/vc_raw_html][\/vc_column_inner][vc_column_inner width=&#8221;1\/3&#8243;][vc_raw_html]JTNDYSUyMGRhdGEtZmFuY3lib3glM0QlMjJnYWxsZXJ5JTIyJTIwaHJlZiUzRCUyMmh0dHBzJTNBJTJGJTJGd3d3LnlvdXR1YmUuY29tJTJGd2F0Y2glM0Z2JTNEY2FxdlRjbmxWR1ElMjIlMjBjbGFzcyUzRCUyMnZpZGVvLWJveCUyMiUzRSUwQSUyMCUyMCUyMCUyMCUzQ2ltZyUyMHNyYyUzRCUyMmh0dHBzJTNBJTJGJTJGYXZydXBhY2VycmFoaS5jb20udHIlMkZ3cC1jb250ZW50JTJGdXBsb2FkcyUyRjIwMjElMkYwMiUyRmFuYWwtZmlzdHVsLWlsZS1hbmFsLWZpc3N1ci5qcGclMjIlMjBhbHQlM0QlMjJpbWFnZSUyMiUzRSUwQSUyMCUyMCUyMCUyMCUzQ2RpdiUyMGNsYXNzJTNEJTIydmlkZW8tYm94X19pY29uJTIyJTNFJTNDZGl2JTIwY2xhc3MlM0QlMjJ2aWRlby1ib3hfX2ljb24tLXBsYXklMjIlM0UlM0NzdmclMjB2aWV3Qm94JTNEJTIyMCUyMDAlMjAyNCUyMDI0JTIyJTIwd2lkdGglM0QlMjIyNCUyMiUyMGhlaWdodCUzRCUyMjI0JTIyJTNFJTNDcGF0aCUyMGZpbGwlM0QlMjJub25lJTIyJTIwZCUzRCUyMk0wJTIwMGgyNHYyNEgweiUyMiUyRiUzRSUzQ3BhdGglMjBkJTNEJTIyTTE5LjM3NiUyMDEyLjQxNkw4Ljc3NyUyMDE5LjQ4MkEuNS41JTIwMCUyMDAlMjAxJTIwOCUyMDE5LjA2NlY0LjkzNGEuNS41JTIwMCUyMDAlMjAxJTIwLjc3Ny0uNDE2bDEwLjU5OSUyMDcuMDY2YS41LjUlMjAwJTIwMCUyMDElMjAwJTIwLjgzMnolMjIlMkYlM0UlM0MlMkZzdmclM0UlM0MlMkZkaXYlM0UlM0MlMkZkaXYlM0UlMEElM0MlMkZhJTNF[\/vc_raw_html][\/vc_column_inner][vc_column_inner width=&#8221;1\/3&#8243;][vc_raw_html]JTNDYSUyMGRhdGEtZmFuY3lib3glM0QlMjJnYWxsZXJ5JTIyJTIwaHJlZiUzRCUyMmh0dHBzJTNBJTJGJTJGd3d3LnlvdXR1YmUuY29tJTJGd2F0Y2glM0Z2JTNEdC13M3BuZkVFWG8lMjIlMjBjbGFzcyUzRCUyMnZpZGVvLWJveCUyMiUzRSUwQSUyMCUyMCUyMCUyMCUzQ2ltZyUyMHNyYyUzRCUyMmh0dHBzJTNBJTJGJTJGYXZydXBhY2VycmFoaS5jb20udHIlMkZ3cC1jb250ZW50JTJGdXBsb2FkcyUyRjIwMjElMkYwMiUyRmZpc3N1ci1tYWtldC1jYXRsYWdpLmpwZyUyMiUyMGFsdCUzRCUyMmltYWdlJTIyJTNFJTBBJTIwJTIwJTIwJTIwJTNDZGl2JTIwY2xhc3MlM0QlMjJ2aWRlby1ib3hfX2ljb24lMjIlM0UlM0NkaXYlMjBjbGFzcyUzRCUyMnZpZGVvLWJveF9faWNvbi0tcGxheSUyMiUzRSUzQ3N2ZyUyMHZpZXdCb3glM0QlMjIwJTIwMCUyMDI0JTIwMjQlMjIlMjB3aWR0aCUzRCUyMjI0JTIyJTIwaGVpZ2h0JTNEJTIyMjQlMjIlM0UlM0NwYXRoJTIwZmlsbCUzRCUyMm5vbmUlMjIlMjBkJTNEJTIyTTAlMjAwaDI0djI0SDB6JTIyJTJGJTNFJTNDcGF0aCUyMGQlM0QlMjJNMTkuMzc2JTIwMTIuNDE2TDguNzc3JTIwMTkuNDgyQS41LjUlMjAwJTIwMCUyMDElMjA4JTIwMTkuMDY2VjQuOTM0YS41LjUlMjAwJTIwMCUyMDElMjAuNzc3LS40MTZsMTAuNTk5JTIwNy4wNjZhLjUuNSUyMDAlMjAwJTIwMSUyMDAlMjAuODMyeiUyMiUyRiUzRSUzQyUyRnN2ZyUzRSUzQyUyRmRpdiUzRSUzQyUyRmRpdiUzRSUwQSUzQyUyRmElM0U=[\/vc_raw_html][\/vc_column_inner][\/vc_row_inner][vc_empty_space height=&#8221;15&#8243;][vc_separator][vc_empty_space height=&#8221;15&#8243;][\/vc_column][\/vc_row][vc_row][vc_column css=&#8221;.vc_custom_1536849658368{background-position: center !important;background-repeat: no-repeat !important;background-size: cover !important;}&#8221; el_class=&#8221;padding-bottom-128 column-limited&#8221;][vc_empty_space height=&#8221;15&#8243;][vc_separator][vc_empty_space height=&#8221;15&#8243;]<h2 class=\"box-header\">Avantages du traitement des saignements rectaux sans chirurgie<\/h2>[vc_column_text]Le traitement des saignements rectaux sans chirurgie prend 5 \u00e0 8 minutes.<\/p>\n<p>Cela se fait rapidement et sans hospitalisation<\/p>\n<p>Elle se fait sans anesth\u00e9sie g\u00e9n\u00e9rale, avec anesth\u00e9sie r\u00e9gionale ou locale.<\/p>\n<p>On n&#8217;a besoin d&#8217;aucune pr\u00e9paration pr\u00e9alable<\/p>\n<p>Aucun test ou analyse suppl\u00e9mentaire n&#8217;est requis. Le patient est \u00e9veill\u00e9 pendant l&#8217;op\u00e9ration.<\/p>\n<p>La quantit\u00e9 de douleur pendant et apr\u00e8s l&#8217;op\u00e9ration est tr\u00e8s faible.<\/p>\n<p>il n&#8217;y a pas d&#8217;application chirurgicale telle que des coupures ou des points de suture, de sorte que les tissus sains de la r\u00e9gion anale ne soient pas endommag\u00e9s.<\/p>\n<p>En chirurgie classique, les tampons sont plac\u00e9s dans l&#8217;anus, cette application ne se retrouve pas dans les traitements non chirurgicaux<\/p>\n<p>Imm\u00e9diatement apr\u00e8s le traitement, la personne peut reprendre sa vie quotidienne.<\/p>\n<p>Les personnes atteintes de maladies syst\u00e9miques et chroniques peuvent \u00e9galement facilement effectuer une th\u00e9rapie au laser sans chirurgie. Les patients souffrant d&#8217;hypertension art\u00e9rielle, de diab\u00e8te et de maladies cardiaques peuvent continuer \u00e0 utiliser leurs m\u00e9dicaments habituels.<\/p>\n<p>Les complications telles que l&#8217;incontinence gazeuse et l&#8217;incontinence f\u00e9cale, qui sont observ\u00e9es apr\u00e8s la chirurgie, ne sont pas rencontr\u00e9es dans les m\u00e9thodes de traitement non chirurgicales que nous appliquons.<\/p>\n<p>Les patients peuvent \u00eatre examin\u00e9s et trait\u00e9s le m\u00eame jour. Apr\u00e8s un traitement sans chirurgie du saignement rectal, une personne peut reprendre sa vie sociale et professionnelle<\/p>\n<p>[\/vc_column_text][vc_empty_space height=&#8221;15&#8243;][vc_separator][vc_empty_space height=&#8221;15&#8243;]<h2 class=\"box-header\">Pourquoi devrais-je choisir de Avrupa Cerrahi ?<\/h2>[vc_column_text]Nous traitons les patients qui viennent pour une chirurgie du saignement rectal avec des techniques au laser sans chirurgie et avec nos 17 ann\u00e9es de connaissances.<\/p>\n<p>Nous suivons toutes les derni\u00e8res informations et d\u00e9veloppements li\u00e9s \u00e0 la proctologie (maladies de l&#8217;anus), aux sources internes et externes, et appliquons notre m\u00e9thode de traitement sp\u00e9ciale de mani\u00e8re ouverte aux innovations.<br \/>\n[\/vc_column_text][vc_empty_space height=&#8221;15&#8243;][vc_separator][vc_empty_space height=&#8221;15&#8243;]<h2 class=\"box-header black align-center large\">Contactez-nous<\/h2>[vc_empty_space height=&#8221;15&#8243;]\n<div class=\"wpcf7 no-js\" id=\"wpcf7-f5761-o1\" lang=\"en-US\" dir=\"ltr\" data-wpcf7-id=\"5761\">\n<div class=\"screen-reader-response\"><p role=\"status\" aria-live=\"polite\" aria-atomic=\"true\"><\/p> <ul><\/ul><\/div>\n<form action=\"\/fr\/wp-json\/wp\/v2\/pages\/5261#wpcf7-f5761-o1\" method=\"post\" class=\"wpcf7-form init\" aria-label=\"Contact form\" novalidate=\"novalidate\" data-status=\"init\">\n<fieldset class=\"hidden-fields-container\"><input type=\"hidden\" name=\"_wpcf7\" value=\"5761\" \/><input type=\"hidden\" name=\"_wpcf7_version\" value=\"6.1.5\" \/><input type=\"hidden\" name=\"_wpcf7_locale\" value=\"en_US\" \/><input type=\"hidden\" name=\"_wpcf7_unit_tag\" value=\"wpcf7-f5761-o1\" \/><input type=\"hidden\" name=\"_wpcf7_container_post\" value=\"0\" \/><input type=\"hidden\" name=\"_wpcf7_posted_data_hash\" value=\"\" \/><input type=\"hidden\" name=\"_wpcf7_recaptcha_response\" value=\"\" \/>\n<\/fieldset>\n<p><label class=\"forms\">Nom et Pr\u00e9nom<\/label>\n<\/p>\n<div class=\"yeniForm\" style=\"width:100%;\">\n\t<p><span class=\"wpcf7-form-control-wrap\" data-name=\"text-947\"><input size=\"40\" maxlength=\"400\" class=\"wpcf7-form-control wpcf7-text wpcf7-validates-as-required\" aria-required=\"true\" aria-invalid=\"false\" placeholder=\"Nom et Pr\u00e9nom\" value=\"\" type=\"text\" name=\"text-947\" \/><\/span>\n\t<\/p>\n<\/div>\n<p><label class=\"forms\">Votre num\u00e9ro de t\u00e9l\u00e9phone<\/label>\n<\/p>\n<div class=\"yeniForm form-size\" style=\"width:100%;\">\n\t<p><span class=\"wpcf7-form-control-wrap\" data-name=\"phonetext-104\"><input size=\"40\" class=\"wpcf7-form-control wpcf7-phonetext wpcf7-validates-as-required wpcf7-text wpcf7-validates-as-phonetext\" aria-required=\"true\" aria-invalid=\"false\" value=\"+33\" type=\"text\" name=\"phonetext-104\" \/><input type=\"hidden\" name=\"phonetext-104-country-code\" class=\"wpcf7-phonetext-country-code\" \/><\/span>\n\t<\/p>\n<\/div>\n<p><label class=\"forms\">message<\/label>\n<\/p>\n<div class=\"yeniForm text-form\" style=\"width:100%; \">\n\t<p><span class=\"wpcf7-form-control-wrap\" data-name=\"text-751\"><input size=\"40\" maxlength=\"400\" class=\"wpcf7-form-control wpcf7-text\" aria-invalid=\"false\" placeholder=\"Message\" value=\"\" type=\"text\" name=\"text-751\" \/><\/span>\n\t<\/p>\n<\/div>\n<div class=\"yeniFormBtn\" style=\"width:100%;\">\n\t<p><input class=\"wpcf7-form-control wpcf7-submit has-spinner\" type=\"submit\" value=\"Envoyer\" \/>\n\t<\/p>\n<\/div>\n<style>\n .yeniForm input{\n background: #f0f0f0;\n border: none;\n}\n .yeniFormBtn input{\n background: #3b72ae;\n margin-top: 15px;\n color: white;}\n .text-form input{\n height:120px;\n }\n .flag-container{\n background: #d1d1d1;\n width: 57px;\n}\n .selected-flag{\n background: #d1d1d1;\n\n}\n\n .form-size input{\n left: 18px;\n width: 98% !important;\n font-weight: bold;\n}\ninput.wpcf7-form-control.wpcf7-text.wpcf7-phonetext.wpcf7-validates-as-required.wpcf7-validates-as-phonetext {\n font-weight: bold;\n}\n<\/style><input type='hidden' class='wpcf7-pum' value='{\"closepopup\":false,\"closedelay\":0,\"openpopup\":false,\"openpopup_id\":0}' \/><div class=\"wpcf7-response-output\" aria-hidden=\"true\"><\/div>\n<\/form>\n<\/div>\n[vc_empty_space height=&#8221;15&#8243;][vc_separator][vc_empty_space height=&#8221;15&#8243;]<h2 class=\"box-header black align-center large\">NOS PARTENAIRES<\/h2>[vc_empty_space height=&#8221;15&#8243;][vc_images_carousel images=&#8221;5153,5157,5158,5203&#8243; img_size=&#8221;full&#8221; speed=&#8221;3000&#8243; slides_per_view=&#8221;4&#8243; hide_pagination_control=&#8221;yes&#8221; hide_prev_next_buttons=&#8221;yes&#8221; wrap=&#8221;yes&#8221;][\/vc_column][\/vc_row]<\/p>\n","protected":false},"excerpt":{"rendered":"<p>[vc_row][vc_column width=&#8221;1\/2&#8243;][vc_empty_space][vc_raw_html]JTNDYSUyMGRhdGEtZmFuY3lib3glM0QlMjJnYWxsZXJ5JTIyJTIwaHJlZiUzRCUyMmh0dHBzJTNBJTJGJTJGd3d3LnlvdXR1YmUuY29tJTJGd2F0Y2glM0Z2JTNERi04NXhSekR1NDQlMjIlMjBjbGFzcyUzRCUyMnZpZGVvLWJveCUyMiUzRSUwQSUyMCUyMCUyMCUyMCUzQ2ltZyUyMHNyYyUzRCUyMmh0dHBzJTNBJTJGJTJGYXZydXBhY2VycmFoaS5uZXQlMkZlbiUyRndwLWNvbnRlbnQlMkZ1cGxvYWRzJTJGMjAyMiUyRjA0JTJGaGVtb3JvaWQtY25uLWluZ2lsaXpjZS5qcGclMjIlMjBhbHQlM0QlMjJpbWFnZSUyMiUzRSUwQSUyMCUyMCUyMCUyMCUzQ2RpdiUyMGNsYXNzJTNEJTIydmlkZW8tYm94X19pY29uJTIyJTNFJTNDZGl2JTIwY2xhc3MlM0QlMjJ2aWRlby1ib3hfX2ljb24tLXBsYXklMjIlM0UlM0NzdmclMjB2aWV3Qm94JTNEJTIyMCUyMDAlMjAyNCUyMDI0JTIyJTIwd2lkdGglM0QlMjIyNCUyMiUyMGhlaWdodCUzRCUyMjI0JTIyJTNFJTNDcGF0aCUyMGZpbGwlM0QlMjJub25lJTIyJTIwZCUzRCUyMk0wJTIwMGgyNHYyNEgweiUyMiUyRiUzRSUzQ3BhdGglMjBkJTNEJTIyTTE5LjM3NiUyMDEyLjQxNkw4Ljc3NyUyMDE5LjQ4MkEuNS41JTIwMCUyMDAlMjAxJTIwOCUyMDE5LjA2NlY0LjkzNGEuNS41JTIwMCUyMDAlMjAxJTIwLjc3Ny0uNDE2bDEwLjU5OSUyMDcuMDY2YS41LjUlMjAwJTIwMCUyMDElMjAwJTIwLjgzMnolMjIlMkYlM0UlM0MlMkZzdmclM0UlM0MlMkZkaXYlM0UlM0MlMkZkaXYlM0UlMEElM0MlMkZhJTNF[\/vc_raw_html][\/vc_column][vc_column width=&#8221;1\/2&#8243; el_class=&#8221;padding-left-30&#8243;][vc_empty_space][vc_raw_html]JTNDYSUyMGRhdGEtZmFuY3lib3glM0QlMjJnYWxsZXJ5JTIyJTIwaHJlZiUzRCUyMmh0dHBzJTNBJTJGJTJGd3d3LnlvdXR1YmUuY29tJTJGd2F0Y2glM0Z2JTNEWUJqVlNmaVJXUzglMjIlMjBjbGFzcyUzRCUyMnZpZGVvLWJveCUyMiUzRSUwQSUyMCUyMCUyMCUyMCUzQ2ltZyUyMHNyYyUzRCUyMmh0dHBzJTNBJTJGJTJGYXZydXBhY2VycmFoaS5uZXQlMkZlbiUyRndwLWNvbnRlbnQlMkZ1cGxvYWRzJTJGMjAyMiUyRjEyJTJGcmVrdGFsa2FuYW1hLWthcGFrLWVuZy5qcGclMjIlMjBhbHQlM0QlMjJpbWFnZSUyMiUzRSUwQSUyMCUyMCUyMCUyMCUzQ2RpdiUyMGNsYXNzJTNEJTIydmlkZW8tYm94X19pY29uJTIyJTNFJTNDZGl2JTIwY2xhc3MlM0QlMjJ2aWRlby1ib3hfX2ljb24tLXBsYXklMjIlM0UlM0NzdmclMjB2aWV3Qm94JTNEJTIyMCUyMDAlMjAyNCUyMDI0JTIyJTIwd2lkdGglM0QlMjIyNCUyMiUyMGhlaWdodCUzRCUyMjI0JTIyJTNFJTNDcGF0aCUyMGZpbGwlM0QlMjJub25lJTIyJTIwZCUzRCUyMk0wJTIwMGgyNHYyNEgweiUyMiUyRiUzRSUzQ3BhdGglMjBkJTNEJTIyTTE5LjM3NiUyMDEyLjQxNkw4Ljc3NyUyMDE5LjQ4MkEuNS41JTIwMCUyMDAlMjAxJTIwOCUyMDE5LjA2NlY0LjkzNGEuNS41JTIwMCUyMDAlMjAxJTIwLjc3Ny0uNDE2bDEwLjU5OSUyMDcuMDY2YS41LjUlMjAwJTIwMCUyMDElMjAwJTIwLjgzMnolMjIlMkYlM0UlM0MlMkZzdmclM0UlM0MlMkZkaXYlM0UlM0MlMkZkaXYlM0UlMEElM0MlMkZhJTNF[\/vc_raw_html][\/vc_column][\/vc_row][vc_row][vc_column][vc_empty_space height=&#8221;15&#8243;][vc_separator][vc_empty_space height=&#8221;15&#8243;][vc_empty_space height=&#8221;15&#8243;][vc_column_text]Le saignement de l&#8217;anus est m\u00e9dicalement appel\u00e9 saignement rectal. Les saignements de l&#8217;anus (saignements rectaux) peuvent \u00eatre caus\u00e9s par des maladies de l&#8217;anus et de ses environs, p\u00e9rianales ou des maladies provenant du tube digestif inf\u00e9rieur. Le saignement anal est une maladie qui entra\u00eene des changements dans les habitudes<\/p>\n","protected":false},"author":1,"featured_media":0,"parent":0,"menu_order":0,"comment_status":"closed","ping_status":"closed","template":"","meta":{"footnotes":""},"class_list":["post-5261","page","type-page","status-publish","hentry"],"aioseo_notices":[],"_links":{"self":[{"href":"https:\/\/avrupacerrahi.net\/fr\/wp-json\/wp\/v2\/pages\/5261","targetHints":{"allow":["GET"]}}],"collection":[{"href":"https:\/\/avrupacerrahi.net\/fr\/wp-json\/wp\/v2\/pages"}],"about":[{"href":"https:\/\/avrupacerrahi.net\/fr\/wp-json\/wp\/v2\/types\/page"}],"author":[{"embeddable":true,"href":"https:\/\/avrupacerrahi.net\/fr\/wp-json\/wp\/v2\/users\/1"}],"replies":[{"embeddable":true,"href":"https:\/\/avrupacerrahi.net\/fr\/wp-json\/wp\/v2\/comments?post=5261"}],"version-history":[{"count":27,"href":"https:\/\/avrupacerrahi.net\/fr\/wp-json\/wp\/v2\/pages\/5261\/revisions"}],"predecessor-version":[{"id":5814,"href":"https:\/\/avrupacerrahi.net\/fr\/wp-json\/wp\/v2\/pages\/5261\/revisions\/5814"}],"wp:attachment":[{"href":"https:\/\/avrupacerrahi.net\/fr\/wp-json\/wp\/v2\/media?parent=5261"}],"curies":[{"name":"wp","href":"https:\/\/api.w.org\/{rel}","templated":true}]}}