{"id":5277,"date":"2022-05-11T12:01:38","date_gmt":"2022-05-11T09:01:38","guid":{"rendered":"https:\/\/avrupacerrahi.com.tr\/en\/?page_id=5277"},"modified":"2024-04-24T16:27:00","modified_gmt":"2024-04-24T13:27:00","slug":"traitement-du-prolapsus-anal-prolapsus-rectal","status":"publish","type":"page","link":"https:\/\/avrupacerrahi.net\/fr\/traitement-du-prolapsus-anal-prolapsus-rectal\/","title":{"rendered":"Traitement du prolapsus anal (prolapsus rectal)"},"content":{"rendered":"<p>[vc_row][vc_column width=&#8221;1\/2&#8243;][vc_empty_space][vc_raw_html]JTNDYSUyMGRhdGEtZmFuY3lib3glM0QlMjJnYWxsZXJ5JTIyJTIwaHJlZiUzRCUyMmh0dHBzJTNBJTJGJTJGd3d3LnlvdXR1YmUuY29tJTJGd2F0Y2glM0Z2JTNEX2luWnR0TFdDaDQlMjZ0JTNEMnMlMjIlMjBjbGFzcyUzRCUyMnZpZGVvLWJveCUyMiUzRSUwQSUyMCUyMCUyMCUyMCUzQ2ltZyUyMHNyYyUzRCUyMmh0dHBzJTNBJTJGJTJGYXZydXBhY2VycmFoaS5uZXQlMkZlbiUyRndwLWNvbnRlbnQlMkZ1cGxvYWRzJTJGMjAyMiUyRjA0JTJGaGVtb3JvaWQtY25uLWluZ2lsaXpjZS5qcGclMjIlMjBhbHQlM0QlMjJpbWFnZSUyMiUzRSUwQSUyMCUyMCUyMCUyMCUzQ2RpdiUyMGNsYXNzJTNEJTIydmlkZW8tYm94X19pY29uJTIyJTNFJTNDZGl2JTIwY2xhc3MlM0QlMjJ2aWRlby1ib3hfX2ljb24tLXBsYXklMjIlM0UlM0NzdmclMjB2aWV3Qm94JTNEJTIyMCUyMDAlMjAyNCUyMDI0JTIyJTIwd2lkdGglM0QlMjIyNCUyMiUyMGhlaWdodCUzRCUyMjI0JTIyJTNFJTNDcGF0aCUyMGZpbGwlM0QlMjJub25lJTIyJTIwZCUzRCUyMk0wJTIwMGgyNHYyNEgweiUyMiUyRiUzRSUzQ3BhdGglMjBkJTNEJTIyTTE5LjM3NiUyMDEyLjQxNkw4Ljc3NyUyMDE5LjQ4MkEuNS41JTIwMCUyMDAlMjAxJTIwOCUyMDE5LjA2NlY0LjkzNGEuNS41JTIwMCUyMDAlMjAxJTIwLjc3Ny0uNDE2bDEwLjU5OSUyMDcuMDY2YS41LjUlMjAwJTIwMCUyMDElMjAwJTIwLjgzMnolMjIlMkYlM0UlM0MlMkZzdmclM0UlM0MlMkZkaXYlM0UlM0MlMkZkaXYlM0UlMEElM0MlMkZhJTNF[\/vc_raw_html][\/vc_column][vc_column width=&#8221;1\/2&#8243; el_class=&#8221;padding-left-30&#8243;][vc_empty_space][vc_raw_html]JTNDYSUyMGRhdGEtZmFuY3lib3glM0QlMjJnYWxsZXJ5JTIyJTIwaHJlZiUzRCUyMmh0dHBzJTNBJTJGJTJGd3d3LnlvdXR1YmUuY29tJTJGd2F0Y2glM0Z2JTNEWUJqVlNmaVJXUzglMjIlMjBjbGFzcyUzRCUyMnZpZGVvLWJveCUyMiUzRSUwQSUyMCUyMCUyMCUyMCUzQ2ltZyUyMHNyYyUzRCUyMmh0dHBzJTNBJTJGJTJGYXZydXBhY2VycmFoaS5uZXQlMkZlbiUyRndwLWNvbnRlbnQlMkZ1cGxvYWRzJTJGMjAyMiUyRjEyJTJGcmVrdGFsa2FuYW1hLWthcGFrLWVuZy5qcGclMjIlMjBhbHQlM0QlMjJpbWFnZSUyMiUzRSUwQSUyMCUyMCUyMCUyMCUzQ2RpdiUyMGNsYXNzJTNEJTIydmlkZW8tYm94X19pY29uJTIyJTNFJTNDZGl2JTIwY2xhc3MlM0QlMjJ2aWRlby1ib3hfX2ljb24tLXBsYXklMjIlM0UlM0NzdmclMjB2aWV3Qm94JTNEJTIyMCUyMDAlMjAyNCUyMDI0JTIyJTIwd2lkdGglM0QlMjIyNCUyMiUyMGhlaWdodCUzRCUyMjI0JTIyJTNFJTNDcGF0aCUyMGZpbGwlM0QlMjJub25lJTIyJTIwZCUzRCUyMk0wJTIwMGgyNHYyNEgweiUyMiUyRiUzRSUzQ3BhdGglMjBkJTNEJTIyTTE5LjM3NiUyMDEyLjQxNkw4Ljc3NyUyMDE5LjQ4MkEuNS41JTIwMCUyMDAlMjAxJTIwOCUyMDE5LjA2NlY0LjkzNGEuNS41JTIwMCUyMDAlMjAxJTIwLjc3Ny0uNDE2bDEwLjU5OSUyMDcuMDY2YS41LjUlMjAwJTIwMCUyMDElMjAwJTIwLjgzMnolMjIlMkYlM0UlM0MlMkZzdmclM0UlM0MlMkZkaXYlM0UlM0MlMkZkaXYlM0UlMEElM0MlMkZhJTNF[\/vc_raw_html][\/vc_column][\/vc_row][vc_row][vc_column]<h2 class=\"box-header\">Qu'est-ce que le prolapsus rectal ?<\/h2>[vc_column_text]Le rectum, qui est d\u00e9crit comme la partie la plus proche et la derni\u00e8re du gros intestin de l&#8217;anus, est appel\u00e9 prolapsus rectal.<\/p>\n<p>\u00c0 la suite d&#8217;un prolapsus de l&#8217;anus, du mucus ou des selles peuvent se d\u00e9velopper apr\u00e8s l&#8217;affaiblissement des muscles qui retiennent les selles appel\u00e9es sphincter. Ce trouble est plus fr\u00e9quent chez les femmes, on le voit aussi chez les femmes qui accouchent souvent. Le prolapsus de l&#8217;anus, qui est plus fr\u00e9quent chez les enfants \u00e2g\u00e9s de 1 \u00e0 4 ans et chez les adultes apr\u00e8s 45 ans, doit \u00eatre trait\u00e9 par un m\u00e9decin sp\u00e9cialiste apr\u00e8s examen.<br \/>\n[\/vc_column_text]<h2 class=\"box-header\">Qu'est-ce qui cause le prolapsus rectal?<\/h2>[vc_column_text]La principale cause de prolapsus rectal est la constipation chronique. Les plaintes de constipation \u00e0 long terme et fr\u00e9quentes rendent l&#8217;anus plus difficile en raison de la pression excessive qu&#8217;il apporte. Cela provoque un prolapsus rectal au fil du temps. Il est efficace pour provoquer le prolapsus rectal, la constipation et la diarrh\u00e9e chronique. En raison du besoin constant de d\u00e9f\u00e9quer, le patient va constamment aux toilettes et, \u00e0 la suite d&#8217;efforts fr\u00e9quents, un prolapsus rectal peut survenir.<\/p>\n<p>De plus, l&#8217;accouchement naturel chez les femmes provoque \u00e9galement un prolapsus de l&#8217;anus. En dehors de ces cas, les raisons qui provoquent un prolapsus rectal sont les suivantes :<\/p>\n<p>L&#8217;habitude de pousser inutilement<\/p>\n<p>Toux persistante due \u00e0 une maladie pulmonaire obstructive chronique<\/p>\n<p>Utilisation continue de laxatifs par les patients souffrant de constipation chronique<\/p>\n<p>Rel\u00e2chement des muscles qui retiennent les selles d\u00fb au vieillissement<\/p>\n<p>Incontinence urinaire due \u00e0 un dysfonctionnement du plancher pelvien<\/p>\n<p>Cette maladie peut rarement \u00eatre h\u00e9r\u00e9ditaire<\/p>\n<p>Maladie de la fibrose kystique<\/p>\n<p>Apr\u00e8s des l\u00e9sions de la moelle \u00e9pini\u00e8re<\/p>\n<p>Bact\u00e9ries parasites et bacilles de la dysenterie<\/p>\n<p>Le prolapsus de l&#8217;anus est \u00e9galement observ\u00e9 \u00e0 la suite de certaines maladies neurologiques.<\/p>\n<p>[\/vc_column_text][vc_empty_space height=&#8221;15&#8243;]<h2 class=\"box-header\">Quels sont les sympt\u00f4mes du prolapsus rectal ?<\/h2>[vc_column_text]Dans le prolapsus de l&#8217;anus, il y a un dysfonctionnement des muscles qui servent \u00e0 la d\u00e9f\u00e9cation. De plus, les sympt\u00f4mes continuent d&#8217;augmenter en raison de la d\u00e9formation contraire \u00e0 l&#8217;anatomie de l&#8217;anus. \u00c0 la suite de ces cas, les sympt\u00f4mes suivants sont observ\u00e9s :<\/p>\n<p>La constipation dans le prolapsus rectal est plus fr\u00e9quente chez les patients d&#8217;\u00e2ge moyen.<\/p>\n<p>En raison de la sensation d&#8217;\u00e9vacuation incompl\u00e8te des selles, le patient a constamment besoin d&#8217;aller aux toilettes. Un patient qui va fr\u00e9quemment aux toilettes fait progresser la maladie en appuyant continuellement<\/p>\n<p>Un patient qui ressent constamment le besoin de d\u00e9f\u00e9quer et de faire des efforts ne peut pas passer beaucoup de temps \u00e0 l&#8217;ext\u00e9rieur de la maison en raison de cette condition. La vie sociale du patient est affect\u00e9e n\u00e9gativement.<\/p>\n<p>L&#8217;incontinence f\u00e9cale et les probl\u00e8mes de gaz sont des plaintes courantes dans le prolapsus rectal. Il est plus fr\u00e9quent chez les patients d&#8217;\u00e2ge moyen. Les plaintes d&#8217;incontinence f\u00e9cale et de gaz sont caus\u00e9es par l&#8217;\u00e9tirement de l&#8217;intestin hors de l&#8217;anus.<\/p>\n<p>La difficult\u00e9 \u00e0 d\u00e9f\u00e9quer en raison d&#8217;une d\u00e9formation intestinale est une autre plainte observ\u00e9e chez les patients pr\u00e9sentant un prolapsus rectal.<br \/>\n[\/vc_column_text][\/vc_column][\/vc_row][vc_row][vc_column]<h2 class=\"box-header\">Comment traite-t-on le prolapsus rectal?<\/h2>[vc_column_text]Dans le cas d&#8217;un prolapsus du si\u00e8ge, qui est g\u00e9n\u00e9ralement diagnostiqu\u00e9 lors de l&#8217;examen r\u00e9alis\u00e9 par un proctologue sp\u00e9cialis\u00e9, un prolapsus intestinal peut \u00e9galement \u00eatre d\u00e9tect\u00e9 lors de l&#8217;examen. Dans un tel cas, le m\u00e9decin sp\u00e9cialiste enfonce l&#8217;intestin et le fixe avec un pansement afin que l&#8217;\u0153d\u00e8me ne se d\u00e9veloppe pas dans la zone en question. En cas de prolapsus excessif de l&#8217;intestin, il peut bloquer les vaisseaux lymphatiques et d\u00e9velopper un \u0153d\u00e8me ici, et s&#8217;il n&#8217;est pas trait\u00e9, il peut provoquer une n\u00e9crose (d\u00e9composition) dans l&#8217;intestin.<\/p>\n<p><strong>D\u00e9f\u00e9cographie :<\/strong> Il s&#8217;agit d&#8217;une technique d&#8217;examen radiologique utilis\u00e9e dans des cas tels que le prolapsus occulte ou interne du si\u00e8ge. Les images sont prises avec tomographie et d\u00e9f\u00e9cographie MRI pendant les selles. Avec ces images, le prolapsus rectal (prolapsus du si\u00e8ge) peut \u00eatre affich\u00e9.<\/p>\n<p><strong>ERUS (Endoscopic Rectal Ultrasonography):<\/strong> C&#8217;est une m\u00e9thode particuli\u00e8rement utile chez les patients qui subiront une r\u00e9paration chirurgicale. Elle est r\u00e9alis\u00e9e par un radiologue<\/p>\n<p><strong>MRG pelvienne :<\/strong> elle est r\u00e9alis\u00e9e pour obtenir des informations sur l&#8217;\u00e9tat actuel des muscles du plancher pelvien et des muscles du si\u00e8ge. S&#8217;il y a des dommages \u00e0 ces muscles, cela peut \u00eatre facilement vu sur l&#8217;MRG.<\/p>\n<p>[\/vc_column_text][\/vc_column][\/vc_row][vc_row][vc_column][vc_separator][vc_empty_space height=&#8221;15&#8243;]<h2 class=\"box-header align-left\">Vid\u00e9os recommand\u00e9es pour le prolapsus rectal<\/h2>[vc_empty_space height=&#8221;15&#8243;][vc_row_inner top_margin=&#8221;page-margin-top-section&#8221; el_class=&#8221;flex-box&#8221;][vc_column_inner width=&#8221;1\/3&#8243;][vc_raw_html]JTNDYSUyMGRhdGEtZmFuY3lib3glM0QlMjJnYWxsZXJ5JTIyJTIwaHJlZiUzRCUyMmh0dHBzJTNBJTJGJTJGd3d3LnlvdXR1YmUuY29tJTJGd2F0Y2glM0Z2JTNEZkdvb3ZPVjVYY2clMjIlMjBjbGFzcyUzRCUyMnZpZGVvLWJveCUyMiUzRSUwQSUyMCUyMCUyMCUyMCUzQ2ltZyUyMHNyYyUzRCUyMmh0dHBzJTNBJTJGJTJGYXZydXBhY2VycmFoaS5jb20udHIlMkZ3cC1jb250ZW50JTJGdXBsb2FkcyUyRjIwMjElMkYwMiUyRmFuYWwtZmlzc3VyLWF5YWt0YW4tdGVkYXZpLmpwZyUyMiUyMGFsdCUzRCUyMmltYWdlJTIyJTNFJTBBJTIwJTIwJTIwJTIwJTNDZGl2JTIwY2xhc3MlM0QlMjJ2aWRlby1ib3hfX2ljb24lMjIlM0UlM0NkaXYlMjBjbGFzcyUzRCUyMnZpZGVvLWJveF9faWNvbi0tcGxheSUyMiUzRSUzQ3N2ZyUyMHZpZXdCb3glM0QlMjIwJTIwMCUyMDI0JTIwMjQlMjIlMjB3aWR0aCUzRCUyMjI0JTIyJTIwaGVpZ2h0JTNEJTIyMjQlMjIlM0UlM0NwYXRoJTIwZmlsbCUzRCUyMm5vbmUlMjIlMjBkJTNEJTIyTTAlMjAwaDI0djI0SDB6JTIyJTJGJTNFJTNDcGF0aCUyMGQlM0QlMjJNMTkuMzc2JTIwMTIuNDE2TDguNzc3JTIwMTkuNDgyQS41LjUlMjAwJTIwMCUyMDElMjA4JTIwMTkuMDY2VjQuOTM0YS41LjUlMjAwJTIwMCUyMDElMjAuNzc3LS40MTZsMTAuNTk5JTIwNy4wNjZhLjUuNSUyMDAlMjAwJTIwMSUyMDAlMjAuODMyeiUyMiUyRiUzRSUzQyUyRnN2ZyUzRSUzQyUyRmRpdiUzRSUzQyUyRmRpdiUzRSUwQSUzQyUyRmElM0U=[\/vc_raw_html][\/vc_column_inner][vc_column_inner width=&#8221;1\/3&#8243;][vc_raw_html]JTNDYSUyMGRhdGEtZmFuY3lib3glM0QlMjJnYWxsZXJ5JTIyJTIwaHJlZiUzRCUyMmh0dHBzJTNBJTJGJTJGd3d3LnlvdXR1YmUuY29tJTJGd2F0Y2glM0Z2JTNEY2FxdlRjbmxWR1ElMjIlMjBjbGFzcyUzRCUyMnZpZGVvLWJveCUyMiUzRSUwQSUyMCUyMCUyMCUyMCUzQ2ltZyUyMHNyYyUzRCUyMmh0dHBzJTNBJTJGJTJGYXZydXBhY2VycmFoaS5jb20udHIlMkZ3cC1jb250ZW50JTJGdXBsb2FkcyUyRjIwMjElMkYwMiUyRmFuYWwtZmlzdHVsLWlsZS1hbmFsLWZpc3N1ci5qcGclMjIlMjBhbHQlM0QlMjJpbWFnZSUyMiUzRSUwQSUyMCUyMCUyMCUyMCUzQ2RpdiUyMGNsYXNzJTNEJTIydmlkZW8tYm94X19pY29uJTIyJTNFJTNDZGl2JTIwY2xhc3MlM0QlMjJ2aWRlby1ib3hfX2ljb24tLXBsYXklMjIlM0UlM0NzdmclMjB2aWV3Qm94JTNEJTIyMCUyMDAlMjAyNCUyMDI0JTIyJTIwd2lkdGglM0QlMjIyNCUyMiUyMGhlaWdodCUzRCUyMjI0JTIyJTNFJTNDcGF0aCUyMGZpbGwlM0QlMjJub25lJTIyJTIwZCUzRCUyMk0wJTIwMGgyNHYyNEgweiUyMiUyRiUzRSUzQ3BhdGglMjBkJTNEJTIyTTE5LjM3NiUyMDEyLjQxNkw4Ljc3NyUyMDE5LjQ4MkEuNS41JTIwMCUyMDAlMjAxJTIwOCUyMDE5LjA2NlY0LjkzNGEuNS41JTIwMCUyMDAlMjAxJTIwLjc3Ny0uNDE2bDEwLjU5OSUyMDcuMDY2YS41LjUlMjAwJTIwMCUyMDElMjAwJTIwLjgzMnolMjIlMkYlM0UlM0MlMkZzdmclM0UlM0MlMkZkaXYlM0UlM0MlMkZkaXYlM0UlMEElM0MlMkZhJTNF[\/vc_raw_html][\/vc_column_inner][vc_column_inner width=&#8221;1\/3&#8243;][vc_raw_html]JTNDYSUyMGRhdGEtZmFuY3lib3glM0QlMjJnYWxsZXJ5JTIyJTIwaHJlZiUzRCUyMmh0dHBzJTNBJTJGJTJGd3d3LnlvdXR1YmUuY29tJTJGd2F0Y2glM0Z2JTNEdC13M3BuZkVFWG8lMjIlMjBjbGFzcyUzRCUyMnZpZGVvLWJveCUyMiUzRSUwQSUyMCUyMCUyMCUyMCUzQ2ltZyUyMHNyYyUzRCUyMmh0dHBzJTNBJTJGJTJGYXZydXBhY2VycmFoaS5jb20udHIlMkZ3cC1jb250ZW50JTJGdXBsb2FkcyUyRjIwMjElMkYwMiUyRmZpc3N1ci1tYWtldC1jYXRsYWdpLmpwZyUyMiUyMGFsdCUzRCUyMmltYWdlJTIyJTNFJTBBJTIwJTIwJTIwJTIwJTNDZGl2JTIwY2xhc3MlM0QlMjJ2aWRlby1ib3hfX2ljb24lMjIlM0UlM0NkaXYlMjBjbGFzcyUzRCUyMnZpZGVvLWJveF9faWNvbi0tcGxheSUyMiUzRSUzQ3N2ZyUyMHZpZXdCb3glM0QlMjIwJTIwMCUyMDI0JTIwMjQlMjIlMjB3aWR0aCUzRCUyMjI0JTIyJTIwaGVpZ2h0JTNEJTIyMjQlMjIlM0UlM0NwYXRoJTIwZmlsbCUzRCUyMm5vbmUlMjIlMjBkJTNEJTIyTTAlMjAwaDI0djI0SDB6JTIyJTJGJTNFJTNDcGF0aCUyMGQlM0QlMjJNMTkuMzc2JTIwMTIuNDE2TDguNzc3JTIwMTkuNDgyQS41LjUlMjAwJTIwMCUyMDElMjA4JTIwMTkuMDY2VjQuOTM0YS41LjUlMjAwJTIwMCUyMDElMjAuNzc3LS40MTZsMTAuNTk5JTIwNy4wNjZhLjUuNSUyMDAlMjAwJTIwMSUyMDAlMjAuODMyeiUyMiUyRiUzRSUzQyUyRnN2ZyUzRSUzQyUyRmRpdiUzRSUzQyUyRmRpdiUzRSUwQSUzQyUyRmElM0U=[\/vc_raw_html][\/vc_column_inner][\/vc_row_inner][vc_empty_space height=&#8221;15&#8243;][vc_separator][vc_empty_space height=&#8221;15&#8243;][\/vc_column][\/vc_row][vc_row][vc_column css=&#8221;.vc_custom_1536849658368{background-position: center !important;background-repeat: no-repeat !important;background-size: cover !important;}&#8221; el_class=&#8221;padding-bottom-128 column-limited&#8221;][vc_empty_space height=&#8221;15&#8243;][vc_separator][vc_empty_space height=&#8221;15&#8243;]<h2 class=\"box-header\">Avantages du traitement du prolapsus rectal sans chirurgie<\/h2>[vc_column_text]Le traitement du prolapsus rectal sans chirurgie prend 5 \u00e0 8 minutes.<\/p>\n<p>Cela se fait rapidement et sans hospitalisation<\/p>\n<p>Elle se fait sans anesth\u00e9sie g\u00e9n\u00e9rale, avec anesth\u00e9sie r\u00e9gionale ou locale.<\/p>\n<p>On n&#8217;a besoin d&#8217;aucune pr\u00e9paration pr\u00e9alable<\/p>\n<p>Aucun test ou analyse suppl\u00e9mentaire n&#8217;est requis. Le patient est \u00e9veill\u00e9 pendant l&#8217;op\u00e9ration.<\/p>\n<p>La quantit\u00e9 de douleur pendant et apr\u00e8s l&#8217;op\u00e9ration est tr\u00e8s faible.<\/p>\n<p>il n&#8217;y a pas d&#8217;application chirurgicale telle que des coupures ou des points de suture, de sorte que les tissus sains de la r\u00e9gion anale ne soient pas endommag\u00e9s.<\/p>\n<p>En chirurgie classique, les tampons sont plac\u00e9s dans l&#8217;anus, cette application ne se retrouve pas dans les traitements non chirurgicaux<\/p>\n<p>Imm\u00e9diatement apr\u00e8s le traitement, la personne peut reprendre sa vie quotidienne.<\/p>\n<p>Les personnes atteintes de maladies syst\u00e9miques et chroniques peuvent \u00e9galement facilement effectuer une th\u00e9rapie au laser sans chirurgie. Les patients souffrant d&#8217;hypertension art\u00e9rielle, de diab\u00e8te et de maladies cardiaques peuvent continuer \u00e0 utiliser leurs m\u00e9dicaments habituels.<\/p>\n<p>Les complications telles que l&#8217;incontinence gazeuse et l&#8217;incontinence f\u00e9cale, qui sont observ\u00e9es apr\u00e8s la chirurgie, ne sont pas rencontr\u00e9es dans les m\u00e9thodes de traitement non chirurgicales que nous appliquons.<\/p>\n<p>Les patients peuvent \u00eatre examin\u00e9s et trait\u00e9s le m\u00eame jour. Apr\u00e8s un traitement sans chirurgie du prolapsus rectal, une personne peut reprendre sa vie sociale et professionnelle<br \/>\n[\/vc_column_text][vc_empty_space height=&#8221;15&#8243;][vc_separator][vc_empty_space height=&#8221;15&#8243;]<h2 class=\"box-header\">Pourquoi devrais-je choisir de Avrupa Cerrahi ?<\/h2>[vc_column_text]Nous traitons les patients qui viennent pour une chirurgie du prolapsus rectal avec des techniques au laser sans chirurgie et avec nos 17 ann\u00e9es de connaissances.<\/p>\n<p>Nous suivons toutes les derni\u00e8res informations et d\u00e9veloppements li\u00e9s \u00e0 la proctologie (maladies de l&#8217;anus), aux sources internes et externes, et appliquons notre m\u00e9thode de traitement sp\u00e9ciale de mani\u00e8re ouverte aux innovations.<br \/>\n[\/vc_column_text][vc_empty_space height=&#8221;15&#8243;][vc_separator][vc_empty_space height=&#8221;15&#8243;]<h2 class=\"box-header black align-center large\">Contactez-nous<\/h2>[vc_empty_space height=&#8221;15&#8243;]\n<div class=\"wpcf7 no-js\" id=\"wpcf7-f5761-o1\" lang=\"en-US\" dir=\"ltr\" data-wpcf7-id=\"5761\">\n<div class=\"screen-reader-response\"><p role=\"status\" aria-live=\"polite\" aria-atomic=\"true\"><\/p> <ul><\/ul><\/div>\n<form action=\"\/fr\/wp-json\/wp\/v2\/pages\/5277#wpcf7-f5761-o1\" method=\"post\" class=\"wpcf7-form init\" aria-label=\"Contact form\" novalidate=\"novalidate\" data-status=\"init\">\n<fieldset class=\"hidden-fields-container\"><input type=\"hidden\" name=\"_wpcf7\" value=\"5761\" \/><input type=\"hidden\" name=\"_wpcf7_version\" value=\"6.1.5\" \/><input type=\"hidden\" name=\"_wpcf7_locale\" value=\"en_US\" \/><input type=\"hidden\" name=\"_wpcf7_unit_tag\" value=\"wpcf7-f5761-o1\" \/><input type=\"hidden\" name=\"_wpcf7_container_post\" value=\"0\" \/><input type=\"hidden\" name=\"_wpcf7_posted_data_hash\" value=\"\" \/><input type=\"hidden\" name=\"_wpcf7_recaptcha_response\" value=\"\" \/>\n<\/fieldset>\n<p><label class=\"forms\">Nom et Pr\u00e9nom<\/label>\n<\/p>\n<div class=\"yeniForm\" style=\"width:100%;\">\n\t<p><span class=\"wpcf7-form-control-wrap\" data-name=\"text-947\"><input size=\"40\" maxlength=\"400\" class=\"wpcf7-form-control wpcf7-text wpcf7-validates-as-required\" aria-required=\"true\" aria-invalid=\"false\" placeholder=\"Nom et Pr\u00e9nom\" value=\"\" type=\"text\" name=\"text-947\" \/><\/span>\n\t<\/p>\n<\/div>\n<p><label class=\"forms\">Votre num\u00e9ro de t\u00e9l\u00e9phone<\/label>\n<\/p>\n<div class=\"yeniForm form-size\" style=\"width:100%;\">\n\t<p><span class=\"wpcf7-form-control-wrap\" data-name=\"phonetext-104\"><input size=\"40\" class=\"wpcf7-form-control wpcf7-phonetext wpcf7-validates-as-required wpcf7-text wpcf7-validates-as-phonetext\" aria-required=\"true\" aria-invalid=\"false\" value=\"+33\" type=\"text\" name=\"phonetext-104\" \/><input type=\"hidden\" name=\"phonetext-104-country-code\" class=\"wpcf7-phonetext-country-code\" \/><\/span>\n\t<\/p>\n<\/div>\n<p><label class=\"forms\">message<\/label>\n<\/p>\n<div class=\"yeniForm text-form\" style=\"width:100%; \">\n\t<p><span class=\"wpcf7-form-control-wrap\" data-name=\"text-751\"><input size=\"40\" maxlength=\"400\" class=\"wpcf7-form-control wpcf7-text\" aria-invalid=\"false\" placeholder=\"Message\" value=\"\" type=\"text\" name=\"text-751\" \/><\/span>\n\t<\/p>\n<\/div>\n<div class=\"yeniFormBtn\" style=\"width:100%;\">\n\t<p><input class=\"wpcf7-form-control wpcf7-submit has-spinner\" type=\"submit\" value=\"Envoyer\" \/>\n\t<\/p>\n<\/div>\n<style>\n .yeniForm input{\n background: #f0f0f0;\n border: none;\n}\n .yeniFormBtn input{\n background: #3b72ae;\n margin-top: 15px;\n color: white;}\n .text-form input{\n height:120px;\n }\n .flag-container{\n background: #d1d1d1;\n width: 57px;\n}\n .selected-flag{\n background: #d1d1d1;\n\n}\n\n .form-size input{\n left: 18px;\n width: 98% !important;\n font-weight: bold;\n}\ninput.wpcf7-form-control.wpcf7-text.wpcf7-phonetext.wpcf7-validates-as-required.wpcf7-validates-as-phonetext {\n font-weight: bold;\n}\n<\/style><input type='hidden' class='wpcf7-pum' value='{\"closepopup\":false,\"closedelay\":0,\"openpopup\":false,\"openpopup_id\":0}' \/><div class=\"wpcf7-response-output\" aria-hidden=\"true\"><\/div>\n<\/form>\n<\/div>\n[vc_empty_space height=&#8221;15&#8243;][vc_separator][vc_empty_space height=&#8221;15&#8243;]<h2 class=\"box-header black align-center large\">NOS PARTENAIRES<\/h2>[vc_empty_space height=&#8221;15&#8243;][vc_images_carousel images=&#8221;5153,5157,5158,5203&#8243; img_size=&#8221;full&#8221; speed=&#8221;3000&#8243; slides_per_view=&#8221;4&#8243; hide_pagination_control=&#8221;yes&#8221; hide_prev_next_buttons=&#8221;yes&#8221; wrap=&#8221;yes&#8221;][vc_empty_space height=&#8221;15&#8243;][vc_separator][\/vc_column][\/vc_row]<\/p>\n","protected":false},"excerpt":{"rendered":"<p>[vc_row][vc_column width=&#8221;1\/2&#8243;][vc_empty_space][vc_raw_html]JTNDYSUyMGRhdGEtZmFuY3lib3glM0QlMjJnYWxsZXJ5JTIyJTIwaHJlZiUzRCUyMmh0dHBzJTNBJTJGJTJGd3d3LnlvdXR1YmUuY29tJTJGd2F0Y2glM0Z2JTNEX2luWnR0TFdDaDQlMjZ0JTNEMnMlMjIlMjBjbGFzcyUzRCUyMnZpZGVvLWJveCUyMiUzRSUwQSUyMCUyMCUyMCUyMCUzQ2ltZyUyMHNyYyUzRCUyMmh0dHBzJTNBJTJGJTJGYXZydXBhY2VycmFoaS5uZXQlMkZlbiUyRndwLWNvbnRlbnQlMkZ1cGxvYWRzJTJGMjAyMiUyRjA0JTJGaGVtb3JvaWQtY25uLWluZ2lsaXpjZS5qcGclMjIlMjBhbHQlM0QlMjJpbWFnZSUyMiUzRSUwQSUyMCUyMCUyMCUyMCUzQ2RpdiUyMGNsYXNzJTNEJTIydmlkZW8tYm94X19pY29uJTIyJTNFJTNDZGl2JTIwY2xhc3MlM0QlMjJ2aWRlby1ib3hfX2ljb24tLXBsYXklMjIlM0UlM0NzdmclMjB2aWV3Qm94JTNEJTIyMCUyMDAlMjAyNCUyMDI0JTIyJTIwd2lkdGglM0QlMjIyNCUyMiUyMGhlaWdodCUzRCUyMjI0JTIyJTNFJTNDcGF0aCUyMGZpbGwlM0QlMjJub25lJTIyJTIwZCUzRCUyMk0wJTIwMGgyNHYyNEgweiUyMiUyRiUzRSUzQ3BhdGglMjBkJTNEJTIyTTE5LjM3NiUyMDEyLjQxNkw4Ljc3NyUyMDE5LjQ4MkEuNS41JTIwMCUyMDAlMjAxJTIwOCUyMDE5LjA2NlY0LjkzNGEuNS41JTIwMCUyMDAlMjAxJTIwLjc3Ny0uNDE2bDEwLjU5OSUyMDcuMDY2YS41LjUlMjAwJTIwMCUyMDElMjAwJTIwLjgzMnolMjIlMkYlM0UlM0MlMkZzdmclM0UlM0MlMkZkaXYlM0UlM0MlMkZkaXYlM0UlMEElM0MlMkZhJTNF[\/vc_raw_html][\/vc_column][vc_column width=&#8221;1\/2&#8243; el_class=&#8221;padding-left-30&#8243;][vc_empty_space][vc_raw_html]JTNDYSUyMGRhdGEtZmFuY3lib3glM0QlMjJnYWxsZXJ5JTIyJTIwaHJlZiUzRCUyMmh0dHBzJTNBJTJGJTJGd3d3LnlvdXR1YmUuY29tJTJGd2F0Y2glM0Z2JTNEWUJqVlNmaVJXUzglMjIlMjBjbGFzcyUzRCUyMnZpZGVvLWJveCUyMiUzRSUwQSUyMCUyMCUyMCUyMCUzQ2ltZyUyMHNyYyUzRCUyMmh0dHBzJTNBJTJGJTJGYXZydXBhY2VycmFoaS5uZXQlMkZlbiUyRndwLWNvbnRlbnQlMkZ1cGxvYWRzJTJGMjAyMiUyRjEyJTJGcmVrdGFsa2FuYW1hLWthcGFrLWVuZy5qcGclMjIlMjBhbHQlM0QlMjJpbWFnZSUyMiUzRSUwQSUyMCUyMCUyMCUyMCUzQ2RpdiUyMGNsYXNzJTNEJTIydmlkZW8tYm94X19pY29uJTIyJTNFJTNDZGl2JTIwY2xhc3MlM0QlMjJ2aWRlby1ib3hfX2ljb24tLXBsYXklMjIlM0UlM0NzdmclMjB2aWV3Qm94JTNEJTIyMCUyMDAlMjAyNCUyMDI0JTIyJTIwd2lkdGglM0QlMjIyNCUyMiUyMGhlaWdodCUzRCUyMjI0JTIyJTNFJTNDcGF0aCUyMGZpbGwlM0QlMjJub25lJTIyJTIwZCUzRCUyMk0wJTIwMGgyNHYyNEgweiUyMiUyRiUzRSUzQ3BhdGglMjBkJTNEJTIyTTE5LjM3NiUyMDEyLjQxNkw4Ljc3NyUyMDE5LjQ4MkEuNS41JTIwMCUyMDAlMjAxJTIwOCUyMDE5LjA2NlY0LjkzNGEuNS41JTIwMCUyMDAlMjAxJTIwLjc3Ny0uNDE2bDEwLjU5OSUyMDcuMDY2YS41LjUlMjAwJTIwMCUyMDElMjAwJTIwLjgzMnolMjIlMkYlM0UlM0MlMkZzdmclM0UlM0MlMkZkaXYlM0UlM0MlMkZkaXYlM0UlMEElM0MlMkZhJTNF[\/vc_raw_html][\/vc_column][\/vc_row][vc_row][vc_column][vc_column_text]Le rectum, qui est d\u00e9crit comme la partie la plus proche et la derni\u00e8re du gros intestin de l&#8217;anus, est appel\u00e9 prolapsus rectal. \u00c0 la suite d&#8217;un prolapsus de l&#8217;anus, du mucus ou des selles peuvent se d\u00e9velopper apr\u00e8s l&#8217;affaiblissement des muscles qui retiennent les selles appel\u00e9es sphincter. Ce trouble est plus<\/p>\n","protected":false},"author":1,"featured_media":0,"parent":0,"menu_order":0,"comment_status":"closed","ping_status":"closed","template":"","meta":{"footnotes":""},"class_list":["post-5277","page","type-page","status-publish","hentry"],"aioseo_notices":[],"_links":{"self":[{"href":"https:\/\/avrupacerrahi.net\/fr\/wp-json\/wp\/v2\/pages\/5277","targetHints":{"allow":["GET"]}}],"collection":[{"href":"https:\/\/avrupacerrahi.net\/fr\/wp-json\/wp\/v2\/pages"}],"about":[{"href":"https:\/\/avrupacerrahi.net\/fr\/wp-json\/wp\/v2\/types\/page"}],"author":[{"embeddable":true,"href":"https:\/\/avrupacerrahi.net\/fr\/wp-json\/wp\/v2\/users\/1"}],"replies":[{"embeddable":true,"href":"https:\/\/avrupacerrahi.net\/fr\/wp-json\/wp\/v2\/comments?post=5277"}],"version-history":[{"count":19,"href":"https:\/\/avrupacerrahi.net\/fr\/wp-json\/wp\/v2\/pages\/5277\/revisions"}],"predecessor-version":[{"id":6146,"href":"https:\/\/avrupacerrahi.net\/fr\/wp-json\/wp\/v2\/pages\/5277\/revisions\/6146"}],"wp:attachment":[{"href":"https:\/\/avrupacerrahi.net\/fr\/wp-json\/wp\/v2\/media?parent=5277"}],"curies":[{"name":"wp","href":"https:\/\/api.w.org\/{rel}","templated":true}]}}