{"id":5358,"date":"2023-01-13T13:54:29","date_gmt":"2023-01-13T10:54:29","guid":{"rendered":"https:\/\/avrupacerrahi.com.tr\/en\/?page_id=5358"},"modified":"2024-04-29T17:08:31","modified_gmt":"2024-04-29T14:08:31","slug":"nonsurgical-hemorrhoid-treatment","status":"publish","type":"page","link":"https:\/\/avrupacerrahi.net\/fr\/nonsurgical-hemorrhoid-treatment\/","title":{"rendered":"Traitement non chirurgicales de l&#8217;h\u00e9morro\u00efdes"},"content":{"rendered":"<p>[vc_row type=&#8221;full-width&#8221;][vc_column offset=&#8221;vc_hidden-sm vc_hidden-xs&#8221;][vc_images_carousel images=&#8221;6147&#8243; img_size=&#8221;full&#8221; onclick=&#8221;custom_link&#8221; custom_links=&#8221;#E-8_aHR0cHMlM0ElMkYlMkZhdnJ1cGFjZXJyYWhpLm5ldCUyRmZyJTJGcHJlbmRyZS1yZW5kZXotdm91cyUyRg==&#8221;][\/vc_column][\/vc_row][vc_row type=&#8221;full-width&#8221;][vc_column offset=&#8221;vc_hidden-lg vc_hidden-md&#8221;][vc_images_carousel images=&#8221;6147&#8243; img_size=&#8221;full&#8221; onclick=&#8221;custom_link&#8221; autoplay=&#8221;yes&#8221; wrap=&#8221;yes&#8221; custom_links=&#8221;#E-8_aHR0cHMlM0ElMkYlMkZhdnJ1cGFjZXJyYWhpLm5ldCUyRmZyJTJGcHJlbmRyZS1yZW5kZXotdm91cyUyRiUyQ2h0dHBzJTNBJTJGJTJGYXZydXBhY2VycmFoaS5uZXQlMkZmciUyRnByZW5kcmUtcmVuZGV6LXZvdXMlMkYlMkNodHRwcyUzQSUyRiUyRmF2cnVwYWNlcnJhaGkubmV0JTJGZnIlMkZwcmVuZHJlLXJlbmRlei12b3VzJTJGJTJDaHR0cHMlM0ElMkYlMkZhdnJ1cGFjZXJyYWhpLm5ldCUyRmZyJTJGcHJlbmRyZS1yZW5kZXotdm91cyUyRiUyQ2h0dHBzJTNBJTJGJTJGYXZydXBhY2VycmFoaS5uZXQlMkZmciUyRnByZW5kcmUtcmVuZGV6LXZvdXMlMkY=&#8221;][\/vc_column][\/vc_row][vc_row][vc_column][vc_empty_space][vc_row_inner][vc_column_inner width=&#8221;1\/3&#8243;][vc_single_image image=&#8221;5359&#8243; alignment=&#8221;center&#8221;][vc_column_text]<\/p>\n<h2 style=\"text-align: center; padding-right: 45px;\"><strong>Dur\u00e9e de l&#8217;op\u00e9ration<br \/>\n<\/strong><\/h2>\n<p>[\/vc_column_text][vc_column_text]<\/p>\n<p style=\"text-align: center; padding-right: 45px;\">L&#8217;op\u00e9ration dure environ 10 minute<\/p>\n<p>[\/vc_column_text][\/vc_column_inner][vc_column_inner width=&#8221;1\/3&#8243;][vc_single_image image=&#8221;5360&#8243; alignment=&#8221;center&#8221;][vc_column_text]<\/p>\n<h2 style=\"text-align: center; padding-right: 45px;\"><strong>Dur\u00e9e du r\u00e9tablissement<br \/>\n<\/strong><\/h2>\n<p>[\/vc_column_text][vc_column_text]<\/p>\n<p style=\"text-align: center; padding-right: 45px;\">Vous pouvez reprendre votre vie sociale le m\u00eame jour.<\/p>\n<p>[\/vc_column_text][\/vc_column_inner][vc_column_inner width=&#8221;1\/3&#8243;][vc_single_image image=&#8221;5361&#8243; alignment=&#8221;center&#8221;][vc_column_text]<\/p>\n<h2 style=\"text-align: center; padding-right: 45px;\"><strong>Le taux de r\u00e9ussite<br \/>\n<\/strong><\/h2>\n<p>[\/vc_column_text][vc_column_text]<\/p>\n<p style=\"text-align: center; padding-right: 45px;\">Obtenir un grand succ\u00e8s avec des techniques de traitement non chirurgicales<\/p>\n<p>[\/vc_column_text][\/vc_column_inner][\/vc_row_inner][vc_empty_space][\/vc_column][\/vc_row][vc_row top_margin=&#8221;page-margin-top-section&#8221;][vc_column width=&#8221;1\/2&#8243; el_class=&#8221;padding-right-30&#8243;][vc_empty_space][vc_column_text el_class=&#8221;large margin-top-10&#8243;]<\/p>\n<h1 style=\"font-size: 22px; text-align: left;\"><strong>Qu&#8217;est ce que les h\u00e9morro\u00efdes?<br \/>\n<\/strong><\/h1>\n<p>[\/vc_column_text][vc_column_text el_class=&#8221;large margin-top-10&#8243;]<\/p>\n<p style=\"line-height: 2; padding-right: 1rem;\">Les <b><a href=\"https:\/\/avrupacerrahi.net\/fr\/quelles-sont-les-methodes-de-prevention-des-hemorroides\/\">h\u00e9morro\u00efdes<\/a><\/b> sont des vaisseaux sanguines dilat\u00e9s et tortueux de la paroi de la partie inf\u00e9rieure du rectum et de l&#8217;anus. Le gonflement des vaisseux est caus\u00e9 par une augmentation de la pression. Des grosseurs se forment \u00e0 l&#8217;int\u00e9rieur ou l&#8217;ext\u00e9rieur de l&#8217;anus, pouvent provoquer une douleur ou un saignement.<\/p>\n<p>[\/vc_column_text][vc_empty_space][vc_btn title=&#8221;Prendre rendez-vous&#8221; style=&#8221;flat&#8221; color=&#8221;sky&#8221; size=&#8221;sm&#8221; link=&#8221;url:https%3A%2F%2Favrupacerrahi.net%2Ffr%2Fprendre-rendez-vous%2F&#8221;][\/vc_column][vc_column width=&#8221;1\/2&#8243;][vc_raw_html]JTNDaWZyYW1lJTIwY2xhc3MlM0QlMjJib3JkZXItc2hhZG93cyUyMiUyMHdpZHRoJTNEJTIyMTAwJTI1JTIyJTIwaGVpZ2h0JTNEJTIyMzE1JTIyJTIwc3JjJTNEJTIyaHR0cHMlM0ElMkYlMkZ3d3cueW91dHViZS5jb20lMkZlbWJlZCUyRl9pblp0dExXQ2g0JTNGc2klM0RhVk5aU05NeDMwMWdPRTNYJTIyJTIwdGl0bGUlM0QlMjJZb3VUdWJlJTIwdmlkZW8lMjBwbGF5ZXIlMjIlMjBmcmFtZWJvcmRlciUzRCUyMjAlMjIlMjBhbGxvdyUzRCUyMmFjY2VsZXJvbWV0ZXIlM0IlMjBhdXRvcGxheSUzQiUyMGNsaXBib2FyZC13cml0ZSUzQiUyMGVuY3J5cHRlZC1tZWRpYSUzQiUyMGd5cm9zY29wZSUzQiUyMHBpY3R1cmUtaW4tcGljdHVyZSUzQiUyMHdlYi1zaGFyZSUyMiUyMGFsbG93ZnVsbHNjcmVlbiUzRSUzQyUyRmlmcmFtZSUzRQ==[\/vc_raw_html][\/vc_column][\/vc_row][vc_row][vc_column][vc_empty_space][\/vc_column][\/vc_row][vc_row top_margin=&#8221;page-margin-top-section&#8221;][vc_column width=&#8221;1\/2&#8243; el_class=&#8221;padding-right-30&#8243;][vc_raw_html]JTNDaWZyYW1lJTIwY2xhc3MlM0QlMjJib3JkZXItc2hhZG93cyUyMiUyMHdpZHRoJTNEJTIyMTAwJTI1JTIyJTIwaGVpZ2h0JTNEJTIyMzE1JTIyJTIwc3JjJTNEJTIyaHR0cHMlM0ElMkYlMkZ3d3cueW91dHViZS5jb20lMkZlbWJlZCUyRm9XSXJ3UUtlYlJRJTNGc2klM0RZdUQ5dllqWG8tei1vaXhjJTIyJTIwdGl0bGUlM0QlMjJZb3VUdWJlJTIwdmlkZW8lMjBwbGF5ZXIlMjIlMjBmcmFtZWJvcmRlciUzRCUyMjAlMjIlMjBhbGxvdyUzRCUyMmFjY2VsZXJvbWV0ZXIlM0IlMjBhdXRvcGxheSUzQiUyMGNsaXBib2FyZC13cml0ZSUzQiUyMGVuY3J5cHRlZC1tZWRpYSUzQiUyMGd5cm9zY29wZSUzQiUyMHBpY3R1cmUtaW4tcGljdHVyZSUzQiUyMHdlYi1zaGFyZSUyMiUyMGFsbG93ZnVsbHNjcmVlbiUzRSUzQyUyRmlmcmFtZSUzRQ==[\/vc_raw_html][\/vc_column][vc_column width=&#8221;1\/2&#8243;][vc_empty_space][vc_column_text el_class=&#8221;large margin-top-10&#8243;]<\/p>\n<h1 style=\"font-size: 22px; text-align: left;\"><strong>Les m\u00e9thodes qui utilis\u00e9es pour le traitement des h\u00e9morro\u00efd<br \/>\n<\/strong><\/h1>\n<p>[\/vc_column_text][vc_column_text el_class=&#8221;large margin-top-10&#8243;]<\/p>\n<p style=\"line-height: 2; padding-right: 1rem;\">Le m\u00e9dicament conducteur est utilis\u00e9 pour s\u00e9cher le pack d&#8217;\u00eelots h\u00e9morro\u00efdaires ( scl\u00e9roth\u00e9rapie ), \u00e9trangler avec une bande en plastique, laser, radiofr\u00e9quence, \u00e9lectrochirurgie, \u00e9lectrocoagulation,etc. sont les m\u00e9thodes utilis\u00e9es selon le degr\u00e9 et le type d&#8217;h\u00e9morro\u00efdes.<\/p>\n<p>[\/vc_column_text][vc_empty_space][vc_btn title=&#8221;Prendre rendez-vous&#8221; style=&#8221;flat&#8221; color=&#8221;sky&#8221; size=&#8221;sm&#8221; link=&#8221;url:https%3A%2F%2Favrupacerrahi.net%2Ffr%2Fprendre-rendez-vous%2F&#8221;][\/vc_column][\/vc_row][vc_row][vc_column][vc_empty_space height=&#8221;140px&#8221;][vc_column_text]<\/p>\n<h1 style=\"text-align: center;\"><strong>Les avantages du traitement non chirurgicales des h\u00e9morro\u00efdes<br \/>\n<\/strong><\/h1>\n<p>[\/vc_column_text][vc_empty_space][vc_column_text]<\/p>\n<div class=\"hTwo-size\">\n<h2 style=\"text-align: center; background: #d8e3ef; border-radius: 6px; padding: 1rem;\">Le traitement non chirugical de l&#8217;h\u00e9morro\u00efdes ne dure pas plus de 10 minutes<\/h2>\n<h2 style=\"text-align: center; padding: 1rem;\">Rapide et ne n\u00e9cessite pas d&#8217;hospitalisation<\/h2>\n<h2 style=\"text-align: center; padding: 1rem; background: #d8e3ef; border-radius: 6px;\">L&#8217;engourdissement r\u00e9gional se fait sous anesth\u00e9sie locale, le patient est conscient pendant la proc\u00e9dure<\/h2>\n<h2 style=\"text-align: center; padding: 1rem;\">Le patient n&#8217;a pas besoin d&#8217;examen et de pr\u00e9paration pr\u00e9alable.<\/h2>\n<h2 style=\"text-align: center; padding: 1rem; background: #d8e3ef; border-radius: 6px;\">La douleur ressentie pendant et apr\u00e8s l&#8217;op\u00e9ration est minimale.<\/h2>\n<h2 style=\"text-align: center; padding: 1rem;\">Il n&#8217;y a pas de dommage aux tissus car il n&#8217;y a pas de techniques chirurgicales classiques comme les point de suture ou incision<\/h2>\n<h2 style=\"text-align: center; padding: 1rem; background: #d8e3ef; border-radius: 6px;\">Le patient peut retourner \u00e0 sa vie quotidienne, chez lui apr\u00e8s l&#8217;op\u00e9ration<\/h2>\n<h2 style=\"text-align: center; padding: 1rem;\">Les personnes atteintes de maladies syst\u00e9matiques et chroniques peuvent \u00e9galement en b\u00e9n\u00e9ficier sans soucis. les personnes atteintes de diab\u00e8te ,cholest\u00e9role ou maladies cardiques peuvent continuer \u00e0 utiliser leur traitements habituels sans danger.<\/h2>\n<h2 style=\"text-align: center; padding: 1rem; background: #d8e3ef; border-radius: 6px;\">Les complications telles que l&#8217;incontinence gazeuse et l&#8217;incontinence f\u00e9cale observ\u00e9es apr\u00e8s la chirurgie ne sont pas rencontr\u00e9es dans les m\u00e9thodes du traitement non chirurgicales que nous appliquons.<\/h2>\n<h2 style=\"text-align: center; padding: 1rem;\">Les patients peuvent \u00eatre examin\u00e9s et trait\u00e9s le m\u00eame jour. Apr\u00e8s l&#8217;intervention, les patients peuvent reprendre le cour de leur vie ainsi que leur travail.<\/h2>\n<\/div>\n<p>[\/vc_column_text][\/vc_column][\/vc_row][vc_row][vc_column][vc_empty_space][vc_raw_html]JTNDY2VudGVyJTNFJTNDYSUyMGhyZWYlM0QlMjJodHRwcyUzQSUyRiUyRnd3dy50cnVzdHBpbG90LmNvbSUyRnJldmlldyUyRmF2cnVwYWNlcnJhaGkuY29tLnRyJTIyJTNFJTNDaW1nJTIwd2lkdGglM0QlMjIyMDAlMjIlMjBzcmMlM0QlMjJodHRwcyUzQSUyRiUyRmF2cnVwYWNlcnJhaGkubmV0JTJGZW4lMkZ3cC1jb250ZW50JTJGdXBsb2FkcyUyRjIwMjMlMkYwMiUyRlRSVVNUUElMT1QtTE9HTy0xLWUxNjQ5MTY5MTE1NzE1LnBuZyUyMiUzRSUzQ2gzJTNFUGF0aWVudCUyMENvbW1lbnRzJTNDJTJGaDMlM0UlMjAlM0MlMkZhJTNFJTNDJTJGY2VudGVyJTNFJTBB[\/vc_raw_html]<div class=\"clearfix scrolling-controls\">\n\t\t<div class=\"header-left\"><\/div>\n\t\t<div class=\"header-right\"><a href=\"#\" id=\"testimonials_prev\" class=\"scrolling-list-control-left template-arrow-horizontal-3\"\"><\/a><a href=\"#\" id=\"testimonials_next\" class=\"scrolling-list-control-right template-arrow-horizontal-3\"><\/a><\/div><\/div>\n\t\t<ul class=\"columns full-width horizontal-carousel testimonials testimonials id-testimonials autoplay-0 pause_on_hover-1 scroll-1 effect-scroll easing-swing duration-500\"><li class=\"wpb_column vc_column_container vc_col-sm-6 template-quote-2\">\n\t\t\t\t<h3 class=\"sentence\">I got rid of genital warts in 3 sessions. Very successful treatment. I will take care of myself. Thank you Avrupa Cerrahi...<\/h3>\n\t\t\t\t<div class=\"clearfix\"><span class=\"sentence-author\">Josephine<\/span><\/div>\n\t\t\t<\/li><li class=\"wpb_column vc_column_container vc_col-sm-6 template-quote-2\">\n\t\t\t\t<h3 class=\"sentence\">Today I had my last check after abscess and fistula treatment last month which was unexpectedly easy and was worried about it every thing was amazing about the clinic<\/h3>\n\t\t\t\t<div class=\"clearfix\"><span class=\"sentence-author\">Bedriye Cihangir<\/span><\/div>\n\t\t\t<\/li><li class=\"wpb_column vc_column_container vc_col-sm-6 template-quote-2\">\n\t\t\t\t<h3 class=\"sentence\">Very good center and staff the treatment was easy and comfortable just like the doctor said it's been 12days since it and I'm feeling the big deference<\/h3>\n\t\t\t\t<div class=\"clearfix\"><span class=\"sentence-author\">Zekiye Topcuo\u011flu<\/span><\/div>\n\t\t\t<\/li><li class=\"wpb_column vc_column_container vc_col-sm-6 template-quote-2\">\n\t\t\t\t<h3 class=\"sentence\">Was an amazing experiance with dr yassir i was suffering and in 5 min they did my surgery without any pain<\/h3>\n\t\t\t\t<div class=\"clearfix\"><span class=\"sentence-author\">Ezgi gizem Ayd\u0131n<\/span><\/div>\n\t\t\t<\/li><\/ul>[vc_empty_space][\/vc_column][\/vc_row][vc_row type=&#8221;full-width&#8221; css=&#8221;.vc_custom_1673608789591{padding-top: 100px !important;background-color: #002d68 !important;}&#8221;][vc_column][\/vc_column][\/vc_row][vc_row][vc_column][vc_empty_space][\/vc_column][\/vc_row][vc_row][vc_column][vc_empty_space]<h2 class=\"box-header black align-center large\">Contact Us<\/h2>\n<div class=\"wpcf7 no-js\" id=\"wpcf7-f5761-o1\" lang=\"en-US\" dir=\"ltr\" data-wpcf7-id=\"5761\">\n<div class=\"screen-reader-response\"><p role=\"status\" aria-live=\"polite\" aria-atomic=\"true\"><\/p> <ul><\/ul><\/div>\n<form action=\"\/fr\/wp-json\/wp\/v2\/pages\/5358#wpcf7-f5761-o1\" method=\"post\" class=\"wpcf7-form init\" aria-label=\"Contact form\" novalidate=\"novalidate\" data-status=\"init\">\n<fieldset class=\"hidden-fields-container\"><input type=\"hidden\" name=\"_wpcf7\" value=\"5761\" \/><input type=\"hidden\" name=\"_wpcf7_version\" value=\"6.1.5\" \/><input type=\"hidden\" name=\"_wpcf7_locale\" value=\"en_US\" \/><input type=\"hidden\" name=\"_wpcf7_unit_tag\" value=\"wpcf7-f5761-o1\" \/><input type=\"hidden\" name=\"_wpcf7_container_post\" value=\"0\" \/><input type=\"hidden\" name=\"_wpcf7_posted_data_hash\" value=\"\" \/><input type=\"hidden\" name=\"_wpcf7_recaptcha_response\" value=\"\" \/>\n<\/fieldset>\n<p><label class=\"forms\">Nom et Pr\u00e9nom<\/label>\n<\/p>\n<div class=\"yeniForm\" style=\"width:100%;\">\n\t<p><span class=\"wpcf7-form-control-wrap\" data-name=\"text-947\"><input size=\"40\" maxlength=\"400\" class=\"wpcf7-form-control wpcf7-text wpcf7-validates-as-required\" aria-required=\"true\" aria-invalid=\"false\" placeholder=\"Nom et Pr\u00e9nom\" value=\"\" type=\"text\" name=\"text-947\" \/><\/span>\n\t<\/p>\n<\/div>\n<p><label class=\"forms\">Votre num\u00e9ro de t\u00e9l\u00e9phone<\/label>\n<\/p>\n<div class=\"yeniForm form-size\" style=\"width:100%;\">\n\t<p><span class=\"wpcf7-form-control-wrap\" data-name=\"phonetext-104\"><input size=\"40\" class=\"wpcf7-form-control wpcf7-phonetext wpcf7-validates-as-required wpcf7-text wpcf7-validates-as-phonetext\" aria-required=\"true\" aria-invalid=\"false\" value=\"+33\" type=\"text\" name=\"phonetext-104\" \/><input type=\"hidden\" name=\"phonetext-104-country-code\" class=\"wpcf7-phonetext-country-code\" \/><\/span>\n\t<\/p>\n<\/div>\n<p><label class=\"forms\">message<\/label>\n<\/p>\n<div class=\"yeniForm text-form\" style=\"width:100%; \">\n\t<p><span class=\"wpcf7-form-control-wrap\" data-name=\"text-751\"><input size=\"40\" maxlength=\"400\" class=\"wpcf7-form-control wpcf7-text\" aria-invalid=\"false\" placeholder=\"Message\" value=\"\" type=\"text\" name=\"text-751\" \/><\/span>\n\t<\/p>\n<\/div>\n<div class=\"yeniFormBtn\" style=\"width:100%;\">\n\t<p><input class=\"wpcf7-form-control wpcf7-submit has-spinner\" type=\"submit\" value=\"Envoyer\" \/>\n\t<\/p>\n<\/div>\n<style>\n .yeniForm input{\n background: #f0f0f0;\n border: none;\n}\n .yeniFormBtn input{\n background: #3b72ae;\n margin-top: 15px;\n color: white;}\n .text-form input{\n height:120px;\n }\n .flag-container{\n background: #d1d1d1;\n width: 57px;\n}\n .selected-flag{\n background: #d1d1d1;\n\n}\n\n .form-size input{\n left: 18px;\n width: 98% !important;\n font-weight: bold;\n}\ninput.wpcf7-form-control.wpcf7-text.wpcf7-phonetext.wpcf7-validates-as-required.wpcf7-validates-as-phonetext {\n font-weight: bold;\n}\n<\/style><input type='hidden' class='wpcf7-pum' value='{\"closepopup\":false,\"closedelay\":0,\"openpopup\":false,\"openpopup_id\":0}' \/><div class=\"wpcf7-response-output\" aria-hidden=\"true\"><\/div>\n<\/form>\n<\/div>\n[\/vc_column][\/vc_row][vc_row][vc_column offset=&#8221;vc_hidden-sm vc_hidden-xs&#8221;][vc_empty_space height=&#8221;25px&#8221;]<h2 class=\"box-header black align-center large\">OUR PARTNERS<\/h2>[vc_empty_space height=&#8221;25px&#8221;][vc_images_carousel images=&#8221;5153,5157,5158,5203&#8243; img_size=&#8221;full&#8221; speed=&#8221;3000&#8243; slides_per_view=&#8221;4&#8243; hide_pagination_control=&#8221;yes&#8221; hide_prev_next_buttons=&#8221;yes&#8221; wrap=&#8221;yes&#8221;][vc_empty_space height=&#8221;25px&#8221;][\/vc_column][\/vc_row][vc_row][vc_column offset=&#8221;vc_hidden-lg vc_hidden-md&#8221;]<h2 class=\"box-header black align-center large\">OUR PARTNERS<\/h2>[vc_empty_space height=&#8221;25px&#8221;][vc_images_carousel images=&#8221;5153,5157,5158,5203&#8243; img_size=&#8221;full&#8221; speed=&#8221;3000&#8243; slides_per_view=&#8221;2&#8243; autoplay=&#8221;yes&#8221; hide_pagination_control=&#8221;yes&#8221; hide_prev_next_buttons=&#8221;yes&#8221; wrap=&#8221;yes&#8221;][\/vc_column][\/vc_row]<\/p>\n","protected":false},"excerpt":{"rendered":"<p>[vc_row type=&#8221;full-width&#8221;][vc_column offset=&#8221;vc_hidden-sm vc_hidden-xs&#8221;][vc_images_carousel images=&#8221;6147&#8243; img_size=&#8221;full&#8221; onclick=&#8221;custom_link&#8221; custom_links=&#8221;#E-8_aHR0cHMlM0ElMkYlMkZhdnJ1cGFjZXJyYWhpLm5ldCUyRmZyJTJGcHJlbmRyZS1yZW5kZXotdm91cyUyRg==&#8221;][\/vc_column][\/vc_row][vc_row type=&#8221;full-width&#8221;][vc_column offset=&#8221;vc_hidden-lg vc_hidden-md&#8221;][vc_images_carousel images=&#8221;6147&#8243; img_size=&#8221;full&#8221; onclick=&#8221;custom_link&#8221; autoplay=&#8221;yes&#8221; wrap=&#8221;yes&#8221; custom_links=&#8221;#E-8_aHR0cHMlM0ElMkYlMkZhdnJ1cGFjZXJyYWhpLm5ldCUyRmZyJTJGcHJlbmRyZS1yZW5kZXotdm91cyUyRiUyQ2h0dHBzJTNBJTJGJTJGYXZydXBhY2VycmFoaS5uZXQlMkZmciUyRnByZW5kcmUtcmVuZGV6LXZvdXMlMkYlMkNodHRwcyUzQSUyRiUyRmF2cnVwYWNlcnJhaGkubmV0JTJGZnIlMkZwcmVuZHJlLXJlbmRlei12b3VzJTJGJTJDaHR0cHMlM0ElMkYlMkZhdnJ1cGFjZXJyYWhpLm5ldCUyRmZyJTJGcHJlbmRyZS1yZW5kZXotdm91cyUyRiUyQ2h0dHBzJTNBJTJGJTJGYXZydXBhY2VycmFoaS5uZXQlMkZmciUyRnByZW5kcmUtcmVuZGV6LXZvdXMlMkY=&#8221;][\/vc_column][\/vc_row][vc_row][vc_column][vc_empty_space][vc_row_inner][vc_column_inner width=&#8221;1\/3&#8243;][vc_single_image image=&#8221;5359&#8243; alignment=&#8221;center&#8221;][vc_column_text] Dur\u00e9e de l&#8217;op\u00e9ration [\/vc_column_text][vc_column_text] L&#8217;op\u00e9ration dure environ 10 minute [\/vc_column_text][\/vc_column_inner][vc_column_inner width=&#8221;1\/3&#8243;][vc_single_image image=&#8221;5360&#8243; alignment=&#8221;center&#8221;][vc_column_text] Dur\u00e9e du r\u00e9tablissement [\/vc_column_text][vc_column_text] Vous pouvez reprendre votre vie sociale le m\u00eame jour. [\/vc_column_text][\/vc_column_inner][vc_column_inner width=&#8221;1\/3&#8243;][vc_single_image image=&#8221;5361&#8243; alignment=&#8221;center&#8221;][vc_column_text] Le taux de r\u00e9ussite [\/vc_column_text][vc_column_text]<\/p>\n","protected":false},"author":2,"featured_media":0,"parent":0,"menu_order":0,"comment_status":"closed","ping_status":"closed","template":"template-default-without-breadcrumbs.php","meta":{"footnotes":""},"class_list":["post-5358","page","type-page","status-publish","hentry"],"aioseo_notices":[],"_links":{"self":[{"href":"https:\/\/avrupacerrahi.net\/fr\/wp-json\/wp\/v2\/pages\/5358","targetHints":{"allow":["GET"]}}],"collection":[{"href":"https:\/\/avrupacerrahi.net\/fr\/wp-json\/wp\/v2\/pages"}],"about":[{"href":"https:\/\/avrupacerrahi.net\/fr\/wp-json\/wp\/v2\/types\/page"}],"author":[{"embeddable":true,"href":"https:\/\/avrupacerrahi.net\/fr\/wp-json\/wp\/v2\/users\/2"}],"replies":[{"embeddable":true,"href":"https:\/\/avrupacerrahi.net\/fr\/wp-json\/wp\/v2\/comments?post=5358"}],"version-history":[{"count":41,"href":"https:\/\/avrupacerrahi.net\/fr\/wp-json\/wp\/v2\/pages\/5358\/revisions"}],"predecessor-version":[{"id":6149,"href":"https:\/\/avrupacerrahi.net\/fr\/wp-json\/wp\/v2\/pages\/5358\/revisions\/6149"}],"wp:attachment":[{"href":"https:\/\/avrupacerrahi.net\/fr\/wp-json\/wp\/v2\/media?parent=5358"}],"curies":[{"name":"wp","href":"https:\/\/api.w.org\/{rel}","templated":true}]}}