{"id":5897,"date":"2023-06-06T10:07:55","date_gmt":"2023-06-06T07:07:55","guid":{"rendered":"https:\/\/avrupacerrahi.com.tr\/fr\/?page_id=5897"},"modified":"2024-09-25T10:07:53","modified_gmt":"2024-09-25T07:07:53","slug":"quest-ce-que-lhidradenite-suppuree","status":"publish","type":"page","link":"https:\/\/avrupacerrahi.net\/fr\/quest-ce-que-lhidradenite-suppuree\/","title":{"rendered":"Qu&#8217;est-ce que l&#8217;hidrad\u00e9nite suppur\u00e9e ?"},"content":{"rendered":"<p>[vc_row][vc_column width=&#8221;1\/2&#8243;][vc_empty_space height=&#8221;25px&#8221;][vc_raw_html]JTNDYSUyMGRhdGEtZmFuY3lib3glM0QlMjJnYWxsZXJ5JTIyJTIwaHJlZiUzRCUyMmh0dHBzJTNBJTJGJTJGd3d3LnlvdXR1YmUuY29tJTJGd2F0Y2glM0Z2JTNEUDZmVGtqY2FEWlUlMjIlM0UlMEElMjAlMjAlMjAlMjAlM0NpbWclMjBzcmMlM0QlMjJodHRwcyUzQSUyRiUyRmF2cnVwYWNlcnJhaGkubmV0JTJGZnIlMkZ3cC1jb250ZW50JTJGdXBsb2FkcyUyRjIwMjQlMkYwMiUyRktPUEVLLU1FTUVTSS1GUi0xLmpwZyUyMiUyMGFsdCUzRCUyMmltYWdlJTIyJTNFJTBBJTIwJTIwJTIwJTIwJTNDZGl2JTIwY2xhc3MlM0QlMjJ2aWRlby1ib3hfX2ljb24lMjIlM0UlM0NkaXYlMjBjbGFzcyUzRCUyMnZpZGVvLWJveF9faWNvbi0tcGxheSUyMiUzRSUzQ3N2ZyUyMHZpZXdCb3glM0QlMjIwJTIwMCUyMDI0JTIwMjQlMjIlMjB3aWR0aCUzRCUyMjI0JTIyJTIwaGVpZ2h0JTNEJTIyMjQlMjIlM0UlM0NwYXRoJTIwZmlsbCUzRCUyMm5vbmUlMjIlMjBkJTNEJTIyTTAlMjAwaDI0djI0SDB6JTIyJTJGJTNFJTNDcGF0aCUyMGQlM0QlMjJNMTkuMzc2JTIwMTIuNDE2TDguNzc3JTIwMTkuNDgyQS41LjUlMjAwJTIwMCUyMDElMjA4JTIwMTkuMDY2VjQuOTM0YS41LjUlMjAwJTIwMCUyMDElMjAuNzc3LS40MTZsMTAuNTk5JTIwNy4wNjZhLjUuNSUyMDAlMjAwJTIwMSUyMDAlMjAuODMyeiUyMiUyRiUzRSUzQyUyRnN2ZyUzRSUzQyUyRmRpdiUzRSUzQyUyRmRpdiUzRSUwQSUzQyUyRmElM0U=[\/vc_raw_html][\/vc_column][vc_column width=&#8221;1\/2&#8243;][vc_empty_space height=&#8221;25px&#8221;][vc_raw_html]JTNDYSUyMGRhdGEtZmFuY3lib3glM0QlMjJnYWxsZXJ5JTIyJTIwaHJlZiUzRCUyMmh0dHBzJTNBJTJGJTJGd3d3LnlvdXR1YmUuY29tJTJGd2F0Y2glM0Z2JTNEWWFvYVRqX21QUWslMjIlMjBjbGFzcyUzRCUyMnZpZGVvLWJveCUyMiUzRSUwQSUyMCUyMCUyMCUyMCUzQ2ltZyUyMHNyYyUzRCUyMmh0dHBzJTNBJTJGJTJGYXZydXBhY2VycmFoaS5uZXQlMkZmciUyRndwLWNvbnRlbnQlMkZ1cGxvYWRzJTJGMjAyNCUyRjAyJTJGc3ltcHRvbS1kZS1saGlkcmFkZW5pdGUtc3VwcHVyZWUuanBnJTIyJTIwYWx0JTNEJTIyaW1hZ2UlMjIlM0UlMEElMjAlMjAlMjAlMjAlM0NkaXYlMjBjbGFzcyUzRCUyMnZpZGVvLWJveF9faWNvbiUyMiUzRSUzQ2RpdiUyMGNsYXNzJTNEJTIydmlkZW8tYm94X19pY29uLS1wbGF5JTIyJTNFJTNDc3ZnJTIwdmlld0JveCUzRCUyMjAlMjAwJTIwMjQlMjAyNCUyMiUyMHdpZHRoJTNEJTIyMjQlMjIlMjBoZWlnaHQlM0QlMjIyNCUyMiUzRSUzQ3BhdGglMjBmaWxsJTNEJTIybm9uZSUyMiUyMGQlM0QlMjJNMCUyMDBoMjR2MjRIMHolMjIlMkYlM0UlM0NwYXRoJTIwZCUzRCUyMk0xOS4zNzYlMjAxMi40MTZMOC43NzclMjAxOS40ODJBLjUuNSUyMDAlMjAwJTIwMSUyMDglMjAxOS4wNjZWNC45MzRhLjUuNSUyMDAlMjAwJTIwMSUyMC43NzctLjQxNmwxMC41OTklMjA3LjA2NmEuNS41JTIwMCUyMDAlMjAxJTIwMCUyMC44MzJ6JTIyJTJGJTNFJTNDJTJGc3ZnJTNFJTNDJTJGZGl2JTNFJTNDJTJGZGl2JTNFJTBBJTNDJTJGYSUzRQ==[\/vc_raw_html][\/vc_column][\/vc_row][vc_row][vc_column width=&#8221;1\/2&#8243;][vc_empty_space][vc_single_image image=&#8221;5898&#8243; img_size=&#8221;full&#8221;][\/vc_column][vc_column width=&#8221;1\/2&#8243;][vc_empty_space]<h2 class=\"box-header align-left\">Qu'est-ce que l'hidrad\u00e9nite suppur\u00e9e ?<\/h2>[vc_column_text]<\/p>\n<h3>Causes de l&#8217;hidrosad\u00e9nite suppur\u00e9e<\/h3>\n<p>La cause exacte de la maladie n&#8217;est pas connue. Gonflement sous la peau caus\u00e9 par le blocage et l&#8217;inflammation des follicules pileux, et il est possible que la pr\u00e9disposition g\u00e9n\u00e9tique, les hormones sexuelles, l&#8217;ob\u00e9sit\u00e9, l&#8217;alimentation \u00e0 base de glucides et le tabagisme jouent un r\u00f4le dans l&#8217;apparition de cette maladie.<\/p>\n<p>La maladie appara\u00eet souvent apr\u00e8s la pubert\u00e9, mais elle peut aussi appara\u00eetre plus tard.[\/vc_column_text][\/vc_column][\/vc_row][vc_row][vc_column][vc_column_text]La probabilit\u00e9 de sa survenue apr\u00e8s la m\u00e9nopause ou avant la pubert\u00e9 est tr\u00e8s faible, c&#8217;est pourquoi on pense que les hormones ont \u00e9galement un effet sur la survenue de cette maladie. Les personnes atteintes de cette maladie ont des probl\u00e8mes comme l&#8217;acn\u00e9 et la croissance excessive des cheveux.<\/p>\n<p>L&#8217;hidrosad\u00e9nite suppur\u00e9e n&#8217;a rien \u00e0 voir avec l&#8217;hygi\u00e8ne personnelle. De m\u00eame, cette maladie n&#8217;est pas caus\u00e9e par une infection, mais elle peut rendre une personne vuln\u00e9rable \u00e0 d&#8217;autres infections. Cette maladie n&#8217;est pas contagieuse; Il ne se transmet pas d&#8217;une personne \u00e0 une autre.[\/vc_column_text][vc_empty_space height=&#8221;15px&#8221;]<h2 class=\"box-header align-left\">Diagnostic de l'hidrosad\u00e9nite suppur\u00e9e<\/h2>[vc_column_text]Le diagnostic peut g\u00e9n\u00e9ralement \u00eatre pos\u00e9 par des constatations cliniques et un examen physique, mais parfois, lorsque le m\u00e9decin le juge n\u00e9cessaire, une biopsie cutan\u00e9e, un pr\u00e9l\u00e8vement cutan\u00e9, une culture ou un test sanguin sont effectu\u00e9s.[\/vc_column_text][vc_empty_space height=&#8221;15px&#8221;]<h2 class=\"box-header align-left\">Comment traite-t-on l'hidrad\u00e9nite suppur\u00e9e?<\/h2>[vc_column_text]\u00c9tant donn\u00e9 que cette maladie a un impact n\u00e9gatif sur la vie sociale et l&#8217;\u00e9tat mental de la personne, le traitement doit \u00eatre commenc\u00e9 le plus t\u00f4t possible. Si la maladie n&#8217;est pas trait\u00e9e, elle peut durer des ann\u00e9es. Les ulc\u00e8res, les conditions inflammatoires et les odeurs peuvent entra\u00eener une d\u00e9t\u00e9rioration de la qualit\u00e9 de vie des patients, de l&#8217;embarras, de l&#8217;\u00e9loignement social et de la d\u00e9pression. De plus, dans les cas graves, \u00e0 la suite d&#8217;un flux lymphatique alt\u00e9r\u00e9, des fistules visc\u00e9rales (abc\u00e8s enflamm\u00e9s qui forment des ouvertures et des canaux entre les organes internes et la peau), une raideur cicatricielle et une perte d&#8217;\u00e9lasticit\u00e9 peuvent survenir, ce qui entra\u00eene une restriction des mouvements du patient.<\/p>\n<p>Dans le traitement de l&#8217;hidrosad\u00e9nite suppur\u00e9e, des antibiotiques locaux et syst\u00e9miques, des m\u00e9dicaments pour renforcer le syst\u00e8me immunitaire, la th\u00e9rapie au laser et des m\u00e9thodes de traitement chirurgical sont utilis\u00e9s. Les m\u00e9dicaments, la chirurgie et les changements de style de vie peuvent \u00eatre utilis\u00e9s ensemble dans le traitement. La m\u00e9thode de traitement utilis\u00e9e peut \u00eatre diff\u00e9rente selon l&#8217;\u00e2ge du patient, ses conditions de vie et le stade de la maladie. Cette maladie peut \u00e9galement \u00eatre r\u00e9currente et durer toute la vie.[\/vc_column_text][vc_empty_space height=&#8221;15px&#8221;]<h2 class=\"box-header align-left\">Choses \u00e0 consid\u00e9rer dans l'hidrosad\u00e9nite suppur\u00e9e<\/h2>[vc_column_text]Les personnes souffrant d&#8217;hidrosad\u00e9nite suppur\u00e9e doivent avoir une alimentation \u00e9quilibr\u00e9e et r\u00e9guli\u00e8re, \u00e9viter le surpoids et ne pas consommer d&#8217;aliments sucr\u00e9s \u00e0 index glyc\u00e9mique \u00e9lev\u00e9. De plus, le tabagisme augmente la gravit\u00e9 de la maladie.<\/p>\n<p>\u00c9viter la transpiration et l&#8217;humidit\u00e9, se doucher fr\u00e9quemment et garder les plis secs sont tr\u00e8s importants, surtout pendant les mois chauds. Le gel douche ou les savons \u00e0 contenu antibact\u00e9rien peuvent \u00eatre utilis\u00e9s 1 \u00e0 2 fois par semaine.<\/p>\n<p>Les d\u00e9odorants utilis\u00e9s ne doivent pas bloquer les glandes sudoripares. Pour cette raison, les produits contenant des produits chimiques anti-transpirants peuvent aggraver la condition.<\/p>\n<p>Les hydratants et les cosm\u00e9tiques utilis\u00e9s ne doivent pas entrer en contact avec les zones pr\u00e9sentant des sympt\u00f4mes de la maladie.<\/p>\n<p>Le choix des v\u00eatements est \u00e9galement important dans l&#8217;hidrosad\u00e9nite suppur\u00e9e. \u00c9vitez les v\u00eatements serr\u00e9s en tissus synth\u00e9tiques. Il est pr\u00e9f\u00e9rable d&#8217;utiliser des sous-v\u00eatements en coton.[\/vc_column_text][\/vc_column][\/vc_row][vc_row][vc_column]<h3 class=\"box-header\">Hidrad\u00e9nite Suppur\u00e9e Avant Et Apr\u00e8s Traitement.<\/h3>[vc_column_text]Avec un traitement appropri\u00e9 de l&#8217;hidrad\u00e9nite suppur\u00e9e , la qualit\u00e9 de la vie des patients peut \u00eatre am\u00e9lior\u00e9e et la peau peut \u00eatre r\u00e9g\u00e9n\u00e9r\u00e9e dans une large mesure. En tant que centre sp\u00e9cialis\u00e9 d&#8217;Avrupa Cerrahi, nous avons obtenu un grand succ\u00e8s en utilisant des m\u00e9thodes non chirurgicales pour le traitement de l&#8217;hidrad\u00e9nite suppur\u00e9e . Voici l&#8217;\u00e9tat du patient avant le traitement et les photos apr\u00e8s le traitement non chirurgical dans notre centre.[\/vc_column_text]<h3 class=\"box-header\">Images du diagnostic de l'hidrad\u00e9nite suppur\u00e9e (mammaire du chien)<\/h3>[vc_separator][\/vc_column][\/vc_row][vc_row][vc_column width=&#8221;1\/2&#8243;][vc_single_image image=&#8221;6389&#8243; img_size=&#8221;full&#8221;][vc_column_text]<strong>Hidrad\u00e9nite suppur\u00e9e de l&#8217;aisselle<\/strong>[\/vc_column_text][vc_empty_space height=&#8221;0px&#8221;][vc_single_image image=&#8221;6387&#8243; img_size=&#8221;full&#8221;][vc_column_text]<strong>Hidrad\u00e9nite suppur\u00e9e \u00e0 l&#8217;aine<\/strong>[\/vc_column_text][vc_empty_space height=&#8221;0px&#8221;][vc_single_image image=&#8221;6395&#8243; img_size=&#8221;full&#8221;][vc_column_text]<strong>Hidrad\u00e9nite suppur\u00e9e dans la fesse<\/strong>[\/vc_column_text][vc_empty_space height=&#8221;0px&#8221;][vc_single_image image=&#8221;6393&#8243; img_size=&#8221;full&#8221;][vc_column_text]<strong>Hidrad\u00e9nite suppur\u00e9e de l&#8217;aisselle<\/strong>[\/vc_column_text][vc_empty_space height=&#8221;0px&#8221;][vc_single_image image=&#8221;6391&#8243; img_size=&#8221;full&#8221;][vc_column_text]<strong>Hidrad\u00e9nite suppur\u00e9e de l&#8217;aisselle<\/strong>[\/vc_column_text][\/vc_column][vc_column width=&#8221;1\/2&#8243;][vc_single_image image=&#8221;6388&#8243; img_size=&#8221;full&#8221;][vc_column_text]<\/p>\n<div class=\"wpb_text_column wpb_content_element \">\n<div class=\"wpb_wrapper\">\n<p><strong>Kas\u0131kta Hidradenitis Suppurativa<\/strong><\/p>\n<\/div>\n<\/div>\n<p>[\/vc_column_text][vc_empty_space height=&#8221;0px&#8221;][vc_single_image image=&#8221;6386&#8243; img_size=&#8221;full&#8221;][vc_column_text]<strong>Hidrad\u00e9nite suppur\u00e9e de l&#8217;aisselle<\/strong>[\/vc_column_text][vc_empty_space height=&#8221;0px&#8221;][vc_single_image image=&#8221;6404&#8243; img_size=&#8221;full&#8221; onclick=&#8221;custom_link&#8221; link=&#8221;https:\/\/avrupacerrahi.com.tr\/wp-content\/uploads\/2024\/09\/HIDRA-1.webp&#8221;][vc_column_text]<strong>Hidrad\u00e9nite suppur\u00e9e dans la fesse<\/strong>[\/vc_column_text][vc_empty_space height=&#8221;0px&#8221;][vc_single_image image=&#8221;6392&#8243; img_size=&#8221;full&#8221;][vc_column_text]<strong>Hidrad\u00e9nite suppur\u00e9e de l&#8217;aisselle<\/strong>[\/vc_column_text][vc_empty_space height=&#8221;0px&#8221;][vc_single_image image=&#8221;6396&#8243; img_size=&#8221;full&#8221; onclick=&#8221;custom_link&#8221; link=&#8221;https:\/\/avrupacerrahi.com.tr\/wp-content\/uploads\/2024\/09\/hidra-012-ezgif.com-png-to-webp-converter-1.webp&#8221;][vc_column_text]<strong>Hidrad\u00e9nite suppur\u00e9e au niveau du nombril<\/strong>[\/vc_column_text][\/vc_column][\/vc_row][vc_row][vc_column width=&#8221;1\/2&#8243;][vc_empty_space][vc_empty_space height=&#8221;15px&#8221;][vc_empty_space height=&#8221;0px&#8221;]<h3 class=\"box-header\">Hidrad\u00e9nite suppur\u00e9e avant traitement<\/h3>[vc_empty_space height=&#8221;15px&#8221;][vc_empty_space height=&#8221;0px&#8221;][vc_single_image image=&#8221;5971&#8243; img_size=&#8221;full&#8221;][vc_empty_space][vc_empty_space][\/vc_column][vc_column width=&#8221;1\/2&#8243;][vc_empty_space][vc_empty_space height=&#8221;15px&#8221;][vc_empty_space height=&#8221;0px&#8221;]<h3 class=\"box-header\">Hidrad\u00e9nite suppur\u00e9e apr\u00e8s traitement<\/h3>[vc_empty_space height=&#8221;15px&#8221;][vc_empty_space height=&#8221;0px&#8221;][vc_single_image image=&#8221;5972&#8243; img_size=&#8221;full&#8221;][vc_empty_space][vc_empty_space][\/vc_column][\/vc_row][vc_row][vc_column][vc_empty_space][vc_separator][vc_empty_space]<h2 class=\"box-header align-center\">Suggestions de vid\u00e9os pour la maladie de l'hidrad\u00e9nite suppur\u00e9e<\/h2>[vc_empty_space height=&#8221;23px&#8221;][vc_row_inner][vc_column_inner width=&#8221;1\/3&#8243;][vc_video link=&#8221;https:\/\/www.youtube.com\/watch?v=AKbSUqTDIZ0&#8243;][\/vc_column_inner][vc_column_inner width=&#8221;1\/3&#8243;][vc_video link=&#8221;https:\/\/www.youtube.com\/watch?v=u-FTQLyafuM&#8221;][\/vc_column_inner][vc_column_inner width=&#8221;1\/3&#8243;][vc_video link=&#8221;https:\/\/www.youtube.com\/watch?v=-fXmBHRaZgo&#8221;][\/vc_column_inner][\/vc_row_inner][vc_empty_space][vc_separator][vc_empty_space][\/vc_column][\/vc_row][vc_row css=&#8221;.vc_custom_1608749961067{margin-top: 50px !important;}&#8221;][vc_column]<h2 class=\"box-header\">Pourquoi devrais-je choisir de Avrupa Cerrahi ?<\/h2>[vc_column_text]Nous traitons les patients qui viennent pour une chirurgie de l&#8217;hidrosad\u00e9nite suppur\u00e9e avec des techniques au laser sans chirurgie et avec nos 17 ann\u00e9es de connaissances<\/p>\n<p>Nous suivons toutes les derni\u00e8res informations et d\u00e9veloppements li\u00e9s \u00e0 la proctologie (maladies de l&#8217;anus), aux sources internes et externes, et appliquons notre m\u00e9thode de traitement sp\u00e9ciale de mani\u00e8re ouverte aux innovations.[\/vc_column_text][vc_empty_space height=&#8221;23px&#8221;][vc_separator][\/vc_column][\/vc_row][vc_row][vc_column][vc_empty_space]<h2 class=\"box-header black align-center large\">Contactez-nous<\/h2>[vc_empty_space]\n<div class=\"wpcf7 no-js\" id=\"wpcf7-f5761-o1\" lang=\"en-US\" dir=\"ltr\" data-wpcf7-id=\"5761\">\n<div class=\"screen-reader-response\"><p role=\"status\" aria-live=\"polite\" aria-atomic=\"true\"><\/p> <ul><\/ul><\/div>\n<form action=\"\/fr\/wp-json\/wp\/v2\/pages\/5897#wpcf7-f5761-o1\" method=\"post\" class=\"wpcf7-form init\" aria-label=\"Contact form\" novalidate=\"novalidate\" data-status=\"init\">\n<fieldset class=\"hidden-fields-container\"><input type=\"hidden\" name=\"_wpcf7\" value=\"5761\" \/><input type=\"hidden\" name=\"_wpcf7_version\" value=\"6.1.5\" \/><input type=\"hidden\" name=\"_wpcf7_locale\" value=\"en_US\" \/><input type=\"hidden\" name=\"_wpcf7_unit_tag\" value=\"wpcf7-f5761-o1\" \/><input type=\"hidden\" name=\"_wpcf7_container_post\" value=\"0\" \/><input type=\"hidden\" name=\"_wpcf7_posted_data_hash\" value=\"\" \/><input type=\"hidden\" name=\"_wpcf7_recaptcha_response\" value=\"\" \/>\n<\/fieldset>\n<p><label class=\"forms\">Nom et Pr\u00e9nom<\/label>\n<\/p>\n<div class=\"yeniForm\" style=\"width:100%;\">\n\t<p><span class=\"wpcf7-form-control-wrap\" data-name=\"text-947\"><input size=\"40\" maxlength=\"400\" class=\"wpcf7-form-control wpcf7-text wpcf7-validates-as-required\" aria-required=\"true\" aria-invalid=\"false\" placeholder=\"Nom et Pr\u00e9nom\" value=\"\" type=\"text\" name=\"text-947\" \/><\/span>\n\t<\/p>\n<\/div>\n<p><label class=\"forms\">Votre num\u00e9ro de t\u00e9l\u00e9phone<\/label>\n<\/p>\n<div class=\"yeniForm form-size\" style=\"width:100%;\">\n\t<p><span class=\"wpcf7-form-control-wrap\" data-name=\"phonetext-104\"><input size=\"40\" class=\"wpcf7-form-control wpcf7-phonetext wpcf7-validates-as-required wpcf7-text wpcf7-validates-as-phonetext\" aria-required=\"true\" aria-invalid=\"false\" value=\"+33\" type=\"text\" name=\"phonetext-104\" \/><input type=\"hidden\" name=\"phonetext-104-country-code\" class=\"wpcf7-phonetext-country-code\" \/><\/span>\n\t<\/p>\n<\/div>\n<p><label class=\"forms\">message<\/label>\n<\/p>\n<div class=\"yeniForm text-form\" style=\"width:100%; \">\n\t<p><span class=\"wpcf7-form-control-wrap\" data-name=\"text-751\"><input size=\"40\" maxlength=\"400\" class=\"wpcf7-form-control wpcf7-text\" aria-invalid=\"false\" placeholder=\"Message\" value=\"\" type=\"text\" name=\"text-751\" \/><\/span>\n\t<\/p>\n<\/div>\n<div class=\"yeniFormBtn\" style=\"width:100%;\">\n\t<p><input class=\"wpcf7-form-control wpcf7-submit has-spinner\" type=\"submit\" value=\"Envoyer\" \/>\n\t<\/p>\n<\/div>\n<style>\n .yeniForm input{\n background: #f0f0f0;\n border: none;\n}\n .yeniFormBtn input{\n background: #3b72ae;\n margin-top: 15px;\n color: white;}\n .text-form input{\n height:120px;\n }\n .flag-container{\n background: #d1d1d1;\n width: 57px;\n}\n .selected-flag{\n background: #d1d1d1;\n\n}\n\n .form-size input{\n left: 18px;\n width: 98% !important;\n font-weight: bold;\n}\ninput.wpcf7-form-control.wpcf7-text.wpcf7-phonetext.wpcf7-validates-as-required.wpcf7-validates-as-phonetext {\n font-weight: bold;\n}\n<\/style><input type='hidden' class='wpcf7-pum' value='{\"closepopup\":false,\"closedelay\":0,\"openpopup\":false,\"openpopup_id\":0}' \/><div class=\"wpcf7-response-output\" aria-hidden=\"true\"><\/div>\n<\/form>\n<\/div>\n[vc_empty_space height=&#8221;23px&#8221;][vc_separator][vc_empty_space height=&#8221;23px&#8221;][\/vc_column][\/vc_row][vc_row][vc_column offset=&#8221;vc_hidden-sm vc_hidden-xs&#8221;]<h2 class=\"box-header black align-center large\">NOS PARTENAIRES<\/h2>[vc_empty_space height=&#8221;25px&#8221;][vc_images_carousel images=&#8221;5153,5157,5158,5203&#8243; img_size=&#8221;full&#8221; speed=&#8221;3000&#8243; slides_per_view=&#8221;4&#8243; hide_pagination_control=&#8221;yes&#8221; hide_prev_next_buttons=&#8221;yes&#8221; wrap=&#8221;yes&#8221;][vc_empty_space][vc_separator][\/vc_column][\/vc_row][vc_row][vc_column offset=&#8221;vc_hidden-lg vc_hidden-md&#8221;]<h2 class=\"box-header black align-center large\">NOS PARTENAIRES<\/h2>[vc_empty_space height=&#8221;25px&#8221;][vc_images_carousel images=&#8221;5153,5157,5158,5203&#8243; img_size=&#8221;full&#8221; speed=&#8221;3000&#8243; slides_per_view=&#8221;2&#8243; autoplay=&#8221;yes&#8221; hide_pagination_control=&#8221;yes&#8221; hide_prev_next_buttons=&#8221;yes&#8221; wrap=&#8221;yes&#8221;][\/vc_column][\/vc_row]<\/p>\n","protected":false},"excerpt":{"rendered":"<p>[vc_row][vc_column width=&#8221;1\/2&#8243;][vc_empty_space height=&#8221;25px&#8221;][vc_raw_html]JTNDYSUyMGRhdGEtZmFuY3lib3glM0QlMjJnYWxsZXJ5JTIyJTIwaHJlZiUzRCUyMmh0dHBzJTNBJTJGJTJGd3d3LnlvdXR1YmUuY29tJTJGd2F0Y2glM0Z2JTNEUDZmVGtqY2FEWlUlMjIlM0UlMEElMjAlMjAlMjAlMjAlM0NpbWclMjBzcmMlM0QlMjJodHRwcyUzQSUyRiUyRmF2cnVwYWNlcnJhaGkubmV0JTJGZnIlMkZ3cC1jb250ZW50JTJGdXBsb2FkcyUyRjIwMjQlMkYwMiUyRktPUEVLLU1FTUVTSS1GUi0xLmpwZyUyMiUyMGFsdCUzRCUyMmltYWdlJTIyJTNFJTBBJTIwJTIwJTIwJTIwJTNDZGl2JTIwY2xhc3MlM0QlMjJ2aWRlby1ib3hfX2ljb24lMjIlM0UlM0NkaXYlMjBjbGFzcyUzRCUyMnZpZGVvLWJveF9faWNvbi0tcGxheSUyMiUzRSUzQ3N2ZyUyMHZpZXdCb3glM0QlMjIwJTIwMCUyMDI0JTIwMjQlMjIlMjB3aWR0aCUzRCUyMjI0JTIyJTIwaGVpZ2h0JTNEJTIyMjQlMjIlM0UlM0NwYXRoJTIwZmlsbCUzRCUyMm5vbmUlMjIlMjBkJTNEJTIyTTAlMjAwaDI0djI0SDB6JTIyJTJGJTNFJTNDcGF0aCUyMGQlM0QlMjJNMTkuMzc2JTIwMTIuNDE2TDguNzc3JTIwMTkuNDgyQS41LjUlMjAwJTIwMCUyMDElMjA4JTIwMTkuMDY2VjQuOTM0YS41LjUlMjAwJTIwMCUyMDElMjAuNzc3LS40MTZsMTAuNTk5JTIwNy4wNjZhLjUuNSUyMDAlMjAwJTIwMSUyMDAlMjAuODMyeiUyMiUyRiUzRSUzQyUyRnN2ZyUzRSUzQyUyRmRpdiUzRSUzQyUyRmRpdiUzRSUwQSUzQyUyRmElM0U=[\/vc_raw_html][\/vc_column][vc_column width=&#8221;1\/2&#8243;][vc_empty_space height=&#8221;25px&#8221;][vc_raw_html]JTNDYSUyMGRhdGEtZmFuY3lib3glM0QlMjJnYWxsZXJ5JTIyJTIwaHJlZiUzRCUyMmh0dHBzJTNBJTJGJTJGd3d3LnlvdXR1YmUuY29tJTJGd2F0Y2glM0Z2JTNEWWFvYVRqX21QUWslMjIlMjBjbGFzcyUzRCUyMnZpZGVvLWJveCUyMiUzRSUwQSUyMCUyMCUyMCUyMCUzQ2ltZyUyMHNyYyUzRCUyMmh0dHBzJTNBJTJGJTJGYXZydXBhY2VycmFoaS5uZXQlMkZmciUyRndwLWNvbnRlbnQlMkZ1cGxvYWRzJTJGMjAyNCUyRjAyJTJGc3ltcHRvbS1kZS1saGlkcmFkZW5pdGUtc3VwcHVyZWUuanBnJTIyJTIwYWx0JTNEJTIyaW1hZ2UlMjIlM0UlMEElMjAlMjAlMjAlMjAlM0NkaXYlMjBjbGFzcyUzRCUyMnZpZGVvLWJveF9faWNvbiUyMiUzRSUzQ2RpdiUyMGNsYXNzJTNEJTIydmlkZW8tYm94X19pY29uLS1wbGF5JTIyJTNFJTNDc3ZnJTIwdmlld0JveCUzRCUyMjAlMjAwJTIwMjQlMjAyNCUyMiUyMHdpZHRoJTNEJTIyMjQlMjIlMjBoZWlnaHQlM0QlMjIyNCUyMiUzRSUzQ3BhdGglMjBmaWxsJTNEJTIybm9uZSUyMiUyMGQlM0QlMjJNMCUyMDBoMjR2MjRIMHolMjIlMkYlM0UlM0NwYXRoJTIwZCUzRCUyMk0xOS4zNzYlMjAxMi40MTZMOC43NzclMjAxOS40ODJBLjUuNSUyMDAlMjAwJTIwMSUyMDglMjAxOS4wNjZWNC45MzRhLjUuNSUyMDAlMjAwJTIwMSUyMC43NzctLjQxNmwxMC41OTklMjA3LjA2NmEuNS41JTIwMCUyMDAlMjAxJTIwMCUyMC44MzJ6JTIyJTJGJTNFJTNDJTJGc3ZnJTNFJTNDJTJGZGl2JTNFJTNDJTJGZGl2JTNFJTBBJTNDJTJGYSUzRQ==[\/vc_raw_html][\/vc_column][\/vc_row][vc_row][vc_column width=&#8221;1\/2&#8243;][vc_empty_space][vc_single_image image=&#8221;5898&#8243; img_size=&#8221;full&#8221;][\/vc_column][vc_column width=&#8221;1\/2&#8243;][vc_empty_space][vc_column_text] Causes de l&#8217;hidrosad\u00e9nite suppur\u00e9e La cause exacte de la maladie n&#8217;est pas connue. Gonflement sous la peau caus\u00e9 par le blocage et l&#8217;inflammation des follicules pileux, et il est possible que la pr\u00e9disposition g\u00e9n\u00e9tique, les hormones sexuelles, l&#8217;ob\u00e9sit\u00e9, l&#8217;alimentation \u00e0 base de glucides et le tabagisme<\/p>\n","protected":false},"author":2,"featured_media":0,"parent":0,"menu_order":0,"comment_status":"closed","ping_status":"closed","template":"","meta":{"footnotes":""},"class_list":["post-5897","page","type-page","status-publish","hentry"],"aioseo_notices":[],"_links":{"self":[{"href":"https:\/\/avrupacerrahi.net\/fr\/wp-json\/wp\/v2\/pages\/5897","targetHints":{"allow":["GET"]}}],"collection":[{"href":"https:\/\/avrupacerrahi.net\/fr\/wp-json\/wp\/v2\/pages"}],"about":[{"href":"https:\/\/avrupacerrahi.net\/fr\/wp-json\/wp\/v2\/types\/page"}],"author":[{"embeddable":true,"href":"https:\/\/avrupacerrahi.net\/fr\/wp-json\/wp\/v2\/users\/2"}],"replies":[{"embeddable":true,"href":"https:\/\/avrupacerrahi.net\/fr\/wp-json\/wp\/v2\/comments?post=5897"}],"version-history":[{"count":21,"href":"https:\/\/avrupacerrahi.net\/fr\/wp-json\/wp\/v2\/pages\/5897\/revisions"}],"predecessor-version":[{"id":6406,"href":"https:\/\/avrupacerrahi.net\/fr\/wp-json\/wp\/v2\/pages\/5897\/revisions\/6406"}],"wp:attachment":[{"href":"https:\/\/avrupacerrahi.net\/fr\/wp-json\/wp\/v2\/media?parent=5897"}],"curies":[{"name":"wp","href":"https:\/\/api.w.org\/{rel}","templated":true}]}}