{"id":5977,"date":"2024-02-19T13:19:13","date_gmt":"2024-02-19T10:19:13","guid":{"rendered":"https:\/\/avrupacerrahi.net\/fr\/?page_id=5977"},"modified":"2024-02-23T12:28:16","modified_gmt":"2024-02-23T09:28:16","slug":"blog-sante","status":"publish","type":"page","link":"https:\/\/avrupacerrahi.net\/fr\/blog-sante\/","title":{"rendered":"Blog sant\u00e9"},"content":{"rendered":"<p>[vc_row][vc_column width=&#8221;1\/2&#8243;]<ul class=\"blog clearfix\"><li class=\" post post-6461 type-post status-publish format-standard has-post-thumbnail hentry category-fistule-anale\"><ul class=\"comment-box clearfix\"><li class=\"date clearfix\">\n\t\t\t\t\t\t\t\t<div class=\"value\">11 DECEMBER 2024<\/div>\n\t\t\t\t\t\t\t\t<div class=\"arrow-date\"><\/div>\n\t\t\t\t\t\t\t<\/li><li class=\"comments-number\">\t\t\t<a href=\"https:\/\/avrupacerrahi.net\/fr\/une-fistule-anale-peut-elle-etre-completement-guerie\/#respond\" title=\"0 COMMENTS\">0<\/a>\n\t\t\t\t\t\t\t<\/li><\/ul><div class=\"post-content\"><a class=\"post-image\" href=\"https:\/\/avrupacerrahi.net\/fr\/une-fistule-anale-peut-elle-etre-completement-guerie\/\" title=\"Une fistule anale peut-elle \u00eatre compl\u00e8tement gu\u00e9rie ?\"><span class=\"mc-preloader\"><\/span><img loading=\"lazy\" decoding=\"async\" width=\"670\" height=\"446\" src=\"https:\/\/avrupacerrahi.net\/fr\/wp-content\/uploads\/2024\/12\/Anal-Fistul-Tamamen-Iyilesebilir-mi-670x446.png\" class=\"attachment-blog-post-thumb size-blog-post-thumb wp-post-image\" alt=\"Une fistule anale peut-elle \u00eatre compl\u00e8tement gu\u00e9rie ?\" title=\"\" srcset=\"https:\/\/avrupacerrahi.net\/fr\/wp-content\/uploads\/2024\/12\/Anal-Fistul-Tamamen-Iyilesebilir-mi-670x446.png 670w, https:\/\/avrupacerrahi.net\/fr\/wp-content\/uploads\/2024\/12\/Anal-Fistul-Tamamen-Iyilesebilir-mi-600x400.png 600w, https:\/\/avrupacerrahi.net\/fr\/wp-content\/uploads\/2024\/12\/Anal-Fistul-Tamamen-Iyilesebilir-mi-480x320.png 480w, https:\/\/avrupacerrahi.net\/fr\/wp-content\/uploads\/2024\/12\/Anal-Fistul-Tamamen-Iyilesebilir-mi-390x260.png 390w, https:\/\/avrupacerrahi.net\/fr\/wp-content\/uploads\/2024\/12\/Anal-Fistul-Tamamen-Iyilesebilir-mi-285x190.png 285w\" sizes=\"auto, (max-width: 670px) 100vw, 670px\" \/><\/a><h2 class=\"post-title\"><a href=\"https:\/\/avrupacerrahi.net\/fr\/une-fistule-anale-peut-elle-etre-completement-guerie\/\" title=\"Une fistule anale peut-elle \u00eatre compl\u00e8tement gu\u00e9rie ?\">Une fistule anale peut-elle \u00eatre compl\u00e8tement gu\u00e9rie ?<\/a><\/h2><p>La fistule anale est un probl\u00e8me de sant\u00e9 caract\u00e9ris\u00e9 par la formation d&#8217;un canal anormal autour de l&#8217;anus. Cette condition se d\u00e9veloppe g\u00e9n\u00e9ralement apr\u00e8s un abc\u00e8s anorectal, lorsque les tissus infect\u00e9s progressent vers la surface de la peau, formant un tunnel inflammatoire. Ces tunnels peuvent nuire \u00e0 la qualit\u00e9 de vie du patient, provoquant des<\/p>\n\t\t<div class=\"post-footer clearfix\">\n\t\t\t\t\t\t\t\t<ul class=\"post-footer-details\"><li class=\"post-footer-author\">\n\t\t\t\t\t\t\t\t\t\tavrupa Cerrahi\n\t\t\t\t\t\t\t\t\t<\/li><li class=\"post-footer-category\">\n\t\t\t\t\t\t\t\t\t\t\t<a href=\"https:\/\/avrupacerrahi.net\/fr\/category\/fistule-anale\/\" title=\"Explorez notre cat\u00e9gorie Fistule pour des informations compl\u00e8tes sur les sympt\u00f4mes, les causes et les options de traitement. Informez-vous d\u00e8s maintenant!\">Fistule anale<\/a>\n\t\t\t\t\t\t\t\t\t\t<\/li><\/ul><\/div><\/div><\/li><li class=\" post post-6535 type-post status-publish format-standard hentry category-fissure-anale\"><ul class=\"comment-box clearfix\"><li class=\"date clearfix\">\n\t\t\t\t\t\t\t\t<div class=\"value\">7 JANUARY 2025<\/div>\n\t\t\t\t\t\t\t\t<div class=\"arrow-date\"><\/div>\n\t\t\t\t\t\t\t<\/li><li class=\"comments-number\">\t\t\t<a href=\"https:\/\/avrupacerrahi.net\/fr\/traitement-medical-des-fissures-anales-avec-medicaments-et-pommades\/#respond\" title=\"0 COMMENTS\">0<\/a>\n\t\t\t\t\t\t\t<\/li><\/ul><div class=\"post-content\"><h2 class=\"post-title\"><a href=\"https:\/\/avrupacerrahi.net\/fr\/traitement-medical-des-fissures-anales-avec-medicaments-et-pommades\/\" title=\"Traitement m\u00e9dical des fissures anales avec m\u00e9dicaments et pommades\">Traitement m\u00e9dical des fissures anales avec m\u00e9dicaments et pommades<\/a><\/h2><p>Une fissure anale est d\u00e9finie comme une d\u00e9chirure ou une fissure dans la peau d\u00e9licate entourant l\u2019anus. Cette condition provoque souvent une douleur intense, des saignements et un inconfort pendant les selles. Avant de recourir aux m\u00e9thodes chirurgicales, les m\u00e9decins sp\u00e9cialistes privil\u00e9gient g\u00e9n\u00e9ralement les traitements m\u00e9dicaux pour soigner les fissures anales. Ces traitements incluent des<\/p>\n\t\t<div class=\"post-footer clearfix\">\n\t\t\t\t\t\t\t\t<ul class=\"post-footer-details\"><li class=\"post-footer-author\">\n\t\t\t\t\t\t\t\t\t\tavrupa Cerrahi\n\t\t\t\t\t\t\t\t\t<\/li><li class=\"post-footer-category\">\n\t\t\t\t\t\t\t\t\t\t\t<a href=\"https:\/\/avrupacerrahi.net\/fr\/category\/fissure-anale\/\" title=\"D\u00e9couvrez des informations approfondies sur la cat\u00e9gorie des fissures anales. Sympt\u00f4mes, causes et m\u00e9thodes de traitement efficaces sont abord\u00e9s ici!\">Fissure anale<\/a>\n\t\t\t\t\t\t\t\t\t\t<\/li><\/ul><\/div><\/div><\/li><li class=\" post post-6457 type-post status-publish format-standard has-post-thumbnail hentry category-hemoroides\"><ul class=\"comment-box clearfix\"><li class=\"date clearfix\">\n\t\t\t\t\t\t\t\t<div class=\"value\">11 DECEMBER 2024<\/div>\n\t\t\t\t\t\t\t\t<div class=\"arrow-date\"><\/div>\n\t\t\t\t\t\t\t<\/li><li class=\"comments-number\">\t\t\t<a href=\"https:\/\/avrupacerrahi.net\/fr\/traitement-du-fissure-anale-avec-du-botox\/#respond\" title=\"0 COMMENTS\">0<\/a>\n\t\t\t\t\t\t\t<\/li><\/ul><div class=\"post-content\"><a class=\"post-image\" href=\"https:\/\/avrupacerrahi.net\/fr\/traitement-du-fissure-anale-avec-du-botox\/\" title=\"Traitement du Fissure Anale avec du Botox\"><span class=\"mc-preloader\"><\/span><img loading=\"lazy\" decoding=\"async\" width=\"670\" height=\"446\" src=\"https:\/\/avrupacerrahi.net\/fr\/wp-content\/uploads\/2024\/12\/Makat-Catlaginin-Botoksla-Mualic\u0259si-670x446.png\" class=\"attachment-blog-post-thumb size-blog-post-thumb wp-post-image\" alt=\"Traitement du Fissure Anale avec du Botox\" title=\"\" srcset=\"https:\/\/avrupacerrahi.net\/fr\/wp-content\/uploads\/2024\/12\/Makat-Catlaginin-Botoksla-Mualic\u0259si-670x446.png 670w, https:\/\/avrupacerrahi.net\/fr\/wp-content\/uploads\/2024\/12\/Makat-Catlaginin-Botoksla-Mualic\u0259si-600x400.png 600w, https:\/\/avrupacerrahi.net\/fr\/wp-content\/uploads\/2024\/12\/Makat-Catlaginin-Botoksla-Mualic\u0259si-480x320.png 480w, https:\/\/avrupacerrahi.net\/fr\/wp-content\/uploads\/2024\/12\/Makat-Catlaginin-Botoksla-Mualic\u0259si-390x260.png 390w, https:\/\/avrupacerrahi.net\/fr\/wp-content\/uploads\/2024\/12\/Makat-Catlaginin-Botoksla-Mualic\u0259si-285x190.png 285w\" sizes=\"auto, (max-width: 670px) 100vw, 670px\" \/><\/a><h2 class=\"post-title\"><a href=\"https:\/\/avrupacerrahi.net\/fr\/traitement-du-fissure-anale-avec-du-botox\/\" title=\"Traitement du Fissure Anale avec du Botox\">Traitement du Fissure Anale avec du Botox<\/a><\/h2><p>Les fissures anales sont de petites d\u00e9chirures qui se forment \u00e0 l\u2019int\u00e9rieur ou autour de l\u2019anus et provoquent souvent des douleurs s\u00e9v\u00e8res, des saignements et des d\u00e9mangeaisons lors des selles. Cette condition peut avoir un impact significatif sur la qualit\u00e9 de vie quotidienne. Les fissures anales, caus\u00e9es par des facteurs tels que la constipation, la<\/p>\n\t\t<div class=\"post-footer clearfix\">\n\t\t\t\t\t\t\t\t<ul class=\"post-footer-details\"><li class=\"post-footer-author\">\n\t\t\t\t\t\t\t\t\t\tavrupa Cerrahi\n\t\t\t\t\t\t\t\t\t<\/li><li class=\"post-footer-category\">\n\t\t\t\t\t\t\t\t\t\t\t<a href=\"https:\/\/avrupacerrahi.net\/fr\/category\/hemoroides\/\" title=\"D\u00e9couvrez notre cat\u00e9gorie de fistules pour tout savoir sur les sympt\u00f4mes, les causes et les options de traitement. Renseignez-vous d\u00e8s maintenant !\">H\u00e9morro\u00efdes<\/a>\n\t\t\t\t\t\t\t\t\t\t<\/li><\/ul><\/div><\/div><\/li><li class=\" post post-6467 type-post status-publish format-standard has-post-thumbnail hentry category-fistule-anale\"><ul class=\"comment-box clearfix\"><li class=\"date clearfix\">\n\t\t\t\t\t\t\t\t<div class=\"value\">12 DECEMBER 2024<\/div>\n\t\t\t\t\t\t\t\t<div class=\"arrow-date\"><\/div>\n\t\t\t\t\t\t\t<\/li><li class=\"comments-number\">\t\t\t<a href=\"https:\/\/avrupacerrahi.net\/fr\/traitement-des-verrues-anales\/#respond\" title=\"0 COMMENTS\">0<\/a>\n\t\t\t\t\t\t\t<\/li><\/ul><div class=\"post-content\"><a class=\"post-image\" href=\"https:\/\/avrupacerrahi.net\/fr\/traitement-des-verrues-anales\/\" title=\"Traitement des Verrues Anales\"><span class=\"mc-preloader\"><\/span><img loading=\"lazy\" decoding=\"async\" width=\"670\" height=\"446\" src=\"https:\/\/avrupacerrahi.net\/fr\/wp-content\/uploads\/2024\/12\/Anal-Fistul-Cesitleri-Nelerdir-1-670x446.png\" class=\"attachment-blog-post-thumb size-blog-post-thumb wp-post-image\" alt=\"Traitement des Verrues Anales\" title=\"\" srcset=\"https:\/\/avrupacerrahi.net\/fr\/wp-content\/uploads\/2024\/12\/Anal-Fistul-Cesitleri-Nelerdir-1-670x446.png 670w, https:\/\/avrupacerrahi.net\/fr\/wp-content\/uploads\/2024\/12\/Anal-Fistul-Cesitleri-Nelerdir-1-600x400.png 600w, https:\/\/avrupacerrahi.net\/fr\/wp-content\/uploads\/2024\/12\/Anal-Fistul-Cesitleri-Nelerdir-1-480x320.png 480w, https:\/\/avrupacerrahi.net\/fr\/wp-content\/uploads\/2024\/12\/Anal-Fistul-Cesitleri-Nelerdir-1-390x260.png 390w, https:\/\/avrupacerrahi.net\/fr\/wp-content\/uploads\/2024\/12\/Anal-Fistul-Cesitleri-Nelerdir-1-285x190.png 285w\" sizes=\"auto, (max-width: 670px) 100vw, 670px\" \/><\/a><h2 class=\"post-title\"><a href=\"https:\/\/avrupacerrahi.net\/fr\/traitement-des-verrues-anales\/\" title=\"Traitement des Verrues Anales\">Traitement des Verrues Anales<\/a><\/h2><p>Les <b><a href=\"https:\/\/avrupacerrahi.net\/fr\/quelles-sont-les-methodes-de-protection-contre-les-verrues\/\">verrues<\/a><\/b> anales sont de petites excroissances autour de l&#8217;anus caus\u00e9es par le papillomavirus humain (HPV). Cette condition, qui peut toucher \u00e0 la fois les femmes et les hommes, peut entra\u00eener des probl\u00e8mes de sant\u00e9 plus graves si elle n&#8217;est pas trait\u00e9e. Chez les femmes, elle pr\u00e9sente un risque de cancer du col de l&#8217;ut\u00e9rus,<\/p>\n\t\t<div class=\"post-footer clearfix\">\n\t\t\t\t\t\t\t\t<ul class=\"post-footer-details\"><li class=\"post-footer-author\">\n\t\t\t\t\t\t\t\t\t\tavrupa Cerrahi\n\t\t\t\t\t\t\t\t\t<\/li><li class=\"post-footer-category\">\n\t\t\t\t\t\t\t\t\t\t\t<a href=\"https:\/\/avrupacerrahi.net\/fr\/category\/fistule-anale\/\" title=\"Explorez notre cat\u00e9gorie Fistule pour des informations compl\u00e8tes sur les sympt\u00f4mes, les causes et les options de traitement. Informez-vous d\u00e8s maintenant!\">Fistule anale<\/a>\n\t\t\t\t\t\t\t\t\t\t<\/li><\/ul><\/div><\/div><\/li><\/ul><ul class='pagination page-margin-top'><li class='selected'><span>1<\/span><\/li><li><a href='https:\/\/avrupacerrahi.net\/fr\/wp-json\/wp\/v2\/pages\/5977\/page\/2\/'>2<\/a><\/li><li><a href='https:\/\/avrupacerrahi.net\/fr\/wp-json\/wp\/v2\/pages\/5977\/page\/3\/'>3<\/a><\/li><li><a href='https:\/\/avrupacerrahi.net\/fr\/wp-json\/wp\/v2\/pages\/5977\/page\/2\/'>&rsaquo;<\/a><\/li><li><a href='https:\/\/avrupacerrahi.net\/fr\/wp-json\/wp\/v2\/pages\/5977\/page\/40\/'>&raquo;<\/a><\/li><\/ul>[\/vc_column][vc_column width=&#8221;1\/2&#8243;][vc_widget_sidebar top_margin=&#8221;page-margin-top&#8221; sidebar_id=&#8221;sidebar-blog&#8221;][vc_widget_sidebar top_margin=&#8221;page-margin-top&#8221; sidebar_id=&#8221;sidebar-blog&#8221;][\/vc_column][\/vc_row]<\/p>\n","protected":false},"excerpt":{"rendered":"<p>[vc_row][vc_column width=&#8221;1\/2&#8243;][\/vc_column][vc_column width=&#8221;1\/2&#8243;][vc_widget_sidebar top_margin=&#8221;page-margin-top&#8221; sidebar_id=&#8221;sidebar-blog&#8221;][vc_widget_sidebar top_margin=&#8221;page-margin-top&#8221; sidebar_id=&#8221;sidebar-blog&#8221;][\/vc_column][\/vc_row]<\/p>\n","protected":false},"author":2,"featured_media":0,"parent":0,"menu_order":0,"comment_status":"closed","ping_status":"closed","template":"","meta":{"footnotes":""},"class_list":["post-5977","page","type-page","status-publish","hentry"],"aioseo_notices":[],"_links":{"self":[{"href":"https:\/\/avrupacerrahi.net\/fr\/wp-json\/wp\/v2\/pages\/5977","targetHints":{"allow":["GET"]}}],"collection":[{"href":"https:\/\/avrupacerrahi.net\/fr\/wp-json\/wp\/v2\/pages"}],"about":[{"href":"https:\/\/avrupacerrahi.net\/fr\/wp-json\/wp\/v2\/types\/page"}],"author":[{"embeddable":true,"href":"https:\/\/avrupacerrahi.net\/fr\/wp-json\/wp\/v2\/users\/2"}],"replies":[{"embeddable":true,"href":"https:\/\/avrupacerrahi.net\/fr\/wp-json\/wp\/v2\/comments?post=5977"}],"version-history":[{"count":3,"href":"https:\/\/avrupacerrahi.net\/fr\/wp-json\/wp\/v2\/pages\/5977\/revisions"}],"predecessor-version":[{"id":5986,"href":"https:\/\/avrupacerrahi.net\/fr\/wp-json\/wp\/v2\/pages\/5977\/revisions\/5986"}],"wp:attachment":[{"href":"https:\/\/avrupacerrahi.net\/fr\/wp-json\/wp\/v2\/media?parent=5977"}],"curies":[{"name":"wp","href":"https:\/\/api.w.org\/{rel}","templated":true}]}}