{"id":5261,"date":"2022-05-06T17:09:43","date_gmt":"2022-05-06T14:09:43","guid":{"rendered":"https:\/\/avrupacerrahi.com.tr\/en\/?page_id=5261"},"modified":"2025-11-21T17:51:59","modified_gmt":"2025-11-21T14:51:59","slug":"trattamento-chirurgico-dellascesso-perianale","status":"publish","type":"page","link":"https:\/\/avrupacerrahi.net\/it\/trattamento-chirurgico-dellascesso-perianale\/","title":{"rendered":"Trattamento Non Chirurgico Dell&#8217;Ascesso Perianale"},"content":{"rendered":"<p>[vc_row el_class=&#8221;surgical-perianal-info&#8221;][vc_column width=&#8221;1\/2&#8243;][vc_empty_space][vc_video link=&#8221;https:\/\/www.youtube.com\/watch?v=F-85xRzDu44&#8243; el_class=&#8221;surgical-perianal-info-video&#8221;][\/vc_column][vc_column width=&#8221;1\/2&#8243; el_class=&#8221;padding-left-15&#8243;][vc_empty_space][vc_raw_html el_class=&#8221;surgical-perianal-info-item&#8221;]JTNDYSUyMGRhdGEtZmFuY3lib3glM0QlMjJnYWxsZXJ5JTIyJTIwaHJlZiUzRCUyMmh0dHBzJTNBJTJGJTJGd3d3LnlvdXR1YmUuY29tJTJGd2F0Y2glM0Z2JTNEUlBHS2duNW82blElMjIlMjBjbGFzcyUzRCUyMnZpZGVvLWJveCUyMiUzRSUwQSUyMCUyMCUyMCUyMCUzQ2ltZyUyMHNyYyUzRCUyMmh0dHBzJTNBJTJGJTJGYXZydXBhY2VycmFoaS5uZXQlMkZpdCUyRndwLWNvbnRlbnQlMkZ1cGxvYWRzJTJGMjAyNSUyRjExJTJGQ0FVU0UtREVMTEFTQ0VTU08tUkVUVEFMRS5wbmclMjJpbWFnZSUyMiUzRSUwQSUyMCUyMCUyMCUyMCUzQ2RpdiUyMGNsYXNzJTNEJTIydmlkZW8tYm94X19pY29uJTIyJTNFJTNDZGl2JTIwY2xhc3MlM0QlMjJ2aWRlby1ib3hfX2ljb24tLXBsYXklMjIlM0UlM0NzdmclMjB2aWV3Qm94JTNEJTIyMCUyMDAlMjAyNCUyMDI0JTIyJTIwd2lkdGglM0QlMjIyNCUyMiUyMGhlaWdodCUzRCUyMjI0JTIyJTNFJTNDcGF0aCUyMGZpbGwlM0QlMjJub25lJTIyJTIwZCUzRCUyMk0wJTIwMGgyNHYyNEgweiUyMiUyRiUzRSUzQ3BhdGglMjBkJTNEJTIyTTE5LjM3NiUyMDEyLjQxNkw4Ljc3NyUyMDE5LjQ4MkEuNS41JTIwMCUyMDAlMjAxJTIwOCUyMDE5LjA2NlY0LjkzNGEuNS41JTIwMCUyMDAlMjAxJTIwLjc3Ny0uNDE2bDEwLjU5OSUyMDcuMDY2YS41LjUlMjAwJTIwMCUyMDElMjAwJTIwLjgzMnolMjIlMkYlM0UlM0MlMkZzdmclM0UlM0MlMkZkaXYlM0UlM0MlMkZkaXYlM0UlMEElM0MlMkZhJTNF[\/vc_raw_html][\/vc_column][\/vc_row][vc_row el_class=&#8221;laser-treatment-text&#8221;][vc_column css=&#8221;.vc_custom_1536849658368{background-position: center !important;background-repeat: no-repeat !important;background-size: cover !important;}&#8221; el_class=&#8221;padding-bottom-128 column-limited&#8221;][vc_empty_space height=&#8221;15&#8243;][vc_separator][vc_empty_space height=&#8221;15&#8243;]<h2 class=\"box-header\">Vantaggi Del Trattamento Laser<\/h2>[vc_column_text]TRATTAMENTO SENZA RICOVERO<\/p>\n<p>Il tempo di trattamento \u00e8 di 5-8 minuti.<\/p>\n<p>Nessuna anestesia e nessun effetto collaterale correlato all&#8217;anestesia.<\/p>\n<p>Poich\u00e9 non si tratta di un intervento chirurgico, non sono necessari esami o analisi pre-trattamento e la fame o la saziet\u00e0 non interferiscono con il trattamento.<\/p>\n<p>Nessuna incisione n\u00e9 punti di sutura.<\/p>\n<p>Poich\u00e9 i tessuti non vengono danneggiati, la guarigione \u00e8 rapida.<\/p>\n<p>\u00c8 possibile tornare alle normali attivit\u00e0 quotidiane lo stesso giorno del trattamento.<\/p>\n<p>Non richiede il ricovero in ospedale, poich\u00e9 \u00e8 comodo e veloce come un&#8217;otturazione dentale.<\/p>\n<p>Meno dolore dopo il trattamento laser non chirurgico.<\/p>\n<p>Normalmente non si osservano complicazioni dopo il trattamento (incontinenza fecale o gassosa, dolore intenso&#8230;).<\/p>\n<p>Pu\u00f2 essere applicato anche a pazienti con malattie croniche.[\/vc_column_text][vc_empty_space height=&#8221;15&#8243;][vc_separator][vc_empty_space height=&#8221;15&#8243;]<h2 class=\"box-header\">Perch\u00e9 Scegliere Avrupa Cerrahi?<\/h2>[vc_column_text]Trattiamo i pazienti che sono stati sottoposti a interventi chirurgici con tecniche laser non chirurgiche, avvalendoci dei nostri 17 anni di esperienza e competenza.<\/p>\n<p>Seguiamo tutte le informazioni e gli sviluppi rilevanti nel campo della proctologia provenienti da fonti nazionali ed estere e applichiamo anche la nostra tecnologia di trattamento speciale unica con sviluppi innovativi in questo settore.[\/vc_column_text][vc_empty_space height=&#8221;15&#8243;][vc_separator][vc_empty_space height=&#8221;15&#8243;]<h2 class=\"box-header black align-center large\">Contattaci<\/h2>[vc_empty_space height=&#8221;15&#8243;]\n<div class=\"wpcf7 no-js\" id=\"wpcf7-f5761-o1\" lang=\"en-US\" dir=\"ltr\" data-wpcf7-id=\"5761\">\n<div class=\"screen-reader-response\"><p role=\"status\" aria-live=\"polite\" aria-atomic=\"true\"><\/p> <ul><\/ul><\/div>\n<form action=\"\/it\/wp-json\/wp\/v2\/pages\/5261#wpcf7-f5761-o1\" method=\"post\" class=\"wpcf7-form init\" aria-label=\"Contact form\" novalidate=\"novalidate\" data-status=\"init\">\n<fieldset class=\"hidden-fields-container\"><input type=\"hidden\" name=\"_wpcf7\" value=\"5761\" \/><input type=\"hidden\" name=\"_wpcf7_version\" value=\"6.1.5\" \/><input type=\"hidden\" name=\"_wpcf7_locale\" value=\"en_US\" \/><input type=\"hidden\" name=\"_wpcf7_unit_tag\" value=\"wpcf7-f5761-o1\" \/><input type=\"hidden\" name=\"_wpcf7_container_post\" value=\"0\" \/><input type=\"hidden\" name=\"_wpcf7_posted_data_hash\" value=\"\" \/><input type=\"hidden\" name=\"_wpcf7_recaptcha_response\" value=\"\" \/>\n<\/fieldset>\n<div class=\"uacf7-form-wrapper-container uacf7-form-5761  \"><label class=\"forms\">Nome Cognome<\/label>      \n<div class=\"yeniForm\" style=\"width:100%;\"><span class=\"wpcf7-form-control-wrap\" data-name=\"text-947\"><input size=\"40\" maxlength=\"400\" class=\"wpcf7-form-control wpcf7-text wpcf7-validates-as-required\" aria-required=\"true\" aria-invalid=\"false\" placeholder=\"Nome Cognome\" value=\"\" type=\"text\" name=\"text-947\" \/><\/span><\/div>\n<label class=\"forms\">\nNumero di Telefono<\/label>\n<div class=\"yeniForm form-size\" style=\"width:100%;\"><span class=\"wpcf7-form-control-wrap\" data-name=\"phonetext-104\"><input size=\"40\" class=\"wpcf7-form-control wpcf7-phonetext wpcf7-validates-as-required wpcf7-text wpcf7-validates-as-phonetext\" aria-required=\"true\" aria-invalid=\"false\" value=\"+39\" type=\"text\" name=\"phonetext-104\" \/><input type=\"hidden\" name=\"phonetext-104-country-code\" class=\"wpcf7-phonetext-country-code\" \/><\/span><\/div>\n\n<label class=\"forms\">Messaggio<\/label>\n<div class=\"yeniForm text-form\" style=\"width:100%; \"><span class=\"wpcf7-form-control-wrap\" data-name=\"text-751\"><input size=\"40\" maxlength=\"400\" class=\"wpcf7-form-control wpcf7-text\" aria-invalid=\"false\" placeholder=\"Messaggio\" value=\"\" type=\"text\" name=\"text-751\" \/><\/span><\/div>\n\n<div class=\"yeniFormBtn\" style=\"width:100%;\"><input class=\"wpcf7-form-control wpcf7-submit has-spinner\" type=\"submit\" value=\"Invia\" \/><\/div>\n\n<style>\n\/* Label *\/\n.forms{\n  display: block;\n  margin-bottom: 6px;\n}\n\n\/* Form bloklar\u0131 *\/\n.yeniForm{\n  width: 100%;\n  margin-bottom: 14px;\n  box-sizing: border-box;\n}\n\n\/* T\u00fcm inputlar *\/\n.yeniForm input{\n  width: 100% !important;\n  background: #f0f0f0;\n  border: none;\n  padding: 12px;\n  box-sizing: border-box;\n}\n\n\/* Telefon alan\u0131 \u2013 \u00f6zel override *\/\n.form-size input{\n  padding-left: 18px;\n  width: 100% !important;\n  font-weight: bold;\n}\n\n\/* Mesaj alan\u0131 *\/\n.text-form input{\n  height: 120px;\n}\n\n\/* Flag alan\u0131 *\/\n.flag-container,\n.selected-flag{\n  background: #d1d1d1;\n  width: 57px;\n}\n\n\/* Submit *\/\n.yeniFormBtn{\n  width: 100%;\n}\n\n.yeniFormBtn input{\n  width: 100% !important;\n  background: #3b72ae;\n  margin-top: 15px;\n  color: #fff;\n  border: none;\n  padding: 14px;\n  cursor: pointer;\n}\n\n\/* CF7 phone input *\/\ninput.wpcf7-form-control.wpcf7-text.wpcf7-phonetext{\n  width: 100% !important;\n  font-weight: bold;\n}\n<\/style><\/div><input type='hidden' class='wpcf7-pum' value='{\"closepopup\":false,\"closedelay\":0,\"openpopup\":false,\"openpopup_id\":0}' \/><div class=\"wpcf7-response-output\" aria-hidden=\"true\"><\/div>\n<\/form>\n<\/div>\n[vc_empty_space height=&#8221;15&#8243;][vc_separator][vc_empty_space height=&#8221;15&#8243;]<h2 class=\"box-header black align-center large\">I Nostri Partner<\/h2>[vc_empty_space height=&#8221;15&#8243;][vc_images_carousel images=&#8221;5153,5157,5158,5203&#8243; img_size=&#8221;full&#8221; speed=&#8221;3000&#8243; slides_per_view=&#8221;4&#8243; hide_pagination_control=&#8221;yes&#8221; hide_prev_next_buttons=&#8221;yes&#8221; wrap=&#8221;yes&#8221;][vc_empty_space height=&#8221;15&#8243;][vc_separator][vc_empty_space height=&#8221;15&#8243;][vc_empty_space height=&#8221;15&#8243;]<h2 class=\"box-header\">Che Cos'\u00e8 L'ascesso Perianale (Ascesso Anale)<\/h2>[vc_column_text]Si verifica principalmente a causa di un&#8217;infiammazione nella zona perianale.<br \/>\nL&#8217;ascesso perianale, che \u00e8 uno dei disturbi clinici pi\u00f9 comuni nel campo della proctologia, pu\u00f2 presentare caratteristiche diverse a seconda della posizione.<br \/>\nL&#8217;ascesso perianale si forma a seguito dell&#8217;accumulo di pus causato da un&#8217;infiammazione intorno all&#8217;ano e al canale anale. Si manifesta principalmente a causa dell&#8217;infiammazione delle ghiandole anali e si diffonde nel tempo. Il compito principale delle ghiandole \u00e8 quello di facilitare il deflusso delle feci secernendo muco.<br \/>\nOltre a essere presente in tutte le fasce d&#8217;et\u00e0, \u00e8 pi\u00f9 comune tra i 30 e i 40 anni. \u00c8 pi\u00f9 comune negli uomini che nelle donne.<\/p>\n<p>L&#8217;ascesso anale \u00e8 il gonfiore che si verifica a seguito di un&#8217;infiammazione nella zona anale o intorno all&#8217;ano. Si verifica tra il muscolo e il tessuto molle che circonda la zona perineale. Nella regione anale sono presenti fibre muscolari che impediscono la fuoriuscita indesiderata di gas e feci. Tra queste fibre ci sono ghiandole che inumidiscono la pelle, rendendo le feci pi\u00f9 scivolose. Le ghiandole sono strutture che aiutano il normale transito delle feci. Nella zona perineale sono presenti molti batteri. I batteri nocivi entrano nelle ghiandole e causano l&#8217;ascesso anale.<\/p>\n<p>L&#8217;infiammazione inizia ad accumularsi nell&#8217;ascesso anale e con il tempo si verifica un gonfiore nella zona anale. In generale, i pazienti considerano questo gonfiore come emorroidi e cercano di curarsi da soli. I rimedi casalinghi possono aggravare la malattia. Pertanto, non appena compaiono i sintomi, \u00e8 necessario recarsi dal medico senza perdere tempo.<\/p>\n<p>Disporre di informazioni sulla formazione dell&#8217;ascesso anale previene l&#8217;applicazione di metodi sbagliati.[\/vc_column_text][vc_empty_space height=&#8221;15&#8243;]<h2 class=\"box-header\">Come Si Forma un Ascesso Perianale (Ascesso Anale)<\/h2>[vc_column_text]Se un corpo estraneo o feci dure danneggiano le ghiandole e facilitano il passaggio dei batteri, causano la formazione di ascessi nella zona anale. Un altro motivo \u00e8 che possono esserci diverse cause sottostanti. Pu\u00f2 verificarsi a causa di fattori quali morbo di Crohn, colite ulcerosa, linfoma, radioterapia. Oltre ai fattori che abbiamo menzionato, \u00e8 necessario prestare attenzione alla pulizia della zona perineale e anale.<\/p>\n<p>Il fattore igiene \u00e8 molto importante. Rispetto ad altre parti del nostro corpo, la zona anale \u00e8 molto pi\u00f9 adatta alla formazione di batteri. Al fine di ridurre al minimo la formazione di batteri, \u00e8 necessario dare maggiore importanza alla pulizia della zona perianale.<\/p>\n<p>Possiamo dividere i sintomi dell&#8217;ascesso anale in due gruppi. Nel caso di infezione: febbre alta, stanchezza e debolezza. Il secondo sintomo \u00e8 visibile sulla pelle: si avverte una sensazione di pienezza e secrezione durante l&#8217;uso della toilette, come gonfiore, forte dolore, arrossamento e temperatura elevata. L&#8217;infiammazione dell&#8217;ascesso anale, che si verifica nella regione anale, aumenta rapidamente con il passare del tempo. In questa situazione, i pazienti hanno difficolt\u00e0 a compiere movimenti fisici come sedersi e camminare. Un&#8217;infezione grave provoca temperatura elevata, febbre alta, brividi e sensazione di svenimento. Quando l&#8217;infezione si estende al tessuto sottocutaneo, il rossore o il gonfiore nella regione anale diventano evidenti.[\/vc_column_text][vc_empty_space height=&#8221;15&#8243;]<h2 class=\"box-header\">Classificazione Dell'Ascesso Perianale<\/h2>[vc_column_text]Gli ascessi perianali possono presentare caratteristiche diverse a seconda della loro posizione. Sono denominati in base al luogo in cui si formano come segue:<\/p>\n<ul>\n<li>Intersfinterico<\/li>\n<li>Ischiorettale<\/li>\n<li>Sopralevatore (Pararettale)<\/li>\n<\/ul>\n<p>[\/vc_column_text][vc_empty_space height=&#8221;15&#8243;]<h2 class=\"box-header\">Come Viene Diagnosticato L'Ascesso Perianale (Ascesso Anale)?<\/h2>[vc_column_text]Per diagnosticare un ascesso perianale \u00e8 sufficiente una visita medica da parte di un proctologo esperto. Se sussistono dubbi per diversi motivi, pu\u00f2 essere richiesta un&#8217;ecografia o una risonanza magnetica. Ci\u00f2 dipende interamente dallo stadio della malattia. In caso di ascesso perianale avanzato, il rischio di infezione \u00e8 piuttosto elevato.<\/p>\n<p>Non pu\u00f2 essere trattato in alcun modo a casa. \u00c8 assolutamente necessario sottoporsi a una visita dal proctologo e scegliere il metodo di trattamento pi\u00f9 appropriato in base alle condizioni dell&#8217;ascesso. Se l&#8217;ascesso perianale \u00e8 in stadio avanzato, viene drenato dal medico in modo controllato e l&#8217;ascesso viene completamente svuotato. Il trattamento antibiotico pu\u00f2 essere avviato dopo aver valutato le condizioni del paziente.[\/vc_column_text][vc_empty_space height=&#8221;15&#8243;]<h2 class=\"box-header\">Quali Sono i Problemi Causati Dall'Ascesso Perianale (Ascesso Anale)?<\/h2>[vc_column_text]Se l&#8217;ascesso riscontrato nei pazienti \u00e8 in uno stadio avanzato, deve essere drenato in modo controllato da uno specialista. \u00c8 necessario prestare attenzione a drenare l&#8217;intero ascesso. In caso contrario, potrebbero insorgere nuove complicanze.<\/p>\n<p>Dopo il drenaggio dell&#8217;ascesso, pu\u00f2 essere raccomandata una terapia antibiotica doppia o singola a seconda dello stato dell&#8217;ascesso del paziente. Nei pazienti con ascesso perianale avanzato, possono verificarsi canali o tunnel fistolosi permanenti tra il canale anale e la cute perianale. I pazienti con formazione di fistole descrivono il loro disagio con disturbi quali secrezioni infettive, gonfiore rettale e dolore.[\/vc_column_text][vc_empty_space height=&#8221;15&#8243;]<h2 class=\"box-header\">Quali Sono i Vantaggi Del Trattamento Dell'Ascesso Perianale?<\/h2>[vc_column_text]<\/p>\n<ul>\n<li>Il vantaggio principale per i pazienti \u00e8 che possono tornare a casa o al lavoro senza perdite di tempo.<\/li>\n<li>Non vi \u00e8 alcun rischio di narcosi poich\u00e9 durante l&#8217;operazione non viene somministrata alcuna sostanza narcotica.<\/li>\n<li>L&#8217;ascesso \u00e8 completamente drenato.<\/li>\n<li>Si nota una netta riduzione del dolore provato.<\/li>\n<li>Il paziente non presenta alcuna limitazione dei movimenti dopo l&#8217;intervento.<\/li>\n<li>Poich\u00e9 l&#8217;ascesso \u00e8 completamente drenato, il rischio di recidiva o formazione di fistole \u00e8 molto basso.<\/li>\n<\/ul>\n<p>[\/vc_column_text][\/vc_column][\/vc_row][vc_row el_class=&#8221;recommended-videos&#8221;][vc_column][vc_separator][vc_empty_space height=&#8221;15&#8243;]<h2 class=\"box-header align-left\">Video Consigliati Sull'Ascesso Perianale<\/h2>[vc_row_inner top_margin=&#8221;page-margin-top-section&#8221; el_class=&#8221;flex-box&#8221;][vc_column_inner width=&#8221;1\/3&#8243;][vc_raw_html]JTNDYSUyMGRhdGEtZmFuY3lib3glM0QlMjJnYWxsZXJ5JTIyJTIwaHJlZiUzRCUyMmh0dHBzJTNBJTJGJTJGd3d3LnlvdXR1YmUuY29tJTJGd2F0Y2glM0Z2JTNEZkdvb3ZPVjVYY2clMjIlMjBjbGFzcyUzRCUyMnZpZGVvLWJveCUyMiUzRSUwQSUyMCUyMCUyMCUyMCUzQ2ltZyUyMHNyYyUzRCUyMmh0dHBzJTNBJTJGJTJGYXZydXBhY2VycmFoaS5uZXQlMkZlbiUyRndwLWNvbnRlbnQlMkZ1cGxvYWRzJTJGMjAyNCUyRjAzJTJGUGVyaWFuYWwtQWJzY2Vzcy10cmF0ZW1lbnQud2VicCUyMiUyMGFsdCUzRCUyMmltYWdlJTIyJTNFJTBBJTIwJTIwJTIwJTIwJTNDZGl2JTIwY2xhc3MlM0QlMjJ2aWRlby1ib3hfX2ljb24lMjIlM0UlM0NkaXYlMjBjbGFzcyUzRCUyMnZpZGVvLWJveF9faWNvbi0tcGxheSUyMiUzRSUzQ3N2ZyUyMHZpZXdCb3glM0QlMjIwJTIwMCUyMDI0JTIwMjQlMjIlMjB3aWR0aCUzRCUyMjI0JTIyJTIwaGVpZ2h0JTNEJTIyMjQlMjIlM0UlM0NwYXRoJTIwZmlsbCUzRCUyMm5vbmUlMjIlMjBkJTNEJTIyTTAlMjAwaDI0djI0SDB6JTIyJTJGJTNFJTNDcGF0aCUyMGQlM0QlMjJNMTkuMzc2JTIwMTIuNDE2TDguNzc3JTIwMTkuNDgyQS41LjUlMjAwJTIwMCUyMDElMjA4JTIwMTkuMDY2VjQuOTM0YS41LjUlMjAwJTIwMCUyMDElMjAuNzc3LS40MTZsMTAuNTk5JTIwNy4wNjZhLjUuNSUyMDAlMjAwJTIwMSUyMDAlMjAuODMyeiUyMiUyRiUzRSUzQyUyRnN2ZyUzRSUzQyUyRmRpdiUzRSUzQyUyRmRpdiUzRSUwQSUzQyUyRmElM0U=[\/vc_raw_html][\/vc_column_inner][vc_column_inner width=&#8221;1\/3&#8243;][vc_raw_html]JTNDYSUyMGRhdGEtZmFuY3lib3glM0QlMjJnYWxsZXJ5JTIyJTIwaHJlZiUzRCUyMmh0dHBzJTNBJTJGJTJGd3d3LnlvdXR1YmUuY29tJTJGd2F0Y2glM0Z2JTNEY2FxdlRjbmxWR1ElMjIlMjBjbGFzcyUzRCUyMnZpZGVvLWJveCUyMiUzRSUyMCUzQ2ltZyUyMHNyYyUzRCUyMmh0dHBzJTNBJTJGJTJGYXZydXBhY2VycmFoaS5uZXQlMkZpdCUyRndwLWNvbnRlbnQlMkZ1cGxvYWRzJTJGMjAyNSUyRjExJTJGYW5hbEZpc3N1ckZvdG8uanBnJTIyJTIwYWx0JTNEJTIyaW1hZ2UlMjIlM0UlMjAlM0NkaXYlMjBjbGFzcyUzRCUyMnZpZGVvLWJveF9faWNvbiUyMiUzRSUzQ2RpdiUyMGNsYXNzJTNEJTIydmlkZW8tYm94X19pY29uLS1wbGF5JTIyJTNFJTNDc3ZnJTIwdmlld0JveCUzRCUyMjAlMjAwJTIwMjQlMjAyNCUyMiUyMHdpZHRoJTNEJTIyMjQlMjIlMjBoZWlnaHQlM0QlMjIyNCUyMiUzRSUzQ3BhdGglMjBmaWxsJTNEJTIybm9uZSUyMiUyMGQlM0QlMjJNMCUyMDBoMjR2MjRIMHolMjIlMkYlM0UlM0NwYXRoJTIwZCUzRCUyMk0xOS4zNzYlMjAxMi40MTZMOC43NzclMjAxOS40ODJBLjUuNSUyMDAlMjAwJTIwMSUyMDglMjAxOS4wNjZWNC45MzRhLjUuNSUyMDAlMjAwJTIwMSUyMC43NzctLjQxNmwxMC41OTklMjA3LjA2NmEuNS41JTIwMCUyMDAlMjAxJTIwMCUyMC44MzJ6JTIyJTJGJTNFJTNDJTJGc3ZnJTNFJTNDJTJGZGl2JTNFJTNDJTJGZGl2JTNFJTIwJTNDJTJGYSUzRQ==[\/vc_raw_html][\/vc_column_inner][vc_column_inner width=&#8221;1\/3&#8243;][vc_raw_html]JTNDYSUyMGRhdGEtZmFuY3lib3glM0QlMjJnYWxsZXJ5JTIyJTIwaHJlZiUzRCUyMmh0dHBzJTNBJTJGJTJGd3d3LnlvdXR1YmUuY29tJTJGd2F0Y2glM0Z2JTNEdC13M3BuZkVFWG8lMjIlMjBjbGFzcyUzRCUyMnZpZGVvLWJveCUyMiUzRSUwQSUyMCUyMCUyMCUyMCUzQ2ltZyUyMHNyYyUzRCUyMmh0dHBzJTNBJTJGJTJGYXZydXBhY2VycmFoaS5uZXQlMkZlbiUyRndwLWNvbnRlbnQlMkZ1cGxvYWRzJTJGMjAyNCUyRjAzJTJGUGVyaWFuYWwtQWJzY2Vzcy53ZWJwJTIyJTIwYWx0JTNEJTIyaW1hZ2UlMjIlM0UlMEElMjAlMjAlMjAlMjAlM0NkaXYlMjBjbGFzcyUzRCUyMnZpZGVvLWJveF9faWNvbiUyMiUzRSUzQ2RpdiUyMGNsYXNzJTNEJTIydmlkZW8tYm94X19pY29uLS1wbGF5JTIyJTNFJTNDc3ZnJTIwdmlld0JveCUzRCUyMjAlMjAwJTIwMjQlMjAyNCUyMiUyMHdpZHRoJTNEJTIyMjQlMjIlMjBoZWlnaHQlM0QlMjIyNCUyMiUzRSUzQ3BhdGglMjBmaWxsJTNEJTIybm9uZSUyMiUyMGQlM0QlMjJNMCUyMDBoMjR2MjRIMHolMjIlMkYlM0UlM0NwYXRoJTIwZCUzRCUyMk0xOS4zNzYlMjAxMi40MTZMOC43NzclMjAxOS40ODJBLjUuNSUyMDAlMjAwJTIwMSUyMDglMjAxOS4wNjZWNC45MzRhLjUuNSUyMDAlMjAwJTIwMSUyMC43NzctLjQxNmwxMC41OTklMjA3LjA2NmEuNS41JTIwMCUyMDAlMjAxJTIwMCUyMC44MzJ6JTIyJTJGJTNFJTNDJTJGc3ZnJTNFJTNDJTJGZGl2JTNFJTNDJTJGZGl2JTNFJTBBJTNDJTJGYSUzRQ==[\/vc_raw_html][\/vc_column_inner][\/vc_row_inner][vc_empty_space height=&#8221;15&#8243;][vc_separator][vc_empty_space height=&#8221;15&#8243;][\/vc_column][\/vc_row][vc_row type=&#8221;full-width mc-parallax mc-overlay&#8221; top_margin=&#8221;page-margin-top-section&#8221; css=&#8221;.vc_custom_1763191829588{background-color: #173c6d !important;background-position: center !important;background-repeat: no-repeat !important;background-size: cover !important;}&#8221; el_class=&#8221;padding-top-89 padding-bottom-100 advantage-boxes&#8221;][vc_column]<h2 class=\"box-header white align-center large\">Come Viene Eseguito il Processo di Trattamento Presso Avrupa Cerrahi?<\/h2>[vc_row_inner top_margin=&#8221;page-margin-top-section&#8221; el_class=&#8221;flex-box&#8221;][vc_column_inner el_class=&#8221;making-an-appointment&#8221; width=&#8221;1\/3&#8243;]<div class=\"info-box features-phone animated-element animation-fadeIn duration-500 info-box\"><h3>Fissare un Appuntamento<\/h3><p>Se desideri avviare un trattamento rapido, puoi fissare un appuntamento chiamando o tramite WhatsApp al numero<br \/>\n<a href=\"https:\/\/wa.me\/905316567521\">+90 552 608 3921<\/a><\/p>\n<p><span style=\"color: #ffffff;\">&lt;<\/span><\/p><\/div><div class=\"arrow-container animated-element animation-slideRight duration-800 delay-150\"><span class=\"arrow template-arrow-horizontal-4-after arrow-light\"><\/span><\/div>[\/vc_column_inner][vc_column_inner width=&#8221;1\/3&#8243;]<div class=\"info-box features-hospital animated-element animation-slideRight duration-800 delay-600\"><h3>Processo di Esame<\/h3><p>Quando arriva il giorno della visita, dopo la diagnosi effettuata dal medico, viene stabilita la forma di trattamento pi\u00f9 appropriata per te.<\/p><\/div><div class=\"arrow-container animated-element animation-slideRight duration-800 delay-1050\"><span class=\"arrow template-arrow-horizontal-4-after arrow-dark\"><\/span><\/div>[\/vc_column_inner][vc_column_inner width=&#8221;1\/3&#8243;]<div class=\"info-box features-heart animated-element animation-slideRight duration-800 delay-1500\"><h3>Processo di Trattamento<\/h3><p>Non appena deciderete il trattamento (anche lo stesso giorno),<br \/>\npotremo eseguire il trattamento laser per il sanguinamento rettale.<\/p><\/div>[\/vc_column_inner][\/vc_row_inner][\/vc_column][\/vc_row]<\/p>\n","protected":false},"excerpt":{"rendered":"<p>[vc_row el_class=&#8221;surgical-perianal-info&#8221;][vc_column width=&#8221;1\/2&#8243;][vc_empty_space][vc_video link=&#8221;https:\/\/www.youtube.com\/watch?v=F-85xRzDu44&#8243; el_class=&#8221;surgical-perianal-info-video&#8221;][\/vc_column][vc_column width=&#8221;1\/2&#8243; el_class=&#8221;padding-left-15&#8243;][vc_empty_space][vc_raw_html el_class=&#8221;surgical-perianal-info-item&#8221;]JTNDYSUyMGRhdGEtZmFuY3lib3glM0QlMjJnYWxsZXJ5JTIyJTIwaHJlZiUzRCUyMmh0dHBzJTNBJTJGJTJGd3d3LnlvdXR1YmUuY29tJTJGd2F0Y2glM0Z2JTNEUlBHS2duNW82blElMjIlMjBjbGFzcyUzRCUyMnZpZGVvLWJveCUyMiUzRSUwQSUyMCUyMCUyMCUyMCUzQ2ltZyUyMHNyYyUzRCUyMmh0dHBzJTNBJTJGJTJGYXZydXBhY2VycmFoaS5uZXQlMkZpdCUyRndwLWNvbnRlbnQlMkZ1cGxvYWRzJTJGMjAyNSUyRjExJTJGQ0FVU0UtREVMTEFTQ0VTU08tUkVUVEFMRS5wbmclMjJpbWFnZSUyMiUzRSUwQSUyMCUyMCUyMCUyMCUzQ2RpdiUyMGNsYXNzJTNEJTIydmlkZW8tYm94X19pY29uJTIyJTNFJTNDZGl2JTIwY2xhc3MlM0QlMjJ2aWRlby1ib3hfX2ljb24tLXBsYXklMjIlM0UlM0NzdmclMjB2aWV3Qm94JTNEJTIyMCUyMDAlMjAyNCUyMDI0JTIyJTIwd2lkdGglM0QlMjIyNCUyMiUyMGhlaWdodCUzRCUyMjI0JTIyJTNFJTNDcGF0aCUyMGZpbGwlM0QlMjJub25lJTIyJTIwZCUzRCUyMk0wJTIwMGgyNHYyNEgweiUyMiUyRiUzRSUzQ3BhdGglMjBkJTNEJTIyTTE5LjM3NiUyMDEyLjQxNkw4Ljc3NyUyMDE5LjQ4MkEuNS41JTIwMCUyMDAlMjAxJTIwOCUyMDE5LjA2NlY0LjkzNGEuNS41JTIwMCUyMDAlMjAxJTIwLjc3Ny0uNDE2bDEwLjU5OSUyMDcuMDY2YS41LjUlMjAwJTIwMCUyMDElMjAwJTIwLjgzMnolMjIlMkYlM0UlM0MlMkZzdmclM0UlM0MlMkZkaXYlM0UlM0MlMkZkaXYlM0UlMEElM0MlMkZhJTNF[\/vc_raw_html][\/vc_column][\/vc_row][vc_row el_class=&#8221;laser-treatment-text&#8221;][vc_column css=&#8221;.vc_custom_1536849658368{background-position: center !important;background-repeat: no-repeat !important;background-size: cover !important;}&#8221; el_class=&#8221;padding-bottom-128 column-limited&#8221;][vc_empty_space height=&#8221;15&#8243;][vc_separator][vc_empty_space height=&#8221;15&#8243;][vc_column_text]TRATTAMENTO SENZA RICOVERO Il tempo di trattamento \u00e8 di 5-8 minuti. Nessuna anestesia e nessun effetto collaterale correlato all&#8217;anestesia. Poich\u00e9 non si tratta di un intervento chirurgico, non sono necessari esami o analisi pre-trattamento e la<\/p>\n","protected":false},"author":1,"featured_media":0,"parent":0,"menu_order":0,"comment_status":"closed","ping_status":"closed","template":"","meta":{"footnotes":""},"class_list":["post-5261","page","type-page","status-publish","hentry"],"aioseo_notices":[],"_links":{"self":[{"href":"https:\/\/avrupacerrahi.net\/it\/wp-json\/wp\/v2\/pages\/5261","targetHints":{"allow":["GET"]}}],"collection":[{"href":"https:\/\/avrupacerrahi.net\/it\/wp-json\/wp\/v2\/pages"}],"about":[{"href":"https:\/\/avrupacerrahi.net\/it\/wp-json\/wp\/v2\/types\/page"}],"author":[{"embeddable":true,"href":"https:\/\/avrupacerrahi.net\/it\/wp-json\/wp\/v2\/users\/1"}],"replies":[{"embeddable":true,"href":"https:\/\/avrupacerrahi.net\/it\/wp-json\/wp\/v2\/comments?post=5261"}],"version-history":[{"count":21,"href":"https:\/\/avrupacerrahi.net\/it\/wp-json\/wp\/v2\/pages\/5261\/revisions"}],"predecessor-version":[{"id":7617,"href":"https:\/\/avrupacerrahi.net\/it\/wp-json\/wp\/v2\/pages\/5261\/revisions\/7617"}],"wp:attachment":[{"href":"https:\/\/avrupacerrahi.net\/it\/wp-json\/wp\/v2\/media?parent=5261"}],"curies":[{"name":"wp","href":"https:\/\/api.w.org\/{rel}","templated":true}]}}