{"id":5815,"date":"2023-06-06T10:49:49","date_gmt":"2023-06-06T07:49:49","guid":{"rendered":"https:\/\/avrupacerrahi.com.tr\/en\/?page_id=5815"},"modified":"2025-11-17T11:35:43","modified_gmt":"2025-11-17T08:35:43","slug":"idrosadenite-suppurativa","status":"publish","type":"page","link":"https:\/\/avrupacerrahi.net\/it\/idrosadenite-suppurativa\/","title":{"rendered":"Idrosadenite Suppurativa: Trattamento Laser e Nuovi Metodi"},"content":{"rendered":"<p>[vc_row][vc_column width=&#8221;1\/2&#8243;][vc_raw_html]JTNDaWZyYW1lJTIwY2xhc3MlM0QlMjJib3JkZXItc2hhZG93cyUyMiUyMHdpZHRoJTNEJTIyMTAwJTI1JTIyJTIwaGVpZ2h0JTNEJTIyMzE1JTIyJTIwc3JjJTNEJTIyaHR0cHMlM0ElMkYlMkZ3d3cueW91dHViZS5jb20lMkZlbWJlZCUyRkV6TldiNmpnRXVZJTNGc2klM0R1MXZ2MG9iN3pjdm8zRDY0JTIyJTIwdGl0bGUlM0QlMjJZb3VUdWJlJTIwdmlkZW8lMjBwbGF5ZXIlMjIlMjBmcmFtZWJvcmRlciUzRCUyMjAlMjIlMjBhbGxvdyUzRCUyMmFjY2VsZXJvbWV0ZXIlM0IlMjBhdXRvcGxheSUzQiUyMGNsaXBib2FyZC13cml0ZSUzQiUyMGVuY3J5cHRlZC1tZWRpYSUzQiUyMGd5cm9zY29wZSUzQiUyMHBpY3R1cmUtaW4tcGljdHVyZSUzQiUyMHdlYi1zaGFyZSUyMiUyMGFsbG93ZnVsbHNjcmVlbiUzRSUzQyUyRmlmcmFtZSUzRQ==[\/vc_raw_html][vc_empty_space height=&#8221;25px&#8221;][\/vc_column][vc_column width=&#8221;1\/2&#8243;][vc_raw_html]JTNDaWZyYW1lJTIwY2xhc3MlM0QlMjJib3JkZXItc2hhZG93cyUyMiUyMHdpZHRoJTNEJTIyMTAwJTI1JTIyJTIwaGVpZ2h0JTNEJTIyMzE1JTIyJTIwc3JjJTNEJTIyaHR0cHMlM0ElMkYlMkZ3d3cueW91dHViZS5jb20lMkZlbWJlZCUyRjVPU0diRnJNblpFJTNGc2klM0RpdDFhZEpxRlBLRWJPM09jJTIyJTIwdGl0bGUlM0QlMjJZb3VUdWJlJTIwdmlkZW8lMjBwbGF5ZXIlMjIlMjBmcmFtZWJvcmRlciUzRCUyMjAlMjIlMjBhbGxvdyUzRCUyMmFjY2VsZXJvbWV0ZXIlM0IlMjBhdXRvcGxheSUzQiUyMGNsaXBib2FyZC13cml0ZSUzQiUyMGVuY3J5cHRlZC1tZWRpYSUzQiUyMGd5cm9zY29wZSUzQiUyMHBpY3R1cmUtaW4tcGljdHVyZSUzQiUyMHdlYi1zaGFyZSUyMiUyMGFsbG93ZnVsbHNjcmVlbiUzRSUzQyUyRmlmcmFtZSUzRQ==[\/vc_raw_html][vc_empty_space height=&#8221;25px&#8221;][\/vc_column][\/vc_row][vc_row][vc_column][vc_empty_space height=&#8221;25px&#8221;][\/vc_column][\/vc_row][vc_row][vc_column]<h2 class=\"box-header\">Che Cos'\u00e8 l'idrosadenite Suppurativa?<\/h2>[vc_column_text]<strong>Idrosadenite Suppurativa<\/strong> \u00e8 una malattia cronica della pelle che pu\u00f2 durare tutta la vita se non trattata.<\/p>\n<p><strong>Idrosadenite Suppurativa<\/strong> Si osserva nelle pieghe della pelle delle ascelle, dell&#8217;inguine, sotto il seno, intorno all&#8217;ano, ai glutei e agli organi genitali, specialmente nelle zone con eccesso di sudore e ghiandole sebacee.[\/vc_column_text][vc_empty_space height=&#8221;25px&#8221;][\/vc_column][\/vc_row][vc_row][vc_column width=&#8221;1\/2&#8243;][vc_single_image image=&#8221;6666&#8243; img_size=&#8221;full&#8221; style=&#8221;vc_box_border_circle&#8221;][\/vc_column][vc_column width=&#8221;1\/2&#8243;][vc_empty_space]<h2 class=\"box-header\">Trattamento Laser Dell'Idrosadenite Suppurativa<\/h2>[vc_column_text]<strong>Trattamento Laser Dell&#8217;Idrosadenite Suppurativa<\/strong> agisce in modo mirato sui tessuti affetti da idrosadenite, offrendo una soluzione efficace senza ricorrere all&#8217;intervento chirurgico. Durante il trattamento, le aree infiammate e maleodoranti vengono accuratamente contrassegnate e il paziente viene rilassato con anestesia locale. La terapia laser rimuove in modo permanente i focolai di idrosadenite e accelera il processo di guarigione, poich\u00e9 non danneggia i tessuti sani circostanti. Allo stesso tempo, questo metodo elimina il rischio di recidiva della malattia nelle aree trattate. In questo modo, i pazienti possono liberarsi dell&#8217;infiammazione, del cattivo odore e del dolore causati dall&#8217;idrosadenite suppurativa e continuare la loro vita quotidiana in modo pi\u00f9 confortevole.[\/vc_column_text][\/vc_column][\/vc_row][vc_row][vc_column][vc_empty_space height=&#8221;25px&#8221;][\/vc_column][\/vc_row][vc_row][vc_column]<h2 class=\"box-header\">Vantaggi del Trattamento Laser Dell'Idrosadenite Suppurativa<\/h2>[vc_column_text]<\/p>\n<ul>\n<li>La durata della procedura \u00e8 di 30-40 minuti.<\/li>\n<li>Nessuna anestesia e nessun effetto collaterale correlato all&#8217;anestesia (solo semplice anestesia locale)<\/li>\n<li>Poich\u00e9 non si tratta di un intervento chirurgico, non sono necessari esami o analisi pre-trattamento e il digiuno o la saziet\u00e0 non interferiscono con il trattamento.<\/li>\n<li>Non ci sono punti di sutura.<\/li>\n<li>Il recupero \u00e8 rapido perch\u00e9 i tessuti non sono danneggiati.<\/li>\n<li>Possono tornare alle loro attivit\u00e0 quotidiane lo stesso giorno del trattamento.<\/li>\n<li>Non richiede il ricovero in ospedale poich\u00e9 \u00e8 comodo e veloce come un&#8217;otturazione dentale.<\/li>\n<li>Il dolore \u00e8 minore dopo il trattamento laser non chirurgico.<\/li>\n<li>Il trattamento laser dell&#8217;idrosadenite suppurativa distrugge i tessuti infetti senza intervento chirurgico.<\/li>\n<li>Quando l&#8217;area infetta da idrosadenite suppurativa viene trattata, non si ripresenta pi\u00f9 nella stessa zona.<\/li>\n<\/ul>\n<p>[\/vc_column_text][vc_empty_space height=&#8221;15px&#8221;]<h2 class=\"box-header\">Prima e Dopo il Trattamento Dell'Idrosadenite Suppurativa<\/h2>[vc_column_text]Il <strong>prima e dopo<\/strong> Le foto dei nostri pazienti trattati con laser per l&#8217;idrosadenite suppurativa mostrano chiaramente l&#8217;efficacia del nostro trattamento laser e il significativo miglioramento della malattia.[\/vc_column_text][vc_row_inner][vc_column_inner width=&#8221;1\/2&#8243;]<h2 class=\"box-header\">Before<\/h2>[vc_empty_space height=&#8221;15px&#8221;][vc_empty_space height=&#8221;0px&#8221;][vc_single_image image=&#8221;6667&#8243; img_size=&#8221;full&#8221; style=&#8221;vc_box_border_circle&#8221;][\/vc_column_inner][vc_column_inner width=&#8221;1\/2&#8243;]<h2 class=\"box-header\">After<\/h2>[vc_empty_space height=&#8221;15px&#8221;][vc_empty_space height=&#8221;0px&#8221;][vc_single_image image=&#8221;6668&#8243; img_size=&#8221;full&#8221; style=&#8221;vc_box_border_circle&#8221;][\/vc_column_inner][\/vc_row_inner]<h2 class=\"box-header\">Sintomi Dell'Idrosadenite Suppurativa<\/h2>[vc_column_text]I sintomi pi\u00f9 comuni dell&#8217;idrosadenite suppurativa includono protuberanze dolorose sulla pelle, secrezioni, piaghe maleodoranti e formazione di ascessi. Questi sintomi di solito iniziano con un&#8217;infiammazione sotto la pelle e possono peggiorare nel tempo. La sensibilit\u00e0 cutanea e i cattivi odori sono comuni, specialmente nelle zone infette.[\/vc_column_text][vc_empty_space height=&#8221;15px&#8221;][vc_empty_space height=&#8221;15px&#8221;]<h2 class=\"box-header align-left\">Diagnosi Della Malattia di Hidradenitis Suppurativa<\/h2>[vc_column_text]<strong>Idrosadenite Suppurativa<\/strong> Di solito pu\u00f2 essere diagnosticata sulla base dei risultati clinici e dell&#8217;esame fisico. Mentre il medico conferma la diagnosi sulla base dei sintomi e dell&#8217;anamnesi del paziente, talvolta possono essere eseguiti ulteriori esami, quali biopsia cutanea, tampone cutaneo, colture o esami del sangue, per ottenere una diagnosi definitiva. Tuttavia, i pazienti spesso confondono queste lesioni con un&#8217;infiammazione dei follicoli piliferi (follicolite). Questo errore porta a un ritardo nella diagnosi di circa <strong>7 anni<\/strong>, che pu\u00f2 causare un inizio tardivo del trattamento e la progressione della malattia. La diagnosi precoce \u00e8 fondamentale per prevenire la progressione della malattia.[\/vc_column_text]<h2 class=\"box-header align-left\">Come si Cura l'idrosadenite Suppurativa?<\/h2>[vc_column_text]L&#8217;idrosadenite suppurativa viene spesso trattata con antibiotici ad alto dosaggio, ma questo non sempre offre una soluzione definitiva e c&#8217;\u00e8 il rischio che l&#8217;uso prolungato di antibiotici possa portare a varie complicazioni. Oggi, la <strong>terapia laser<\/strong> si \u00e8 affermata come trattamento efficace e permanente per l&#8217;idrosadenite suppurativa. Il metodo laser rimuove i focolai infiammatori e previene il ripetersi della malattia. Questo elimina anche gli effetti collaterali e le complicanze associate all&#8217;uso eccessivo di antibiotici. Poich\u00e9 la terapia laser agisce solo sul tessuto malato e non danneggia il tessuto sano circostante, garantisce una rapida guarigione.[\/vc_column_text][vc_empty_space height=&#8221;15px&#8221;]<h2 class=\"box-header align-left\">Consigli Sullo Stile di Vita e Raccomandazioni Per La Cura Dell'Idrosadenite Suppurativa<\/h2>[vc_column_text]<\/p>\n<ul>\n<li><strong>Dieta Equilibrata:<\/strong> Evita l&#8217;aumento di peso e riduci il consumo di cibi zuccherati o con un alto indice glicemico.<\/li>\n<li><strong>Fumo:<\/strong> Il fumo pu\u00f2 aggravare la malattia, quindi \u00e8 fondamentale evitare di fumare per gestire meglio i sintomi.<\/li>\n<li><strong>Igiene:<\/strong> Soprattutto quando fa caldo, evita di sudare troppo e di bagnarti troppo. Fai docce frequenti e mantieni la pelle asciutta. Pu\u00f2 essere utile usare sapone o bagnoschiuma antibatterico 1-2 volte alla settimana.<\/li>\n<li><strong>Uso Del Deodorante:<\/strong> Evita i deodoranti che bloccano le ghiandole sudoripare. Gli antitraspiranti a lunga durata contenenti sostanze chimiche aggressive possono aggravare la condizione.<\/li>\n<li><strong>Prodotti Cosmetici:<\/strong> Assicurarsi che creme idratanti e prodotti cosmetici non entrino in contatto con le zone interessate.<\/li>\n<li><strong>Abbigliamento:<\/strong> Scegli biancheria intima di cotone ed evita tessuti sintetici o troppo stretti.<\/li>\n<\/ul>\n<p>[\/vc_column_text][vc_empty_space][\/vc_column][\/vc_row][vc_row][vc_column][vc_empty_space height=&#8221;15px&#8221;][vc_empty_space]<h2 class=\"box-header\">Immagini Diagnostiche Dell'Idrosadenite Suppurativa<\/h2>[vc_column_text]<strong>Immagini Diagnostiche Dell&#8217;Idrosadenite Suppurativa <\/strong>pu\u00f2 essere molto importante per i pazienti per comprendere meglio la natura e la gravit\u00e0 della malattia. Queste immagini sono importanti per valutare la gravit\u00e0 della malattia e differenziarla da altre condizioni cutanee simili.[\/vc_column_text][vc_empty_space][\/vc_column][\/vc_row][vc_row][vc_column width=&#8221;1\/2&#8243;][vc_hoverbox image=&#8221;6437&#8243; primary_title=&#8221;&#8221; hover_title=&#8221;&#8221; hover_background_color=&#8221;white&#8221;]<img data-recalc-dims=\"1\" loading=\"lazy\" decoding=\"async\" class=\"aligncenter wp-image-6940\" src=\"https:\/\/i0.wp.com\/avrupacerrahi.net\/it\/wp-content\/uploads\/2025\/01\/hidra-01-2.webp?resize=500%2C500&#038;ssl=1\" alt=\"\" width=\"500\" height=\"500\" srcset=\"https:\/\/i0.wp.com\/avrupacerrahi.net\/it\/wp-content\/uploads\/2025\/01\/hidra-01-2.webp?resize=300%2C300&amp;ssl=1 300w, https:\/\/i0.wp.com\/avrupacerrahi.net\/it\/wp-content\/uploads\/2025\/01\/hidra-01-2.webp?resize=1024%2C1024&amp;ssl=1 1024w, https:\/\/i0.wp.com\/avrupacerrahi.net\/it\/wp-content\/uploads\/2025\/01\/hidra-01-2.webp?resize=150%2C150&amp;ssl=1 150w, https:\/\/i0.wp.com\/avrupacerrahi.net\/it\/wp-content\/uploads\/2025\/01\/hidra-01-2.webp?resize=768%2C768&amp;ssl=1 768w, https:\/\/i0.wp.com\/avrupacerrahi.net\/it\/wp-content\/uploads\/2025\/01\/hidra-01-2.webp?resize=100%2C100&amp;ssl=1 100w, https:\/\/i0.wp.com\/avrupacerrahi.net\/it\/wp-content\/uploads\/2025\/01\/hidra-01-2.webp?w=1080&amp;ssl=1 1080w\" sizes=\"auto, (max-width: 500px) 100vw, 500px\" \/>[\/vc_hoverbox][vc_empty_space height=&#8221;0px&#8221;][vc_column_text]<strong>Idrosadenite Suppurativa Sotto L&#8217;ascella<\/strong>[\/vc_column_text][vc_empty_space height=&#8221;0px&#8221;][vc_hoverbox image=&#8221;6437&#8243; primary_title=&#8221;&#8221; hover_title=&#8221;&#8221; hover_background_color=&#8221;white&#8221;]<img data-recalc-dims=\"1\" loading=\"lazy\" decoding=\"async\" class=\"aligncenter wp-image-6946\" src=\"https:\/\/i0.wp.com\/avrupacerrahi.net\/it\/wp-content\/uploads\/2025\/01\/koltukalti-hidradenitis.png?resize=500%2C500&#038;ssl=1\" alt=\"\" width=\"500\" height=\"500\" srcset=\"https:\/\/i0.wp.com\/avrupacerrahi.net\/it\/wp-content\/uploads\/2025\/01\/koltukalti-hidradenitis.png?w=1080&amp;ssl=1 1080w, https:\/\/i0.wp.com\/avrupacerrahi.net\/it\/wp-content\/uploads\/2025\/01\/koltukalti-hidradenitis.png?resize=300%2C300&amp;ssl=1 300w, https:\/\/i0.wp.com\/avrupacerrahi.net\/it\/wp-content\/uploads\/2025\/01\/koltukalti-hidradenitis.png?resize=1024%2C1024&amp;ssl=1 1024w, https:\/\/i0.wp.com\/avrupacerrahi.net\/it\/wp-content\/uploads\/2025\/01\/koltukalti-hidradenitis.png?resize=150%2C150&amp;ssl=1 150w, https:\/\/i0.wp.com\/avrupacerrahi.net\/it\/wp-content\/uploads\/2025\/01\/koltukalti-hidradenitis.png?resize=768%2C768&amp;ssl=1 768w, https:\/\/i0.wp.com\/avrupacerrahi.net\/it\/wp-content\/uploads\/2025\/01\/koltukalti-hidradenitis.png?resize=100%2C100&amp;ssl=1 100w\" sizes=\"auto, (max-width: 500px) 100vw, 500px\" \/>[\/vc_hoverbox][vc_column_text]<strong>Idrosadenite Suppurativa Sotto L&#8217;ascella<\/strong>[\/vc_column_text][vc_empty_space height=&#8221;0px&#8221;][\/vc_column][vc_column width=&#8221;1\/2&#8243;][vc_hoverbox image=&#8221;6437&#8243; primary_title=&#8221;&#8221; hover_title=&#8221;&#8221; hover_background_color=&#8221;white&#8221;]<img data-recalc-dims=\"1\" loading=\"lazy\" decoding=\"async\" class=\"aligncenter wp-image-6943\" src=\"https:\/\/i0.wp.com\/avrupacerrahi.net\/it\/wp-content\/uploads\/2025\/01\/hidra-008-3.webp?resize=500%2C500&#038;ssl=1\" alt=\"\" width=\"500\" height=\"500\" srcset=\"https:\/\/i0.wp.com\/avrupacerrahi.net\/it\/wp-content\/uploads\/2025\/01\/hidra-008-3.webp?w=1080&amp;ssl=1 1080w, https:\/\/i0.wp.com\/avrupacerrahi.net\/it\/wp-content\/uploads\/2025\/01\/hidra-008-3.webp?resize=300%2C300&amp;ssl=1 300w, https:\/\/i0.wp.com\/avrupacerrahi.net\/it\/wp-content\/uploads\/2025\/01\/hidra-008-3.webp?resize=1024%2C1024&amp;ssl=1 1024w, https:\/\/i0.wp.com\/avrupacerrahi.net\/it\/wp-content\/uploads\/2025\/01\/hidra-008-3.webp?resize=150%2C150&amp;ssl=1 150w, https:\/\/i0.wp.com\/avrupacerrahi.net\/it\/wp-content\/uploads\/2025\/01\/hidra-008-3.webp?resize=768%2C768&amp;ssl=1 768w, https:\/\/i0.wp.com\/avrupacerrahi.net\/it\/wp-content\/uploads\/2025\/01\/hidra-008-3.webp?resize=100%2C100&amp;ssl=1 100w\" sizes=\"auto, (max-width: 500px) 100vw, 500px\" \/>[\/vc_hoverbox][vc_empty_space height=&#8221;0px&#8221;][vc_column_text]<strong>Idrosadenite Suppurativa Nella Zona Anale<\/strong>[\/vc_column_text][vc_empty_space height=&#8221;0px&#8221;][vc_hoverbox image=&#8221;6437&#8243; primary_title=&#8221;&#8221; hover_title=&#8221;&#8221; hover_background_color=&#8221;white&#8221;]<img data-recalc-dims=\"1\" loading=\"lazy\" decoding=\"async\" class=\"aligncenter wp-image-6947\" src=\"https:\/\/i0.wp.com\/avrupacerrahi.net\/it\/wp-content\/uploads\/2025\/01\/hidra-05-1.webp?resize=500%2C500&#038;ssl=1\" alt=\"\" width=\"500\" height=\"500\" srcset=\"https:\/\/i0.wp.com\/avrupacerrahi.net\/it\/wp-content\/uploads\/2025\/01\/hidra-05-1.webp?w=1080&amp;ssl=1 1080w, https:\/\/i0.wp.com\/avrupacerrahi.net\/it\/wp-content\/uploads\/2025\/01\/hidra-05-1.webp?resize=300%2C300&amp;ssl=1 300w, https:\/\/i0.wp.com\/avrupacerrahi.net\/it\/wp-content\/uploads\/2025\/01\/hidra-05-1.webp?resize=1024%2C1024&amp;ssl=1 1024w, https:\/\/i0.wp.com\/avrupacerrahi.net\/it\/wp-content\/uploads\/2025\/01\/hidra-05-1.webp?resize=150%2C150&amp;ssl=1 150w, https:\/\/i0.wp.com\/avrupacerrahi.net\/it\/wp-content\/uploads\/2025\/01\/hidra-05-1.webp?resize=768%2C768&amp;ssl=1 768w, https:\/\/i0.wp.com\/avrupacerrahi.net\/it\/wp-content\/uploads\/2025\/01\/hidra-05-1.webp?resize=100%2C100&amp;ssl=1 100w\" sizes=\"auto, (max-width: 500px) 100vw, 500px\" \/>[\/vc_hoverbox][vc_column_text]<strong>Idrosadenite Suppurativa Nei Glutei<\/strong>[\/vc_column_text][vc_empty_space height=&#8221;0px&#8221;][\/vc_column][\/vc_row][vc_row][vc_column width=&#8221;1\/2&#8243;][vc_empty_space][vc_single_image image=&#8221;5816&#8243; img_size=&#8221;full&#8221;][\/vc_column][vc_column width=&#8221;1\/2&#8243;][vc_empty_space]<h2 class=\"box-header align-left\">Cause Della Malattia Dell'Idrosadenite Suppurativa<\/h2>[vc_column_text]<strong>Idrosadenite Suppurativa<\/strong> Si ritiene che sia causata dall&#8217;ostruzione e dall&#8217;infiammazione dei follicoli piliferi. Diversi fattori sono riconosciuti come determinanti nell&#8217;insorgenza della malattia, tra cui la predisposizione genetica, i cambiamenti ormonali, l&#8217;obesit\u00e0, una dieta ricca di carboidrati e il fumo.[\/vc_column_text][\/vc_column][\/vc_row][vc_row][vc_column][vc_empty_space height=&#8221;25px&#8221;][vc_empty_space height=&#8221;25px&#8221;][\/vc_column][\/vc_row][vc_row][vc_column width=&#8221;1\/2&#8243;][vc_column_text]<\/p>\n<h1><strong>Testimonianza di un Paziente Affetto da Idrosadenite Suppurativa<\/strong><\/h1>\n<p>[\/vc_column_text][vc_empty_space height=&#8221;25px&#8221;][vc_column_text]Il nostro paziente, che soffriva da tempo di idrosadenite suppurativa, ha ritrovato la salute grazie al trattamento laser. Ha affermato che il processo \u00e8 stato indolore, senza anestesia e molto confortevole. Il paziente ha riferito che il periodo di recupero \u00e8 stato molto pi\u00f9 breve del previsto. Ha sottolineato che poter ricevere il trattamento senza interrompere la propria vita quotidiana \u00e8 stato un grande vantaggio. Grazie al team di esperti e alla tecnologia moderna dell&#8217;Avrupa Cerrahi Proctology Center, ora conduce una vita senza dolore. <strong>Se anche tu stai cercando una soluzione non chirurgica e confortevole per il trattamento dell&#8217;idrosadenite suppurativa, non esitare a contattarci!<\/strong>[\/vc_column_text][\/vc_column][vc_column width=&#8221;1\/2&#8243;][vc_raw_html]JTNDaWZyYW1lJTIwY2xhc3MlM0QlMjJib3JkZXItc2hhZG93cyUyMiUyMHdpZHRoJTNEJTIyMTAwJTI1JTIyJTIwaGVpZ2h0JTNEJTIyMzE1JTIyJTIwc3JjJTNEJTIyaHR0cHMlM0ElMkYlMkZ3d3cueW91dHViZS5jb20lMkZlbWJlZCUyRldaTmp4Yjg2ZnkwJTNGc2klM0QyWEVQU09takw3cDNLNkNLJTIyJTIwdGl0bGUlM0QlMjJZb3VUdWJlJTIwdmlkZW8lMjBwbGF5ZXIlMjIlMjBmcmFtZWJvcmRlciUzRCUyMjAlMjIlMjBhbGxvdyUzRCUyMmFjY2VsZXJvbWV0ZXIlM0IlMjBhdXRvcGxheSUzQiUyMGNsaXBib2FyZC13cml0ZSUzQiUyMGVuY3J5cHRlZC1tZWRpYSUzQiUyMGd5cm9zY29wZSUzQiUyMHBpY3R1cmUtaW4tcGljdHVyZSUzQiUyMHdlYi1zaGFyZSUyMiUyMGFsbG93ZnVsbHNjcmVlbiUzRSUzQyUyRmlmcmFtZSUzRQ==[\/vc_raw_html][vc_empty_space height=&#8221;25px&#8221;][\/vc_column][\/vc_row][vc_row css=&#8221;.vc_custom_1608749961067{margin-top: 50px !important;}&#8221;][vc_column]<h2 class=\"box-header\">Perch\u00e9 Scegliere Avrupa Cerrahi?<\/h2>[vc_column_text]Uno dei motivi per cui i pazienti ci preferiscono nel trattamento dell&#8217;idrosadenite suppurativa \u00e8 il nostro rigoroso processo di follow-up e controllo che offriamo dopo il trattamento. Con il trattamento laser, eliminiamo in modo permanente i tessuti infetti, ponendo cos\u00ec fine all&#8217;uso inutile di antibiotici. In questo modo, i nostri pazienti possono condurre una vita sana utilizzando meno farmaci e dicendo addio agli ascessi ricorrenti.[\/vc_column_text][\/vc_column][\/vc_row][vc_row][vc_column][vc_separator][\/vc_column][\/vc_row][vc_row][vc_column][vc_empty_space]<h2 class=\"box-header align-center\">Video Consigliati Per l'idrosadenite Suppurativa<\/h2>[vc_empty_space height=&#8221;23px&#8221;][vc_row_inner][vc_column_inner width=&#8221;1\/3&#8243;][vc_video link=&#8221;https:\/\/youtu.be\/F-85xRzDu44?si=FM_D49nj1mJnrONw&#8221;][\/vc_column_inner][vc_column_inner width=&#8221;1\/3&#8243;][vc_video link=&#8221;https:\/\/youtu.be\/HFfssbTyfy8&#8243;][\/vc_column_inner][vc_column_inner width=&#8221;1\/3&#8243;][vc_video link=&#8221;https:\/\/www.youtube.com\/watch?v=YKgCPOXAlMU&amp;t=8s&#8221;][\/vc_column_inner][\/vc_row_inner][vc_empty_space][vc_separator][vc_empty_space][\/vc_column][\/vc_row][vc_row][vc_column][vc_empty_space]<h2 class=\"box-header black align-center large\">Contattaci<\/h2>[vc_empty_space]\n<div class=\"wpcf7 no-js\" id=\"wpcf7-f5761-o1\" lang=\"en-US\" dir=\"ltr\" data-wpcf7-id=\"5761\">\n<div class=\"screen-reader-response\"><p role=\"status\" aria-live=\"polite\" aria-atomic=\"true\"><\/p> <ul><\/ul><\/div>\n<form action=\"\/it\/wp-json\/wp\/v2\/pages\/5815#wpcf7-f5761-o1\" method=\"post\" class=\"wpcf7-form init\" aria-label=\"Contact form\" novalidate=\"novalidate\" data-status=\"init\">\n<fieldset class=\"hidden-fields-container\"><input type=\"hidden\" name=\"_wpcf7\" value=\"5761\" \/><input type=\"hidden\" name=\"_wpcf7_version\" value=\"6.1.5\" \/><input type=\"hidden\" name=\"_wpcf7_locale\" value=\"en_US\" \/><input type=\"hidden\" name=\"_wpcf7_unit_tag\" value=\"wpcf7-f5761-o1\" \/><input type=\"hidden\" name=\"_wpcf7_container_post\" value=\"0\" \/><input type=\"hidden\" name=\"_wpcf7_posted_data_hash\" value=\"\" \/><input type=\"hidden\" name=\"_wpcf7_recaptcha_response\" value=\"\" \/>\n<\/fieldset>\n<div class=\"uacf7-form-wrapper-container uacf7-form-5761  \"><label class=\"forms\">Nome Cognome<\/label>      \n<div class=\"yeniForm\" style=\"width:100%;\"><span class=\"wpcf7-form-control-wrap\" data-name=\"text-947\"><input size=\"40\" maxlength=\"400\" class=\"wpcf7-form-control wpcf7-text wpcf7-validates-as-required\" aria-required=\"true\" aria-invalid=\"false\" placeholder=\"Nome Cognome\" value=\"\" type=\"text\" name=\"text-947\" \/><\/span><\/div>\n<label class=\"forms\">\nNumero di Telefono<\/label>\n<div class=\"yeniForm form-size\" style=\"width:100%;\"><span class=\"wpcf7-form-control-wrap\" data-name=\"phonetext-104\"><input size=\"40\" class=\"wpcf7-form-control wpcf7-phonetext wpcf7-validates-as-required wpcf7-text wpcf7-validates-as-phonetext\" aria-required=\"true\" aria-invalid=\"false\" value=\"+39\" type=\"text\" name=\"phonetext-104\" \/><input type=\"hidden\" name=\"phonetext-104-country-code\" class=\"wpcf7-phonetext-country-code\" \/><\/span><\/div>\n\n<label class=\"forms\">Messaggio<\/label>\n<div class=\"yeniForm text-form\" style=\"width:100%; \"><span class=\"wpcf7-form-control-wrap\" data-name=\"text-751\"><input size=\"40\" maxlength=\"400\" class=\"wpcf7-form-control wpcf7-text\" aria-invalid=\"false\" placeholder=\"Messaggio\" value=\"\" type=\"text\" name=\"text-751\" \/><\/span><\/div>\n\n<div class=\"yeniFormBtn\" style=\"width:100%;\"><input class=\"wpcf7-form-control wpcf7-submit has-spinner\" type=\"submit\" value=\"Invia\" \/><\/div>\n\n<style>\n\/* Label *\/\n.forms{\n  display: block;\n  margin-bottom: 6px;\n}\n\n\/* Form bloklar\u0131 *\/\n.yeniForm{\n  width: 100%;\n  margin-bottom: 14px;\n  box-sizing: border-box;\n}\n\n\/* T\u00fcm inputlar *\/\n.yeniForm input{\n  width: 100% !important;\n  background: #f0f0f0;\n  border: none;\n  padding: 12px;\n  box-sizing: border-box;\n}\n\n\/* Telefon alan\u0131 \u2013 \u00f6zel override *\/\n.form-size input{\n  padding-left: 18px;\n  width: 100% !important;\n  font-weight: bold;\n}\n\n\/* Mesaj alan\u0131 *\/\n.text-form input{\n  height: 120px;\n}\n\n\/* Flag alan\u0131 *\/\n.flag-container,\n.selected-flag{\n  background: #d1d1d1;\n  width: 57px;\n}\n\n\/* Submit *\/\n.yeniFormBtn{\n  width: 100%;\n}\n\n.yeniFormBtn input{\n  width: 100% !important;\n  background: #3b72ae;\n  margin-top: 15px;\n  color: #fff;\n  border: none;\n  padding: 14px;\n  cursor: pointer;\n}\n\n\/* CF7 phone input *\/\ninput.wpcf7-form-control.wpcf7-text.wpcf7-phonetext{\n  width: 100% !important;\n  font-weight: bold;\n}\n<\/style><\/div><input type='hidden' class='wpcf7-pum' value='{\"closepopup\":false,\"closedelay\":0,\"openpopup\":false,\"openpopup_id\":0}' \/><div class=\"wpcf7-response-output\" aria-hidden=\"true\"><\/div>\n<\/form>\n<\/div>\n[vc_empty_space height=&#8221;23px&#8221;][vc_separator][vc_empty_space height=&#8221;23px&#8221;][\/vc_column][\/vc_row][vc_row][vc_column offset=&#8221;vc_hidden-sm vc_hidden-xs&#8221;]<h2 class=\"box-header black align-center large\">I NOSTRI PARTNER<\/h2>[vc_empty_space height=&#8221;25px&#8221;][vc_images_carousel images=&#8221;5153,5157,5158,5203&#8243; img_size=&#8221;full&#8221; speed=&#8221;3000&#8243; slides_per_view=&#8221;4&#8243; hide_pagination_control=&#8221;yes&#8221; hide_prev_next_buttons=&#8221;yes&#8221; wrap=&#8221;yes&#8221;][vc_empty_space][vc_separator][\/vc_column][\/vc_row][vc_row][vc_column offset=&#8221;vc_hidden-lg vc_hidden-md&#8221;]<h2 class=\"box-header black align-center large\">OUR PARTNERS<\/h2>[vc_empty_space height=&#8221;25px&#8221;][vc_images_carousel images=&#8221;5153,5157,5158,5203&#8243; img_size=&#8221;full&#8221; speed=&#8221;3000&#8243; slides_per_view=&#8221;2&#8243; autoplay=&#8221;yes&#8221; hide_pagination_control=&#8221;yes&#8221; hide_prev_next_buttons=&#8221;yes&#8221; wrap=&#8221;yes&#8221;][\/vc_column][\/vc_row]<\/p>\n","protected":false},"excerpt":{"rendered":"<p>[vc_row][vc_column width=&#8221;1\/2&#8243;][vc_raw_html]JTNDaWZyYW1lJTIwY2xhc3MlM0QlMjJib3JkZXItc2hhZG93cyUyMiUyMHdpZHRoJTNEJTIyMTAwJTI1JTIyJTIwaGVpZ2h0JTNEJTIyMzE1JTIyJTIwc3JjJTNEJTIyaHR0cHMlM0ElMkYlMkZ3d3cueW91dHViZS5jb20lMkZlbWJlZCUyRkV6TldiNmpnRXVZJTNGc2klM0R1MXZ2MG9iN3pjdm8zRDY0JTIyJTIwdGl0bGUlM0QlMjJZb3VUdWJlJTIwdmlkZW8lMjBwbGF5ZXIlMjIlMjBmcmFtZWJvcmRlciUzRCUyMjAlMjIlMjBhbGxvdyUzRCUyMmFjY2VsZXJvbWV0ZXIlM0IlMjBhdXRvcGxheSUzQiUyMGNsaXBib2FyZC13cml0ZSUzQiUyMGVuY3J5cHRlZC1tZWRpYSUzQiUyMGd5cm9zY29wZSUzQiUyMHBpY3R1cmUtaW4tcGljdHVyZSUzQiUyMHdlYi1zaGFyZSUyMiUyMGFsbG93ZnVsbHNjcmVlbiUzRSUzQyUyRmlmcmFtZSUzRQ==[\/vc_raw_html][vc_empty_space height=&#8221;25px&#8221;][\/vc_column][vc_column width=&#8221;1\/2&#8243;][vc_raw_html]JTNDaWZyYW1lJTIwY2xhc3MlM0QlMjJib3JkZXItc2hhZG93cyUyMiUyMHdpZHRoJTNEJTIyMTAwJTI1JTIyJTIwaGVpZ2h0JTNEJTIyMzE1JTIyJTIwc3JjJTNEJTIyaHR0cHMlM0ElMkYlMkZ3d3cueW91dHViZS5jb20lMkZlbWJlZCUyRjVPU0diRnJNblpFJTNGc2klM0RpdDFhZEpxRlBLRWJPM09jJTIyJTIwdGl0bGUlM0QlMjJZb3VUdWJlJTIwdmlkZW8lMjBwbGF5ZXIlMjIlMjBmcmFtZWJvcmRlciUzRCUyMjAlMjIlMjBhbGxvdyUzRCUyMmFjY2VsZXJvbWV0ZXIlM0IlMjBhdXRvcGxheSUzQiUyMGNsaXBib2FyZC13cml0ZSUzQiUyMGVuY3J5cHRlZC1tZWRpYSUzQiUyMGd5cm9zY29wZSUzQiUyMHBpY3R1cmUtaW4tcGljdHVyZSUzQiUyMHdlYi1zaGFyZSUyMiUyMGFsbG93ZnVsbHNjcmVlbiUzRSUzQyUyRmlmcmFtZSUzRQ==[\/vc_raw_html][vc_empty_space height=&#8221;25px&#8221;][\/vc_column][\/vc_row][vc_row][vc_column][vc_empty_space height=&#8221;25px&#8221;][\/vc_column][\/vc_row][vc_row][vc_column][vc_column_text]Idrosadenite Suppurativa \u00e8 una malattia cronica della pelle che pu\u00f2 durare tutta la vita se non trattata. Idrosadenite Suppurativa Si osserva nelle pieghe della pelle delle ascelle, dell&#8217;inguine, sotto il seno, intorno all&#8217;ano, ai glutei e agli organi genitali, specialmente nelle zone con eccesso di sudore e ghiandole sebacee.[\/vc_column_text][vc_empty_space height=&#8221;25px&#8221;][\/vc_column][\/vc_row][vc_row][vc_column<\/p>\n","protected":false},"author":2,"featured_media":0,"parent":0,"menu_order":0,"comment_status":"closed","ping_status":"closed","template":"","meta":{"footnotes":""},"class_list":["post-5815","page","type-page","status-publish","hentry"],"aioseo_notices":[],"_links":{"self":[{"href":"https:\/\/avrupacerrahi.net\/it\/wp-json\/wp\/v2\/pages\/5815","targetHints":{"allow":["GET"]}}],"collection":[{"href":"https:\/\/avrupacerrahi.net\/it\/wp-json\/wp\/v2\/pages"}],"about":[{"href":"https:\/\/avrupacerrahi.net\/it\/wp-json\/wp\/v2\/types\/page"}],"author":[{"embeddable":true,"href":"https:\/\/avrupacerrahi.net\/it\/wp-json\/wp\/v2\/users\/2"}],"replies":[{"embeddable":true,"href":"https:\/\/avrupacerrahi.net\/it\/wp-json\/wp\/v2\/comments?post=5815"}],"version-history":[{"count":86,"href":"https:\/\/avrupacerrahi.net\/it\/wp-json\/wp\/v2\/pages\/5815\/revisions"}],"predecessor-version":[{"id":7535,"href":"https:\/\/avrupacerrahi.net\/it\/wp-json\/wp\/v2\/pages\/5815\/revisions\/7535"}],"wp:attachment":[{"href":"https:\/\/avrupacerrahi.net\/it\/wp-json\/wp\/v2\/media?parent=5815"}],"curies":[{"name":"wp","href":"https:\/\/api.w.org\/{rel}","templated":true}]}}