{"id":3,"date":"2020-11-25T10:46:22","date_gmt":"2020-11-25T07:46:22","guid":{"rendered":"https:\/\/avrupacerrahi.com.tr\/sd\/?page_id=3"},"modified":"2024-07-03T15:48:09","modified_gmt":"2024-07-03T12:48:09","slug":"politica-privind-confidentialitatea-si-cookie-urile","status":"publish","type":"page","link":"https:\/\/avrupacerrahi.net\/ro\/politica-privind-confidentialitatea-si-cookie-urile\/","title":{"rendered":"Politica privind confiden\u021bialitatea \u0219i cookie-urile"},"content":{"rendered":"<p>[vc_row][vc_column][vc_column_text]<\/p>\n<ol>\n<li>Politica privind confiden\u021bialitatea \u0219i cookie-urile<\/li>\n<\/ol>\n<p>POLITICA DE CONFIDEN\u021aIALITATE \u0218I DE UTILIZARE A COOKIE-URILOR PE SITE-UL WEB<\/p>\n<p>&#8230;&#8230;&#8230;&#8230;&#8230;&#8230;&#8230;&#8230;&#8230;.. &#8230;&#8230;&#8230;&#8230;&#8230;&#8230;&#8230;&#8230;.. operat de c\u0103tre Societate (&#8220;Societatea&#8221;)\u2026\u2026\u2026\u2026\u2026\u2026\u2026..<\/p>\n<p>site-ul web operat de Compania (&#8220;Compania&#8221;) (&#8220;Proprietarul de date&#8221;) pentru a proteja confiden\u021bialitatea datelor de conducere ale Companiei noastre este unul dintre principiile sale. Cu Politica de confiden\u021bialitate a site-ului web (&#8220;Politica&#8221;); (1) Datele personale ale Persoanelor vizate a datelor personale, (2) Politica privind cookie-urile \u0219i (3) Politica de confiden\u021bialitate a site-ului web se fac explica\u021bii cu privire la aplicarea acesteia.<\/p>\n<p>&nbsp;<\/p>\n<ul>\n<li>Prelucrarea datelor cu caracter personal ale persoanelor vizate<\/li>\n<\/ul>\n<p>&nbsp;<\/p>\n<p>Datele cu caracter personal ob\u021binute \u00een timpul vizitei dumneavoastr\u0103 pe site-ul nostru, \u00een calitate de operator de date \u00cen conformitate cu Legea nr. 6698 privind protec\u021bia datelor cu caracter personal (&#8220;Legea&#8221;) de c\u0103tre Compania pot fi prelucrate \u00een cadrul domeniului de aplicare descris mai jos. Informa\u021bii detaliate cu privire la prelucrarea datelor dumneavoastr\u0103 cu caracter personal Informa\u021biile pot fi g\u0103site la adresa &#8230;&#8230;&#8230;&#8230;&#8230;&#8230;&#8230;&#8230;&#8230;&#8230;&#8230;.<\/p>\n<p>&nbsp;<\/p>\n<p>1.2 Scopul prelucr\u0103rii datelor dumneavoastr\u0103 personale<\/p>\n<p>&nbsp;<\/p>\n<p>Datele dvs. personale ob\u021binute ca urmare a vizitei dvs. pe site-ul nostru sunt enumerate mai josscopuri pot fi prelucrate de c\u0103tre Societate \u00een conformitate cu articolele 5 \u0219i 6 din Lege:<\/p>\n<p>&nbsp;<\/p>\n<p>\uf0b7\u00a0\u00a0\u00a0\u00a0\u00a0 Afacerea relevant\u0103 pentru realizarea activit\u0103\u021bilor comerciale desf\u0103\u0219urate de c\u0103tre Societate lucr\u0103rile necesare ar trebui s\u0103 fie efectuate de c\u0103tre unit\u0103\u021bile noastre \u0219i procesele comerciale aferente execu\u021bie,<\/p>\n<p>\uf0b7\u00a0\u00a0\u00a0\u00a0 Pentru ca persoanele relevante s\u0103 beneficieze de produsele \u0219i serviciile oferite de Companie activitatea necesar\u0103 este efectuat\u0103 de unit\u0103\u021bile noastre comerciale \u0219i de procesele comerciale relevante execu\u021bie,<\/p>\n<p>\uf0b7\u00a0\u00a0\u00a0\u00a0 Aprecierea \u0219i utilizarea produselor \u0219i serviciilor oferite de Companie de c\u0103tre persoanele relevante personalizate \u00een func\u021bie de obiceiurile \u0219i nevoile acestora \u0219i recomandate persoanelor relevante; \u0219i planificarea \u0219i executarea activit\u0103\u021bilor necesare pentru promovarea<\/p>\n<p>&nbsp;<\/p>\n<p>1 .3\u00a0 P\u0103r\u021bi c\u0103tre care sunt transferate datele dvs. personale \u0219i scopul transferului<\/p>\n<p>&nbsp;<\/p>\n<p>Datele dvs. personale ob\u021binute ca urmare a vizitei dvs. pe site-ul nostru, datele dvs. Personale \u00een conformitate cu scopurile prelucr\u0103rii, c\u0103tre partenerii no\u0219tri de afaceri, furnizorii \u0219i autorit\u0103\u021bile publice autorizate legal institu\u021biilor \u0219i persoanelor private datele cu caracter personal specificate la articolele 8 \u0219i 9 din Legea KVK pot fi transferate \u00een limitele termenilor \u0219i scopurilor de prelucrare.<\/p>\n<p>&nbsp;<\/p>\n<p>1.4 Metoda \u0219i motivul legal pentru colectarea datelor dvs. Personale<\/p>\n<p>&nbsp;<\/p>\n<p>Orice informa\u021bie care face ca identitatea dvs. s\u0103 fie specific\u0103 sau identificabil\u0103 este &#8220;date cu caracter personal&#8221;. Site-ul nostru web datele dvs. personale \u00een cadrul vizitei dvs. \u00een conformitate cu condi\u021biile de prelucrare a datelor din lege cookie-uri, care sunt fi\u0219iere de comunicare tehnic\u0103 datorate vizitei dvs. pe site-ul nostru ca (cookie-uri) sunt colectate prin intermediul.<\/p>\n<p>&nbsp;<\/p>\n<p>1.5 Drepturile persoanelor vizate<\/p>\n<p>&nbsp;<\/p>\n<p>\u00cen calitate de persoan\u0103 vizat\u0103 de date cu caracter personal, ave\u021bi urm\u0103toarele drepturi \u00een conformitate cu articolul 11 din lege ne raport\u0103m:<\/p>\n<p>\uf0b7 \u00a0\u00a0\u00a0Pentru a afla dac\u0103 datele dvs. personale sunt prelucrate,<\/p>\n<p>\uf0b7 \u00a0\u00a0\u00a0Solicitarea de informa\u021bii \u00een cazul \u00een care datele dumneavoastr\u0103 personale au fost prelucrate,<\/p>\n<p>\uf0b7\u00a0 \u00a0Scopul prelucr\u0103rii datelor dumneavoastr\u0103 cu caracter personal \u0219i dac\u0103 acestea sunt utilizate \u00een \u00a0\u00a0\u00a0\u00a0\u00a0\u00a0\u00a0\u00a0\u00a0\u00a0\u00a0\u00a0\u00a0\u00a0\u00a0\u00a0\u00a0\u00a0\u00a0\u00a0\u00a0\u00a0\u00a0\u00a0\u00a0\u00a0\u00a0\u00a0conformitate cu scopul lor aflarea faptului c\u0103 nu sunt utilizate,<\/p>\n<p>\uf0b7 \u00a0\u00a0\u00a0\u00a0\u00a0\u00a0S\u0103 cunoa\u0219te\u021bi p\u0103r\u021bile ter\u021be c\u0103rora le sunt transferate datele dvs. cu caracter personal \u00een \u021bar\u0103 sau \u00een str\u0103in\u0103tate,<\/p>\n<p>\uf0b7 \u00a0\u00a0\u00a0\u00a0\u00a0Corectarea datelor dumneavoastr\u0103 cu caracter personal \u00een cazul unei prelucr\u0103ri incomplete sau incorecte de a solicita \u0219i tranzac\u021bia efectuat\u0103 \u00een acest domeniu de aplicare c\u0103tre p\u0103r\u021bile ter\u021be c\u0103rora le sunt transferate datele dumneavoastr\u0103 cu caracter personal solicitarea de a fi notificat,<\/p>\n<p>\uf0b7 \u00a0\u00a0\u00a0de\u0219i a fost prelucrat \u00een conformitate cu legea \u0219i cu alte dispozi\u021bii legale relevante, \u0219tergerea datelor cu caracter personal \u00een cazul \u00een care dispar motivele care au impus prelucrarea acestora sau solicita\u021bi distrugerea datelor dvs. cu caracter personal \u0219i solicita\u021bi ca tranzac\u021bia efectuat\u0103 \u00een cadrul acestui domeniu de aplicare s\u0103 fie notificate p\u0103r\u021bilor ter\u021be c\u0103rora le sunt transferate,<\/p>\n<p>\uf0b7 \u00a0\u00a0Prin analiza datelor prelucrate exclusiv prin intermediul sistemelor automatizate nu v\u0103 opune\u021bi \u00een cazul \u00een care un rezultat v\u0103 este defavorabil,<\/p>\n<p>\uf0b7 \u00a0\u00a0\u00a0\u00a0Dac\u0103 suferi\u021bi un prejudiciu din cauza prelucr\u0103rii ilegale a datelor dumneavoastr\u0103 cu caracter personal s\u0103 solicita\u021bi desp\u0103gubiri pentru daune.<\/p>\n<p>&nbsp;<\/p>\n<p>Pute\u021bi depune cererile pentru drepturile enumerate mai sus prin intermediul linkului &#8230;&#8230;&#8230;&#8230;&#8230;&#8230;&#8230;&#8230;..<\/p>\n<p>&#8230;&#8230;&#8230;&#8230;&#8230;&#8230;&#8230;&#8230;&#8230;&#8230;&#8230;&#8230; Formularul de solicitare a datelor cu caracter personal al companiei la care pute\u021bi ajunge\u2026\u2026\u2026\u2026\u2026\u2026\u2026\u2026\u2026\u2026\u2026\u2026\u2026\u2026\u2026\u2026.Pute\u021bi s\u0103 o trimite\u021bi Companiei noastre prin completarea formularului. \u00cen func\u021bie de natura solicit\u0103rii dvs., \u00een cel mai scurt timp posibil \u0219i cel t\u00e2rziu solicit\u0103rile dvs. vor fi finalizate gratuit \u00een termen de treizeci de zile; cu toate acestea, procedura va suporta \u0219i un la tariful care va fi stabilit de Comitetul pentru protec\u021bia datelor cu caracter personal, \u00een cazul \u00een care acesta necesit\u0103 costuri este posibil s\u0103 vi se perceap\u0103 o tax\u0103 corespunz\u0103toare.<\/p>\n<p>&nbsp;<\/p>\n<p>1.6 Despre politica privind cookie-urile<\/p>\n<p>&nbsp;<\/p>\n<p>Aceast\u0103 Politic\u0103 privind cookie-urile explic\u0103 ce sunt cookie-urile \u0219i cum le folosim. Recunoa\u0219tem c\u0103 cookie-urile ce sunt cookie-urile, cum le folosim, tipurile de cookie-uri pe care le folosim, adic\u0103 cookie-uri informa\u021biile pe care le colect\u0103m cu ajutorul modulelor cookie \u0219i modul \u00een care aceste informa\u021bii sunt utilizate, precum \u0219i modul \u00een care preferin\u021bele privind modulele cookie ar trebui s\u0103 citi\u021bi aceast\u0103 politic\u0103 pentru a \u00een\u021belege cum s\u0103 controla\u021bi Cum folosim datele dumneavoastr\u0103 personale Pentru mai multe informa\u021bii despre modul \u00een care folosim, stoc\u0103m \u0219i p\u0103str\u0103m informa\u021biile, consulta\u021bi Confiden\u021bialitate Consulta\u021bi politica noastr\u0103. Pute\u021bi, \u00een orice moment, s\u0103 v\u0103 retrage\u021bi consim\u021b\u0103m\u00e2ntul \u00een Notificarea privind cookie-urile de pe site-ul nostru web \u00eel pute\u021bi modifica sau retrage. Cine suntem, cum pute\u021bi s\u0103 ne contacta\u021bi \u0219i informa\u021biile dvs. personale \u00een Politica de confiden\u021bialitate Afla\u021bi mai multe despre modul \u00een care prelucr\u0103m datele.<\/p>\n<p>&nbsp;<\/p>\n<p>Autoriza\u021bia dumneavoastr\u0103 se aplic\u0103 \u00een urm\u0103toarele domenii:<\/p>\n<ol>\n<li>&#8230;&#8230;&#8230;&#8230;&#8230;.. este adresa de domeniu a site-ului dvs.<\/li>\n<li>google.com<\/li>\n<\/ol>\n<p>&nbsp;<\/p>\n<p>Ce este un Cookie?<\/p>\n<p>&nbsp;<\/p>\n<p>Cookie-urile sunt fi\u0219iere text de mici dimensiuni utilizate pentru a stoca mici informa\u021bii. Site web sunt stocate pe dispozitivul dumneavoastr\u0103 atunci c\u00e2nd sunt instalate \u00een browserul dumneavoastr\u0103. Aceste module cookie asigur\u0103 faptul c\u0103 site-ul web pentru ca site-ul web s\u0103 func\u021bioneze, pentru ca site-ul web s\u0103 fie mai sigur, pentru a oferi o experien\u021b\u0103 mai bun\u0103 utilizatorului experien\u021b\u0103 \u0219i ne ajut\u0103 s\u0103 \u00een\u021belegem cum func\u021bioneaz\u0103 site-ul web \u0219i ce func\u021bioneaz\u0103 \u0219i ne permite s\u0103 analiz\u0103m unde este loc de \u00eembun\u0103t\u0103\u021biri.<\/p>\n<p>Pentru a utiliza c\u00e2t mai eficient site-ul nostru web \u0219i utilizatorul folosim\u00a0 cookie pentru a v\u0103 \u00eembun\u0103t\u0103\u021bi experien\u021ba Prefera\u021bi utilizarea cookie-urilor \u00cen caz contrar, pute\u021bi \u0219terge sau bloca cookie-urile \u00een set\u0103rile browserului dvs. Cu toate acestea, dorim s\u0103 v\u0103 reamintim c\u0103 acest lucru ar putea afecta utilizarea site-ului nostru web Din browserul dvs. Accepta\u021bi utilizarea cookie-urilor pe acest site, cu excep\u021bia cazului \u00een care schimba\u021bi set\u0103rile cookie-urilor vom presupune c\u0103 a\u021bi acceptat<\/p>\n<p>1.7 Cum folosim cookie-urile?<\/p>\n<p>Cookie-urile ter\u021bilor utilizate pe site-urile noastre web determin\u0103 \u00een principiu modul \u00een care site-ul webperforman\u021ba site-ului, modul \u00een care interac\u021biona\u021bi cu site-ul nostru, serviciile noastre men\u021binerea \u00een siguran\u021b\u0103 v\u0103 ofer\u0103 reclame relevante pentru dvs. \u0219i, \u00een general, v\u0103 ofer\u0103 un serviciu din ce \u00een ce mai bun. experien\u021b\u0103 de utilizare \u0219i o interac\u021biune viitoare cu site-ul nostru web. ajut\u0103 la accelerarea interac\u021biunilor dvs.<\/p>\n<p>Cookie-urile sunt stocate pe dispozitivul sau re\u021beaua dvs. prin intermediul browserelor de c\u0103tre site-urile web pe care le vizita\u021bi\u00a0 sunt mici fi\u0219iere text stocate pe server.<\/p>\n<p>Principalele scopuri ale utiliz\u0103rii modulelor cookie pe site-ul nostru sunt enumerate mai jos:<\/p>\n<p>&#8211; Serviciile care v\u0103 sunt oferite prin \u00eembun\u0103t\u0103\u021birea func\u021bionalit\u0103\u021bii \u0219i performan\u021bei site-ului web<\/p>\n<p>\u00eembun\u0103t\u0103\u021birea<\/p>\n<p>&#8211; Pentru a \u00eembun\u0103t\u0103\u021bi site-ul web \u0219i pentru a oferi noi caracteristici prin intermediul site-ului web \u0219i pentru a oferi\u00a0 personaliza caracteristicile \u00een func\u021bie de preferin\u021bele dumneavoastr\u0103;<\/p>\n<p>&#8211; Pentru a asigura securitatea juridic\u0103 \u0219i comercial\u0103 a site-ului web, dumneavoastr\u0103 \u0219i compania noastr\u0103<\/p>\n<p>&nbsp;<\/p>\n<p>1.8 Ce fel de cookie-uri folosim?<\/p>\n<p>&nbsp;<\/p>\n<p>La fel ca majoritatea serviciilor online, site-ul nostru web utilizeaz\u0103 cookie-uri pentru o serie de scopuri, inclusiv pentru primul \u0219i al treilea scop. p\u0103r\u021bi utilizeaz\u0103 cookie-uri Cookie-urile de prima parte sunt utilizate \u00een principal pentru func\u021bionarea corect\u0103 a site-ului web. \u0219i nu colecteaz\u0103 niciun fel de date care s\u0103 v\u0103 identifice personal.\u00a0 De baz\u0103: Unele cookie-uri sunt esen\u021biale pentru a v\u0103 permite s\u0103 experimenta\u021bi func\u021bionalitatea complet\u0103 a site-ului nostru web Utilizator ne permit s\u0103 men\u021binem sesiunile lor \u0219i s\u0103 prevenim amenin\u021b\u0103rile de securitate Personal nu colecteaz\u0103 \u0219i nu stocheaz\u0103 informa\u021bii. De exemplu, aceste module cookie v\u0103 permit s\u0103 v\u0103 conecta\u021bi la contul dvs. \u0219i s\u0103 v\u0103 permite s\u0103 ad\u0103uga\u021bi articole \u00een co\u0219ul dvs. \u0219i s\u0103 efectua\u021bi plata \u00een mod sigur<\/p>\n<p><strong>Statistici A<\/strong>ceste cookie-uri sunt utilizate pentru a urm\u0103ri num\u0103rul de vizitatori ai site-ului, num\u0103rul de vizitatori unici, num\u0103rul de vizitatori, num\u0103rul de vizitatori web ce pagini ale site-ului web au fost vizitate, sursa vizitei etc. Acesta stocheaz\u0103 informa\u021bii cum ar fi. Aceste date ne ajut\u0103 s\u0103 analiz\u0103m c\u00e2t de bine func\u021bioneaz\u0103 site-ul web \u0219i unde este loc de \u00eembun\u0103t\u0103\u021biri.<\/p>\n<p><strong>Marketing<\/strong> <strong>: <\/strong>Site-ul nostru con\u021bine reclame. Aceste module cookie ne permit s\u0103 afi\u0219\u0103m reclamele pe care vi le prezent\u0103m pentru dumneavoastr\u0103.utilizate pentru a-l personaliza \u00eentr-un mod semnificativ Aceste cookie-uri vor fi, de asemenea, utilizate pentru a stoca aceste reclame<\/p>\n<p>ne ajut\u0103 s\u0103 urm\u0103rim eficien\u021ba campaniilor<\/p>\n<p>Informa\u021biile stocate \u00een aceste module cookie sunt utilizate de c\u0103tre furnizorii de publicitate ter\u021b\u0103 parte pentru a v\u0103 oferi informa\u021biile de care ave\u021bi nevoie \u00een browser. pot fi utilizate, de asemenea, pentru a afi\u0219a reclame pe alte site-uri web.<\/p>\n<p><strong>Func\u021bia<\/strong> Acestea sunt cookie-uri care ajut\u0103 la unele func\u021bii neesen\u021biale de pe site-ul nostru<strong>. <\/strong>Aceasta func\u021biile includ \u00eencorporarea de con\u021binut, cum ar fi videoclipuri, sau \u00eencorporarea de con\u021binut de pe site-ul web pe re\u021belele sociale include partajarea pe platforme<\/p>\n<p><strong>Preferin\u021be\u00a0 <\/strong>Aceste module cookie ne permit s\u0103 salv\u0103m set\u0103rile \u0219i preferin\u021bele dvs. de navigare, cum ar fi preferin\u021bele de limb\u0103. pentru a ne ajuta s\u0103 determin\u0103m astfel \u00eenc\u00e2t viitoarele vizite pe site-ul web s\u0103 fie mai bune \u0219i mai s\u0103 ave\u021bi o experien\u021b\u0103 productiv\u0103<strong>.<\/strong><\/p>\n<p><strong>Cookie-urile utilizate \u0219i \u00een ce scop sunt utilizate<\/strong><\/p>\n<p>&nbsp;<\/p>\n<p><strong>\u00a0A\u0131c\u0131\u00a0\u00a0\u00a0\u00a0\u00a0\u00a0\u00a0\u00a0\u00a0\u00a0\u00a0\u00a0\u00a0\u00a0\u00a0\u00a0\u00a0\u00a0\u00a0\u00a0\u00a0\u00a0\u00a0\u00a0\u00a0\u00a0\u00a0\u00a0\u00a0\u00a0\u00a0\u00a0\u00a0\u00a0\u00a0\u00a0\u00a0\u00a0\u00a0\u00a0\u00a0\u00a0\u00a0\u00a0\u00a0\u00a0\u00a0\u00a0\u00a0\u00a0\u00a0\u00a0\u00a0\u00a0\u00a0\u00a0\u00a0\u00a0\u00a0\u00a0\u00a0\u00a0\u00a0\u00a0\u00a0\u00a0\u00a0\u00a0\u00a0\u00a0\u00a0\u00a0\u00a0\u00a0\u00a0\u00a0 Descr\u0131ere<\/strong><\/p>\n<p>&nbsp;<\/p>\n<p>1.9 Cum pot controla preferin\u021bele privind cookie-urile?<\/p>\n<p>\u00cen plus, diferite browsere ofer\u0103 diferite metode de blocare \u0219i \u0219tergere a modulelor cookie utilizate de site-urile web. Pute\u021bi modifica set\u0103rile browserului dvs. pentru a bloca\/elimina cookie-urile. Pentru a afla mai multe despre cum s\u0103 gestiona\u021bi \u0219i s\u0103 \u0219terge\u021bi cookie-urile, vizita\u021bi <u>wikipedia.org, www.allaboutcookies.org<\/u><\/p>\n<p>1.10 Tipuri de cookie-uri utilizate pe site-ul nostru web<\/p>\n<p>Cookie-urile de sesiune sunt cookie-uri temporare care sunt\u00a0 \u00a0utilizate \u00een timpul vizitelor vizitatorilor no\u0219tri pe site \u0219i sunt \u0219terse dup\u0103 ce browserul este \u00eenchis.<\/p>\n<p>Cookie-uri de sesiune<\/p>\n<p>&nbsp;<\/p>\n<p>Scopul principal al utiliz\u0103rii acestor cookie-uri este de a asigura func\u021bionarea corect\u0103 a site-ului web \u00een timpul vizitei dumneavoastr\u0103.<\/p>\n<p>De exemplu, vi se ofer\u0103 posibilitatea de a completa formulare online care constau \u00een mai multe pagini. Cookie-uri persistente sunt tipuri de cookie-uri utilizate pentru a cre\u0219te func\u021bionalitatea site-ului web \u0219i pentru a oferi un serviciu mai rapid \u0219i mai bun vizitatorilor no\u0219tri.<\/p>\n<p>Astfel de cookie-uri sunt utilizate pentru a v\u0103 re\u021bine preferin\u021bele \u0219i sunt stocate pe dispozitivul dumneavoastr\u0103 prin intermediul browserelor<\/p>\n<p>&nbsp;<\/p>\n<p>Cookie-uri persistente<\/p>\n<p>Unele tipuri de module cookie persistente pot fi utilizate \u00a0\u00a0\u00a0\u00a0\u00a0\u00a0\u00a0\u00a0\u00a0\u00a0\u00a0\u00a0\u00a0\u00a0\u00a0\u00a0\u00a0\u00a0\u00a0\u00a0\u00a0\u00a0\u00a0\u00a0\u00a0\u00a0pentru\u00a0 v\u0103 oferi recomand\u0103ri specializate, \u021bin\u00e2nd cont de aspecte precum utilizarea pe care inten\u021biona\u021bi s\u0103 o face\u021bi pe site-ul web<\/p>\n<p>Datorit\u0103 modulelor cookie persistente, dac\u0103 vizita\u021bi din nou site ul nostru web cu acela\u0219i dispozitiv, se verific\u0103 dac\u0103 exist\u0103 un modul cookie creat de site-ul nostru web pe dispozitivul dvs. \u0219i, dac\u0103 exist\u0103, se \u00een\u021belege c\u0103 a\u021bi mai vizitat site-ul anterior, iar con\u021binutul care urmeaz\u0103 s\u0103 v\u0103 fie transmis este determinat \u00een consecin\u021b\u0103 \u0219i, astfel, vi se ofer\u0103 un serviciu mai bun<\/p>\n<p>&nbsp;<\/p>\n<p>1.11 Cookie-urile utilizate pe site-ul nostru<\/p>\n<p>Cookie-uri tehnice\u00a0\u00a0\u00a0 \u00a0\u00a0\u00a0\u00a0\u00a0\u00a0\u00a0\u00a0\u00a0\u00a0\u00a0\u00a0\u00a0\u00a0\u00a0\u00a0\u00a0\u00a0\u00a0\u00a0Cookie-urile tehnice sunt utilizate pentru a asigura \u00a0\u00a0\u00a0\u00a0\u00a0func\u021bionarea site-ului web \u0219i pentru a identifica paginile \u0219i zonele site-ului web care nu func\u021bioneaz\u0103.<\/p>\n<p>Cookie-uri de autentificare<\/p>\n<p>In cazul \u00een care vizitatorii se conecteaz\u0103 la site-ul web utiliz\u00e2nd parolele lor, cu astfel de module cookie, se stabile\u0219te c\u0103 vizitatorul este un utilizator al site-ului pe fiecare pagin\u0103 vizitat\u0103 de vizitator pe site-ul web, iar utilizatorul este \u00eempiedicat s\u0103 \u00ee\u0219i introduc\u0103 din nou parola pe fiecare pagin\u0103.<\/p>\n<p>Cookie-uri Flash\u00a0\u00a0\u00a0\u00a0\u00a0\u00a0\u00a0\u00a0\u00a0\u00a0 \u00a0\u00a0\u00a0\u00a0\u00a0\u00a0\u00a0\u00a0\u00a0Tipuri de module cookie utilizate \u00a0pentru a permite<\/p>\n<p>con\u021binutul vizual sau audio de pe site-ul web<\/p>\n<p>&nbsp;<\/p>\n<p>Cookie-uri de personalizare\u00a0\u00a0\u00a0\u00a0 Preferin\u021bele utilizatorilor sunt diferite pentru diferite site-uri web sunt cookie-uri folosite pentru a v\u0103 re\u021bine atunci c\u00e2nd vizita\u021bi paginile De exemplu, s\u0103 v\u0103 aminti\u021bi preferin\u021bele lingvistice.<\/p>\n<p>Cookie-uri analitice\u00a0\u00a0\u00a0\u00a0\u00a0\u00a0\u00a0\u00a0\u00a0\u00a0 \u00a0\u00a0\u00a0Num\u0103rul de vizitatori ai site-ului web cu ajutorul cookie-urilor analitice, detectarea paginilor afi\u0219ate pe site-ul web, site-ul web orele de vizitare, mi\u0219c\u0103rile de parcurgere a paginilor site-ului webcookie-uri care permit producerea de rezultate analitice, cum ar fi<\/p>\n<p>1.12 Poate fi blocat\u0103 utilizarea modulelor cookie de c\u0103tre persoanele vizate?<\/p>\n<p>Ave\u021bi posibilitatea de a v\u0103 personaliza preferin\u021bele \u00een ceea ce prive\u0219te cookie-urile prin modificarea set\u0103rilor browserului dumneavoastr\u0103.<\/p>\n<p>Adobe Analytics \u00a0\u00a0\u00a0\u00a0\u00a0\u00a0\u00a0\u00a0\u00a0\u00a0\u00a0\u00a0\u00a0\u00a0\u00a0\u00a0\u00a0\u00a0\u00a0\u00a0\u00a0<a href=\"http:\/\/www.adobe.com\/uk\/privacy\/opt-out.html\">http:\/\/www.adobe.com\/uk\/privacy\/opt-out.html<\/a><\/p>\n<p>AOL\u00a0\u00a0\u00a0 \u00a0\u00a0\u00a0\u00a0\u00a0\u00a0\u00a0\u00a0\u00a0\u00a0\u00a0\u00a0\u00a0\u00a0\u00a0\u00a0\u00a0\u00a0\u00a0\u00a0\u00a0\u00a0\u00a0\u00a0\u00a0\u00a0\u00a0\u00a0\u00a0\u00a0\u00a0\u00a0\u00a0\u00a0\u00a0\u00a0https:\/\/help.aol.com\/articles\/restore-security-settings-and-\u00a0\u00a0\u00a0\u00a0 enable-cookiesettings-on-browser<\/p>\n<p>Google Adwords\u00a0\u00a0\u00a0 \u00a0\u00a0\u00a0\u00a0\u00a0\u00a0\u00a0\u00a0\u00a0\u00a0\u00a0\u00a0\u00a0\u00a0\u00a0\u00a0\u00a0\u00a0\u00a0\u00a0<a href=\"https:\/\/support.google.com\/ads\/answer\/2662922?hl=en\">https:\/\/support.google.com\/ads\/answer\/2662922?hl=en<\/a><\/p>\n<p>Google Analytics \u00a0\u00a0\u00a0\u00a0\u00a0\u00a0\u00a0\u00a0\u00a0\u00a0\u00a0\u00a0\u00a0\u00a0\u00a0\u00a0\u00a0\u00a0\u00a0\u00a0\u00a0\u00a0\u00a0<a href=\"https:\/\/tools.google.com\/dlpage\/gaoptout\">https:\/\/tools.google.com\/dlpage\/gaoptout<\/a><\/p>\n<p>Google Chrome\u00a0\u00a0\u00a0\u00a0\u00a0\u00a0\u00a0\u00a0\u00a0\u00a0\u00a0\u00a0\u00a0\u00a0\u00a0\u00a0\u00a0\u00a0\u00a0\u00a0\u00a0\u00a0\u00a0\u00a0\u00a0 \u00a0<a href=\"http:\/\/www.google.com\/support\/chrome\/bin\/answer.py?hl=en&amp;answer=%2095647\">http:\/\/www.google.com\/support\/chrome\/bin\/answer.py?hl=en&amp;answer= 95647<\/a><\/p>\n<p>Internet Explorer\u00a0\u00a0\u00a0\u00a0\u00a0 \u00a0\u00a0\u00a0\u00a0\u00a0\u00a0\u00a0\u00a0\u00a0\u00a0\u00a0\u00a0\u00a0\u00a0\u00a0\u00a0\u00a0<a href=\"https:\/\/support.microsoft.com\/en-%20us\/help\/17442\/windows-internetexplorer-delete-manage-cookies\">https:\/\/support.microsoft.com\/en- us\/help\/17442\/windows-internetexplorer-delete-manage-cookies<\/a><\/p>\n<p>Mozilla Firefox \u00a0\u00a0\u00a0\u00a0\u00a0\u00a0\u00a0<a href=\"http:\/\/support.mozilla.com\/en-US\/kb\/Cookies\">http:\/\/support.mozilla.com\/en-US\/kb\/Cookies<\/a><\/p>\n<p>Opera \u00a0\u00a0\u00a0\u00a0\u00a0\u00a0\u00a0\u00a0\u00a0\u00a0\u00a0\u00a0\u00a0\u00a0\u00a0\u00a0\u00a0\u00a0\u00a0\u00a0\u00a0\u00a0<a href=\"http:\/\/www.opera.com\/browser\/tutorials\/security\/privacy\/\">http:\/\/www.opera.com\/browser\/tutorials\/security\/privacy\/<\/a><\/p>\n<p>Safari\u00a0\u00a0\u00a0\u00a0\u00a0\u00a0\u00a0\u00a0\u00a0\u00a0\u00a0\u00a0\u00a0\u00a0\u00a0\u00a0\u00a0\u00a0\u00a0\u00a0\u00a0\u00a0 https:\/\/support.apple.com\/kb\/ph19214?locale=tr_TR<\/p>\n<p>&nbsp;<\/p>\n<p>1.13 Punerea \u00een aplicare a politicii de confiden\u021bialitate a site-ului web<\/p>\n<p>Politica de confiden\u021bialitate a site-ului este datat\u0103 13.06.2018. \u00cen cazul \u00een care toate sau anumite articole ale Politicii sunt re\u00eennoite, data intr\u0103rii \u00een vigoare a Politicii va fi actualizat\u0103<\/p>\n<p>Politica este publicat\u0103 pe site-ul Companiei (avrupacerrahi.net\/ro) \u0219i este pus\u0103 la dispozi\u021bia persoanelor relevante la cererea proprietarilor de date cu caracter personal.<\/p>\n<p>Informa\u021bii detaliate privind prelucrarea datelor dumneavoastr\u0103 cu caracter personal pot fi g\u0103site pe pagina POLITICA SOCIET\u0102\u021aII NOASTRE&#8230;&#8230;&#8230;&#8230;&#8230;&#8230;&#8230;&#8230; KVKK<\/p>\n<p>&nbsp;<\/p>\n\n<p>&nbsp;<\/p>\n<p>[\/vc_column_text][\/vc_column][\/vc_row]<\/p>\n","protected":false},"excerpt":{"rendered":"<p>[vc_row][vc_column][vc_column_text] Politica privind confiden\u021bialitatea \u0219i cookie-urile POLITICA DE CONFIDEN\u021aIALITATE \u0218I DE UTILIZARE A COOKIE-URILOR PE SITE-UL WEB &#8230;&#8230;&#8230;&#8230;&#8230;&#8230;&#8230;&#8230;&#8230;.. &#8230;&#8230;&#8230;&#8230;&#8230;&#8230;&#8230;&#8230;.. operat de c\u0103tre Societate (&#8220;Societatea&#8221;)\u2026\u2026\u2026\u2026\u2026\u2026\u2026.. site-ul web operat de Compania (&#8220;Compania&#8221;) (&#8220;Proprietarul de date&#8221;) pentru a proteja confiden\u021bialitatea datelor de conducere ale Companiei noastre este unul dintre principiile sale. Cu Politica de confiden\u021bialitate a site-ului web<\/p>\n","protected":false},"author":1,"featured_media":0,"parent":0,"menu_order":0,"comment_status":"closed","ping_status":"open","template":"","meta":{"_metasync_otto_title":"","_metasync_otto_description":"","_metasync_otto_keywords":"","_metasync_otto_og_title":"","_metasync_otto_og_description":"","_metasync_otto_twitter_title":"","_metasync_otto_twitter_description":"","rank_math_title":"","rank_math_description":"","_yoast_wpseo_title":"","_yoast_wpseo_metadesc":"","_aioseo_title":null,"_aioseo_description":null,"_metasync_seo_title":"","_metasync_seo_desc":"","_metasync_otto_disabled":"","footnotes":""},"class_list":["post-3","page","type-page","status-publish","hentry"],"aioseo_notices":[],"_links":{"self":[{"href":"https:\/\/avrupacerrahi.net\/ro\/wp-json\/wp\/v2\/pages\/3","targetHints":{"allow":["GET"]}}],"collection":[{"href":"https:\/\/avrupacerrahi.net\/ro\/wp-json\/wp\/v2\/pages"}],"about":[{"href":"https:\/\/avrupacerrahi.net\/ro\/wp-json\/wp\/v2\/types\/page"}],"author":[{"embeddable":true,"href":"https:\/\/avrupacerrahi.net\/ro\/wp-json\/wp\/v2\/users\/1"}],"replies":[{"embeddable":true,"href":"https:\/\/avrupacerrahi.net\/ro\/wp-json\/wp\/v2\/comments?post=3"}],"version-history":[{"count":5,"href":"https:\/\/avrupacerrahi.net\/ro\/wp-json\/wp\/v2\/pages\/3\/revisions"}],"predecessor-version":[{"id":6402,"href":"https:\/\/avrupacerrahi.net\/ro\/wp-json\/wp\/v2\/pages\/3\/revisions\/6402"}],"wp:attachment":[{"href":"https:\/\/avrupacerrahi.net\/ro\/wp-json\/wp\/v2\/media?parent=3"}],"curies":[{"name":"wp","href":"https:\/\/api.w.org\/{rel}","templated":true}]}}