{"id":4029,"date":"2020-11-27T13:16:00","date_gmt":"2020-11-27T10:16:00","guid":{"rendered":"https:\/\/avrupacerrahi.com.tr\/sd\/?page_id=4029"},"modified":"2026-04-08T14:33:31","modified_gmt":"2026-04-08T11:33:31","slug":"misiunea-noastra","status":"publish","type":"page","link":"https:\/\/avrupacerrahi.net\/ro\/misiunea-noastra\/","title":{"rendered":"MISIUNEA NOASTR\u0102"},"content":{"rendered":"<p>[vc_row][vc_column][vc_empty_space height=&#8221;25px&#8221;][vc_column_text]<\/p>\n<p data-start=\"151\" data-end=\"637\">\u00cen calitate de Centru Medical <em data-start=\"181\" data-end=\"197\">Avrupa Cerrahi<\/em>, \u0219tim c\u00e2t de importante \u0219i valoroase sunt s\u0103n\u0103tatea \u0219i via\u021ba. Am pornit cu principiul de a oferi \u0219i de a continua s\u0103 oferim s\u0103n\u0103tate pas cu pas, \u00eencep\u00e2nd din centrul nostru din G\u00fcne\u015fli \u00een 2005, sub denumirea de <em data-start=\"409\" data-end=\"432\">Avrupa Cerrahi Center<\/em>. Adopt\u0103m \u00eentotdeauna o abordare etic\u0103, onest\u0103, echipat\u0103 \u0219i rapid\u0103. Cu m\u00e2ndria de a fi \u201eCentru de proctologie de clasa A\u201d, trat\u0103m pacien\u021bii prin metode non-chirurgicale, f\u0103r\u0103 anestezie \u0219i f\u0103r\u0103 spitalizare.<\/p>\n<p data-start=\"639\" data-end=\"962\">\u00cen loca\u021bii din Istanbul precum Bak\u0131rk\u00f6y (2018), Kad\u0131k\u00f6y (2017) \u0219i Levent (2015), oferim servicii \u00een centre unde pacien\u021bii no\u0219tri pot beneficia de tratamente moderne, folosind metoda laser de ultim\u0103 genera\u021bie \u0219i o echip\u0103 medical\u0103 experimentat\u0103, oferind \u00een acela\u0219i timp o abordare prietenoas\u0103 \u0219i servicii cu z\u00e2mbetul pe buze.<\/p>\n<p data-start=\"964\" data-end=\"1367\">Oferim \u00eengrijire medical\u0103 sigur\u0103 \u0219i de \u00eenalt\u0103 calitate prin cei trei medici speciali\u0219ti ai no\u0219tri, \u00een tratarea <a href=\"https:\/\/avrupacerrahi.net\/ro\/cat-dureaza-procesul-de-vindecare-dupa-tratamentul-hemoroizilor\/\">hemoroizilor<\/a>, chistului pilonidal, fisurilor anale, fistulelor anale, verucilor genitale (HPV) \u0219i hidradenitei supurative. Ne continu\u0103m cu m\u00e2ndrie activitatea, oferind posibilitatea pacien\u021bilor de a fi trata\u021bi \u00een aceea\u0219i zi, la cerere, indiferent de locul \u00een care se afl\u0103 \u00een lume sau \u00een \u021bar\u0103.<\/p>\n<p data-start=\"1369\" data-end=\"1725\">Pentru pacien\u021bii no\u0219tri care vin din str\u0103in\u0103tate, noi, \u00een calitate de familie a Avrupa Cerrahi<em data-start=\"1449\" data-end=\"1483\">\u00a0Medical Center<\/em>, \u0219tim c\u0103 este responsabilitatea noastr\u0103 s\u0103 oferim solu\u021bii pentru s\u0103n\u0103tatea tuturor pacien\u021bilor, prin intermediul traduc\u0103torilor \u0219i al consilierilor no\u0219tri pentru pacien\u021bi (\u201ePatient Consultants\u201d), \u0219i suntem bucuro\u0219i s\u0103 \u00eendeplinim acest lucru.<\/p>\n<p>[\/vc_column_text][vc_separator][vc_empty_space][\/vc_column][\/vc_row][vc_row][vc_column width=&#8221;1\/2&#8243;][vc_column_text]<\/p>\n<p data-start=\"91\" data-end=\"111\"><strong data-start=\"91\" data-end=\"111\">MISIUNEA NOASTR\u0102<\/strong><\/p>\n<p data-start=\"113\" data-end=\"292\">Adopt\u0103m \u00eencrederea \u00een domeniul s\u0103n\u0103t\u0103\u021bii prin personalul nostru profesionist, prietenos, \u00een\u021beleg\u0103tor \u0219i calificat, care este \u00eentotdeauna al\u0103turi de pacien\u021bi \u0219i de rudele acestora.<\/p>\n<p data-start=\"294\" data-end=\"487\">Aplic\u0103m metodele noastre de tratament folosind tehnologia de ultim\u0103 genera\u021bie, astfel \u00eenc\u00e2t pacien\u021bii no\u0219tri s\u0103-\u0219i recapete s\u0103n\u0103tatea \u00eentr-un timp c\u00e2t mai scurt \u0219i \u00een condi\u021bii de maxim confort.<\/p>\n<p data-start=\"489\" data-end=\"611\">Prin abordarea noastr\u0103 modern\u0103, respectuoas\u0103 \u0219i sincer\u0103, oferim pacien\u021bilor posibilitatea de a ne contacta oric\u00e2nd doresc.<\/p>\n<p data-start=\"613\" data-end=\"881\">Cu principiul nostru de servicii nelimitate, trat\u0103m pacien\u021bii din toate zonele geografice prin metode non-chirurgicale. F\u0103r\u0103 anestezie, f\u0103r\u0103 interven\u021bie chirurgical\u0103, folosind metode moderne f\u0103r\u0103 spitalizare, asigur\u0103m recuperarea rapid\u0103 a s\u0103n\u0103t\u0103\u021bii pacien\u021bilor no\u0219tri.<\/p>\n<p>[\/vc_column_text][\/vc_column][vc_column width=&#8221;1\/2&#8243;][vc_column_text]<\/p>\n<p data-start=\"92\" data-end=\"112\"><strong data-start=\"92\" data-end=\"112\">VIZIUNEA NOASTR\u0102<\/strong><\/p>\n<p data-start=\"114\" data-end=\"313\">Fiind un nume de referin\u021b\u0103 \u00een domeniul proctologiei din Turcia \u0219i la nivel mondial, ne propunem s\u0103 oferim servicii de s\u0103n\u0103tate pacien\u021bilor din toate zonele geografice, la standarde de clas\u0103 mondial\u0103.<\/p>\n<p data-start=\"315\" data-end=\"473\">Ne dorim s\u0103 fim recunoscu\u021bi \u00een \u00eentreaga Turcie ca prima \u0219i cea mai de \u00eencredere alegere pentru pacien\u021bi \u0219i pentru familiile acestora \u00een domeniul proctologiei.<\/p>\n<p data-start=\"475\" data-end=\"668\">\u00cen calitate de Centru Medical <em data-start=\"505\" data-end=\"521\">Avrupa Cerrahi<\/em>, continu\u0103m s\u0103 oferim servicii medicale, fiind un model de excelen\u021b\u0103 pentru toate institu\u021biile de s\u0103n\u0103tate, \u00een toate aspectele activit\u0103\u021bii noastre.<\/p>\n<p>[\/vc_column_text][\/vc_column][\/vc_row]<\/p>\n","protected":false},"excerpt":{"rendered":"<p>[vc_row][vc_column][vc_empty_space height=&#8221;25px&#8221;][vc_column_text] \u00cen calitate de Centru Medical Avrupa Cerrahi, \u0219tim c\u00e2t de importante \u0219i valoroase sunt s\u0103n\u0103tatea \u0219i via\u021ba. Am pornit cu principiul de a oferi \u0219i de a continua s\u0103 oferim s\u0103n\u0103tate pas cu pas, \u00eencep\u00e2nd din centrul nostru din G\u00fcne\u015fli \u00een 2005, sub denumirea de Avrupa Cerrahi Center. Adopt\u0103m \u00eentotdeauna o abordare etic\u0103,<\/p>\n","protected":false},"author":1,"featured_media":0,"parent":0,"menu_order":0,"comment_status":"closed","ping_status":"closed","template":"","meta":{"_metasync_otto_title":"","_metasync_otto_description":"","_metasync_otto_keywords":"","_metasync_otto_og_title":"","_metasync_otto_og_description":"","_metasync_otto_twitter_title":"","_metasync_otto_twitter_description":"","rank_math_title":"","rank_math_description":"","_yoast_wpseo_title":"","_yoast_wpseo_metadesc":"","_aioseo_title":null,"_aioseo_description":"\u00cen calitate de Centru Medical Chirurgical European, \u0219tim ce \u00eenseamn\u0103 importan\u021ba \u0219i valoarea s\u0103n\u0103t\u0103\u021bii.","_metasync_seo_title":"","_metasync_seo_desc":"","_metasync_otto_disabled":"","footnotes":""},"class_list":["post-4029","page","type-page","status-publish","hentry"],"aioseo_notices":[],"_links":{"self":[{"href":"https:\/\/avrupacerrahi.net\/ro\/wp-json\/wp\/v2\/pages\/4029","targetHints":{"allow":["GET"]}}],"collection":[{"href":"https:\/\/avrupacerrahi.net\/ro\/wp-json\/wp\/v2\/pages"}],"about":[{"href":"https:\/\/avrupacerrahi.net\/ro\/wp-json\/wp\/v2\/types\/page"}],"author":[{"embeddable":true,"href":"https:\/\/avrupacerrahi.net\/ro\/wp-json\/wp\/v2\/users\/1"}],"replies":[{"embeddable":true,"href":"https:\/\/avrupacerrahi.net\/ro\/wp-json\/wp\/v2\/comments?post=4029"}],"version-history":[{"count":2,"href":"https:\/\/avrupacerrahi.net\/ro\/wp-json\/wp\/v2\/pages\/4029\/revisions"}],"predecessor-version":[{"id":7603,"href":"https:\/\/avrupacerrahi.net\/ro\/wp-json\/wp\/v2\/pages\/4029\/revisions\/7603"}],"wp:attachment":[{"href":"https:\/\/avrupacerrahi.net\/ro\/wp-json\/wp\/v2\/media?parent=4029"}],"curies":[{"name":"wp","href":"https:\/\/api.w.org\/{rel}","templated":true}]}}