{"id":4961,"date":"2020-12-26T16:24:54","date_gmt":"2020-12-26T13:24:54","guid":{"rendered":"https:\/\/avrupacerrahi.com.tr\/sd\/en\/?page_id=4961"},"modified":"2024-02-23T12:33:09","modified_gmt":"2024-02-23T09:33:09","slug":"intrebati-doctorul","status":"publish","type":"page","link":"https:\/\/avrupacerrahi.net\/ro\/intrebati-doctorul\/","title":{"rendered":"INTREBA\u021aI  DOCTORUL"},"content":{"rendered":"<p>[vc_row][vc_column][vc_column_text]<\/p>\n<p style=\"text-align: center;\">Pute\u021bi completa formularul de mai jos pentrua ob\u021bine opinia unui medic despre boala dumneavoastr\u0103. Dup\u0103 ce situa\u021bia dvs. va fi evaluat\u0103, ve\u021bi fi returnat c\u00e2t mai cur\u00e2nd posibil.<\/p>\n<p>[\/vc_column_text][vc_separator]\n<div class=\"wpcf7 no-js\" id=\"wpcf7-f4946-o1\" lang=\"tr-TR\" dir=\"ltr\" data-wpcf7-id=\"4946\">\n<div class=\"screen-reader-response\"><p role=\"status\" aria-live=\"polite\" aria-atomic=\"true\"><\/p> <ul><\/ul><\/div>\n<form action=\"\/ro\/wp-json\/wp\/v2\/pages\/4961#wpcf7-f4946-o1\" method=\"post\" class=\"wpcf7-form init\" aria-label=\"\u0130leti\u015fim Formu\" enctype=\"multipart\/form-data\" novalidate=\"novalidate\" data-status=\"init\">\n<fieldset class=\"hidden-fields-container\"><input type=\"hidden\" name=\"_wpcf7\" value=\"4946\" \/><input type=\"hidden\" name=\"_wpcf7_version\" value=\"6.1.5\" \/><input type=\"hidden\" name=\"_wpcf7_locale\" value=\"tr_TR\" \/><input type=\"hidden\" name=\"_wpcf7_unit_tag\" value=\"wpcf7-f4946-o1\" \/><input type=\"hidden\" name=\"_wpcf7_container_post\" value=\"0\" \/><input type=\"hidden\" name=\"_wpcf7_posted_data_hash\" value=\"\" \/><input type=\"hidden\" name=\"_wpcf7_recaptcha_response\" value=\"\" \/>\n<\/fieldset>\n<div class=\"uacf7-form-wrapper-container uacf7-form-4946  \"><div class=\"forms\" style=\"width:100%;\"><span class=\"wpcf7-form-control-wrap\" data-name=\"text-312\"><input size=\"40\" maxlength=\"400\" class=\"wpcf7-form-control wpcf7-text wpcf7-validates-as-required\" aria-required=\"true\" aria-invalid=\"false\" placeholder=\"Nume \u0219i prenume\" value=\"\" type=\"text\" name=\"text-312\" \/><\/span><\/div>\n<div class=\"forms\" style=\"width:100%;\"><span class=\"wpcf7-form-control-wrap\" data-name=\"tel-756\"><input size=\"40\" maxlength=\"400\" class=\"wpcf7-form-control wpcf7-tel wpcf7-validates-as-required wpcf7-text wpcf7-validates-as-tel\" aria-required=\"true\" aria-invalid=\"false\" placeholder=\"Num\u0103r de telefon cu prefix de \u021bar\u0103\" value=\"\" type=\"tel\" name=\"tel-756\" \/><\/span><\/div>\n<div class=\"forms\" style=\"width:100%;\"><span class=\"wpcf7-form-control-wrap\" data-name=\"textarea-324\"><textarea cols=\"40\" rows=\"10\" maxlength=\"2000\" class=\"wpcf7-form-control wpcf7-textarea wpcf7-validates-as-required\" aria-required=\"true\" aria-invalid=\"false\" placeholder=\"\u00centrebarea dumneavoastr\u0103\" name=\"textarea-324\"><\/textarea><\/span><\/div>\n<div class=\"button-kk forms\" style=\"width:100%;\"><span class=\"wpcf7-form-control-wrap\" data-name=\"file-748\"><input size=\"40\" class=\"wpcf7-form-control wpcf7-file\" accept=\"audio\/*,video\/*,image\/*\" aria-invalid=\"false\" type=\"file\" name=\"file-748\" \/><\/span><br>\n\n<div class=\"button-he\" style=\"width:100%;\"><input class=\"wpcf7-form-control wpcf7-submit has-spinner\" type=\"submit\" value=\"Trimite\u021bi\" \/><\/div>\n\n\n<style>\ninput, textarea {\nwidth: 100%!important;\npadding: 16px;\nborder: none;\nborder-bottom: 2px solid #3574ac;;\n}\n.button-kk input {\nbackground-color: #3574ac;\n    color: white;\n    font-size: 16px;\n    font-weight: 900;\n}\n.button-he input {\nbackground-color: #1c4b75!important;\n\n}\n.forms {\nmargin-bottom: 15px;\n}\n<\/style><\/div><input type='hidden' class='wpcf7-pum' value='{\"closepopup\":false,\"closedelay\":0,\"openpopup\":false,\"openpopup_id\":0}' \/><div class=\"wpcf7-response-output\" aria-hidden=\"true\"><\/div>\n<\/form>\n<\/div>\n[\/vc_column][\/vc_row]<\/p>\n","protected":false},"excerpt":{"rendered":"<p>[vc_row][vc_column][vc_column_text] Pute\u021bi completa formularul de mai jos pentrua ob\u021bine opinia unui medic despre boala dumneavoastr\u0103. Dup\u0103 ce situa\u021bia dvs. va fi evaluat\u0103, ve\u021bi fi returnat c\u00e2t mai cur\u00e2nd posibil. [\/vc_column_text][vc_separator][\/vc_column][\/vc_row]<\/p>\n","protected":false},"author":1,"featured_media":0,"parent":0,"menu_order":0,"comment_status":"closed","ping_status":"closed","template":"","meta":{"_metasync_otto_title":"","_metasync_otto_description":"","_metasync_otto_keywords":"","_metasync_otto_og_title":"","_metasync_otto_og_description":"","_metasync_otto_twitter_title":"","_metasync_otto_twitter_description":"","rank_math_title":"","rank_math_description":"","_yoast_wpseo_title":"","_yoast_wpseo_metadesc":"","_aioseo_title":null,"_aioseo_description":"V\u0103 rug\u0103m s\u0103 completa\u021bi formularul pentru consult medical. Dup\u0103 evaluare, ve\u021bi primi un r\u0103spuns c\u00e2t mai cur\u00e2nd posibil.","_metasync_seo_title":"","_metasync_seo_desc":"","_metasync_otto_disabled":"","footnotes":""},"class_list":["post-4961","page","type-page","status-publish","hentry"],"aioseo_notices":[],"_links":{"self":[{"href":"https:\/\/avrupacerrahi.net\/ro\/wp-json\/wp\/v2\/pages\/4961","targetHints":{"allow":["GET"]}}],"collection":[{"href":"https:\/\/avrupacerrahi.net\/ro\/wp-json\/wp\/v2\/pages"}],"about":[{"href":"https:\/\/avrupacerrahi.net\/ro\/wp-json\/wp\/v2\/types\/page"}],"author":[{"embeddable":true,"href":"https:\/\/avrupacerrahi.net\/ro\/wp-json\/wp\/v2\/users\/1"}],"replies":[{"embeddable":true,"href":"https:\/\/avrupacerrahi.net\/ro\/wp-json\/wp\/v2\/comments?post=4961"}],"version-history":[{"count":1,"href":"https:\/\/avrupacerrahi.net\/ro\/wp-json\/wp\/v2\/pages\/4961\/revisions"}],"predecessor-version":[{"id":6109,"href":"https:\/\/avrupacerrahi.net\/ro\/wp-json\/wp\/v2\/pages\/4961\/revisions\/6109"}],"wp:attachment":[{"href":"https:\/\/avrupacerrahi.net\/ro\/wp-json\/wp\/v2\/media?parent=4961"}],"curies":[{"name":"wp","href":"https:\/\/api.w.org\/{rel}","templated":true}]}}