{"id":5225,"date":"2022-04-05T12:50:34","date_gmt":"2022-04-05T09:50:34","guid":{"rendered":"https:\/\/avrupacerrahi.com.tr\/en\/?page_id=5225"},"modified":"2024-09-20T13:55:56","modified_gmt":"2024-09-20T10:55:56","slug":"tratamentului-non-chirurgicala-singerare-rectala","status":"publish","type":"page","link":"https:\/\/avrupacerrahi.net\/ro\/tratamentului-non-chirurgicala-singerare-rectala\/","title":{"rendered":"Tratamentului non-chirurgical\u0103 s\u00e2ngerare rectal\u0103"},"content":{"rendered":"<p>[vc_row][vc_column width=&#8221;1\/2&#8243;][vc_empty_space][vc_raw_html]JTNDYSUyMGRhdGEtZmFuY3lib3glM0QlMjJnYWxsZXJ5JTIyJTIwaHJlZiUzRCUyMmh0dHBzJTNBJTJGJTJGd3d3LnlvdXR1YmUuY29tJTJGZW1iZWQlMkZfaW5adHRMV0NoNCUzRnNpJTNELVN3T3ZLUUxQbHdTUEV2cSUyMiUyMGNsYXNzJTNEJTIydmlkZW8tYm94JTIyJTNFJTBBJTIwJTIwJTIwJTIwJTNDaW1nJTIwc3JjJTNEJTIyaHR0cHMlM0ElMkYlMkZhdnJ1cGFjZXJyYWhpLm5ldCUyRmVuJTJGd3AtY29udGVudCUyRnVwbG9hZHMlMkYyMDIyJTJGMDQlMkZoZW1vcm9pZC1jbm4taW5naWxpemNlLmpwZyUyMiUyMGFsdCUzRCUyMmltYWdlJTIyJTNFJTBBJTIwJTIwJTIwJTIwJTNDZGl2JTIwY2xhc3MlM0QlMjJ2aWRlby1ib3hfX2ljb24lMjIlM0UlM0NkaXYlMjBjbGFzcyUzRCUyMnZpZGVvLWJveF9faWNvbi0tcGxheSUyMiUzRSUzQ3N2ZyUyMHZpZXdCb3glM0QlMjIwJTIwMCUyMDI0JTIwMjQlMjIlMjB3aWR0aCUzRCUyMjI0JTIyJTIwaGVpZ2h0JTNEJTIyMjQlMjIlM0UlM0NwYXRoJTIwZmlsbCUzRCUyMm5vbmUlMjIlMjBkJTNEJTIyTTAlMjAwaDI0djI0SDB6JTIyJTJGJTNFJTNDcGF0aCUyMGQlM0QlMjJNMTkuMzc2JTIwMTIuNDE2TDguNzc3JTIwMTkuNDgyQS41LjUlMjAwJTIwMCUyMDElMjA4JTIwMTkuMDY2VjQuOTM0YS41LjUlMjAwJTIwMCUyMDElMjAuNzc3LS40MTZsMTAuNTk5JTIwNy4wNjZhLjUuNSUyMDAlMjAwJTIwMSUyMDAlMjAuODMyeiUyMiUyRiUzRSUzQyUyRnN2ZyUzRSUzQyUyRmRpdiUzRSUzQyUyRmRpdiUzRSUwQSUzQyUyRmElM0U=[\/vc_raw_html][\/vc_column][vc_column width=&#8221;1\/2&#8243; el_class=&#8221;padding-left-30&#8243;][vc_empty_space][vc_raw_html]JTNDYSUyMGRhdGEtZmFuY3lib3glM0QlMjJnYWxsZXJ5JTIyJTIwaHJlZiUzRCUyMmh0dHBzJTNBJTJGJTJGd3d3LnlvdXR1YmUuY29tJTJGd2F0Y2glM0Z2JTNEWUJqVlNmaVJXUzglMjIlMjBjbGFzcyUzRCUyMnZpZGVvLWJveCUyMiUzRSUwQSUyMCUyMCUyMCUyMCUzQ2ltZyUyMHNyYyUzRCUyMmh0dHBzJTNBJTJGJTJGYXZydXBhY2VycmFoaS5uZXQlMkZlbiUyRndwLWNvbnRlbnQlMkZ1cGxvYWRzJTJGMjAyMiUyRjEyJTJGcmVrdGFsa2FuYW1hLWthcGFrLWVuZy5qcGclMjIlMjBhbHQlM0QlMjJpbWFnZSUyMiUzRSUwQSUyMCUyMCUyMCUyMCUzQ2RpdiUyMGNsYXNzJTNEJTIydmlkZW8tYm94X19pY29uJTIyJTNFJTNDZGl2JTIwY2xhc3MlM0QlMjJ2aWRlby1ib3hfX2ljb24tLXBsYXklMjIlM0UlM0NzdmclMjB2aWV3Qm94JTNEJTIyMCUyMDAlMjAyNCUyMDI0JTIyJTIwd2lkdGglM0QlMjIyNCUyMiUyMGhlaWdodCUzRCUyMjI0JTIyJTNFJTNDcGF0aCUyMGZpbGwlM0QlMjJub25lJTIyJTIwZCUzRCUyMk0wJTIwMGgyNHYyNEgweiUyMiUyRiUzRSUzQ3BhdGglMjBkJTNEJTIyTTE5LjM3NiUyMDEyLjQxNkw4Ljc3NyUyMDE5LjQ4MkEuNS41JTIwMCUyMDAlMjAxJTIwOCUyMDE5LjA2NlY0LjkzNGEuNS41JTIwMCUyMDAlMjAxJTIwLjc3Ny0uNDE2bDEwLjU5OSUyMDcuMDY2YS41LjUlMjAwJTIwMCUyMDElMjAwJTIwLjgzMnolMjIlMkYlM0UlM0MlMkZzdmclM0UlM0MlMkZkaXYlM0UlM0MlMkZkaXYlM0UlMEElM0MlMkZhJTNF[\/vc_raw_html][\/vc_column][\/vc_row][vc_row][vc_column css=&#8221;.vc_custom_1536849658368{background-position: center !important;background-repeat: no-repeat !important;background-size: cover !important;}&#8221; el_class=&#8221;padding-bottom-128 column-limited&#8221;][vc_empty_space height=&#8221;15&#8243;][vc_empty_space height=&#8221;15&#8243;][vc_separator][vc_empty_space height=&#8221;15&#8243;][vc_empty_space height=&#8221;15&#8243;]<h2 class=\"box-header\">Ce este s\u00e2ngerarea rectal\u0103<\/h2>[vc_column_text]S\u00e2ngerarea din anus se nume\u0219te s\u00e2ngerare rectal\u0103 \u00een limbaj medical. S\u00e2ngerarea podologic\u0103 (s\u00e2ngerare rectal\u0103) se poate dezvolta din cauza unor boli ale anusului \u0219i din \u00eemprejurimile acestuia, adic\u0103 boli ale regiunii perianale sau boli care provin din tractul gastrointestinal inferior. S\u00e2ngerarea din anus este o boal\u0103 care provoac\u0103 modific\u0103ri \u00een alimenta\u021bia \u0219i obiceiurile de toalet\u0103 \u0219i scade calitatea vie\u021bii pacientului.<\/p>\n<p>S\u00e2ngerarea din rect poate fi un semn al multor boli. S\u00e2ngerarea de la hemoroizii sau fisurii poate fi v\u0103zut\u0103 ca un parcurs al unor probleme grave de s\u0103n\u0103tate, cum ar fi cancerul rectal. Severitatea s\u00e2nger\u0103rii variaz\u0103 \u00een func\u021bie de condi\u021biile care provoac\u0103 s\u00e2ngerarea.<\/p>\n<p>S\u00e2ngerarea poate fi de obicei abundent\u0103 \u00een vasul de toalet\u0103 \u00een timpul defec\u0103rii sau poate fi observat\u0103 sub form\u0103 de pete pe \u0219erve\u021bel sau lenjerie. S\u00e2ngerarea poate fi at\u00e2t dureroas\u0103, c\u00e2t \u0219i nedureroas\u0103.<\/p>\n<p>La pacien\u021bii cu s\u00e2ngerare rectal\u0103, este necesar\u0103 examinarea regiunii anale pentru a dezv\u0103lui cauza. Cu toate acestea, pacien\u021bii ezit\u0103 \u00een general s\u0103 consulte un medic pentru c\u0103 le este ru\u0219ine de examinarea \u00een bolile din aceast\u0103 regiune. Odat\u0103 cu \u00eent\u00e2rzierea tratamentului, boala poate deveni grav\u0103. Cauza s\u00e2nger\u0103rii trebuie determinat\u0103 corect \u0219i trebuie consulta\u021bi medici speciali\u0219ti \u00een proctologie pentru diagnosticarea precoce. \u00cen caz contrar, boala poate progresa \u0219i poate provoca mai multe bolii<br \/>\n[\/vc_column_text][\/vc_column][\/vc_row][vc_row][vc_column]<h2 class=\"box-header\">De ce vine s\u00eengele din rect?<\/h2>[vc_column_text]S\u00e2ngerare rectal\u0103, care este frecvent\u0103 \u00een societate, poate fi cel mai important simptom al bolilor rectale. Prin urmare, atunci c\u00e2nd pacien\u021bii \u00eent\u00e2mpin\u0103 simptome de s\u00e2ngerare rectal\u0103, ei ar trebui s\u0103 investigheze cu siguran\u021b\u0103 cauza s\u00e2nger\u0103rii. S\u00e2ngerare rectal\u0103 poate fi v\u0103zut\u0103 \u00een principal ca simptome ale unor boli cum ar fi hemoroizii (hemoroizii), <a href=\"https:\/\/avrupacerrahi.net\/ro\/ce-este-benefic-pentru-fisurile-anale\/\">fisurile anale<\/a> (fisura anale), sindromul intestinului iritabil (sindromul intestinului iritabil), colita ulcerativ\u0103 \u0219i bolile intestinale, cum ar fi boala Crohn, polipii intestinului gros sau pot dezvolta din cauza la cancerele de colon \u0219i rect.<br \/>\n[\/vc_column_text][vc_empty_space height=&#8221;15&#8243;]<h2 class=\"box-header\">Care sunt simptomele s\u00e2nger\u0103rii din anus?<\/h2>[vc_column_text]S\u00e2ngerare la nivelul rectului este unul dintre cele mai importante simptome \u00een bolile anusului \u0219i intestinale \u0219i trebuie luat\u0103 \u00een considerare. S\u00e2ngerare anusului reprezint\u0103 20% p\u00e2n\u0103 la 30% din S\u00e2ngerare gastrointestinal\u0103. Principalele cauze ale s\u00eenger\u0103rii rectale sunt:<\/p>\n<p>S\u00e2ngerare din rect poate fi sub form\u0103 de scurgere sau picurare sau s\u00eengerare puternic\u0103 activ\u0103. \u00cen unele cazuri, sunt doar s\u00e2nger\u0103ri u\u0219oare pe h\u00eertie igienic\u0103.<\/p>\n<p>S\u00e2ngerare din rect este mai frecvent\u0103 la femei. Deoarece tulbur\u0103rile de diverticulit\u0103 \u0219i angiodisplazia (anormal structurii vasculare) sunt mai frecvente la femei. Aceste afec\u021biuni declan\u0219eaz\u0103 s\u00e2ngerare rectal\u0103.<\/p>\n<p>Hemoragile anusului care provin din partea st\u00e2ng\u0103 a intestinului gros, aproape de anus, apar ro\u0219u aprins \u0219i de culoare deschis\u0103.<\/p>\n<p>S\u00e2ngerarea care provine din partea dreapt\u0103 a intestinului gros este de obicei de culoare ro\u0219iatic\u0103-neagr\u0103 \u0219i poate fi sub form\u0103 de s\u00e2ngerare amestecat\u0103 cu scaun, Uneori s\u00e2ngerare f\u0103r\u0103 simtome . Poate fi \u0219i simtomatic cu lipsa de s\u00e2nge<br \/>\nS\u00e2ngerare din stomac \u0219i dodeodenum se nume\u0219te melena .S\u00e2ngerare melena este s\u00e2ngerare neagr\u0103. Deoarece s\u00e2ngele este digerat \u00een s\u00e2ngerare melenei, culoarea s\u00eenger\u0103rii este v\u0103zut\u0103 \u00een negru.<\/p>\n<p>S\u00e2ngerarea rectal\u0103 neglijat\u0103 poate provoca anemie la pacient. Poate provoca simptome precum sl\u0103biciune, dificult\u0103\u021bi de respira\u021bie, epuizare, depresie.<br \/>\n[\/vc_column_text][\/vc_column][\/vc_row][vc_row][vc_column]<h2 class=\"box-header\">Cum se trateaz\u0103 s\u00e2ngerare rectal\u0103?<\/h2>[vc_column_text]S\u00e2ngerarea rectal\u0103 se num\u0103r\u0103 printre simptomele multor boli rectale. Dac\u0103 aceste s\u00e2nger\u0103ri sunt s\u00e2nger\u0103ri acute, exist\u0103 posibilitatea ca acestea s\u0103 se opreasc\u0103 spontan. La pacientul care s\u00e2ngereaz\u0103, \u00een primul r\u00e2nd, pl\u00e2ngerile pacientului: durata s\u00e2nger\u0103rii, culoarea, obiceiurile de defecare, constat\u0103rile care \u00eenso\u021besc s\u00e2ngerare sunt puse la \u00eendoial\u0103 cu o anamnez\u0103 atent\u0103 \u0219i se pune un diagnostic preliminar despre posibilele cauze ale s\u00e2nger\u0103rii. La examenul fizic, constat\u0103ri precum hemoroizii s\u00e2nger\u00e2nd, fisuri \u0219i polipi anali pot fi detectate direct, iar examin\u0103rile endoscopice pot fi necesare pentru cauzele hemoragice care nu pot fi observate la examenul fizic.<\/p>\n<p>Cu ajutorul rectosigmoidoscopiei, se examineaz\u0103 membrana mucoas\u0103 care acoper\u0103 interiorul rectului (lungime de 30-40 cm care leag\u0103 intestinul gros de anus). \u00cen unele cazuri, se poate efectua \u0219i o colonoscopie, adic\u0103 o examinare a \u00eentregului intestin gros. Pacientul este examinat de medicul proctologie \u0219i se decide ce metod\u0103 de endoscopie va fi folosit\u0103. Endoscopia ajut\u0103 nu numai la diagnosticarea bolii, ci \u0219i la g\u0103sirea sursei s\u00e2nger\u0103rii \u0219i la oprirea acesteia. Dup\u0103 ce este determinat\u0103 cauza s\u00e2nger\u0103rii, este selectat\u0103 cea mai potrivit\u0103 metod\u0103 de tratament pentru pacient.<\/p>\n<p>Exist\u0103 at\u00e2t metode non-chirurgicale, c\u00e2t \u0219i cele chirurgicale pentru tratamentul s\u00e2nger\u0103rilor cauzate de <a href=\"https:\/\/avrupacerrahi.net\/ro\/care-sunt-metodele-de-preventie-a-hemoroizilor\/\">hemoroizi<\/a> (hemoroizi), fisuri anale \u0219i polipi.<\/p>\n<p>\u00cen chirurgia european\u0103, pacien\u021bii cu s\u00e2ngerare rectal\u0103 dup\u0103 o examinare fizic\u0103 atent\u0103 \u0219i dup\u0103 efectuarea diagnosticelor pentru etiologia s\u00e2nger\u0103rii, dac\u0103 cauza s\u00e2nger\u0103rii este boli benigne (benigne) ale regiunii anale, hemoroizi, fisuri anale, polipi etc. Dac\u0103 este depistat\u0103, examinarea \u0219i tratamentul pot fi efectuate \u00een aceea\u0219i zi. Tratamentul cu metode laser non-chirurgicale dureaz\u0103 foarte pu\u021bin. Cu anestezie regional\u0103, pute\u021bi fi tratat \u00een timpul zilei \u0219i pute\u021bi reveni la via\u021ba social\u0103 \u0219i de munc\u0103.<br \/>\n[\/vc_column_text][\/vc_column][\/vc_row][vc_row][vc_column][vc_separator][vc_empty_space height=&#8221;15&#8243;]<h2 class=\"box-header align-left\">Videoclipuri recomandate pentru s\u00e2ngerare rectal\u0103<\/h2>[vc_empty_space height=&#8221;15&#8243;][vc_row_inner top_margin=&#8221;page-margin-top-section&#8221; el_class=&#8221;flex-box&#8221;][vc_column_inner width=&#8221;1\/3&#8243;][vc_raw_html]JTNDYSUyMGRhdGEtZmFuY3lib3glM0QlMjJnYWxsZXJ5JTIyJTIwaHJlZiUzRCUyMmh0dHBzJTNBJTJGJTJGd3d3LnlvdXR1YmUuY29tJTJGd2F0Y2glM0Z2JTNEZkdvb3ZPVjVYY2clMjIlMjBjbGFzcyUzRCUyMnZpZGVvLWJveCUyMiUzRSUwQSUyMCUyMCUyMCUyMCUzQ2ltZyUyMHNyYyUzRCUyMmh0dHBzJTNBJTJGJTJGYXZydXBhY2VycmFoaS5jb20udHIlMkZ3cC1jb250ZW50JTJGdXBsb2FkcyUyRjIwMjElMkYwMiUyRmFuYWwtZmlzc3VyLWF5YWt0YW4tdGVkYXZpLmpwZyUyMiUyMGFsdCUzRCUyMmltYWdlJTIyJTNFJTBBJTIwJTIwJTIwJTIwJTNDZGl2JTIwY2xhc3MlM0QlMjJ2aWRlby1ib3hfX2ljb24lMjIlM0UlM0NkaXYlMjBjbGFzcyUzRCUyMnZpZGVvLWJveF9faWNvbi0tcGxheSUyMiUzRSUzQ3N2ZyUyMHZpZXdCb3glM0QlMjIwJTIwMCUyMDI0JTIwMjQlMjIlMjB3aWR0aCUzRCUyMjI0JTIyJTIwaGVpZ2h0JTNEJTIyMjQlMjIlM0UlM0NwYXRoJTIwZmlsbCUzRCUyMm5vbmUlMjIlMjBkJTNEJTIyTTAlMjAwaDI0djI0SDB6JTIyJTJGJTNFJTNDcGF0aCUyMGQlM0QlMjJNMTkuMzc2JTIwMTIuNDE2TDguNzc3JTIwMTkuNDgyQS41LjUlMjAwJTIwMCUyMDElMjA4JTIwMTkuMDY2VjQuOTM0YS41LjUlMjAwJTIwMCUyMDElMjAuNzc3LS40MTZsMTAuNTk5JTIwNy4wNjZhLjUuNSUyMDAlMjAwJTIwMSUyMDAlMjAuODMyeiUyMiUyRiUzRSUzQyUyRnN2ZyUzRSUzQyUyRmRpdiUzRSUzQyUyRmRpdiUzRSUwQSUzQyUyRmElM0U=[\/vc_raw_html][\/vc_column_inner][vc_column_inner width=&#8221;1\/3&#8243;][vc_raw_html]JTNDYSUyMGRhdGEtZmFuY3lib3glM0QlMjJnYWxsZXJ5JTIyJTIwaHJlZiUzRCUyMmh0dHBzJTNBJTJGJTJGd3d3LnlvdXR1YmUuY29tJTJGd2F0Y2glM0Z2JTNEY2FxdlRjbmxWR1ElMjIlMjBjbGFzcyUzRCUyMnZpZGVvLWJveCUyMiUzRSUwQSUyMCUyMCUyMCUyMCUzQ2ltZyUyMHNyYyUzRCUyMmh0dHBzJTNBJTJGJTJGYXZydXBhY2VycmFoaS5jb20udHIlMkZ3cC1jb250ZW50JTJGdXBsb2FkcyUyRjIwMjElMkYwMiUyRmFuYWwtZmlzdHVsLWlsZS1hbmFsLWZpc3N1ci5qcGclMjIlMjBhbHQlM0QlMjJpbWFnZSUyMiUzRSUwQSUyMCUyMCUyMCUyMCUzQ2RpdiUyMGNsYXNzJTNEJTIydmlkZW8tYm94X19pY29uJTIyJTNFJTNDZGl2JTIwY2xhc3MlM0QlMjJ2aWRlby1ib3hfX2ljb24tLXBsYXklMjIlM0UlM0NzdmclMjB2aWV3Qm94JTNEJTIyMCUyMDAlMjAyNCUyMDI0JTIyJTIwd2lkdGglM0QlMjIyNCUyMiUyMGhlaWdodCUzRCUyMjI0JTIyJTNFJTNDcGF0aCUyMGZpbGwlM0QlMjJub25lJTIyJTIwZCUzRCUyMk0wJTIwMGgyNHYyNEgweiUyMiUyRiUzRSUzQ3BhdGglMjBkJTNEJTIyTTE5LjM3NiUyMDEyLjQxNkw4Ljc3NyUyMDE5LjQ4MkEuNS41JTIwMCUyMDAlMjAxJTIwOCUyMDE5LjA2NlY0LjkzNGEuNS41JTIwMCUyMDAlMjAxJTIwLjc3Ny0uNDE2bDEwLjU5OSUyMDcuMDY2YS41LjUlMjAwJTIwMCUyMDElMjAwJTIwLjgzMnolMjIlMkYlM0UlM0MlMkZzdmclM0UlM0MlMkZkaXYlM0UlM0MlMkZkaXYlM0UlMEElM0MlMkZhJTNF[\/vc_raw_html][\/vc_column_inner][vc_column_inner width=&#8221;1\/3&#8243;][vc_raw_html]JTNDYSUyMGRhdGEtZmFuY3lib3glM0QlMjJnYWxsZXJ5JTIyJTIwaHJlZiUzRCUyMmh0dHBzJTNBJTJGJTJGd3d3LnlvdXR1YmUuY29tJTJGd2F0Y2glM0Z2JTNEdC13M3BuZkVFWG8lMjIlMjBjbGFzcyUzRCUyMnZpZGVvLWJveCUyMiUzRSUwQSUyMCUyMCUyMCUyMCUzQ2ltZyUyMHNyYyUzRCUyMmh0dHBzJTNBJTJGJTJGYXZydXBhY2VycmFoaS5jb20udHIlMkZ3cC1jb250ZW50JTJGdXBsb2FkcyUyRjIwMjElMkYwMiUyRmZpc3N1ci1tYWtldC1jYXRsYWdpLmpwZyUyMiUyMGFsdCUzRCUyMmltYWdlJTIyJTNFJTBBJTIwJTIwJTIwJTIwJTNDZGl2JTIwY2xhc3MlM0QlMjJ2aWRlby1ib3hfX2ljb24lMjIlM0UlM0NkaXYlMjBjbGFzcyUzRCUyMnZpZGVvLWJveF9faWNvbi0tcGxheSUyMiUzRSUzQ3N2ZyUyMHZpZXdCb3glM0QlMjIwJTIwMCUyMDI0JTIwMjQlMjIlMjB3aWR0aCUzRCUyMjI0JTIyJTIwaGVpZ2h0JTNEJTIyMjQlMjIlM0UlM0NwYXRoJTIwZmlsbCUzRCUyMm5vbmUlMjIlMjBkJTNEJTIyTTAlMjAwaDI0djI0SDB6JTIyJTJGJTNFJTNDcGF0aCUyMGQlM0QlMjJNMTkuMzc2JTIwMTIuNDE2TDguNzc3JTIwMTkuNDgyQS41LjUlMjAwJTIwMCUyMDElMjA4JTIwMTkuMDY2VjQuOTM0YS41LjUlMjAwJTIwMCUyMDElMjAuNzc3LS40MTZsMTAuNTk5JTIwNy4wNjZhLjUuNSUyMDAlMjAwJTIwMSUyMDAlMjAuODMyeiUyMiUyRiUzRSUzQyUyRnN2ZyUzRSUzQyUyRmRpdiUzRSUzQyUyRmRpdiUzRSUwQSUzQyUyRmElM0U=[\/vc_raw_html][\/vc_column_inner][\/vc_row_inner][vc_empty_space height=&#8221;15&#8243;][vc_separator][vc_empty_space height=&#8221;15&#8243;][\/vc_column][\/vc_row][vc_row][vc_column][vc_empty_space height=&#8221;15&#8243;][vc_separator][vc_empty_space height=&#8221;15&#8243;]<h2 class=\"box-header\">Avantajele Tratamentului non-chirurgical\u0103 s\u00e2ngerare rectal\u0103<\/h2>[vc_column_text]Tratamentul Non-Chirurgical pentru s\u00e2ngerare rectal\u0103 dureaz\u0103 5-8 minute.<br \/>\nSe efectueaz\u0103 rapid \u0219i f\u0103r\u0103 a fi nevoie de spitalizare, la fel ca si cu o plomba dentar\u0103.<\/p>\n<p>Nu exist\u0103 aplica\u021bie pentru narcoz\u0103. Anestezia regional\u0103 se efectueaz\u0103 cu anestezie local\u0103.<\/p>\n<p>Persoana nu trebuie s\u0103 fac\u0103 nici o preg\u0103tire preliminar\u0103.<\/p>\n<p>Nu este necesar\u0103 nici o examinare sau analiz\u0103 suplimentar\u0103. Pacientul este con\u0219tient \u00een timpul procedurii.<\/p>\n<p>Cantitatea de durere resim\u021bit\u0103 \u00een timpul \u0219i dup\u0103 procedur\u0103 este foarte mic\u0103.<br \/>\nDeoarece aplica\u021biile chirurgicale, cum ar fi t\u0103ietura sau cus\u0103turile nu sunt implicate, afectarea \u021besuturilor nu este experimentat\u0103 \u00een zona anal\u0103.<\/p>\n<p>\u00cen timp ce un tampon este plasat \u00een anus \u00een opera\u021biile chirurgicale clasice, aceast\u0103 aplica\u021bie nu se g\u0103se\u0219te \u00een tratamentul non-chirurgical.<\/p>\n<p>Imediat dup\u0103 tratament, persoana poate reveni la via\u021ba de zi cu zi.<\/p>\n<p>Persoanele cu boli sistemice \u0219i cronice pot beneficia de tratament cu laser f\u0103r\u0103 interven\u021bie chirurgical\u0103. Pacien\u021bii cu tensiune arterial\u0103, diabet \u0219i boli de inim\u0103 pot continua s\u0103-\u0219i foloseasc\u0103 medicamentele obi\u0219nuite.<\/p>\n<p>Complica\u021biile precum incontinen\u021ba de gaze \u0219i incontinen\u021ba de defecare observate dup\u0103 interven\u021bie chirurgical\u0103 nu sunt experimentate \u00een metodele de tratament non-chirurgical pe care le aplic\u0103m la centru nostru<\/p>\n<p>Pacien\u021bii pot fi examina\u021bi \u0219i trata\u021bi \u00een aceea\u0219i zi. Dup\u0103 tratamentul non-chirurgical al s\u00e2nger\u0103rii rectale, persoana poate reveni la via\u021ba social\u0103 \u0219i la munc\u0103<br \/>\n[\/vc_column_text][vc_empty_space height=&#8221;15&#8243;][vc_separator][vc_empty_space height=&#8221;15&#8243;]<h2 class=\"box-header\">De ce ar trebui s\u0103 alegem clinica Avrupa Cerrahi<\/h2>[vc_column_text]Trat\u0103m pacien\u021bii recomanda\u021bi pentru interven\u021bii chirurgicale de s\u00e2ngerare rectal\u0103 cu tehnici non-chirurgicale bazate pe laser, cu cuno\u0219tin\u021bele noastre de 17 ani.<\/p>\n<p>Urm\u0103rim toate informa\u021biile \u0219i evolu\u021biile de ultim\u0103 or\u0103 cu privire la proctologie , sursele interne \u0219i externe \u0219i aplic\u0103m tehnica noastr\u0103 special\u0103 de tratament \u00eentr-un mod deschis c\u0103tre inova\u021bii.<br \/>\n[\/vc_column_text][vc_empty_space height=&#8221;15&#8243;][vc_separator][vc_empty_space height=&#8221;15&#8243;]<h2 class=\"box-header black align-center large\">Contacta\u0163i-ne<\/h2>[vc_empty_space height=&#8221;15&#8243;]\n<div class=\"wpcf7 no-js\" id=\"wpcf7-f5761-o1\" lang=\"en-US\" dir=\"ltr\" data-wpcf7-id=\"5761\">\n<div class=\"screen-reader-response\"><p role=\"status\" aria-live=\"polite\" aria-atomic=\"true\"><\/p> <ul><\/ul><\/div>\n<form action=\"\/ro\/wp-json\/wp\/v2\/pages\/5225#wpcf7-f5761-o1\" method=\"post\" class=\"wpcf7-form init\" aria-label=\"Contact form\" novalidate=\"novalidate\" data-status=\"init\">\n<fieldset class=\"hidden-fields-container\"><input type=\"hidden\" name=\"_wpcf7\" value=\"5761\" \/><input type=\"hidden\" name=\"_wpcf7_version\" value=\"6.1.5\" \/><input type=\"hidden\" name=\"_wpcf7_locale\" value=\"en_US\" \/><input type=\"hidden\" name=\"_wpcf7_unit_tag\" value=\"wpcf7-f5761-o1\" \/><input type=\"hidden\" name=\"_wpcf7_container_post\" value=\"0\" \/><input type=\"hidden\" name=\"_wpcf7_posted_data_hash\" value=\"\" \/><input type=\"hidden\" name=\"_wpcf7_recaptcha_response\" value=\"\" \/>\n<\/fieldset>\n<div class=\"uacf7-form-wrapper-container uacf7-form-5761  \"><label class=\"forms\"><\/label>      \n<div class=\"yeniForm\" style=\"width:100%;\"><span class=\"wpcf7-form-control-wrap\" data-name=\"text-947\"><input size=\"40\" maxlength=\"400\" class=\"wpcf7-form-control wpcf7-text wpcf7-validates-as-required\" aria-required=\"true\" aria-invalid=\"false\" placeholder=\"Nume \u0219i prenume\" value=\"\" type=\"text\" name=\"text-947\" \/><\/span><\/div>\n<label class=\"forms\"><\/label>\n<div class=\"yeniForm form-size\" style=\"width:100%;\"><span class=\"wpcf7-form-control-wrap\" data-name=\"phonetext-104\"><input size=\"40\" class=\"wpcf7-form-control wpcf7-phonetext wpcf7-validates-as-required wpcf7-text wpcf7-validates-as-phonetext\" aria-required=\"true\" aria-invalid=\"false\" value=\"40\" type=\"text\" name=\"phonetext-104\" \/><input type=\"hidden\" name=\"phonetext-104-country-code\" class=\"wpcf7-phonetext-country-code\" \/><\/span><\/div>\n\n<label class=\"forms\"><\/label>\n<div class=\"yeniForm text-form\" style=\"width:100%; \"><span class=\"wpcf7-form-control-wrap\" data-name=\"text-751\"><input size=\"40\" maxlength=\"400\" class=\"wpcf7-form-control wpcf7-text\" aria-invalid=\"false\" placeholder=\"Mesajul\" value=\"\" type=\"text\" name=\"text-751\" \/><\/span><\/div>\n\n\n<div class=\"yeniFormBtn\" style=\"width:100%;\"><input class=\"wpcf7-form-control wpcf7-submit has-spinner\" type=\"submit\" value=\"Trimite\u021bi\" \/><\/div>\n\n<style>\n\/* Label *\/\n.forms{\n  display: block;\n  margin-bottom: 6px;\n}\n\n\/* Form bloklar\u0131 *\/\n.yeniForm{\n  width: 100%;\n  margin-bottom: 14px;\n  box-sizing: border-box;\n}\n\n\/* T\u00fcm inputlar *\/\n.yeniForm input{\n  width: 100% !important;\n  background: #f0f0f0;\n  border: none;\n  padding: 12px;\n  box-sizing: border-box;\n}\n\n\/* Telefon alan\u0131 \u2013 \u00f6zel override *\/\n.form-size input{\n  padding-left: 18px;\n  width: 100% !important;\n  font-weight: bold;\n}\n\n\/* Mesaj alan\u0131 *\/\n.text-form input{\n  height: 120px;\n}\n\n\/* Flag alan\u0131 *\/\n.flag-container,\n.selected-flag{\n  background: #d1d1d1;\n  width: 57px;\n}\n\n\/* Submit *\/\n.yeniFormBtn{\n  width: 100%;\n}\n\n.yeniFormBtn input{\n  width: 100% !important;\n  background: #3b72ae;\n  margin-top: 15px;\n  color: #fff;\n  border: none;\n  padding: 14px;\n  cursor: pointer;\n}\n\n\/* CF7 phone input *\/\ninput.wpcf7-form-control.wpcf7-text.wpcf7-phonetext{\n  width: 100% !important;\n  font-weight: bold;\n}\n<\/style><\/div><input type='hidden' class='wpcf7-pum' value='{\"closepopup\":false,\"closedelay\":0,\"openpopup\":false,\"openpopup_id\":0}' \/><div class=\"wpcf7-response-output\" aria-hidden=\"true\"><\/div>\n<\/form>\n<\/div>\n[vc_empty_space height=&#8221;15&#8243;][vc_separator][vc_empty_space height=&#8221;15&#8243;]<h2 class=\"box-header black align-center large\">Partenerii no\u0219tri<\/h2>[vc_empty_space height=&#8221;15&#8243;][vc_images_carousel images=&#8221;5153,5157,5158,5203&#8243; img_size=&#8221;full&#8221; speed=&#8221;3000&#8243; slides_per_view=&#8221;4&#8243; hide_pagination_control=&#8221;yes&#8221; hide_prev_next_buttons=&#8221;yes&#8221; wrap=&#8221;yes&#8221;][\/vc_column][\/vc_row]<\/p>\n","protected":false},"excerpt":{"rendered":"<p>[vc_row][vc_column width=&#8221;1\/2&#8243;][vc_empty_space][vc_raw_html]JTNDYSUyMGRhdGEtZmFuY3lib3glM0QlMjJnYWxsZXJ5JTIyJTIwaHJlZiUzRCUyMmh0dHBzJTNBJTJGJTJGd3d3LnlvdXR1YmUuY29tJTJGZW1iZWQlMkZfaW5adHRMV0NoNCUzRnNpJTNELVN3T3ZLUUxQbHdTUEV2cSUyMiUyMGNsYXNzJTNEJTIydmlkZW8tYm94JTIyJTNFJTBBJTIwJTIwJTIwJTIwJTNDaW1nJTIwc3JjJTNEJTIyaHR0cHMlM0ElMkYlMkZhdnJ1cGFjZXJyYWhpLm5ldCUyRmVuJTJGd3AtY29udGVudCUyRnVwbG9hZHMlMkYyMDIyJTJGMDQlMkZoZW1vcm9pZC1jbm4taW5naWxpemNlLmpwZyUyMiUyMGFsdCUzRCUyMmltYWdlJTIyJTNFJTBBJTIwJTIwJTIwJTIwJTNDZGl2JTIwY2xhc3MlM0QlMjJ2aWRlby1ib3hfX2ljb24lMjIlM0UlM0NkaXYlMjBjbGFzcyUzRCUyMnZpZGVvLWJveF9faWNvbi0tcGxheSUyMiUzRSUzQ3N2ZyUyMHZpZXdCb3glM0QlMjIwJTIwMCUyMDI0JTIwMjQlMjIlMjB3aWR0aCUzRCUyMjI0JTIyJTIwaGVpZ2h0JTNEJTIyMjQlMjIlM0UlM0NwYXRoJTIwZmlsbCUzRCUyMm5vbmUlMjIlMjBkJTNEJTIyTTAlMjAwaDI0djI0SDB6JTIyJTJGJTNFJTNDcGF0aCUyMGQlM0QlMjJNMTkuMzc2JTIwMTIuNDE2TDguNzc3JTIwMTkuNDgyQS41LjUlMjAwJTIwMCUyMDElMjA4JTIwMTkuMDY2VjQuOTM0YS41LjUlMjAwJTIwMCUyMDElMjAuNzc3LS40MTZsMTAuNTk5JTIwNy4wNjZhLjUuNSUyMDAlMjAwJTIwMSUyMDAlMjAuODMyeiUyMiUyRiUzRSUzQyUyRnN2ZyUzRSUzQyUyRmRpdiUzRSUzQyUyRmRpdiUzRSUwQSUzQyUyRmElM0U=[\/vc_raw_html][\/vc_column][vc_column width=&#8221;1\/2&#8243; el_class=&#8221;padding-left-30&#8243;][vc_empty_space][vc_raw_html]JTNDYSUyMGRhdGEtZmFuY3lib3glM0QlMjJnYWxsZXJ5JTIyJTIwaHJlZiUzRCUyMmh0dHBzJTNBJTJGJTJGd3d3LnlvdXR1YmUuY29tJTJGd2F0Y2glM0Z2JTNEWUJqVlNmaVJXUzglMjIlMjBjbGFzcyUzRCUyMnZpZGVvLWJveCUyMiUzRSUwQSUyMCUyMCUyMCUyMCUzQ2ltZyUyMHNyYyUzRCUyMmh0dHBzJTNBJTJGJTJGYXZydXBhY2VycmFoaS5uZXQlMkZlbiUyRndwLWNvbnRlbnQlMkZ1cGxvYWRzJTJGMjAyMiUyRjEyJTJGcmVrdGFsa2FuYW1hLWthcGFrLWVuZy5qcGclMjIlMjBhbHQlM0QlMjJpbWFnZSUyMiUzRSUwQSUyMCUyMCUyMCUyMCUzQ2RpdiUyMGNsYXNzJTNEJTIydmlkZW8tYm94X19pY29uJTIyJTNFJTNDZGl2JTIwY2xhc3MlM0QlMjJ2aWRlby1ib3hfX2ljb24tLXBsYXklMjIlM0UlM0NzdmclMjB2aWV3Qm94JTNEJTIyMCUyMDAlMjAyNCUyMDI0JTIyJTIwd2lkdGglM0QlMjIyNCUyMiUyMGhlaWdodCUzRCUyMjI0JTIyJTNFJTNDcGF0aCUyMGZpbGwlM0QlMjJub25lJTIyJTIwZCUzRCUyMk0wJTIwMGgyNHYyNEgweiUyMiUyRiUzRSUzQ3BhdGglMjBkJTNEJTIyTTE5LjM3NiUyMDEyLjQxNkw4Ljc3NyUyMDE5LjQ4MkEuNS41JTIwMCUyMDAlMjAxJTIwOCUyMDE5LjA2NlY0LjkzNGEuNS41JTIwMCUyMDAlMjAxJTIwLjc3Ny0uNDE2bDEwLjU5OSUyMDcuMDY2YS41LjUlMjAwJTIwMCUyMDElMjAwJTIwLjgzMnolMjIlMkYlM0UlM0MlMkZzdmclM0UlM0MlMkZkaXYlM0UlM0MlMkZkaXYlM0UlMEElM0MlMkZhJTNF[\/vc_raw_html][\/vc_column][\/vc_row][vc_row][vc_column css=&#8221;.vc_custom_1536849658368{background-position: center !important;background-repeat: no-repeat !important;background-size: cover !important;}&#8221; el_class=&#8221;padding-bottom-128 column-limited&#8221;][vc_empty_space height=&#8221;15&#8243;][vc_empty_space height=&#8221;15&#8243;][vc_separator][vc_empty_space height=&#8221;15&#8243;][vc_empty_space height=&#8221;15&#8243;][vc_column_text]S\u00e2ngerarea din anus se nume\u0219te s\u00e2ngerare rectal\u0103 \u00een limbaj medical. S\u00e2ngerarea podologic\u0103 (s\u00e2ngerare rectal\u0103) se poate dezvolta din cauza unor boli ale anusului \u0219i din \u00eemprejurimile acestuia, adic\u0103 boli ale regiunii perianale sau boli care provin din tractul gastrointestinal<\/p>\n","protected":false},"author":1,"featured_media":0,"parent":0,"menu_order":0,"comment_status":"closed","ping_status":"closed","template":"","meta":{"_metasync_otto_title":"","_metasync_otto_description":"","_metasync_otto_keywords":"","_metasync_otto_og_title":"","_metasync_otto_og_description":"","_metasync_otto_twitter_title":"","_metasync_otto_twitter_description":"","rank_math_title":"","rank_math_description":"","_yoast_wpseo_title":"","_yoast_wpseo_metadesc":"","_aioseo_title":"#post_title","_aioseo_description":"S\u00eengerarea podologic\u0103 se poate dezvolta din cauza unor boli ale anusului \u0219i din \u00eemprejurimile acestuia, adic\u0103 boli ale regiunii perianale sau boli..","_metasync_seo_title":"","_metasync_seo_desc":"","_metasync_otto_disabled":"","footnotes":""},"class_list":["post-5225","page","type-page","status-publish","hentry"],"aioseo_notices":[],"_links":{"self":[{"href":"https:\/\/avrupacerrahi.net\/ro\/wp-json\/wp\/v2\/pages\/5225","targetHints":{"allow":["GET"]}}],"collection":[{"href":"https:\/\/avrupacerrahi.net\/ro\/wp-json\/wp\/v2\/pages"}],"about":[{"href":"https:\/\/avrupacerrahi.net\/ro\/wp-json\/wp\/v2\/types\/page"}],"author":[{"embeddable":true,"href":"https:\/\/avrupacerrahi.net\/ro\/wp-json\/wp\/v2\/users\/1"}],"replies":[{"embeddable":true,"href":"https:\/\/avrupacerrahi.net\/ro\/wp-json\/wp\/v2\/comments?post=5225"}],"version-history":[{"count":3,"href":"https:\/\/avrupacerrahi.net\/ro\/wp-json\/wp\/v2\/pages\/5225\/revisions"}],"predecessor-version":[{"id":6572,"href":"https:\/\/avrupacerrahi.net\/ro\/wp-json\/wp\/v2\/pages\/5225\/revisions\/6572"}],"wp:attachment":[{"href":"https:\/\/avrupacerrahi.net\/ro\/wp-json\/wp\/v2\/media?parent=5225"}],"curies":[{"name":"wp","href":"https:\/\/api.w.org\/{rel}","templated":true}]}}