{"id":5261,"date":"2022-05-06T17:09:43","date_gmt":"2022-05-06T14:09:43","guid":{"rendered":"https:\/\/avrupacerrahi.com.tr\/en\/?page_id=5261"},"modified":"2024-09-20T13:56:57","modified_gmt":"2024-09-20T10:56:57","slug":"tratamentul-non-chirurgical-al-abcesului-perianal","status":"publish","type":"page","link":"https:\/\/avrupacerrahi.net\/ro\/tratamentul-non-chirurgical-al-abcesului-perianal\/","title":{"rendered":"Tratamentul non-chirurgical al abcesului perianal"},"content":{"rendered":"<p>[vc_row][vc_column width=&#8221;1\/2&#8243;][vc_empty_space][vc_raw_html]JTNDYSUyMGRhdGEtZmFuY3lib3glM0QlMjJnYWxsZXJ5JTIyJTIwaHJlZiUzRCUyMmh0dHBzJTNBJTJGJTJGd3d3LnlvdXR1YmUuY29tJTJGZW1iZWQlMkZGLTg1eFJ6RHU0NCUzRnNpJTNEMzRJdkJVclJmNGdNcjNPUiUyMiUyMHRpdGxlJTNEJTIyJTIwY2xhc3MlM0QlMjJ2aWRlby1ib3glMjIlM0UlMEElMjAlMjAlMjAlMjAlM0NpbWclMjBzcmMlM0QlMjJodHRwcyUzQSUyRiUyRmF2cnVwYWNlcnJhaGkubmV0JTJGcm8lMkZ3cC1jb250ZW50JTJGdXBsb2FkcyUyRjIwMjQlMkYwNCUyRmZpc3R1bC1uZWRpci5qcGclMjIlMjBhbHQlM0QlMjJpbWFnZSUyMiUzRSUwQSUyMCUyMCUyMCUyMCUzQ2RpdiUyMGNsYXNzJTNEJTIydmlkZW8tYm94X19pY29uJTIyJTNFJTNDZGl2JTIwY2xhc3MlM0QlMjJ2aWRlby1ib3hfX2ljb24tLXBsYXklMjIlM0UlM0NzdmclMjB2aWV3Qm94JTNEJTIyMCUyMDAlMjAyNCUyMDI0JTIyJTIwd2lkdGglM0QlMjIyNCUyMiUyMGhlaWdodCUzRCUyMjI0JTIyJTNFJTNDcGF0aCUyMGZpbGwlM0QlMjJub25lJTIyJTIwZCUzRCUyMk0wJTIwMGgyNHYyNEgweiUyMiUyRiUzRSUzQ3BhdGglMjBkJTNEJTIyTTE5LjM3NiUyMDEyLjQxNkw4Ljc3NyUyMDE5LjQ4MkEuNS41JTIwMCUyMDAlMjAxJTIwOCUyMDE5LjA2NlY0LjkzNGEuNS41JTIwMCUyMDAlMjAxJTIwLjc3Ny0uNDE2bDEwLjU5OSUyMDcuMDY2YS41LjUlMjAwJTIwMCUyMDElMjAwJTIwLjgzMnolMjIlMkYlM0UlM0MlMkZzdmclM0UlM0MlMkZkaXYlM0UlM0MlMkZkaXYlM0UlMEElM0MlMkZhJTNF[\/vc_raw_html][\/vc_column][vc_column width=&#8221;1\/2&#8243; el_class=&#8221;padding-left-30&#8243;][vc_empty_space][vc_raw_html]JTNDYSUyMGRhdGEtZmFuY3lib3glM0QlMjJnYWxsZXJ5JTIyJTIwaHJlZiUzRCUyMmh0dHBzJTNBJTJGJTJGd3d3LnlvdXR1YmUuY29tJTJGd2F0Y2glM0Z2JTNEUlBHS2duNW82blElMjIlMjBjbGFzcyUzRCUyMnZpZGVvLWJveCUyMiUzRSUwQSUyMCUyMCUyMCUyMCUzQ2ltZyUyMHNyYyUzRCUyMmh0dHBzJTNBJTJGJTJGYXZydXBhY2VycmFoaS5uZXQlMkZlbiUyRndwLWNvbnRlbnQlMkZ1cGxvYWRzJTJGMjAyMiUyRjEyJTJGbWFrYXRhcHNlc2kta2FwYWstZW5nLmpwZyUyMmltYWdlJTIyJTNFJTBBJTIwJTIwJTIwJTIwJTNDZGl2JTIwY2xhc3MlM0QlMjJ2aWRlby1ib3hfX2ljb24lMjIlM0UlM0NkaXYlMjBjbGFzcyUzRCUyMnZpZGVvLWJveF9faWNvbi0tcGxheSUyMiUzRSUzQ3N2ZyUyMHZpZXdCb3glM0QlMjIwJTIwMCUyMDI0JTIwMjQlMjIlMjB3aWR0aCUzRCUyMjI0JTIyJTIwaGVpZ2h0JTNEJTIyMjQlMjIlM0UlM0NwYXRoJTIwZmlsbCUzRCUyMm5vbmUlMjIlMjBkJTNEJTIyTTAlMjAwaDI0djI0SDB6JTIyJTJGJTNFJTNDcGF0aCUyMGQlM0QlMjJNMTkuMzc2JTIwMTIuNDE2TDguNzc3JTIwMTkuNDgyQS41LjUlMjAwJTIwMCUyMDElMjA4JTIwMTkuMDY2VjQuOTM0YS41LjUlMjAwJTIwMCUyMDElMjAuNzc3LS40MTZsMTAuNTk5JTIwNy4wNjZhLjUuNSUyMDAlMjAwJTIwMSUyMDAlMjAuODMyeiUyMiUyRiUzRSUzQyUyRnN2ZyUzRSUzQyUyRmRpdiUzRSUzQyUyRmRpdiUzRSUwQSUzQyUyRmElM0U=[\/vc_raw_html][\/vc_column][\/vc_row][vc_row][vc_column css=&#8221;.vc_custom_1536849658368{background-position: center !important;background-repeat: no-repeat !important;background-size: cover !important;}&#8221; el_class=&#8221;padding-bottom-128 column-limited&#8221;][vc_empty_space height=&#8221;15&#8243;][vc_empty_space height=&#8221;15&#8243;][vc_separator][vc_empty_space height=&#8221;15&#8243;][vc_empty_space height=&#8221;15&#8243;]<h2 class=\"box-header\">Ce este abcesul perianal?<\/h2>[vc_column_text]Apare mai ales din cauza inflama\u021biei \u00een canalul anusului care este una dintre cele mai frecvente tulbur\u0103ri clinice \u00een domeniul proctologiei, poate prezenta caracteristici diferite \u00een func\u021bie de localizarea \u00een anus<\/p>\n<p>Abcesul perianal se formeaz\u0103 prin colectarea de puroi ca urmare a inflama\u021biei \u00een jurul anusului. \u00cencepe s\u0103 apar\u0103 mai ales din cauza inflama\u021biei glandelor anale \u0219i se extinde \u00een timp. Sarcina principal\u0103 a glandelor este de a facilita scaunului(defecare) prin secretarea mucusului.<\/p>\n<p>Pe l\u00e2ng\u0103 faptul c\u0103 este observat\u0103 la toate grupele de v\u00e2rst\u0103, este mai frecvent\u0103 la anii de 30 \u0219i 40.La b\u0103rba\u021bii se vede, de asemenea, mai des dec\u00e2t la femei.<\/p>\n<p>Abcesul anal se nume\u0219te umflarea care apare ca urmare a inflama\u021biei \u00een zona anusului sau \u00een jurul anusului. Apare \u00eentre mu\u0219chiul \u0219i \u021besutul moale din jurul zonei anusului. Exist\u0103 fibre musculare \u00een regiunea anal\u0103 care \u00eempiedic\u0103 evacuarea nedorit\u0103 de gaz \u0219i defecarea Printre aceste fibre se num\u0103r\u0103 glande care umezesc pielea, f\u0103c\u00e2nd defecarea mai alunecos\u0103. Glandele sunt structuri care ajut\u0103 defecare s\u0103 treac\u0103 normal. Exist\u0103 o mul\u021bime de bacterii \u00een zona anusului. Bacteriile d\u0103un\u0103toare p\u0103trund \u00een glande \u0219i provoac\u0103 abces anal.<\/p>\n<p>Inflama\u021bia \u00eencepe s\u0103 se acumuleze \u00een abcesul anal \u0219i umflarea apare \u00een zona anal\u0103 \u00een timp. \u00cen general, pacien\u021bii consider\u0103 aceast\u0103 umflare ca la <a href=\"https:\/\/avrupacerrahi.net\/ro\/care-sunt-metodele-de-preventie-a-hemoroizilor\/\">hemoroizi<\/a> \u0219i \u00eencearc\u0103 s\u0103 se automedicineze. Remediile la domiciliu pot \u00eenfl\u0103c\u0103ra boala. Prin urmare, de \u00eendat\u0103 ce \u00eencep nepl\u0103cerile ar trebui s\u0103 se mearg\u0103 la medic f\u0103r\u0103 a pierde timpul.<\/p>\n<p>Faptul c\u0103 persoana are cuno\u0219tin\u021be despre formarea abcesului anal previne metodele gre\u0219ite care pot fi aplicate.<br \/>\n[\/vc_column_text][vc_empty_space height=&#8221;15&#8243;]<h2 class=\"box-header\">Cum apare abcesul perianal ?<\/h2>[vc_column_text]Un corp str\u0103in sau o defecare(scaunul) tare lezeaz\u0103 glandele \u0219i faciliteaz\u0103 trecerea bacteriilor provoc\u00e2nd formarea de abcese \u00een regiunea anal\u0103. Un al doilea motiv de apari\u021bie a bolii este ar putea ap\u0103rea din cauza unor factori precum boala Crohn, colita ulceroas\u0103, limfomul, radioterapia. \u00cen afar\u0103 de factorii pe care i-am amintit, este necesar s\u0103 se acorde aten\u021bie cur\u0103\u021b\u0103rii anusului.<\/p>\n<p>Factorul de igien\u0103 este foarte important. \u00cen compara\u021bie cu alte p\u0103r\u021bi ale corpului nostru, regiunea anal\u0103 este mult mai disponibil\u0103 la formarea bacteriilor. Pentru a minimiza formarea bacteriilor, este necesar s\u0103 se acorde mai mult\u0103 importan\u021b\u0103 cur\u0103\u021beniei zonei de anus<\/p>\n<p>Putem \u00eemp\u0103r\u021bi constat\u0103rile abcesului anal \u00een dou\u0103 grupuri. \u00cen semn de infec\u021bie; febr\u0103 mare, oboseal\u0103 \u0219i sl\u0103biciune. A doua constatare este c\u0103 putem vedea pe piele; Exist\u0103 o senza\u021bie de plin\u0103tate \u0219i de curgere \u00een timpul toaletei, umflarea, durerea sever\u0103, ro\u0219ea\u021ba \u0219i cre\u0219terea c\u0103ldurii. Inflama\u021bia abcesului anal, care se formeaz\u0103 \u00een regiunea anal\u0103, cre\u0219te rapid pe m\u0103sur\u0103 ce trece timpul. \u00cen aceast\u0103 situa\u021bie, pacien\u021bii \u00eent\u00e2mpin\u0103 dificult\u0103\u021bi \u00een a efectua mi\u0219c\u0103ri fizice precum \u0219ezut \u0219i mers. Infec\u021bia sever\u0103 provoac\u0103 cre\u0219terea temperaturii, febr\u0103 sever\u0103, frisoane \u0219i senza\u021bie de le\u0219in. C\u00e2nd infec\u021bia se extinde la \u021besutul subcutanat, ro\u0219ea\u021ba sau umflarea \u00een zona anal\u0103 devine evident\u0103.<br \/>\n[\/vc_column_text][vc_empty_space height=&#8221;15&#8243;]<h2 class=\"box-header\">Clasificarea Abcesului Perianal<\/h2>[vc_column_text]Abcesele perianale pot prezenta caracteristici diferite in func\u021bie de localizare. Ei sunt numi\u021bi \u00een func\u021bie de a\u0219ez\u0103rile lor, dup\u0103 cum urmeaz\u0103;<\/p>\n<ul>\n<li>intersphincteric<\/li>\n<li>ischiorectal<\/li>\n<li>Supralevator(Paraectal)<\/li>\n<\/ul>\n<p>[\/vc_column_text][vc_empty_space height=&#8221;15&#8243;]<h2 class=\"box-header\">Cum este diagnosticat abcesul perianal (abcesul anusului)?<\/h2>[vc_column_text]Examenul fizic de c\u0103tre un proctolog expert este suficient pentru diagnosticul de abces perianal. Dac\u0103 exist\u0103 \u00eendoieli din diferite motive, atunci se poate solicita utrason sau IRM Acest lucru depinde complet de stadiul bolii. \u00cen cazurile \u00een care abcesul perianal progreseaz\u0103, riscul de infec\u021bie este destul de mare.<\/p>\n<p>Nu poate fi tratat\u0103 \u00een nici un fel acas\u0103. Acesta trebuie examinat de medicul proctolog \u0219i trebuie selectat\u0103 cea mai potrivit\u0103 metod\u0103 de tratament \u00een func\u021bie de starea abcesului. Daca abcesul perianal a progresat, acesta este tratat de medic \u00een mod controlat \u0219i abcesul este complet tratat. Tratamentul cu antibiotice poate fi \u00eenceput dup\u0103 evaluarea st\u0103rii pacientului.<br \/>\n[\/vc_column_text][vc_empty_space height=&#8221;15&#8243;]<h2 class=\"box-header\">Care sunt simptomele abcesului perianal<\/h2>[vc_column_text]Pacien\u021bii simt de obicei durere \u00een zon\u0103 \u00een care se afl\u0103 abcesul. Abcesul perianal provoac\u0103 ro\u0219ea\u021b\u0103 \u00een zona \u00een care este localizat. Dac\u0103 abcesul a progresat, poate provoca \u0219i febr\u0103. O sensibilitate suplimentar\u0103 apare \u00een zona \u00een cauz\u0103.<\/p>\n<p>Exist\u0103 plin\u0103tate \u0219i umfl\u0103turi \u00een zona anusului Pot ap\u0103rea probleme precum imposibilitatea de a sta corespunz\u0103tor sau de a merge confortabil. Dac\u0103 abcesul este avansat, poate provoca scurgeri \u00een zona anusului.<br \/>\n[\/vc_column_text][vc_empty_space height=&#8221;15&#8243;]<h2 class=\"box-header\">Cum se trateaz\u0103 abcesul perianal<\/h2>[vc_column_text]Dac\u0103 abcesul anal g\u0103sit la pacien\u021bi este \u00eentr-o stare avansat\u0103, acest abces trebuie tratat \u00een mod controlat de un specialist \u00een proctologie. Trebuie avut grij\u0103 s\u0103 trata\u021bi \u00eentregul abces perianal. \u00cen caz contrar, poate crea noi complica\u021bii.<\/p>\n<p>Dup\u0103 tratarea abcesului anal, poate fi recomandat\u0103 terapie cu antibiotice dubl\u0103 sau unic\u0103 \u00een func\u021bie de starea de abces a pacientului. La pacien\u021bii cu abces perianal avansat, pot ap\u0103rea canale sau tuneluri permanente ale fistulei \u00eentre canalul rectal \u0219i pielea perianal\u0103. Pacien\u021bii cu formare de fistul\u0103 \u00ee\u0219i descriu disconfortul precum secre\u021bia de infec\u021bie, umflarea rectal\u0103 \u0219i durere.<br \/>\n[\/vc_column_text][\/vc_column][\/vc_row][vc_row][vc_column][vc_separator][vc_empty_space height=&#8221;15&#8243;]<h2 class=\"box-header align-left\">Recommended Videos about Perianal Abscess<\/h2>[vc_row_inner top_margin=&#8221;page-margin-top-section&#8221; el_class=&#8221;flex-box&#8221;][vc_column_inner width=&#8221;1\/3&#8243;][vc_raw_html]JTNDYSUyMGRhdGEtZmFuY3lib3glM0QlMjJnYWxsZXJ5JTIyJTIwaHJlZiUzRCUyMmh0dHBzJTNBJTJGJTJGd3d3LnlvdXR1YmUuY29tJTJGd2F0Y2glM0Z2JTNEZkdvb3ZPVjVYY2clMjIlMjBjbGFzcyUzRCUyMnZpZGVvLWJveCUyMiUzRSUwQSUyMCUyMCUyMCUyMCUzQ2ltZyUyMHNyYyUzRCUyMmh0dHBzJTNBJTJGJTJGYXZydXBhY2VycmFoaS5jb20udHIlMkZ3cC1jb250ZW50JTJGdXBsb2FkcyUyRjIwMjElMkYwMiUyRmFuYWwtZmlzc3VyLWF5YWt0YW4tdGVkYXZpLmpwZyUyMiUyMGFsdCUzRCUyMmltYWdlJTIyJTNFJTBBJTIwJTIwJTIwJTIwJTNDZGl2JTIwY2xhc3MlM0QlMjJ2aWRlby1ib3hfX2ljb24lMjIlM0UlM0NkaXYlMjBjbGFzcyUzRCUyMnZpZGVvLWJveF9faWNvbi0tcGxheSUyMiUzRSUzQ3N2ZyUyMHZpZXdCb3glM0QlMjIwJTIwMCUyMDI0JTIwMjQlMjIlMjB3aWR0aCUzRCUyMjI0JTIyJTIwaGVpZ2h0JTNEJTIyMjQlMjIlM0UlM0NwYXRoJTIwZmlsbCUzRCUyMm5vbmUlMjIlMjBkJTNEJTIyTTAlMjAwaDI0djI0SDB6JTIyJTJGJTNFJTNDcGF0aCUyMGQlM0QlMjJNMTkuMzc2JTIwMTIuNDE2TDguNzc3JTIwMTkuNDgyQS41LjUlMjAwJTIwMCUyMDElMjA4JTIwMTkuMDY2VjQuOTM0YS41LjUlMjAwJTIwMCUyMDElMjAuNzc3LS40MTZsMTAuNTk5JTIwNy4wNjZhLjUuNSUyMDAlMjAwJTIwMSUyMDAlMjAuODMyeiUyMiUyRiUzRSUzQyUyRnN2ZyUzRSUzQyUyRmRpdiUzRSUzQyUyRmRpdiUzRSUwQSUzQyUyRmElM0U=[\/vc_raw_html][\/vc_column_inner][vc_column_inner width=&#8221;1\/3&#8243;][vc_raw_html]JTNDYSUyMGRhdGEtZmFuY3lib3glM0QlMjJnYWxsZXJ5JTIyJTIwaHJlZiUzRCUyMmh0dHBzJTNBJTJGJTJGd3d3LnlvdXR1YmUuY29tJTJGd2F0Y2glM0Z2JTNEY2FxdlRjbmxWR1ElMjIlMjBjbGFzcyUzRCUyMnZpZGVvLWJveCUyMiUzRSUwQSUyMCUyMCUyMCUyMCUzQ2ltZyUyMHNyYyUzRCUyMmh0dHBzJTNBJTJGJTJGYXZydXBhY2VycmFoaS5jb20udHIlMkZ3cC1jb250ZW50JTJGdXBsb2FkcyUyRjIwMjElMkYwMiUyRmFuYWwtZmlzdHVsLWlsZS1hbmFsLWZpc3N1ci5qcGclMjIlMjBhbHQlM0QlMjJpbWFnZSUyMiUzRSUwQSUyMCUyMCUyMCUyMCUzQ2RpdiUyMGNsYXNzJTNEJTIydmlkZW8tYm94X19pY29uJTIyJTNFJTNDZGl2JTIwY2xhc3MlM0QlMjJ2aWRlby1ib3hfX2ljb24tLXBsYXklMjIlM0UlM0NzdmclMjB2aWV3Qm94JTNEJTIyMCUyMDAlMjAyNCUyMDI0JTIyJTIwd2lkdGglM0QlMjIyNCUyMiUyMGhlaWdodCUzRCUyMjI0JTIyJTNFJTNDcGF0aCUyMGZpbGwlM0QlMjJub25lJTIyJTIwZCUzRCUyMk0wJTIwMGgyNHYyNEgweiUyMiUyRiUzRSUzQ3BhdGglMjBkJTNEJTIyTTE5LjM3NiUyMDEyLjQxNkw4Ljc3NyUyMDE5LjQ4MkEuNS41JTIwMCUyMDAlMjAxJTIwOCUyMDE5LjA2NlY0LjkzNGEuNS41JTIwMCUyMDAlMjAxJTIwLjc3Ny0uNDE2bDEwLjU5OSUyMDcuMDY2YS41LjUlMjAwJTIwMCUyMDElMjAwJTIwLjgzMnolMjIlMkYlM0UlM0MlMkZzdmclM0UlM0MlMkZkaXYlM0UlM0MlMkZkaXYlM0UlMEElM0MlMkZhJTNF[\/vc_raw_html][\/vc_column_inner][vc_column_inner width=&#8221;1\/3&#8243;][vc_raw_html]JTNDYSUyMGRhdGEtZmFuY3lib3glM0QlMjJnYWxsZXJ5JTIyJTIwaHJlZiUzRCUyMmh0dHBzJTNBJTJGJTJGd3d3LnlvdXR1YmUuY29tJTJGd2F0Y2glM0Z2JTNEdC13M3BuZkVFWG8lMjIlMjBjbGFzcyUzRCUyMnZpZGVvLWJveCUyMiUzRSUwQSUyMCUyMCUyMCUyMCUzQ2ltZyUyMHNyYyUzRCUyMmh0dHBzJTNBJTJGJTJGYXZydXBhY2VycmFoaS5jb20udHIlMkZ3cC1jb250ZW50JTJGdXBsb2FkcyUyRjIwMjElMkYwMiUyRmZpc3N1ci1tYWtldC1jYXRsYWdpLmpwZyUyMiUyMGFsdCUzRCUyMmltYWdlJTIyJTNFJTBBJTIwJTIwJTIwJTIwJTNDZGl2JTIwY2xhc3MlM0QlMjJ2aWRlby1ib3hfX2ljb24lMjIlM0UlM0NkaXYlMjBjbGFzcyUzRCUyMnZpZGVvLWJveF9faWNvbi0tcGxheSUyMiUzRSUzQ3N2ZyUyMHZpZXdCb3glM0QlMjIwJTIwMCUyMDI0JTIwMjQlMjIlMjB3aWR0aCUzRCUyMjI0JTIyJTIwaGVpZ2h0JTNEJTIyMjQlMjIlM0UlM0NwYXRoJTIwZmlsbCUzRCUyMm5vbmUlMjIlMjBkJTNEJTIyTTAlMjAwaDI0djI0SDB6JTIyJTJGJTNFJTNDcGF0aCUyMGQlM0QlMjJNMTkuMzc2JTIwMTIuNDE2TDguNzc3JTIwMTkuNDgyQS41LjUlMjAwJTIwMCUyMDElMjA4JTIwMTkuMDY2VjQuOTM0YS41LjUlMjAwJTIwMCUyMDElMjAuNzc3LS40MTZsMTAuNTk5JTIwNy4wNjZhLjUuNSUyMDAlMjAwJTIwMSUyMDAlMjAuODMyeiUyMiUyRiUzRSUzQyUyRnN2ZyUzRSUzQyUyRmRpdiUzRSUzQyUyRmRpdiUzRSUwQSUzQyUyRmElM0U=[\/vc_raw_html][\/vc_column_inner][\/vc_row_inner][vc_empty_space height=&#8221;15&#8243;][vc_separator][vc_empty_space height=&#8221;15&#8243;][\/vc_column][\/vc_row][vc_row][vc_column][vc_empty_space height=&#8221;15&#8243;][vc_separator][vc_empty_space height=&#8221;15&#8243;]<h2 class=\"box-header\">Avantajele tratamentului pentru abcesul perianal .<\/h2>[vc_column_text]Tratamentul abcesului perianal f\u0103r\u0103 interven\u021bie chirurgical\u0103 dureaz\u0103 5-8 minute.<\/p>\n<p>Se efectueaz\u0103 rapid si f\u0103r\u0103 a fi nevoie de spitalizare la fel ca \u0219i cu o plomba dentar\u0103.<\/p>\n<p>Nu exist\u0103 aplica\u021bie pentru narcoz\u0103. Anestezia regional\u0103 se efectueaz\u0103 cu anestezie local\u0103.<\/p>\n<p>Persoana nu trebuie s\u0103 fac\u0103 nici o preg\u0103tire preliminar\u0103.<\/p>\n<p>Nu este necesar\u0103 nicio examinare sau analiz\u0103 suplimentar\u0103. Pacientul este con\u0219tient \u00een timpul procedurii.<\/p>\n<p>Cantitatea de durere resim\u021bit\u0103 \u00een timpul \u0219i dup\u0103 procedur\u0103 este foarte mic\u0103.<\/p>\n<p>Deoarece aplica\u021biile chirurgicale, cum ar fi t\u0103ieturile sau cus\u0103turile nu sunt implicate, afectarea \u021besuturilor nu este experimentat\u0103 \u00een zona anusului<br \/>\n\u00cen timp ce un tampon este plasat \u00een anus \u00een opera\u021biile chirurgicale clasice, aceast\u0103 aplica\u021bie nu se g\u0103se\u0219te \u00een tratamentul non -chirurgical.<\/p>\n<p>Imediat dup\u0103 tratament, persoana poate reveni la via\u021ba de zi cu zi.<\/p>\n<p>Persoanele cu boli sistemice \u0219i cronice pot beneficia de tratament cu laser f\u0103r\u0103 interven\u021bie chirurgical\u0103. Pacien\u021bii cu tensiune arterial\u0103, diabet \u0219i boli de inim\u0103 pot continua s\u0103-\u0219i foloseasc\u0103 medicamentele obi\u0219nuite.<\/p>\n<p>Complica\u021biile precum incontinen\u021ba de gaze \u0219i incontinen\u021ba de fecale observate dup\u0103 interven\u021bie chirurgical\u0103 nu sunt experimentate \u00een metodele de tratament non-chirurgical pe care le aplic\u0103m \u00een centru nostru<\/p>\n<p>Pacien\u021bii pot fi examina\u021bi \u0219i trata\u021bi \u00een aceea\u0219i zi. Dup\u0103 tratamentul perianal non-chirurgical, persoana poate reveni la via\u021ba social\u0103 \u0219i la munc\u0103<br \/>\n[\/vc_column_text][vc_empty_space height=&#8221;15&#8243;][vc_separator][vc_empty_space height=&#8221;15&#8243;]<h2 class=\"box-header\">De ce ar trebui s\u0103 alegem clinica Avrupa Cerrahi<\/h2>[vc_column_text]Trat\u0103m pacien\u021bii recomanda\u021bi pentru opera\u021bia de abces perianal cu tehnici non-chirurgicale bazate pe laser, cu cei 17 ani de experien\u021b\u0103.<\/p>\n<p>Urm\u0103rim toate informa\u021biile \u0219i evolu\u021biile de ultim\u0103 or\u0103 cu privire la proctologie , sursele interne \u0219i externe \u0219i aplic\u0103m tehnica noastr\u0103 special\u0103 de tratament \u00eentr-un mod deschis c\u0103tre inova\u021bii.<br \/>\n[\/vc_column_text][vc_empty_space height=&#8221;15&#8243;][vc_separator][vc_empty_space height=&#8221;15&#8243;]<h2 class=\"box-header black align-center large\">Contacta\u0163i-ne<\/h2>[vc_empty_space height=&#8221;15&#8243;]\n<div class=\"wpcf7 no-js\" id=\"wpcf7-f5761-o1\" lang=\"en-US\" dir=\"ltr\" data-wpcf7-id=\"5761\">\n<div class=\"screen-reader-response\"><p role=\"status\" aria-live=\"polite\" aria-atomic=\"true\"><\/p> <ul><\/ul><\/div>\n<form action=\"\/ro\/wp-json\/wp\/v2\/pages\/5261#wpcf7-f5761-o1\" method=\"post\" class=\"wpcf7-form init\" aria-label=\"Contact form\" novalidate=\"novalidate\" data-status=\"init\">\n<fieldset class=\"hidden-fields-container\"><input type=\"hidden\" name=\"_wpcf7\" value=\"5761\" \/><input type=\"hidden\" name=\"_wpcf7_version\" value=\"6.1.5\" \/><input type=\"hidden\" name=\"_wpcf7_locale\" value=\"en_US\" \/><input type=\"hidden\" name=\"_wpcf7_unit_tag\" value=\"wpcf7-f5761-o1\" \/><input type=\"hidden\" name=\"_wpcf7_container_post\" value=\"0\" \/><input type=\"hidden\" name=\"_wpcf7_posted_data_hash\" value=\"\" \/><input type=\"hidden\" name=\"_wpcf7_recaptcha_response\" value=\"\" \/>\n<\/fieldset>\n<div class=\"uacf7-form-wrapper-container uacf7-form-5761  \"><label class=\"forms\"><\/label>      \n<div class=\"yeniForm\" style=\"width:100%;\"><span class=\"wpcf7-form-control-wrap\" data-name=\"text-947\"><input size=\"40\" maxlength=\"400\" class=\"wpcf7-form-control wpcf7-text wpcf7-validates-as-required\" aria-required=\"true\" aria-invalid=\"false\" placeholder=\"Nume \u0219i prenume\" value=\"\" type=\"text\" name=\"text-947\" \/><\/span><\/div>\n<label class=\"forms\"><\/label>\n<div class=\"yeniForm form-size\" style=\"width:100%;\"><span class=\"wpcf7-form-control-wrap\" data-name=\"phonetext-104\"><input size=\"40\" class=\"wpcf7-form-control wpcf7-phonetext wpcf7-validates-as-required wpcf7-text wpcf7-validates-as-phonetext\" aria-required=\"true\" aria-invalid=\"false\" value=\"40\" type=\"text\" name=\"phonetext-104\" \/><input type=\"hidden\" name=\"phonetext-104-country-code\" class=\"wpcf7-phonetext-country-code\" \/><\/span><\/div>\n\n<label class=\"forms\"><\/label>\n<div class=\"yeniForm text-form\" style=\"width:100%; \"><span class=\"wpcf7-form-control-wrap\" data-name=\"text-751\"><input size=\"40\" maxlength=\"400\" class=\"wpcf7-form-control wpcf7-text\" aria-invalid=\"false\" placeholder=\"Mesajul\" value=\"\" type=\"text\" name=\"text-751\" \/><\/span><\/div>\n\n\n<div class=\"yeniFormBtn\" style=\"width:100%;\"><input class=\"wpcf7-form-control wpcf7-submit has-spinner\" type=\"submit\" value=\"Trimite\u021bi\" \/><\/div>\n\n<style>\n\/* Label *\/\n.forms{\n  display: block;\n  margin-bottom: 6px;\n}\n\n\/* Form bloklar\u0131 *\/\n.yeniForm{\n  width: 100%;\n  margin-bottom: 14px;\n  box-sizing: border-box;\n}\n\n\/* T\u00fcm inputlar *\/\n.yeniForm input{\n  width: 100% !important;\n  background: #f0f0f0;\n  border: none;\n  padding: 12px;\n  box-sizing: border-box;\n}\n\n\/* Telefon alan\u0131 \u2013 \u00f6zel override *\/\n.form-size input{\n  padding-left: 18px;\n  width: 100% !important;\n  font-weight: bold;\n}\n\n\/* Mesaj alan\u0131 *\/\n.text-form input{\n  height: 120px;\n}\n\n\/* Flag alan\u0131 *\/\n.flag-container,\n.selected-flag{\n  background: #d1d1d1;\n  width: 57px;\n}\n\n\/* Submit *\/\n.yeniFormBtn{\n  width: 100%;\n}\n\n.yeniFormBtn input{\n  width: 100% !important;\n  background: #3b72ae;\n  margin-top: 15px;\n  color: #fff;\n  border: none;\n  padding: 14px;\n  cursor: pointer;\n}\n\n\/* CF7 phone input *\/\ninput.wpcf7-form-control.wpcf7-text.wpcf7-phonetext{\n  width: 100% !important;\n  font-weight: bold;\n}\n<\/style><\/div><input type='hidden' class='wpcf7-pum' value='{\"closepopup\":false,\"closedelay\":0,\"openpopup\":false,\"openpopup_id\":0}' \/><div class=\"wpcf7-response-output\" aria-hidden=\"true\"><\/div>\n<\/form>\n<\/div>\n[vc_empty_space height=&#8221;15&#8243;][vc_separator][vc_empty_space height=&#8221;15&#8243;]<h2 class=\"box-header black align-center large\">Partenerii no\u0219tri<\/h2>[vc_empty_space height=&#8221;15&#8243;][vc_images_carousel images=&#8221;5153,5157,5158,5203&#8243; img_size=&#8221;full&#8221; speed=&#8221;3000&#8243; slides_per_view=&#8221;4&#8243; hide_pagination_control=&#8221;yes&#8221; hide_prev_next_buttons=&#8221;yes&#8221; wrap=&#8221;yes&#8221;][\/vc_column][\/vc_row]<\/p>\n","protected":false},"excerpt":{"rendered":"<p>[vc_row][vc_column width=&#8221;1\/2&#8243;][vc_empty_space][vc_raw_html]JTNDYSUyMGRhdGEtZmFuY3lib3glM0QlMjJnYWxsZXJ5JTIyJTIwaHJlZiUzRCUyMmh0dHBzJTNBJTJGJTJGd3d3LnlvdXR1YmUuY29tJTJGZW1iZWQlMkZGLTg1eFJ6RHU0NCUzRnNpJTNEMzRJdkJVclJmNGdNcjNPUiUyMiUyMHRpdGxlJTNEJTIyJTIwY2xhc3MlM0QlMjJ2aWRlby1ib3glMjIlM0UlMEElMjAlMjAlMjAlMjAlM0NpbWclMjBzcmMlM0QlMjJodHRwcyUzQSUyRiUyRmF2cnVwYWNlcnJhaGkubmV0JTJGcm8lMkZ3cC1jb250ZW50JTJGdXBsb2FkcyUyRjIwMjQlMkYwNCUyRmZpc3R1bC1uZWRpci5qcGclMjIlMjBhbHQlM0QlMjJpbWFnZSUyMiUzRSUwQSUyMCUyMCUyMCUyMCUzQ2RpdiUyMGNsYXNzJTNEJTIydmlkZW8tYm94X19pY29uJTIyJTNFJTNDZGl2JTIwY2xhc3MlM0QlMjJ2aWRlby1ib3hfX2ljb24tLXBsYXklMjIlM0UlM0NzdmclMjB2aWV3Qm94JTNEJTIyMCUyMDAlMjAyNCUyMDI0JTIyJTIwd2lkdGglM0QlMjIyNCUyMiUyMGhlaWdodCUzRCUyMjI0JTIyJTNFJTNDcGF0aCUyMGZpbGwlM0QlMjJub25lJTIyJTIwZCUzRCUyMk0wJTIwMGgyNHYyNEgweiUyMiUyRiUzRSUzQ3BhdGglMjBkJTNEJTIyTTE5LjM3NiUyMDEyLjQxNkw4Ljc3NyUyMDE5LjQ4MkEuNS41JTIwMCUyMDAlMjAxJTIwOCUyMDE5LjA2NlY0LjkzNGEuNS41JTIwMCUyMDAlMjAxJTIwLjc3Ny0uNDE2bDEwLjU5OSUyMDcuMDY2YS41LjUlMjAwJTIwMCUyMDElMjAwJTIwLjgzMnolMjIlMkYlM0UlM0MlMkZzdmclM0UlM0MlMkZkaXYlM0UlM0MlMkZkaXYlM0UlMEElM0MlMkZhJTNF[\/vc_raw_html][\/vc_column][vc_column width=&#8221;1\/2&#8243; el_class=&#8221;padding-left-30&#8243;][vc_empty_space][vc_raw_html]JTNDYSUyMGRhdGEtZmFuY3lib3glM0QlMjJnYWxsZXJ5JTIyJTIwaHJlZiUzRCUyMmh0dHBzJTNBJTJGJTJGd3d3LnlvdXR1YmUuY29tJTJGd2F0Y2glM0Z2JTNEUlBHS2duNW82blElMjIlMjBjbGFzcyUzRCUyMnZpZGVvLWJveCUyMiUzRSUwQSUyMCUyMCUyMCUyMCUzQ2ltZyUyMHNyYyUzRCUyMmh0dHBzJTNBJTJGJTJGYXZydXBhY2VycmFoaS5uZXQlMkZlbiUyRndwLWNvbnRlbnQlMkZ1cGxvYWRzJTJGMjAyMiUyRjEyJTJGbWFrYXRhcHNlc2kta2FwYWstZW5nLmpwZyUyMmltYWdlJTIyJTNFJTBBJTIwJTIwJTIwJTIwJTNDZGl2JTIwY2xhc3MlM0QlMjJ2aWRlby1ib3hfX2ljb24lMjIlM0UlM0NkaXYlMjBjbGFzcyUzRCUyMnZpZGVvLWJveF9faWNvbi0tcGxheSUyMiUzRSUzQ3N2ZyUyMHZpZXdCb3glM0QlMjIwJTIwMCUyMDI0JTIwMjQlMjIlMjB3aWR0aCUzRCUyMjI0JTIyJTIwaGVpZ2h0JTNEJTIyMjQlMjIlM0UlM0NwYXRoJTIwZmlsbCUzRCUyMm5vbmUlMjIlMjBkJTNEJTIyTTAlMjAwaDI0djI0SDB6JTIyJTJGJTNFJTNDcGF0aCUyMGQlM0QlMjJNMTkuMzc2JTIwMTIuNDE2TDguNzc3JTIwMTkuNDgyQS41LjUlMjAwJTIwMCUyMDElMjA4JTIwMTkuMDY2VjQuOTM0YS41LjUlMjAwJTIwMCUyMDElMjAuNzc3LS40MTZsMTAuNTk5JTIwNy4wNjZhLjUuNSUyMDAlMjAwJTIwMSUyMDAlMjAuODMyeiUyMiUyRiUzRSUzQyUyRnN2ZyUzRSUzQyUyRmRpdiUzRSUzQyUyRmRpdiUzRSUwQSUzQyUyRmElM0U=[\/vc_raw_html][\/vc_column][\/vc_row][vc_row][vc_column css=&#8221;.vc_custom_1536849658368{background-position: center !important;background-repeat: no-repeat !important;background-size: cover !important;}&#8221; el_class=&#8221;padding-bottom-128 column-limited&#8221;][vc_empty_space height=&#8221;15&#8243;][vc_empty_space height=&#8221;15&#8243;][vc_separator][vc_empty_space height=&#8221;15&#8243;][vc_empty_space height=&#8221;15&#8243;][vc_column_text]Apare mai ales din cauza inflama\u021biei \u00een canalul anusului care este una dintre cele mai frecvente tulbur\u0103ri clinice \u00een domeniul proctologiei, poate prezenta caracteristici diferite \u00een func\u021bie de localizarea \u00een anus Abcesul perianal se formeaz\u0103 prin colectarea de puroi<\/p>\n","protected":false},"author":1,"featured_media":0,"parent":0,"menu_order":0,"comment_status":"closed","ping_status":"closed","template":"","meta":{"_metasync_otto_title":"","_metasync_otto_description":"","_metasync_otto_keywords":"","_metasync_otto_og_title":"","_metasync_otto_og_description":"","_metasync_otto_twitter_title":"","_metasync_otto_twitter_description":"","rank_math_title":"","rank_math_description":"","_yoast_wpseo_title":"","_yoast_wpseo_metadesc":"","_aioseo_title":"#post_title","_aioseo_description":"Tratamentul abcesului perianal f\u0103r\u0103 chirurgie dureaz\u0103 5-8 minute, rapid \u0219i f\u0103r\u0103 spitalizare, similar cu plombarea dentar\u0103","_metasync_seo_title":"","_metasync_seo_desc":"","_metasync_otto_disabled":"","footnotes":""},"class_list":["post-5261","page","type-page","status-publish","hentry"],"aioseo_notices":[],"_links":{"self":[{"href":"https:\/\/avrupacerrahi.net\/ro\/wp-json\/wp\/v2\/pages\/5261","targetHints":{"allow":["GET"]}}],"collection":[{"href":"https:\/\/avrupacerrahi.net\/ro\/wp-json\/wp\/v2\/pages"}],"about":[{"href":"https:\/\/avrupacerrahi.net\/ro\/wp-json\/wp\/v2\/types\/page"}],"author":[{"embeddable":true,"href":"https:\/\/avrupacerrahi.net\/ro\/wp-json\/wp\/v2\/users\/1"}],"replies":[{"embeddable":true,"href":"https:\/\/avrupacerrahi.net\/ro\/wp-json\/wp\/v2\/comments?post=5261"}],"version-history":[{"count":6,"href":"https:\/\/avrupacerrahi.net\/ro\/wp-json\/wp\/v2\/pages\/5261\/revisions"}],"predecessor-version":[{"id":6573,"href":"https:\/\/avrupacerrahi.net\/ro\/wp-json\/wp\/v2\/pages\/5261\/revisions\/6573"}],"wp:attachment":[{"href":"https:\/\/avrupacerrahi.net\/ro\/wp-json\/wp\/v2\/media?parent=5261"}],"curies":[{"name":"wp","href":"https:\/\/api.w.org\/{rel}","templated":true}]}}