{"id":5277,"date":"2022-05-11T12:01:38","date_gmt":"2022-05-11T09:01:38","guid":{"rendered":"https:\/\/avrupacerrahi.com.tr\/en\/?page_id=5277"},"modified":"2024-09-20T13:57:54","modified_gmt":"2024-09-20T10:57:54","slug":"tratament-nechirurgical-pentru-prolaps-anal","status":"publish","type":"page","link":"https:\/\/avrupacerrahi.net\/ro\/tratament-nechirurgical-pentru-prolaps-anal\/","title":{"rendered":"Tratament non-chirurgical pentru prolaps rectal"},"content":{"rendered":"<p>[vc_row][vc_column width=&#8221;1\/2&#8243;][vc_empty_space][vc_raw_html]JTNDYSUyMGRhdGEtZmFuY3lib3glM0QlMjJnYWxsZXJ5JTIyJTIwaHJlZiUzRCUyMmh0dHBzJTNBJTJGJTJGd3d3LnlvdXR1YmUuY29tJTJGd2F0Y2glM0Z2JTNEX2luWnR0TFdDaDQlMjZ0JTNEMnMlMjIlMjBjbGFzcyUzRCUyMnZpZGVvLWJveCUyMiUzRSUwQSUyMCUyMCUyMCUyMCUzQ2ltZyUyMHNyYyUzRCUyMmh0dHBzJTNBJTJGJTJGYXZydXBhY2VycmFoaS5uZXQlMkZlbiUyRndwLWNvbnRlbnQlMkZ1cGxvYWRzJTJGMjAyMiUyRjA0JTJGaGVtb3JvaWQtY25uLWluZ2lsaXpjZS5qcGclMjIlMjBhbHQlM0QlMjJpbWFnZSUyMiUzRSUwQSUyMCUyMCUyMCUyMCUzQ2RpdiUyMGNsYXNzJTNEJTIydmlkZW8tYm94X19pY29uJTIyJTNFJTNDZGl2JTIwY2xhc3MlM0QlMjJ2aWRlby1ib3hfX2ljb24tLXBsYXklMjIlM0UlM0NzdmclMjB2aWV3Qm94JTNEJTIyMCUyMDAlMjAyNCUyMDI0JTIyJTIwd2lkdGglM0QlMjIyNCUyMiUyMGhlaWdodCUzRCUyMjI0JTIyJTNFJTNDcGF0aCUyMGZpbGwlM0QlMjJub25lJTIyJTIwZCUzRCUyMk0wJTIwMGgyNHYyNEgweiUyMiUyRiUzRSUzQ3BhdGglMjBkJTNEJTIyTTE5LjM3NiUyMDEyLjQxNkw4Ljc3NyUyMDE5LjQ4MkEuNS41JTIwMCUyMDAlMjAxJTIwOCUyMDE5LjA2NlY0LjkzNGEuNS41JTIwMCUyMDAlMjAxJTIwLjc3Ny0uNDE2bDEwLjU5OSUyMDcuMDY2YS41LjUlMjAwJTIwMCUyMDElMjAwJTIwLjgzMnolMjIlMkYlM0UlM0MlMkZzdmclM0UlM0MlMkZkaXYlM0UlM0MlMkZkaXYlM0UlMEElM0MlMkZhJTNF[\/vc_raw_html][\/vc_column][vc_column width=&#8221;1\/2&#8243; el_class=&#8221;padding-left-30&#8243;][vc_empty_space][vc_raw_html]JTNDYSUyMGRhdGEtZmFuY3lib3glM0QlMjJnYWxsZXJ5JTIyJTIwaHJlZiUzRCUyMmh0dHBzJTNBJTJGJTJGd3d3LnlvdXR1YmUuY29tJTJGd2F0Y2glM0Z2JTNEWUJqVlNmaVJXUzglMjIlMjBjbGFzcyUzRCUyMnZpZGVvLWJveCUyMiUzRSUwQSUyMCUyMCUyMCUyMCUzQ2ltZyUyMHNyYyUzRCUyMmh0dHBzJTNBJTJGJTJGYXZydXBhY2VycmFoaS5uZXQlMkZlbiUyRndwLWNvbnRlbnQlMkZ1cGxvYWRzJTJGMjAyMiUyRjEyJTJGcmVrdGFsa2FuYW1hLWthcGFrLWVuZy5qcGclMjIlMjBhbHQlM0QlMjJpbWFnZSUyMiUzRSUwQSUyMCUyMCUyMCUyMCUzQ2RpdiUyMGNsYXNzJTNEJTIydmlkZW8tYm94X19pY29uJTIyJTNFJTNDZGl2JTIwY2xhc3MlM0QlMjJ2aWRlby1ib3hfX2ljb24tLXBsYXklMjIlM0UlM0NzdmclMjB2aWV3Qm94JTNEJTIyMCUyMDAlMjAyNCUyMDI0JTIyJTIwd2lkdGglM0QlMjIyNCUyMiUyMGhlaWdodCUzRCUyMjI0JTIyJTNFJTNDcGF0aCUyMGZpbGwlM0QlMjJub25lJTIyJTIwZCUzRCUyMk0wJTIwMGgyNHYyNEgweiUyMiUyRiUzRSUzQ3BhdGglMjBkJTNEJTIyTTE5LjM3NiUyMDEyLjQxNkw4Ljc3NyUyMDE5LjQ4MkEuNS41JTIwMCUyMDAlMjAxJTIwOCUyMDE5LjA2NlY0LjkzNGEuNS41JTIwMCUyMDAlMjAxJTIwLjc3Ny0uNDE2bDEwLjU5OSUyMDcuMDY2YS41LjUlMjAwJTIwMCUyMDElMjAwJTIwLjgzMnolMjIlMkYlM0UlM0MlMkZzdmclM0UlM0MlMkZkaXYlM0UlM0MlMkZkaXYlM0UlMEElM0MlMkZhJTNF[\/vc_raw_html][\/vc_column][\/vc_row][vc_row][vc_column][vc_empty_space height=&#8221;15px&#8221;][vc_separator][vc_empty_space height=&#8221;15px&#8221;]<h2 class=\"box-header\">Ce este prolaps rectal?<\/h2>[vc_column_text]Rectul, care este descris ca cea mai apropiat\u0103 parte \u0219i ultima parte a intestinului gros de regiunea anal\u0103, se nume\u0219te prolaps rectal<\/p>\n<p>Ca urmare a prolapsului rectal mucusul sau defecarea pot ap\u0103rea dup\u0103 sl\u0103birea mu\u0219chilor care sus\u021bin defecarea, numi\u021bi sfincter. Aceast\u0103 tulburare, care este mai frecvent\u0103 la femei, este observat\u0103 \u0219i la femeile care nasc foarte des. Prolapsul rectal, care este mai frecvent la copiii cu v\u00e2rsta cuprins\u0103 \u00eentre 1-4 ani \u0219i la adul\u021bi dup\u0103 v\u00e2rsta de 45 de ani, trebuie tratat de un medic specialist dup\u0103 examinare.<br \/>\n[\/vc_column_text]<h2 class=\"box-header\">Ce cauzeaz\u0103 Prolaps rectal?<\/h2>[vc_column_text]Cauza de baz\u0103 a prolaps rectal este \u00een mare parte constipa\u021bia cronic\u0103. Pl\u00e2ngerea de constipa\u021bie, care dureaz\u0103 mult timp \u0219i repet\u0103t\u0103 constant, for\u021beaz\u0103 de fiecare dat\u0103 pu\u021bin mai mult anusul din cauza \u00eencord\u0103rii excesive pe care le aduce. Acest proces creeaz\u0103 prolaps rectal \u00een timp. Este eficient \u00een formarea prolaps rectal precum constipa\u021bia \u0219i diareea cronic\u0103. Datorit\u0103 nevoii constante de defecare, pacientul merge constant la toalet\u0103 \u0219i efectueaz\u0103 eforturi inutile. Ca urmare, poate ap\u0103rea prolaps rectal<\/p>\n<p>\u00cen plus, multe na\u0219teri normale la femei provoac\u0103 \u0219i prolaps anal \u00cen afar\u0103 de acestea, motivele care provoac\u0103 prolaps rectal sunt urm\u0103toarele;<\/p>\n<p>Nevoia obi\u0219nuit\u0103 de efort inutil<\/p>\n<p>Tuse persistent\u0103 din cauza bolii pulmonare obstructive cronice<\/p>\n<p>Utilizarea continu\u0103 a medicamentelor lactasif de c\u0103tre pacien\u021bii care sufer\u0103 de constipa\u021bie cronic\u0103<\/p>\n<p>Relaxarea mu\u0219chilor care \u021bin defecarea din cauza \u00eenaint\u0103rii \u00een v\u00e2rst\u0103<\/p>\n<p>Incontinen\u021b\u0103 urinar\u0103 din cauza disfunc\u021biei plan\u0219eului pelvic<\/p>\n<p>Rareori cauze ereditare<\/p>\n<p>Boala fibroza chistica<\/p>\n<p>Dup\u0103 leziuni ale m\u0103duvei spin\u0103rii<\/p>\n<p>Bacteriile parazite \u0219i bacilar\u0103 de dizenterie<\/p>\n<p>Anusul l\u0103sat poate fi observat \u0219i ca urmare a unor boli neurologice.<br \/>\n[\/vc_column_text][vc_empty_space height=&#8221;15&#8243;]<h2 class=\"box-header\">Care sunt simptomele Prolaps rectal?<\/h2>[vc_column_text]\u00cen prolapsul anal mu\u0219chii folosi\u021bi pentru defecare nu pot func\u021biona pe deplin. \u00cen plus, simptomele continu\u0103 s\u0103 creasc\u0103 din cauza deform\u0103rii care este contrar\u0103 anatomiei \u00een regiunea anal\u0103 Ca urmare a tuturor acestora, se observ\u0103 urm\u0103toarele simptome;<\/p>\n<p>Constipa\u021bia \u00een prolaps rectal este mai frecvent\u0103 la pacien\u021bii de v\u00e2rst\u0103 mijlocie.<\/p>\n<p>Datorit\u0103 senza\u021biei de golire incomplet\u0103 a defecarii, pacientul are nevoie constant de toalet\u0103. Pacientul care merge frecvent la toalet\u0103 face ca boala s\u0103 progreseze prin impingedan\u021ba constant\u0103.<\/p>\n<p>Pacientul, care simte \u00een permanen\u021b\u0103 nevoia s\u0103 \u00ee\u0219i fac\u0103 defecarea \u0219i impingedan\u021ba nu poate petrece mult timp afar\u0103 din cauza acestei situa\u021bii. Via\u021ba social\u0103 este afectat\u0103 negativ.<\/p>\n<p>Incontinen\u021ba de gaze \u0219i problemele de incontinen\u021b\u0103 fecal\u0103, numite incontinen\u021b\u0103 fecal\u0103, sunt printre pl\u00e2ngerile frecvente \u00een prolaps podal. Este mai frecvent\u0103 \u00een special la pacien\u021bii de v\u00e2rst\u0103 mijlocie. Pl\u00e2ngerea de incontinen\u021b\u0103 de gaze \u0219i fecal\u0103 se dezvolt\u0103 din cauza \u00eentinderii intestinului care iese din anus.<\/p>\n<p>Dificultatea la defecare din cauza intestinului deformat este o alt\u0103 pl\u00e2ngere observat\u0103 la pacien\u021bii cu prolaps rectal.<br \/>\n[\/vc_column_text][\/vc_column][\/vc_row][vc_row][vc_column]<h2 class=\"box-header\">Cum este tratat Prolaps rectal?<\/h2>[vc_column_text]\u00cen cazul prolapsului rectal care este de obicei diagnosticat \u00een timpul examin\u0103rii efectuate de un proctolog specialist, prolapsul intestinal poate fi depistat \u0219i \u00een timpul examin\u0103rii. \u00centr-un astfel de caz, medicul specialist \u00eempinge intestinul \u00een\u0103untru \u0219i \u00eel fixeaz\u0103 cu o band\u0103 pentru ca \u00een zona \u00een cauz\u0103 s\u0103 nu se dezvolte edem. \u00cen cazurile de prolaps excesiv al intestinului, acesta poate bloca vasele limfatice \u0219i poate dezvolta aici un edem, iar dac\u0103 este l\u0103sat netratat, poate provoca necroz\u0103 (descompune) \u00een intestin.<\/p>\n<p><strong>Defecografia:<\/strong>\u00a0este o tehnic\u0103 de examinare radiologic\u0103 utilizat\u0103 \u00een cazuri precum prolaps rectal ocult sau intern. Imaginile sunt realizate cu tomografie \u0219i defecografie RMN \u00een timpul mi\u0219c\u0103rilor intestinale. Cu aceste imagini, poate fi afi\u0219at prolapsul rectal (prolaps anal).<\/p>\n<p><strong>ERUS (Ecografia rectal\u0103 endoscopic\u0103):<\/strong>\u00a0este o metod\u0103 deosebit de util\u0103 la pacien\u021bii care vor fi supu\u0219i unei repara\u021bii chirurgicale. Se face de un radiolog.<\/p>\n<p><strong>RMN pelvic:<\/strong>\u00a0Se efectueaz\u0103 pentru a ob\u021bine informa\u021bii despre starea actual\u0103 a mu\u0219chilor plan\u0219eului pelvic \u0219i a mu\u0219chilor anusului. Dac\u0103 exist\u0103 leziuni ale acestor mu\u0219chi, aceasta poate fi observat\u0103 cu u\u0219urin\u021b\u0103 pe RMN.<br \/>\n[\/vc_column_text][\/vc_column][\/vc_row][vc_row][vc_column][vc_separator][vc_empty_space height=&#8221;15&#8243;]<h2 class=\"box-header align-left\">Videoclipuri recomandate pentru prolaps rectal<\/h2>[vc_empty_space height=&#8221;15&#8243;][vc_row_inner top_margin=&#8221;page-margin-top-section&#8221; el_class=&#8221;flex-box&#8221;][vc_column_inner width=&#8221;1\/3&#8243;][vc_raw_html]JTNDYSUyMGRhdGEtZmFuY3lib3glM0QlMjJnYWxsZXJ5JTIyJTIwaHJlZiUzRCUyMmh0dHBzJTNBJTJGJTJGd3d3LnlvdXR1YmUuY29tJTJGd2F0Y2glM0Z2JTNEZkdvb3ZPVjVYY2clMjIlMjBjbGFzcyUzRCUyMnZpZGVvLWJveCUyMiUzRSUwQSUyMCUyMCUyMCUyMCUzQ2ltZyUyMHNyYyUzRCUyMmh0dHBzJTNBJTJGJTJGYXZydXBhY2VycmFoaS5jb20udHIlMkZ3cC1jb250ZW50JTJGdXBsb2FkcyUyRjIwMjElMkYwMiUyRmFuYWwtZmlzc3VyLWF5YWt0YW4tdGVkYXZpLmpwZyUyMiUyMGFsdCUzRCUyMmltYWdlJTIyJTNFJTBBJTIwJTIwJTIwJTIwJTNDZGl2JTIwY2xhc3MlM0QlMjJ2aWRlby1ib3hfX2ljb24lMjIlM0UlM0NkaXYlMjBjbGFzcyUzRCUyMnZpZGVvLWJveF9faWNvbi0tcGxheSUyMiUzRSUzQ3N2ZyUyMHZpZXdCb3glM0QlMjIwJTIwMCUyMDI0JTIwMjQlMjIlMjB3aWR0aCUzRCUyMjI0JTIyJTIwaGVpZ2h0JTNEJTIyMjQlMjIlM0UlM0NwYXRoJTIwZmlsbCUzRCUyMm5vbmUlMjIlMjBkJTNEJTIyTTAlMjAwaDI0djI0SDB6JTIyJTJGJTNFJTNDcGF0aCUyMGQlM0QlMjJNMTkuMzc2JTIwMTIuNDE2TDguNzc3JTIwMTkuNDgyQS41LjUlMjAwJTIwMCUyMDElMjA4JTIwMTkuMDY2VjQuOTM0YS41LjUlMjAwJTIwMCUyMDElMjAuNzc3LS40MTZsMTAuNTk5JTIwNy4wNjZhLjUuNSUyMDAlMjAwJTIwMSUyMDAlMjAuODMyeiUyMiUyRiUzRSUzQyUyRnN2ZyUzRSUzQyUyRmRpdiUzRSUzQyUyRmRpdiUzRSUwQSUzQyUyRmElM0U=[\/vc_raw_html][\/vc_column_inner][vc_column_inner width=&#8221;1\/3&#8243;][vc_raw_html]JTNDYSUyMGRhdGEtZmFuY3lib3glM0QlMjJnYWxsZXJ5JTIyJTIwaHJlZiUzRCUyMmh0dHBzJTNBJTJGJTJGd3d3LnlvdXR1YmUuY29tJTJGd2F0Y2glM0Z2JTNEY2FxdlRjbmxWR1ElMjIlMjBjbGFzcyUzRCUyMnZpZGVvLWJveCUyMiUzRSUwQSUyMCUyMCUyMCUyMCUzQ2ltZyUyMHNyYyUzRCUyMmh0dHBzJTNBJTJGJTJGYXZydXBhY2VycmFoaS5jb20udHIlMkZ3cC1jb250ZW50JTJGdXBsb2FkcyUyRjIwMjElMkYwMiUyRmFuYWwtZmlzdHVsLWlsZS1hbmFsLWZpc3N1ci5qcGclMjIlMjBhbHQlM0QlMjJpbWFnZSUyMiUzRSUwQSUyMCUyMCUyMCUyMCUzQ2RpdiUyMGNsYXNzJTNEJTIydmlkZW8tYm94X19pY29uJTIyJTNFJTNDZGl2JTIwY2xhc3MlM0QlMjJ2aWRlby1ib3hfX2ljb24tLXBsYXklMjIlM0UlM0NzdmclMjB2aWV3Qm94JTNEJTIyMCUyMDAlMjAyNCUyMDI0JTIyJTIwd2lkdGglM0QlMjIyNCUyMiUyMGhlaWdodCUzRCUyMjI0JTIyJTNFJTNDcGF0aCUyMGZpbGwlM0QlMjJub25lJTIyJTIwZCUzRCUyMk0wJTIwMGgyNHYyNEgweiUyMiUyRiUzRSUzQ3BhdGglMjBkJTNEJTIyTTE5LjM3NiUyMDEyLjQxNkw4Ljc3NyUyMDE5LjQ4MkEuNS41JTIwMCUyMDAlMjAxJTIwOCUyMDE5LjA2NlY0LjkzNGEuNS41JTIwMCUyMDAlMjAxJTIwLjc3Ny0uNDE2bDEwLjU5OSUyMDcuMDY2YS41LjUlMjAwJTIwMCUyMDElMjAwJTIwLjgzMnolMjIlMkYlM0UlM0MlMkZzdmclM0UlM0MlMkZkaXYlM0UlM0MlMkZkaXYlM0UlMEElM0MlMkZhJTNF[\/vc_raw_html][\/vc_column_inner][vc_column_inner width=&#8221;1\/3&#8243;][vc_raw_html]JTNDYSUyMGRhdGEtZmFuY3lib3glM0QlMjJnYWxsZXJ5JTIyJTIwaHJlZiUzRCUyMmh0dHBzJTNBJTJGJTJGd3d3LnlvdXR1YmUuY29tJTJGd2F0Y2glM0Z2JTNEdC13M3BuZkVFWG8lMjIlMjBjbGFzcyUzRCUyMnZpZGVvLWJveCUyMiUzRSUwQSUyMCUyMCUyMCUyMCUzQ2ltZyUyMHNyYyUzRCUyMmh0dHBzJTNBJTJGJTJGYXZydXBhY2VycmFoaS5jb20udHIlMkZ3cC1jb250ZW50JTJGdXBsb2FkcyUyRjIwMjElMkYwMiUyRmZpc3N1ci1tYWtldC1jYXRsYWdpLmpwZyUyMiUyMGFsdCUzRCUyMmltYWdlJTIyJTNFJTBBJTIwJTIwJTIwJTIwJTNDZGl2JTIwY2xhc3MlM0QlMjJ2aWRlby1ib3hfX2ljb24lMjIlM0UlM0NkaXYlMjBjbGFzcyUzRCUyMnZpZGVvLWJveF9faWNvbi0tcGxheSUyMiUzRSUzQ3N2ZyUyMHZpZXdCb3glM0QlMjIwJTIwMCUyMDI0JTIwMjQlMjIlMjB3aWR0aCUzRCUyMjI0JTIyJTIwaGVpZ2h0JTNEJTIyMjQlMjIlM0UlM0NwYXRoJTIwZmlsbCUzRCUyMm5vbmUlMjIlMjBkJTNEJTIyTTAlMjAwaDI0djI0SDB6JTIyJTJGJTNFJTNDcGF0aCUyMGQlM0QlMjJNMTkuMzc2JTIwMTIuNDE2TDguNzc3JTIwMTkuNDgyQS41LjUlMjAwJTIwMCUyMDElMjA4JTIwMTkuMDY2VjQuOTM0YS41LjUlMjAwJTIwMCUyMDElMjAuNzc3LS40MTZsMTAuNTk5JTIwNy4wNjZhLjUuNSUyMDAlMjAwJTIwMSUyMDAlMjAuODMyeiUyMiUyRiUzRSUzQyUyRnN2ZyUzRSUzQyUyRmRpdiUzRSUzQyUyRmRpdiUzRSUwQSUzQyUyRmElM0U=[\/vc_raw_html][\/vc_column_inner][\/vc_row_inner][vc_empty_space height=&#8221;15&#8243;][vc_separator][vc_empty_space height=&#8221;15&#8243;][\/vc_column][\/vc_row][vc_row][vc_column css=&#8221;.vc_custom_1536849658368{background-position: center !important;background-repeat: no-repeat !important;background-size: cover !important;}&#8221; el_class=&#8221;padding-bottom-128 column-limited&#8221;][vc_empty_space height=&#8221;15&#8243;][vc_separator][vc_empty_space height=&#8221;15&#8243;]<h2 class=\"box-header\">Avantajele tratamentului prolaps rectal<\/h2>[vc_column_text]Tratamentul non-chirurgical pentru prolaps rectal dureaz\u0103 5-8 minute.<br \/>\nSe efectueaz\u0103 rapid si f\u0103r\u0103 a fi nevoie de spitalizare, la fel ca \u0219i cu o plomba dentar\u0103<\/p>\n<p>Nu exist\u0103 aplica\u021bie pentru narcoz\u0103. Anestezia regional\u0103 se efectueaz\u0103 cu anestezie local\u0103.<\/p>\n<p>Persoana nu trebuie s\u0103 fac\u0103 nici o preg\u0103tire preliminar\u0103.<\/p>\n<p>Nu este necesar\u0103 nici o examinare sau analiz\u0103 suplimentar\u0103. Pacientul este con\u0219tient \u00een timpul procedurii.<\/p>\n<p>Cantitatea de durere resim\u021bit\u0103 \u00een timpul \u0219i dup\u0103 procedur\u0103 este foarte mic\u0103.<br \/>\nDeoarece aplica\u021biile chirurgicale, cum ar fi t\u0103itura sau cus\u0103turile nu sunt implicate, afectarea \u021besuturilor nu este experimentat\u0103 \u00een zona anal\u0103.<\/p>\n<p>\u00cen timp ce un tampon este plasat \u00een anus \u00een opera\u021biile chirurgicale clasice, aceast\u0103 aplica\u021bie nu se g\u0103se\u0219te \u00een tratamentul non-chirurgical.<\/p>\n<p>Imediat dup\u0103 tratament, persoana poate reveni la via\u021ba de zi cu zi.<\/p>\n<p>Persoanele cu boli sistemice \u0219i cronice pot beneficia de tratament cu laser f\u0103r\u0103 interven\u021bie chirurgical\u0103. Pacien\u021bii cu tensiune arterial\u0103, diabet \u0219i boli de inim\u0103 pot continua s\u0103-\u0219i foloseasc\u0103 medicamentele obi\u0219nuite.<\/p>\n<p>Complica\u021biile precum incontinen\u021ba de gaze \u0219i incontinen\u021ba scaunului observate dup\u0103 interven\u021bie chirurgical\u0103 nu sunt \u00een metodele de tratament non-chirurgical pe care le aplic\u0103m.<\/p>\n<p>Pacien\u021bii pot fi examina\u021bi \u0219i trata\u021bi \u00een aceea\u0219i zi. Dup\u0103 tratamentul non-chirurgical al prolaps rectal persoana poate reveni la via\u021ba social\u0103 \u0219i la munc\u0103<br \/>\n[\/vc_column_text][vc_empty_space height=&#8221;15&#8243;][vc_separator][vc_empty_space height=&#8221;15&#8243;]<h2 class=\"box-header\">De ce ar trebui s\u0103 alegem clinica Avrupa Cerrahi<\/h2>[vc_column_text]Trat\u0103m pacien\u021bii recomanda\u021bi pentru opera\u021bia de prolaps rectal cu tehnici laser non-chirurgicale, cu cuno\u0219tin\u021bele noastre de 17 ani.<\/p>\n<p>Urm\u0103rim toate informa\u021biile \u0219i evolu\u021biile de ultim\u0103 or\u0103 cu privire la proctologie , sursele interne \u0219i externe \u0219i aplic\u0103m tehnica noastr\u0103 special\u0103 de tratament \u00eentr-un mod deschis c\u0103tre inova\u021bii.<br \/>\n[\/vc_column_text][vc_empty_space height=&#8221;15&#8243;][vc_separator][vc_empty_space height=&#8221;15&#8243;]<h2 class=\"box-header black align-center large\">Contacta\u0163i-ne<\/h2>[vc_empty_space height=&#8221;15&#8243;]\n<div class=\"wpcf7 no-js\" id=\"wpcf7-f5761-o1\" lang=\"en-US\" dir=\"ltr\" data-wpcf7-id=\"5761\">\n<div class=\"screen-reader-response\"><p role=\"status\" aria-live=\"polite\" aria-atomic=\"true\"><\/p> <ul><\/ul><\/div>\n<form action=\"\/ro\/wp-json\/wp\/v2\/pages\/5277#wpcf7-f5761-o1\" method=\"post\" class=\"wpcf7-form init\" aria-label=\"Contact form\" novalidate=\"novalidate\" data-status=\"init\">\n<fieldset class=\"hidden-fields-container\"><input type=\"hidden\" name=\"_wpcf7\" value=\"5761\" \/><input type=\"hidden\" name=\"_wpcf7_version\" value=\"6.1.5\" \/><input type=\"hidden\" name=\"_wpcf7_locale\" value=\"en_US\" \/><input type=\"hidden\" name=\"_wpcf7_unit_tag\" value=\"wpcf7-f5761-o1\" \/><input type=\"hidden\" name=\"_wpcf7_container_post\" value=\"0\" \/><input type=\"hidden\" name=\"_wpcf7_posted_data_hash\" value=\"\" \/><input type=\"hidden\" name=\"_wpcf7_recaptcha_response\" value=\"\" \/>\n<\/fieldset>\n<div class=\"uacf7-form-wrapper-container uacf7-form-5761  \"><label class=\"forms\"><\/label>      \n<div class=\"yeniForm\" style=\"width:100%;\"><span class=\"wpcf7-form-control-wrap\" data-name=\"text-947\"><input size=\"40\" maxlength=\"400\" class=\"wpcf7-form-control wpcf7-text wpcf7-validates-as-required\" aria-required=\"true\" aria-invalid=\"false\" placeholder=\"Nume \u0219i prenume\" value=\"\" type=\"text\" name=\"text-947\" \/><\/span><\/div>\n<label class=\"forms\"><\/label>\n<div class=\"yeniForm form-size\" style=\"width:100%;\"><span class=\"wpcf7-form-control-wrap\" data-name=\"phonetext-104\"><input size=\"40\" class=\"wpcf7-form-control wpcf7-phonetext wpcf7-validates-as-required wpcf7-text wpcf7-validates-as-phonetext\" aria-required=\"true\" aria-invalid=\"false\" value=\"40\" type=\"text\" name=\"phonetext-104\" \/><input type=\"hidden\" name=\"phonetext-104-country-code\" class=\"wpcf7-phonetext-country-code\" \/><\/span><\/div>\n\n<label class=\"forms\"><\/label>\n<div class=\"yeniForm text-form\" style=\"width:100%; \"><span class=\"wpcf7-form-control-wrap\" data-name=\"text-751\"><input size=\"40\" maxlength=\"400\" class=\"wpcf7-form-control wpcf7-text\" aria-invalid=\"false\" placeholder=\"Mesajul\" value=\"\" type=\"text\" name=\"text-751\" \/><\/span><\/div>\n\n\n<div class=\"yeniFormBtn\" style=\"width:100%;\"><input class=\"wpcf7-form-control wpcf7-submit has-spinner\" type=\"submit\" value=\"Trimite\u021bi\" \/><\/div>\n\n<style>\n\/* Label *\/\n.forms{\n  display: block;\n  margin-bottom: 6px;\n}\n\n\/* Form bloklar\u0131 *\/\n.yeniForm{\n  width: 100%;\n  margin-bottom: 14px;\n  box-sizing: border-box;\n}\n\n\/* T\u00fcm inputlar *\/\n.yeniForm input{\n  width: 100% !important;\n  background: #f0f0f0;\n  border: none;\n  padding: 12px;\n  box-sizing: border-box;\n}\n\n\/* Telefon alan\u0131 \u2013 \u00f6zel override *\/\n.form-size input{\n  padding-left: 18px;\n  width: 100% !important;\n  font-weight: bold;\n}\n\n\/* Mesaj alan\u0131 *\/\n.text-form input{\n  height: 120px;\n}\n\n\/* Flag alan\u0131 *\/\n.flag-container,\n.selected-flag{\n  background: #d1d1d1;\n  width: 57px;\n}\n\n\/* Submit *\/\n.yeniFormBtn{\n  width: 100%;\n}\n\n.yeniFormBtn input{\n  width: 100% !important;\n  background: #3b72ae;\n  margin-top: 15px;\n  color: #fff;\n  border: none;\n  padding: 14px;\n  cursor: pointer;\n}\n\n\/* CF7 phone input *\/\ninput.wpcf7-form-control.wpcf7-text.wpcf7-phonetext{\n  width: 100% !important;\n  font-weight: bold;\n}\n<\/style><\/div><input type='hidden' class='wpcf7-pum' value='{\"closepopup\":false,\"closedelay\":0,\"openpopup\":false,\"openpopup_id\":0}' \/><div class=\"wpcf7-response-output\" aria-hidden=\"true\"><\/div>\n<\/form>\n<\/div>\n[vc_empty_space height=&#8221;15&#8243;][vc_separator][vc_empty_space height=&#8221;15&#8243;]<h2 class=\"box-header black align-center large\">Partenerii no\u0219tri<\/h2>[vc_empty_space height=&#8221;15&#8243;][vc_images_carousel images=&#8221;5153,5157,5158,5203&#8243; img_size=&#8221;full&#8221; speed=&#8221;3000&#8243; slides_per_view=&#8221;4&#8243; hide_pagination_control=&#8221;yes&#8221; hide_prev_next_buttons=&#8221;yes&#8221; wrap=&#8221;yes&#8221;][vc_empty_space height=&#8221;15&#8243;][vc_separator][\/vc_column][\/vc_row]<\/p>\n","protected":false},"excerpt":{"rendered":"<p>[vc_row][vc_column width=&#8221;1\/2&#8243;][vc_empty_space][vc_raw_html]JTNDYSUyMGRhdGEtZmFuY3lib3glM0QlMjJnYWxsZXJ5JTIyJTIwaHJlZiUzRCUyMmh0dHBzJTNBJTJGJTJGd3d3LnlvdXR1YmUuY29tJTJGd2F0Y2glM0Z2JTNEX2luWnR0TFdDaDQlMjZ0JTNEMnMlMjIlMjBjbGFzcyUzRCUyMnZpZGVvLWJveCUyMiUzRSUwQSUyMCUyMCUyMCUyMCUzQ2ltZyUyMHNyYyUzRCUyMmh0dHBzJTNBJTJGJTJGYXZydXBhY2VycmFoaS5uZXQlMkZlbiUyRndwLWNvbnRlbnQlMkZ1cGxvYWRzJTJGMjAyMiUyRjA0JTJGaGVtb3JvaWQtY25uLWluZ2lsaXpjZS5qcGclMjIlMjBhbHQlM0QlMjJpbWFnZSUyMiUzRSUwQSUyMCUyMCUyMCUyMCUzQ2RpdiUyMGNsYXNzJTNEJTIydmlkZW8tYm94X19pY29uJTIyJTNFJTNDZGl2JTIwY2xhc3MlM0QlMjJ2aWRlby1ib3hfX2ljb24tLXBsYXklMjIlM0UlM0NzdmclMjB2aWV3Qm94JTNEJTIyMCUyMDAlMjAyNCUyMDI0JTIyJTIwd2lkdGglM0QlMjIyNCUyMiUyMGhlaWdodCUzRCUyMjI0JTIyJTNFJTNDcGF0aCUyMGZpbGwlM0QlMjJub25lJTIyJTIwZCUzRCUyMk0wJTIwMGgyNHYyNEgweiUyMiUyRiUzRSUzQ3BhdGglMjBkJTNEJTIyTTE5LjM3NiUyMDEyLjQxNkw4Ljc3NyUyMDE5LjQ4MkEuNS41JTIwMCUyMDAlMjAxJTIwOCUyMDE5LjA2NlY0LjkzNGEuNS41JTIwMCUyMDAlMjAxJTIwLjc3Ny0uNDE2bDEwLjU5OSUyMDcuMDY2YS41LjUlMjAwJTIwMCUyMDElMjAwJTIwLjgzMnolMjIlMkYlM0UlM0MlMkZzdmclM0UlM0MlMkZkaXYlM0UlM0MlMkZkaXYlM0UlMEElM0MlMkZhJTNF[\/vc_raw_html][\/vc_column][vc_column width=&#8221;1\/2&#8243; el_class=&#8221;padding-left-30&#8243;][vc_empty_space][vc_raw_html]JTNDYSUyMGRhdGEtZmFuY3lib3glM0QlMjJnYWxsZXJ5JTIyJTIwaHJlZiUzRCUyMmh0dHBzJTNBJTJGJTJGd3d3LnlvdXR1YmUuY29tJTJGd2F0Y2glM0Z2JTNEWUJqVlNmaVJXUzglMjIlMjBjbGFzcyUzRCUyMnZpZGVvLWJveCUyMiUzRSUwQSUyMCUyMCUyMCUyMCUzQ2ltZyUyMHNyYyUzRCUyMmh0dHBzJTNBJTJGJTJGYXZydXBhY2VycmFoaS5uZXQlMkZlbiUyRndwLWNvbnRlbnQlMkZ1cGxvYWRzJTJGMjAyMiUyRjEyJTJGcmVrdGFsa2FuYW1hLWthcGFrLWVuZy5qcGclMjIlMjBhbHQlM0QlMjJpbWFnZSUyMiUzRSUwQSUyMCUyMCUyMCUyMCUzQ2RpdiUyMGNsYXNzJTNEJTIydmlkZW8tYm94X19pY29uJTIyJTNFJTNDZGl2JTIwY2xhc3MlM0QlMjJ2aWRlby1ib3hfX2ljb24tLXBsYXklMjIlM0UlM0NzdmclMjB2aWV3Qm94JTNEJTIyMCUyMDAlMjAyNCUyMDI0JTIyJTIwd2lkdGglM0QlMjIyNCUyMiUyMGhlaWdodCUzRCUyMjI0JTIyJTNFJTNDcGF0aCUyMGZpbGwlM0QlMjJub25lJTIyJTIwZCUzRCUyMk0wJTIwMGgyNHYyNEgweiUyMiUyRiUzRSUzQ3BhdGglMjBkJTNEJTIyTTE5LjM3NiUyMDEyLjQxNkw4Ljc3NyUyMDE5LjQ4MkEuNS41JTIwMCUyMDAlMjAxJTIwOCUyMDE5LjA2NlY0LjkzNGEuNS41JTIwMCUyMDAlMjAxJTIwLjc3Ny0uNDE2bDEwLjU5OSUyMDcuMDY2YS41LjUlMjAwJTIwMCUyMDElMjAwJTIwLjgzMnolMjIlMkYlM0UlM0MlMkZzdmclM0UlM0MlMkZkaXYlM0UlM0MlMkZkaXYlM0UlMEElM0MlMkZhJTNF[\/vc_raw_html][\/vc_column][\/vc_row][vc_row][vc_column][vc_empty_space height=&#8221;15px&#8221;][vc_separator][vc_empty_space height=&#8221;15px&#8221;][vc_column_text]Rectul, care este descris ca cea mai apropiat\u0103 parte \u0219i ultima parte a intestinului gros de regiunea anal\u0103, se nume\u0219te prolaps rectal Ca urmare a prolapsului rectal mucusul sau defecarea pot ap\u0103rea dup\u0103 sl\u0103birea mu\u0219chilor care sus\u021bin defecarea, numi\u021bi sfincter. Aceast\u0103 tulburare, care este mai frecvent\u0103 la femei, este observat\u0103<\/p>\n","protected":false},"author":1,"featured_media":0,"parent":0,"menu_order":0,"comment_status":"closed","ping_status":"closed","template":"","meta":{"_metasync_otto_title":"","_metasync_otto_description":"","_metasync_otto_keywords":"","_metasync_otto_og_title":"","_metasync_otto_og_description":"","_metasync_otto_twitter_title":"","_metasync_otto_twitter_description":"","rank_math_title":"","rank_math_description":"","_yoast_wpseo_title":"","_yoast_wpseo_metadesc":"","_aioseo_title":"#post_title","_aioseo_description":"Tratamentul non-chirurgical al prolapsului rectal dureaz\u0103 5-8 minute. Se efectueaz\u0103 rapid si f\u0103r\u0103 a fi nevoie de spitalizare, la fel ca si cu o plomba dentar\u0103","_metasync_seo_title":"","_metasync_seo_desc":"","_metasync_otto_disabled":"","footnotes":""},"class_list":["post-5277","page","type-page","status-publish","hentry"],"aioseo_notices":[],"_links":{"self":[{"href":"https:\/\/avrupacerrahi.net\/ro\/wp-json\/wp\/v2\/pages\/5277","targetHints":{"allow":["GET"]}}],"collection":[{"href":"https:\/\/avrupacerrahi.net\/ro\/wp-json\/wp\/v2\/pages"}],"about":[{"href":"https:\/\/avrupacerrahi.net\/ro\/wp-json\/wp\/v2\/types\/page"}],"author":[{"embeddable":true,"href":"https:\/\/avrupacerrahi.net\/ro\/wp-json\/wp\/v2\/users\/1"}],"replies":[{"embeddable":true,"href":"https:\/\/avrupacerrahi.net\/ro\/wp-json\/wp\/v2\/comments?post=5277"}],"version-history":[{"count":4,"href":"https:\/\/avrupacerrahi.net\/ro\/wp-json\/wp\/v2\/pages\/5277\/revisions"}],"predecessor-version":[{"id":6574,"href":"https:\/\/avrupacerrahi.net\/ro\/wp-json\/wp\/v2\/pages\/5277\/revisions\/6574"}],"wp:attachment":[{"href":"https:\/\/avrupacerrahi.net\/ro\/wp-json\/wp\/v2\/media?parent=5277"}],"curies":[{"name":"wp","href":"https:\/\/api.w.org\/{rel}","templated":true}]}}