{"id":6154,"date":"2024-03-18T15:45:29","date_gmt":"2024-03-18T12:45:29","guid":{"rendered":"https:\/\/avrupacerrahi.net\/ro\/?page_id=6154"},"modified":"2024-03-18T15:45:29","modified_gmt":"2024-03-18T12:45:29","slug":"recenzii-google","status":"publish","type":"page","link":"https:\/\/avrupacerrahi.net\/ro\/recenzii-google\/","title":{"rendered":"Recenzii Google"},"content":{"rendered":"<p>[vc_row][vc_column][vc_empty_space height=&#8221;25px&#8221;][vc_separator][vc_raw_html]JTVCdHJ1c3RpbmRleCUyMG5vLXJlZ2lzdHJhdGlvbiUzRGdvb2dsZSU1RCUwQQ==[\/vc_raw_html][vc_empty_space][\/vc_column][\/vc_row]<\/p>\n","protected":false},"excerpt":{"rendered":"<p>[vc_row][vc_column][vc_empty_space height=&#8221;25px&#8221;][vc_separator][vc_raw_html]JTVCdHJ1c3RpbmRleCUyMG5vLXJlZ2lzdHJhdGlvbiUzRGdvb2dsZSU1RCUwQQ==[\/vc_raw_html][vc_empty_space][\/vc_column][\/vc_row]<\/p>\n","protected":false},"author":2,"featured_media":0,"parent":0,"menu_order":0,"comment_status":"closed","ping_status":"closed","template":"","meta":{"_metasync_otto_title":"","_metasync_otto_description":"","_metasync_otto_keywords":"","_metasync_otto_og_title":"","_metasync_otto_og_description":"","_metasync_otto_twitter_title":"","_metasync_otto_twitter_description":"","rank_math_title":"","rank_math_description":"","_yoast_wpseo_title":"","_yoast_wpseo_metadesc":"","_aioseo_title":null,"_aioseo_description":"Avrupa Cerrahi este al\u0103turi de dumneavoastr\u0103 cu un personal profesionist, prietenos, \u00een\u021beleg\u0103tor \u0219i calificat!","_metasync_seo_title":"","_metasync_seo_desc":"","_metasync_otto_disabled":"","footnotes":""},"class_list":["post-6154","page","type-page","status-publish","hentry"],"aioseo_notices":[],"_links":{"self":[{"href":"https:\/\/avrupacerrahi.net\/ro\/wp-json\/wp\/v2\/pages\/6154","targetHints":{"allow":["GET"]}}],"collection":[{"href":"https:\/\/avrupacerrahi.net\/ro\/wp-json\/wp\/v2\/pages"}],"about":[{"href":"https:\/\/avrupacerrahi.net\/ro\/wp-json\/wp\/v2\/types\/page"}],"author":[{"embeddable":true,"href":"https:\/\/avrupacerrahi.net\/ro\/wp-json\/wp\/v2\/users\/2"}],"replies":[{"embeddable":true,"href":"https:\/\/avrupacerrahi.net\/ro\/wp-json\/wp\/v2\/comments?post=6154"}],"version-history":[{"count":1,"href":"https:\/\/avrupacerrahi.net\/ro\/wp-json\/wp\/v2\/pages\/6154\/revisions"}],"predecessor-version":[{"id":6155,"href":"https:\/\/avrupacerrahi.net\/ro\/wp-json\/wp\/v2\/pages\/6154\/revisions\/6155"}],"wp:attachment":[{"href":"https:\/\/avrupacerrahi.net\/ro\/wp-json\/wp\/v2\/media?parent=6154"}],"curies":[{"name":"wp","href":"https:\/\/api.w.org\/{rel}","templated":true}]}}