{"id":4029,"date":"2020-11-27T13:16:00","date_gmt":"2020-11-27T10:16:00","guid":{"rendered":"https:\/\/avrupacerrahi.com.tr\/sd\/?page_id=4029"},"modified":"2026-03-26T12:22:52","modified_gmt":"2026-03-26T09:22:52","slug":"nasa-misija","status":"publish","type":"page","link":"https:\/\/avrupacerrahi.net\/rs\/nasa-misija\/","title":{"rendered":"Na\u0161a Misija"},"content":{"rendered":"<p>[vc_row][vc_column][vc_empty_space height=&#8221;25px&#8221;][vc_column_text]<\/p>\n<h2><strong>O Nama<\/strong><\/h2>\n<p>Pristupa\u010dna lokacija i pogodan prevoz do na\u0161ih centara omoguc\u0301avaju pacijentima da lako do\u0111u do na\u0161ih klinika u Istanbulu iz bilo kog dela sveta, da se podvrgnu pregledu i naknadnom le\u010denju koristec\u0301i najnoviju lasersku opremu i uz usluge profesionalnog tima medicinskih radnika.<\/p>\n<p>Specijalisti na\u0161eg centra pru\u017eaju pa\u017eljiv i bri\u017ean stav, pru\u017eajuc\u0301i pouzdane i bezbedne medicinske usluge u pet proktolo\u0161kih oblasti: hemoroidi, pilonidalni sinus, analne fisure, analna <b><a href=\"https:\/\/avrupacerrahi.net\/rs\/nehirursko-lecenje-fistule\/\">fistula<\/a><\/b>, genitalne bradavice (<b><a href=\"https:\/\/avrupacerrahi.net\/rs\/sta-je-bradavica\/\">HPV<\/a><\/b>). Ponosni smo na posebnost na\u0161eg medicinskog centra, koja omoguc\u0301ava pacijentima iz najudaljenijih delova zemlje i sveta da se oporave od bolesti na dan dolaska.<\/p>\n<p>Na\u0161im pacijentima koji dolaze iz inostranstva; Drago nam je \u0161to mo\u017eemo da obezbedimo uslove za prevazila\u017eenje jezi\u010dkih barijera putem prevodilaca i konsultanata za pacijente koji rade u porodici Proktolo\u0161kog centra Avrupa \u010cerahi.[\/vc_column_text][vc_separator][vc_empty_space][\/vc_column][\/vc_row][vc_row][vc_column width=&#8221;1\/2&#8243;][vc_column_text]<\/p>\n<h2><strong>Na\u0161a Misija<\/strong><\/h2>\n<ul>\n<li>Medicinsko osoblje pru\u017ea kvalitetnu profesionalnu negu pacijentima: nasmejano, brzo reaguje, spremno da pomogne i pacijentima i njihovim ro\u0111acima.<\/li>\n<li>Koristimo na\u0161e metode le\u010denja koristec\u0301i najpogodnije i najsavremenije tehnologije kako bismo brzo obnovili zdravlje na\u0161ih pacijenata.<\/li>\n<li>Na\u0161im modernim, po\u0161tovanim i iskrenim pristupom, pru\u017eamo na\u0161im pacijentima moguc\u0301nost da nas kontaktiraju u bilo kom trenutku.<\/li>\n<li>Sa na\u0161im principom neograni\u010dene usluge, le\u010dimo pacijente iz svih regiona i zemalja, bez pomoc\u0301i narkoze, bez operacije i hirur\u0161kih metoda le\u010denja, bez hospitalizacije i pru\u017eamo moguc\u0301nost brzog obnavljanja zdravlja.<\/li>\n<\/ul>\n<p>[\/vc_column_text][\/vc_column][vc_column width=&#8221;1\/2&#8243;][vc_column_text]<\/p>\n<h2><strong>Na\u0161a Vizija<\/strong><\/h2>\n<ul>\n<li>\u0160irom Turske, kao jedino ime u oblasti proktologije, u \u0161irem regionu sveta, sa na\u0161im standardima kvaliteta pru\u017eamo zdravstvenu negu na\u0161im pacijentima.<\/li>\n<li>Kao najbolja proktologija i jedini proktolo\u0161ki centar u Turskoj koji ispunjava najvi\u0161e me\u0111unarodne standarde kvaliteta nege pacijenata, pro\u0161iriti svoju geografiju i pomoc\u0301i \u0161to vec\u0301em broju pacijenata.<\/li>\n<li>Na osnovu mi\u0161ljenja pacijenata i njihove pratnje \u2013 najbolja i jedina prilika u le\u010denju proktolo\u0161kih bolesti u Turskoj.<\/li>\n<li>Kao Evropski hirur\u0161ki medicinski centar, odr\u017eavati zdravstvenu slu\u017ebu kao primernu instituciju u svakom pogledu za sve zdravstvene ustanove.<\/li>\n<\/ul>\n<p>[\/vc_column_text][\/vc_column][\/vc_row][vc_row][vc_column][vc_empty_space height=&#8221;25px&#8221;][vc_column_text]<\/p>\n<h2>Me\u0111unarodni Sertifikat O Ovla\u0161c\u0301enju Za Zdravstveni Turizam<\/h2>\n<p><img loading=\"lazy\" decoding=\"async\" class=\"alignnone wp-image-7193\" src=\"https:\/\/avrupacerrahi.net\/rs\/wp-content\/uploads\/2025\/06\/saglik-turizmi.png\" alt=\"\" width=\"668\" height=\"473\" srcset=\"https:\/\/avrupacerrahi.net\/rs\/wp-content\/uploads\/2025\/06\/saglik-turizmi.png 842w, https:\/\/avrupacerrahi.net\/rs\/wp-content\/uploads\/2025\/06\/saglik-turizmi-300x212.png 300w, https:\/\/avrupacerrahi.net\/rs\/wp-content\/uploads\/2025\/06\/saglik-turizmi-768x544.png 768w\" sizes=\"auto, (max-width: 668px) 100vw, 668px\" \/>[\/vc_column_text][vc_separator][vc_empty_space][\/vc_column][\/vc_row]<\/p>\n","protected":false},"excerpt":{"rendered":"<p>[vc_row][vc_column][vc_empty_space height=&#8221;25px&#8221;][vc_column_text] O Nama Pristupa\u010dna lokacija i pogodan prevoz do na\u0161ih centara omoguc\u0301avaju pacijentima da lako do\u0111u do na\u0161ih klinika u Istanbulu iz bilo kog dela sveta, da se podvrgnu pregledu i naknadnom le\u010denju koristec\u0301i najnoviju lasersku opremu i uz usluge profesionalnog tima medicinskih radnika. Specijalisti na\u0161eg centra pru\u017eaju pa\u017eljiv i bri\u017ean stav, pru\u017eajuc\u0301i pouzdane<\/p>\n","protected":false},"author":1,"featured_media":0,"parent":0,"menu_order":0,"comment_status":"closed","ping_status":"closed","template":"","meta":{"footnotes":""},"class_list":["post-4029","page","type-page","status-publish","hentry"],"aioseo_notices":[],"_links":{"self":[{"href":"https:\/\/avrupacerrahi.net\/rs\/wp-json\/wp\/v2\/pages\/4029","targetHints":{"allow":["GET"]}}],"collection":[{"href":"https:\/\/avrupacerrahi.net\/rs\/wp-json\/wp\/v2\/pages"}],"about":[{"href":"https:\/\/avrupacerrahi.net\/rs\/wp-json\/wp\/v2\/types\/page"}],"author":[{"embeddable":true,"href":"https:\/\/avrupacerrahi.net\/rs\/wp-json\/wp\/v2\/users\/1"}],"replies":[{"embeddable":true,"href":"https:\/\/avrupacerrahi.net\/rs\/wp-json\/wp\/v2\/comments?post=4029"}],"version-history":[{"count":9,"href":"https:\/\/avrupacerrahi.net\/rs\/wp-json\/wp\/v2\/pages\/4029\/revisions"}],"predecessor-version":[{"id":8225,"href":"https:\/\/avrupacerrahi.net\/rs\/wp-json\/wp\/v2\/pages\/4029\/revisions\/8225"}],"wp:attachment":[{"href":"https:\/\/avrupacerrahi.net\/rs\/wp-json\/wp\/v2\/media?parent=4029"}],"curies":[{"name":"wp","href":"https:\/\/api.w.org\/{rel}","templated":true}]}}