{"id":4100,"date":"2020-11-29T11:53:34","date_gmt":"2020-11-29T08:53:34","guid":{"rendered":"https:\/\/avrupacerrahi.com.tr\/sd\/?page_id=4100"},"modified":"2026-03-26T12:30:02","modified_gmt":"2026-03-26T09:30:02","slug":"nehirursko-lecenje-fistule","status":"publish","type":"page","link":"https:\/\/avrupacerrahi.net\/rs\/nehirursko-lecenje-fistule\/","title":{"rendered":"Nehirur\u0161ko Le\u010denje Fistule"},"content":{"rendered":"<p>[vc_row][vc_column width=&#8221;1\/2&#8243;][vc_empty_space height=&#8221;30px&#8221;][vc_raw_html]JTNDaWZyYW1lJTIwY2xhc3MlM0QlMjJib3JkZXItc2hhZG93cyUyMiUyMHdpZHRoJTNEJTIyMTAwJTI1JTIyJTIwaGVpZ2h0JTNEJTIyMzE1JTIyJTIwc3JjJTNEJTIyaHR0cHMlM0ElMkYlMkZ3d3cueW91dHViZS5jb20lMkZlbWJlZCUyRm4yOXhRcUFickpzJTNGc2klM0QyUFFtRDN0aVJZLXFSOTg0JTIyJTIwdGl0bGUlM0QlMjJZb3VUdWJlJTIwdmlkZW8lMjBwbGF5ZXIlMjIlMjBmcmFtZWJvcmRlciUzRCUyMjAlMjIlMjBhbGxvdyUzRCUyMmFjY2VsZXJvbWV0ZXIlM0IlMjBhdXRvcGxheSUzQiUyMGNsaXBib2FyZC13cml0ZSUzQiUyMGVuY3J5cHRlZC1tZWRpYSUzQiUyMGd5cm9zY29wZSUzQiUyMHBpY3R1cmUtaW4tcGljdHVyZSUzQiUyMHdlYi1zaGFyZSUyMiUyMGFsbG93ZnVsbHNjcmVlbiUzRSUzQyUyRmlmcmFtZSUzRQ==[\/vc_raw_html][\/vc_column][vc_column width=&#8221;1\/2&#8243;][vc_empty_space height=&#8221;30px&#8221;][vc_raw_html]JTNDaWZyYW1lJTIwY2xhc3MlM0QlMjJib3JkZXItc2hhZG93cyUyMiUyMHdpZHRoJTNEJTIyMTAwJTI1JTIyJTIwaGVpZ2h0JTNEJTIyMzE1JTIyJTIwc3JjJTNEJTIyaHR0cHMlM0ElMkYlMkZ3d3cueW91dHViZS5jb20lMkZlbWJlZCUyRkYtODV4UnpEdTQ0JTNGc2klM0RVWER3UnJfMmtTSC1IZFpIJTIyJTIwdGl0bGUlM0QlMjJZb3VUdWJlJTIwdmlkZW8lMjBwbGF5ZXIlMjIlMjBmcmFtZWJvcmRlciUzRCUyMjAlMjIlMjBhbGxvdyUzRCUyMmFjY2VsZXJvbWV0ZXIlM0IlMjBhdXRvcGxheSUzQiUyMGNsaXBib2FyZC13cml0ZSUzQiUyMGVuY3J5cHRlZC1tZWRpYSUzQiUyMGd5cm9zY29wZSUzQiUyMHBpY3R1cmUtaW4tcGljdHVyZSUzQiUyMHdlYi1zaGFyZSUyMiUyMGFsbG93ZnVsbHNjcmVlbiUzRSUzQyUyRmlmcmFtZSUzRQ==[\/vc_raw_html][\/vc_column][\/vc_row][vc_row][vc_column][vc_empty_space height=&#8221;23px&#8221;][vc_separator][vc_separator][vc_row_inner][vc_column_inner]<h2 class=\"box-header align-left\">\u0160ta je Fistula?<\/h2>[vc_column_text]Fistula je spojni kanal formiran izme\u0111u dva unutra\u0161nja organa ili unutra\u0161njih organa i sloja ko\u017ee u karli\u010dnom podru\u010dju. Fistulni kanali koji se vide u karli\u010dnom predle\u017eaju nastaju zbog povrede organa u podru\u010dju gde se formiraju ili zbog formiranja apscesa u tom podru\u010dju. Fistulozni kanali u karli\u010dnom podru\u010dju nastaju zbog o\u0161tec\u0301enja organa u delu gde se formiraju ili zbog pojave apscesa u ovom podru\u010dju.[\/vc_column_text][vc_empty_space][vc_empty_space][\/vc_column_inner][\/vc_row_inner][vc_row_inner][vc_column_inner width=&#8221;1\/2&#8243;][vc_single_image image=&#8221;6769&#8243; img_size=&#8221;full&#8221;][\/vc_column_inner][vc_column_inner width=&#8221;1\/2&#8243;]<h2 class=\"box-header\">Laserski Tretman Analne Fistule<\/h2>[vc_column_text]Laserski tretman analne fistule precizno cilja fistulni trakt, nudec\u0301i minimalno invazivno re\u0161enje bez tradicionalne hirurgije. Postupak podrazumeva identifikaciju putanje fistule i kori\u0161c\u0301enje laserske energije za njeno zatvaranje, podsti\u010duc\u0301i prirodno zarastanje uz o\u010duvanje okolnih zdravih tkiva.<\/p>\n<p>Ovaj pristup obezbe\u0111uje br\u017ei oporavak, smanjen bol i manji rizik od recidiva, omoguc\u0301avajuc\u0301i pacijentima da se udobno i sa samopouzdanjem vrate svom svakodnevnom \u017eivotu.[\/vc_column_text][\/vc_column_inner][\/vc_row_inner][vc_empty_space height=&#8221;23px&#8221;][vc_empty_space height=&#8221;23px&#8221;]<h2 class=\"box-header\">Prednosti Laserskog Tretmana Analne Fistule<\/h2>[vc_column_text]<\/p>\n<ul>\n<li>Nehirur\u0161ko le\u010denje<\/li>\n<li>Vreme obrade je 5-8 minuta.<\/li>\n<li>Bez anestezije i bez ne\u017eeljenih efekata povezanih sa anestezijom (samo jednostavna lokalna anestezija)<\/li>\n<li>Po\u0161to nema operacije, nema potrebe za testovima ili analizama pre tretmana, a glad ili sitost ne ometaju le\u010denje.<\/li>\n<li>Bez rezova i \u0161avova.<\/li>\n<li>Po\u0161to tkiva nisu o\u0161tec\u0301ena, zarastanje je brzo.<\/li>\n<li>Mogu se vratiti svojim svakodnevnim aktivnostima istog dana kada je tretman zavr\u0161en.<\/li>\n<li>Ne zahteva boravak u bolnici jer je jednako udobno i brzo kao i plombe za zube.<\/li>\n<li>Manje bola nakon nehirur\u0161kog laserskog tretmana.<\/li>\n<li>Komplikacije nakon tretmana se obi\u010dno ne primec\u0301uju. (inkontinencija stolice ili gasova, jak bol&#8230;)<\/li>\n<li>Mo\u017ee se primeniti i kod pacijenata sa hroni\u010dnim bolestima.<\/li>\n<\/ul>\n<p>[\/vc_column_text][vc_empty_space height=&#8221;23px&#8221;][vc_empty_space height=&#8221;30px&#8221;][vc_empty_space height=&#8221;23px&#8221;][vc_row_inner][vc_column_inner width=&#8221;1\/2&#8243;][vc_raw_html]JTNDaWZyYW1lJTIwd2lkdGglM0QlMjI1NjAlMjIlMjBoZWlnaHQlM0QlMjIzMTUlMjIlMjBzcmMlM0QlMjJodHRwcyUzQSUyRiUyRnd3dy55b3V0dWJlLmNvbSUyRmVtYmVkJTJGa3VpY1JlRVNQbGclM0ZzaSUzRE5wRDNpZHdEYXBGQ3BSUGIlMjIlMjB0aXRsZSUzRCUyMllvdVR1YmUlMjB2aWRlbyUyMHBsYXllciUyMiUyMGZyYW1lYm9yZGVyJTNEJTIyMCUyMiUyMGFsbG93JTNEJTIyYWNjZWxlcm9tZXRlciUzQiUyMGF1dG9wbGF5JTNCJTIwY2xpcGJvYXJkLXdyaXRlJTNCJTIwZW5jcnlwdGVkLW1lZGlhJTNCJTIwZ3lyb3Njb3BlJTNCJTIwcGljdHVyZS1pbi1waWN0dXJlJTNCJTIwd2ViLXNoYXJlJTIyJTIwYWxsb3dmdWxsc2NyZWVuJTNFJTNDJTJGaWZyYW1lJTNF[\/vc_raw_html][\/vc_column_inner][vc_column_inner width=&#8221;1\/2&#8243;]<h2 class=\"box-header\">Komentari Na\u0161ih Pacijenata Koji su Iskusni sa Na\u0161im Nehirur\u0161kim Tretmanima<\/h2>[vc_column_text]Uz nehirur\u0161ke metode laserskog le\u010denja analnih <b><a href=\"https:\/\/avrupacerrahi.net\/rs\/sta-je-analna-fistula\/\">fistula<\/a><\/b>, sada je moguc\u0301e vratiti se svakodnevnom \u017eivotu bez bola i bez potrebe za dugim procesom oporavka. Pogledajte recenzije na\u0161ih pacijenata i napravite prvi korak ka zdravijem \u017eivotu. <a href=\"https:\/\/www.google.com\/search?hl=tr-TR&amp;gl=tr&amp;q=Levent,+Avrupa+Cerrahi+Proktoloji+Merkezi,+Levent+Cd.+No:4,+34330+Be%C5%9Fikta%C5%9F\/%C4%B0stanbul&amp;ludocid=2395070372705683028&amp;lsig=AB86z5WAZmSn48eiUK0vp7CWGt8P&amp;hl=tr&amp;gl=TR#lrd=0x14cab7eb9bb9447f:0x213cffd0792f4654,1\">Posetom Linka<\/a>[\/vc_column_text][\/vc_column_inner][\/vc_row_inner][\/vc_column][\/vc_row][vc_row][vc_column width=&#8221;1\/2&#8243;][vc_empty_space][\/vc_column][vc_column width=&#8221;1\/2&#8243;][vc_empty_space][\/vc_column][\/vc_row][vc_row][vc_column][vc_empty_space height=&#8221;15px&#8221;]<h2 class=\"box-header align-left\">Simptomi Analne Fistule<\/h2>[vc_column_text]Bolest analne fistule u rektalnom podru\u010dju prate tegobe karakteristi\u010dne za nju. Obi\u010dno se manifestuje kao otok u karli\u010dnom podru\u010dju, osec\u0301aj punoc\u0301e i, u nekim slu\u010dajevima, neprijatan miris apscesa. Kada fistule teku, na donjem ve\u0161u se primec\u0301uju \u017eute mrlje.<\/p>\n<p>Simptomi analne fistule, koji se primec\u0301uju jedan za drugim, mogu se navesti na sledec\u0301i na\u010din:<\/p>\n<ul>\n<li>Spolja\u0161nji otvor fistulnog kanala blizu anusa, otok,<\/li>\n<li>Upala iz podru\u010dja debelog creva,<\/li>\n<li>Bol tokom pra\u017enjenja creva,<\/li>\n<li>Upalni \u017euti iscedak i neprijatan miris zbog prisustva apscesa,<\/li>\n<li>Krvarenje tokom pra\u017enjenja creva ili mrlje od krvi na donjem ve\u0161u nakon kori\u0161c\u0301enja toaleta.<\/li>\n<\/ul>\n<p>Ako se otkrije bilo koji od gore navedenih simptoma, odmah se obratite lekaru radi kona\u010dne dijagnoze.[\/vc_column_text][vc_empty_space height=&#8221;15px&#8221;][\/vc_column][\/vc_row][vc_row][vc_column width=&#8221;1\/2&#8243;][vc_empty_space height=&#8221;15px&#8221;]<h2 class=\"box-header align-left\">\u0160ta Uzrokuje Analnu Fistulu?<\/h2>[vc_column_text]Postoji mnogo hipoteza o uzrocima nastanka analnih fistula. Mo\u017eemo rec\u0301i da se vec\u0301ina pacijenata susrec\u0301e sa ovom bole\u0161c\u0301u slu\u010dajno. Uni\u0161tavanje tkivne strukture karli\u010dnog podru\u010dja iz vi\u0161e razloga jedan je od glavnih uzroka bolesti. Napetost tokom zatvora ili napada dijareje izaziva iritaciju i pukotine na povr\u0161ini sluzoko\u017ee analnog kanala, koje se vremenom upaljuju. Ako se povre\u0111ena podru\u010dja u anusu ne le\u010de, upaljeni deo otvara put za stvaranje fistule.<\/p>\n<p>Apses koji nastaje usled analne fisure ili iritacije rektuma stvara drena\u017eu prema ko\u017ei i izlazi na povr\u0161inu ko\u017ee. Ovaj iscedak tako\u0111e prolazi kroz fistulni kanal. Mo\u017ee se rec\u0301i da je stanje u kojem postoje napadi zatvora ili dijareje koji o\u0161tec\u0301uju podru\u010dje analnog kanala jedan od uzroka analne fistule.<\/p>\n<p>Treba napomenuti da nije svaki odlazak u toalet, prac\u0301en zatvorom ili dijarejom, posledica analne fistule. U nekim slu\u010dajevima, analna fistula mo\u017ee nastati zbog raznih crevnih bolesti. Tako\u0111e mo\u017ee biti uzrokovan odre\u0111enim vrstama raka debelog creva, hroni\u010dnim kolitisom ili ulceroznim kolitisom.[\/vc_column_text][vc_empty_space height=&#8221;15px&#8221;][\/vc_column][vc_column width=&#8221;1\/2&#8243;][vc_single_image image=&#8221;6655&#8243; img_size=&#8221;full&#8221;][\/vc_column][\/vc_row][vc_row][vc_column]<h2 class=\"box-header align-left\">Vrste Analnih Fistula<\/h2>[vc_column_text]Prema lokaciji u odnosu na sfinkter, fistule se klasifikuju u sledec\u0301e tipove: transfinkterne, suprasfinkterne fistule, ekstrasfinkterne i intrasfinkterne.[\/vc_column_text]<h3 class=\"box-header align-left\">Transsfinkterska Fistula<\/h3>[vc_column_text]Kod ove vrste fistule, fistulni trakt se prote\u017ee izme\u0111u sfinkterskog mi\u0161ic\u0301a i povr\u0161ine ko\u017ee.[\/vc_column_text]<h3 class=\"box-header align-left\">Suprasfinteri\u010dna Fistula<\/h3>[vc_column_text]Suprasfinkterske fistule, koje po\u010dinju u intersfinkterskom prostoru, podi\u017eu se navi\u0161e i prelaze mi\u0161ic\u0301ne strukture analnog kanala u njegovoj najvi\u0161oj ta\u010dki, \u010dime zahvataju ceo obturatorni aparat.[\/vc_column_text][\/vc_column][\/vc_row][vc_row][vc_column]<h3 class=\"box-header align-left\">Ekstrasfinkteri\u010dna Fistula<\/h3>[vc_column_text]U ovom slu\u010daju, fistula se formira sa mesta okolnog epitelnog tkiva i otvara put ka unutra du\u017e debelog creva.[\/vc_column_text]<h3 class=\"box-header align-left\">Intrasfinkteri\u010dna Fistula<\/h3>[vc_column_text]Nastao usled apscesa, tok kanala se nalazi izme\u0111u unutra\u0161njih i spolja\u0161njih mi\u0161ic\u0301a perianalne regije. Spolja\u0161nji otvor fistule se nalazi blizu anusa, a unutra\u0161nji otvor fistule se obi\u010dno nalazi na ulazu u analni kanal.[\/vc_column_text][\/vc_column][\/vc_row][vc_row][vc_column][vc_column_text]Jednostavne vrste fistula javljaju se kod 90 odsto ljudi sa ovim stanjem. Me\u0111utim, ako se le\u010denje odlo\u017ei, ova bolest se razvija u narednom periodu i pretvara u slo\u017eene fistulozne strukture, \u010diji je proces le\u010denja du\u017ei i komplikovaniji.[\/vc_column_text][\/vc_column][\/vc_row][vc_row][vc_column offset=&#8221;vc_hidden-lg vc_hidden-md vc_hidden-sm vc_hidden-xs&#8221;][vc_empty_space][\/vc_column][\/vc_row][vc_row][vc_column][vc_empty_space]<h2 class=\"box-header\">Mo\u017ee li se Analna Fistula Pretvoriti u Rak?<\/h2>[vc_column_text]Fistula je bolest koja nastaje kada imuni sistem ne poku\u0161ava da elimini\u0161e upalu koja je nastala usled traumatske situacije u rektalnom regionu. Iz tog razloga, primec\u0301eni simptomi su sli\u010dni nekim vrstama raka debelog creva i rektuma.<\/p>\n<p>Na primer, tegobe poput krvarenja tokom pra\u017enjenja creva ili osec\u0301aja punoc\u0301e u anusu se tako\u0111e primec\u0301uju kod raka. Me\u0111utim, ako nele\u010dena analna fistula tokom mnogih godina izaziva kontinuirano zapaljenje u ovom podru\u010dju, posle nekog vremena c\u0301e izazvati progresiju c\u0301elija raka.<\/p>\n<p>Istra\u017eivanja pokazuju da upala koja traje 10 godina mo\u017ee izazvati rak c\u0301elija u tom delu. Stoga, ako se pojave simptomi, trebalo bi da se konsultujete sa lekarom specijalistom i utvrdite osnovni uzrok tegobe. Ako je potrebno, specijalisti tako\u0111e mogu uputiti na razne testove, kao \u0161to su kolonoskopija ili rektoskopija, kako bi postavili diferencijalnu dijagnozu.[\/vc_column_text][\/vc_column][\/vc_row][vc_row][vc_column][vc_empty_space]<h2 class=\"box-header\">Kako se Dijagnostikuje Analna Fistula?<\/h2>[vc_column_text]Fistulu obi\u010dno dijagnostikuje proktolog nakon saslu\u0161anja pacijentovih tegoba i fizi\u010dkog pregleda. Ako je potrebno, mogu se primeniti i neke dodatne dijagnosti\u010dke metode. Na primer, kolonoskopija, sigmoidoskopija, fistulogram ili endoskopija. U vec\u0301ini slu\u010dajeva, moguc\u0301nost formiranja fistule utvr\u0111uje se detaljnim pregledom rektalnog podru\u010dja pacijenata sa tegobama na upalu.<\/p>\n<p>Bezbolan pregled mo\u017ee se obaviti tehnikom dijagnostike fistule koja se naziva test plavom bojom (metilen plavo). Pored toga, jedna od naj\u010de\u0161c\u0301e kori\u0161c\u0301enih metoda je detaljan anoskopski pregled. Postupak koji se naziva rektoskopija izvodi se pomoc\u0301u endoskopskog ure\u0111aja i omoguc\u0301ava da se, uz fistulu, dijagnostikuju i druge analne bolesti, poput hemoroida i fisura. Detaljniji pregled se tako\u0111e mo\u017ee izvr\u0161iti pomoc\u0301u sigmoidoskopskog aparata. Zahvaljujuc\u0301i kolonoskopskom ure\u0111aju, pored fistule, mogu se dijagnostikovati i rektalne bolesti poput Kronove bolesti, koje mogu biti glavni uzrok simptoma. Koristec\u0301i tehniku koja se zove fistulografija, plava te\u010dnost se ubrizgava kroz spolja\u0161nji fistulni otvor, \u0161to vam omoguc\u0301ava da identifikujete fistulne kanale koji su se probili ka unutra.[\/vc_column_text][\/vc_column][\/vc_row][vc_row][vc_column width=&#8221;1\/2&#8243;][vc_empty_space height=&#8221;13px&#8221;][vc_single_image image=&#8221;6656&#8243; img_size=&#8221;full&#8221;][\/vc_column][vc_column width=&#8221;1\/2&#8243;]<h2 class=\"box-header\">\u0160ta se De\u0161ava Ako se Fistula ne Le\u010di?<\/h2>[vc_column_text]Odlaganje le\u010denja, na\u017ealost, mo\u017ee dovesti do grananja, pro\u0161irenja i komplikacija fistulnih kanala, nakupljanja gnojnih sekreta, \u0161to doprinosi pojavi jo\u0161 slo\u017eenijeg oblika fistulne bolesti kao \u0161to je rak. Naj\u010de\u0161c\u0301a komplikacija, ako se perianalna fistula ne le\u010di, je pojava gljivi\u010dne bolesti zbog stalnog prisustva i strujanja gnojnog sekreta u rektalnom regionu. Zbog gljivica, pacijent ima hroni\u010dne tegobe na svrab u anusu i rektalnom podru\u010dju.[\/vc_column_text]<h2 class=\"box-header\">Le\u010denje Analne Fistule<\/h2>[vc_column_text]Laserski potpomognuti, nehirur\u0161ki tretmani analnih fistula nude udobniju i efikasniju alternativu tradicionalnim hirur\u0161kim metodama. Ovaj minimalno invazivni pristup direktno cilja fistulu, podsti\u010duc\u0301i zarastanje bez o\u0161tec\u0301enja okolnih tkiva. Sa smanjenim bolom, br\u017eim oporavkom i bez potrebe za dugim boravkom u bolnici, pacijenti se mogu lako i sa samopouzdanjem vratiti svom svakodnevnom \u017eivotu.[\/vc_column_text][\/vc_column][\/vc_row][vc_row][vc_column][vc_empty_space][\/vc_column][\/vc_row][vc_row][vc_column]<h2 class=\"box-header\">Metode za Nehirur\u0161ko Lasersko Le\u010denje Analnih Fistula<\/h2>[vc_empty_space height=&#8221;20px&#8221;][vc_row_inner][vc_column_inner width=&#8221;1\/2&#8243;][vc_column_text]<\/p>\n<ul>\n<li>Elektrohirur\u0161ki tretman<\/li>\n<li>Radiofrekventna terapija<\/li>\n<li>Laserski tretman<\/li>\n<\/ul>\n<p>Ove metode se koriste same ili u kombinaciji, u zavisnosti od stanja bolesti.<\/p>\n<p>Detaljne informacije o le\u010denju mo\u017eete pronac\u0301i pretplatom na na\u0161 Jutjub kanal Avrupa \u010cerahi.[\/vc_column_text][\/vc_column_inner][vc_column_inner width=&#8221;1\/2&#8243;][vc_empty_space height=&#8221;15px&#8221;][vc_single_image image=&#8221;6657&#8243; img_size=&#8221;500&#215;330&#8243;][\/vc_column_inner][\/vc_row_inner][vc_column_text][\/vc_column_text][vc_empty_space height=&#8221;20px&#8221;][\/vc_column][\/vc_row][vc_row][vc_column][vc_separator][vc_empty_space]<h2 class=\"box-header align-center\">Preporu\u010deni Video Snimci za Analna Fistula<\/h2>[vc_empty_space height=&#8221;23px&#8221;][vc_row_inner][vc_column_inner width=&#8221;1\/3&#8243;][vc_video link=&#8221;https:\/\/www.youtube.com\/watch?v=_OdKbqmJIPw&#8221;][\/vc_column_inner][vc_column_inner width=&#8221;1\/3&#8243;][vc_video link=&#8221;https:\/\/www.youtube.com\/watch?v=dnVPJY1GSIU&#8221;][\/vc_column_inner][vc_column_inner width=&#8221;1\/3&#8243;][vc_video link=&#8221;https:\/\/www.youtube.com\/watch?v=OXnZOKhiqsM&#8221;][\/vc_column_inner][\/vc_row_inner][\/vc_column][\/vc_row][vc_row][vc_column]<h2 class=\"box-header black align-center large\">Kontaktirajte Nas<\/h2>[vc_empty_space]\n<div class=\"wpcf7 no-js\" id=\"wpcf7-f5761-o1\" lang=\"en-US\" dir=\"ltr\" data-wpcf7-id=\"5761\">\n<div class=\"screen-reader-response\"><p role=\"status\" aria-live=\"polite\" aria-atomic=\"true\"><\/p> <ul><\/ul><\/div>\n<form action=\"\/rs\/wp-json\/wp\/v2\/pages\/4100#wpcf7-f5761-o1\" method=\"post\" class=\"wpcf7-form init\" aria-label=\"Contact form\" novalidate=\"novalidate\" data-status=\"init\">\n<fieldset class=\"hidden-fields-container\"><input type=\"hidden\" name=\"_wpcf7\" value=\"5761\" \/><input type=\"hidden\" name=\"_wpcf7_version\" value=\"6.1.5\" \/><input type=\"hidden\" name=\"_wpcf7_locale\" value=\"en_US\" \/><input type=\"hidden\" name=\"_wpcf7_unit_tag\" value=\"wpcf7-f5761-o1\" \/><input type=\"hidden\" name=\"_wpcf7_container_post\" value=\"0\" \/><input type=\"hidden\" name=\"_wpcf7_posted_data_hash\" value=\"\" \/><input type=\"hidden\" name=\"_wpcf7_recaptcha_response\" value=\"\" \/>\n<\/fieldset>\n<div class=\"uacf7-form-wrapper-container uacf7-form-5761  \"><div class=\"ey-forms\">\n  <span class=\"wpcf7-form-control-wrap\" data-name=\"text-312\"><input size=\"40\" maxlength=\"400\" class=\"wpcf7-form-control wpcf7-text wpcf7-validates-as-required\" aria-required=\"true\" aria-invalid=\"false\" placeholder=\"Ime i prezime\" value=\"\" type=\"text\" name=\"text-312\" \/><\/span>\n<\/div>\n\n<div class=\"ey-forms\">\n  <span class=\"wpcf7-form-control-wrap\" data-name=\"tel-756\"><input size=\"40\" maxlength=\"400\" class=\"wpcf7-form-control wpcf7-tel wpcf7-validates-as-required wpcf7-text wpcf7-validates-as-tel\" aria-required=\"true\" aria-invalid=\"false\" placeholder=\"Va\u0161 broj telefona\" value=\"\" type=\"tel\" name=\"tel-756\" \/><\/span>\n<\/div>\n\n<div class=\"ey-forms ey-forms-he\">\n  <span class=\"wpcf7-form-control-wrap\" data-name=\"text-751\"><input size=\"40\" maxlength=\"400\" class=\"wpcf7-form-control wpcf7-text\" aria-invalid=\"false\" placeholder=\"Poruka\" value=\"\" type=\"text\" name=\"text-751\" \/><\/span>\n<\/div>\n\n<div class=\"button-ey\">\n  <input class=\"wpcf7-form-control wpcf7-submit has-spinner\" type=\"submit\" value=\"Po\u0161alji\" \/>\n<\/div>\n\n<style>\ninput{\n  width: 100%!important;\n  border: none;\n  padding: 16px;\n  border-bottom: 2px solid #3574ac;\n  box-sizing: border-box;\n}\n\n.button-ey input{\n  background-color: #1c4b75!important;\n  color: #fff;\n  font-size: 16px;\n  font-weight: 900;\n  margin-top: 20px;\n  border: none;\n  cursor: pointer;\n}\n\n.ey-forms{\n  margin-bottom: 15px;\n}\n\n.ey-forms-he input{\n  height: 80px!important;\n}\n\n<\/style><\/div><input type='hidden' class='wpcf7-pum' value='{\"closepopup\":false,\"closedelay\":0,\"openpopup\":false,\"openpopup_id\":0}' \/><div class=\"wpcf7-response-output\" aria-hidden=\"true\"><\/div>\n<\/form>\n<\/div>\n[vc_empty_space][vc_separator][\/vc_column][\/vc_row][vc_row css=&#8221;.vc_custom_1608749961067{margin-top: 50px !important;}&#8221;][vc_column][vc_empty_space height=&#8221;15px&#8221;][vc_empty_space height=&#8221;23px&#8221;][\/vc_column][\/vc_row][vc_row][vc_column]<h2 class=\"box-header black align-center large\">NA\u0160I PARTNERI<\/h2>[vc_images_carousel images=&#8221;5153,5157,5158,5203&#8243; img_size=&#8221;full&#8221; speed=&#8221;3000&#8243; slides_per_view=&#8221;4&#8243; hide_pagination_control=&#8221;yes&#8221; hide_prev_next_buttons=&#8221;yes&#8221; wrap=&#8221;yes&#8221;][\/vc_column][\/vc_row][vc_row][vc_column offset=&#8221;vc_hidden-lg vc_hidden-md&#8221;]<h2 class=\"box-header black align-center large\">\u041d\u0410\u0428\u0418 \u041f\u0410\u0420\u0422\u041d\u0415\u0420\u0418 NA\u0160I PARTNERI<\/h2>[vc_empty_space height=&#8221;25px&#8221;][vc_images_carousel images=&#8221;5153,5157,5158,5203&#8243; img_size=&#8221;full&#8221; speed=&#8221;3000&#8243; slides_per_view=&#8221;2&#8243; autoplay=&#8221;yes&#8221; hide_pagination_control=&#8221;yes&#8221; hide_prev_next_buttons=&#8221;yes&#8221; wrap=&#8221;yes&#8221;][\/vc_column][\/vc_row][vc_row type=&#8221;full-width mc-parallax mc-overlay&#8221; top_margin=&#8221;page-margin-top-section&#8221; css=&#8221;.vc_custom_1607085358335{background-color: #173c6d !important;background-position: center !important;background-repeat: no-repeat !important;background-size: cover !important;}&#8221; el_class=&#8221;padding-top-89 padding-bottom-100&#8243;][vc_column]<h2 class=\"box-header white align-center large\">Kako se Proces Le\u010denja Odvija u Avrupa Cerrahi?<\/h2>[vc_row_inner top_margin=&#8221;page-margin-top-section&#8221; el_class=&#8221;flex-box&#8221;][vc_column_inner width=&#8221;1\/3&#8243;]<div class=\"info-box features-phone animated-element animation-fadeIn duration-500\"><h3>Zakazivanje Termina<\/h3><p>Ako \u017eelite da zapo\u010dnete brzi proces le\u010denja, mo\u017eete zakazati termin pozivom na broj ili putem WhatsApp-a<br \/>\n<a href=\"https:\/\/wa.me\/905382398121\">+90 538 239 8121<\/a><\/p>\n<p><span style=\"color: #ffffff;\">&lt;<\/span><\/p><\/div><div class=\"arrow-container animated-element animation-slideRight duration-800 delay-150\"><span class=\"arrow template-arrow-horizontal-4-after arrow-light\"><\/span><\/div>[\/vc_column_inner][vc_column_inner width=&#8221;1\/3&#8243;]<div class=\"info-box features-hospital animated-element animation-slideRight duration-800 delay-600\"><h3>Proces Ispitivanja<\/h3><p>Kada do\u0111e dan va\u0161eg pregleda, nakon \u0161to va\u0161 lekar postavi dijagnozu, odre\u0111uje se najprikladniji oblik le\u010denja za vas.<\/p><\/div><div class=\"arrow-container animated-element animation-slideRight duration-800 delay-1050\"><span class=\"arrow template-arrow-horizontal-4-after arrow-dark\"><\/span><\/div>[\/vc_column_inner][vc_column_inner width=&#8221;1\/3&#8243;]<div class=\"info-box features-heart animated-element animation-slideRight duration-800 delay-1500\"><h3>Proces Le\u010denja<\/h3><p>\u010cim se odlu\u010dite za tretman (mo\u017eda istog dana), mo\u017eemo izvr\u0161iti laserski tretman fistule.<\/p><\/div>[\/vc_column_inner][\/vc_row_inner][\/vc_column][\/vc_row][vc_row][vc_column][vc_column_text][\/vc_column_text][\/vc_column][\/vc_row]<\/p>\n","protected":false},"excerpt":{"rendered":"<p>[vc_row][vc_column width=&#8221;1\/2&#8243;][vc_empty_space height=&#8221;30px&#8221;][vc_raw_html]JTNDaWZyYW1lJTIwY2xhc3MlM0QlMjJib3JkZXItc2hhZG93cyUyMiUyMHdpZHRoJTNEJTIyMTAwJTI1JTIyJTIwaGVpZ2h0JTNEJTIyMzE1JTIyJTIwc3JjJTNEJTIyaHR0cHMlM0ElMkYlMkZ3d3cueW91dHViZS5jb20lMkZlbWJlZCUyRm4yOXhRcUFickpzJTNGc2klM0QyUFFtRDN0aVJZLXFSOTg0JTIyJTIwdGl0bGUlM0QlMjJZb3VUdWJlJTIwdmlkZW8lMjBwbGF5ZXIlMjIlMjBmcmFtZWJvcmRlciUzRCUyMjAlMjIlMjBhbGxvdyUzRCUyMmFjY2VsZXJvbWV0ZXIlM0IlMjBhdXRvcGxheSUzQiUyMGNsaXBib2FyZC13cml0ZSUzQiUyMGVuY3J5cHRlZC1tZWRpYSUzQiUyMGd5cm9zY29wZSUzQiUyMHBpY3R1cmUtaW4tcGljdHVyZSUzQiUyMHdlYi1zaGFyZSUyMiUyMGFsbG93ZnVsbHNjcmVlbiUzRSUzQyUyRmlmcmFtZSUzRQ==[\/vc_raw_html][\/vc_column][vc_column width=&#8221;1\/2&#8243;][vc_empty_space height=&#8221;30px&#8221;][vc_raw_html]JTNDaWZyYW1lJTIwY2xhc3MlM0QlMjJib3JkZXItc2hhZG93cyUyMiUyMHdpZHRoJTNEJTIyMTAwJTI1JTIyJTIwaGVpZ2h0JTNEJTIyMzE1JTIyJTIwc3JjJTNEJTIyaHR0cHMlM0ElMkYlMkZ3d3cueW91dHViZS5jb20lMkZlbWJlZCUyRkYtODV4UnpEdTQ0JTNGc2klM0RVWER3UnJfMmtTSC1IZFpIJTIyJTIwdGl0bGUlM0QlMjJZb3VUdWJlJTIwdmlkZW8lMjBwbGF5ZXIlMjIlMjBmcmFtZWJvcmRlciUzRCUyMjAlMjIlMjBhbGxvdyUzRCUyMmFjY2VsZXJvbWV0ZXIlM0IlMjBhdXRvcGxheSUzQiUyMGNsaXBib2FyZC13cml0ZSUzQiUyMGVuY3J5cHRlZC1tZWRpYSUzQiUyMGd5cm9zY29wZSUzQiUyMHBpY3R1cmUtaW4tcGljdHVyZSUzQiUyMHdlYi1zaGFyZSUyMiUyMGFsbG93ZnVsbHNjcmVlbiUzRSUzQyUyRmlmcmFtZSUzRQ==[\/vc_raw_html][\/vc_column][\/vc_row][vc_row][vc_column][vc_empty_space height=&#8221;23px&#8221;][vc_separator][vc_separator][vc_row_inner][vc_column_inner][vc_column_text]Fistula je spojni kanal formiran izme\u0111u dva unutra\u0161nja organa ili unutra\u0161njih organa i sloja ko\u017ee u karli\u010dnom podru\u010dju. Fistulni kanali koji se vide u karli\u010dnom predle\u017eaju nastaju zbog povrede organa u podru\u010dju gde se formiraju ili zbog formiranja apscesa u tom podru\u010dju. Fistulozni kanali u karli\u010dnom podru\u010dju nastaju zbog o\u0161tec\u0301enja<\/p>\n","protected":false},"author":1,"featured_media":0,"parent":0,"menu_order":0,"comment_status":"closed","ping_status":"closed","template":"","meta":{"footnotes":""},"class_list":["post-4100","page","type-page","status-publish","hentry"],"aioseo_notices":[],"_links":{"self":[{"href":"https:\/\/avrupacerrahi.net\/rs\/wp-json\/wp\/v2\/pages\/4100","targetHints":{"allow":["GET"]}}],"collection":[{"href":"https:\/\/avrupacerrahi.net\/rs\/wp-json\/wp\/v2\/pages"}],"about":[{"href":"https:\/\/avrupacerrahi.net\/rs\/wp-json\/wp\/v2\/types\/page"}],"author":[{"embeddable":true,"href":"https:\/\/avrupacerrahi.net\/rs\/wp-json\/wp\/v2\/users\/1"}],"replies":[{"embeddable":true,"href":"https:\/\/avrupacerrahi.net\/rs\/wp-json\/wp\/v2\/comments?post=4100"}],"version-history":[{"count":30,"href":"https:\/\/avrupacerrahi.net\/rs\/wp-json\/wp\/v2\/pages\/4100\/revisions"}],"predecessor-version":[{"id":8229,"href":"https:\/\/avrupacerrahi.net\/rs\/wp-json\/wp\/v2\/pages\/4100\/revisions\/8229"}],"wp:attachment":[{"href":"https:\/\/avrupacerrahi.net\/rs\/wp-json\/wp\/v2\/media?parent=4100"}],"curies":[{"name":"wp","href":"https:\/\/api.w.org\/{rel}","templated":true}]}}