{"id":5225,"date":"2022-04-05T12:50:34","date_gmt":"2022-04-05T09:50:34","guid":{"rendered":"https:\/\/avrupacerrahi.com.tr\/en\/?page_id=5225"},"modified":"2026-03-26T16:26:33","modified_gmt":"2026-03-26T13:26:33","slug":"nehirurski-tretman-analnog-krvarenja","status":"publish","type":"page","link":"https:\/\/avrupacerrahi.net\/rs\/nehirurski-tretman-analnog-krvarenja\/","title":{"rendered":"Nehirur\u0161ki Tretman Analnog Krvarenja"},"content":{"rendered":"<p>[vc_row][vc_column width=&#8221;1\/2&#8243;][vc_empty_space][vc_raw_html]JTNDYSUyMGRhdGEtZmFuY3lib3glM0QlMjJnYWxsZXJ5JTIyJTIwaHJlZiUzRCUyMmh0dHBzJTNBJTJGJTJGd3d3LnlvdXR1YmUuY29tJTJGd2F0Y2glM0Z2JTNEX2luWnR0TFdDaDQlMjZ0JTNEMnMlMjIlMjBjbGFzcyUzRCUyMnZpZGVvLWJveCUyMiUzRSUwQSUyMCUyMCUyMCUyMCUzQ2ltZyUyMHNyYyUzRCUyMmh0dHBzJTNBJTJGJTJGYXZydXBhY2VycmFoaS5uZXQlMkZlbiUyRndwLWNvbnRlbnQlMkZ1cGxvYWRzJTJGMjAyMiUyRjA0JTJGaGVtb3JvaWQtY25uLWluZ2lsaXpjZS5qcGclMjIlMjBhbHQlM0QlMjJpbWFnZSUyMiUzRSUwQSUyMCUyMCUyMCUyMCUzQ2RpdiUyMGNsYXNzJTNEJTIydmlkZW8tYm94X19pY29uJTIyJTNFJTNDZGl2JTIwY2xhc3MlM0QlMjJ2aWRlby1ib3hfX2ljb24tLXBsYXklMjIlM0UlM0NzdmclMjB2aWV3Qm94JTNEJTIyMCUyMDAlMjAyNCUyMDI0JTIyJTIwd2lkdGglM0QlMjIyNCUyMiUyMGhlaWdodCUzRCUyMjI0JTIyJTNFJTNDcGF0aCUyMGZpbGwlM0QlMjJub25lJTIyJTIwZCUzRCUyMk0wJTIwMGgyNHYyNEgweiUyMiUyRiUzRSUzQ3BhdGglMjBkJTNEJTIyTTE5LjM3NiUyMDEyLjQxNkw4Ljc3NyUyMDE5LjQ4MkEuNS41JTIwMCUyMDAlMjAxJTIwOCUyMDE5LjA2NlY0LjkzNGEuNS41JTIwMCUyMDAlMjAxJTIwLjc3Ny0uNDE2bDEwLjU5OSUyMDcuMDY2YS41LjUlMjAwJTIwMCUyMDElMjAwJTIwLjgzMnolMjIlMkYlM0UlM0MlMkZzdmclM0UlM0MlMkZkaXYlM0UlM0MlMkZkaXYlM0UlMEElM0MlMkZhJTNF[\/vc_raw_html][\/vc_column][vc_column width=&#8221;1\/2&#8243; el_class=&#8221;padding-left-30&#8243;][vc_empty_space][vc_raw_html]JTNDYSUyMGRhdGEtZmFuY3lib3glM0QlMjJnYWxsZXJ5JTIyJTIwaHJlZiUzRCUyMmh0dHBzJTNBJTJGJTJGd3d3LnlvdXR1YmUuY29tJTJGd2F0Y2glM0Z2JTNEWUJqVlNmaVJXUzglMjIlMjBjbGFzcyUzRCUyMnZpZGVvLWJveCUyMiUzRSUwQSUyMCUyMCUyMCUyMCUzQ2ltZyUyMHNyYyUzRCUyMmh0dHBzJTNBJTJGJTJGYXZydXBhY2VycmFoaS5uZXQlMkZlbiUyRndwLWNvbnRlbnQlMkZ1cGxvYWRzJTJGMjAyMiUyRjEyJTJGcmVrdGFsa2FuYW1hLWthcGFrLWVuZy5qcGclMjIlMjBhbHQlM0QlMjJpbWFnZSUyMiUzRSUwQSUyMCUyMCUyMCUyMCUzQ2RpdiUyMGNsYXNzJTNEJTIydmlkZW8tYm94X19pY29uJTIyJTNFJTNDZGl2JTIwY2xhc3MlM0QlMjJ2aWRlby1ib3hfX2ljb24tLXBsYXklMjIlM0UlM0NzdmclMjB2aWV3Qm94JTNEJTIyMCUyMDAlMjAyNCUyMDI0JTIyJTIwd2lkdGglM0QlMjIyNCUyMiUyMGhlaWdodCUzRCUyMjI0JTIyJTNFJTNDcGF0aCUyMGZpbGwlM0QlMjJub25lJTIyJTIwZCUzRCUyMk0wJTIwMGgyNHYyNEgweiUyMiUyRiUzRSUzQ3BhdGglMjBkJTNEJTIyTTE5LjM3NiUyMDEyLjQxNkw4Ljc3NyUyMDE5LjQ4MkEuNS41JTIwMCUyMDAlMjAxJTIwOCUyMDE5LjA2NlY0LjkzNGEuNS41JTIwMCUyMDAlMjAxJTIwLjc3Ny0uNDE2bDEwLjU5OSUyMDcuMDY2YS41LjUlMjAwJTIwMCUyMDElMjAwJTIwLjgzMnolMjIlMkYlM0UlM0MlMkZzdmclM0UlM0MlMkZkaXYlM0UlM0MlMkZkaXYlM0UlMEElM0MlMkZhJTNF[\/vc_raw_html][\/vc_column][\/vc_row][vc_row][vc_column css=&#8221;.vc_custom_1536849658368{background-position: center !important;background-repeat: no-repeat !important;background-size: cover !important;}&#8221; el_class=&#8221;padding-bottom-128 column-limited&#8221;][vc_empty_space height=&#8221;15&#8243;][vc_separator][vc_empty_space height=&#8221;15&#8243;]<h2 class=\"box-header\">Prednosti Laserskog Tretmana Analnog Krvarenja<\/h2>[vc_column_text]Nehirur\u0161ko le\u010denje<\/p>\n<p>Vreme obrade je 5-8 minuta.<\/p>\n<p>Bez anestezije i bez ne\u017eeljenih efekata povezanih sa anestezijom (samo jednostavna lokalna anestezija)<\/p>\n<p>Po\u0161to nema operacije, nema potrebe za testovima ili analizama pre tretmana, a glad ili sitost ne ometaju tretman.<\/p>\n<p>Bez rezova i \u0161avova.<\/p>\n<p>Po\u0161to tkiva nisu o\u0161tec\u0301ena, zarastanje je brzo.<\/p>\n<p>Mogu se vratiti svojim svakodnevnim aktivnostima istog dana kada je tretman zavr\u0161en.<\/p>\n<p>Ne zahteva boravak u bolnici jer je udoban i brz kao i plombe.<\/p>\n<p>Manje bola nakon nehirur\u0161kog laserskog tretmana.<\/p>\n<p>Komplikacije nakon tretmana se obi\u010dno ne primec\u0301uju (inkontinencija stolice ili gasova, jak bol&#8230;).<\/p>\n<p>Tako\u0111e se mo\u017ee primeniti kod pacijenata sa hroni\u010dnim bolestima.[\/vc_column_text][vc_empty_space height=&#8221;15&#8243;][vc_separator][vc_empty_space height=&#8221;15&#8243;]<h2 class=\"box-header\">Za\u0161to bi Trebalo da Izaberete Avrupu \u010cerahi?<\/h2>[vc_column_text]Pacijente kojima je zakazana operacija le\u010dimo nehirur\u0161kim laserskim tehnikama koristec\u0301i na\u0161e 17-godi\u0161nje iskustvo i stru\u010dnost.<\/p>\n<p>Pratimo sve relevantne informacije i de\u0161avanja u oblasti proktologije iz domac\u0301ih i stranih izvora, a tako\u0111e primenjujemo i na\u0161u jedinstvenu specijalnu tehnologiju le\u010denja sa inovativnim dostignuc\u0301ima u ovoj oblasti.[\/vc_column_text][vc_empty_space height=&#8221;15&#8243;][vc_separator][vc_empty_space height=&#8221;15&#8243;]<h2 class=\"box-header black align-center large\">Kontaktirajte Nas<\/h2>[vc_empty_space height=&#8221;15&#8243;]\n<div class=\"wpcf7 no-js\" id=\"wpcf7-f5761-o1\" lang=\"en-US\" dir=\"ltr\" data-wpcf7-id=\"5761\">\n<div class=\"screen-reader-response\"><p role=\"status\" aria-live=\"polite\" aria-atomic=\"true\"><\/p> <ul><\/ul><\/div>\n<form action=\"\/rs\/wp-json\/wp\/v2\/pages\/5225#wpcf7-f5761-o1\" method=\"post\" class=\"wpcf7-form init\" aria-label=\"Contact form\" novalidate=\"novalidate\" data-status=\"init\">\n<fieldset class=\"hidden-fields-container\"><input type=\"hidden\" name=\"_wpcf7\" value=\"5761\" \/><input type=\"hidden\" name=\"_wpcf7_version\" value=\"6.1.5\" \/><input type=\"hidden\" name=\"_wpcf7_locale\" value=\"en_US\" \/><input type=\"hidden\" name=\"_wpcf7_unit_tag\" value=\"wpcf7-f5761-o1\" \/><input type=\"hidden\" name=\"_wpcf7_container_post\" value=\"0\" \/><input type=\"hidden\" name=\"_wpcf7_posted_data_hash\" value=\"\" \/><input type=\"hidden\" name=\"_wpcf7_recaptcha_response\" value=\"\" \/>\n<\/fieldset>\n<div class=\"uacf7-form-wrapper-container uacf7-form-5761  \"><div class=\"ey-forms\">\n  <span class=\"wpcf7-form-control-wrap\" data-name=\"text-312\"><input size=\"40\" maxlength=\"400\" class=\"wpcf7-form-control wpcf7-text wpcf7-validates-as-required\" aria-required=\"true\" aria-invalid=\"false\" placeholder=\"Ime i prezime\" value=\"\" type=\"text\" name=\"text-312\" \/><\/span>\n<\/div>\n\n<div class=\"ey-forms\">\n  <span class=\"wpcf7-form-control-wrap\" data-name=\"tel-756\"><input size=\"40\" maxlength=\"400\" class=\"wpcf7-form-control wpcf7-tel wpcf7-validates-as-required wpcf7-text wpcf7-validates-as-tel\" aria-required=\"true\" aria-invalid=\"false\" placeholder=\"Va\u0161 broj telefona\" value=\"\" type=\"tel\" name=\"tel-756\" \/><\/span>\n<\/div>\n\n<div class=\"ey-forms ey-forms-he\">\n  <span class=\"wpcf7-form-control-wrap\" data-name=\"text-751\"><input size=\"40\" maxlength=\"400\" class=\"wpcf7-form-control wpcf7-text\" aria-invalid=\"false\" placeholder=\"Poruka\" value=\"\" type=\"text\" name=\"text-751\" \/><\/span>\n<\/div>\n\n<div class=\"button-ey\">\n  <input class=\"wpcf7-form-control wpcf7-submit has-spinner\" type=\"submit\" value=\"Po\u0161alji\" \/>\n<\/div>\n\n<style>\ninput{\n  width: 100%!important;\n  border: none;\n  padding: 16px;\n  border-bottom: 2px solid #3574ac;\n  box-sizing: border-box;\n}\n\n.button-ey input{\n  background-color: #1c4b75!important;\n  color: #fff;\n  font-size: 16px;\n  font-weight: 900;\n  margin-top: 20px;\n  border: none;\n  cursor: pointer;\n}\n\n.ey-forms{\n  margin-bottom: 15px;\n}\n\n.ey-forms-he input{\n  height: 80px!important;\n}\n\n<\/style><\/div><input type='hidden' class='wpcf7-pum' value='{\"closepopup\":false,\"closedelay\":0,\"openpopup\":false,\"openpopup_id\":0}' \/><div class=\"wpcf7-response-output\" aria-hidden=\"true\"><\/div>\n<\/form>\n<\/div>\n[vc_empty_space height=&#8221;15&#8243;][vc_separator][vc_empty_space height=&#8221;15&#8243;]<h2 class=\"box-header black align-center large\">Na\u0161i Partneri<\/h2>[vc_empty_space height=&#8221;15&#8243;][vc_images_carousel images=&#8221;5153,5157,5158,5203&#8243; img_size=&#8221;full&#8221; speed=&#8221;3000&#8243; slides_per_view=&#8221;4&#8243; hide_pagination_control=&#8221;yes&#8221; hide_prev_next_buttons=&#8221;yes&#8221; wrap=&#8221;yes&#8221;][vc_empty_space height=&#8221;15&#8243;][vc_separator][vc_empty_space height=&#8221;15&#8243;][vc_empty_space height=&#8221;15&#8243;]<h2 class=\"box-header\">Za\u0161to se Javlja Krvarenje iz Rektalnog Podru\u010dja?<\/h2>[vc_column_text]Krvarenje iz anusa se u medicinskom \u017eargonu naziva rektalno krvarenje. Rektalno krvarenje mo\u017ee se razviti zbog bolesti anusa i njegove okoline, odnosno bolesti perianalne regije ili bolesti koje poti\u010du iz donjeg gastrointestinalnog trakta. Krvarenje iz rektuma je uzrok koji izaziva promenu u prehrambenim i toaletnim navikama i smanjuje kvalitet \u017eivota pacijenta.<\/p>\n<p>Krvarenje iz rektuma mo\u017ee biti znak mnogih bolesti. Krvarenje iz anusa mo\u017ee biti posledica prisustva hemoroida ili analnih fisura, a mo\u017ee biti i prete\u010da ozbiljnih zdravstvenih problema kao \u0161to je rak rektuma. Intenzitet krvarenja varira u zavisnosti od uzroka krvarenja.<\/p>\n<p>Krvarenje mo\u017ee biti obilno, vidljivo u toaletu tokom pra\u017enjenja creva, ili se mo\u017ee videti kao mrlje na toalet papiru ili donjem ve\u0161u. Mo\u017ee biti i bolno i bezbolno.<\/p>\n<p>Da bi se identifikovao uzrok rektalnog krvarenja, pacijentima je potreban pregled analnog podru\u010dja. Me\u0111utim, pacijenti se, po pravilu, ne usu\u0111uju da odu kod lekara, jer se stide pregleda kod bolesti ovog podru\u010dja. Ako se ne le\u010di blagovremeno, bolest mo\u017ee postati ozbiljna. Potrebno je pravilno utvrditi uzrok krvarenja i konsultovati proktologa radi rane dijagnoze. U suprotnom, bolest mo\u017ee napredovati i izazvati vi\u0161e od jedne bolesti.[\/vc_column_text][\/vc_column][\/vc_row][vc_row][vc_column]<h2 class=\"box-header\">Za\u0161to Dolazi do izlivanja Krvi iz Rektuma?<\/h2>[vc_column_text]Rektalno krvarenje mo\u017ee biti najva\u017eniji simptom rektalne bolesti. Stoga, kada pacijenti osete simptome rektalnog krvarenja, svakako treba da otkriju uzrok krvarenja. Rektalno krvarenje se naj\u010de\u0161c\u0301e mo\u017ee posmatrati kao simptom bolesti kao \u0161to su hemoroidi, analne fisure, sindrom iritabilnog creva, ulcerozni kolitis i crevne bolesti kao \u0161to su Kronova bolest, polipi debelog creva, ili se mo\u017ee razviti kao posledica raka debelog creva i rektuma.[\/vc_column_text][vc_empty_space height=&#8221;15&#8243;]<h2 class=\"box-header\">Koji su Simptomi Rektalnog Krvarenja?<\/h2>[vc_column_text]Krvarenje iz rektuma jedan je od najva\u017enijih simptoma kod rektalnih i crevnih bolesti, kome treba posvetiti pa\u017enju. Krvarenje iz anusa \u010dini 20% do 30% gastrointestinalnih krvarenja. Glavni uzroci rektalnog krvarenja su:<\/p>\n<p>Krvarenje iz rektuma mo\u017ee biti u obliku mrlja ili kapljica, ili u obliku aktivnog obilnog krvarenja. U nekim slu\u010dajevima, to je samo blago krvarenje na toalet papiru.<\/p>\n<p>Rektalno krvarenje je \u010de\u0161c\u0301e kod \u017eena. Jer su divertikulitis i angiodisplazija (abnormalnosti u vaskularnoj strukturi) \u010de\u0161c\u0301i kod \u017eena. Ova stanja uzrokuju rektalno krvarenje.<\/p>\n<p>Krvarenje iz anusa, koje se javlja na levoj strani debelog creva, svetlo je i jarko crvene, grimizne nijanse.<\/p>\n<p>Krvarenje sa desne strane debelog creva je obi\u010dno crvenkasto-crne boje i mo\u017ee biti skriveno, ponekad sa stolicom, a ponekad bez ikakvih simptoma. \u010cesto se javljaju simptomi anemije.<\/p>\n<p>Krvarenje iz \u017eeluca i dvanaestopala\u010dnog creva naziva se melena. Melenovo krvarenje je crno krvarenje. Po\u0161to se krv vari tokom krvarenja iz melene, boja krvarenja postaje crna.<\/p>\n<p>Krvavljenje iz rektuma mo\u017ee izazvati anemiju kod pacijenta. To mo\u017ee izazvati simptome kao \u0161to su slabost, kratak dah, iscrpljenost, depresija.[\/vc_column_text][\/vc_column][\/vc_row][vc_row][vc_column]<h2 class=\"box-header\">Kako Le\u010diti Rektalno Krvarenje?<\/h2>[vc_column_text]Krvarenje iz anusa (rektalno krvarenje) jedan je od simptoma mnogih bolesti rektuma. Ako su ova krvarenja akutna, postoji moguc\u0301nost da se spontano zaustave. Pacijenta sa krvarenjem prvo se ispituje o tegobama, trajanju krvarenja, boji, prirodi defekacije, nakon \u010dega se postavlja preliminarna dijagnoza o moguc\u0301im uzrocima krvarenja, uz temeljno uzimanje anamneze. Fizikalnim pregledom mogu se direktno otkriti znaci poput krvarenja hemoroida, fisura i analnih polipa, a endoskopski pregledi mogu biti neophodni da bi se identifikovali uzroci krvarenja koji se ne mogu otkriti fizi\u010dkim pregledom.<\/p>\n<p>Uz pomoc\u0301 rektosigmoskopije, pregleda se sluzoko\u017ea koja pokriva unutra\u0161njost rektuma (du\u017eine 30-40 cm, koja povezuje debelo crevo sa anusom). U nekim slu\u010dajevima mo\u017ee se izvr\u0161iti i kolonoskopija, odnosno pregled celog debelog creva. Pacijenta pregleda proktolog i odlu\u010duje koja c\u0301e se endoskopska metoda koristiti. Endoskopija poma\u017ee ne samo u dijagnostikovanju bolesti, vec\u0301 i u pronala\u017eenju izvora krvarenja i njegovom zaustavljanju. Nakon utvr\u0111ivanja uzroka krvarenja, bira se najprikladniji metod le\u010denja za pacijenta.<\/p>\n<p>Postoje i nehirur\u0161ki i hirur\u0161ki tretmani za krvarenje izazvano hemoroidima, analnim fisurama i polipima. U centru Avrupa \u010cerahi<\/p>\n<p>pacijenti sa rektalnim krvarenjem nakon temeljnog fizi\u010dkog pregleda i nakon utvr\u0111ivanja dijagnoze i etiologije krvarenja, ako je uzrok krvarenja benigna oboljenja analne regije, hemoroidi, analne fisure, polipi itd., ako se otkriju, pregled i le\u010denje mogu se sprovesti istog dana. Le\u010denje nehirur\u0161kim laserskim metodama traje veoma kratko. Uz lokalnu anesteziju, mo\u017eete biti le\u010deni u roku od jednog dana i vratiti se svom dru\u0161tvenom i poslovnom \u017eivotu.[\/vc_column_text][\/vc_column][\/vc_row][vc_row][vc_column][vc_separator][vc_empty_space height=&#8221;15&#8243;]<h2 class=\"box-header align-left\">Preporu\u010deni Video Snimci za Rektalno Krvarenje<\/h2>[vc_empty_space height=&#8221;15&#8243;][vc_row_inner top_margin=&#8221;page-margin-top-section&#8221; el_class=&#8221;flex-box&#8221;][vc_column_inner width=&#8221;1\/3&#8243;][vc_video link=&#8221;https:\/\/www.youtube.com\/watch?v=fGoovOV5Xcg&#8221;][\/vc_column_inner][vc_column_inner width=&#8221;1\/3&#8243;][vc_video link=&#8221;https:\/\/www.youtube.com\/watch?v=caqvTcnlVGQ&#8221;][\/vc_column_inner][vc_column_inner width=&#8221;1\/3&#8243;][vc_video link=&#8221;https:\/\/www.youtube.com\/watch?v=t-w3pnfEEXo&#8221;][\/vc_column_inner][\/vc_row_inner][vc_empty_space height=&#8221;15&#8243;][vc_separator][vc_empty_space height=&#8221;15&#8243;][\/vc_column][\/vc_row][vc_row type=&#8221;full-width mc-parallax mc-overlay&#8221; top_margin=&#8221;page-margin-top-section&#8221; css=&#8221;.vc_custom_1649163838993{background-color: #173c6d !important;background-position: center !important;background-repeat: no-repeat !important;background-size: cover !important;}&#8221; el_class=&#8221;padding-top-89 padding-bottom-100&#8243;][vc_column]<h2 class=\"box-header white align-center large\">Kako se Proces Le\u010denja Odvija u Avrupa Cerrahi?<\/h2>[vc_row_inner top_margin=&#8221;page-margin-top-section&#8221; el_class=&#8221;flex-box&#8221;][vc_column_inner width=&#8221;1\/3&#8243;]<div class=\"info-box features-phone animated-element animation-fadeIn duration-500\"><h3>Zakazivanje Termina<\/h3><p>Ako \u017eelite da zapo\u010dnete brzi proces le\u010denja, mo\u017eete zakazati termin pozivom na broj ili putem WhatsApp-a<br \/>\n<a href=\"https:\/\/wa.me\/905316567521\">+90 552 608 3921<\/a><\/p>\n<p><span style=\"color: #ffffff;\">&lt;<\/span><\/p><\/div><div class=\"arrow-container animated-element animation-slideRight duration-800 delay-150\"><span class=\"arrow template-arrow-horizontal-4-after arrow-light\"><\/span><\/div>[\/vc_column_inner][vc_column_inner width=&#8221;1\/3&#8243;]<div class=\"info-box features-hospital animated-element animation-slideRight duration-800 delay-600\"><h3>Proces ispitivanja<\/h3><p>Kada do\u0111e dan va\u0161eg pregleda, nakon \u0161to va\u0161 lekar postavi dijagnozu, odre\u0111uje se najprikladniji oblik le\u010denja za vas.<\/p><\/div><div class=\"arrow-container animated-element animation-slideRight duration-800 delay-1050\"><span class=\"arrow template-arrow-horizontal-4-after arrow-dark\"><\/span><\/div>[\/vc_column_inner][vc_column_inner width=&#8221;1\/3&#8243;]<div class=\"info-box features-heart animated-element animation-slideRight duration-800 delay-1500\"><h3>Proces Le\u010denja<\/h3><p>\u010cim se odlu\u010dite za tretman (mo\u017eda istog dana), mo\u017eemo izvr\u0161iti laserski tretman rektalnog krvarenja.<\/p><\/div>[\/vc_column_inner][\/vc_row_inner][\/vc_column][\/vc_row]<\/p>\n","protected":false},"excerpt":{"rendered":"<p>[vc_row][vc_column width=&#8221;1\/2&#8243;][vc_empty_space][vc_raw_html]JTNDYSUyMGRhdGEtZmFuY3lib3glM0QlMjJnYWxsZXJ5JTIyJTIwaHJlZiUzRCUyMmh0dHBzJTNBJTJGJTJGd3d3LnlvdXR1YmUuY29tJTJGd2F0Y2glM0Z2JTNEX2luWnR0TFdDaDQlMjZ0JTNEMnMlMjIlMjBjbGFzcyUzRCUyMnZpZGVvLWJveCUyMiUzRSUwQSUyMCUyMCUyMCUyMCUzQ2ltZyUyMHNyYyUzRCUyMmh0dHBzJTNBJTJGJTJGYXZydXBhY2VycmFoaS5uZXQlMkZlbiUyRndwLWNvbnRlbnQlMkZ1cGxvYWRzJTJGMjAyMiUyRjA0JTJGaGVtb3JvaWQtY25uLWluZ2lsaXpjZS5qcGclMjIlMjBhbHQlM0QlMjJpbWFnZSUyMiUzRSUwQSUyMCUyMCUyMCUyMCUzQ2RpdiUyMGNsYXNzJTNEJTIydmlkZW8tYm94X19pY29uJTIyJTNFJTNDZGl2JTIwY2xhc3MlM0QlMjJ2aWRlby1ib3hfX2ljb24tLXBsYXklMjIlM0UlM0NzdmclMjB2aWV3Qm94JTNEJTIyMCUyMDAlMjAyNCUyMDI0JTIyJTIwd2lkdGglM0QlMjIyNCUyMiUyMGhlaWdodCUzRCUyMjI0JTIyJTNFJTNDcGF0aCUyMGZpbGwlM0QlMjJub25lJTIyJTIwZCUzRCUyMk0wJTIwMGgyNHYyNEgweiUyMiUyRiUzRSUzQ3BhdGglMjBkJTNEJTIyTTE5LjM3NiUyMDEyLjQxNkw4Ljc3NyUyMDE5LjQ4MkEuNS41JTIwMCUyMDAlMjAxJTIwOCUyMDE5LjA2NlY0LjkzNGEuNS41JTIwMCUyMDAlMjAxJTIwLjc3Ny0uNDE2bDEwLjU5OSUyMDcuMDY2YS41LjUlMjAwJTIwMCUyMDElMjAwJTIwLjgzMnolMjIlMkYlM0UlM0MlMkZzdmclM0UlM0MlMkZkaXYlM0UlM0MlMkZkaXYlM0UlMEElM0MlMkZhJTNF[\/vc_raw_html][\/vc_column][vc_column width=&#8221;1\/2&#8243; el_class=&#8221;padding-left-30&#8243;][vc_empty_space][vc_raw_html]JTNDYSUyMGRhdGEtZmFuY3lib3glM0QlMjJnYWxsZXJ5JTIyJTIwaHJlZiUzRCUyMmh0dHBzJTNBJTJGJTJGd3d3LnlvdXR1YmUuY29tJTJGd2F0Y2glM0Z2JTNEWUJqVlNmaVJXUzglMjIlMjBjbGFzcyUzRCUyMnZpZGVvLWJveCUyMiUzRSUwQSUyMCUyMCUyMCUyMCUzQ2ltZyUyMHNyYyUzRCUyMmh0dHBzJTNBJTJGJTJGYXZydXBhY2VycmFoaS5uZXQlMkZlbiUyRndwLWNvbnRlbnQlMkZ1cGxvYWRzJTJGMjAyMiUyRjEyJTJGcmVrdGFsa2FuYW1hLWthcGFrLWVuZy5qcGclMjIlMjBhbHQlM0QlMjJpbWFnZSUyMiUzRSUwQSUyMCUyMCUyMCUyMCUzQ2RpdiUyMGNsYXNzJTNEJTIydmlkZW8tYm94X19pY29uJTIyJTNFJTNDZGl2JTIwY2xhc3MlM0QlMjJ2aWRlby1ib3hfX2ljb24tLXBsYXklMjIlM0UlM0NzdmclMjB2aWV3Qm94JTNEJTIyMCUyMDAlMjAyNCUyMDI0JTIyJTIwd2lkdGglM0QlMjIyNCUyMiUyMGhlaWdodCUzRCUyMjI0JTIyJTNFJTNDcGF0aCUyMGZpbGwlM0QlMjJub25lJTIyJTIwZCUzRCUyMk0wJTIwMGgyNHYyNEgweiUyMiUyRiUzRSUzQ3BhdGglMjBkJTNEJTIyTTE5LjM3NiUyMDEyLjQxNkw4Ljc3NyUyMDE5LjQ4MkEuNS41JTIwMCUyMDAlMjAxJTIwOCUyMDE5LjA2NlY0LjkzNGEuNS41JTIwMCUyMDAlMjAxJTIwLjc3Ny0uNDE2bDEwLjU5OSUyMDcuMDY2YS41LjUlMjAwJTIwMCUyMDElMjAwJTIwLjgzMnolMjIlMkYlM0UlM0MlMkZzdmclM0UlM0MlMkZkaXYlM0UlM0MlMkZkaXYlM0UlMEElM0MlMkZhJTNF[\/vc_raw_html][\/vc_column][\/vc_row][vc_row][vc_column css=&#8221;.vc_custom_1536849658368{background-position: center !important;background-repeat: no-repeat !important;background-size: cover !important;}&#8221; el_class=&#8221;padding-bottom-128 column-limited&#8221;][vc_empty_space height=&#8221;15&#8243;][vc_separator][vc_empty_space height=&#8221;15&#8243;][vc_column_text]Nehirur\u0161ko le\u010denje Vreme obrade je 5-8 minuta. Bez anestezije i bez ne\u017eeljenih efekata povezanih sa anestezijom (samo jednostavna lokalna anestezija) Po\u0161to nema operacije, nema potrebe za testovima ili analizama pre tretmana, a glad ili sitost ne ometaju tretman. Bez rezova i<\/p>\n","protected":false},"author":1,"featured_media":0,"parent":0,"menu_order":0,"comment_status":"closed","ping_status":"closed","template":"","meta":{"footnotes":""},"class_list":["post-5225","page","type-page","status-publish","hentry"],"aioseo_notices":[],"_links":{"self":[{"href":"https:\/\/avrupacerrahi.net\/rs\/wp-json\/wp\/v2\/pages\/5225","targetHints":{"allow":["GET"]}}],"collection":[{"href":"https:\/\/avrupacerrahi.net\/rs\/wp-json\/wp\/v2\/pages"}],"about":[{"href":"https:\/\/avrupacerrahi.net\/rs\/wp-json\/wp\/v2\/types\/page"}],"author":[{"embeddable":true,"href":"https:\/\/avrupacerrahi.net\/rs\/wp-json\/wp\/v2\/users\/1"}],"replies":[{"embeddable":true,"href":"https:\/\/avrupacerrahi.net\/rs\/wp-json\/wp\/v2\/comments?post=5225"}],"version-history":[{"count":6,"href":"https:\/\/avrupacerrahi.net\/rs\/wp-json\/wp\/v2\/pages\/5225\/revisions"}],"predecessor-version":[{"id":8234,"href":"https:\/\/avrupacerrahi.net\/rs\/wp-json\/wp\/v2\/pages\/5225\/revisions\/8234"}],"wp:attachment":[{"href":"https:\/\/avrupacerrahi.net\/rs\/wp-json\/wp\/v2\/media?parent=5225"}],"curies":[{"name":"wp","href":"https:\/\/api.w.org\/{rel}","templated":true}]}}