{"id":5277,"date":"2022-05-11T12:01:38","date_gmt":"2022-05-11T09:01:38","guid":{"rendered":"https:\/\/avrupacerrahi.com.tr\/en\/?page_id=5277"},"modified":"2026-03-26T16:27:34","modified_gmt":"2026-03-26T13:27:34","slug":"nehirurski-analni-prolaps-rektalni-prolaps-tretman","status":"publish","type":"page","link":"https:\/\/avrupacerrahi.net\/rs\/nehirurski-analni-prolaps-rektalni-prolaps-tretman\/","title":{"rendered":"Nehirur\u0161ki Tretman Analnog Prolapsa (Rektalnog Prolapsa)"},"content":{"rendered":"<p>[vc_row][vc_column width=&#8221;1\/2&#8243;][vc_empty_space][vc_raw_html]JTNDYSUyMGRhdGEtZmFuY3lib3glM0QlMjJnYWxsZXJ5JTIyJTIwaHJlZiUzRCUyMmh0dHBzJTNBJTJGJTJGd3d3LnlvdXR1YmUuY29tJTJGd2F0Y2glM0Z2JTNEMTQwN3VhTlN6V28lMjZ0JTNEMTJzJTIyJTIwY2xhc3MlM0QlMjJ2aWRlby1ib3glMjIlM0UlMEElMjAlMjAlMjAlMjAlM0NpbWclMjBzcmMlM0QlMjJodHRwcyUzQSUyRiUyRmF2cnVwYWNlcnJhaGkubmV0JTJGZW4lMkZ3cC1jb250ZW50JTJGdXBsb2FkcyUyRjIwMjIlMkYwNCUyRmhlbW9yb2lkLWNubi1pbmdpbGl6Y2UuanBnJTIyJTIwYWx0JTNEJTIyaW1hZ2UlMjIlM0UlMEElMjAlMjAlMjAlMjAlM0NkaXYlMjBjbGFzcyUzRCUyMnZpZGVvLWJveF9faWNvbiUyMiUzRSUzQ2RpdiUyMGNsYXNzJTNEJTIydmlkZW8tYm94X19pY29uLS1wbGF5JTIyJTNFJTNDc3ZnJTIwdmlld0JveCUzRCUyMjAlMjAwJTIwMjQlMjAyNCUyMiUyMHdpZHRoJTNEJTIyMjQlMjIlMjBoZWlnaHQlM0QlMjIyNCUyMiUzRSUzQ3BhdGglMjBmaWxsJTNEJTIybm9uZSUyMiUyMGQlM0QlMjJNMCUyMDBoMjR2MjRIMHolMjIlMkYlM0UlM0NwYXRoJTIwZCUzRCUyMk0xOS4zNzYlMjAxMi40MTZMOC43NzclMjAxOS40ODJBLjUuNSUyMDAlMjAwJTIwMSUyMDglMjAxOS4wNjZWNC45MzRhLjUuNSUyMDAlMjAwJTIwMSUyMC43NzctLjQxNmwxMC41OTklMjA3LjA2NmEuNS41JTIwMCUyMDAlMjAxJTIwMCUyMC44MzJ6JTIyJTJGJTNFJTNDJTJGc3ZnJTNFJTNDJTJGZGl2JTNFJTNDJTJGZGl2JTNFJTBBJTNDJTJGYSUzRQ==[\/vc_raw_html][\/vc_column][vc_column width=&#8221;1\/2&#8243; el_class=&#8221;padding-left-30&#8243;][vc_empty_space][vc_raw_html]JTNDYSUyMGRhdGEtZmFuY3lib3glM0QlMjJnYWxsZXJ5JTIyJTIwaHJlZiUzRCUyMmh0dHBzJTNBJTJGJTJGd3d3LnlvdXR1YmUuY29tJTJGd2F0Y2glM0Z2JTNEWUJqVlNmaVJXUzglMjIlMjBjbGFzcyUzRCUyMnZpZGVvLWJveCUyMiUzRSUwQSUyMCUyMCUyMCUyMCUzQ2ltZyUyMHNyYyUzRCUyMmh0dHBzJTNBJTJGJTJGYXZydXBhY2VycmFoaS5uZXQlMkZlbiUyRndwLWNvbnRlbnQlMkZ1cGxvYWRzJTJGMjAyMiUyRjEyJTJGcmVrdGFsa2FuYW1hLWthcGFrLWVuZy5qcGclMjIlMjBhbHQlM0QlMjJpbWFnZSUyMiUzRSUwQSUyMCUyMCUyMCUyMCUzQ2RpdiUyMGNsYXNzJTNEJTIydmlkZW8tYm94X19pY29uJTIyJTNFJTNDZGl2JTIwY2xhc3MlM0QlMjJ2aWRlby1ib3hfX2ljb24tLXBsYXklMjIlM0UlM0NzdmclMjB2aWV3Qm94JTNEJTIyMCUyMDAlMjAyNCUyMDI0JTIyJTIwd2lkdGglM0QlMjIyNCUyMiUyMGhlaWdodCUzRCUyMjI0JTIyJTNFJTNDcGF0aCUyMGZpbGwlM0QlMjJub25lJTIyJTIwZCUzRCUyMk0wJTIwMGgyNHYyNEgweiUyMiUyRiUzRSUzQ3BhdGglMjBkJTNEJTIyTTE5LjM3NiUyMDEyLjQxNkw4Ljc3NyUyMDE5LjQ4MkEuNS41JTIwMCUyMDAlMjAxJTIwOCUyMDE5LjA2NlY0LjkzNGEuNS41JTIwMCUyMDAlMjAxJTIwLjc3Ny0uNDE2bDEwLjU5OSUyMDcuMDY2YS41LjUlMjAwJTIwMCUyMDElMjAwJTIwLjgzMnolMjIlMkYlM0UlM0MlMkZzdmclM0UlM0MlMkZkaXYlM0UlM0MlMkZkaXYlM0UlMEElM0MlMkZhJTNF[\/vc_raw_html][\/vc_column][\/vc_row][vc_row][vc_column css=&#8221;.vc_custom_1536849658368{background-position: center !important;background-repeat: no-repeat !important;background-size: cover !important;}&#8221; el_class=&#8221;padding-bottom-128 column-limited&#8221;][vc_empty_space height=&#8221;15&#8243;][vc_separator][vc_empty_space height=&#8221;15&#8243;]<h2 class=\"box-header\">Prednosti Laserskog Tretmana<\/h2>[vc_column_text]Nehirur\u0161ko le\u010denje<\/p>\n<p>Vreme obrade je 5-8 minuta.<\/p>\n<p>Bez anestezije i bez ne\u017eeljenih efekata povezanih sa anestezijom (samo jednostavna lokalna anestezija)<\/p>\n<p>Po\u0161to nema operacije, nema potrebe za testovima ili analizama pre tretmana, a glad ili sitost ne ometaju tretman.<\/p>\n<p>Bez rezova i \u0161avova.<\/p>\n<p>Po\u0161to tkiva nisu o\u0161tec\u0301ena, zarastanje je brzo.<\/p>\n<p>Mogu se vratiti svojim svakodnevnim aktivnostima istog dana kada je tretman zavr\u0161en.<\/p>\n<p>Ne zahteva boravak u bolnici jer je udoban i brz kao i plombe.<\/p>\n<p>Manje bola nakon nehirur\u0161kog laserskog tretmana.<\/p>\n<p>Komplikacije nakon tretmana se obi\u010dno ne primec\u0301uju (inkontinencija stolice ili gasova, jak bol&#8230;).<\/p>\n<p>Tako\u0111e se mo\u017ee primeniti kod pacijenata sa hroni\u010dnim bolestima.[\/vc_column_text][vc_empty_space height=&#8221;15&#8243;][vc_separator][vc_empty_space height=&#8221;15&#8243;]<h2 class=\"box-header\">Za\u0161to bi Trebalo da izaberete Avrupu \u010cerahi?<\/h2>[vc_column_text]Pacijente kojima je zakazana operacija le\u010dimo nehirur\u0161kim laserskim tehnikama koristec\u0301i na\u0161e 17-godi\u0161nje iskustvo i stru\u010dnost.<\/p>\n<p>Pratimo sve relevantne informacije i de\u0161avanja u oblasti proktologije iz domac\u0301ih i stranih izvora, a tako\u0111e primenjujemo i na\u0161u jedinstvenu specijalnu tehnologiju le\u010denja sa inovativnim dostignuc\u0301ima u ovoj oblasti.[\/vc_column_text][vc_empty_space height=&#8221;15&#8243;][vc_separator][vc_empty_space height=&#8221;15&#8243;]<h2 class=\"box-header black align-center large\">Kontaktirajte Nas<\/h2>[vc_empty_space height=&#8221;15&#8243;]\n<div class=\"wpcf7 no-js\" id=\"wpcf7-f5761-o1\" lang=\"en-US\" dir=\"ltr\" data-wpcf7-id=\"5761\">\n<div class=\"screen-reader-response\"><p role=\"status\" aria-live=\"polite\" aria-atomic=\"true\"><\/p> <ul><\/ul><\/div>\n<form action=\"\/rs\/wp-json\/wp\/v2\/pages\/5277#wpcf7-f5761-o1\" method=\"post\" class=\"wpcf7-form init\" aria-label=\"Contact form\" novalidate=\"novalidate\" data-status=\"init\">\n<fieldset class=\"hidden-fields-container\"><input type=\"hidden\" name=\"_wpcf7\" value=\"5761\" \/><input type=\"hidden\" name=\"_wpcf7_version\" value=\"6.1.5\" \/><input type=\"hidden\" name=\"_wpcf7_locale\" value=\"en_US\" \/><input type=\"hidden\" name=\"_wpcf7_unit_tag\" value=\"wpcf7-f5761-o1\" \/><input type=\"hidden\" name=\"_wpcf7_container_post\" value=\"0\" \/><input type=\"hidden\" name=\"_wpcf7_posted_data_hash\" value=\"\" \/><input type=\"hidden\" name=\"_wpcf7_recaptcha_response\" value=\"\" \/>\n<\/fieldset>\n<div class=\"uacf7-form-wrapper-container uacf7-form-5761  \"><div class=\"ey-forms\">\n  <span class=\"wpcf7-form-control-wrap\" data-name=\"text-312\"><input size=\"40\" maxlength=\"400\" class=\"wpcf7-form-control wpcf7-text wpcf7-validates-as-required\" aria-required=\"true\" aria-invalid=\"false\" placeholder=\"Ime i prezime\" value=\"\" type=\"text\" name=\"text-312\" \/><\/span>\n<\/div>\n\n<div class=\"ey-forms\">\n  <span class=\"wpcf7-form-control-wrap\" data-name=\"tel-756\"><input size=\"40\" maxlength=\"400\" class=\"wpcf7-form-control wpcf7-tel wpcf7-validates-as-required wpcf7-text wpcf7-validates-as-tel\" aria-required=\"true\" aria-invalid=\"false\" placeholder=\"Va\u0161 broj telefona\" value=\"\" type=\"tel\" name=\"tel-756\" \/><\/span>\n<\/div>\n\n<div class=\"ey-forms ey-forms-he\">\n  <span class=\"wpcf7-form-control-wrap\" data-name=\"text-751\"><input size=\"40\" maxlength=\"400\" class=\"wpcf7-form-control wpcf7-text\" aria-invalid=\"false\" placeholder=\"Poruka\" value=\"\" type=\"text\" name=\"text-751\" \/><\/span>\n<\/div>\n\n<div class=\"button-ey\">\n  <input class=\"wpcf7-form-control wpcf7-submit has-spinner\" type=\"submit\" value=\"Po\u0161alji\" \/>\n<\/div>\n\n<style>\ninput{\n  width: 100%!important;\n  border: none;\n  padding: 16px;\n  border-bottom: 2px solid #3574ac;\n  box-sizing: border-box;\n}\n\n.button-ey input{\n  background-color: #1c4b75!important;\n  color: #fff;\n  font-size: 16px;\n  font-weight: 900;\n  margin-top: 20px;\n  border: none;\n  cursor: pointer;\n}\n\n.ey-forms{\n  margin-bottom: 15px;\n}\n\n.ey-forms-he input{\n  height: 80px!important;\n}\n\n<\/style><\/div><input type='hidden' class='wpcf7-pum' value='{\"closepopup\":false,\"closedelay\":0,\"openpopup\":false,\"openpopup_id\":0}' \/><div class=\"wpcf7-response-output\" aria-hidden=\"true\"><\/div>\n<\/form>\n<\/div>\n[vc_empty_space height=&#8221;15&#8243;][vc_separator][vc_empty_space height=&#8221;15&#8243;]<h2 class=\"box-header black align-center large\">Na\u0161i Partneri<\/h2>[vc_empty_space height=&#8221;15&#8243;][vc_images_carousel images=&#8221;5153,5157,5158,5203&#8243; img_size=&#8221;full&#8221; speed=&#8221;3000&#8243; slides_per_view=&#8221;4&#8243; hide_pagination_control=&#8221;yes&#8221; hide_prev_next_buttons=&#8221;yes&#8221; wrap=&#8221;yes&#8221;][vc_empty_space height=&#8221;15&#8243;][vc_separator][\/vc_column][\/vc_row][vc_row][vc_column]<h2 class=\"box-header\">\u0160ta je Analni Prolaps (Rektalni Prolaps)?<\/h2>[vc_column_text]Rektum, koji se opisuje kao deo i poslednji deo debelog creva analnoj regiji, naziva se analni prolaps (rektalni prolaps).<br \/>\nKao rezultat rektalnog prolapsa, mo\u017ee doc\u0301i do izlu\u010divanja sluzi ili stolice nakon slabljenja mi\u0161ic\u0301a koji dr\u017ee stolicu i nazivaju se sfinkter. Ovaj poremec\u0301aj je \u010de\u0161c\u0301i kod \u017eena, a tako\u0111e se javlja i kod \u017eena koje \u010desto ra\u0111aju.<br \/>\nRektalni prolaps, koji se naj\u010de\u0161c\u0301e javlja izme\u0111u 1. i 4. godine kod dece i posle 45. godine kod odraslih, treba da le\u010di lekar specijalista nakon pregleda.[\/vc_column_text]<h2 class=\"box-header\">\u0160ta Uzrokuje Analni Prolaps (Rektalni Prolaps)?<\/h2>[vc_column_text]Osnovni uzrok rektalnog prolapsa je uglavnom hroni\u010dna konstipacija. \u017dalba na dugotrajnu i stalno ponavljajuc\u0301u konstipaciju \u010dini anus malo tvr\u0111im svaki put zbog prekomernog naprezanja koje ona izaziva.<br \/>\nOvaj proces vremenom stvara bolest rektalnog prolapsa. Efikasan je kod nastanka rektalnog prolapsa, kao i kod hroni\u010dne dijareje. Zbog stalne potrebe za defekacijom, pacijent stalno ide u toalet i vr\u0161i nepotrebno naprezanje.<br \/>\nKao rezultat toga, mo\u017ee doc\u0301i do opu\u0161tanja karli\u010dnog prednjeg dela tela. Pored toga, mnogi normalni poro\u0111aji kod \u017eena tako\u0111e uzrokuju rektalni prolaps. Pored ovoga, razlozi koji uzrokuju rektalni prolaps su sledec\u0301i;<\/p>\n<ul>\n<li>Potreba za nepotrebnim naprezanjem prilikom defekacije koja je postala navika<\/li>\n<li>Uporni ka\u0161alj zbog hroni\u010dne opstruktivne bolesti pluc\u0301a<\/li>\n<li>Kontinuirana upotreba laksativa kod pacijenata koji pate od hroni\u010dne konstipacije\/li&gt;<\/li>\n<li>Opu\u0161tanje mi\u0161ic\u0301a koji dr\u017ee stolicu zbog starenja<\/li>\n<li>Urinarna inkontinencija zbog disfunkcije karli\u010dnog dna<\/li>\n<li>Retko, nasledni uzroci<\/li>\n<li>Bolest cisti\u010dne fibroze<\/li>\n<li>Nakon povreda ki\u010dmene mo\u017edine<\/li>\n<li>Parazitske i bacilarne bakterije dizenterije<\/li>\n<li>Opu\u0161tanje anusa mo\u017ee se videti kao rezultat nekih neurolo\u0161kih bolesti.<\/li>\n<\/ul>\n<p>[\/vc_column_text][vc_empty_space height=&#8221;15&#8243;]<h2 class=\"box-header\">Koji su Simptomi Rektalnog Prolapsa?<\/h2>[vc_column_text]Kod rektalnog prolapsa, mi\u0161ic\u0301i koji se koriste za defekaciju ne mogu u potpunosti da funkcioni\u0161u. Pored toga, simptomi se nastavljaju povec\u0301avati zbog deformacije koja je suprotna anatomiji u karli\u010dnom prednjem delu tela. Kao rezultat svega ovoga, mogu se primetiti sledec\u0301i simptomi; \u2022 \u017dalba na zatvor koja se javlja kod rektalnog prolapsa je \u010de\u0161c\u0301a kod pacijenata srednjih godina.<\/p>\n<ul>\n<li>Zbog osec\u0301aja nepotpunog pra\u017enjenja stolice, pacijentu je stalno potreban toalet. Pacijent koji \u010desto ide u toalet uzrokuje napredovanje bolesti stalnim napinjanjem.<\/li>\n<li>Pacijent, koji stalno osec\u0301a potrebu za defekacijom i naprezanjem, zbog ove situacije ne mo\u017ee da provodi mnogo vremena napolju. Dru\u0161tveni \u017eivot je negativno pogo\u0111en.<\/li>\n<li>Problemi sa inkontinencijom gasova i fekalnom inkontinencijom, nazvani fekalna inkontinencija, spadaju me\u0111u uobi\u010dajene tegobe kod rektalnog prolapsa. \u010ce\u0161c\u0301i je, posebno kod pacijenata srednjih godina. Tegoba zbog inkontinencije gasova i fekalne inkontinencije razvija se zbog istezanja creva koje izlazi iz anusa.<\/li>\n<\/ul>\n<p>Te\u0161koc\u0301e u defekaciji zbog deformisanog creva su jo\u0161 jedna tegoba koja se javlja kod pacijenata sa rektalnim prolapsom.[\/vc_column_text][\/vc_column][\/vc_row][vc_row][vc_column]<h2 class=\"box-header\">Kako se Le\u010di Rektalni Prolaps?<\/h2>[vc_column_text]U slu\u010daju rektalnog prolapsa, koji se obi\u010dno dijagnostikuje tokom pregleda koji obavlja specijalista proktolog, tokom pregleda se mo\u017ee otkriti i crevni prolaps. U takvom slu\u010daju, lekar specijalista potiskuje crevo unutra i pri\u010dvr\u0161c\u0301uje ga flasterom kako se ne bi razvio edem u doti\u010dnom podru\u010dju. U slu\u010dajevima kada je crevo prekomerno prolabirano, mo\u017ee doc\u0301i do blokiranja limfnih sudova i razvoja edema na ovom mestu, a ako se ne le\u010di, mo\u017ee izazvati nekrozu (propadanje) creva.<\/p>\n<p><strong>Defekografija:<\/strong>To je radiolo\u0161ka tehnika pregleda koja se koristi u slu\u010dajevima kao \u0161to su skriveni ili unutra\u0161nji rektalni prolaps kod pacijenata. Slike se prave tomografijom i MRI defekografijom tokom pra\u017enjenja creva. Pomoc\u0301u ovih slika se mo\u017ee prikazati rektalni prola.<\/p>\n<p><strong>ERUS (Endoscopic Rectal Ultrasonography):<\/strong> o je posebno korisna metoda kod pacijenata koji su podvrgnuti hirur\u0161koj remontu. To radi radiolog.<\/p>\n<p><strong>Magnetna rezonanca karlice:<\/strong>Radi se sa ciljem dobijanja informacija o trenutnom stanju mi\u0161ic\u0301a karli\u010dnog dna i mi\u0161ic\u0301a karli\u010dnog dela tela. Ako postoji o\u0161tec\u0301enje ovih mi\u0161ic\u0301a, to se lako mo\u017ee videti na magnetnoj rezonanciji.[\/vc_column_text][\/vc_column][\/vc_row][vc_row][vc_column][vc_separator][vc_empty_space height=&#8221;15&#8243;]<h2 class=\"box-header align-left\">Preporu\u010deni Video Snimci za Rektalni Prolaps<\/h2>[vc_empty_space height=&#8221;15&#8243;][vc_row_inner top_margin=&#8221;page-margin-top-section&#8221; el_class=&#8221;flex-box&#8221;][vc_column_inner width=&#8221;1\/3&#8243;][vc_raw_html]JTNDYSUyMGRhdGEtZmFuY3lib3glM0QlMjJnYWxsZXJ5JTIyJTIwaHJlZiUzRCUyMmh0dHBzJTNBJTJGJTJGd3d3LnlvdXR1YmUuY29tJTJGd2F0Y2glM0Z2JTNEZkdvb3ZPVjVYY2clMjIlMjBjbGFzcyUzRCUyMnZpZGVvLWJveCUyMiUzRSUwQSUyMCUyMCUyMCUyMCUzQ2ltZyUyMHNyYyUzRCUyMmh0dHBzJTNBJTJGJTJGYXZydXBhY2VycmFoaS5jb20udHIlMkZ3cC1jb250ZW50JTJGdXBsb2FkcyUyRjIwMjElMkYwMiUyRmFuYWwtZmlzc3VyLWF5YWt0YW4tdGVkYXZpLmpwZyUyMiUyMGFsdCUzRCUyMmltYWdlJTIyJTNFJTBBJTIwJTIwJTIwJTIwJTNDZGl2JTIwY2xhc3MlM0QlMjJ2aWRlby1ib3hfX2ljb24lMjIlM0UlM0NkaXYlMjBjbGFzcyUzRCUyMnZpZGVvLWJveF9faWNvbi0tcGxheSUyMiUzRSUzQ3N2ZyUyMHZpZXdCb3glM0QlMjIwJTIwMCUyMDI0JTIwMjQlMjIlMjB3aWR0aCUzRCUyMjI0JTIyJTIwaGVpZ2h0JTNEJTIyMjQlMjIlM0UlM0NwYXRoJTIwZmlsbCUzRCUyMm5vbmUlMjIlMjBkJTNEJTIyTTAlMjAwaDI0djI0SDB6JTIyJTJGJTNFJTNDcGF0aCUyMGQlM0QlMjJNMTkuMzc2JTIwMTIuNDE2TDguNzc3JTIwMTkuNDgyQS41LjUlMjAwJTIwMCUyMDElMjA4JTIwMTkuMDY2VjQuOTM0YS41LjUlMjAwJTIwMCUyMDElMjAuNzc3LS40MTZsMTAuNTk5JTIwNy4wNjZhLjUuNSUyMDAlMjAwJTIwMSUyMDAlMjAuODMyeiUyMiUyRiUzRSUzQyUyRnN2ZyUzRSUzQyUyRmRpdiUzRSUzQyUyRmRpdiUzRSUwQSUzQyUyRmElM0U=[\/vc_raw_html][\/vc_column_inner][vc_column_inner width=&#8221;1\/3&#8243;][vc_raw_html]JTNDYSUyMGRhdGEtZmFuY3lib3glM0QlMjJnYWxsZXJ5JTIyJTIwaHJlZiUzRCUyMmh0dHBzJTNBJTJGJTJGd3d3LnlvdXR1YmUuY29tJTJGd2F0Y2glM0Z2JTNEY2FxdlRjbmxWR1ElMjIlMjBjbGFzcyUzRCUyMnZpZGVvLWJveCUyMiUzRSUwQSUyMCUyMCUyMCUyMCUzQ2ltZyUyMHNyYyUzRCUyMmh0dHBzJTNBJTJGJTJGYXZydXBhY2VycmFoaS5jb20udHIlMkZ3cC1jb250ZW50JTJGdXBsb2FkcyUyRjIwMjElMkYwMiUyRmFuYWwtZmlzdHVsLWlsZS1hbmFsLWZpc3N1ci5qcGclMjIlMjBhbHQlM0QlMjJpbWFnZSUyMiUzRSUwQSUyMCUyMCUyMCUyMCUzQ2RpdiUyMGNsYXNzJTNEJTIydmlkZW8tYm94X19pY29uJTIyJTNFJTNDZGl2JTIwY2xhc3MlM0QlMjJ2aWRlby1ib3hfX2ljb24tLXBsYXklMjIlM0UlM0NzdmclMjB2aWV3Qm94JTNEJTIyMCUyMDAlMjAyNCUyMDI0JTIyJTIwd2lkdGglM0QlMjIyNCUyMiUyMGhlaWdodCUzRCUyMjI0JTIyJTNFJTNDcGF0aCUyMGZpbGwlM0QlMjJub25lJTIyJTIwZCUzRCUyMk0wJTIwMGgyNHYyNEgweiUyMiUyRiUzRSUzQ3BhdGglMjBkJTNEJTIyTTE5LjM3NiUyMDEyLjQxNkw4Ljc3NyUyMDE5LjQ4MkEuNS41JTIwMCUyMDAlMjAxJTIwOCUyMDE5LjA2NlY0LjkzNGEuNS41JTIwMCUyMDAlMjAxJTIwLjc3Ny0uNDE2bDEwLjU5OSUyMDcuMDY2YS41LjUlMjAwJTIwMCUyMDElMjAwJTIwLjgzMnolMjIlMkYlM0UlM0MlMkZzdmclM0UlM0MlMkZkaXYlM0UlM0MlMkZkaXYlM0UlMEElM0MlMkZhJTNF[\/vc_raw_html][\/vc_column_inner][vc_column_inner width=&#8221;1\/3&#8243;][vc_raw_html]JTNDYSUyMGRhdGEtZmFuY3lib3glM0QlMjJnYWxsZXJ5JTIyJTIwaHJlZiUzRCUyMmh0dHBzJTNBJTJGJTJGd3d3LnlvdXR1YmUuY29tJTJGd2F0Y2glM0Z2JTNEdC13M3BuZkVFWG8lMjIlMjBjbGFzcyUzRCUyMnZpZGVvLWJveCUyMiUzRSUwQSUyMCUyMCUyMCUyMCUzQ2ltZyUyMHNyYyUzRCUyMmh0dHBzJTNBJTJGJTJGYXZydXBhY2VycmFoaS5jb20udHIlMkZ3cC1jb250ZW50JTJGdXBsb2FkcyUyRjIwMjElMkYwMiUyRmZpc3N1ci1tYWtldC1jYXRsYWdpLmpwZyUyMiUyMGFsdCUzRCUyMmltYWdlJTIyJTNFJTBBJTIwJTIwJTIwJTIwJTNDZGl2JTIwY2xhc3MlM0QlMjJ2aWRlby1ib3hfX2ljb24lMjIlM0UlM0NkaXYlMjBjbGFzcyUzRCUyMnZpZGVvLWJveF9faWNvbi0tcGxheSUyMiUzRSUzQ3N2ZyUyMHZpZXdCb3glM0QlMjIwJTIwMCUyMDI0JTIwMjQlMjIlMjB3aWR0aCUzRCUyMjI0JTIyJTIwaGVpZ2h0JTNEJTIyMjQlMjIlM0UlM0NwYXRoJTIwZmlsbCUzRCUyMm5vbmUlMjIlMjBkJTNEJTIyTTAlMjAwaDI0djI0SDB6JTIyJTJGJTNFJTNDcGF0aCUyMGQlM0QlMjJNMTkuMzc2JTIwMTIuNDE2TDguNzc3JTIwMTkuNDgyQS41LjUlMjAwJTIwMCUyMDElMjA4JTIwMTkuMDY2VjQuOTM0YS41LjUlMjAwJTIwMCUyMDElMjAuNzc3LS40MTZsMTAuNTk5JTIwNy4wNjZhLjUuNSUyMDAlMjAwJTIwMSUyMDAlMjAuODMyeiUyMiUyRiUzRSUzQyUyRnN2ZyUzRSUzQyUyRmRpdiUzRSUzQyUyRmRpdiUzRSUwQSUzQyUyRmElM0U=[\/vc_raw_html][\/vc_column_inner][\/vc_row_inner][vc_empty_space height=&#8221;15&#8243;][vc_separator][vc_empty_space height=&#8221;15&#8243;][\/vc_column][\/vc_row][vc_row type=&#8221;full-width mc-parallax mc-overlay&#8221; top_margin=&#8221;page-margin-top-section&#8221; css=&#8221;.vc_custom_1649163838993{background-color: #173c6d !important;background-position: center !important;background-repeat: no-repeat !important;background-size: cover !important;}&#8221; el_class=&#8221;padding-top-89 padding-bottom-100&#8243;][vc_column]<h2 class=\"box-header white align-center large\">Kako se Proces Le\u010denja Odvija u Avrupa Cerrahi?<\/h2>[vc_row_inner top_margin=&#8221;page-margin-top-section&#8221; el_class=&#8221;flex-box&#8221;][vc_column_inner width=&#8221;1\/3&#8243;]<div class=\"info-box features-phone animated-element animation-fadeIn duration-500\"><h3>Zakazivanje Termina<\/h3><p>Ako \u017eelite da zapo\u010dnete brzi proces le\u010denja, mo\u017eete zakazati termin pozivom na broj ili putem WhatsApp-a<br \/>\n<a href=\"https:\/\/wa.me\/905316567521\">+90 552 608 3921<\/a><\/p>\n<p><span style=\"color: #ffffff;\">&lt;<\/span><\/p><\/div><div class=\"arrow-container animated-element animation-slideRight duration-800 delay-150\"><span class=\"arrow template-arrow-horizontal-4-after arrow-light\"><\/span><\/div>[\/vc_column_inner][vc_column_inner width=&#8221;1\/3&#8243;]<div class=\"info-box features-hospital animated-element animation-slideRight duration-800 delay-600\"><h3>Proces Ispitivanja<\/h3><p>Kada do\u0111e dan va\u0161eg pregleda, nakon \u0161to va\u0161 lekar postavi dijagnozu, odre\u0111uje se najprikladniji oblik le\u010denja za vas.<\/p><\/div><div class=\"arrow-container animated-element animation-slideRight duration-800 delay-1050\"><span class=\"arrow template-arrow-horizontal-4-after arrow-dark\"><\/span><\/div>[\/vc_column_inner][vc_column_inner width=&#8221;1\/3&#8243;]<div class=\"info-box features-heart animated-element animation-slideRight duration-800 delay-1500\"><h3>Proces Le\u010denja<\/h3><p>\u010cim se odlu\u010dite za tretman (mo\u017eda istog dana), mo\u017eemo izvr\u0161iti laserski tretman rektalnog krvarenja.<\/p><\/div>[\/vc_column_inner][\/vc_row_inner][\/vc_column][\/vc_row]<\/p>\n","protected":false},"excerpt":{"rendered":"<p>[vc_row][vc_column width=&#8221;1\/2&#8243;][vc_empty_space][vc_raw_html]JTNDYSUyMGRhdGEtZmFuY3lib3glM0QlMjJnYWxsZXJ5JTIyJTIwaHJlZiUzRCUyMmh0dHBzJTNBJTJGJTJGd3d3LnlvdXR1YmUuY29tJTJGd2F0Y2glM0Z2JTNEMTQwN3VhTlN6V28lMjZ0JTNEMTJzJTIyJTIwY2xhc3MlM0QlMjJ2aWRlby1ib3glMjIlM0UlMEElMjAlMjAlMjAlMjAlM0NpbWclMjBzcmMlM0QlMjJodHRwcyUzQSUyRiUyRmF2cnVwYWNlcnJhaGkubmV0JTJGZW4lMkZ3cC1jb250ZW50JTJGdXBsb2FkcyUyRjIwMjIlMkYwNCUyRmhlbW9yb2lkLWNubi1pbmdpbGl6Y2UuanBnJTIyJTIwYWx0JTNEJTIyaW1hZ2UlMjIlM0UlMEElMjAlMjAlMjAlMjAlM0NkaXYlMjBjbGFzcyUzRCUyMnZpZGVvLWJveF9faWNvbiUyMiUzRSUzQ2RpdiUyMGNsYXNzJTNEJTIydmlkZW8tYm94X19pY29uLS1wbGF5JTIyJTNFJTNDc3ZnJTIwdmlld0JveCUzRCUyMjAlMjAwJTIwMjQlMjAyNCUyMiUyMHdpZHRoJTNEJTIyMjQlMjIlMjBoZWlnaHQlM0QlMjIyNCUyMiUzRSUzQ3BhdGglMjBmaWxsJTNEJTIybm9uZSUyMiUyMGQlM0QlMjJNMCUyMDBoMjR2MjRIMHolMjIlMkYlM0UlM0NwYXRoJTIwZCUzRCUyMk0xOS4zNzYlMjAxMi40MTZMOC43NzclMjAxOS40ODJBLjUuNSUyMDAlMjAwJTIwMSUyMDglMjAxOS4wNjZWNC45MzRhLjUuNSUyMDAlMjAwJTIwMSUyMC43NzctLjQxNmwxMC41OTklMjA3LjA2NmEuNS41JTIwMCUyMDAlMjAxJTIwMCUyMC44MzJ6JTIyJTJGJTNFJTNDJTJGc3ZnJTNFJTNDJTJGZGl2JTNFJTNDJTJGZGl2JTNFJTBBJTNDJTJGYSUzRQ==[\/vc_raw_html][\/vc_column][vc_column width=&#8221;1\/2&#8243; el_class=&#8221;padding-left-30&#8243;][vc_empty_space][vc_raw_html]JTNDYSUyMGRhdGEtZmFuY3lib3glM0QlMjJnYWxsZXJ5JTIyJTIwaHJlZiUzRCUyMmh0dHBzJTNBJTJGJTJGd3d3LnlvdXR1YmUuY29tJTJGd2F0Y2glM0Z2JTNEWUJqVlNmaVJXUzglMjIlMjBjbGFzcyUzRCUyMnZpZGVvLWJveCUyMiUzRSUwQSUyMCUyMCUyMCUyMCUzQ2ltZyUyMHNyYyUzRCUyMmh0dHBzJTNBJTJGJTJGYXZydXBhY2VycmFoaS5uZXQlMkZlbiUyRndwLWNvbnRlbnQlMkZ1cGxvYWRzJTJGMjAyMiUyRjEyJTJGcmVrdGFsa2FuYW1hLWthcGFrLWVuZy5qcGclMjIlMjBhbHQlM0QlMjJpbWFnZSUyMiUzRSUwQSUyMCUyMCUyMCUyMCUzQ2RpdiUyMGNsYXNzJTNEJTIydmlkZW8tYm94X19pY29uJTIyJTNFJTNDZGl2JTIwY2xhc3MlM0QlMjJ2aWRlby1ib3hfX2ljb24tLXBsYXklMjIlM0UlM0NzdmclMjB2aWV3Qm94JTNEJTIyMCUyMDAlMjAyNCUyMDI0JTIyJTIwd2lkdGglM0QlMjIyNCUyMiUyMGhlaWdodCUzRCUyMjI0JTIyJTNFJTNDcGF0aCUyMGZpbGwlM0QlMjJub25lJTIyJTIwZCUzRCUyMk0wJTIwMGgyNHYyNEgweiUyMiUyRiUzRSUzQ3BhdGglMjBkJTNEJTIyTTE5LjM3NiUyMDEyLjQxNkw4Ljc3NyUyMDE5LjQ4MkEuNS41JTIwMCUyMDAlMjAxJTIwOCUyMDE5LjA2NlY0LjkzNGEuNS41JTIwMCUyMDAlMjAxJTIwLjc3Ny0uNDE2bDEwLjU5OSUyMDcuMDY2YS41LjUlMjAwJTIwMCUyMDElMjAwJTIwLjgzMnolMjIlMkYlM0UlM0MlMkZzdmclM0UlM0MlMkZkaXYlM0UlM0MlMkZkaXYlM0UlMEElM0MlMkZhJTNF[\/vc_raw_html][\/vc_column][\/vc_row][vc_row][vc_column css=&#8221;.vc_custom_1536849658368{background-position: center !important;background-repeat: no-repeat !important;background-size: cover !important;}&#8221; el_class=&#8221;padding-bottom-128 column-limited&#8221;][vc_empty_space height=&#8221;15&#8243;][vc_separator][vc_empty_space height=&#8221;15&#8243;][vc_column_text]Nehirur\u0161ko le\u010denje Vreme obrade je 5-8 minuta. Bez anestezije i bez ne\u017eeljenih efekata povezanih sa anestezijom (samo jednostavna lokalna anestezija) Po\u0161to nema operacije, nema potrebe za testovima ili analizama pre tretmana, a glad ili sitost ne ometaju tretman. Bez rezova i<\/p>\n","protected":false},"author":1,"featured_media":0,"parent":0,"menu_order":0,"comment_status":"closed","ping_status":"closed","template":"","meta":{"footnotes":""},"class_list":["post-5277","page","type-page","status-publish","hentry"],"aioseo_notices":[],"_links":{"self":[{"href":"https:\/\/avrupacerrahi.net\/rs\/wp-json\/wp\/v2\/pages\/5277","targetHints":{"allow":["GET"]}}],"collection":[{"href":"https:\/\/avrupacerrahi.net\/rs\/wp-json\/wp\/v2\/pages"}],"about":[{"href":"https:\/\/avrupacerrahi.net\/rs\/wp-json\/wp\/v2\/types\/page"}],"author":[{"embeddable":true,"href":"https:\/\/avrupacerrahi.net\/rs\/wp-json\/wp\/v2\/users\/1"}],"replies":[{"embeddable":true,"href":"https:\/\/avrupacerrahi.net\/rs\/wp-json\/wp\/v2\/comments?post=5277"}],"version-history":[{"count":9,"href":"https:\/\/avrupacerrahi.net\/rs\/wp-json\/wp\/v2\/pages\/5277\/revisions"}],"predecessor-version":[{"id":8235,"href":"https:\/\/avrupacerrahi.net\/rs\/wp-json\/wp\/v2\/pages\/5277\/revisions\/8235"}],"wp:attachment":[{"href":"https:\/\/avrupacerrahi.net\/rs\/wp-json\/wp\/v2\/media?parent=5277"}],"curies":[{"name":"wp","href":"https:\/\/api.w.org\/{rel}","templated":true}]}}