{"id":7819,"date":"2025-11-20T13:43:25","date_gmt":"2025-11-20T10:43:25","guid":{"rendered":"https:\/\/avrupacerrahi.net\/rs\/?page_id=7819"},"modified":"2025-11-20T16:27:52","modified_gmt":"2025-11-20T13:27:52","slug":"nehirursko-lecenje-hidradenitis-suppurativa","status":"publish","type":"page","link":"https:\/\/avrupacerrahi.net\/rs\/nehirursko-lecenje-hidradenitis-suppurativa\/","title":{"rendered":"Nehirur\u0161ko Le\u010denje Hidradenitis Suppurativa"},"content":{"rendered":"<p>[vc_row][vc_column width=&#8221;1\/2&#8243;][vc_raw_html]JTNDaWZyYW1lJTIwY2xhc3MlM0QlMjJib3JkZXItc2hhZG93cyUyMiUyMHdpZHRoJTNEJTIyMTAwJTI1JTIyJTIwaGVpZ2h0JTNEJTIyMzE1JTIyJTIwc3JjJTNEJTIyaHR0cHMlM0ElMkYlMkZ3d3cueW91dHViZS5jb20lMkZlbWJlZCUyRkV6TldiNmpnRXVZJTNGc2klM0R1MXZ2MG9iN3pjdm8zRDY0JTIyJTIwdGl0bGUlM0QlMjJZb3VUdWJlJTIwdmlkZW8lMjBwbGF5ZXIlMjIlMjBmcmFtZWJvcmRlciUzRCUyMjAlMjIlMjBhbGxvdyUzRCUyMmFjY2VsZXJvbWV0ZXIlM0IlMjBhdXRvcGxheSUzQiUyMGNsaXBib2FyZC13cml0ZSUzQiUyMGVuY3J5cHRlZC1tZWRpYSUzQiUyMGd5cm9zY29wZSUzQiUyMHBpY3R1cmUtaW4tcGljdHVyZSUzQiUyMHdlYi1zaGFyZSUyMiUyMGFsbG93ZnVsbHNjcmVlbiUzRSUzQyUyRmlmcmFtZSUzRQ==[\/vc_raw_html][vc_empty_space height=&#8221;25px&#8221;][\/vc_column][vc_column width=&#8221;1\/2&#8243;][vc_raw_html]JTNDaWZyYW1lJTIwY2xhc3MlM0QlMjJib3JkZXItc2hhZG93cyUyMiUyMHdpZHRoJTNEJTIyMTAwJTI1JTIyJTIwaGVpZ2h0JTNEJTIyMzE1JTIyJTIwc3JjJTNEJTIyaHR0cHMlM0ElMkYlMkZ3d3cueW91dHViZS5jb20lMkZlbWJlZCUyRjVPU0diRnJNblpFJTNGc2klM0RpdDFhZEpxRlBLRWJPM09jJTIyJTIwdGl0bGUlM0QlMjJZb3VUdWJlJTIwdmlkZW8lMjBwbGF5ZXIlMjIlMjBmcmFtZWJvcmRlciUzRCUyMjAlMjIlMjBhbGxvdyUzRCUyMmFjY2VsZXJvbWV0ZXIlM0IlMjBhdXRvcGxheSUzQiUyMGNsaXBib2FyZC13cml0ZSUzQiUyMGVuY3J5cHRlZC1tZWRpYSUzQiUyMGd5cm9zY29wZSUzQiUyMHBpY3R1cmUtaW4tcGljdHVyZSUzQiUyMHdlYi1zaGFyZSUyMiUyMGFsbG93ZnVsbHNjcmVlbiUzRSUzQyUyRmlmcmFtZSUzRQ==[\/vc_raw_html][vc_empty_space height=&#8221;25px&#8221;][\/vc_column][\/vc_row][vc_row][vc_column][vc_empty_space][vc_separator][vc_empty_space]<h2 class=\"box-header black align-center large\">Kontaktirajte Nas<\/h2>[\/vc_column][\/vc_row][vc_row][vc_column][vc_empty_space height=&#8221;25px&#8221;][\/vc_column][\/vc_row][vc_row][vc_column]<h2 class=\"box-header\">\u0160ta je Hidradenitis Suppurativa?<\/h2>[vc_raw_html]JTNDc3Ryb25nJTNFR25vam5pJTIwSGlkcmFkZW5pdGlzJTNDJTJGc3Ryb25nJTNFJTIwamUlMjBocm9uaSVDNCU4RG5hJTIwa28lQzUlQkVuYSUyMGJvbGVzdCUyMGtvamElMjBtbyVDNSVCRWUlMjB0cmFqYXRpJTIwZG8lQzUlQkVpdm90bm8lMjBha28lMjBzZSUyMG5lJTIwbGUlQzQlOERpLiUyMCUzQ2JyJTNFJTBBJTBBJTBBJTNDc3Ryb25nJTNFR25vam5pJTIwSGlkcmFkZW5pdGlzJTNDJTJGc3Ryb25nJTNFJTIwc2UlMjBwcmltZWMlQ0MlODF1amUlMjB1JTIwbmFib3JpbWElMjBrbyVDNSVCRWUlMjB1JTIwcGF6dWh1JTJDJTIwcHJlcG9uYW1hJTJDJTIwaXNwb2QlMjBncnVkaSUyQyUyMG9rbyUyMGFudXNhJTJDJTIwemFkbmppY2klMjBpJTIwZ2VuaXRhbG5pbSUyMG9yZ2FuaW1hJTJDJTIwcG9zZWJubyUyMHUlMjBwb2RydSVDNCU4RGppbWElMjBzYSUyMHByZWtvbWVybmltJTIwem5vamVtJTIwaSUyMGxvam5pbSUyMCVDNSVCRWxlemRhbWEu[\/vc_raw_html][\/vc_column][\/vc_row][vc_row][vc_column width=&#8221;1\/2&#8243;][vc_single_image image=&#8221;6666&#8243; img_size=&#8221;full&#8221; style=&#8221;vc_box_border_circle&#8221;][\/vc_column][vc_column width=&#8221;1\/2&#8243;]<h3 class=\"box-header\">Laserski Tretman Hidradenitisa Gnojnog<\/h3>[vc_column_text]<strong>Hidradenitis Suppurativa Laserski Tretman<\/strong> Precizno cilja tkiva hidradenitisa, nudec\u0301i efikasno re\u0161enje bez potrebe za hirur\u0161kom intervencijom. Tokom tretmana, podru\u010dja sa neprijatnim mirisom i upaljenim podru\u010djima se pa\u017eljivo obele\u017eavaju, a pacijent se opu\u0161ta lokalnom anestezijom. Laserska terapija trajno uklanja \u017eari\u0161ta hidradenitisa i ubrzava proces zarastanja jer ne o\u0161tec\u0301uje okolna zdrava tkiva. Istovremeno, ova metoda elimini\u0161e rizik od ponovne pojave bolesti u tretiranim podru\u010djima. Na ovaj na\u010din, pacijenti se mogu re\u0161iti upale, neprijatnog mirisa i bola izazvanih hidradenitisom supurativa i udobnije nastaviti svoj svakodnevni \u017eivot.[\/vc_column_text][\/vc_column][\/vc_row][vc_row][vc_column][vc_empty_space][\/vc_column][\/vc_row][vc_row][vc_column]<h2 class=\"box-header\">Prednosti Laserskog Tretmana Hidradenitisa Suppurativa<\/h2>[vc_column_text]<\/p>\n<ul>\n<li>Vreme postupka je 30-40 minuta.<\/li>\n<li>Bez anestezije i ne\u017eeljenih efekata povezanih sa anestezijom (samo jednostavna lokalna anestezija)<\/li>\n<li>Po\u0161to nema operacije, nema potrebe za testovima ili analizama pre tretmana, a post ili sitost ne ometaju le\u010denje.<\/li>\n<li>Nema \u0161avova.<\/li>\n<li>Oporavak je brz jer tkiva nisu o\u0161tec\u0301ena.<\/li>\n<li>Mogu se vratiti svojim svakodnevnim aktivnostima istog dana kada je tretman zavr\u0161en.<\/li>\n<li>Ne zahteva hospitalizaciju jer je jednako udobno i brzo kao i plomba za zube.<\/li>\n<li>Nakon nehirur\u0161kog laserskog tretmana, bol je manji.<\/li>\n<li>Laserski tretman hidradenitisa supurativa uni\u0161tava zara\u017eeno tkivo bez hirur\u0161ke intervencije,<\/li>\n<li>Kada se le\u010di zara\u017eeno podru\u010dje Hidradenitisa Supurativa, ono se vi\u0161e ne pojavljuje na istom podru\u010dju.<\/li>\n<\/ul>\n<p>[\/vc_column_text][vc_empty_space height=&#8221;15px&#8221;][\/vc_column][\/vc_row][vc_row][vc_column]<h2 class=\"box-header\">Pre i Posle Le\u010denja Hidradenitisa Supurativa<\/h2>[vc_column_text]<strong>Pre i Posle<\/strong> Fotografije na\u0161ih pacijenata le\u010denih laserom za hidradenitis supurativa jasno pokazuju efikasnost na\u0161eg laserskog tretmana i zna\u010dajno pobolj\u0161anje stanja bolesti.[\/vc_column_text][vc_row_inner][vc_column_inner width=&#8221;1\/2&#8243;]<h2 class=\"box-header\">Pre<\/h2>[vc_empty_space height=&#8221;0px&#8221;][vc_empty_space height=&#8221;0px&#8221;][vc_single_image image=&#8221;5933&#8243; img_size=&#8221;full&#8221; style=&#8221;vc_box_border_circle&#8221;][\/vc_column_inner][vc_column_inner width=&#8221;1\/2&#8243;]<h2 class=\"box-header\">Posle<\/h2>[vc_empty_space height=&#8221;0px&#8221;][vc_empty_space height=&#8221;0px&#8221;][vc_single_image image=&#8221;5932&#8243; img_size=&#8221;full&#8221; style=&#8221;vc_box_border_circle&#8221;][\/vc_column_inner][\/vc_row_inner]<h2 class=\"box-header\">Simptomi Gnojnog Hidradenitisa<\/h2>[vc_column_text]Naj\u010de\u0161c\u0301i simptomi hidradenitisa supurativa uklju\u010duju bolne izbo\u010dine na ko\u017ei, iscedak, rane neprijatnog mirisa i stvaranje apscesa. Ovi simptomi obi\u010dno po\u010dinju upalom ispod ko\u017ee i mogu se vremenom pogor\u0161ati. Osetljivost ko\u017ee i neprijatni mirisi su \u010desti, posebno u zara\u017eenim podru\u010djima.[\/vc_column_text][vc_empty_space height=&#8221;30px&#8221;][\/vc_column][\/vc_row][vc_row][vc_column]<h2 class=\"box-header\">Dijagnoza Hidradenitis Suppurativa Bolesti<\/h2>[vc_column_text]<strong>Gnojni Hidradenitis <\/strong> obi\u010dno se mo\u017ee dijagnostikovati na osnovu klini\u010dkih nalaza i fizi\u010dkog pregleda. Iako lekar potvr\u0111uje dijagnozu na osnovu simptoma i anamneze pacijenta, ponekad se mogu izvr\u0161iti dodatni testovi kao \u0161to su biopsija ko\u017ee, bris ko\u017ee, testovi kulture ili testovi krvi za definitivnu dijagnozu. Me\u0111utim, pacijenti \u010desto pogre\u0161no shvataju ove lezije za upalu folikula dlake (folikulitis). Ova zabluda dovodi do ka\u0161njenja u dijagnozi u proseku za <strong>7 godina<\/strong>, \u0161to mo\u017ee dovesti do kasnog po\u010detka le\u010denja i progresije bolesti. Rana dijagnoza je klju\u010dna za spre\u010davanje progresije bolesti.[\/vc_column_text]<h2 class=\"box-header\">Kako Se Le\u010di Hidradenitis Suppurativa?<\/h2>[vc_column_text]Hidradenitis supurativa se \u010desto poku\u0161ava kontrolisati intenzivnim tretmanima antibioticima, ali to ne nudi uvek trajno re\u0161enje i postoji rizik da dugotrajna upotreba antibiotika mo\u017ee dovesti do raznih komplikacija. Danas, <strong>laserska terapija<\/strong> se pojavio kao efikasan i trajan tretman za hidradenitis supurativa. Laserska metoda uklanja upalna \u017eari\u0161ta i spre\u010dava ponovnu pojavu bolesti. Ovo tako\u0111e elimini\u0161e ne\u017eeljene efekte i komplikacije povezane sa prekomernom upotrebom antibiotika. Po\u0161to laserska terapija cilja samo obolelo tkivo i ne o\u0161tec\u0301uje okolno zdravo tkivo, ona obezbe\u0111uje brzo zarastanje.[\/vc_column_text][vc_empty_space height=&#8221;15px&#8221;]<h2 class=\"box-header\">Saveti za Na\u010din Zivota i Preporuke za Negu Kod Hidradenitis Gnojnog Zapaljenja<\/h2>[vc_column_text]<\/p>\n<ul>\n<li><strong>Uravnote\u017eena Ishrana:<\/strong> Izbegavajte gojenje i smanjite konzumiranje slatkih namirnica ili onih sa visokim glikemijskim indeksom.<\/li>\n<li><strong>Pu\u0161enje:<\/strong> Pu\u0161enje mo\u017ee pogor\u0161ati bolest, pa je klju\u010dno izbegavati pu\u0161enje kako bi se simptomi bolje kontrolisali.<\/li>\n<li><strong>Higijena:<\/strong> Posebno po vruc\u0301em vremenu, izbegavajte prekomerno znojenje i vlagu. \u010cesto se tu\u0161irajte i odr\u017eavajte ko\u017eu suvom. Kori\u0161c\u0301enje antibakterijskog sapuna ili gela za tu\u0161iranje 1-2 puta nedeljno mo\u017ee pomoc\u0301i.<\/li>\n<li><strong>Upotreba Dezodoransa:<\/strong> Izbegavajte dezodoranse koji blokiraju znojne \u017elezde. Dugotrajni antiperspiranti sa jakim hemikalijama mogu pogor\u0161ati stanje.<\/li>\n<li><strong>Kozmeti\u010dke Proizvode:<\/strong> Vodite ra\u010duna da hidratantne kreme i kozmeti\u010dki proizvodi ne do\u0111u u kontakt sa pogo\u0111enim podru\u010djima.<\/li>\n<li><strong>Odec\u0301a:<\/strong> Izaberite pamu\u010dni donji ve\u0161 i izbegavajte uske ili sinteti\u010dke tkanine.<\/li>\n<\/ul>\n<p>[\/vc_column_text][vc_empty_space][\/vc_column][\/vc_row][vc_row][vc_column][vc_empty_space height=&#8221;30px&#8221;]<h2 class=\"box-header\">Hidradenitis Suppurativa Dijagnosti\u010dke Slike<\/h2>[vc_column_text]<strong>Dijagnosti\u010dke Slike Hidradenitisa Suppurativa <\/strong>mo\u017ee biti veoma va\u017eno da pacijenti bolje razumeju prirodu i te\u017einu bolesti. Ove slike su va\u017ene za procenu te\u017eine bolesti i njeno razlikovanje od drugih sli\u010dnih ko\u017enih oboljenja.[\/vc_column_text][vc_empty_space][\/vc_column][\/vc_row][vc_row][vc_column width=&#8221;1\/2&#8243;][vc_hoverbox image=&#8221;7825&#8243; primary_title=&#8221;&#8221; hover_title=&#8221;&#8221;]<img loading=\"lazy\" decoding=\"async\" src=\"https:\/\/avrupacerrahi.net\/rs\/wp-content\/uploads\/2025\/01\/hidra-01-3.webp\" alt=\"\" width=\"1080\" height=\"1080\" class=\"alignnone size-full wp-image-6942\" srcset=\"https:\/\/avrupacerrahi.net\/rs\/wp-content\/uploads\/2025\/01\/hidra-01-3.webp 1080w, https:\/\/avrupacerrahi.net\/rs\/wp-content\/uploads\/2025\/01\/hidra-01-3-300x300.webp 300w, https:\/\/avrupacerrahi.net\/rs\/wp-content\/uploads\/2025\/01\/hidra-01-3-1024x1024.webp 1024w, https:\/\/avrupacerrahi.net\/rs\/wp-content\/uploads\/2025\/01\/hidra-01-3-150x150.webp 150w, https:\/\/avrupacerrahi.net\/rs\/wp-content\/uploads\/2025\/01\/hidra-01-3-768x768.webp 768w, https:\/\/avrupacerrahi.net\/rs\/wp-content\/uploads\/2025\/01\/hidra-01-3-100x100.webp 100w\" sizes=\"auto, (max-width: 1080px) 100vw, 1080px\" \/>[\/vc_hoverbox][vc_empty_space height=&#8221;0px&#8221;][vc_column_text]<strong>Hidradenitis Suppurativa u Pazuhu<\/strong>[\/vc_column_text][vc_empty_space height=&#8221;0px&#8221;][vc_hoverbox image=&#8221;7825&#8243; primary_title=&#8221;&#8221; hover_title=&#8221;&#8221;]<img loading=\"lazy\" decoding=\"async\" class=\"alignnone size-full wp-image-6946\" src=\"https:\/\/avrupacerrahi.net\/rs\/wp-content\/uploads\/2025\/01\/koltukalti-hidradenitis.png\" alt=\"\" width=\"1080\" height=\"1080\" srcset=\"https:\/\/avrupacerrahi.net\/rs\/wp-content\/uploads\/2025\/01\/koltukalti-hidradenitis.png 1080w, https:\/\/avrupacerrahi.net\/rs\/wp-content\/uploads\/2025\/01\/koltukalti-hidradenitis-300x300.png 300w, https:\/\/avrupacerrahi.net\/rs\/wp-content\/uploads\/2025\/01\/koltukalti-hidradenitis-1024x1024.png 1024w, https:\/\/avrupacerrahi.net\/rs\/wp-content\/uploads\/2025\/01\/koltukalti-hidradenitis-150x150.png 150w, https:\/\/avrupacerrahi.net\/rs\/wp-content\/uploads\/2025\/01\/koltukalti-hidradenitis-768x768.png 768w, https:\/\/avrupacerrahi.net\/rs\/wp-content\/uploads\/2025\/01\/koltukalti-hidradenitis-100x100.png 100w\" sizes=\"auto, (max-width: 1080px) 100vw, 1080px\" \/><\/p>\n<p>&nbsp;[\/vc_hoverbox][vc_empty_space height=&#8221;0px&#8221;][vc_column_text]<strong>Hidradenitis Suppurativa u Pazuhu<\/strong>[\/vc_column_text][\/vc_column][vc_column width=&#8221;1\/2&#8243;][vc_hoverbox image=&#8221;7825&#8243; primary_title=&#8221;&#8221; hover_title=&#8221;&#8221;]<img loading=\"lazy\" decoding=\"async\" src=\"https:\/\/avrupacerrahi.net\/rs\/wp-content\/uploads\/2025\/01\/hidra-008-2.webp\" alt=\"\" width=\"1080\" height=\"1080\" class=\"alignnone size-full wp-image-6941\" srcset=\"https:\/\/avrupacerrahi.net\/rs\/wp-content\/uploads\/2025\/01\/hidra-008-2.webp 1080w, https:\/\/avrupacerrahi.net\/rs\/wp-content\/uploads\/2025\/01\/hidra-008-2-300x300.webp 300w, https:\/\/avrupacerrahi.net\/rs\/wp-content\/uploads\/2025\/01\/hidra-008-2-1024x1024.webp 1024w, https:\/\/avrupacerrahi.net\/rs\/wp-content\/uploads\/2025\/01\/hidra-008-2-150x150.webp 150w, https:\/\/avrupacerrahi.net\/rs\/wp-content\/uploads\/2025\/01\/hidra-008-2-768x768.webp 768w, https:\/\/avrupacerrahi.net\/rs\/wp-content\/uploads\/2025\/01\/hidra-008-2-100x100.webp 100w\" sizes=\"auto, (max-width: 1080px) 100vw, 1080px\" \/>[\/vc_hoverbox][vc_empty_space height=&#8221;0px&#8221;][vc_column_text]<strong>Hidradenitis Gnojni u Analnom Podru\u010dju<\/strong>[\/vc_column_text][vc_empty_space height=&#8221;0px&#8221;][vc_hoverbox image=&#8221;7825&#8243; primary_title=&#8221;&#8221; hover_title=&#8221;&#8221;]<img loading=\"lazy\" decoding=\"async\" class=\"alignnone size-full wp-image-6947\" src=\"https:\/\/avrupacerrahi.net\/rs\/wp-content\/uploads\/2025\/01\/hidra-05-1.webp\" alt=\"\" width=\"1080\" height=\"1080\" srcset=\"https:\/\/avrupacerrahi.net\/rs\/wp-content\/uploads\/2025\/01\/hidra-05-1.webp 1080w, https:\/\/avrupacerrahi.net\/rs\/wp-content\/uploads\/2025\/01\/hidra-05-1-300x300.webp 300w, https:\/\/avrupacerrahi.net\/rs\/wp-content\/uploads\/2025\/01\/hidra-05-1-1024x1024.webp 1024w, https:\/\/avrupacerrahi.net\/rs\/wp-content\/uploads\/2025\/01\/hidra-05-1-150x150.webp 150w, https:\/\/avrupacerrahi.net\/rs\/wp-content\/uploads\/2025\/01\/hidra-05-1-768x768.webp 768w, https:\/\/avrupacerrahi.net\/rs\/wp-content\/uploads\/2025\/01\/hidra-05-1-100x100.webp 100w\" sizes=\"auto, (max-width: 1080px) 100vw, 1080px\" \/><\/p>\n<p>&nbsp;[\/vc_hoverbox][vc_column_text]<strong>Hidradenitis Gnojni u Zadnjici<\/strong>[\/vc_column_text][vc_empty_space height=&#8221;0px&#8221;][\/vc_column][\/vc_row][vc_row][vc_column width=&#8221;1\/2&#8243;][vc_single_image image=&#8221;7829&#8243; img_size=&#8221;full&#8221;][vc_empty_space height=&#8221;0px&#8221;][\/vc_column][vc_column width=&#8221;1\/2&#8243;][vc_empty_space height=&#8221;0px&#8221;][vc_empty_space]<h2 class=\"box-header\">Uzroci Hidradenitisa Suppurativa<\/h2>[vc_column_text]<strong>Gnojni Hidradenitis<\/strong> Smatra se da je uzrokovana za\u010depljenim i upaljenim folikulima dlake. Prepoznato je da nekoliko faktora igra ulogu u nastanku bolesti, uklju\u010dujuc\u0301i genetsku predispoziciju, hormonske promene, gojaznost, ishranu bogatu ugljenim hidratima i pu\u0161enje.[\/vc_column_text][\/vc_column][\/vc_row][vc_row][vc_column][vc_empty_space height=&#8221;50px&#8221;][\/vc_column][\/vc_row][vc_row][vc_column width=&#8221;1\/2&#8243;][vc_column_text]<\/p>\n<h1><strong>Hidradenitis Suppurativa Izjava Pacijenata<\/strong><\/h1>\n<p>[\/vc_column_text][vc_empty_space height=&#8221;25px&#8221;][vc_column_text]Na\u0161 pacijent, koji vec\u0301 dugo pati od hidradenitisa supurative, povratio je svoje zdravlje zahvaljujuc\u0301i laserskom tretmanu. Izjavili su da je proces bio bez operacije, bez anestezije i veoma udoban. Pacijent je pomenuo da je period oporavka bio mnogo br\u017ei od o\u010dekivanog. Naglasili su da je moguc\u0301nost primanja le\u010denja bez prekida svakodnevnog \u017eivota velika prednost. Zahvaljujuc\u0301i stru\u010dnom timu i modernoj tehnologiji u Avrupa Cerrahi Proktolo\u0161ki centar, sada \u017eive \u017eivot bez bola. <strong>Ako i vi tra\u017eite nehirur\u0161ko i udobno re\u0161enje za le\u010denje hidradenitisa supurativa, slobodno nas kontaktirajte!<\/strong>[\/vc_column_text][vc_empty_space height=&#8221;40px&#8221;][\/vc_column][vc_column width=&#8221;1\/2&#8243;][vc_raw_html]JTNDaWZyYW1lJTIwY2xhc3MlM0QlMjJib3JkZXItc2hhZG93cyUyMiUyMHdpZHRoJTNEJTIyMTAwJTI1JTIyJTIwaGVpZ2h0JTNEJTIyMzE1JTIyJTIwc3JjJTNEJTIyaHR0cHMlM0ElMkYlMkZ3d3cueW91dHViZS5jb20lMkZlbWJlZCUyRldaTmp4Yjg2ZnkwJTNGc2klM0QyWEVQU09takw3cDNLNkNLJTIyJTIwdGl0bGUlM0QlMjJZb3VUdWJlJTIwdmlkZW8lMjBwbGF5ZXIlMjIlMjBmcmFtZWJvcmRlciUzRCUyMjAlMjIlMjBhbGxvdyUzRCUyMmFjY2VsZXJvbWV0ZXIlM0IlMjBhdXRvcGxheSUzQiUyMGNsaXBib2FyZC13cml0ZSUzQiUyMGVuY3J5cHRlZC1tZWRpYSUzQiUyMGd5cm9zY29wZSUzQiUyMHBpY3R1cmUtaW4tcGljdHVyZSUzQiUyMHdlYi1zaGFyZSUyMiUyMGFsbG93ZnVsbHNjcmVlbiUzRSUzQyUyRmlmcmFtZSUzRQ==[\/vc_raw_html][\/vc_column][\/vc_row][vc_row][vc_column]<h2 class=\"box-header\">Za\u0161to Je Potrebno Birati Avrupa Cerrahi?<\/h2>[vc_column_text]Jedan od razloga za\u0161to nas pacijenti preferiraju za le\u010denje hidradenitisa supurative je na\u0161 strog proces prac\u0301enja i kontrole koji nudimo nakon tretmana. Laserskim tretmanom trajno elimini\u0161emo zara\u017eeno tkivo, \u010dime se okon\u010dava nepotrebna upotreba antibiotika. Na ovaj na\u010din, na\u0161i pacijenti mogu voditi zdrav \u017eivot koristec\u0301i manje lekova i oprostiti se od rekurentnih apscesa.[\/vc_column_text][vc_separator][vc_empty_space]<h2 class=\"box-header align-center\">Preporu\u010deni Video Snimci za Hidradenitis Suppurativa<\/h2>[vc_empty_space height=&#8221;23px&#8221;][\/vc_column][\/vc_row][vc_row][vc_column width=&#8221;1\/3&#8243;][vc_video link=&#8221;https:\/\/youtu.be\/F-85xRzDu44?si=FM_D49nj1mJnrONw&#8221;][\/vc_column][vc_column width=&#8221;1\/3&#8243;][vc_video link=&#8221;https:\/\/youtu.be\/HFfssbTyfy8&#8243;][\/vc_column][vc_column width=&#8221;1\/3&#8243;][vc_video link=&#8221;https:\/\/www.youtube.com\/watch?v=YKgCPOXAlMU&#038;t=8s&#8221;][\/vc_column][\/vc_row][vc_row][vc_column]\n<div class=\"wpcf7 no-js\" id=\"wpcf7-f5761-o1\" lang=\"en-US\" dir=\"ltr\" data-wpcf7-id=\"5761\">\n<div class=\"screen-reader-response\"><p role=\"status\" aria-live=\"polite\" aria-atomic=\"true\"><\/p> <ul><\/ul><\/div>\n<form action=\"\/rs\/wp-json\/wp\/v2\/pages\/7819#wpcf7-f5761-o1\" method=\"post\" class=\"wpcf7-form init\" aria-label=\"Contact form\" novalidate=\"novalidate\" data-status=\"init\">\n<fieldset class=\"hidden-fields-container\"><input type=\"hidden\" name=\"_wpcf7\" value=\"5761\" \/><input type=\"hidden\" name=\"_wpcf7_version\" value=\"6.1.5\" \/><input type=\"hidden\" name=\"_wpcf7_locale\" value=\"en_US\" \/><input type=\"hidden\" name=\"_wpcf7_unit_tag\" value=\"wpcf7-f5761-o1\" \/><input type=\"hidden\" name=\"_wpcf7_container_post\" value=\"0\" \/><input type=\"hidden\" name=\"_wpcf7_posted_data_hash\" value=\"\" \/><input type=\"hidden\" name=\"_wpcf7_recaptcha_response\" value=\"\" \/>\n<\/fieldset>\n<div class=\"uacf7-form-wrapper-container uacf7-form-5761  \"><div class=\"ey-forms\">\n  <span class=\"wpcf7-form-control-wrap\" data-name=\"text-312\"><input size=\"40\" maxlength=\"400\" class=\"wpcf7-form-control wpcf7-text wpcf7-validates-as-required\" aria-required=\"true\" aria-invalid=\"false\" placeholder=\"Ime i prezime\" value=\"\" type=\"text\" name=\"text-312\" \/><\/span>\n<\/div>\n\n<div class=\"ey-forms\">\n  <span class=\"wpcf7-form-control-wrap\" data-name=\"tel-756\"><input size=\"40\" maxlength=\"400\" class=\"wpcf7-form-control wpcf7-tel wpcf7-validates-as-required wpcf7-text wpcf7-validates-as-tel\" aria-required=\"true\" aria-invalid=\"false\" placeholder=\"Va\u0161 broj telefona\" value=\"\" type=\"tel\" name=\"tel-756\" \/><\/span>\n<\/div>\n\n<div class=\"ey-forms ey-forms-he\">\n  <span class=\"wpcf7-form-control-wrap\" data-name=\"text-751\"><input size=\"40\" maxlength=\"400\" class=\"wpcf7-form-control wpcf7-text\" aria-invalid=\"false\" placeholder=\"Poruka\" value=\"\" type=\"text\" name=\"text-751\" \/><\/span>\n<\/div>\n\n<div class=\"button-ey\">\n  <input class=\"wpcf7-form-control wpcf7-submit has-spinner\" type=\"submit\" value=\"Po\u0161alji\" \/>\n<\/div>\n\n<style>\ninput{\n  width: 100%!important;\n  border: none;\n  padding: 16px;\n  border-bottom: 2px solid #3574ac;\n  box-sizing: border-box;\n}\n\n.button-ey input{\n  background-color: #1c4b75!important;\n  color: #fff;\n  font-size: 16px;\n  font-weight: 900;\n  margin-top: 20px;\n  border: none;\n  cursor: pointer;\n}\n\n.ey-forms{\n  margin-bottom: 15px;\n}\n\n.ey-forms-he input{\n  height: 80px!important;\n}\n\n<\/style><\/div><input type='hidden' class='wpcf7-pum' value='{\"closepopup\":false,\"closedelay\":0,\"openpopup\":false,\"openpopup_id\":0}' \/><div class=\"wpcf7-response-output\" aria-hidden=\"true\"><\/div>\n<\/form>\n<\/div>\n[vc_empty_space][vc_separator][vc_empty_space]<h2 class=\"box-header black align-center large\">\u041d\u0410\u0428\u0418 \u041f\u0410\u0420\u0422\u041d\u0415\u0420\u0418<\/h2>[\/vc_column][\/vc_row][vc_row][vc_column][vc_images_carousel images=&#8221;7834,7835,7836,7837&#8243; img_size=&#8221;full&#8221; speed=&#8221;3000&#8243; slides_per_view=&#8221;4&#8243;][\/vc_column][\/vc_row]<\/p>\n","protected":false},"excerpt":{"rendered":"<p>[vc_row][vc_column width=&#8221;1\/2&#8243;][vc_raw_html]JTNDaWZyYW1lJTIwY2xhc3MlM0QlMjJib3JkZXItc2hhZG93cyUyMiUyMHdpZHRoJTNEJTIyMTAwJTI1JTIyJTIwaGVpZ2h0JTNEJTIyMzE1JTIyJTIwc3JjJTNEJTIyaHR0cHMlM0ElMkYlMkZ3d3cueW91dHViZS5jb20lMkZlbWJlZCUyRkV6TldiNmpnRXVZJTNGc2klM0R1MXZ2MG9iN3pjdm8zRDY0JTIyJTIwdGl0bGUlM0QlMjJZb3VUdWJlJTIwdmlkZW8lMjBwbGF5ZXIlMjIlMjBmcmFtZWJvcmRlciUzRCUyMjAlMjIlMjBhbGxvdyUzRCUyMmFjY2VsZXJvbWV0ZXIlM0IlMjBhdXRvcGxheSUzQiUyMGNsaXBib2FyZC13cml0ZSUzQiUyMGVuY3J5cHRlZC1tZWRpYSUzQiUyMGd5cm9zY29wZSUzQiUyMHBpY3R1cmUtaW4tcGljdHVyZSUzQiUyMHdlYi1zaGFyZSUyMiUyMGFsbG93ZnVsbHNjcmVlbiUzRSUzQyUyRmlmcmFtZSUzRQ==[\/vc_raw_html][vc_empty_space height=&#8221;25px&#8221;][\/vc_column][vc_column width=&#8221;1\/2&#8243;][vc_raw_html]JTNDaWZyYW1lJTIwY2xhc3MlM0QlMjJib3JkZXItc2hhZG93cyUyMiUyMHdpZHRoJTNEJTIyMTAwJTI1JTIyJTIwaGVpZ2h0JTNEJTIyMzE1JTIyJTIwc3JjJTNEJTIyaHR0cHMlM0ElMkYlMkZ3d3cueW91dHViZS5jb20lMkZlbWJlZCUyRjVPU0diRnJNblpFJTNGc2klM0RpdDFhZEpxRlBLRWJPM09jJTIyJTIwdGl0bGUlM0QlMjJZb3VUdWJlJTIwdmlkZW8lMjBwbGF5ZXIlMjIlMjBmcmFtZWJvcmRlciUzRCUyMjAlMjIlMjBhbGxvdyUzRCUyMmFjY2VsZXJvbWV0ZXIlM0IlMjBhdXRvcGxheSUzQiUyMGNsaXBib2FyZC13cml0ZSUzQiUyMGVuY3J5cHRlZC1tZWRpYSUzQiUyMGd5cm9zY29wZSUzQiUyMHBpY3R1cmUtaW4tcGljdHVyZSUzQiUyMHdlYi1zaGFyZSUyMiUyMGFsbG93ZnVsbHNjcmVlbiUzRSUzQyUyRmlmcmFtZSUzRQ==[\/vc_raw_html][vc_empty_space height=&#8221;25px&#8221;][\/vc_column][\/vc_row][vc_row][vc_column][vc_empty_space][vc_separator][vc_empty_space][\/vc_column][\/vc_row][vc_row][vc_column][vc_empty_space height=&#8221;25px&#8221;][\/vc_column][\/vc_row][vc_row][vc_column][vc_raw_html]JTNDc3Ryb25nJTNFR25vam5pJTIwSGlkcmFkZW5pdGlzJTNDJTJGc3Ryb25nJTNFJTIwamUlMjBocm9uaSVDNCU4RG5hJTIwa28lQzUlQkVuYSUyMGJvbGVzdCUyMGtvamElMjBtbyVDNSVCRWUlMjB0cmFqYXRpJTIwZG8lQzUlQkVpdm90bm8lMjBha28lMjBzZSUyMG5lJTIwbGUlQzQlOERpLiUyMCUzQ2JyJTNFJTBBJTBBJTBBJTNDc3Ryb25nJTNFR25vam5pJTIwSGlkcmFkZW5pdGlzJTNDJTJGc3Ryb25nJTNFJTIwc2UlMjBwcmltZWMlQ0MlODF1amUlMjB1JTIwbmFib3JpbWElMjBrbyVDNSVCRWUlMjB1JTIwcGF6dWh1JTJDJTIwcHJlcG9uYW1hJTJDJTIwaXNwb2QlMjBncnVkaSUyQyUyMG9rbyUyMGFudXNhJTJDJTIwemFkbmppY2klMjBpJTIwZ2VuaXRhbG5pbSUyMG9yZ2FuaW1hJTJDJTIwcG9zZWJubyUyMHUlMjBwb2RydSVDNCU4RGppbWElMjBzYSUyMHByZWtvbWVybmltJTIwem5vamVtJTIwaSUyMGxvam5pbSUyMCVDNSVCRWxlemRhbWEu[\/vc_raw_html][\/vc_column][\/vc_row][vc_row][vc_column width=&#8221;1\/2&#8243;][vc_single_image image=&#8221;6666&#8243; img_size=&#8221;full&#8221; style=&#8221;vc_box_border_circle&#8221;][\/vc_column][vc_column width=&#8221;1\/2&#8243;][vc_column_text]Hidradenitis Suppurativa Laserski Tretman Precizno cilja tkiva hidradenitisa, nudec\u0301i efikasno re\u0161enje bez potrebe za hirur\u0161kom intervencijom. Tokom tretmana, podru\u010dja sa neprijatnim mirisom i upaljenim podru\u010djima se pa\u017eljivo obele\u017eavaju, a pacijent se opu\u0161ta lokalnom anestezijom. Laserska terapija trajno uklanja \u017eari\u0161ta hidradenitisa i ubrzava proces zarastanja jer<\/p>\n","protected":false},"author":2,"featured_media":0,"parent":0,"menu_order":0,"comment_status":"closed","ping_status":"closed","template":"","meta":{"footnotes":""},"class_list":["post-7819","page","type-page","status-publish","hentry"],"aioseo_notices":[],"_links":{"self":[{"href":"https:\/\/avrupacerrahi.net\/rs\/wp-json\/wp\/v2\/pages\/7819","targetHints":{"allow":["GET"]}}],"collection":[{"href":"https:\/\/avrupacerrahi.net\/rs\/wp-json\/wp\/v2\/pages"}],"about":[{"href":"https:\/\/avrupacerrahi.net\/rs\/wp-json\/wp\/v2\/types\/page"}],"author":[{"embeddable":true,"href":"https:\/\/avrupacerrahi.net\/rs\/wp-json\/wp\/v2\/users\/2"}],"replies":[{"embeddable":true,"href":"https:\/\/avrupacerrahi.net\/rs\/wp-json\/wp\/v2\/comments?post=7819"}],"version-history":[{"count":3,"href":"https:\/\/avrupacerrahi.net\/rs\/wp-json\/wp\/v2\/pages\/7819\/revisions"}],"predecessor-version":[{"id":7838,"href":"https:\/\/avrupacerrahi.net\/rs\/wp-json\/wp\/v2\/pages\/7819\/revisions\/7838"}],"wp:attachment":[{"href":"https:\/\/avrupacerrahi.net\/rs\/wp-json\/wp\/v2\/media?parent=7819"}],"curies":[{"name":"wp","href":"https:\/\/api.w.org\/{rel}","templated":true}]}}